{"id":12626,"date":"2021-05-17T09:46:30","date_gmt":"2021-05-17T09:46:30","guid":{"rendered":"https:\/\/maqtool.pt\/produto\/xxx-container-flippers\/"},"modified":"2021-12-13T17:28:50","modified_gmt":"2021-12-13T17:28:50","slug":"xxx-container-flippers","status":"publish","type":"product","link":"https:\/\/maqtool.pt\/en\/produto\/xxx-container-flippers\/","title":{"rendered":"Container Flippers"},"content":{"rendered":"<p>Automated discharging system for plastic and metallic containers till a maximum capacity of 1100 L.<br \/>\nSystem with general cutting operated system, emergency stop, on\/off, up and down knob.<br \/>\nOptional: Metallic wings arms (Oschner System).<br \/>\nAdaptors for several models.<br \/>\nRounded lid opening system.<br \/>\nBoth sides operation control.<br \/>\nOil cooling system for ongoing work.<\/p>\n<p><strong>Operating space<\/strong><\/p>\n<p><strong>LxWxH<\/strong> &#8211; 1750x2100x3350 mm<\/p>\n<p>Height of side pivot arms, DIN system &#8211; 1050 mm (variation 70 mm)<br \/>\nHeight of the front lifting system &#8211; 880 mm (variation of 90 mm)<br \/>\nCycle time (approximate) &#8211; 22 seconds<br \/>\nMotorization (electric motor) &#8211; 3.0 Kw<br \/>\nDischarge system &#8211; Hydraulic central + double effect cylinder<br \/>\nElectric supply &#8211; 400V, 50 Hz &#8211; Three-phase plug CEE 16A, 5 pins<br \/>\nCE marking &#8211; According to directive 2006\/42\/CE (Machinery Directive)<\/p>\n<p>Permitted container types<br \/>\nPolyethylene containers with 2 wheels from 60 to 360 L &#8211; Frontlift<br \/>\nPolyethylene four-wheeled containers from 400 to 500 L &#8211; Front elevation<br \/>\nPolyethylene four-wheeled wheeled bin from 600 to 1100 L &#8211; Side pivots<\/p>\n","protected":false},"excerpt":{"rendered":"<p>Automated discharging system for plastic and metallic containers till a maximum capacity of 1100 L.<br \/>\nSystem with general cutting operated system, emergency stop, on\/off, up and down knob.<br \/>\nOptional: Metallic wings arms (Oschner System).<br \/>\nAdaptors for several models.<br \/>\nRounded lid opening system.<br \/>\nBoth sides operation control.<br \/>\nOil cooling system for ongoing work.<\/p>\n<p><em><strong>Espa\u00e7o para funcionamento<\/strong><\/em><\/p>\n<p><strong>CxLxA <\/strong>&#8211; 1750x2100x3350 mm<\/p>\n<p><strong>Altura bra\u00e7os pivots laterais, sistema DIN<\/strong> &#8211; 1050 mm (vari\u00e7\u00e3o de 70 mm)<br \/>\n<strong>Altura sistema de eleva\u00e7\u00e3o frontal <\/strong>&#8211; 880 mm (varia\u00e7\u00e3o de 90 mm)<br \/>\n<strong>Tempo de ciclo (aproximado) <\/strong>&#8211; 22 segundos<br \/>\n<strong>Motoriza\u00e7\u00e3o (motor el\u00e9trico) <\/strong>&#8211; 3,0 Kw<br \/>\n<strong>Sistema de descarga<\/strong> &#8211; Central hidr \u00e1ulica + cilindro de duplo efeito<br \/>\n<strong>Alimenta\u00e7\u00e3o el\u00e9trica <\/strong>&#8211; 400V, 50 Hz &#8211; Ficha trif \u00e1sica CEE 16A, 5 pinos<br \/>\n<strong>Marca\u00e7\u00e3o CE <\/strong>&#8211; Conforme diretiva 2006\/42\/CE (Diretiva de m \u00e1quinas)<\/p>\n<p>Tipos de contentores admitidos<br \/>\n<strong>Contentores de polietileno c\/2 rodas de 60 a 360 L<\/strong> &#8211; Eleva\u00e7\u00e3o frontal<br \/>\n<strong>Contentores de polietileno c\/4 rodas de 400 a 500 L<\/strong> &#8211; Eleva\u00e7\u00e3o frontal<br \/>\n<strong>Contentores de polietileno c\/4 rodas de 600 a 1100 L <\/strong>&#8211; Pivots Laterais<\/p>\n","protected":false},"featured_media":22684,"template":"","meta":{"_eb_attr":"","_uag_custom_page_level_css":"","site-sidebar-layout":"default","site-content-layout":"default","ast-site-content-layout":"default","site-content-style":"default","site-sidebar-style":"default","ast-global-header-display":"","ast-banner-title-visibility":"","ast-main-header-display":"","ast-hfb-above-header-display":"","ast-hfb-below-header-display":"","ast-hfb-mobile-header-display":"","site-post-title":"","ast-breadcrumbs-content":"","ast-featured-img":"","footer-sml-layout":"","ast-disable-related-posts":"","theme-transparent-header-meta":"default","adv-header-id-meta":"","stick-header-meta":"default","header-above-stick-meta":"","header-main-stick-meta":"","header-below-stick-meta":"","astra-migrate-meta-layouts":"default","ast-page-background-enabled":"default","ast-page-background-meta":{"desktop":{"background-color":"","background-image":"","background-repeat":"repeat","background-position":"center center","background-size":"auto","background-attachment":"scroll","background-type":"","background-media":"","overlay-type":"","overlay-color":"","overlay-opacity":"","overlay-gradient":""},"tablet":{"background-color":"","background-image":"","background-repeat":"repeat","background-position":"center center","background-size":"auto","background-attachment":"scroll","background-type":"","background-media":"","overlay-type":"","overlay-color":"","overlay-opacity":"","overlay-gradient":""},"mobile":{"background-color":"","background-image":"","background-repeat":"repeat","background-position":"center center","background-size":"auto","background-attachment":"scroll","background-type":"","background-media":"","overlay-type":"","overlay-color":"","overlay-opacity":"","overlay-gradient":""}},"ast-content-background-meta":{"desktop":{"background-color":"var(--ast-global-color-5)","background-image":"","background-repeat":"repeat","background-position":"center center","background-size":"auto","background-attachment":"scroll","background-type":"","background-media":"","overlay-type":"","overlay-color":"","overlay-opacity":"","overlay-gradient":""},"tablet":{"background-color":"var(--ast-global-color-5)","background-image":"","background-repeat":"repeat","background-position":"center center","background-size":"auto","background-attachment":"scroll","background-type":"","background-media":"","overlay-type":"","overlay-color":"","overlay-opacity":"","overlay-gradient":""},"mobile":{"background-color":"var(--ast-global-color-5)","background-image":"","background-repeat":"repeat","background-position":"center center","background-size":"auto","background-attachment":"scroll","background-type":"","background-media":"","overlay-type":"","overlay-color":"","overlay-opacity":"","overlay-gradient":""}}},"product_brand":[],"product_cat":[6432,6452],"product_tag":[],"class_list":{"0":"post-12626","1":"product","2":"type-product","3":"status-publish","4":"has-post-thumbnail","6":"product_cat-environment","7":"product_cat-solid-waste-management-containers","8":"pa_altura-de-descarga-1470-mm-en","9":"pa_angulo-de-rotacao-130-graus-en","10":"pa_cxlxa-1750x1560x1925-mm-en","11":"pa_forca-de-elevacao-700-kg-en","12":"desktop-align-center","13":"tablet-align-center","14":"mobile-align-center","15":"ast-product-gallery-layout-horizontal","16":"ast-product-gallery-with-no-image","17":"ast-product-tabs-layout-horizontal","19":"first","20":"onbackorder","21":"taxable","22":"shipping-taxable","23":"product-type-simple"},"acf":[],"yoast_head":"<!-- This site is optimized with the Yoast SEO plugin v27.3 - https:\/\/yoast.com\/product\/yoast-seo-wordpress\/ -->\n<title>Container Flippers - MAQTOOL<\/title>\n<meta name=\"robots\" content=\"index, follow, max-snippet:-1, max-image-preview:large, max-video-preview:-1\" \/>\n<link rel=\"canonical\" href=\"https:\/\/maqtool.pt\/en\/produto\/xxx-container-flippers\/\" \/>\n<meta property=\"og:locale\" content=\"en_US\" \/>\n<meta property=\"og:type\" content=\"article\" \/>\n<meta property=\"og:title\" content=\"Container Flippers - MAQTOOL\" \/>\n<meta property=\"og:description\" content=\"Automated discharging system for plastic and metallic containers till a maximum capacity of 1100 L. System with general cutting operated system, emergency stop, on\/off, up and down knob. Optional: Metallic wings arms (Oschner System). Adaptors for several models. Rounded lid opening system. Both sides operation control. Oil cooling system for ongoing work.  Espa\u00e7o para funcionamento  CxLxA - 1750x2100x3350 mm  Altura bra\u00e7os pivots laterais, sistema DIN - 1050 mm (vari\u00e7\u00e3o de 70 mm) Altura sistema de eleva\u00e7\u00e3o frontal - 880 mm (varia\u00e7\u00e3o de 90 mm) Tempo de ciclo (aproximado) - 22 segundos Motoriza\u00e7\u00e3o (motor el\u00e9trico) - 3,0 Kw Sistema de descarga - Central hidr \u00e1ulica + cilindro de duplo efeito Alimenta\u00e7\u00e3o el\u00e9trica - 400V, 50 Hz - Ficha trif \u00e1sica CEE 16A, 5 pinos Marca\u00e7\u00e3o CE - Conforme diretiva 2006\/42\/CE (Diretiva de m \u00e1quinas)  Tipos de contentores admitidos Contentores de polietileno c\/2 rodas de 60 a 360 L - Eleva\u00e7\u00e3o frontal Contentores de polietileno c\/4 rodas de 400 a 500 L - Eleva\u00e7\u00e3o frontal Contentores de polietileno c\/4 rodas de 600 a 1100 L - Pivots Laterais\" \/>\n<meta property=\"og:url\" content=\"https:\/\/maqtool.pt\/en\/produto\/xxx-container-flippers\/\" \/>\n<meta property=\"og:site_name\" content=\"MAQTOOL\" \/>\n<meta property=\"article:publisher\" content=\"https:\/\/www.facebook.com\/cobermaster\" \/>\n<meta property=\"article:modified_time\" content=\"2021-12-13T17:28:50+00:00\" \/>\n<meta property=\"og:image\" content=\"https:\/\/maqtool.pt\/wp-content\/uploads\/2021\/05\/COB2056-Volteador-de-Contentores.jpg\" \/>\n\t<meta property=\"og:image:width\" content=\"800\" \/>\n\t<meta property=\"og:image:height\" content=\"800\" \/>\n\t<meta property=\"og:image:type\" content=\"image\/jpeg\" \/>\n<meta name=\"twitter:card\" content=\"summary_large_image\" \/>\n<meta name=\"twitter:label1\" content=\"Est. reading time\" \/>\n\t<meta name=\"twitter:data1\" content=\"1 minute\" \/>\n<script type=\"application\/ld+json\" class=\"yoast-schema-graph\">{\"@context\":\"https:\\\/\\\/schema.org\",\"@graph\":[{\"@type\":\"WebPage\",\"@id\":\"https:\\\/\\\/maqtool.pt\\\/en\\\/produto\\\/xxx-container-flippers\\\/\",\"url\":\"https:\\\/\\\/maqtool.pt\\\/en\\\/produto\\\/xxx-container-flippers\\\/\",\"name\":\"Container Flippers - MAQTOOL\",\"isPartOf\":{\"@id\":\"https:\\\/\\\/maqtool.pt\\\/#website\"},\"primaryImageOfPage\":{\"@id\":\"https:\\\/\\\/maqtool.pt\\\/en\\\/produto\\\/xxx-container-flippers\\\/#primaryimage\"},\"image\":{\"@id\":\"https:\\\/\\\/maqtool.pt\\\/en\\\/produto\\\/xxx-container-flippers\\\/#primaryimage\"},\"thumbnailUrl\":\"https:\\\/\\\/maqtool.pt\\\/wp-content\\\/uploads\\\/2021\\\/05\\\/COB2056-Volteador-de-Contentores.jpg\",\"datePublished\":\"2021-05-17T09:46:30+00:00\",\"dateModified\":\"2021-12-13T17:28:50+00:00\",\"breadcrumb\":{\"@id\":\"https:\\\/\\\/maqtool.pt\\\/en\\\/produto\\\/xxx-container-flippers\\\/#breadcrumb\"},\"inLanguage\":\"en-US\",\"potentialAction\":[{\"@type\":\"ReadAction\",\"target\":[\"https:\\\/\\\/maqtool.pt\\\/en\\\/produto\\\/xxx-container-flippers\\\/\"]}]},{\"@type\":\"ImageObject\",\"inLanguage\":\"en-US\",\"@id\":\"https:\\\/\\\/maqtool.pt\\\/en\\\/produto\\\/xxx-container-flippers\\\/#primaryimage\",\"url\":\"https:\\\/\\\/maqtool.pt\\\/wp-content\\\/uploads\\\/2021\\\/05\\\/COB2056-Volteador-de-Contentores.jpg\",\"contentUrl\":\"https:\\\/\\\/maqtool.pt\\\/wp-content\\\/uploads\\\/2021\\\/05\\\/COB2056-Volteador-de-Contentores.jpg\",\"width\":800,\"height\":800},{\"@type\":\"BreadcrumbList\",\"@id\":\"https:\\\/\\\/maqtool.pt\\\/en\\\/produto\\\/xxx-container-flippers\\\/#breadcrumb\",\"itemListElement\":[{\"@type\":\"ListItem\",\"position\":1,\"name\":\"In\u00edcio\",\"item\":\"https:\\\/\\\/maqtool.pt\\\/en\\\/home\\\/\"},{\"@type\":\"ListItem\",\"position\":2,\"name\":\"Produtos\",\"item\":\"https:\\\/\\\/maqtool.pt\\\/produtos\\\/\"},{\"@type\":\"ListItem\",\"position\":3,\"name\":\"Container Flippers\"}]},{\"@type\":\"WebSite\",\"@id\":\"https:\\\/\\\/maqtool.pt\\\/#website\",\"url\":\"https:\\\/\\\/maqtool.pt\\\/\",\"name\":\"Cobermaster Industry\",\"description\":\"\",\"publisher\":{\"@id\":\"https:\\\/\\\/maqtool.pt\\\/#organization\"},\"potentialAction\":[{\"@type\":\"SearchAction\",\"target\":{\"@type\":\"EntryPoint\",\"urlTemplate\":\"https:\\\/\\\/maqtool.pt\\\/?s={search_term_string}\"},\"query-input\":{\"@type\":\"PropertyValueSpecification\",\"valueRequired\":true,\"valueName\":\"search_term_string\"}}],\"inLanguage\":\"en-US\"},{\"@type\":\"Organization\",\"@id\":\"https:\\\/\\\/maqtool.pt\\\/#organization\",\"name\":\"MAQTOOL\",\"url\":\"https:\\\/\\\/maqtool.pt\\\/\",\"logo\":{\"@type\":\"ImageObject\",\"inLanguage\":\"en-US\",\"@id\":\"https:\\\/\\\/maqtool.pt\\\/#\\\/schema\\\/logo\\\/image\\\/\",\"url\":\"https:\\\/\\\/maqtool.pt\\\/wp-content\\\/uploads\\\/2022\\\/09\\\/MAQTOOL-LOGO.jpg\",\"contentUrl\":\"https:\\\/\\\/maqtool.pt\\\/wp-content\\\/uploads\\\/2022\\\/09\\\/MAQTOOL-LOGO.jpg\",\"width\":762,\"height\":228,\"caption\":\"MAQTOOL\"},\"image\":{\"@id\":\"https:\\\/\\\/maqtool.pt\\\/#\\\/schema\\\/logo\\\/image\\\/\"},\"sameAs\":[\"https:\\\/\\\/www.facebook.com\\\/cobermaster\"]}]}<\/script>\n<!-- \/ Yoast SEO plugin. -->","yoast_head_json":{"title":"Container Flippers - MAQTOOL","robots":{"index":"index","follow":"follow","max-snippet":"max-snippet:-1","max-image-preview":"max-image-preview:large","max-video-preview":"max-video-preview:-1"},"canonical":"https:\/\/maqtool.pt\/en\/produto\/xxx-container-flippers\/","og_locale":"en_US","og_type":"article","og_title":"Container Flippers - MAQTOOL","og_description":"Automated discharging system for plastic and metallic containers till a maximum capacity of 1100 L. System with general cutting operated system, emergency stop, on\/off, up and down knob. Optional: Metallic wings arms (Oschner System). Adaptors for several models. Rounded lid opening system. Both sides operation control. Oil cooling system for ongoing work.  Espa\u00e7o para funcionamento  CxLxA - 1750x2100x3350 mm  Altura bra\u00e7os pivots laterais, sistema DIN - 1050 mm (vari\u00e7\u00e3o de 70 mm) Altura sistema de eleva\u00e7\u00e3o frontal - 880 mm (varia\u00e7\u00e3o de 90 mm) Tempo de ciclo (aproximado) - 22 segundos Motoriza\u00e7\u00e3o (motor el\u00e9trico) - 3,0 Kw Sistema de descarga - Central hidr \u00e1ulica + cilindro de duplo efeito Alimenta\u00e7\u00e3o el\u00e9trica - 400V, 50 Hz - Ficha trif \u00e1sica CEE 16A, 5 pinos Marca\u00e7\u00e3o CE - Conforme diretiva 2006\/42\/CE (Diretiva de m \u00e1quinas)  Tipos de contentores admitidos Contentores de polietileno c\/2 rodas de 60 a 360 L - Eleva\u00e7\u00e3o frontal Contentores de polietileno c\/4 rodas de 400 a 500 L - Eleva\u00e7\u00e3o frontal Contentores de polietileno c\/4 rodas de 600 a 1100 L - Pivots Laterais","og_url":"https:\/\/maqtool.pt\/en\/produto\/xxx-container-flippers\/","og_site_name":"MAQTOOL","article_publisher":"https:\/\/www.facebook.com\/cobermaster","article_modified_time":"2021-12-13T17:28:50+00:00","og_image":[{"width":800,"height":800,"url":"https:\/\/maqtool.pt\/wp-content\/uploads\/2021\/05\/COB2056-Volteador-de-Contentores.jpg","type":"image\/jpeg"}],"twitter_card":"summary_large_image","twitter_misc":{"Est. reading time":"1 minute"},"schema":{"@context":"https:\/\/schema.org","@graph":[{"@type":"WebPage","@id":"https:\/\/maqtool.pt\/en\/produto\/xxx-container-flippers\/","url":"https:\/\/maqtool.pt\/en\/produto\/xxx-container-flippers\/","name":"Container Flippers - MAQTOOL","isPartOf":{"@id":"https:\/\/maqtool.pt\/#website"},"primaryImageOfPage":{"@id":"https:\/\/maqtool.pt\/en\/produto\/xxx-container-flippers\/#primaryimage"},"image":{"@id":"https:\/\/maqtool.pt\/en\/produto\/xxx-container-flippers\/#primaryimage"},"thumbnailUrl":"https:\/\/maqtool.pt\/wp-content\/uploads\/2021\/05\/COB2056-Volteador-de-Contentores.jpg","datePublished":"2021-05-17T09:46:30+00:00","dateModified":"2021-12-13T17:28:50+00:00","breadcrumb":{"@id":"https:\/\/maqtool.pt\/en\/produto\/xxx-container-flippers\/#breadcrumb"},"inLanguage":"en-US","potentialAction":[{"@type":"ReadAction","target":["https:\/\/maqtool.pt\/en\/produto\/xxx-container-flippers\/"]}]},{"@type":"ImageObject","inLanguage":"en-US","@id":"https:\/\/maqtool.pt\/en\/produto\/xxx-container-flippers\/#primaryimage","url":"https:\/\/maqtool.pt\/wp-content\/uploads\/2021\/05\/COB2056-Volteador-de-Contentores.jpg","contentUrl":"https:\/\/maqtool.pt\/wp-content\/uploads\/2021\/05\/COB2056-Volteador-de-Contentores.jpg","width":800,"height":800},{"@type":"BreadcrumbList","@id":"https:\/\/maqtool.pt\/en\/produto\/xxx-container-flippers\/#breadcrumb","itemListElement":[{"@type":"ListItem","position":1,"name":"In\u00edcio","item":"https:\/\/maqtool.pt\/en\/home\/"},{"@type":"ListItem","position":2,"name":"Produtos","item":"https:\/\/maqtool.pt\/produtos\/"},{"@type":"ListItem","position":3,"name":"Container Flippers"}]},{"@type":"WebSite","@id":"https:\/\/maqtool.pt\/#website","url":"https:\/\/maqtool.pt\/","name":"Cobermaster Industry","description":"","publisher":{"@id":"https:\/\/maqtool.pt\/#organization"},"potentialAction":[{"@type":"SearchAction","target":{"@type":"EntryPoint","urlTemplate":"https:\/\/maqtool.pt\/?s={search_term_string}"},"query-input":{"@type":"PropertyValueSpecification","valueRequired":true,"valueName":"search_term_string"}}],"inLanguage":"en-US"},{"@type":"Organization","@id":"https:\/\/maqtool.pt\/#organization","name":"MAQTOOL","url":"https:\/\/maqtool.pt\/","logo":{"@type":"ImageObject","inLanguage":"en-US","@id":"https:\/\/maqtool.pt\/#\/schema\/logo\/image\/","url":"https:\/\/maqtool.pt\/wp-content\/uploads\/2022\/09\/MAQTOOL-LOGO.jpg","contentUrl":"https:\/\/maqtool.pt\/wp-content\/uploads\/2022\/09\/MAQTOOL-LOGO.jpg","width":762,"height":228,"caption":"MAQTOOL"},"image":{"@id":"https:\/\/maqtool.pt\/#\/schema\/logo\/image\/"},"sameAs":["https:\/\/www.facebook.com\/cobermaster"]}]}},"uagb_featured_image_src":{"full":["https:\/\/maqtool.pt\/wp-content\/uploads\/2021\/05\/COB2056-Volteador-de-Contentores.jpg",800,800,false],"thumbnail":["https:\/\/maqtool.pt\/wp-content\/uploads\/2021\/05\/COB2056-Volteador-de-Contentores-150x150.jpg",150,150,true],"medium":["https:\/\/maqtool.pt\/wp-content\/uploads\/2021\/05\/COB2056-Volteador-de-Contentores-300x300.jpg",300,300,true],"medium_large":["https:\/\/maqtool.pt\/wp-content\/uploads\/2021\/05\/COB2056-Volteador-de-Contentores-768x768.jpg",768,768,true],"large":["https:\/\/maqtool.pt\/wp-content\/uploads\/2021\/05\/COB2056-Volteador-de-Contentores.jpg",800,800,false],"1536x1536":["https:\/\/maqtool.pt\/wp-content\/uploads\/2021\/05\/COB2056-Volteador-de-Contentores.jpg",800,800,false],"2048x2048":["https:\/\/maqtool.pt\/wp-content\/uploads\/2021\/05\/COB2056-Volteador-de-Contentores.jpg",800,800,false],"woocommerce_thumbnail":["https:\/\/maqtool.pt\/wp-content\/uploads\/2021\/05\/COB2056-Volteador-de-Contentores-400x400.jpg",400,400,true],"woocommerce_single":["https:\/\/maqtool.pt\/wp-content\/uploads\/2021\/05\/COB2056-Volteador-de-Contentores-600x600.jpg",600,600,true],"woocommerce_gallery_thumbnail":["https:\/\/maqtool.pt\/wp-content\/uploads\/2021\/05\/COB2056-Volteador-de-Contentores-100x100.jpg",100,100,true]},"uagb_author_info":{"display_name":"pedrocandeias","author_link":"https:\/\/maqtool.pt\/en\/author\/"},"uagb_comment_info":0,"uagb_excerpt":"Automated discharging system for plastic and metallic containers till a maximum capacity of 1100 L. System with general cutting operated system, emergency stop, on\/off, up and down knob. Optional: Metallic wings arms (Oschner System). Adaptors for several models. Rounded lid opening system. Both sides operation control. Oil cooling system for ongoing work. Espa\u00e7o para funcionamento&hellip;","_links":{"self":[{"href":"https:\/\/maqtool.pt\/en\/wp-json\/wp\/v2\/product\/12626","targetHints":{"allow":["GET"]}}],"collection":[{"href":"https:\/\/maqtool.pt\/en\/wp-json\/wp\/v2\/product"}],"about":[{"href":"https:\/\/maqtool.pt\/en\/wp-json\/wp\/v2\/types\/product"}],"wp:featuredmedia":[{"embeddable":true,"href":"https:\/\/maqtool.pt\/en\/wp-json\/wp\/v2\/media\/22684"}],"wp:attachment":[{"href":"https:\/\/maqtool.pt\/en\/wp-json\/wp\/v2\/media?parent=12626"}],"wp:term":[{"taxonomy":"product_brand","embeddable":true,"href":"https:\/\/maqtool.pt\/en\/wp-json\/wp\/v2\/product_brand?post=12626"},{"taxonomy":"product_cat","embeddable":true,"href":"https:\/\/maqtool.pt\/en\/wp-json\/wp\/v2\/product_cat?post=12626"},{"taxonomy":"product_tag","embeddable":true,"href":"https:\/\/maqtool.pt\/en\/wp-json\/wp\/v2\/product_tag?post=12626"}],"curies":[{"name":"wp","href":"https:\/\/api.w.org\/{rel}","templated":true}]}}