{"id":15461,"date":"2021-04-25T06:54:23","date_gmt":"2021-04-25T06:54:23","guid":{"rendered":"https:\/\/maqtool.pt\/politica-de-cookies\/"},"modified":"2022-10-07T15:09:34","modified_gmt":"2022-10-07T15:09:34","slug":"politica-de-cookies","status":"publish","type":"page","link":"https:\/\/maqtool.pt\/es\/politica-de-cookies\/","title":{"rendered":"Pol\u00edtica de cookies"},"content":{"rendered":"\n<p>Este sitio web utiliza cookies propias y de terceros para brindarle una mejor experiencia. Al navegar o utilizar nuestros servicios, el usuario est\u00e1 aceptando nuestro uso de cookies. No obstante, el usuario tiene la opci\u00f3n de impedir la creaci\u00f3n de cookies e incluso de eliminarlas mediante la correcta configuraci\u00f3n de su navegador. En caso de bloquear el uso de cookies en su navegador, es posible que algunos servicios o caracter\u00edsticas del sitio web dejen de funcionar o ya no est\u00e9n disponibles<\/p>\n\n<h3 class=\"wp-block-heading\">COOKIE &#8211; Qu\u00e9 es?<\/h3>\n\n<p>Las cookies son peque\u00f1os archivos que los sitios web env\u00edan a los navegadores de Internet (navegadores) y que se almacenan en el terminal del usuario, que puede ser un ordenador personal, un tel\u00e9fono m\u00f3vil, una Tablet, etc. Estos archivos permiten al sitio memorizar informaci\u00f3n sobre visitas anteriores, como el idioma, las preferencias de navegaci\u00f3n de sesiones anteriores, lo que permitir\u00e1 que su pr\u00f3xima visita sea m\u00e1s r\u00e1pida y eficiente, as\u00ed como la posibilidad de personalizar los contenidos que se le presenten. Las cookies juegan un papel muy importante ya que mejoran la experiencia de uso del sitio web.<\/p>\n\n<h3 class=\"wp-block-heading\">Qu\u00e9 tipo de cookies utiliza MAQTOOL?<\/h3>\n\n<p>\u2022 Cookies de sesi\u00f3n: son cookies temporales que solo permanecen en el archivo de cookies de su navegador hasta que cierra sesi\u00f3n o abandona el sitio web, por lo que ninguna queda registrada en el disco duro del usuario. La informaci\u00f3n obtenida a trav\u00e9s de estas cookies se utiliza para analizar el comportamiento del tr\u00e1fico en el sitio web. Esto nos permite optimizar el uso del sitio web, as\u00ed como ofrecer una mejor experiencia de navegaci\u00f3n mejorando el contenido presentado.<br\/>\u2022 Cookies permanentes: se almacenan en el disco duro y se utilizan cuando el usuario vuelve a visitar el sitio. Una cookie permanente tiene una fecha de vencimiento espec\u00edfica y dejar\u00e1 de funcionar despu\u00e9s de esa fecha.<br\/>\u2022 Cookies estrictamente necesarias, como las que se utilizan para una correcta navegaci\u00f3n, las que permiten a los usuarios realizar los servicios solicitados por el usuario, o las cookies que se utilizan para asegurar que el contenido del sitio web se cargue correctamente.<br\/>\u2022 Cookies de terceros como cookies utilizadas por redes sociales o complementos de contenido externo.<br\/>\u2022 Cookies anal\u00edticas: se utilizan para el mantenimiento peri\u00f3dico y con el objetivo de garantizar el mejor servicio posible al usuario. Estas cookies solo se utilizan con fines de creaci\u00f3n y an\u00e1lisis estad\u00edstico, nunca recolectando informaci\u00f3n personal.<\/p>\n\n<h3 class=\"wp-block-heading\">C\u00f3mo deshabilitar las cookies?<\/h3>\n\n<p>Puede configurar su navegador para aceptar o rechazar la instalaci\u00f3n de parte o todas nuestras cookies, o configurarlo para que se le notifique cuando el sitio web quiera instalar nuevas cookies. Cada navegador tiene instrucciones espec\u00edficas para configurar cookies. En los siguientes enlaces encontrar\u00e1 informaci\u00f3n sobre c\u00f3mo habilitar o deshabilitar las cookies en los navegadores m\u00e1s habituales:<\/p>\n\n<p>\u2022 <a href=\"https:\/\/support.google.com\/chrome\/bin\/answer.py?hl=es&amp;&amp;hlrm=en&amp;&amp;answer=95647\">Google Chrome<\/a><br\/>\u2022 <a href=\"https:\/\/support.mozilla.org\/es\/kb\/cookies-informacion-que-los-sitios-web-guardan-en-?s=cookies&amp;&amp;r=1&amp;&amp;as=s\">Mozilla Firefox<\/a><br\/>\u2022<a href=\"https:\/\/support.microsoft.com\/kb\/196955\">Internet Explorer<\/a><br\/>\u2022 <a href=\"https:\/\/support.apple.com\/kb\/PH5049\">Safari<\/a><\/p>\n","protected":false},"excerpt":{"rendered":"<p>Este sitio web utiliza cookies propias y de terceros para brindarle una mejor experiencia. Al navegar o utilizar nuestros servicios, el usuario est\u00e1 aceptando nuestro uso de cookies. No obstante, el usuario tiene la opci\u00f3n de impedir la creaci\u00f3n de cookies e incluso de eliminarlas mediante la correcta configuraci\u00f3n de su navegador. En caso de<\/p>\n","protected":false},"author":1,"featured_media":26223,"parent":0,"menu_order":0,"comment_status":"closed","ping_status":"closed","template":"","meta":{"_eb_attr":"","_uag_custom_page_level_css":"","site-sidebar-layout":"no-sidebar","site-content-layout":"","ast-site-content-layout":"default","site-content-style":"default","site-sidebar-style":"default","ast-global-header-display":"","ast-banner-title-visibility":"","ast-main-header-display":"","ast-hfb-above-header-display":"","ast-hfb-below-header-display":"","ast-hfb-mobile-header-display":"","site-post-title":"","ast-breadcrumbs-content":"","ast-featured-img":"","footer-sml-layout":"","ast-disable-related-posts":"","theme-transparent-header-meta":"disabled","adv-header-id-meta":"22094","stick-header-meta":"","header-above-stick-meta":"","header-main-stick-meta":"","header-below-stick-meta":"","astra-migrate-meta-layouts":"default","ast-page-background-enabled":"default","ast-page-background-meta":{"desktop":{"background-color":"","background-image":"","background-repeat":"repeat","background-position":"center center","background-size":"auto","background-attachment":"scroll","background-type":"","background-media":"","overlay-type":"","overlay-color":"","overlay-opacity":"","overlay-gradient":""},"tablet":{"background-color":"","background-image":"","background-repeat":"repeat","background-position":"center center","background-size":"auto","background-attachment":"scroll","background-type":"","background-media":"","overlay-type":"","overlay-color":"","overlay-opacity":"","overlay-gradient":""},"mobile":{"background-color":"","background-image":"","background-repeat":"repeat","background-position":"center center","background-size":"auto","background-attachment":"scroll","background-type":"","background-media":"","overlay-type":"","overlay-color":"","overlay-opacity":"","overlay-gradient":""}},"ast-content-background-meta":{"desktop":{"background-color":"var(--ast-global-color-5)","background-image":"","background-repeat":"repeat","background-position":"center center","background-size":"auto","background-attachment":"scroll","background-type":"","background-media":"","overlay-type":"","overlay-color":"","overlay-opacity":"","overlay-gradient":""},"tablet":{"background-color":"var(--ast-global-color-5)","background-image":"","background-repeat":"repeat","background-position":"center center","background-size":"auto","background-attachment":"scroll","background-type":"","background-media":"","overlay-type":"","overlay-color":"","overlay-opacity":"","overlay-gradient":""},"mobile":{"background-color":"var(--ast-global-color-5)","background-image":"","background-repeat":"repeat","background-position":"center center","background-size":"auto","background-attachment":"scroll","background-type":"","background-media":"","overlay-type":"","overlay-color":"","overlay-opacity":"","overlay-gradient":""}},"footnotes":""},"class_list":["post-15461","page","type-page","status-publish","has-post-thumbnail","hentry"],"acf":[],"yoast_head":"<!-- This site is optimized with the Yoast SEO plugin v27.2 - https:\/\/yoast.com\/product\/yoast-seo-wordpress\/ -->\n<title>Pol\u00edtica de cookies - MAQTOOL<\/title>\n<meta name=\"robots\" content=\"index, follow, max-snippet:-1, max-image-preview:large, max-video-preview:-1\" \/>\n<link rel=\"canonical\" href=\"https:\/\/maqtool.pt\/es\/politica-de-cookies\/\" \/>\n<meta property=\"og:locale\" content=\"es_ES\" \/>\n<meta property=\"og:type\" content=\"article\" \/>\n<meta property=\"og:title\" content=\"Pol\u00edtica de cookies - MAQTOOL\" \/>\n<meta property=\"og:description\" content=\"Este sitio web utiliza cookies propias y de terceros para brindarle una mejor experiencia. Al navegar o utilizar nuestros servicios, el usuario est\u00e1 aceptando nuestro uso de cookies. No obstante, el usuario tiene la opci\u00f3n de impedir la creaci\u00f3n de cookies e incluso de eliminarlas mediante la correcta configuraci\u00f3n de su navegador. En caso de\" \/>\n<meta property=\"og:url\" content=\"https:\/\/maqtool.pt\/es\/politica-de-cookies\/\" \/>\n<meta property=\"og:site_name\" content=\"MAQTOOL\" \/>\n<meta property=\"article:publisher\" content=\"https:\/\/www.facebook.com\/cobermaster\" \/>\n<meta property=\"article:modified_time\" content=\"2022-10-07T15:09:34+00:00\" \/>\n<meta name=\"twitter:card\" content=\"summary_large_image\" \/>\n<meta name=\"twitter:label1\" content=\"Tiempo de lectura\" \/>\n\t<meta name=\"twitter:data1\" content=\"2 minutos\" \/>\n<script type=\"application\/ld+json\" class=\"yoast-schema-graph\">{\"@context\":\"https:\/\/schema.org\",\"@graph\":[{\"@type\":\"WebPage\",\"@id\":\"https:\/\/maqtool.pt\/es\/politica-de-cookies\/\",\"url\":\"https:\/\/maqtool.pt\/es\/politica-de-cookies\/\",\"name\":\"Pol\u00edtica de cookies - MAQTOOL\",\"isPartOf\":{\"@id\":\"https:\/\/maqtool.pt\/#website\"},\"primaryImageOfPage\":{\"@id\":\"https:\/\/maqtool.pt\/es\/politica-de-cookies\/#primaryimage\"},\"image\":{\"@id\":\"https:\/\/maqtool.pt\/es\/politica-de-cookies\/#primaryimage\"},\"thumbnailUrl\":\"https:\/\/maqtool.pt\/wp-content\/uploads\/2022\/10\/Cookie-Policy.jpg\",\"datePublished\":\"2021-04-25T06:54:23+00:00\",\"dateModified\":\"2022-10-07T15:09:34+00:00\",\"breadcrumb\":{\"@id\":\"https:\/\/maqtool.pt\/es\/politica-de-cookies\/#breadcrumb\"},\"inLanguage\":\"es\",\"potentialAction\":[{\"@type\":\"ReadAction\",\"target\":[\"https:\/\/maqtool.pt\/es\/politica-de-cookies\/\"]}]},{\"@type\":\"ImageObject\",\"inLanguage\":\"es\",\"@id\":\"https:\/\/maqtool.pt\/es\/politica-de-cookies\/#primaryimage\",\"url\":\"https:\/\/maqtool.pt\/wp-content\/uploads\/2022\/10\/Cookie-Policy.jpg\",\"contentUrl\":\"https:\/\/maqtool.pt\/wp-content\/uploads\/2022\/10\/Cookie-Policy.jpg\",\"width\":2000,\"height\":446},{\"@type\":\"BreadcrumbList\",\"@id\":\"https:\/\/maqtool.pt\/es\/politica-de-cookies\/#breadcrumb\",\"itemListElement\":[{\"@type\":\"ListItem\",\"position\":1,\"name\":\"In\u00edcio\",\"item\":\"https:\/\/maqtool.pt\/es\/home\/\"},{\"@type\":\"ListItem\",\"position\":2,\"name\":\"Politica de Cookies\"}]},{\"@type\":\"WebSite\",\"@id\":\"https:\/\/maqtool.pt\/#website\",\"url\":\"https:\/\/maqtool.pt\/\",\"name\":\"Cobermaster Industry\",\"description\":\"\",\"publisher\":{\"@id\":\"https:\/\/maqtool.pt\/#organization\"},\"potentialAction\":[{\"@type\":\"SearchAction\",\"target\":{\"@type\":\"EntryPoint\",\"urlTemplate\":\"https:\/\/maqtool.pt\/?s={search_term_string}\"},\"query-input\":{\"@type\":\"PropertyValueSpecification\",\"valueRequired\":true,\"valueName\":\"search_term_string\"}}],\"inLanguage\":\"es\"},{\"@type\":\"Organization\",\"@id\":\"https:\/\/maqtool.pt\/#organization\",\"name\":\"MAQTOOL\",\"url\":\"https:\/\/maqtool.pt\/\",\"logo\":{\"@type\":\"ImageObject\",\"inLanguage\":\"es\",\"@id\":\"https:\/\/maqtool.pt\/#\/schema\/logo\/image\/\",\"url\":\"https:\/\/maqtool.pt\/wp-content\/uploads\/2022\/09\/MAQTOOL-LOGO.jpg\",\"contentUrl\":\"https:\/\/maqtool.pt\/wp-content\/uploads\/2022\/09\/MAQTOOL-LOGO.jpg\",\"width\":762,\"height\":228,\"caption\":\"MAQTOOL\"},\"image\":{\"@id\":\"https:\/\/maqtool.pt\/#\/schema\/logo\/image\/\"},\"sameAs\":[\"https:\/\/www.facebook.com\/cobermaster\"]}]}<\/script>\n<!-- \/ Yoast SEO plugin. -->","yoast_head_json":{"title":"Pol\u00edtica de cookies - MAQTOOL","robots":{"index":"index","follow":"follow","max-snippet":"max-snippet:-1","max-image-preview":"max-image-preview:large","max-video-preview":"max-video-preview:-1"},"canonical":"https:\/\/maqtool.pt\/es\/politica-de-cookies\/","og_locale":"es_ES","og_type":"article","og_title":"Pol\u00edtica de cookies - MAQTOOL","og_description":"Este sitio web utiliza cookies propias y de terceros para brindarle una mejor experiencia. Al navegar o utilizar nuestros servicios, el usuario est\u00e1 aceptando nuestro uso de cookies. No obstante, el usuario tiene la opci\u00f3n de impedir la creaci\u00f3n de cookies e incluso de eliminarlas mediante la correcta configuraci\u00f3n de su navegador. En caso de","og_url":"https:\/\/maqtool.pt\/es\/politica-de-cookies\/","og_site_name":"MAQTOOL","article_publisher":"https:\/\/www.facebook.com\/cobermaster","article_modified_time":"2022-10-07T15:09:34+00:00","twitter_card":"summary_large_image","twitter_misc":{"Tiempo de lectura":"2 minutos"},"schema":{"@context":"https:\/\/schema.org","@graph":[{"@type":"WebPage","@id":"https:\/\/maqtool.pt\/es\/politica-de-cookies\/","url":"https:\/\/maqtool.pt\/es\/politica-de-cookies\/","name":"Pol\u00edtica de cookies - MAQTOOL","isPartOf":{"@id":"https:\/\/maqtool.pt\/#website"},"primaryImageOfPage":{"@id":"https:\/\/maqtool.pt\/es\/politica-de-cookies\/#primaryimage"},"image":{"@id":"https:\/\/maqtool.pt\/es\/politica-de-cookies\/#primaryimage"},"thumbnailUrl":"https:\/\/maqtool.pt\/wp-content\/uploads\/2022\/10\/Cookie-Policy.jpg","datePublished":"2021-04-25T06:54:23+00:00","dateModified":"2022-10-07T15:09:34+00:00","breadcrumb":{"@id":"https:\/\/maqtool.pt\/es\/politica-de-cookies\/#breadcrumb"},"inLanguage":"es","potentialAction":[{"@type":"ReadAction","target":["https:\/\/maqtool.pt\/es\/politica-de-cookies\/"]}]},{"@type":"ImageObject","inLanguage":"es","@id":"https:\/\/maqtool.pt\/es\/politica-de-cookies\/#primaryimage","url":"https:\/\/maqtool.pt\/wp-content\/uploads\/2022\/10\/Cookie-Policy.jpg","contentUrl":"https:\/\/maqtool.pt\/wp-content\/uploads\/2022\/10\/Cookie-Policy.jpg","width":2000,"height":446},{"@type":"BreadcrumbList","@id":"https:\/\/maqtool.pt\/es\/politica-de-cookies\/#breadcrumb","itemListElement":[{"@type":"ListItem","position":1,"name":"In\u00edcio","item":"https:\/\/maqtool.pt\/es\/home\/"},{"@type":"ListItem","position":2,"name":"Politica de Cookies"}]},{"@type":"WebSite","@id":"https:\/\/maqtool.pt\/#website","url":"https:\/\/maqtool.pt\/","name":"Cobermaster Industry","description":"","publisher":{"@id":"https:\/\/maqtool.pt\/#organization"},"potentialAction":[{"@type":"SearchAction","target":{"@type":"EntryPoint","urlTemplate":"https:\/\/maqtool.pt\/?s={search_term_string}"},"query-input":{"@type":"PropertyValueSpecification","valueRequired":true,"valueName":"search_term_string"}}],"inLanguage":"es"},{"@type":"Organization","@id":"https:\/\/maqtool.pt\/#organization","name":"MAQTOOL","url":"https:\/\/maqtool.pt\/","logo":{"@type":"ImageObject","inLanguage":"es","@id":"https:\/\/maqtool.pt\/#\/schema\/logo\/image\/","url":"https:\/\/maqtool.pt\/wp-content\/uploads\/2022\/09\/MAQTOOL-LOGO.jpg","contentUrl":"https:\/\/maqtool.pt\/wp-content\/uploads\/2022\/09\/MAQTOOL-LOGO.jpg","width":762,"height":228,"caption":"MAQTOOL"},"image":{"@id":"https:\/\/maqtool.pt\/#\/schema\/logo\/image\/"},"sameAs":["https:\/\/www.facebook.com\/cobermaster"]}]}},"uagb_featured_image_src":{"full":["https:\/\/maqtool.pt\/wp-content\/uploads\/2022\/10\/Cookie-Policy.jpg",2000,446,false],"thumbnail":["https:\/\/maqtool.pt\/wp-content\/uploads\/2022\/10\/Cookie-Policy-150x150.jpg",150,150,true],"medium":["https:\/\/maqtool.pt\/wp-content\/uploads\/2022\/10\/Cookie-Policy-300x67.jpg",300,67,true],"medium_large":["https:\/\/maqtool.pt\/wp-content\/uploads\/2022\/10\/Cookie-Policy-768x171.jpg",768,171,true],"large":["https:\/\/maqtool.pt\/wp-content\/uploads\/2022\/10\/Cookie-Policy-1024x228.jpg",1024,228,true],"1536x1536":["https:\/\/maqtool.pt\/wp-content\/uploads\/2022\/10\/Cookie-Policy-1536x343.jpg",1536,343,true],"2048x2048":["https:\/\/maqtool.pt\/wp-content\/uploads\/2022\/10\/Cookie-Policy.jpg",2000,446,false],"woocommerce_thumbnail":["https:\/\/maqtool.pt\/wp-content\/uploads\/2022\/10\/Cookie-Policy-400x89.jpg",400,89,true],"woocommerce_single":["https:\/\/maqtool.pt\/wp-content\/uploads\/2022\/10\/Cookie-Policy-600x134.jpg",600,134,true],"woocommerce_gallery_thumbnail":["https:\/\/maqtool.pt\/wp-content\/uploads\/2022\/10\/Cookie-Policy-100x100.jpg",100,100,true]},"uagb_author_info":{"display_name":"pedrocandeias","author_link":"https:\/\/maqtool.pt\/es\/author\/pedrocandeias\/"},"uagb_comment_info":0,"uagb_excerpt":"Este sitio web utiliza cookies propias y de terceros para brindarle una mejor experiencia. Al navegar o utilizar nuestros servicios, el usuario est\u00e1 aceptando nuestro uso de cookies. No obstante, el usuario tiene la opci\u00f3n de impedir la creaci\u00f3n de cookies e incluso de eliminarlas mediante la correcta configuraci\u00f3n de su navegador. En caso de","_links":{"self":[{"href":"https:\/\/maqtool.pt\/es\/wp-json\/wp\/v2\/pages\/15461","targetHints":{"allow":["GET"]}}],"collection":[{"href":"https:\/\/maqtool.pt\/es\/wp-json\/wp\/v2\/pages"}],"about":[{"href":"https:\/\/maqtool.pt\/es\/wp-json\/wp\/v2\/types\/page"}],"author":[{"embeddable":true,"href":"https:\/\/maqtool.pt\/es\/wp-json\/wp\/v2\/users\/1"}],"replies":[{"embeddable":true,"href":"https:\/\/maqtool.pt\/es\/wp-json\/wp\/v2\/comments?post=15461"}],"version-history":[{"count":1,"href":"https:\/\/maqtool.pt\/es\/wp-json\/wp\/v2\/pages\/15461\/revisions"}],"predecessor-version":[{"id":25918,"href":"https:\/\/maqtool.pt\/es\/wp-json\/wp\/v2\/pages\/15461\/revisions\/25918"}],"wp:featuredmedia":[{"embeddable":true,"href":"https:\/\/maqtool.pt\/es\/wp-json\/wp\/v2\/media\/26223"}],"wp:attachment":[{"href":"https:\/\/maqtool.pt\/es\/wp-json\/wp\/v2\/media?parent=15461"}],"curies":[{"name":"wp","href":"https:\/\/api.w.org\/{rel}","templated":true}]}}