{"id":21420,"date":"2021-04-14T13:31:51","date_gmt":"2021-04-14T13:31:51","guid":{"rendered":"https:\/\/maqtool.pt\/produtos-100-nacionais\/"},"modified":"2021-12-17T14:27:23","modified_gmt":"2021-12-17T14:27:23","slug":"produtos-100-nacionais","status":"publish","type":"page","link":"https:\/\/maqtool.pt\/es\/produtos-100-nacionais\/","title":{"rendered":"Produtos 100% Nacionais"},"content":{"rendered":"<p>\u00e9 verdade que o nosso pa\u00eds est\u00e1 a passar um mau momento\u2026 \u00e9 verdade que muitas das vezes nos sentimos impotentes perante este cen\u00e1rio\u2026 mas tamb\u00e9m \u00e9 verdade que podemos fazer muito mais do que julgamos!<\/p>\n<p>Somos um povo com arte, cultura, engenho e com sonhos\u2026 somos um povo com alma e ambi\u00e7\u00e3o\u2026e ambicionamos um futuro melhor!&#8230;e esse futuro depende de n\u00f3s!&#8230; da nossa for\u00e7a!&#8230; da nossa vontade!&#8230; da nossa uni\u00e3o!&#8230;<\/p>\n<p>Na Cobermaster Industry decidimos por m\u00e3os \u00e1 obra e contribuir de uma forma muito concreta para o est\u00edmulo do nosso mercado interno. Somos fabricantes e reunimos um grupo de algumas dezenas de outros fabricantes nacionais\u2026<\/p>\n<p>O resultado foi a cria\u00e7\u00e3o de um cat\u00e1logo com um leque alargado de produtos para a ind\u00fastria e constru\u00e7\u00e3o de fabrico 100% nacional!<\/p>\n<p>Teria sido mais f\u00e1cil criar um cat\u00e1logo com produtos provenientes de todo o mundo\u2026 mas se os temos em Portugal\u2026 feitos por Portugueses\u2026 porque raz\u00e3o n\u00e3o haver\u00edamos de criar um cat\u00e1logo 100% nacional?<\/p>\n<p>Demoramos mais de 1 ano a produzir este cat\u00e1logo\u2026mas est\u00e1 conclu\u00eddo\u2026com produtos fant\u00e1sticos\u2026feitos por Portugueses fant\u00e1sticos que todos os dias d\u00e3o o seu melhor no trabalho que desempenham\u2026<\/p>\n<p>Atrav\u00e9s do cat\u00e1logo impresso e digital da Cobermaster Industry, as empresas poder\u00e3o agora aceder a cerca de 5.000 refer\u00eancias de produtos para a ind\u00fastria e constru\u00e7\u00e3o, com garantia de fabrico Portugu\u00eas, com uma excelente rela\u00e7\u00e3o qualidade-pre\u00e7o e com entrega gratuita de norte a sul de Portugal Continental!<\/p>\n","protected":false},"excerpt":{"rendered":"<p>\u00e9 verdade que o nosso pa\u00eds est\u00e1 a passar um mau momento\u2026 \u00e9 verdade que muitas das vezes nos sentimos impotentes perante este cen\u00e1rio\u2026 mas tamb\u00e9m \u00e9 verdade que podemos fazer muito mais do que julgamos! Somos um povo com arte, cultura, engenho e com sonhos\u2026 somos um povo com alma e ambi\u00e7\u00e3o\u2026e ambicionamos um<\/p>\n","protected":false},"author":1,"featured_media":0,"parent":0,"menu_order":0,"comment_status":"closed","ping_status":"closed","template":"","meta":{"_eb_attr":"","_uag_custom_page_level_css":"","site-sidebar-layout":"default","site-content-layout":"","ast-site-content-layout":"default","site-content-style":"default","site-sidebar-style":"default","ast-global-header-display":"","ast-banner-title-visibility":"","ast-main-header-display":"","ast-hfb-above-header-display":"","ast-hfb-below-header-display":"","ast-hfb-mobile-header-display":"","site-post-title":"","ast-breadcrumbs-content":"","ast-featured-img":"","footer-sml-layout":"","ast-disable-related-posts":"","theme-transparent-header-meta":"","adv-header-id-meta":"","stick-header-meta":"","header-above-stick-meta":"","header-main-stick-meta":"","header-below-stick-meta":"","astra-migrate-meta-layouts":"default","ast-page-background-enabled":"default","ast-page-background-meta":{"desktop":{"background-color":"","background-image":"","background-repeat":"repeat","background-position":"center center","background-size":"auto","background-attachment":"scroll","background-type":"","background-media":"","overlay-type":"","overlay-color":"","overlay-opacity":"","overlay-gradient":""},"tablet":{"background-color":"","background-image":"","background-repeat":"repeat","background-position":"center center","background-size":"auto","background-attachment":"scroll","background-type":"","background-media":"","overlay-type":"","overlay-color":"","overlay-opacity":"","overlay-gradient":""},"mobile":{"background-color":"","background-image":"","background-repeat":"repeat","background-position":"center center","background-size":"auto","background-attachment":"scroll","background-type":"","background-media":"","overlay-type":"","overlay-color":"","overlay-opacity":"","overlay-gradient":""}},"ast-content-background-meta":{"desktop":{"background-color":"var(--ast-global-color-5)","background-image":"","background-repeat":"repeat","background-position":"center center","background-size":"auto","background-attachment":"scroll","background-type":"","background-media":"","overlay-type":"","overlay-color":"","overlay-opacity":"","overlay-gradient":""},"tablet":{"background-color":"var(--ast-global-color-5)","background-image":"","background-repeat":"repeat","background-position":"center center","background-size":"auto","background-attachment":"scroll","background-type":"","background-media":"","overlay-type":"","overlay-color":"","overlay-opacity":"","overlay-gradient":""},"mobile":{"background-color":"var(--ast-global-color-5)","background-image":"","background-repeat":"repeat","background-position":"center center","background-size":"auto","background-attachment":"scroll","background-type":"","background-media":"","overlay-type":"","overlay-color":"","overlay-opacity":"","overlay-gradient":""}},"footnotes":""},"class_list":["post-21420","page","type-page","status-publish","hentry"],"acf":[],"yoast_head":"<!-- This site is optimized with the Yoast SEO plugin v27.3 - https:\/\/yoast.com\/product\/yoast-seo-wordpress\/ -->\n<title>Produtos 100% Nacionais - MAQTOOL<\/title>\n<meta name=\"robots\" content=\"index, follow, max-snippet:-1, max-image-preview:large, max-video-preview:-1\" \/>\n<link rel=\"canonical\" href=\"https:\/\/maqtool.pt\/es\/produtos-100-nacionais\/\" \/>\n<meta property=\"og:locale\" content=\"es_ES\" \/>\n<meta property=\"og:type\" content=\"article\" \/>\n<meta property=\"og:title\" content=\"Produtos 100% Nacionais - MAQTOOL\" \/>\n<meta property=\"og:description\" content=\"\u00e9 verdade que o nosso pa\u00eds est\u00e1 a passar um mau momento\u2026 \u00e9 verdade que muitas das vezes nos sentimos impotentes perante este cen\u00e1rio\u2026 mas tamb\u00e9m \u00e9 verdade que podemos fazer muito mais do que julgamos! Somos um povo com arte, cultura, engenho e com sonhos\u2026 somos um povo com alma e ambi\u00e7\u00e3o\u2026e ambicionamos um\" \/>\n<meta property=\"og:url\" content=\"https:\/\/maqtool.pt\/es\/produtos-100-nacionais\/\" \/>\n<meta property=\"og:site_name\" content=\"MAQTOOL\" \/>\n<meta property=\"article:publisher\" content=\"https:\/\/www.facebook.com\/cobermaster\" \/>\n<meta property=\"article:modified_time\" content=\"2021-12-17T14:27:23+00:00\" \/>\n<meta name=\"twitter:card\" content=\"summary_large_image\" \/>\n<meta name=\"twitter:label1\" content=\"Tiempo de lectura\" \/>\n\t<meta name=\"twitter:data1\" content=\"1 minuto\" \/>\n<script type=\"application\/ld+json\" class=\"yoast-schema-graph\">{\"@context\":\"https:\\\/\\\/schema.org\",\"@graph\":[{\"@type\":\"WebPage\",\"@id\":\"https:\\\/\\\/maqtool.pt\\\/es\\\/produtos-100-nacionais\\\/\",\"url\":\"https:\\\/\\\/maqtool.pt\\\/es\\\/produtos-100-nacionais\\\/\",\"name\":\"Produtos 100% Nacionais - MAQTOOL\",\"isPartOf\":{\"@id\":\"https:\\\/\\\/maqtool.pt\\\/#website\"},\"datePublished\":\"2021-04-14T13:31:51+00:00\",\"dateModified\":\"2021-12-17T14:27:23+00:00\",\"breadcrumb\":{\"@id\":\"https:\\\/\\\/maqtool.pt\\\/es\\\/produtos-100-nacionais\\\/#breadcrumb\"},\"inLanguage\":\"es\",\"potentialAction\":[{\"@type\":\"ReadAction\",\"target\":[\"https:\\\/\\\/maqtool.pt\\\/es\\\/produtos-100-nacionais\\\/\"]}]},{\"@type\":\"BreadcrumbList\",\"@id\":\"https:\\\/\\\/maqtool.pt\\\/es\\\/produtos-100-nacionais\\\/#breadcrumb\",\"itemListElement\":[{\"@type\":\"ListItem\",\"position\":1,\"name\":\"In\u00edcio\",\"item\":\"https:\\\/\\\/maqtool.pt\\\/es\\\/home\\\/\"},{\"@type\":\"ListItem\",\"position\":2,\"name\":\"Produtos 100% Nacionais\"}]},{\"@type\":\"WebSite\",\"@id\":\"https:\\\/\\\/maqtool.pt\\\/#website\",\"url\":\"https:\\\/\\\/maqtool.pt\\\/\",\"name\":\"Cobermaster Industry\",\"description\":\"\",\"publisher\":{\"@id\":\"https:\\\/\\\/maqtool.pt\\\/#organization\"},\"potentialAction\":[{\"@type\":\"SearchAction\",\"target\":{\"@type\":\"EntryPoint\",\"urlTemplate\":\"https:\\\/\\\/maqtool.pt\\\/?s={search_term_string}\"},\"query-input\":{\"@type\":\"PropertyValueSpecification\",\"valueRequired\":true,\"valueName\":\"search_term_string\"}}],\"inLanguage\":\"es\"},{\"@type\":\"Organization\",\"@id\":\"https:\\\/\\\/maqtool.pt\\\/#organization\",\"name\":\"MAQTOOL\",\"url\":\"https:\\\/\\\/maqtool.pt\\\/\",\"logo\":{\"@type\":\"ImageObject\",\"inLanguage\":\"es\",\"@id\":\"https:\\\/\\\/maqtool.pt\\\/#\\\/schema\\\/logo\\\/image\\\/\",\"url\":\"https:\\\/\\\/maqtool.pt\\\/wp-content\\\/uploads\\\/2022\\\/09\\\/MAQTOOL-LOGO.jpg\",\"contentUrl\":\"https:\\\/\\\/maqtool.pt\\\/wp-content\\\/uploads\\\/2022\\\/09\\\/MAQTOOL-LOGO.jpg\",\"width\":762,\"height\":228,\"caption\":\"MAQTOOL\"},\"image\":{\"@id\":\"https:\\\/\\\/maqtool.pt\\\/#\\\/schema\\\/logo\\\/image\\\/\"},\"sameAs\":[\"https:\\\/\\\/www.facebook.com\\\/cobermaster\"]}]}<\/script>\n<!-- \/ Yoast SEO plugin. -->","yoast_head_json":{"title":"Produtos 100% Nacionais - MAQTOOL","robots":{"index":"index","follow":"follow","max-snippet":"max-snippet:-1","max-image-preview":"max-image-preview:large","max-video-preview":"max-video-preview:-1"},"canonical":"https:\/\/maqtool.pt\/es\/produtos-100-nacionais\/","og_locale":"es_ES","og_type":"article","og_title":"Produtos 100% Nacionais - MAQTOOL","og_description":"\u00e9 verdade que o nosso pa\u00eds est\u00e1 a passar um mau momento\u2026 \u00e9 verdade que muitas das vezes nos sentimos impotentes perante este cen\u00e1rio\u2026 mas tamb\u00e9m \u00e9 verdade que podemos fazer muito mais do que julgamos! Somos um povo com arte, cultura, engenho e com sonhos\u2026 somos um povo com alma e ambi\u00e7\u00e3o\u2026e ambicionamos um","og_url":"https:\/\/maqtool.pt\/es\/produtos-100-nacionais\/","og_site_name":"MAQTOOL","article_publisher":"https:\/\/www.facebook.com\/cobermaster","article_modified_time":"2021-12-17T14:27:23+00:00","twitter_card":"summary_large_image","twitter_misc":{"Tiempo de lectura":"1 minuto"},"schema":{"@context":"https:\/\/schema.org","@graph":[{"@type":"WebPage","@id":"https:\/\/maqtool.pt\/es\/produtos-100-nacionais\/","url":"https:\/\/maqtool.pt\/es\/produtos-100-nacionais\/","name":"Produtos 100% Nacionais - MAQTOOL","isPartOf":{"@id":"https:\/\/maqtool.pt\/#website"},"datePublished":"2021-04-14T13:31:51+00:00","dateModified":"2021-12-17T14:27:23+00:00","breadcrumb":{"@id":"https:\/\/maqtool.pt\/es\/produtos-100-nacionais\/#breadcrumb"},"inLanguage":"es","potentialAction":[{"@type":"ReadAction","target":["https:\/\/maqtool.pt\/es\/produtos-100-nacionais\/"]}]},{"@type":"BreadcrumbList","@id":"https:\/\/maqtool.pt\/es\/produtos-100-nacionais\/#breadcrumb","itemListElement":[{"@type":"ListItem","position":1,"name":"In\u00edcio","item":"https:\/\/maqtool.pt\/es\/home\/"},{"@type":"ListItem","position":2,"name":"Produtos 100% Nacionais"}]},{"@type":"WebSite","@id":"https:\/\/maqtool.pt\/#website","url":"https:\/\/maqtool.pt\/","name":"Cobermaster Industry","description":"","publisher":{"@id":"https:\/\/maqtool.pt\/#organization"},"potentialAction":[{"@type":"SearchAction","target":{"@type":"EntryPoint","urlTemplate":"https:\/\/maqtool.pt\/?s={search_term_string}"},"query-input":{"@type":"PropertyValueSpecification","valueRequired":true,"valueName":"search_term_string"}}],"inLanguage":"es"},{"@type":"Organization","@id":"https:\/\/maqtool.pt\/#organization","name":"MAQTOOL","url":"https:\/\/maqtool.pt\/","logo":{"@type":"ImageObject","inLanguage":"es","@id":"https:\/\/maqtool.pt\/#\/schema\/logo\/image\/","url":"https:\/\/maqtool.pt\/wp-content\/uploads\/2022\/09\/MAQTOOL-LOGO.jpg","contentUrl":"https:\/\/maqtool.pt\/wp-content\/uploads\/2022\/09\/MAQTOOL-LOGO.jpg","width":762,"height":228,"caption":"MAQTOOL"},"image":{"@id":"https:\/\/maqtool.pt\/#\/schema\/logo\/image\/"},"sameAs":["https:\/\/www.facebook.com\/cobermaster"]}]}},"uagb_featured_image_src":{"full":false,"thumbnail":false,"medium":false,"medium_large":false,"large":false,"1536x1536":false,"2048x2048":false,"woocommerce_thumbnail":false,"woocommerce_single":false,"woocommerce_gallery_thumbnail":false},"uagb_author_info":{"display_name":"pedrocandeias","author_link":"https:\/\/maqtool.pt\/es\/author\/pedrocandeias\/"},"uagb_comment_info":0,"uagb_excerpt":"\u00e9 verdade que o nosso pa\u00eds est\u00e1 a passar um mau momento\u2026 \u00e9 verdade que muitas das vezes nos sentimos impotentes perante este cen\u00e1rio\u2026 mas tamb\u00e9m \u00e9 verdade que podemos fazer muito mais do que julgamos! Somos um povo com arte, cultura, engenho e com sonhos\u2026 somos um povo com alma e ambi\u00e7\u00e3o\u2026e ambicionamos um","_links":{"self":[{"href":"https:\/\/maqtool.pt\/es\/wp-json\/wp\/v2\/pages\/21420","targetHints":{"allow":["GET"]}}],"collection":[{"href":"https:\/\/maqtool.pt\/es\/wp-json\/wp\/v2\/pages"}],"about":[{"href":"https:\/\/maqtool.pt\/es\/wp-json\/wp\/v2\/types\/page"}],"author":[{"embeddable":true,"href":"https:\/\/maqtool.pt\/es\/wp-json\/wp\/v2\/users\/1"}],"replies":[{"embeddable":true,"href":"https:\/\/maqtool.pt\/es\/wp-json\/wp\/v2\/comments?post=21420"}],"version-history":[{"count":0,"href":"https:\/\/maqtool.pt\/es\/wp-json\/wp\/v2\/pages\/21420\/revisions"}],"wp:attachment":[{"href":"https:\/\/maqtool.pt\/es\/wp-json\/wp\/v2\/media?parent=21420"}],"curies":[{"name":"wp","href":"https:\/\/api.w.org\/{rel}","templated":true}]}}