{"id":16947,"date":"2021-05-25T02:49:36","date_gmt":"2021-05-25T02:49:36","guid":{"rendered":"https:\/\/maqtool.pt\/produto\/casillero-de-2-puertas\/"},"modified":"2022-12-20T18:07:03","modified_gmt":"2022-12-20T18:07:03","slug":"casillero-de-2-puertas","status":"publish","type":"product","link":"https:\/\/maqtool.pt\/es\/produto\/casillero-de-2-puertas\/","title":{"rendered":"Casillero de 2 puertas"},"content":{"rendered":"<p><strong>Ancho<\/strong>&#8211; 300 mm<\/p>\n<p><strong>Profund<\/strong> &#8211; 500 mm<\/p>\n<p><strong>Alt. Total <\/strong>&#8211; 1900 mm<\/p>\n<p><strong>Alt. Pies<\/strong> &#8211; 200 mm<\/p>\n<p><strong>No de puertos <\/strong> &#8211; 2<\/p>\n<p><strong>Estructura: <\/strong>&#8211; Placa 0,80mm<\/p>\n<p><strong>Bisagras <\/strong>&#8211; Ocultas<\/p>\n<p><strong>Ventilaci\u00f3n <\/strong>&#8211; Frente<\/p>\n<p><strong>Bloqueo<\/strong>&#8211; 2 llaves<\/p>\n<p><strong>Percha<\/strong> &#8211; S\u00ed<\/p>\n<p><strong>Toallero <\/strong>&#8211; Sim<\/p>\n<p><strong>Sup. Paraguas <\/strong> -No es necesario<\/p>\n<p><strong>Recortador de gotas <\/strong>&#8211; S\u00ed<\/p>\n<p><strong>Montaje: <\/strong>&#8211; No es necesario<\/p>\n","protected":false},"excerpt":{"rendered":"<p><strong>Ancho<\/strong>&#8211; 300 mm<\/p>\n<p><strong>Profund<\/strong> &#8211; 500 mm<\/p>\n<p><strong>Alt. Total <\/strong>&#8211; 1900 mm<\/p>\n<p><strong>Alt. Pies<\/strong> &#8211; 200 mm<\/p>\n<p><strong>No de puertos <\/strong> &#8211; 2<\/p>\n<p><strong>Estructura: <\/strong>&#8211; Placa 0,80mm<\/p>\n<p><strong>Bisagras <\/strong>&#8211; Ocultas<\/p>\n<p><strong>Ventilaci\u00f3n <\/strong>&#8211; Frente<\/p>\n<p><strong>Bloqueo<\/strong>&#8211; 2 llaves<\/p>\n<p><strong>Percha<\/strong> &#8211; S\u00ed<\/p>\n<p><strong>Toallero <\/strong>&#8211; Sim<\/p>\n<p><strong>Sup. Paraguas <\/strong> -No es necesario<\/p>\n<p><strong>Recortador de gotas <\/strong>&#8211; S\u00ed<\/p>\n<p><strong>Montaje: <\/strong>&#8211; No es necesario<\/p>\n","protected":false},"featured_media":20040,"template":"","meta":{"_eb_attr":"","_uag_custom_page_level_css":"","site-sidebar-layout":"default","site-content-layout":"default","ast-site-content-layout":"default","site-content-style":"default","site-sidebar-style":"default","ast-global-header-display":"","ast-banner-title-visibility":"","ast-main-header-display":"","ast-hfb-above-header-display":"","ast-hfb-below-header-display":"","ast-hfb-mobile-header-display":"","site-post-title":"","ast-breadcrumbs-content":"","ast-featured-img":"","footer-sml-layout":"","ast-disable-related-posts":"","theme-transparent-header-meta":"default","adv-header-id-meta":"","stick-header-meta":"default","header-above-stick-meta":"","header-main-stick-meta":"","header-below-stick-meta":"","astra-migrate-meta-layouts":"default","ast-page-background-enabled":"default","ast-page-background-meta":{"desktop":{"background-color":"","background-image":"","background-repeat":"repeat","background-position":"center center","background-size":"auto","background-attachment":"scroll","background-type":"","background-media":"","overlay-type":"","overlay-color":"","overlay-opacity":"","overlay-gradient":""},"tablet":{"background-color":"","background-image":"","background-repeat":"repeat","background-position":"center center","background-size":"auto","background-attachment":"scroll","background-type":"","background-media":"","overlay-type":"","overlay-color":"","overlay-opacity":"","overlay-gradient":""},"mobile":{"background-color":"","background-image":"","background-repeat":"repeat","background-position":"center center","background-size":"auto","background-attachment":"scroll","background-type":"","background-media":"","overlay-type":"","overlay-color":"","overlay-opacity":"","overlay-gradient":""}},"ast-content-background-meta":{"desktop":{"background-color":"var(--ast-global-color-5)","background-image":"","background-repeat":"repeat","background-position":"center center","background-size":"auto","background-attachment":"scroll","background-type":"","background-media":"","overlay-type":"","overlay-color":"","overlay-opacity":"","overlay-gradient":""},"tablet":{"background-color":"var(--ast-global-color-5)","background-image":"","background-repeat":"repeat","background-position":"center center","background-size":"auto","background-attachment":"scroll","background-type":"","background-media":"","overlay-type":"","overlay-color":"","overlay-opacity":"","overlay-gradient":""},"mobile":{"background-color":"var(--ast-global-color-5)","background-image":"","background-repeat":"repeat","background-position":"center center","background-size":"auto","background-attachment":"scroll","background-type":"","background-media":"","overlay-type":"","overlay-color":"","overlay-opacity":"","overlay-gradient":""}}},"product_brand":[],"product_cat":[5304,5280],"product_tag":[],"class_list":{"0":"post-16947","1":"product","2":"type-product","3":"status-publish","4":"has-post-thumbnail","6":"product_cat-casilleros","7":"product_cat-material-colectivo","8":"desktop-align-center","9":"tablet-align-center","10":"mobile-align-center","11":"ast-product-gallery-layout-horizontal","12":"ast-product-gallery-with-no-image","13":"ast-product-single-variable","14":"ast-product-tabs-layout-horizontal","16":"first","17":"instock","18":"taxable","19":"shipping-taxable","20":"product-type-variable"},"acf":[],"yoast_head":"<!-- This site is optimized with the Yoast SEO plugin v27.2 - https:\/\/yoast.com\/product\/yoast-seo-wordpress\/ -->\n<title>Casillero de 2 puertas - MAQTOOL<\/title>\n<meta name=\"robots\" content=\"index, follow, max-snippet:-1, max-image-preview:large, max-video-preview:-1\" \/>\n<link rel=\"canonical\" href=\"https:\/\/maqtool.pt\/es\/produto\/casillero-de-2-puertas\/\" \/>\n<meta property=\"og:locale\" content=\"es_ES\" \/>\n<meta property=\"og:type\" content=\"article\" \/>\n<meta property=\"og:title\" content=\"Casillero de 2 puertas - MAQTOOL\" \/>\n<meta property=\"og:description\" content=\"Ancho- 300 mm  Profund - 500 mm  Alt. Total - 1900 mm  Alt. Pies - 200 mm  No de puertos - 2  Estructura: - Placa 0,80mm  Bisagras - Ocultas  Ventilaci\u00f3n - Frente  Bloqueo- 2 llaves  Percha - S\u00ed  Toallero - Sim  Sup. Paraguas -No es necesario  Recortador de gotas - S\u00ed  Montaje: - No es necesario\" \/>\n<meta property=\"og:url\" content=\"https:\/\/maqtool.pt\/es\/produto\/casillero-de-2-puertas\/\" \/>\n<meta property=\"og:site_name\" content=\"MAQTOOL\" \/>\n<meta property=\"article:publisher\" content=\"https:\/\/www.facebook.com\/cobermaster\" \/>\n<meta property=\"article:modified_time\" content=\"2022-12-20T18:07:03+00:00\" \/>\n<meta property=\"og:image\" content=\"https:\/\/maqtool.pt\/wp-content\/uploads\/2021\/05\/COB1009-Cacifo-2-Portas.jpg\" \/>\n\t<meta property=\"og:image:width\" content=\"800\" \/>\n\t<meta property=\"og:image:height\" content=\"800\" \/>\n\t<meta property=\"og:image:type\" content=\"image\/jpeg\" \/>\n<meta name=\"twitter:card\" content=\"summary_large_image\" \/>\n<meta name=\"twitter:label1\" content=\"Tiempo de lectura\" \/>\n\t<meta name=\"twitter:data1\" content=\"1 minuto\" \/>\n<script type=\"application\/ld+json\" class=\"yoast-schema-graph\">{\"@context\":\"https:\/\/schema.org\",\"@graph\":[{\"@type\":\"WebPage\",\"@id\":\"https:\/\/maqtool.pt\/es\/produto\/casillero-de-2-puertas\/\",\"url\":\"https:\/\/maqtool.pt\/es\/produto\/casillero-de-2-puertas\/\",\"name\":\"Casillero de 2 puertas - MAQTOOL\",\"isPartOf\":{\"@id\":\"https:\/\/maqtool.pt\/#website\"},\"primaryImageOfPage\":{\"@id\":\"https:\/\/maqtool.pt\/es\/produto\/casillero-de-2-puertas\/#primaryimage\"},\"image\":{\"@id\":\"https:\/\/maqtool.pt\/es\/produto\/casillero-de-2-puertas\/#primaryimage\"},\"thumbnailUrl\":\"https:\/\/maqtool.pt\/wp-content\/uploads\/2021\/05\/COB1009-Cacifo-2-Portas.jpg\",\"datePublished\":\"2021-05-25T02:49:36+00:00\",\"dateModified\":\"2022-12-20T18:07:03+00:00\",\"breadcrumb\":{\"@id\":\"https:\/\/maqtool.pt\/es\/produto\/casillero-de-2-puertas\/#breadcrumb\"},\"inLanguage\":\"es\",\"potentialAction\":[{\"@type\":\"ReadAction\",\"target\":[\"https:\/\/maqtool.pt\/es\/produto\/casillero-de-2-puertas\/\"]}]},{\"@type\":\"ImageObject\",\"inLanguage\":\"es\",\"@id\":\"https:\/\/maqtool.pt\/es\/produto\/casillero-de-2-puertas\/#primaryimage\",\"url\":\"https:\/\/maqtool.pt\/wp-content\/uploads\/2021\/05\/COB1009-Cacifo-2-Portas.jpg\",\"contentUrl\":\"https:\/\/maqtool.pt\/wp-content\/uploads\/2021\/05\/COB1009-Cacifo-2-Portas.jpg\",\"width\":800,\"height\":800},{\"@type\":\"BreadcrumbList\",\"@id\":\"https:\/\/maqtool.pt\/es\/produto\/casillero-de-2-puertas\/#breadcrumb\",\"itemListElement\":[{\"@type\":\"ListItem\",\"position\":1,\"name\":\"In\u00edcio\",\"item\":\"https:\/\/maqtool.pt\/es\/home\/\"},{\"@type\":\"ListItem\",\"position\":2,\"name\":\"Produtos\",\"item\":\"https:\/\/maqtool.pt\/produtos\/\"},{\"@type\":\"ListItem\",\"position\":3,\"name\":\"Casillero de 2 puertas\"}]},{\"@type\":\"WebSite\",\"@id\":\"https:\/\/maqtool.pt\/#website\",\"url\":\"https:\/\/maqtool.pt\/\",\"name\":\"Cobermaster Industry\",\"description\":\"\",\"publisher\":{\"@id\":\"https:\/\/maqtool.pt\/#organization\"},\"potentialAction\":[{\"@type\":\"SearchAction\",\"target\":{\"@type\":\"EntryPoint\",\"urlTemplate\":\"https:\/\/maqtool.pt\/?s={search_term_string}\"},\"query-input\":{\"@type\":\"PropertyValueSpecification\",\"valueRequired\":true,\"valueName\":\"search_term_string\"}}],\"inLanguage\":\"es\"},{\"@type\":\"Organization\",\"@id\":\"https:\/\/maqtool.pt\/#organization\",\"name\":\"MAQTOOL\",\"url\":\"https:\/\/maqtool.pt\/\",\"logo\":{\"@type\":\"ImageObject\",\"inLanguage\":\"es\",\"@id\":\"https:\/\/maqtool.pt\/#\/schema\/logo\/image\/\",\"url\":\"https:\/\/maqtool.pt\/wp-content\/uploads\/2022\/09\/MAQTOOL-LOGO.jpg\",\"contentUrl\":\"https:\/\/maqtool.pt\/wp-content\/uploads\/2022\/09\/MAQTOOL-LOGO.jpg\",\"width\":762,\"height\":228,\"caption\":\"MAQTOOL\"},\"image\":{\"@id\":\"https:\/\/maqtool.pt\/#\/schema\/logo\/image\/\"},\"sameAs\":[\"https:\/\/www.facebook.com\/cobermaster\"]}]}<\/script>\n<!-- \/ Yoast SEO plugin. -->","yoast_head_json":{"title":"Casillero de 2 puertas - MAQTOOL","robots":{"index":"index","follow":"follow","max-snippet":"max-snippet:-1","max-image-preview":"max-image-preview:large","max-video-preview":"max-video-preview:-1"},"canonical":"https:\/\/maqtool.pt\/es\/produto\/casillero-de-2-puertas\/","og_locale":"es_ES","og_type":"article","og_title":"Casillero de 2 puertas - MAQTOOL","og_description":"Ancho- 300 mm  Profund - 500 mm  Alt. Total - 1900 mm  Alt. Pies - 200 mm  No de puertos - 2  Estructura: - Placa 0,80mm  Bisagras - Ocultas  Ventilaci\u00f3n - Frente  Bloqueo- 2 llaves  Percha - S\u00ed  Toallero - Sim  Sup. Paraguas -No es necesario  Recortador de gotas - S\u00ed  Montaje: - No es necesario","og_url":"https:\/\/maqtool.pt\/es\/produto\/casillero-de-2-puertas\/","og_site_name":"MAQTOOL","article_publisher":"https:\/\/www.facebook.com\/cobermaster","article_modified_time":"2022-12-20T18:07:03+00:00","og_image":[{"width":800,"height":800,"url":"https:\/\/maqtool.pt\/wp-content\/uploads\/2021\/05\/COB1009-Cacifo-2-Portas.jpg","type":"image\/jpeg"}],"twitter_card":"summary_large_image","twitter_misc":{"Tiempo de lectura":"1 minuto"},"schema":{"@context":"https:\/\/schema.org","@graph":[{"@type":"WebPage","@id":"https:\/\/maqtool.pt\/es\/produto\/casillero-de-2-puertas\/","url":"https:\/\/maqtool.pt\/es\/produto\/casillero-de-2-puertas\/","name":"Casillero de 2 puertas - MAQTOOL","isPartOf":{"@id":"https:\/\/maqtool.pt\/#website"},"primaryImageOfPage":{"@id":"https:\/\/maqtool.pt\/es\/produto\/casillero-de-2-puertas\/#primaryimage"},"image":{"@id":"https:\/\/maqtool.pt\/es\/produto\/casillero-de-2-puertas\/#primaryimage"},"thumbnailUrl":"https:\/\/maqtool.pt\/wp-content\/uploads\/2021\/05\/COB1009-Cacifo-2-Portas.jpg","datePublished":"2021-05-25T02:49:36+00:00","dateModified":"2022-12-20T18:07:03+00:00","breadcrumb":{"@id":"https:\/\/maqtool.pt\/es\/produto\/casillero-de-2-puertas\/#breadcrumb"},"inLanguage":"es","potentialAction":[{"@type":"ReadAction","target":["https:\/\/maqtool.pt\/es\/produto\/casillero-de-2-puertas\/"]}]},{"@type":"ImageObject","inLanguage":"es","@id":"https:\/\/maqtool.pt\/es\/produto\/casillero-de-2-puertas\/#primaryimage","url":"https:\/\/maqtool.pt\/wp-content\/uploads\/2021\/05\/COB1009-Cacifo-2-Portas.jpg","contentUrl":"https:\/\/maqtool.pt\/wp-content\/uploads\/2021\/05\/COB1009-Cacifo-2-Portas.jpg","width":800,"height":800},{"@type":"BreadcrumbList","@id":"https:\/\/maqtool.pt\/es\/produto\/casillero-de-2-puertas\/#breadcrumb","itemListElement":[{"@type":"ListItem","position":1,"name":"In\u00edcio","item":"https:\/\/maqtool.pt\/es\/home\/"},{"@type":"ListItem","position":2,"name":"Produtos","item":"https:\/\/maqtool.pt\/produtos\/"},{"@type":"ListItem","position":3,"name":"Casillero de 2 puertas"}]},{"@type":"WebSite","@id":"https:\/\/maqtool.pt\/#website","url":"https:\/\/maqtool.pt\/","name":"Cobermaster Industry","description":"","publisher":{"@id":"https:\/\/maqtool.pt\/#organization"},"potentialAction":[{"@type":"SearchAction","target":{"@type":"EntryPoint","urlTemplate":"https:\/\/maqtool.pt\/?s={search_term_string}"},"query-input":{"@type":"PropertyValueSpecification","valueRequired":true,"valueName":"search_term_string"}}],"inLanguage":"es"},{"@type":"Organization","@id":"https:\/\/maqtool.pt\/#organization","name":"MAQTOOL","url":"https:\/\/maqtool.pt\/","logo":{"@type":"ImageObject","inLanguage":"es","@id":"https:\/\/maqtool.pt\/#\/schema\/logo\/image\/","url":"https:\/\/maqtool.pt\/wp-content\/uploads\/2022\/09\/MAQTOOL-LOGO.jpg","contentUrl":"https:\/\/maqtool.pt\/wp-content\/uploads\/2022\/09\/MAQTOOL-LOGO.jpg","width":762,"height":228,"caption":"MAQTOOL"},"image":{"@id":"https:\/\/maqtool.pt\/#\/schema\/logo\/image\/"},"sameAs":["https:\/\/www.facebook.com\/cobermaster"]}]}},"uagb_featured_image_src":{"full":["https:\/\/maqtool.pt\/wp-content\/uploads\/2021\/05\/COB1009-Cacifo-2-Portas.jpg",800,800,false],"thumbnail":["https:\/\/maqtool.pt\/wp-content\/uploads\/2021\/05\/COB1009-Cacifo-2-Portas-150x150.jpg",150,150,true],"medium":["https:\/\/maqtool.pt\/wp-content\/uploads\/2021\/05\/COB1009-Cacifo-2-Portas-300x300.jpg",300,300,true],"medium_large":["https:\/\/maqtool.pt\/wp-content\/uploads\/2021\/05\/COB1009-Cacifo-2-Portas-768x768.jpg",768,768,true],"large":["https:\/\/maqtool.pt\/wp-content\/uploads\/2021\/05\/COB1009-Cacifo-2-Portas.jpg",800,800,false],"1536x1536":["https:\/\/maqtool.pt\/wp-content\/uploads\/2021\/05\/COB1009-Cacifo-2-Portas.jpg",800,800,false],"2048x2048":["https:\/\/maqtool.pt\/wp-content\/uploads\/2021\/05\/COB1009-Cacifo-2-Portas.jpg",800,800,false],"woocommerce_thumbnail":["https:\/\/maqtool.pt\/wp-content\/uploads\/2021\/05\/COB1009-Cacifo-2-Portas-400x400.jpg",400,400,true],"woocommerce_single":["https:\/\/maqtool.pt\/wp-content\/uploads\/2021\/05\/COB1009-Cacifo-2-Portas-600x600.jpg",600,600,true],"woocommerce_gallery_thumbnail":["https:\/\/maqtool.pt\/wp-content\/uploads\/2021\/05\/COB1009-Cacifo-2-Portas-100x100.jpg",100,100,true]},"uagb_author_info":{"display_name":"pedrocandeias","author_link":"https:\/\/maqtool.pt\/es\/author\/"},"uagb_comment_info":0,"uagb_excerpt":"Ancho- 300 mm Profund - 500 mm Alt. Total - 1900 mm Alt. Pies - 200 mm No de puertos - 2 Estructura: - Placa 0,80mm Bisagras - Ocultas Ventilaci\u00f3n - Frente Bloqueo- 2 llaves Percha - S\u00ed Toallero - Sim Sup. Paraguas -No es necesario Recortador de gotas - S\u00ed Montaje: - No es&hellip;","_links":{"self":[{"href":"https:\/\/maqtool.pt\/es\/wp-json\/wp\/v2\/product\/16947","targetHints":{"allow":["GET"]}}],"collection":[{"href":"https:\/\/maqtool.pt\/es\/wp-json\/wp\/v2\/product"}],"about":[{"href":"https:\/\/maqtool.pt\/es\/wp-json\/wp\/v2\/types\/product"}],"wp:featuredmedia":[{"embeddable":true,"href":"https:\/\/maqtool.pt\/es\/wp-json\/wp\/v2\/media\/20040"}],"wp:attachment":[{"href":"https:\/\/maqtool.pt\/es\/wp-json\/wp\/v2\/media?parent=16947"}],"wp:term":[{"taxonomy":"product_brand","embeddable":true,"href":"https:\/\/maqtool.pt\/es\/wp-json\/wp\/v2\/product_brand?post=16947"},{"taxonomy":"product_cat","embeddable":true,"href":"https:\/\/maqtool.pt\/es\/wp-json\/wp\/v2\/product_cat?post=16947"},{"taxonomy":"product_tag","embeddable":true,"href":"https:\/\/maqtool.pt\/es\/wp-json\/wp\/v2\/product_tag?post=16947"}],"curies":[{"name":"wp","href":"https:\/\/api.w.org\/{rel}","templated":true}]}}