{"id":17049,"date":"2021-05-23T17:18:11","date_gmt":"2021-05-23T17:18:11","guid":{"rendered":"https:\/\/maqtool.pt\/produto\/portador-de-tambor-de-3-ruedas\/"},"modified":"2022-12-21T14:28:43","modified_gmt":"2022-12-21T14:28:43","slug":"portador-de-tambor-de-3-ruedas","status":"publish","type":"product","link":"https:\/\/maqtool.pt\/es\/produto\/portador-de-tambor-de-3-ruedas\/","title":{"rendered":"Portador de tambor de 3 ruedas"},"content":{"rendered":"<p>Muy \u00fatil y robusto, este carro permite un f\u00e1cil manejo de bidones de 200 Lt con total seguridad.<\/p>\n<p>Tiene un sistema de bloqueo ajustable a la altura del tambor.<\/p>\n<p>Estructura met\u00e1lica con acabado lacado.<\/p>\n<p>La tercera rueda permite una reducci\u00f3n m\u00e1xima en el esfuerzo de manipulaci\u00f3n ya que todo el peso del tambor descansa sobre las ruedas.<\/p>\n","protected":false},"excerpt":{"rendered":"<p>Muy \u00fatil y robusto, este carro permite un f\u00e1cil manejo de bidones de 200 Lt con total seguridad.<\/p>\n<p>Tiene un sistema de bloqueo ajustable a la altura del tambor.<\/p>\n<p>Estructura met\u00e1lica con acabado lacado.<\/p>\n<p>La tercera rueda permite una reducci\u00f3n m\u00e1xima en el esfuerzo de manipulaci\u00f3n ya que todo el peso del tambor descansa sobre las ruedas.<\/p>\n","protected":false},"featured_media":22622,"template":"","meta":{"_eb_attr":"","_uag_custom_page_level_css":"","site-sidebar-layout":"default","site-content-layout":"default","ast-site-content-layout":"default","site-content-style":"default","site-sidebar-style":"default","ast-global-header-display":"","ast-banner-title-visibility":"","ast-main-header-display":"","ast-hfb-above-header-display":"","ast-hfb-below-header-display":"","ast-hfb-mobile-header-display":"","site-post-title":"","ast-breadcrumbs-content":"","ast-featured-img":"","footer-sml-layout":"","ast-disable-related-posts":"","theme-transparent-header-meta":"default","adv-header-id-meta":"","stick-header-meta":"default","header-above-stick-meta":"","header-main-stick-meta":"","header-below-stick-meta":"","astra-migrate-meta-layouts":"default","ast-page-background-enabled":"default","ast-page-background-meta":{"desktop":{"background-color":"","background-image":"","background-repeat":"repeat","background-position":"center center","background-size":"auto","background-attachment":"scroll","background-type":"","background-media":"","overlay-type":"","overlay-color":"","overlay-opacity":"","overlay-gradient":""},"tablet":{"background-color":"","background-image":"","background-repeat":"repeat","background-position":"center center","background-size":"auto","background-attachment":"scroll","background-type":"","background-media":"","overlay-type":"","overlay-color":"","overlay-opacity":"","overlay-gradient":""},"mobile":{"background-color":"","background-image":"","background-repeat":"repeat","background-position":"center center","background-size":"auto","background-attachment":"scroll","background-type":"","background-media":"","overlay-type":"","overlay-color":"","overlay-opacity":"","overlay-gradient":""}},"ast-content-background-meta":{"desktop":{"background-color":"var(--ast-global-color-5)","background-image":"","background-repeat":"repeat","background-position":"center center","background-size":"auto","background-attachment":"scroll","background-type":"","background-media":"","overlay-type":"","overlay-color":"","overlay-opacity":"","overlay-gradient":""},"tablet":{"background-color":"var(--ast-global-color-5)","background-image":"","background-repeat":"repeat","background-position":"center center","background-size":"auto","background-attachment":"scroll","background-type":"","background-media":"","overlay-type":"","overlay-color":"","overlay-opacity":"","overlay-gradient":""},"mobile":{"background-color":"var(--ast-global-color-5)","background-image":"","background-repeat":"repeat","background-position":"center center","background-size":"auto","background-attachment":"scroll","background-type":"","background-media":"","overlay-type":"","overlay-color":"","overlay-opacity":"","overlay-gradient":""}}},"product_brand":[],"product_cat":[5310,5344],"product_tag":[],"class_list":{"0":"post-17049","1":"product","2":"type-product","3":"status-publish","4":"has-post-thumbnail","6":"product_cat-medio-ambiente","7":"product_cat-sistemas-de-sujecion-y-almacenamiento-para-bidones","8":"desktop-align-center","9":"tablet-align-center","10":"mobile-align-center","11":"ast-product-gallery-layout-horizontal","12":"ast-product-tabs-layout-horizontal","14":"first","15":"onbackorder","16":"taxable","17":"shipping-taxable","18":"product-type-simple"},"acf":[],"yoast_head":"<!-- This site is optimized with the Yoast SEO plugin v27.2 - https:\/\/yoast.com\/product\/yoast-seo-wordpress\/ -->\n<title>Portador de tambor de 3 ruedas - MAQTOOL<\/title>\n<meta name=\"robots\" content=\"index, follow, max-snippet:-1, max-image-preview:large, max-video-preview:-1\" \/>\n<link rel=\"canonical\" href=\"https:\/\/maqtool.pt\/es\/produto\/portador-de-tambor-de-3-ruedas\/\" \/>\n<meta property=\"og:locale\" content=\"es_ES\" \/>\n<meta property=\"og:type\" content=\"article\" \/>\n<meta property=\"og:title\" content=\"Portador de tambor de 3 ruedas - MAQTOOL\" \/>\n<meta property=\"og:description\" content=\"Muy \u00fatil y robusto, este carro permite un f\u00e1cil manejo de bidones de 200 Lt con total seguridad.  Tiene un sistema de bloqueo ajustable a la altura del tambor.  Estructura met\u00e1lica con acabado lacado.  La tercera rueda permite una reducci\u00f3n m\u00e1xima en el esfuerzo de manipulaci\u00f3n ya que todo el peso del tambor descansa sobre las ruedas.\" \/>\n<meta property=\"og:url\" content=\"https:\/\/maqtool.pt\/es\/produto\/portador-de-tambor-de-3-ruedas\/\" \/>\n<meta property=\"og:site_name\" content=\"MAQTOOL\" \/>\n<meta property=\"article:publisher\" content=\"https:\/\/www.facebook.com\/cobermaster\" \/>\n<meta property=\"article:modified_time\" content=\"2022-12-21T14:28:43+00:00\" \/>\n<meta property=\"og:image\" content=\"https:\/\/maqtool.pt\/wp-content\/uploads\/2021\/05\/COB2073-Carro-Porta-Bidoes-com-3-Rodas.jpg\" \/>\n\t<meta property=\"og:image:width\" content=\"800\" \/>\n\t<meta property=\"og:image:height\" content=\"800\" \/>\n\t<meta property=\"og:image:type\" content=\"image\/jpeg\" \/>\n<meta name=\"twitter:card\" content=\"summary_large_image\" \/>\n<meta name=\"twitter:label1\" content=\"Tiempo de lectura\" \/>\n\t<meta name=\"twitter:data1\" content=\"1 minuto\" \/>\n<script type=\"application\/ld+json\" class=\"yoast-schema-graph\">{\"@context\":\"https:\/\/schema.org\",\"@graph\":[{\"@type\":\"WebPage\",\"@id\":\"https:\/\/maqtool.pt\/es\/produto\/portador-de-tambor-de-3-ruedas\/\",\"url\":\"https:\/\/maqtool.pt\/es\/produto\/portador-de-tambor-de-3-ruedas\/\",\"name\":\"Portador de tambor de 3 ruedas - MAQTOOL\",\"isPartOf\":{\"@id\":\"https:\/\/maqtool.pt\/#website\"},\"primaryImageOfPage\":{\"@id\":\"https:\/\/maqtool.pt\/es\/produto\/portador-de-tambor-de-3-ruedas\/#primaryimage\"},\"image\":{\"@id\":\"https:\/\/maqtool.pt\/es\/produto\/portador-de-tambor-de-3-ruedas\/#primaryimage\"},\"thumbnailUrl\":\"https:\/\/maqtool.pt\/wp-content\/uploads\/2021\/05\/COB2073-Carro-Porta-Bidoes-com-3-Rodas.jpg\",\"datePublished\":\"2021-05-23T17:18:11+00:00\",\"dateModified\":\"2022-12-21T14:28:43+00:00\",\"breadcrumb\":{\"@id\":\"https:\/\/maqtool.pt\/es\/produto\/portador-de-tambor-de-3-ruedas\/#breadcrumb\"},\"inLanguage\":\"es\",\"potentialAction\":[{\"@type\":\"ReadAction\",\"target\":[\"https:\/\/maqtool.pt\/es\/produto\/portador-de-tambor-de-3-ruedas\/\"]}]},{\"@type\":\"ImageObject\",\"inLanguage\":\"es\",\"@id\":\"https:\/\/maqtool.pt\/es\/produto\/portador-de-tambor-de-3-ruedas\/#primaryimage\",\"url\":\"https:\/\/maqtool.pt\/wp-content\/uploads\/2021\/05\/COB2073-Carro-Porta-Bidoes-com-3-Rodas.jpg\",\"contentUrl\":\"https:\/\/maqtool.pt\/wp-content\/uploads\/2021\/05\/COB2073-Carro-Porta-Bidoes-com-3-Rodas.jpg\",\"width\":800,\"height\":800},{\"@type\":\"BreadcrumbList\",\"@id\":\"https:\/\/maqtool.pt\/es\/produto\/portador-de-tambor-de-3-ruedas\/#breadcrumb\",\"itemListElement\":[{\"@type\":\"ListItem\",\"position\":1,\"name\":\"In\u00edcio\",\"item\":\"https:\/\/maqtool.pt\/es\/home\/\"},{\"@type\":\"ListItem\",\"position\":2,\"name\":\"Produtos\",\"item\":\"https:\/\/maqtool.pt\/produtos\/\"},{\"@type\":\"ListItem\",\"position\":3,\"name\":\"Portador de tambor de 3 ruedas\"}]},{\"@type\":\"WebSite\",\"@id\":\"https:\/\/maqtool.pt\/#website\",\"url\":\"https:\/\/maqtool.pt\/\",\"name\":\"Cobermaster Industry\",\"description\":\"\",\"publisher\":{\"@id\":\"https:\/\/maqtool.pt\/#organization\"},\"potentialAction\":[{\"@type\":\"SearchAction\",\"target\":{\"@type\":\"EntryPoint\",\"urlTemplate\":\"https:\/\/maqtool.pt\/?s={search_term_string}\"},\"query-input\":{\"@type\":\"PropertyValueSpecification\",\"valueRequired\":true,\"valueName\":\"search_term_string\"}}],\"inLanguage\":\"es\"},{\"@type\":\"Organization\",\"@id\":\"https:\/\/maqtool.pt\/#organization\",\"name\":\"MAQTOOL\",\"url\":\"https:\/\/maqtool.pt\/\",\"logo\":{\"@type\":\"ImageObject\",\"inLanguage\":\"es\",\"@id\":\"https:\/\/maqtool.pt\/#\/schema\/logo\/image\/\",\"url\":\"https:\/\/maqtool.pt\/wp-content\/uploads\/2022\/09\/MAQTOOL-LOGO.jpg\",\"contentUrl\":\"https:\/\/maqtool.pt\/wp-content\/uploads\/2022\/09\/MAQTOOL-LOGO.jpg\",\"width\":762,\"height\":228,\"caption\":\"MAQTOOL\"},\"image\":{\"@id\":\"https:\/\/maqtool.pt\/#\/schema\/logo\/image\/\"},\"sameAs\":[\"https:\/\/www.facebook.com\/cobermaster\"]}]}<\/script>\n<!-- \/ Yoast SEO plugin. -->","yoast_head_json":{"title":"Portador de tambor de 3 ruedas - MAQTOOL","robots":{"index":"index","follow":"follow","max-snippet":"max-snippet:-1","max-image-preview":"max-image-preview:large","max-video-preview":"max-video-preview:-1"},"canonical":"https:\/\/maqtool.pt\/es\/produto\/portador-de-tambor-de-3-ruedas\/","og_locale":"es_ES","og_type":"article","og_title":"Portador de tambor de 3 ruedas - MAQTOOL","og_description":"Muy \u00fatil y robusto, este carro permite un f\u00e1cil manejo de bidones de 200 Lt con total seguridad.  Tiene un sistema de bloqueo ajustable a la altura del tambor.  Estructura met\u00e1lica con acabado lacado.  La tercera rueda permite una reducci\u00f3n m\u00e1xima en el esfuerzo de manipulaci\u00f3n ya que todo el peso del tambor descansa sobre las ruedas.","og_url":"https:\/\/maqtool.pt\/es\/produto\/portador-de-tambor-de-3-ruedas\/","og_site_name":"MAQTOOL","article_publisher":"https:\/\/www.facebook.com\/cobermaster","article_modified_time":"2022-12-21T14:28:43+00:00","og_image":[{"width":800,"height":800,"url":"https:\/\/maqtool.pt\/wp-content\/uploads\/2021\/05\/COB2073-Carro-Porta-Bidoes-com-3-Rodas.jpg","type":"image\/jpeg"}],"twitter_card":"summary_large_image","twitter_misc":{"Tiempo de lectura":"1 minuto"},"schema":{"@context":"https:\/\/schema.org","@graph":[{"@type":"WebPage","@id":"https:\/\/maqtool.pt\/es\/produto\/portador-de-tambor-de-3-ruedas\/","url":"https:\/\/maqtool.pt\/es\/produto\/portador-de-tambor-de-3-ruedas\/","name":"Portador de tambor de 3 ruedas - MAQTOOL","isPartOf":{"@id":"https:\/\/maqtool.pt\/#website"},"primaryImageOfPage":{"@id":"https:\/\/maqtool.pt\/es\/produto\/portador-de-tambor-de-3-ruedas\/#primaryimage"},"image":{"@id":"https:\/\/maqtool.pt\/es\/produto\/portador-de-tambor-de-3-ruedas\/#primaryimage"},"thumbnailUrl":"https:\/\/maqtool.pt\/wp-content\/uploads\/2021\/05\/COB2073-Carro-Porta-Bidoes-com-3-Rodas.jpg","datePublished":"2021-05-23T17:18:11+00:00","dateModified":"2022-12-21T14:28:43+00:00","breadcrumb":{"@id":"https:\/\/maqtool.pt\/es\/produto\/portador-de-tambor-de-3-ruedas\/#breadcrumb"},"inLanguage":"es","potentialAction":[{"@type":"ReadAction","target":["https:\/\/maqtool.pt\/es\/produto\/portador-de-tambor-de-3-ruedas\/"]}]},{"@type":"ImageObject","inLanguage":"es","@id":"https:\/\/maqtool.pt\/es\/produto\/portador-de-tambor-de-3-ruedas\/#primaryimage","url":"https:\/\/maqtool.pt\/wp-content\/uploads\/2021\/05\/COB2073-Carro-Porta-Bidoes-com-3-Rodas.jpg","contentUrl":"https:\/\/maqtool.pt\/wp-content\/uploads\/2021\/05\/COB2073-Carro-Porta-Bidoes-com-3-Rodas.jpg","width":800,"height":800},{"@type":"BreadcrumbList","@id":"https:\/\/maqtool.pt\/es\/produto\/portador-de-tambor-de-3-ruedas\/#breadcrumb","itemListElement":[{"@type":"ListItem","position":1,"name":"In\u00edcio","item":"https:\/\/maqtool.pt\/es\/home\/"},{"@type":"ListItem","position":2,"name":"Produtos","item":"https:\/\/maqtool.pt\/produtos\/"},{"@type":"ListItem","position":3,"name":"Portador de tambor de 3 ruedas"}]},{"@type":"WebSite","@id":"https:\/\/maqtool.pt\/#website","url":"https:\/\/maqtool.pt\/","name":"Cobermaster Industry","description":"","publisher":{"@id":"https:\/\/maqtool.pt\/#organization"},"potentialAction":[{"@type":"SearchAction","target":{"@type":"EntryPoint","urlTemplate":"https:\/\/maqtool.pt\/?s={search_term_string}"},"query-input":{"@type":"PropertyValueSpecification","valueRequired":true,"valueName":"search_term_string"}}],"inLanguage":"es"},{"@type":"Organization","@id":"https:\/\/maqtool.pt\/#organization","name":"MAQTOOL","url":"https:\/\/maqtool.pt\/","logo":{"@type":"ImageObject","inLanguage":"es","@id":"https:\/\/maqtool.pt\/#\/schema\/logo\/image\/","url":"https:\/\/maqtool.pt\/wp-content\/uploads\/2022\/09\/MAQTOOL-LOGO.jpg","contentUrl":"https:\/\/maqtool.pt\/wp-content\/uploads\/2022\/09\/MAQTOOL-LOGO.jpg","width":762,"height":228,"caption":"MAQTOOL"},"image":{"@id":"https:\/\/maqtool.pt\/#\/schema\/logo\/image\/"},"sameAs":["https:\/\/www.facebook.com\/cobermaster"]}]}},"uagb_featured_image_src":{"full":["https:\/\/maqtool.pt\/wp-content\/uploads\/2021\/05\/COB2073-Carro-Porta-Bidoes-com-3-Rodas.jpg",800,800,false],"thumbnail":["https:\/\/maqtool.pt\/wp-content\/uploads\/2021\/05\/COB2073-Carro-Porta-Bidoes-com-3-Rodas-150x150.jpg",150,150,true],"medium":["https:\/\/maqtool.pt\/wp-content\/uploads\/2021\/05\/COB2073-Carro-Porta-Bidoes-com-3-Rodas-300x300.jpg",300,300,true],"medium_large":["https:\/\/maqtool.pt\/wp-content\/uploads\/2021\/05\/COB2073-Carro-Porta-Bidoes-com-3-Rodas-768x768.jpg",768,768,true],"large":["https:\/\/maqtool.pt\/wp-content\/uploads\/2021\/05\/COB2073-Carro-Porta-Bidoes-com-3-Rodas.jpg",800,800,false],"1536x1536":["https:\/\/maqtool.pt\/wp-content\/uploads\/2021\/05\/COB2073-Carro-Porta-Bidoes-com-3-Rodas.jpg",800,800,false],"2048x2048":["https:\/\/maqtool.pt\/wp-content\/uploads\/2021\/05\/COB2073-Carro-Porta-Bidoes-com-3-Rodas.jpg",800,800,false],"woocommerce_thumbnail":["https:\/\/maqtool.pt\/wp-content\/uploads\/2021\/05\/COB2073-Carro-Porta-Bidoes-com-3-Rodas-400x400.jpg",400,400,true],"woocommerce_single":["https:\/\/maqtool.pt\/wp-content\/uploads\/2021\/05\/COB2073-Carro-Porta-Bidoes-com-3-Rodas-600x600.jpg",600,600,true],"woocommerce_gallery_thumbnail":["https:\/\/maqtool.pt\/wp-content\/uploads\/2021\/05\/COB2073-Carro-Porta-Bidoes-com-3-Rodas-100x100.jpg",100,100,true]},"uagb_author_info":{"display_name":"pedrocandeias","author_link":"https:\/\/maqtool.pt\/es\/author\/"},"uagb_comment_info":0,"uagb_excerpt":"Muy \u00fatil y robusto, este carro permite un f\u00e1cil manejo de bidones de 200 Lt con total seguridad. Tiene un sistema de bloqueo ajustable a la altura del tambor. Estructura met\u00e1lica con acabado lacado. La tercera rueda permite una reducci\u00f3n m\u00e1xima en el esfuerzo de manipulaci\u00f3n ya que todo el peso del tambor descansa sobre&hellip;","_links":{"self":[{"href":"https:\/\/maqtool.pt\/es\/wp-json\/wp\/v2\/product\/17049","targetHints":{"allow":["GET"]}}],"collection":[{"href":"https:\/\/maqtool.pt\/es\/wp-json\/wp\/v2\/product"}],"about":[{"href":"https:\/\/maqtool.pt\/es\/wp-json\/wp\/v2\/types\/product"}],"wp:featuredmedia":[{"embeddable":true,"href":"https:\/\/maqtool.pt\/es\/wp-json\/wp\/v2\/media\/22622"}],"wp:attachment":[{"href":"https:\/\/maqtool.pt\/es\/wp-json\/wp\/v2\/media?parent=17049"}],"wp:term":[{"taxonomy":"product_brand","embeddable":true,"href":"https:\/\/maqtool.pt\/es\/wp-json\/wp\/v2\/product_brand?post=17049"},{"taxonomy":"product_cat","embeddable":true,"href":"https:\/\/maqtool.pt\/es\/wp-json\/wp\/v2\/product_cat?post=17049"},{"taxonomy":"product_tag","embeddable":true,"href":"https:\/\/maqtool.pt\/es\/wp-json\/wp\/v2\/product_tag?post=17049"}],"curies":[{"name":"wp","href":"https:\/\/api.w.org\/{rel}","templated":true}]}}