{"id":17223,"date":"2021-05-20T14:16:25","date_gmt":"2021-05-20T14:16:25","guid":{"rendered":"https:\/\/maqtool.pt\/produto\/mascarilla-desechable\/"},"modified":"2023-01-09T16:18:14","modified_gmt":"2023-01-09T16:18:14","slug":"mascarilla-reutilizable-ffp3-tarjeta-activa-y-valvula","status":"publish","type":"product","link":"https:\/\/maqtool.pt\/es\/produto\/mascarilla-reutilizable-ffp3-tarjeta-activa-y-valvula\/","title":{"rendered":"Mascarilla reutilizable FFP3 &#8211; Tarjeta activa y v\u00e1lvula"},"content":{"rendered":"<p>\u2013 Con carb\u00f3n activado para una mejor protecci\u00f3n en presencia de olores irritantes y vapores\/gases de baja concentraci\u00f3n<br \/>\n\u2013 reutilizable<br \/>\n\u2013 Protege de aerosoles s\u00f3lidos y\/o l\u00edquidos definidos como t\u00f3xicos<br \/>\n\u2013 Valor de protecci\u00f3n asignado (VPA) 20 x TLV<br \/>\n\u2013 Prueba de obstrucci\u00f3n de dolomita opcional (D) para una respiraci\u00f3n m\u00e1s c\u00f3moda y un rendimiento de filtraci\u00f3n m\u00e1s duradero<br \/>\n\u2013 V\u00e1lvula que reduce las molestias, permitiendo expulsar el aire exhalado evitando la acumulaci\u00f3n de calor en su interior<br \/>\n\u2013 Repelente de l\u00edquidos<br \/>\n\u2013 El bisel flexible proporciona un ajuste c\u00f3modo y seguro<br \/>\n\u2013 Excelente ajuste facial proporcionado por dos el\u00e1sticos termosellados, clip y plaqueta nasal<br \/>\n\u2013 forma de concha<br \/>\n\u2013 10 unidades por caja<\/p>\n<p>Seg\u00fan norma: <strong>EN149<\/strong><\/p>\n<p><strong>ENVASE 10 UNIDADES<\/strong><\/p>\n","protected":false},"excerpt":{"rendered":"<p>\u2013 Con carb\u00f3n activado para una mejor protecci\u00f3n en presencia de olores irritantes y vapores\/gases de baja concentraci\u00f3n<br \/>\n\u2013 reutilizable<br \/>\n\u2013 Protege de aerosoles s\u00f3lidos y\/o l\u00edquidos definidos como t\u00f3xicos<br \/>\n\u2013 Valor de protecci\u00f3n asignado (VPA) 20 x TLV<br \/>\n\u2013 Prueba de obstrucci\u00f3n de dolomita opcional (D) para una respiraci\u00f3n m\u00e1s c\u00f3moda y un rendimiento de filtraci\u00f3n m\u00e1s duradero<br \/>\n\u2013 V\u00e1lvula que reduce las molestias, permitiendo expulsar el aire exhalado evitando la acumulaci\u00f3n de calor en su interior<br \/>\n\u2013 Repelente de l\u00edquidos<br \/>\n\u2013 El bisel flexible proporciona un ajuste c\u00f3modo y seguro<br \/>\n\u2013 Excelente ajuste facial proporcionado por dos el\u00e1sticos termosellados, clip y plaqueta nasal<br \/>\n\u2013 forma de concha<br \/>\n\u2013 10 unidades por caja<\/p>\n<p>Seg\u00fan norma: <strong>EN149<\/strong><\/p>\n<p><strong>ENVASE 10 UNIDADES<\/strong><\/p>\n","protected":false},"featured_media":23650,"template":"","meta":{"_eb_attr":"","_uag_custom_page_level_css":"","site-sidebar-layout":"default","site-content-layout":"default","ast-site-content-layout":"default","site-content-style":"default","site-sidebar-style":"default","ast-global-header-display":"","ast-banner-title-visibility":"","ast-main-header-display":"","ast-hfb-above-header-display":"","ast-hfb-below-header-display":"","ast-hfb-mobile-header-display":"","site-post-title":"","ast-breadcrumbs-content":"","ast-featured-img":"","footer-sml-layout":"","ast-disable-related-posts":"","theme-transparent-header-meta":"default","adv-header-id-meta":"","stick-header-meta":"default","header-above-stick-meta":"","header-main-stick-meta":"","header-below-stick-meta":"","astra-migrate-meta-layouts":"default","ast-page-background-enabled":"default","ast-page-background-meta":{"desktop":{"background-color":"","background-image":"","background-repeat":"repeat","background-position":"center center","background-size":"auto","background-attachment":"scroll","background-type":"","background-media":"","overlay-type":"","overlay-color":"","overlay-opacity":"","overlay-gradient":""},"tablet":{"background-color":"","background-image":"","background-repeat":"repeat","background-position":"center center","background-size":"auto","background-attachment":"scroll","background-type":"","background-media":"","overlay-type":"","overlay-color":"","overlay-opacity":"","overlay-gradient":""},"mobile":{"background-color":"","background-image":"","background-repeat":"repeat","background-position":"center center","background-size":"auto","background-attachment":"scroll","background-type":"","background-media":"","overlay-type":"","overlay-color":"","overlay-opacity":"","overlay-gradient":""}},"ast-content-background-meta":{"desktop":{"background-color":"var(--ast-global-color-5)","background-image":"","background-repeat":"repeat","background-position":"center center","background-size":"auto","background-attachment":"scroll","background-type":"","background-media":"","overlay-type":"","overlay-color":"","overlay-opacity":"","overlay-gradient":""},"tablet":{"background-color":"var(--ast-global-color-5)","background-image":"","background-repeat":"repeat","background-position":"center center","background-size":"auto","background-attachment":"scroll","background-type":"","background-media":"","overlay-type":"","overlay-color":"","overlay-opacity":"","overlay-gradient":""},"mobile":{"background-color":"var(--ast-global-color-5)","background-image":"","background-repeat":"repeat","background-position":"center center","background-size":"auto","background-attachment":"scroll","background-type":"","background-media":"","overlay-type":"","overlay-color":"","overlay-opacity":"","overlay-gradient":""}}},"product_brand":[],"product_cat":[5261,5267],"product_tag":[],"class_list":{"0":"post-17223","1":"product","2":"type-product","3":"status-publish","4":"has-post-thumbnail","6":"product_cat-equipo-de-proteccion","7":"product_cat-proteccion-respiratoria","8":"desktop-align-center","9":"tablet-align-center","10":"mobile-align-center","11":"ast-product-gallery-layout-horizontal","12":"ast-product-gallery-with-no-image","13":"ast-product-tabs-layout-horizontal","15":"first","16":"onbackorder","17":"taxable","18":"shipping-taxable","19":"product-type-simple"},"acf":[],"yoast_head":"<!-- This site is optimized with the Yoast SEO plugin v27.3 - https:\/\/yoast.com\/product\/yoast-seo-wordpress\/ -->\n<title>Mascarilla reutilizable FFP3 - Tarjeta activa y v\u00e1lvula - MAQTOOL<\/title>\n<meta name=\"robots\" content=\"index, follow, max-snippet:-1, max-image-preview:large, max-video-preview:-1\" \/>\n<link rel=\"canonical\" href=\"https:\/\/maqtool.pt\/es\/produto\/mascarilla-reutilizable-ffp3-tarjeta-activa-y-valvula\/\" \/>\n<meta property=\"og:locale\" content=\"es_ES\" \/>\n<meta property=\"og:type\" content=\"article\" \/>\n<meta property=\"og:title\" content=\"Mascarilla reutilizable FFP3 - Tarjeta activa y v\u00e1lvula - MAQTOOL\" \/>\n<meta property=\"og:description\" content=\"\u2013 Con carb\u00f3n activado para una mejor protecci\u00f3n en presencia de olores irritantes y vapores\/gases de baja concentraci\u00f3n \u2013 reutilizable \u2013 Protege de aerosoles s\u00f3lidos y\/o l\u00edquidos definidos como t\u00f3xicos \u2013 Valor de protecci\u00f3n asignado (VPA) 20 x TLV \u2013 Prueba de obstrucci\u00f3n de dolomita opcional (D) para una respiraci\u00f3n m\u00e1s c\u00f3moda y un rendimiento de filtraci\u00f3n m\u00e1s duradero \u2013 V\u00e1lvula que reduce las molestias, permitiendo expulsar el aire exhalado evitando la acumulaci\u00f3n de calor en su interior \u2013 Repelente de l\u00edquidos \u2013 El bisel flexible proporciona un ajuste c\u00f3modo y seguro \u2013 Excelente ajuste facial proporcionado por dos el\u00e1sticos termosellados, clip y plaqueta nasal \u2013 forma de concha \u2013 10 unidades por caja  Seg\u00fan norma: EN149  ENVASE 10 UNIDADES\" \/>\n<meta property=\"og:url\" content=\"https:\/\/maqtool.pt\/es\/produto\/mascarilla-reutilizable-ffp3-tarjeta-activa-y-valvula\/\" \/>\n<meta property=\"og:site_name\" content=\"MAQTOOL\" \/>\n<meta property=\"article:publisher\" content=\"https:\/\/www.facebook.com\/cobermaster\" \/>\n<meta property=\"article:modified_time\" content=\"2023-01-09T16:18:14+00:00\" \/>\n<meta property=\"og:image\" content=\"https:\/\/maqtool.pt\/wp-content\/uploads\/2021\/05\/COB7039-Mascara-Descartavel-FFP3.jpg\" \/>\n\t<meta property=\"og:image:width\" content=\"800\" \/>\n\t<meta property=\"og:image:height\" content=\"800\" \/>\n\t<meta property=\"og:image:type\" content=\"image\/jpeg\" \/>\n<meta name=\"twitter:card\" content=\"summary_large_image\" \/>\n<meta name=\"twitter:label1\" content=\"Tiempo de lectura\" \/>\n\t<meta name=\"twitter:data1\" content=\"1 minuto\" \/>\n<script type=\"application\/ld+json\" class=\"yoast-schema-graph\">{\"@context\":\"https:\\\/\\\/schema.org\",\"@graph\":[{\"@type\":\"WebPage\",\"@id\":\"https:\\\/\\\/maqtool.pt\\\/es\\\/produto\\\/mascarilla-reutilizable-ffp3-tarjeta-activa-y-valvula\\\/\",\"url\":\"https:\\\/\\\/maqtool.pt\\\/es\\\/produto\\\/mascarilla-reutilizable-ffp3-tarjeta-activa-y-valvula\\\/\",\"name\":\"Mascarilla reutilizable FFP3 - Tarjeta activa y v\u00e1lvula - MAQTOOL\",\"isPartOf\":{\"@id\":\"https:\\\/\\\/maqtool.pt\\\/#website\"},\"primaryImageOfPage\":{\"@id\":\"https:\\\/\\\/maqtool.pt\\\/es\\\/produto\\\/mascarilla-reutilizable-ffp3-tarjeta-activa-y-valvula\\\/#primaryimage\"},\"image\":{\"@id\":\"https:\\\/\\\/maqtool.pt\\\/es\\\/produto\\\/mascarilla-reutilizable-ffp3-tarjeta-activa-y-valvula\\\/#primaryimage\"},\"thumbnailUrl\":\"https:\\\/\\\/maqtool.pt\\\/wp-content\\\/uploads\\\/2021\\\/05\\\/COB7039-Mascara-Descartavel-FFP3.jpg\",\"datePublished\":\"2021-05-20T14:16:25+00:00\",\"dateModified\":\"2023-01-09T16:18:14+00:00\",\"breadcrumb\":{\"@id\":\"https:\\\/\\\/maqtool.pt\\\/es\\\/produto\\\/mascarilla-reutilizable-ffp3-tarjeta-activa-y-valvula\\\/#breadcrumb\"},\"inLanguage\":\"es\",\"potentialAction\":[{\"@type\":\"ReadAction\",\"target\":[\"https:\\\/\\\/maqtool.pt\\\/es\\\/produto\\\/mascarilla-reutilizable-ffp3-tarjeta-activa-y-valvula\\\/\"]}]},{\"@type\":\"ImageObject\",\"inLanguage\":\"es\",\"@id\":\"https:\\\/\\\/maqtool.pt\\\/es\\\/produto\\\/mascarilla-reutilizable-ffp3-tarjeta-activa-y-valvula\\\/#primaryimage\",\"url\":\"https:\\\/\\\/maqtool.pt\\\/wp-content\\\/uploads\\\/2021\\\/05\\\/COB7039-Mascara-Descartavel-FFP3.jpg\",\"contentUrl\":\"https:\\\/\\\/maqtool.pt\\\/wp-content\\\/uploads\\\/2021\\\/05\\\/COB7039-Mascara-Descartavel-FFP3.jpg\",\"width\":800,\"height\":800},{\"@type\":\"BreadcrumbList\",\"@id\":\"https:\\\/\\\/maqtool.pt\\\/es\\\/produto\\\/mascarilla-reutilizable-ffp3-tarjeta-activa-y-valvula\\\/#breadcrumb\",\"itemListElement\":[{\"@type\":\"ListItem\",\"position\":1,\"name\":\"In\u00edcio\",\"item\":\"https:\\\/\\\/maqtool.pt\\\/es\\\/home\\\/\"},{\"@type\":\"ListItem\",\"position\":2,\"name\":\"Produtos\",\"item\":\"https:\\\/\\\/maqtool.pt\\\/produtos\\\/\"},{\"@type\":\"ListItem\",\"position\":3,\"name\":\"Mascarilla reutilizable FFP3 &#8211; Tarjeta activa y v\u00e1lvula\"}]},{\"@type\":\"WebSite\",\"@id\":\"https:\\\/\\\/maqtool.pt\\\/#website\",\"url\":\"https:\\\/\\\/maqtool.pt\\\/\",\"name\":\"Cobermaster Industry\",\"description\":\"\",\"publisher\":{\"@id\":\"https:\\\/\\\/maqtool.pt\\\/#organization\"},\"potentialAction\":[{\"@type\":\"SearchAction\",\"target\":{\"@type\":\"EntryPoint\",\"urlTemplate\":\"https:\\\/\\\/maqtool.pt\\\/?s={search_term_string}\"},\"query-input\":{\"@type\":\"PropertyValueSpecification\",\"valueRequired\":true,\"valueName\":\"search_term_string\"}}],\"inLanguage\":\"es\"},{\"@type\":\"Organization\",\"@id\":\"https:\\\/\\\/maqtool.pt\\\/#organization\",\"name\":\"MAQTOOL\",\"url\":\"https:\\\/\\\/maqtool.pt\\\/\",\"logo\":{\"@type\":\"ImageObject\",\"inLanguage\":\"es\",\"@id\":\"https:\\\/\\\/maqtool.pt\\\/#\\\/schema\\\/logo\\\/image\\\/\",\"url\":\"https:\\\/\\\/maqtool.pt\\\/wp-content\\\/uploads\\\/2022\\\/09\\\/MAQTOOL-LOGO.jpg\",\"contentUrl\":\"https:\\\/\\\/maqtool.pt\\\/wp-content\\\/uploads\\\/2022\\\/09\\\/MAQTOOL-LOGO.jpg\",\"width\":762,\"height\":228,\"caption\":\"MAQTOOL\"},\"image\":{\"@id\":\"https:\\\/\\\/maqtool.pt\\\/#\\\/schema\\\/logo\\\/image\\\/\"},\"sameAs\":[\"https:\\\/\\\/www.facebook.com\\\/cobermaster\"]}]}<\/script>\n<!-- \/ Yoast SEO plugin. -->","yoast_head_json":{"title":"Mascarilla reutilizable FFP3 - Tarjeta activa y v\u00e1lvula - MAQTOOL","robots":{"index":"index","follow":"follow","max-snippet":"max-snippet:-1","max-image-preview":"max-image-preview:large","max-video-preview":"max-video-preview:-1"},"canonical":"https:\/\/maqtool.pt\/es\/produto\/mascarilla-reutilizable-ffp3-tarjeta-activa-y-valvula\/","og_locale":"es_ES","og_type":"article","og_title":"Mascarilla reutilizable FFP3 - Tarjeta activa y v\u00e1lvula - MAQTOOL","og_description":"\u2013 Con carb\u00f3n activado para una mejor protecci\u00f3n en presencia de olores irritantes y vapores\/gases de baja concentraci\u00f3n \u2013 reutilizable \u2013 Protege de aerosoles s\u00f3lidos y\/o l\u00edquidos definidos como t\u00f3xicos \u2013 Valor de protecci\u00f3n asignado (VPA) 20 x TLV \u2013 Prueba de obstrucci\u00f3n de dolomita opcional (D) para una respiraci\u00f3n m\u00e1s c\u00f3moda y un rendimiento de filtraci\u00f3n m\u00e1s duradero \u2013 V\u00e1lvula que reduce las molestias, permitiendo expulsar el aire exhalado evitando la acumulaci\u00f3n de calor en su interior \u2013 Repelente de l\u00edquidos \u2013 El bisel flexible proporciona un ajuste c\u00f3modo y seguro \u2013 Excelente ajuste facial proporcionado por dos el\u00e1sticos termosellados, clip y plaqueta nasal \u2013 forma de concha \u2013 10 unidades por caja  Seg\u00fan norma: EN149  ENVASE 10 UNIDADES","og_url":"https:\/\/maqtool.pt\/es\/produto\/mascarilla-reutilizable-ffp3-tarjeta-activa-y-valvula\/","og_site_name":"MAQTOOL","article_publisher":"https:\/\/www.facebook.com\/cobermaster","article_modified_time":"2023-01-09T16:18:14+00:00","og_image":[{"width":800,"height":800,"url":"https:\/\/maqtool.pt\/wp-content\/uploads\/2021\/05\/COB7039-Mascara-Descartavel-FFP3.jpg","type":"image\/jpeg"}],"twitter_card":"summary_large_image","twitter_misc":{"Tiempo de lectura":"1 minuto"},"schema":{"@context":"https:\/\/schema.org","@graph":[{"@type":"WebPage","@id":"https:\/\/maqtool.pt\/es\/produto\/mascarilla-reutilizable-ffp3-tarjeta-activa-y-valvula\/","url":"https:\/\/maqtool.pt\/es\/produto\/mascarilla-reutilizable-ffp3-tarjeta-activa-y-valvula\/","name":"Mascarilla reutilizable FFP3 - Tarjeta activa y v\u00e1lvula - MAQTOOL","isPartOf":{"@id":"https:\/\/maqtool.pt\/#website"},"primaryImageOfPage":{"@id":"https:\/\/maqtool.pt\/es\/produto\/mascarilla-reutilizable-ffp3-tarjeta-activa-y-valvula\/#primaryimage"},"image":{"@id":"https:\/\/maqtool.pt\/es\/produto\/mascarilla-reutilizable-ffp3-tarjeta-activa-y-valvula\/#primaryimage"},"thumbnailUrl":"https:\/\/maqtool.pt\/wp-content\/uploads\/2021\/05\/COB7039-Mascara-Descartavel-FFP3.jpg","datePublished":"2021-05-20T14:16:25+00:00","dateModified":"2023-01-09T16:18:14+00:00","breadcrumb":{"@id":"https:\/\/maqtool.pt\/es\/produto\/mascarilla-reutilizable-ffp3-tarjeta-activa-y-valvula\/#breadcrumb"},"inLanguage":"es","potentialAction":[{"@type":"ReadAction","target":["https:\/\/maqtool.pt\/es\/produto\/mascarilla-reutilizable-ffp3-tarjeta-activa-y-valvula\/"]}]},{"@type":"ImageObject","inLanguage":"es","@id":"https:\/\/maqtool.pt\/es\/produto\/mascarilla-reutilizable-ffp3-tarjeta-activa-y-valvula\/#primaryimage","url":"https:\/\/maqtool.pt\/wp-content\/uploads\/2021\/05\/COB7039-Mascara-Descartavel-FFP3.jpg","contentUrl":"https:\/\/maqtool.pt\/wp-content\/uploads\/2021\/05\/COB7039-Mascara-Descartavel-FFP3.jpg","width":800,"height":800},{"@type":"BreadcrumbList","@id":"https:\/\/maqtool.pt\/es\/produto\/mascarilla-reutilizable-ffp3-tarjeta-activa-y-valvula\/#breadcrumb","itemListElement":[{"@type":"ListItem","position":1,"name":"In\u00edcio","item":"https:\/\/maqtool.pt\/es\/home\/"},{"@type":"ListItem","position":2,"name":"Produtos","item":"https:\/\/maqtool.pt\/produtos\/"},{"@type":"ListItem","position":3,"name":"Mascarilla reutilizable FFP3 &#8211; Tarjeta activa y v\u00e1lvula"}]},{"@type":"WebSite","@id":"https:\/\/maqtool.pt\/#website","url":"https:\/\/maqtool.pt\/","name":"Cobermaster Industry","description":"","publisher":{"@id":"https:\/\/maqtool.pt\/#organization"},"potentialAction":[{"@type":"SearchAction","target":{"@type":"EntryPoint","urlTemplate":"https:\/\/maqtool.pt\/?s={search_term_string}"},"query-input":{"@type":"PropertyValueSpecification","valueRequired":true,"valueName":"search_term_string"}}],"inLanguage":"es"},{"@type":"Organization","@id":"https:\/\/maqtool.pt\/#organization","name":"MAQTOOL","url":"https:\/\/maqtool.pt\/","logo":{"@type":"ImageObject","inLanguage":"es","@id":"https:\/\/maqtool.pt\/#\/schema\/logo\/image\/","url":"https:\/\/maqtool.pt\/wp-content\/uploads\/2022\/09\/MAQTOOL-LOGO.jpg","contentUrl":"https:\/\/maqtool.pt\/wp-content\/uploads\/2022\/09\/MAQTOOL-LOGO.jpg","width":762,"height":228,"caption":"MAQTOOL"},"image":{"@id":"https:\/\/maqtool.pt\/#\/schema\/logo\/image\/"},"sameAs":["https:\/\/www.facebook.com\/cobermaster"]}]}},"uagb_featured_image_src":{"full":["https:\/\/maqtool.pt\/wp-content\/uploads\/2021\/05\/COB7039-Mascara-Descartavel-FFP3.jpg",800,800,false],"thumbnail":["https:\/\/maqtool.pt\/wp-content\/uploads\/2021\/05\/COB7039-Mascara-Descartavel-FFP3-150x150.jpg",150,150,true],"medium":["https:\/\/maqtool.pt\/wp-content\/uploads\/2021\/05\/COB7039-Mascara-Descartavel-FFP3-300x300.jpg",300,300,true],"medium_large":["https:\/\/maqtool.pt\/wp-content\/uploads\/2021\/05\/COB7039-Mascara-Descartavel-FFP3-768x768.jpg",768,768,true],"large":["https:\/\/maqtool.pt\/wp-content\/uploads\/2021\/05\/COB7039-Mascara-Descartavel-FFP3.jpg",800,800,false],"1536x1536":["https:\/\/maqtool.pt\/wp-content\/uploads\/2021\/05\/COB7039-Mascara-Descartavel-FFP3.jpg",800,800,false],"2048x2048":["https:\/\/maqtool.pt\/wp-content\/uploads\/2021\/05\/COB7039-Mascara-Descartavel-FFP3.jpg",800,800,false],"woocommerce_thumbnail":["https:\/\/maqtool.pt\/wp-content\/uploads\/2021\/05\/COB7039-Mascara-Descartavel-FFP3-400x400.jpg",400,400,true],"woocommerce_single":["https:\/\/maqtool.pt\/wp-content\/uploads\/2021\/05\/COB7039-Mascara-Descartavel-FFP3-600x600.jpg",600,600,true],"woocommerce_gallery_thumbnail":["https:\/\/maqtool.pt\/wp-content\/uploads\/2021\/05\/COB7039-Mascara-Descartavel-FFP3-100x100.jpg",100,100,true]},"uagb_author_info":{"display_name":"pedrocandeias","author_link":"https:\/\/maqtool.pt\/es\/author\/"},"uagb_comment_info":0,"uagb_excerpt":"\u2013 Con carb\u00f3n activado para una mejor protecci\u00f3n en presencia de olores irritantes y vapores\/gases de baja concentraci\u00f3n \u2013 reutilizable \u2013 Protege de aerosoles s\u00f3lidos y\/o l\u00edquidos definidos como t\u00f3xicos \u2013 Valor de protecci\u00f3n asignado (VPA) 20 x TLV \u2013 Prueba de obstrucci\u00f3n de dolomita opcional (D) para una respiraci\u00f3n m\u00e1s c\u00f3moda y un rendimiento&hellip;","_links":{"self":[{"href":"https:\/\/maqtool.pt\/es\/wp-json\/wp\/v2\/product\/17223","targetHints":{"allow":["GET"]}}],"collection":[{"href":"https:\/\/maqtool.pt\/es\/wp-json\/wp\/v2\/product"}],"about":[{"href":"https:\/\/maqtool.pt\/es\/wp-json\/wp\/v2\/types\/product"}],"wp:featuredmedia":[{"embeddable":true,"href":"https:\/\/maqtool.pt\/es\/wp-json\/wp\/v2\/media\/23650"}],"wp:attachment":[{"href":"https:\/\/maqtool.pt\/es\/wp-json\/wp\/v2\/media?parent=17223"}],"wp:term":[{"taxonomy":"product_brand","embeddable":true,"href":"https:\/\/maqtool.pt\/es\/wp-json\/wp\/v2\/product_brand?post=17223"},{"taxonomy":"product_cat","embeddable":true,"href":"https:\/\/maqtool.pt\/es\/wp-json\/wp\/v2\/product_cat?post=17223"},{"taxonomy":"product_tag","embeddable":true,"href":"https:\/\/maqtool.pt\/es\/wp-json\/wp\/v2\/product_tag?post=17223"}],"curies":[{"name":"wp","href":"https:\/\/api.w.org\/{rel}","templated":true}]}}