{"id":28801,"date":"2022-10-24T11:35:17","date_gmt":"2022-10-24T11:35:17","guid":{"rendered":"https:\/\/maqtool.pt\/produto\/muela-gws-7-115\/"},"modified":"2023-06-01T00:16:32","modified_gmt":"2023-06-01T00:16:32","slug":"muela-gws-7-115","status":"publish","type":"product","link":"https:\/\/maqtool.pt\/es\/produto\/muela-gws-7-115\/","title":{"rendered":"Muela GWS 7-115"},"content":{"rendered":"<table class=\"table\">\n<colgroup>\n<col class=\"col-xs-5\">\n<col class=\"col-xs-3\"><\/colgroup>\n<thead>\n<tr>\n<th style=\"text-align: left;\" colspan=\"2\">datos mas importantes<\/th>\n<\/tr>\n<\/thead>\n<tbody>\n<tr>\n<td>Potencia de entrada nominal<\/td>\n<td>720 W<\/td>\n<\/tr>\n<tr>\n<td>N\u00famero de revoluciones inactivas*<\/td>\n<td>11.000 r.p.m.<\/td>\n<\/tr>\n<tr>\n<td>Potencia \u00fatil*<\/td>\n<td>300 W<\/td>\n<\/tr>\n<tr>\n<td>Rosca del eje del disco abrasivo<\/td>\n<td>M14<\/td>\n<\/tr>\n<tr>\n<td>\u00d8 de disco<\/td>\n<td>115 mm<\/td>\n<\/tr>\n<tr>\n<td>Plato lijador de goma, \u00d8<\/td>\n<td>115 mm<\/td>\n<\/tr>\n<tr>\n<td>Destornillador tipo tac\u00f3metro, \u00d8<\/td>\n<td>75 mm<\/td>\n<\/tr>\n<tr>\n<td>Peso*<\/td>\n<td>1,9 kg<\/td>\n<\/tr>\n<tr>\n<td>Interruptor<\/td>\n<td>interruptor bloqueable<\/td>\n<\/tr>\n<\/tbody>\n<\/table>\n<table class=\"table\">\n<colgroup>\n<col class=\"col-xs-5\">\n<col class=\"col-xs-3\"><\/colgroup>\n<thead>\n<tr>\n<th style=\"text-align: left;\" colspan=\"2\">Valores de Vibraci\u00f3n Total (Rectificado Superficial &#8211; Desbaste)<\/th>\n<\/tr>\n<\/thead>\n<tbody>\n<tr>\n<td>Valor de emisi\u00f3n de vibraciones ah<\/td>\n<td>1,5 m\/s\u00b2<\/td>\n<\/tr>\n<tr>\n<td>incertidumbre k<\/td>\n<td>6,5 m\/s\u00b2<\/td>\n<\/tr>\n<\/tbody>\n<\/table>\n<table class=\"table\">\n<colgroup>\n<col class=\"col-xs-5\">\n<col class=\"col-xs-3\"><\/colgroup>\n<thead>\n<tr>\n<th style=\"text-align: left;\" colspan=\"2\">Valores de Vibraci\u00f3n Total (Lijado con Papel de Lija)<\/th>\n<\/tr>\n<\/thead>\n<tbody>\n<tr>\n<td>Valor de emisi\u00f3n de vibraciones ah<\/td>\n<td>1,5 m\/s\u00b2<\/td>\n<\/tr>\n<tr>\n<td>incertidumbre k<\/td>\n<td>3,5 m\/s\u00b2<\/td>\n<\/tr>\n<\/tbody>\n<\/table>\n<table class=\"table\">\n<colgroup>\n<col class=\"col-xs-5\">\n<col class=\"col-xs-3\"><\/colgroup>\n<thead>\n<tr>\n<th style=\"text-align: left;\" colspan=\"2\">Informaci\u00f3n sobre ruido y vibraciones<\/th>\n<\/tr>\n<\/thead>\n<tbody>\n<tr>\n<td>nivel de presi\u00f3n de sonido<\/td>\n<td>91 dB(A)<\/td>\n<\/tr>\n<tr>\n<td>nivel de potencia de sonido<\/td>\n<td>102 dB(A)<\/td>\n<\/tr>\n<tr>\n<td>incertidumbre k<\/td>\n<td>3 dB<\/td>\n<\/tr>\n<\/tbody>\n<\/table>\n<p class=\"\">El nivel de sonido de una herramienta el\u00e9ctrica con clasificaci\u00f3n A suele ser: nivel de presi\u00f3n de sonido dB(A); nivel de potencia sonora dB(A). Incertidumbre K= dB.<\/p>\n","protected":false},"excerpt":{"rendered":"<h6 class=\"product-detail-stage__headline\">El mango m\u00e1s peque\u00f1o de la categor\u00eda de 720 W<\/h6>\n<ul class=\"product-detail-stage__list a-list\">\n<li>El peque\u00f1o mango de 176 mm de la mini amoladora angular profesional proporciona la mejor ergonom\u00eda para reducir la fatiga del usuario<\/li>\n<li>El cabezal plano promueve un ritmo de trabajo r\u00e1pido, incluso en lugares de dif\u00edcil acceso<\/li>\n<li>El motor compacto de 720 W proporciona la mejor relaci\u00f3n potencia-manejo para uso continuo<\/li>\n<\/ul>\n","protected":false},"featured_media":26549,"template":"","meta":{"_eb_attr":"","_uag_custom_page_level_css":"","site-sidebar-layout":"default","site-content-layout":"default","ast-site-content-layout":"default","site-content-style":"default","site-sidebar-style":"default","ast-global-header-display":"","ast-banner-title-visibility":"","ast-main-header-display":"","ast-hfb-above-header-display":"","ast-hfb-below-header-display":"","ast-hfb-mobile-header-display":"","site-post-title":"","ast-breadcrumbs-content":"","ast-featured-img":"","footer-sml-layout":"","ast-disable-related-posts":"","theme-transparent-header-meta":"default","adv-header-id-meta":"","stick-header-meta":"default","header-above-stick-meta":"","header-main-stick-meta":"","header-below-stick-meta":"","astra-migrate-meta-layouts":"default","ast-page-background-enabled":"default","ast-page-background-meta":{"desktop":{"background-color":"","background-image":"","background-repeat":"repeat","background-position":"center center","background-size":"auto","background-attachment":"scroll","background-type":"","background-media":"","overlay-type":"","overlay-color":"","overlay-opacity":"","overlay-gradient":""},"tablet":{"background-color":"","background-image":"","background-repeat":"repeat","background-position":"center center","background-size":"auto","background-attachment":"scroll","background-type":"","background-media":"","overlay-type":"","overlay-color":"","overlay-opacity":"","overlay-gradient":""},"mobile":{"background-color":"","background-image":"","background-repeat":"repeat","background-position":"center center","background-size":"auto","background-attachment":"scroll","background-type":"","background-media":"","overlay-type":"","overlay-color":"","overlay-opacity":"","overlay-gradient":""}},"ast-content-background-meta":{"desktop":{"background-color":"var(--ast-global-color-5)","background-image":"","background-repeat":"repeat","background-position":"center center","background-size":"auto","background-attachment":"scroll","background-type":"","background-media":"","overlay-type":"","overlay-color":"","overlay-opacity":"","overlay-gradient":""},"tablet":{"background-color":"var(--ast-global-color-5)","background-image":"","background-repeat":"repeat","background-position":"center center","background-size":"auto","background-attachment":"scroll","background-type":"","background-media":"","overlay-type":"","overlay-color":"","overlay-opacity":"","overlay-gradient":""},"mobile":{"background-color":"var(--ast-global-color-5)","background-image":"","background-repeat":"repeat","background-position":"center center","background-size":"auto","background-attachment":"scroll","background-type":"","background-media":"","overlay-type":"","overlay-color":"","overlay-opacity":"","overlay-gradient":""}}},"product_brand":[],"product_cat":[5255,6778],"product_tag":[],"class_list":{"0":"post-28801","1":"product","2":"type-product","3":"status-publish","4":"has-post-thumbnail","6":"product_cat-herramientas-y-accesorios","7":"product_cat-herramientas-electricas","8":"desktop-align-center","9":"tablet-align-center","10":"mobile-align-center","11":"ast-product-gallery-layout-horizontal","12":"ast-product-gallery-with-no-image","13":"ast-product-tabs-layout-horizontal","15":"first","16":"onbackorder","17":"taxable","18":"shipping-taxable","19":"product-type-simple"},"acf":[],"yoast_head":"<!-- This site is optimized with the Yoast SEO plugin v27.3 - https:\/\/yoast.com\/product\/yoast-seo-wordpress\/ -->\n<title>Muela GWS 7-115 - MAQTOOL<\/title>\n<meta name=\"robots\" content=\"index, follow, max-snippet:-1, max-image-preview:large, max-video-preview:-1\" \/>\n<link rel=\"canonical\" href=\"https:\/\/maqtool.pt\/produto\/muela-gws-7-115\/\" \/>\n<meta property=\"og:locale\" content=\"es_ES\" \/>\n<meta property=\"og:type\" content=\"article\" \/>\n<meta property=\"og:title\" content=\"Muela GWS 7-115 - MAQTOOL\" \/>\n<meta property=\"og:description\" content=\"El mango m\u00e1s peque\u00f1o de la categor\u00eda de 720 W  El peque\u00f1o mango de 176 mm de la mini amoladora angular profesional proporciona la mejor ergonom\u00eda para reducir la fatiga del usuario  El cabezal plano promueve un ritmo de trabajo r\u00e1pido, incluso en lugares de dif\u00edcil acceso  El motor compacto de 720 W proporciona la mejor relaci\u00f3n potencia-manejo para uso continuo\" \/>\n<meta property=\"og:url\" content=\"https:\/\/maqtool.pt\/produto\/muela-gws-7-115\/\" \/>\n<meta property=\"og:site_name\" content=\"MAQTOOL\" \/>\n<meta property=\"article:publisher\" content=\"https:\/\/www.facebook.com\/cobermaster\" \/>\n<meta property=\"article:modified_time\" content=\"2023-06-01T00:16:32+00:00\" \/>\n<meta name=\"twitter:card\" content=\"summary_large_image\" \/>\n<meta name=\"twitter:label1\" content=\"Tiempo de lectura\" \/>\n\t<meta name=\"twitter:data1\" content=\"1 minuto\" \/>\n<script type=\"application\/ld+json\" class=\"yoast-schema-graph\">{\"@context\":\"https:\\\/\\\/schema.org\",\"@graph\":[{\"@type\":\"WebPage\",\"@id\":\"https:\\\/\\\/maqtool.pt\\\/produto\\\/muela-gws-7-115\\\/\",\"url\":\"https:\\\/\\\/maqtool.pt\\\/produto\\\/muela-gws-7-115\\\/\",\"name\":\"Muela GWS 7-115 - MAQTOOL\",\"isPartOf\":{\"@id\":\"https:\\\/\\\/maqtool.pt\\\/#website\"},\"primaryImageOfPage\":{\"@id\":\"https:\\\/\\\/maqtool.pt\\\/produto\\\/muela-gws-7-115\\\/#primaryimage\"},\"image\":{\"@id\":\"https:\\\/\\\/maqtool.pt\\\/produto\\\/muela-gws-7-115\\\/#primaryimage\"},\"thumbnailUrl\":\"https:\\\/\\\/maqtool.pt\\\/wp-content\\\/uploads\\\/2022\\\/10\\\/MAQ-0601388106-Rebarbadora-GWS-7-115.jpg\",\"datePublished\":\"2022-10-24T11:35:17+00:00\",\"dateModified\":\"2023-06-01T00:16:32+00:00\",\"breadcrumb\":{\"@id\":\"https:\\\/\\\/maqtool.pt\\\/produto\\\/muela-gws-7-115\\\/#breadcrumb\"},\"inLanguage\":\"es\",\"potentialAction\":[{\"@type\":\"ReadAction\",\"target\":[\"https:\\\/\\\/maqtool.pt\\\/produto\\\/muela-gws-7-115\\\/\"]}]},{\"@type\":\"ImageObject\",\"inLanguage\":\"es\",\"@id\":\"https:\\\/\\\/maqtool.pt\\\/produto\\\/muela-gws-7-115\\\/#primaryimage\",\"url\":\"https:\\\/\\\/maqtool.pt\\\/wp-content\\\/uploads\\\/2022\\\/10\\\/MAQ-0601388106-Rebarbadora-GWS-7-115.jpg\",\"contentUrl\":\"https:\\\/\\\/maqtool.pt\\\/wp-content\\\/uploads\\\/2022\\\/10\\\/MAQ-0601388106-Rebarbadora-GWS-7-115.jpg\",\"width\":800,\"height\":800},{\"@type\":\"BreadcrumbList\",\"@id\":\"https:\\\/\\\/maqtool.pt\\\/produto\\\/muela-gws-7-115\\\/#breadcrumb\",\"itemListElement\":[{\"@type\":\"ListItem\",\"position\":1,\"name\":\"In\u00edcio\",\"item\":\"https:\\\/\\\/maqtool.pt\\\/es\\\/home\\\/\"},{\"@type\":\"ListItem\",\"position\":2,\"name\":\"Produtos\",\"item\":\"https:\\\/\\\/maqtool.pt\\\/produtos\\\/\"},{\"@type\":\"ListItem\",\"position\":3,\"name\":\"Muela GWS 7-115\"}]},{\"@type\":\"WebSite\",\"@id\":\"https:\\\/\\\/maqtool.pt\\\/#website\",\"url\":\"https:\\\/\\\/maqtool.pt\\\/\",\"name\":\"Cobermaster Industry\",\"description\":\"\",\"publisher\":{\"@id\":\"https:\\\/\\\/maqtool.pt\\\/#organization\"},\"potentialAction\":[{\"@type\":\"SearchAction\",\"target\":{\"@type\":\"EntryPoint\",\"urlTemplate\":\"https:\\\/\\\/maqtool.pt\\\/?s={search_term_string}\"},\"query-input\":{\"@type\":\"PropertyValueSpecification\",\"valueRequired\":true,\"valueName\":\"search_term_string\"}}],\"inLanguage\":\"es\"},{\"@type\":\"Organization\",\"@id\":\"https:\\\/\\\/maqtool.pt\\\/#organization\",\"name\":\"MAQTOOL\",\"url\":\"https:\\\/\\\/maqtool.pt\\\/\",\"logo\":{\"@type\":\"ImageObject\",\"inLanguage\":\"es\",\"@id\":\"https:\\\/\\\/maqtool.pt\\\/#\\\/schema\\\/logo\\\/image\\\/\",\"url\":\"https:\\\/\\\/maqtool.pt\\\/wp-content\\\/uploads\\\/2022\\\/09\\\/MAQTOOL-LOGO.jpg\",\"contentUrl\":\"https:\\\/\\\/maqtool.pt\\\/wp-content\\\/uploads\\\/2022\\\/09\\\/MAQTOOL-LOGO.jpg\",\"width\":762,\"height\":228,\"caption\":\"MAQTOOL\"},\"image\":{\"@id\":\"https:\\\/\\\/maqtool.pt\\\/#\\\/schema\\\/logo\\\/image\\\/\"},\"sameAs\":[\"https:\\\/\\\/www.facebook.com\\\/cobermaster\"]}]}<\/script>\n<!-- \/ Yoast SEO plugin. -->","yoast_head_json":{"title":"Muela GWS 7-115 - MAQTOOL","robots":{"index":"index","follow":"follow","max-snippet":"max-snippet:-1","max-image-preview":"max-image-preview:large","max-video-preview":"max-video-preview:-1"},"canonical":"https:\/\/maqtool.pt\/produto\/muela-gws-7-115\/","og_locale":"es_ES","og_type":"article","og_title":"Muela GWS 7-115 - MAQTOOL","og_description":"El mango m\u00e1s peque\u00f1o de la categor\u00eda de 720 W  El peque\u00f1o mango de 176 mm de la mini amoladora angular profesional proporciona la mejor ergonom\u00eda para reducir la fatiga del usuario  El cabezal plano promueve un ritmo de trabajo r\u00e1pido, incluso en lugares de dif\u00edcil acceso  El motor compacto de 720 W proporciona la mejor relaci\u00f3n potencia-manejo para uso continuo","og_url":"https:\/\/maqtool.pt\/produto\/muela-gws-7-115\/","og_site_name":"MAQTOOL","article_publisher":"https:\/\/www.facebook.com\/cobermaster","article_modified_time":"2023-06-01T00:16:32+00:00","twitter_card":"summary_large_image","twitter_misc":{"Tiempo de lectura":"1 minuto"},"schema":{"@context":"https:\/\/schema.org","@graph":[{"@type":"WebPage","@id":"https:\/\/maqtool.pt\/produto\/muela-gws-7-115\/","url":"https:\/\/maqtool.pt\/produto\/muela-gws-7-115\/","name":"Muela GWS 7-115 - MAQTOOL","isPartOf":{"@id":"https:\/\/maqtool.pt\/#website"},"primaryImageOfPage":{"@id":"https:\/\/maqtool.pt\/produto\/muela-gws-7-115\/#primaryimage"},"image":{"@id":"https:\/\/maqtool.pt\/produto\/muela-gws-7-115\/#primaryimage"},"thumbnailUrl":"https:\/\/maqtool.pt\/wp-content\/uploads\/2022\/10\/MAQ-0601388106-Rebarbadora-GWS-7-115.jpg","datePublished":"2022-10-24T11:35:17+00:00","dateModified":"2023-06-01T00:16:32+00:00","breadcrumb":{"@id":"https:\/\/maqtool.pt\/produto\/muela-gws-7-115\/#breadcrumb"},"inLanguage":"es","potentialAction":[{"@type":"ReadAction","target":["https:\/\/maqtool.pt\/produto\/muela-gws-7-115\/"]}]},{"@type":"ImageObject","inLanguage":"es","@id":"https:\/\/maqtool.pt\/produto\/muela-gws-7-115\/#primaryimage","url":"https:\/\/maqtool.pt\/wp-content\/uploads\/2022\/10\/MAQ-0601388106-Rebarbadora-GWS-7-115.jpg","contentUrl":"https:\/\/maqtool.pt\/wp-content\/uploads\/2022\/10\/MAQ-0601388106-Rebarbadora-GWS-7-115.jpg","width":800,"height":800},{"@type":"BreadcrumbList","@id":"https:\/\/maqtool.pt\/produto\/muela-gws-7-115\/#breadcrumb","itemListElement":[{"@type":"ListItem","position":1,"name":"In\u00edcio","item":"https:\/\/maqtool.pt\/es\/home\/"},{"@type":"ListItem","position":2,"name":"Produtos","item":"https:\/\/maqtool.pt\/produtos\/"},{"@type":"ListItem","position":3,"name":"Muela GWS 7-115"}]},{"@type":"WebSite","@id":"https:\/\/maqtool.pt\/#website","url":"https:\/\/maqtool.pt\/","name":"Cobermaster Industry","description":"","publisher":{"@id":"https:\/\/maqtool.pt\/#organization"},"potentialAction":[{"@type":"SearchAction","target":{"@type":"EntryPoint","urlTemplate":"https:\/\/maqtool.pt\/?s={search_term_string}"},"query-input":{"@type":"PropertyValueSpecification","valueRequired":true,"valueName":"search_term_string"}}],"inLanguage":"es"},{"@type":"Organization","@id":"https:\/\/maqtool.pt\/#organization","name":"MAQTOOL","url":"https:\/\/maqtool.pt\/","logo":{"@type":"ImageObject","inLanguage":"es","@id":"https:\/\/maqtool.pt\/#\/schema\/logo\/image\/","url":"https:\/\/maqtool.pt\/wp-content\/uploads\/2022\/09\/MAQTOOL-LOGO.jpg","contentUrl":"https:\/\/maqtool.pt\/wp-content\/uploads\/2022\/09\/MAQTOOL-LOGO.jpg","width":762,"height":228,"caption":"MAQTOOL"},"image":{"@id":"https:\/\/maqtool.pt\/#\/schema\/logo\/image\/"},"sameAs":["https:\/\/www.facebook.com\/cobermaster"]}]}},"uagb_featured_image_src":{"full":["https:\/\/maqtool.pt\/wp-content\/uploads\/2022\/10\/MAQ-0601388106-Rebarbadora-GWS-7-115.jpg",800,800,false],"thumbnail":["https:\/\/maqtool.pt\/wp-content\/uploads\/2022\/10\/MAQ-0601388106-Rebarbadora-GWS-7-115-150x150.jpg",150,150,true],"medium":["https:\/\/maqtool.pt\/wp-content\/uploads\/2022\/10\/MAQ-0601388106-Rebarbadora-GWS-7-115-300x300.jpg",300,300,true],"medium_large":["https:\/\/maqtool.pt\/wp-content\/uploads\/2022\/10\/MAQ-0601388106-Rebarbadora-GWS-7-115-768x768.jpg",768,768,true],"large":["https:\/\/maqtool.pt\/wp-content\/uploads\/2022\/10\/MAQ-0601388106-Rebarbadora-GWS-7-115.jpg",800,800,false],"1536x1536":["https:\/\/maqtool.pt\/wp-content\/uploads\/2022\/10\/MAQ-0601388106-Rebarbadora-GWS-7-115.jpg",800,800,false],"2048x2048":["https:\/\/maqtool.pt\/wp-content\/uploads\/2022\/10\/MAQ-0601388106-Rebarbadora-GWS-7-115.jpg",800,800,false],"woocommerce_thumbnail":["https:\/\/maqtool.pt\/wp-content\/uploads\/2022\/10\/MAQ-0601388106-Rebarbadora-GWS-7-115-400x400.jpg",400,400,true],"woocommerce_single":["https:\/\/maqtool.pt\/wp-content\/uploads\/2022\/10\/MAQ-0601388106-Rebarbadora-GWS-7-115-600x600.jpg",600,600,true],"woocommerce_gallery_thumbnail":["https:\/\/maqtool.pt\/wp-content\/uploads\/2022\/10\/MAQ-0601388106-Rebarbadora-GWS-7-115-100x100.jpg",100,100,true]},"uagb_author_info":{"display_name":"Jo\u00e3o Santos","author_link":"https:\/\/maqtool.pt\/es\/author\/"},"uagb_comment_info":0,"uagb_excerpt":"El mango m\u00e1s peque\u00f1o de la categor\u00eda de 720 W El peque\u00f1o mango de 176 mm de la mini amoladora angular profesional proporciona la mejor ergonom\u00eda para reducir la fatiga del usuario El cabezal plano promueve un ritmo de trabajo r\u00e1pido, incluso en lugares de dif\u00edcil acceso El motor compacto de 720 W proporciona la&hellip;","_links":{"self":[{"href":"https:\/\/maqtool.pt\/es\/wp-json\/wp\/v2\/product\/28801","targetHints":{"allow":["GET"]}}],"collection":[{"href":"https:\/\/maqtool.pt\/es\/wp-json\/wp\/v2\/product"}],"about":[{"href":"https:\/\/maqtool.pt\/es\/wp-json\/wp\/v2\/types\/product"}],"wp:featuredmedia":[{"embeddable":true,"href":"https:\/\/maqtool.pt\/es\/wp-json\/wp\/v2\/media\/26549"}],"wp:attachment":[{"href":"https:\/\/maqtool.pt\/es\/wp-json\/wp\/v2\/media?parent=28801"}],"wp:term":[{"taxonomy":"product_brand","embeddable":true,"href":"https:\/\/maqtool.pt\/es\/wp-json\/wp\/v2\/product_brand?post=28801"},{"taxonomy":"product_cat","embeddable":true,"href":"https:\/\/maqtool.pt\/es\/wp-json\/wp\/v2\/product_cat?post=28801"},{"taxonomy":"product_tag","embeddable":true,"href":"https:\/\/maqtool.pt\/es\/wp-json\/wp\/v2\/product_tag?post=28801"}],"curies":[{"name":"wp","href":"https:\/\/api.w.org\/{rel}","templated":true}]}}