{"id":28859,"date":"2021-05-26T18:34:03","date_gmt":"2021-05-26T18:34:03","guid":{"rendered":"https:\/\/maqtool.pt\/produto\/contenedor-de-recogida-selectiva-de-2500l\/"},"modified":"2021-05-26T18:34:03","modified_gmt":"2021-05-26T18:34:03","slug":"contenedor-recogida-selectiva-2500l-2","status":"publish","type":"product","link":"https:\/\/maqtool.pt\/es\/produto\/contenedor-recogida-selectiva-2500l-2\/","title":{"rendered":"Contenedor de recogida selectiva de 2500L"},"content":{"rendered":"<p>Contenedor de recogida selectiva con apertura de doble aro.<\/p>\n<p>Contentor com capacidade para 2500L, com forma paralelepip\u00e9dica, o que facilita a coloca\u00e7\u00e3o de v \u00e1rios contentores justapostos, para uma melhor integra\u00e7\u00e3o.<\/p>\n<p>Fabricado en polietileno de alta densidad (HDPE), mediante proceso de rotomoldeo.<\/p>\n<p>Con protecci\u00f3n UV.<\/p>\n<p>Posibilidad de fabricaci\u00f3n en varios colores.<\/p>\n","protected":false},"excerpt":{"rendered":"<p>Contenedor de recogida selectiva con apertura de doble aro.<\/p>\n<p>Contentor com capacidade para 2500L, com forma paralelepip\u00e9dica, o que facilita a coloca\u00e7\u00e3o de v \u00e1rios contentores justapostos, para uma melhor integra\u00e7\u00e3o.<\/p>\n<p>Fabricado en polietileno de alta densidad (HDPE), mediante proceso de rotomoldeo.<\/p>\n<p>Con protecci\u00f3n UV.<\/p>\n<p>Posibilidad de fabricaci\u00f3n en varios colores.<\/p>\n","protected":false},"featured_media":5589,"template":"","meta":{"_eb_attr":"","_uag_custom_page_level_css":"","site-sidebar-layout":"default","site-content-layout":"default","ast-site-content-layout":"default","site-content-style":"default","site-sidebar-style":"default","ast-global-header-display":"","ast-banner-title-visibility":"","ast-main-header-display":"","ast-hfb-above-header-display":"","ast-hfb-below-header-display":"","ast-hfb-mobile-header-display":"","site-post-title":"","ast-breadcrumbs-content":"","ast-featured-img":"","footer-sml-layout":"","ast-disable-related-posts":"","theme-transparent-header-meta":"default","adv-header-id-meta":"","stick-header-meta":"default","header-above-stick-meta":"","header-main-stick-meta":"","header-below-stick-meta":"","astra-migrate-meta-layouts":"default","ast-page-background-enabled":"default","ast-page-background-meta":{"desktop":{"background-color":"","background-image":"","background-repeat":"repeat","background-position":"center center","background-size":"auto","background-attachment":"scroll","background-type":"","background-media":"","overlay-type":"","overlay-color":"","overlay-opacity":"","overlay-gradient":""},"tablet":{"background-color":"","background-image":"","background-repeat":"repeat","background-position":"center center","background-size":"auto","background-attachment":"scroll","background-type":"","background-media":"","overlay-type":"","overlay-color":"","overlay-opacity":"","overlay-gradient":""},"mobile":{"background-color":"","background-image":"","background-repeat":"repeat","background-position":"center center","background-size":"auto","background-attachment":"scroll","background-type":"","background-media":"","overlay-type":"","overlay-color":"","overlay-opacity":"","overlay-gradient":""}},"ast-content-background-meta":{"desktop":{"background-color":"var(--ast-global-color-5)","background-image":"","background-repeat":"repeat","background-position":"center center","background-size":"auto","background-attachment":"scroll","background-type":"","background-media":"","overlay-type":"","overlay-color":"","overlay-opacity":"","overlay-gradient":""},"tablet":{"background-color":"var(--ast-global-color-5)","background-image":"","background-repeat":"repeat","background-position":"center center","background-size":"auto","background-attachment":"scroll","background-type":"","background-media":"","overlay-type":"","overlay-color":"","overlay-opacity":"","overlay-gradient":""},"mobile":{"background-color":"var(--ast-global-color-5)","background-image":"","background-repeat":"repeat","background-position":"center center","background-size":"auto","background-attachment":"scroll","background-type":"","background-media":"","overlay-type":"","overlay-color":"","overlay-opacity":"","overlay-gradient":""}}},"product_brand":[],"product_cat":[5289,5310],"product_tag":[],"class_list":{"0":"post-28859","1":"product","2":"type-product","3":"status-publish","4":"has-post-thumbnail","6":"product_cat-envases-de-reciclaje-y-multiproposito","7":"product_cat-medio-ambiente","8":"desktop-align-center","9":"tablet-align-center","10":"mobile-align-center","11":"ast-product-gallery-layout-horizontal","12":"ast-product-tabs-layout-horizontal","14":"first","15":"onbackorder","16":"taxable","17":"shipping-taxable","18":"product-type-simple"},"acf":[],"yoast_head":"<!-- This site is optimized with the Yoast SEO plugin v27.3 - https:\/\/yoast.com\/product\/yoast-seo-wordpress\/ -->\n<title>Contenedor de recogida selectiva de 2500L - MAQTOOL<\/title>\n<meta name=\"robots\" content=\"index, follow, max-snippet:-1, max-image-preview:large, max-video-preview:-1\" \/>\n<link rel=\"canonical\" href=\"https:\/\/maqtool.pt\/produto\/contenedor-de-recogida-selectiva-de-2500l\/\" \/>\n<meta property=\"og:locale\" content=\"es_ES\" \/>\n<meta property=\"og:type\" content=\"article\" \/>\n<meta property=\"og:title\" content=\"Contenedor de recogida selectiva de 2500L - MAQTOOL\" \/>\n<meta property=\"og:description\" content=\"Contenedor de recogida selectiva con apertura de doble aro. Contentor com capacidade para 2500L, com forma paralelepip\u00e9dica, o que facilita a coloca\u00e7\u00e3o de v \u00e1rios contentores justapostos, para uma melhor integra\u00e7\u00e3o. Fabricado en polietileno de alta densidad (HDPE), mediante proceso de rotomoldeo. Con protecci\u00f3n UV. Posibilidad de fabricaci\u00f3n en varios colores.\" \/>\n<meta property=\"og:url\" content=\"https:\/\/maqtool.pt\/produto\/contenedor-de-recogida-selectiva-de-2500l\/\" \/>\n<meta property=\"og:site_name\" content=\"MAQTOOL\" \/>\n<meta property=\"article:publisher\" content=\"https:\/\/www.facebook.com\/cobermaster\" \/>\n<meta name=\"twitter:card\" content=\"summary_large_image\" \/>\n<script type=\"application\/ld+json\" class=\"yoast-schema-graph\">{\"@context\":\"https:\\\/\\\/schema.org\",\"@graph\":[{\"@type\":\"WebPage\",\"@id\":\"https:\\\/\\\/maqtool.pt\\\/produto\\\/contenedor-de-recogida-selectiva-de-2500l\\\/\",\"url\":\"https:\\\/\\\/maqtool.pt\\\/produto\\\/contenedor-de-recogida-selectiva-de-2500l\\\/\",\"name\":\"Contenedor de recogida selectiva de 2500L - MAQTOOL\",\"isPartOf\":{\"@id\":\"https:\\\/\\\/maqtool.pt\\\/#website\"},\"primaryImageOfPage\":{\"@id\":\"https:\\\/\\\/maqtool.pt\\\/produto\\\/contenedor-de-recogida-selectiva-de-2500l\\\/#primaryimage\"},\"image\":{\"@id\":\"https:\\\/\\\/maqtool.pt\\\/produto\\\/contenedor-de-recogida-selectiva-de-2500l\\\/#primaryimage\"},\"thumbnailUrl\":\"https:\\\/\\\/maqtool.pt\\\/wp-content\\\/uploads\\\/2021\\\/06\\\/COB2090.jpg\",\"datePublished\":\"2021-05-26T18:34:03+00:00\",\"breadcrumb\":{\"@id\":\"https:\\\/\\\/maqtool.pt\\\/produto\\\/contenedor-de-recogida-selectiva-de-2500l\\\/#breadcrumb\"},\"inLanguage\":\"es\",\"potentialAction\":[{\"@type\":\"ReadAction\",\"target\":[\"https:\\\/\\\/maqtool.pt\\\/produto\\\/contenedor-de-recogida-selectiva-de-2500l\\\/\"]}]},{\"@type\":\"ImageObject\",\"inLanguage\":\"es\",\"@id\":\"https:\\\/\\\/maqtool.pt\\\/produto\\\/contenedor-de-recogida-selectiva-de-2500l\\\/#primaryimage\",\"url\":\"https:\\\/\\\/maqtool.pt\\\/wp-content\\\/uploads\\\/2021\\\/06\\\/COB2090.jpg\",\"contentUrl\":\"https:\\\/\\\/maqtool.pt\\\/wp-content\\\/uploads\\\/2021\\\/06\\\/COB2090.jpg\",\"width\":250,\"height\":387},{\"@type\":\"BreadcrumbList\",\"@id\":\"https:\\\/\\\/maqtool.pt\\\/produto\\\/contenedor-de-recogida-selectiva-de-2500l\\\/#breadcrumb\",\"itemListElement\":[{\"@type\":\"ListItem\",\"position\":1,\"name\":\"In\u00edcio\",\"item\":\"https:\\\/\\\/maqtool.pt\\\/es\\\/home\\\/\"},{\"@type\":\"ListItem\",\"position\":2,\"name\":\"Produtos\",\"item\":\"https:\\\/\\\/maqtool.pt\\\/produtos\\\/\"},{\"@type\":\"ListItem\",\"position\":3,\"name\":\"Contenedor de recogida selectiva de 2500L\"}]},{\"@type\":\"WebSite\",\"@id\":\"https:\\\/\\\/maqtool.pt\\\/#website\",\"url\":\"https:\\\/\\\/maqtool.pt\\\/\",\"name\":\"Cobermaster Industry\",\"description\":\"\",\"publisher\":{\"@id\":\"https:\\\/\\\/maqtool.pt\\\/#organization\"},\"potentialAction\":[{\"@type\":\"SearchAction\",\"target\":{\"@type\":\"EntryPoint\",\"urlTemplate\":\"https:\\\/\\\/maqtool.pt\\\/?s={search_term_string}\"},\"query-input\":{\"@type\":\"PropertyValueSpecification\",\"valueRequired\":true,\"valueName\":\"search_term_string\"}}],\"inLanguage\":\"es\"},{\"@type\":\"Organization\",\"@id\":\"https:\\\/\\\/maqtool.pt\\\/#organization\",\"name\":\"MAQTOOL\",\"url\":\"https:\\\/\\\/maqtool.pt\\\/\",\"logo\":{\"@type\":\"ImageObject\",\"inLanguage\":\"es\",\"@id\":\"https:\\\/\\\/maqtool.pt\\\/#\\\/schema\\\/logo\\\/image\\\/\",\"url\":\"https:\\\/\\\/maqtool.pt\\\/wp-content\\\/uploads\\\/2022\\\/09\\\/MAQTOOL-LOGO.jpg\",\"contentUrl\":\"https:\\\/\\\/maqtool.pt\\\/wp-content\\\/uploads\\\/2022\\\/09\\\/MAQTOOL-LOGO.jpg\",\"width\":762,\"height\":228,\"caption\":\"MAQTOOL\"},\"image\":{\"@id\":\"https:\\\/\\\/maqtool.pt\\\/#\\\/schema\\\/logo\\\/image\\\/\"},\"sameAs\":[\"https:\\\/\\\/www.facebook.com\\\/cobermaster\"]}]}<\/script>\n<!-- \/ Yoast SEO plugin. -->","yoast_head_json":{"title":"Contenedor de recogida selectiva de 2500L - MAQTOOL","robots":{"index":"index","follow":"follow","max-snippet":"max-snippet:-1","max-image-preview":"max-image-preview:large","max-video-preview":"max-video-preview:-1"},"canonical":"https:\/\/maqtool.pt\/produto\/contenedor-de-recogida-selectiva-de-2500l\/","og_locale":"es_ES","og_type":"article","og_title":"Contenedor de recogida selectiva de 2500L - MAQTOOL","og_description":"Contenedor de recogida selectiva con apertura de doble aro. Contentor com capacidade para 2500L, com forma paralelepip\u00e9dica, o que facilita a coloca\u00e7\u00e3o de v \u00e1rios contentores justapostos, para uma melhor integra\u00e7\u00e3o. Fabricado en polietileno de alta densidad (HDPE), mediante proceso de rotomoldeo. Con protecci\u00f3n UV. Posibilidad de fabricaci\u00f3n en varios colores.","og_url":"https:\/\/maqtool.pt\/produto\/contenedor-de-recogida-selectiva-de-2500l\/","og_site_name":"MAQTOOL","article_publisher":"https:\/\/www.facebook.com\/cobermaster","twitter_card":"summary_large_image","schema":{"@context":"https:\/\/schema.org","@graph":[{"@type":"WebPage","@id":"https:\/\/maqtool.pt\/produto\/contenedor-de-recogida-selectiva-de-2500l\/","url":"https:\/\/maqtool.pt\/produto\/contenedor-de-recogida-selectiva-de-2500l\/","name":"Contenedor de recogida selectiva de 2500L - MAQTOOL","isPartOf":{"@id":"https:\/\/maqtool.pt\/#website"},"primaryImageOfPage":{"@id":"https:\/\/maqtool.pt\/produto\/contenedor-de-recogida-selectiva-de-2500l\/#primaryimage"},"image":{"@id":"https:\/\/maqtool.pt\/produto\/contenedor-de-recogida-selectiva-de-2500l\/#primaryimage"},"thumbnailUrl":"https:\/\/maqtool.pt\/wp-content\/uploads\/2021\/06\/COB2090.jpg","datePublished":"2021-05-26T18:34:03+00:00","breadcrumb":{"@id":"https:\/\/maqtool.pt\/produto\/contenedor-de-recogida-selectiva-de-2500l\/#breadcrumb"},"inLanguage":"es","potentialAction":[{"@type":"ReadAction","target":["https:\/\/maqtool.pt\/produto\/contenedor-de-recogida-selectiva-de-2500l\/"]}]},{"@type":"ImageObject","inLanguage":"es","@id":"https:\/\/maqtool.pt\/produto\/contenedor-de-recogida-selectiva-de-2500l\/#primaryimage","url":"https:\/\/maqtool.pt\/wp-content\/uploads\/2021\/06\/COB2090.jpg","contentUrl":"https:\/\/maqtool.pt\/wp-content\/uploads\/2021\/06\/COB2090.jpg","width":250,"height":387},{"@type":"BreadcrumbList","@id":"https:\/\/maqtool.pt\/produto\/contenedor-de-recogida-selectiva-de-2500l\/#breadcrumb","itemListElement":[{"@type":"ListItem","position":1,"name":"In\u00edcio","item":"https:\/\/maqtool.pt\/es\/home\/"},{"@type":"ListItem","position":2,"name":"Produtos","item":"https:\/\/maqtool.pt\/produtos\/"},{"@type":"ListItem","position":3,"name":"Contenedor de recogida selectiva de 2500L"}]},{"@type":"WebSite","@id":"https:\/\/maqtool.pt\/#website","url":"https:\/\/maqtool.pt\/","name":"Cobermaster Industry","description":"","publisher":{"@id":"https:\/\/maqtool.pt\/#organization"},"potentialAction":[{"@type":"SearchAction","target":{"@type":"EntryPoint","urlTemplate":"https:\/\/maqtool.pt\/?s={search_term_string}"},"query-input":{"@type":"PropertyValueSpecification","valueRequired":true,"valueName":"search_term_string"}}],"inLanguage":"es"},{"@type":"Organization","@id":"https:\/\/maqtool.pt\/#organization","name":"MAQTOOL","url":"https:\/\/maqtool.pt\/","logo":{"@type":"ImageObject","inLanguage":"es","@id":"https:\/\/maqtool.pt\/#\/schema\/logo\/image\/","url":"https:\/\/maqtool.pt\/wp-content\/uploads\/2022\/09\/MAQTOOL-LOGO.jpg","contentUrl":"https:\/\/maqtool.pt\/wp-content\/uploads\/2022\/09\/MAQTOOL-LOGO.jpg","width":762,"height":228,"caption":"MAQTOOL"},"image":{"@id":"https:\/\/maqtool.pt\/#\/schema\/logo\/image\/"},"sameAs":["https:\/\/www.facebook.com\/cobermaster"]}]}},"uagb_featured_image_src":{"full":["https:\/\/maqtool.pt\/wp-content\/uploads\/2021\/06\/COB2090.jpg",250,387,false],"thumbnail":["https:\/\/maqtool.pt\/wp-content\/uploads\/2021\/06\/COB2090-150x150.jpg",150,150,true],"medium":["https:\/\/maqtool.pt\/wp-content\/uploads\/2021\/06\/COB2090-194x300.jpg",194,300,true],"medium_large":["https:\/\/maqtool.pt\/wp-content\/uploads\/2021\/06\/COB2090.jpg",250,387,false],"large":["https:\/\/maqtool.pt\/wp-content\/uploads\/2021\/06\/COB2090.jpg",250,387,false],"1536x1536":["https:\/\/maqtool.pt\/wp-content\/uploads\/2021\/06\/COB2090.jpg",250,387,false],"2048x2048":["https:\/\/maqtool.pt\/wp-content\/uploads\/2021\/06\/COB2090.jpg",250,387,false],"woocommerce_thumbnail":["https:\/\/maqtool.pt\/wp-content\/uploads\/2021\/06\/COB2090-195x302.jpg",195,302,true],"woocommerce_single":["https:\/\/maqtool.pt\/wp-content\/uploads\/2021\/06\/COB2090.jpg",250,387,false],"woocommerce_gallery_thumbnail":["https:\/\/maqtool.pt\/wp-content\/uploads\/2021\/06\/COB2090-100x100.jpg",100,100,true]},"uagb_author_info":{"display_name":"pedrocandeias","author_link":"https:\/\/maqtool.pt\/es\/author\/"},"uagb_comment_info":0,"uagb_excerpt":"Contenedor de recogida selectiva con apertura de doble aro. Contentor com capacidade para 2500L, com forma paralelepip\u00e9dica, o que facilita a coloca\u00e7\u00e3o de v \u00e1rios contentores justapostos, para uma melhor integra\u00e7\u00e3o. Fabricado en polietileno de alta densidad (HDPE), mediante proceso de rotomoldeo. Con protecci\u00f3n UV. Posibilidad de fabricaci\u00f3n en varios colores.","_links":{"self":[{"href":"https:\/\/maqtool.pt\/es\/wp-json\/wp\/v2\/product\/28859","targetHints":{"allow":["GET"]}}],"collection":[{"href":"https:\/\/maqtool.pt\/es\/wp-json\/wp\/v2\/product"}],"about":[{"href":"https:\/\/maqtool.pt\/es\/wp-json\/wp\/v2\/types\/product"}],"wp:featuredmedia":[{"embeddable":true,"href":"https:\/\/maqtool.pt\/es\/wp-json\/wp\/v2\/media\/5589"}],"wp:attachment":[{"href":"https:\/\/maqtool.pt\/es\/wp-json\/wp\/v2\/media?parent=28859"}],"wp:term":[{"taxonomy":"product_brand","embeddable":true,"href":"https:\/\/maqtool.pt\/es\/wp-json\/wp\/v2\/product_brand?post=28859"},{"taxonomy":"product_cat","embeddable":true,"href":"https:\/\/maqtool.pt\/es\/wp-json\/wp\/v2\/product_cat?post=28859"},{"taxonomy":"product_tag","embeddable":true,"href":"https:\/\/maqtool.pt\/es\/wp-json\/wp\/v2\/product_tag?post=28859"}],"curies":[{"name":"wp","href":"https:\/\/api.w.org\/{rel}","templated":true}]}}