{"id":29757,"date":"2022-10-24T14:01:52","date_gmt":"2022-10-24T14:01:52","guid":{"rendered":"https:\/\/maqtool.pt\/produto\/martillo-rompedor-sds-max-10-kg-1600w\/"},"modified":"2022-10-24T14:01:52","modified_gmt":"2022-10-24T14:01:52","slug":"martillo-martillo-sds-max-10-kg-1600w","status":"publish","type":"product","link":"https:\/\/maqtool.pt\/es\/produto\/martillo-martillo-sds-max-10-kg-1600w\/","title":{"rendered":"Martillo rompedor SDS-MAX 10 KG 1600W"},"content":{"rendered":"<p><strong>Especificaciones<\/strong><\/p>\n<table>\n<tbody>\n<tr>\n<td>Peso (kg)<\/td>\n<td>10.5<\/td>\n<\/tr>\n<tr>\n<td>Impactos por minuto<\/td>\n<td>1,890<\/td>\n<\/tr>\n<tr>\n<td>Energ\u00eda de impacto (J)<\/td>\n<td>5-15<\/td>\n<\/tr>\n<tr>\n<td>Potencia de entrada (W)<\/td>\n<td>1600<\/td>\n<\/tr>\n<\/tbody>\n<\/table>\n<p><strong>Equipamento<\/strong><\/p>\n<table>\n<tbody>\n<tr>\n<td>Mala<\/td>\n<\/tr>\n<tr>\n<td>STANLEY\u00ae FATMAX\u00ae 1600W 5-15J 10kg SDS MAX Martillo de demostraci\u00f3n<\/td>\n<\/tr>\n<\/tbody>\n<\/table>\n<p>&nbsp;<\/p>\n","protected":false},"excerpt":{"rendered":"<ul class=\"feat_and_ben\">\n<li>Dise\u00f1o ergon\u00f3mico gracias al revestimiento almidonado del mango. Su baja vibraci\u00f3n y su f\u00e1cil manejo optimizan el uso y reducen la fatiga del usuario.<\/li>\n<li>Trabajos de cincelado y demolici\u00f3n r\u00e1pidos y sencillos gracias a su motor de 1600 W que proporciona hasta 15 J (EPTA) de energ\u00eda de impacto con control de velocidad variable.<\/li>\n<li>Dise\u00f1ado para profesionales. Este martillo est\u00e1 dise\u00f1ado y probado para soportar el desgaste que genera el trabajo profesional.<\/li>\n<\/ul>\n","protected":false},"featured_media":26627,"template":"","meta":{"_eb_attr":"","_uag_custom_page_level_css":"","site-sidebar-layout":"default","site-content-layout":"default","ast-site-content-layout":"default","site-content-style":"default","site-sidebar-style":"default","ast-global-header-display":"","ast-banner-title-visibility":"","ast-main-header-display":"","ast-hfb-above-header-display":"","ast-hfb-below-header-display":"","ast-hfb-mobile-header-display":"","site-post-title":"","ast-breadcrumbs-content":"","ast-featured-img":"","footer-sml-layout":"","ast-disable-related-posts":"","theme-transparent-header-meta":"default","adv-header-id-meta":"","stick-header-meta":"default","header-above-stick-meta":"","header-main-stick-meta":"","header-below-stick-meta":"","astra-migrate-meta-layouts":"default","ast-page-background-enabled":"default","ast-page-background-meta":{"desktop":{"background-color":"","background-image":"","background-repeat":"repeat","background-position":"center center","background-size":"auto","background-attachment":"scroll","background-type":"","background-media":"","overlay-type":"","overlay-color":"","overlay-opacity":"","overlay-gradient":""},"tablet":{"background-color":"","background-image":"","background-repeat":"repeat","background-position":"center center","background-size":"auto","background-attachment":"scroll","background-type":"","background-media":"","overlay-type":"","overlay-color":"","overlay-opacity":"","overlay-gradient":""},"mobile":{"background-color":"","background-image":"","background-repeat":"repeat","background-position":"center center","background-size":"auto","background-attachment":"scroll","background-type":"","background-media":"","overlay-type":"","overlay-color":"","overlay-opacity":"","overlay-gradient":""}},"ast-content-background-meta":{"desktop":{"background-color":"var(--ast-global-color-5)","background-image":"","background-repeat":"repeat","background-position":"center center","background-size":"auto","background-attachment":"scroll","background-type":"","background-media":"","overlay-type":"","overlay-color":"","overlay-opacity":"","overlay-gradient":""},"tablet":{"background-color":"var(--ast-global-color-5)","background-image":"","background-repeat":"repeat","background-position":"center center","background-size":"auto","background-attachment":"scroll","background-type":"","background-media":"","overlay-type":"","overlay-color":"","overlay-opacity":"","overlay-gradient":""},"mobile":{"background-color":"var(--ast-global-color-5)","background-image":"","background-repeat":"repeat","background-position":"center center","background-size":"auto","background-attachment":"scroll","background-type":"","background-media":"","overlay-type":"","overlay-color":"","overlay-opacity":"","overlay-gradient":""}}},"product_brand":[],"product_cat":[6778,5255],"product_tag":[],"class_list":{"0":"post-29757","1":"product","2":"type-product","3":"status-publish","4":"has-post-thumbnail","6":"product_cat-herramientas-electricas","7":"product_cat-herramientas-y-accesorios","8":"desktop-align-center","9":"tablet-align-center","10":"mobile-align-center","11":"ast-product-gallery-layout-horizontal","12":"ast-product-gallery-with-no-image","13":"ast-product-tabs-layout-horizontal","15":"first","16":"onbackorder","17":"taxable","18":"shipping-taxable","19":"product-type-simple"},"acf":[],"yoast_head":"<!-- This site is optimized with the Yoast SEO plugin v27.2 - https:\/\/yoast.com\/product\/yoast-seo-wordpress\/ -->\n<title>Martillo rompedor SDS-MAX 10 KG 1600W - MAQTOOL<\/title>\n<meta name=\"robots\" content=\"index, follow, max-snippet:-1, max-image-preview:large, max-video-preview:-1\" \/>\n<link rel=\"canonical\" href=\"https:\/\/maqtool.pt\/produto\/martillo-rompedor-sds-max-10-kg-1600w\/\" \/>\n<meta property=\"og:locale\" content=\"es_ES\" \/>\n<meta property=\"og:type\" content=\"article\" \/>\n<meta property=\"og:title\" content=\"Martillo rompedor SDS-MAX 10 KG 1600W - MAQTOOL\" \/>\n<meta property=\"og:description\" content=\"Dise\u00f1o ergon\u00f3mico gracias al revestimiento almidonado del mango. Su baja vibraci\u00f3n y su f\u00e1cil manejo optimizan el uso y reducen la fatiga del usuario.  Trabajos de cincelado y demolici\u00f3n r\u00e1pidos y sencillos gracias a su motor de 1600 W que proporciona hasta 15 J (EPTA) de energ\u00eda de impacto con control de velocidad variable.  Dise\u00f1ado para profesionales. Este martillo est\u00e1 dise\u00f1ado y probado para soportar el desgaste que genera el trabajo profesional.\" \/>\n<meta property=\"og:url\" content=\"https:\/\/maqtool.pt\/produto\/martillo-rompedor-sds-max-10-kg-1600w\/\" \/>\n<meta property=\"og:site_name\" content=\"MAQTOOL\" \/>\n<meta property=\"article:publisher\" content=\"https:\/\/www.facebook.com\/cobermaster\" \/>\n<meta name=\"twitter:card\" content=\"summary_large_image\" \/>\n<script type=\"application\/ld+json\" class=\"yoast-schema-graph\">{\"@context\":\"https:\/\/schema.org\",\"@graph\":[{\"@type\":\"WebPage\",\"@id\":\"https:\/\/maqtool.pt\/produto\/martillo-rompedor-sds-max-10-kg-1600w\/\",\"url\":\"https:\/\/maqtool.pt\/produto\/martillo-rompedor-sds-max-10-kg-1600w\/\",\"name\":\"Martillo rompedor SDS-MAX 10 KG 1600W - MAQTOOL\",\"isPartOf\":{\"@id\":\"https:\/\/maqtool.pt\/#website\"},\"primaryImageOfPage\":{\"@id\":\"https:\/\/maqtool.pt\/produto\/martillo-rompedor-sds-max-10-kg-1600w\/#primaryimage\"},\"image\":{\"@id\":\"https:\/\/maqtool.pt\/produto\/martillo-rompedor-sds-max-10-kg-1600w\/#primaryimage\"},\"thumbnailUrl\":\"https:\/\/maqtool.pt\/wp-content\/uploads\/2022\/10\/MAQ-SFMEH230K-MARTELO-DEMOLIDOR.jpg\",\"datePublished\":\"2022-10-24T14:01:52+00:00\",\"breadcrumb\":{\"@id\":\"https:\/\/maqtool.pt\/produto\/martillo-rompedor-sds-max-10-kg-1600w\/#breadcrumb\"},\"inLanguage\":\"es\",\"potentialAction\":[{\"@type\":\"ReadAction\",\"target\":[\"https:\/\/maqtool.pt\/produto\/martillo-rompedor-sds-max-10-kg-1600w\/\"]}]},{\"@type\":\"ImageObject\",\"inLanguage\":\"es\",\"@id\":\"https:\/\/maqtool.pt\/produto\/martillo-rompedor-sds-max-10-kg-1600w\/#primaryimage\",\"url\":\"https:\/\/maqtool.pt\/wp-content\/uploads\/2022\/10\/MAQ-SFMEH230K-MARTELO-DEMOLIDOR.jpg\",\"contentUrl\":\"https:\/\/maqtool.pt\/wp-content\/uploads\/2022\/10\/MAQ-SFMEH230K-MARTELO-DEMOLIDOR.jpg\",\"width\":800,\"height\":800},{\"@type\":\"BreadcrumbList\",\"@id\":\"https:\/\/maqtool.pt\/produto\/martillo-rompedor-sds-max-10-kg-1600w\/#breadcrumb\",\"itemListElement\":[{\"@type\":\"ListItem\",\"position\":1,\"name\":\"In\u00edcio\",\"item\":\"https:\/\/maqtool.pt\/es\/home\/\"},{\"@type\":\"ListItem\",\"position\":2,\"name\":\"Produtos\",\"item\":\"https:\/\/maqtool.pt\/produtos\/\"},{\"@type\":\"ListItem\",\"position\":3,\"name\":\"Martillo rompedor SDS-MAX 10 KG 1600W\"}]},{\"@type\":\"WebSite\",\"@id\":\"https:\/\/maqtool.pt\/#website\",\"url\":\"https:\/\/maqtool.pt\/\",\"name\":\"Cobermaster Industry\",\"description\":\"\",\"publisher\":{\"@id\":\"https:\/\/maqtool.pt\/#organization\"},\"potentialAction\":[{\"@type\":\"SearchAction\",\"target\":{\"@type\":\"EntryPoint\",\"urlTemplate\":\"https:\/\/maqtool.pt\/?s={search_term_string}\"},\"query-input\":{\"@type\":\"PropertyValueSpecification\",\"valueRequired\":true,\"valueName\":\"search_term_string\"}}],\"inLanguage\":\"es\"},{\"@type\":\"Organization\",\"@id\":\"https:\/\/maqtool.pt\/#organization\",\"name\":\"MAQTOOL\",\"url\":\"https:\/\/maqtool.pt\/\",\"logo\":{\"@type\":\"ImageObject\",\"inLanguage\":\"es\",\"@id\":\"https:\/\/maqtool.pt\/#\/schema\/logo\/image\/\",\"url\":\"https:\/\/maqtool.pt\/wp-content\/uploads\/2022\/09\/MAQTOOL-LOGO.jpg\",\"contentUrl\":\"https:\/\/maqtool.pt\/wp-content\/uploads\/2022\/09\/MAQTOOL-LOGO.jpg\",\"width\":762,\"height\":228,\"caption\":\"MAQTOOL\"},\"image\":{\"@id\":\"https:\/\/maqtool.pt\/#\/schema\/logo\/image\/\"},\"sameAs\":[\"https:\/\/www.facebook.com\/cobermaster\"]}]}<\/script>\n<!-- \/ Yoast SEO plugin. -->","yoast_head_json":{"title":"Martillo rompedor SDS-MAX 10 KG 1600W - MAQTOOL","robots":{"index":"index","follow":"follow","max-snippet":"max-snippet:-1","max-image-preview":"max-image-preview:large","max-video-preview":"max-video-preview:-1"},"canonical":"https:\/\/maqtool.pt\/produto\/martillo-rompedor-sds-max-10-kg-1600w\/","og_locale":"es_ES","og_type":"article","og_title":"Martillo rompedor SDS-MAX 10 KG 1600W - MAQTOOL","og_description":"Dise\u00f1o ergon\u00f3mico gracias al revestimiento almidonado del mango. Su baja vibraci\u00f3n y su f\u00e1cil manejo optimizan el uso y reducen la fatiga del usuario.  Trabajos de cincelado y demolici\u00f3n r\u00e1pidos y sencillos gracias a su motor de 1600 W que proporciona hasta 15 J (EPTA) de energ\u00eda de impacto con control de velocidad variable.  Dise\u00f1ado para profesionales. Este martillo est\u00e1 dise\u00f1ado y probado para soportar el desgaste que genera el trabajo profesional.","og_url":"https:\/\/maqtool.pt\/produto\/martillo-rompedor-sds-max-10-kg-1600w\/","og_site_name":"MAQTOOL","article_publisher":"https:\/\/www.facebook.com\/cobermaster","twitter_card":"summary_large_image","schema":{"@context":"https:\/\/schema.org","@graph":[{"@type":"WebPage","@id":"https:\/\/maqtool.pt\/produto\/martillo-rompedor-sds-max-10-kg-1600w\/","url":"https:\/\/maqtool.pt\/produto\/martillo-rompedor-sds-max-10-kg-1600w\/","name":"Martillo rompedor SDS-MAX 10 KG 1600W - MAQTOOL","isPartOf":{"@id":"https:\/\/maqtool.pt\/#website"},"primaryImageOfPage":{"@id":"https:\/\/maqtool.pt\/produto\/martillo-rompedor-sds-max-10-kg-1600w\/#primaryimage"},"image":{"@id":"https:\/\/maqtool.pt\/produto\/martillo-rompedor-sds-max-10-kg-1600w\/#primaryimage"},"thumbnailUrl":"https:\/\/maqtool.pt\/wp-content\/uploads\/2022\/10\/MAQ-SFMEH230K-MARTELO-DEMOLIDOR.jpg","datePublished":"2022-10-24T14:01:52+00:00","breadcrumb":{"@id":"https:\/\/maqtool.pt\/produto\/martillo-rompedor-sds-max-10-kg-1600w\/#breadcrumb"},"inLanguage":"es","potentialAction":[{"@type":"ReadAction","target":["https:\/\/maqtool.pt\/produto\/martillo-rompedor-sds-max-10-kg-1600w\/"]}]},{"@type":"ImageObject","inLanguage":"es","@id":"https:\/\/maqtool.pt\/produto\/martillo-rompedor-sds-max-10-kg-1600w\/#primaryimage","url":"https:\/\/maqtool.pt\/wp-content\/uploads\/2022\/10\/MAQ-SFMEH230K-MARTELO-DEMOLIDOR.jpg","contentUrl":"https:\/\/maqtool.pt\/wp-content\/uploads\/2022\/10\/MAQ-SFMEH230K-MARTELO-DEMOLIDOR.jpg","width":800,"height":800},{"@type":"BreadcrumbList","@id":"https:\/\/maqtool.pt\/produto\/martillo-rompedor-sds-max-10-kg-1600w\/#breadcrumb","itemListElement":[{"@type":"ListItem","position":1,"name":"In\u00edcio","item":"https:\/\/maqtool.pt\/es\/home\/"},{"@type":"ListItem","position":2,"name":"Produtos","item":"https:\/\/maqtool.pt\/produtos\/"},{"@type":"ListItem","position":3,"name":"Martillo rompedor SDS-MAX 10 KG 1600W"}]},{"@type":"WebSite","@id":"https:\/\/maqtool.pt\/#website","url":"https:\/\/maqtool.pt\/","name":"Cobermaster Industry","description":"","publisher":{"@id":"https:\/\/maqtool.pt\/#organization"},"potentialAction":[{"@type":"SearchAction","target":{"@type":"EntryPoint","urlTemplate":"https:\/\/maqtool.pt\/?s={search_term_string}"},"query-input":{"@type":"PropertyValueSpecification","valueRequired":true,"valueName":"search_term_string"}}],"inLanguage":"es"},{"@type":"Organization","@id":"https:\/\/maqtool.pt\/#organization","name":"MAQTOOL","url":"https:\/\/maqtool.pt\/","logo":{"@type":"ImageObject","inLanguage":"es","@id":"https:\/\/maqtool.pt\/#\/schema\/logo\/image\/","url":"https:\/\/maqtool.pt\/wp-content\/uploads\/2022\/09\/MAQTOOL-LOGO.jpg","contentUrl":"https:\/\/maqtool.pt\/wp-content\/uploads\/2022\/09\/MAQTOOL-LOGO.jpg","width":762,"height":228,"caption":"MAQTOOL"},"image":{"@id":"https:\/\/maqtool.pt\/#\/schema\/logo\/image\/"},"sameAs":["https:\/\/www.facebook.com\/cobermaster"]}]}},"uagb_featured_image_src":{"full":["https:\/\/maqtool.pt\/wp-content\/uploads\/2022\/10\/MAQ-SFMEH230K-MARTELO-DEMOLIDOR.jpg",800,800,false],"thumbnail":["https:\/\/maqtool.pt\/wp-content\/uploads\/2022\/10\/MAQ-SFMEH230K-MARTELO-DEMOLIDOR-150x150.jpg",150,150,true],"medium":["https:\/\/maqtool.pt\/wp-content\/uploads\/2022\/10\/MAQ-SFMEH230K-MARTELO-DEMOLIDOR-300x300.jpg",300,300,true],"medium_large":["https:\/\/maqtool.pt\/wp-content\/uploads\/2022\/10\/MAQ-SFMEH230K-MARTELO-DEMOLIDOR-768x768.jpg",768,768,true],"large":["https:\/\/maqtool.pt\/wp-content\/uploads\/2022\/10\/MAQ-SFMEH230K-MARTELO-DEMOLIDOR.jpg",800,800,false],"1536x1536":["https:\/\/maqtool.pt\/wp-content\/uploads\/2022\/10\/MAQ-SFMEH230K-MARTELO-DEMOLIDOR.jpg",800,800,false],"2048x2048":["https:\/\/maqtool.pt\/wp-content\/uploads\/2022\/10\/MAQ-SFMEH230K-MARTELO-DEMOLIDOR.jpg",800,800,false],"woocommerce_thumbnail":["https:\/\/maqtool.pt\/wp-content\/uploads\/2022\/10\/MAQ-SFMEH230K-MARTELO-DEMOLIDOR-400x400.jpg",400,400,true],"woocommerce_single":["https:\/\/maqtool.pt\/wp-content\/uploads\/2022\/10\/MAQ-SFMEH230K-MARTELO-DEMOLIDOR-600x600.jpg",600,600,true],"woocommerce_gallery_thumbnail":["https:\/\/maqtool.pt\/wp-content\/uploads\/2022\/10\/MAQ-SFMEH230K-MARTELO-DEMOLIDOR-100x100.jpg",100,100,true]},"uagb_author_info":{"display_name":"Jo\u00e3o Santos","author_link":"https:\/\/maqtool.pt\/es\/author\/"},"uagb_comment_info":0,"uagb_excerpt":"Dise\u00f1o ergon\u00f3mico gracias al revestimiento almidonado del mango. Su baja vibraci\u00f3n y su f\u00e1cil manejo optimizan el uso y reducen la fatiga del usuario. Trabajos de cincelado y demolici\u00f3n r\u00e1pidos y sencillos gracias a su motor de 1600 W que proporciona hasta 15 J (EPTA) de energ\u00eda de impacto con control de velocidad variable. Dise\u00f1ado&hellip;","_links":{"self":[{"href":"https:\/\/maqtool.pt\/es\/wp-json\/wp\/v2\/product\/29757","targetHints":{"allow":["GET"]}}],"collection":[{"href":"https:\/\/maqtool.pt\/es\/wp-json\/wp\/v2\/product"}],"about":[{"href":"https:\/\/maqtool.pt\/es\/wp-json\/wp\/v2\/types\/product"}],"wp:featuredmedia":[{"embeddable":true,"href":"https:\/\/maqtool.pt\/es\/wp-json\/wp\/v2\/media\/26627"}],"wp:attachment":[{"href":"https:\/\/maqtool.pt\/es\/wp-json\/wp\/v2\/media?parent=29757"}],"wp:term":[{"taxonomy":"product_brand","embeddable":true,"href":"https:\/\/maqtool.pt\/es\/wp-json\/wp\/v2\/product_brand?post=29757"},{"taxonomy":"product_cat","embeddable":true,"href":"https:\/\/maqtool.pt\/es\/wp-json\/wp\/v2\/product_cat?post=29757"},{"taxonomy":"product_tag","embeddable":true,"href":"https:\/\/maqtool.pt\/es\/wp-json\/wp\/v2\/product_tag?post=29757"}],"curies":[{"name":"wp","href":"https:\/\/api.w.org\/{rel}","templated":true}]}}