{"id":29790,"date":"2022-10-24T13:35:08","date_gmt":"2022-10-24T13:35:08","guid":{"rendered":"https:\/\/maqtool.pt\/produto\/taladro-con-percusion-701w\/"},"modified":"2022-10-24T13:35:08","modified_gmt":"2022-10-24T13:35:08","slug":"taladro-con-percusion-701w","status":"publish","type":"product","link":"https:\/\/maqtool.pt\/es\/produto\/taladro-con-percusion-701w\/","title":{"rendered":"taladro con percusi\u00f3n 701W"},"content":{"rendered":"<div id=\"additional-product-features\" class=\"coh-container coh-style-product-features-benefits\">\n<div class=\"outer-additional-features-item\">\n<ul class=\"additional-feature-ul\">\n<li class=\"additional-feature-list-li\">Excelente potencia en relaci\u00f3n a resultados de largo alcance, durabilidad y tama\u00f1o compacto<\/li>\n<li class=\"additional-feature-list-li\">El mango trasero de goma mejora la comodidad del usuario al taladrar y atornillar<\/li>\n<li class=\"additional-feature-list-li\">El dise\u00f1o compacto garantiza un uso conveniente con una sola mano y permite el acceso a espacios dif\u00edciles<\/li>\n<li class=\"additional-feature-list-li\">El interruptor de velocidad variable sensible permite al usuario comenzar a perforar un orificio lentamente y con precisi\u00f3n exacta<\/li>\n<\/ul>\n<\/div>\n<\/div>\n<div class=\"coh-container coh-style-product-applications\">\n<h6 class=\"coh-heading title coh-style-h1---default\">aplicaciones<\/h6>\n<ul class=\"coh-list-container coh-unordered-list\">\n<li class=\"coh-list-item\">Fijaci\u00f3n<\/li>\n<li class=\"coh-list-item\">Perforaci\u00f3n en hormig\u00f3n, metal, madera, etc.<\/li>\n<\/ul>\n<\/div>\n<div class=\"coh-container coh-style-product-includes-section\">\n<h6 class=\"coh-heading title coh-style-h1---default\">Incluye<\/h6>\n<ul class=\"coh-list-container coh-unordered-list\">\n<li class=\"coh-list-item\">(1) mandril de liberaci\u00f3n r\u00e1pida de 13 mm<\/li>\n<li class=\"coh-list-item\">(1) Tope de profundidad<\/li>\n<li class=\"coh-list-item\">(1) Estuche de transporte<\/li>\n<li class=\"coh-list-item\">(1) Mango multiposici\u00f3n<\/li>\n<\/ul>\n<\/div>\n<div class=\"coh-container coh-style-specifications\">\n<h6 class=\"coh-heading coh-style-h1---default\">Especificaciones<\/h6>\n<div>\n<div>\n<table class=\"reference_entity_table\" data-striping=\"1\">\n<tbody>\n<tr>\n<td>\n<div>PESO DEL PRODUCTO<\/div>\n<\/td>\n<td>\n<div>1.6 KG<\/div>\n<\/td>\n<\/tr>\n<\/tbody>\n<\/table>\n<\/div>\n<\/div>\n<\/div>\n","protected":false},"excerpt":{"rendered":"<ul class=\"feature-ul\">\n<li class=\"feature-list-li\">Portabrocas sin llave para cambiar las brocas de forma r\u00e1pida y sencilla<\/li>\n<li class=\"feature-list-li\">El bot\u00f3n de bloqueo permite al usuario mantener el taladro en funcionamiento continuo cuando se realizan operaciones repetitivas<\/li>\n<li class=\"feature-list-li\">El peso ligero asegura que el taladro sea f\u00e1cil de usar y reduce la fatiga del usuario<\/li>\n<\/ul>\n","protected":false},"featured_media":26583,"template":"","meta":{"_eb_attr":"","_uag_custom_page_level_css":"","site-sidebar-layout":"default","site-content-layout":"default","ast-site-content-layout":"default","site-content-style":"default","site-sidebar-style":"default","ast-global-header-display":"","ast-banner-title-visibility":"","ast-main-header-display":"","ast-hfb-above-header-display":"","ast-hfb-below-header-display":"","ast-hfb-mobile-header-display":"","site-post-title":"","ast-breadcrumbs-content":"","ast-featured-img":"","footer-sml-layout":"","ast-disable-related-posts":"","theme-transparent-header-meta":"default","adv-header-id-meta":"","stick-header-meta":"default","header-above-stick-meta":"","header-main-stick-meta":"","header-below-stick-meta":"","astra-migrate-meta-layouts":"default","ast-page-background-enabled":"default","ast-page-background-meta":{"desktop":{"background-color":"","background-image":"","background-repeat":"repeat","background-position":"center center","background-size":"auto","background-attachment":"scroll","background-type":"","background-media":"","overlay-type":"","overlay-color":"","overlay-opacity":"","overlay-gradient":""},"tablet":{"background-color":"","background-image":"","background-repeat":"repeat","background-position":"center center","background-size":"auto","background-attachment":"scroll","background-type":"","background-media":"","overlay-type":"","overlay-color":"","overlay-opacity":"","overlay-gradient":""},"mobile":{"background-color":"","background-image":"","background-repeat":"repeat","background-position":"center center","background-size":"auto","background-attachment":"scroll","background-type":"","background-media":"","overlay-type":"","overlay-color":"","overlay-opacity":"","overlay-gradient":""}},"ast-content-background-meta":{"desktop":{"background-color":"var(--ast-global-color-5)","background-image":"","background-repeat":"repeat","background-position":"center center","background-size":"auto","background-attachment":"scroll","background-type":"","background-media":"","overlay-type":"","overlay-color":"","overlay-opacity":"","overlay-gradient":""},"tablet":{"background-color":"var(--ast-global-color-5)","background-image":"","background-repeat":"repeat","background-position":"center center","background-size":"auto","background-attachment":"scroll","background-type":"","background-media":"","overlay-type":"","overlay-color":"","overlay-opacity":"","overlay-gradient":""},"mobile":{"background-color":"var(--ast-global-color-5)","background-image":"","background-repeat":"repeat","background-position":"center center","background-size":"auto","background-attachment":"scroll","background-type":"","background-media":"","overlay-type":"","overlay-color":"","overlay-opacity":"","overlay-gradient":""}}},"product_brand":[],"product_cat":[5255,6778,6786],"product_tag":[],"class_list":{"0":"post-29790","1":"product","2":"type-product","3":"status-publish","4":"has-post-thumbnail","6":"product_cat-herramientas-y-accesorios","7":"product_cat-herramientas-electricas","8":"product_cat-general-es","9":"desktop-align-center","10":"tablet-align-center","11":"mobile-align-center","12":"ast-product-gallery-layout-horizontal","13":"ast-product-gallery-with-no-image","14":"ast-product-tabs-layout-horizontal","16":"first","17":"onbackorder","18":"taxable","19":"shipping-taxable","20":"product-type-simple"},"acf":[],"yoast_head":"<!-- This site is optimized with the Yoast SEO plugin v27.2 - https:\/\/yoast.com\/product\/yoast-seo-wordpress\/ -->\n<title>taladro con percusi\u00f3n 701W - MAQTOOL<\/title>\n<meta name=\"robots\" content=\"index, follow, max-snippet:-1, max-image-preview:large, max-video-preview:-1\" \/>\n<link rel=\"canonical\" href=\"https:\/\/maqtool.pt\/produto\/taladro-con-percusion-701w\/\" \/>\n<meta property=\"og:locale\" content=\"es_ES\" \/>\n<meta property=\"og:type\" content=\"article\" \/>\n<meta property=\"og:title\" content=\"taladro con percusi\u00f3n 701W - MAQTOOL\" \/>\n<meta property=\"og:description\" content=\"Portabrocas sin llave para cambiar las brocas de forma r\u00e1pida y sencilla  El bot\u00f3n de bloqueo permite al usuario mantener el taladro en funcionamiento continuo cuando se realizan operaciones repetitivas  El peso ligero asegura que el taladro sea f\u00e1cil de usar y reduce la fatiga del usuario\" \/>\n<meta property=\"og:url\" content=\"https:\/\/maqtool.pt\/produto\/taladro-con-percusion-701w\/\" \/>\n<meta property=\"og:site_name\" content=\"MAQTOOL\" \/>\n<meta property=\"article:publisher\" content=\"https:\/\/www.facebook.com\/cobermaster\" \/>\n<meta name=\"twitter:card\" content=\"summary_large_image\" \/>\n<meta name=\"twitter:label1\" content=\"Tiempo de lectura\" \/>\n\t<meta name=\"twitter:data1\" content=\"1 minuto\" \/>\n<script type=\"application\/ld+json\" class=\"yoast-schema-graph\">{\"@context\":\"https:\/\/schema.org\",\"@graph\":[{\"@type\":\"WebPage\",\"@id\":\"https:\/\/maqtool.pt\/produto\/taladro-con-percusion-701w\/\",\"url\":\"https:\/\/maqtool.pt\/produto\/taladro-con-percusion-701w\/\",\"name\":\"taladro con percusi\u00f3n 701W - MAQTOOL\",\"isPartOf\":{\"@id\":\"https:\/\/maqtool.pt\/#website\"},\"primaryImageOfPage\":{\"@id\":\"https:\/\/maqtool.pt\/produto\/taladro-con-percusion-701w\/#primaryimage\"},\"image\":{\"@id\":\"https:\/\/maqtool.pt\/produto\/taladro-con-percusion-701w\/#primaryimage\"},\"thumbnailUrl\":\"https:\/\/maqtool.pt\/wp-content\/uploads\/2022\/10\/MAQ-DWD024-KS-QS-Berbequim-com-percussao.jpg\",\"datePublished\":\"2022-10-24T13:35:08+00:00\",\"breadcrumb\":{\"@id\":\"https:\/\/maqtool.pt\/produto\/taladro-con-percusion-701w\/#breadcrumb\"},\"inLanguage\":\"es\",\"potentialAction\":[{\"@type\":\"ReadAction\",\"target\":[\"https:\/\/maqtool.pt\/produto\/taladro-con-percusion-701w\/\"]}]},{\"@type\":\"ImageObject\",\"inLanguage\":\"es\",\"@id\":\"https:\/\/maqtool.pt\/produto\/taladro-con-percusion-701w\/#primaryimage\",\"url\":\"https:\/\/maqtool.pt\/wp-content\/uploads\/2022\/10\/MAQ-DWD024-KS-QS-Berbequim-com-percussao.jpg\",\"contentUrl\":\"https:\/\/maqtool.pt\/wp-content\/uploads\/2022\/10\/MAQ-DWD024-KS-QS-Berbequim-com-percussao.jpg\",\"width\":800,\"height\":800},{\"@type\":\"BreadcrumbList\",\"@id\":\"https:\/\/maqtool.pt\/produto\/taladro-con-percusion-701w\/#breadcrumb\",\"itemListElement\":[{\"@type\":\"ListItem\",\"position\":1,\"name\":\"In\u00edcio\",\"item\":\"https:\/\/maqtool.pt\/es\/home\/\"},{\"@type\":\"ListItem\",\"position\":2,\"name\":\"Produtos\",\"item\":\"https:\/\/maqtool.pt\/produtos\/\"},{\"@type\":\"ListItem\",\"position\":3,\"name\":\"taladro con percusi\u00f3n 701W\"}]},{\"@type\":\"WebSite\",\"@id\":\"https:\/\/maqtool.pt\/#website\",\"url\":\"https:\/\/maqtool.pt\/\",\"name\":\"Cobermaster Industry\",\"description\":\"\",\"publisher\":{\"@id\":\"https:\/\/maqtool.pt\/#organization\"},\"potentialAction\":[{\"@type\":\"SearchAction\",\"target\":{\"@type\":\"EntryPoint\",\"urlTemplate\":\"https:\/\/maqtool.pt\/?s={search_term_string}\"},\"query-input\":{\"@type\":\"PropertyValueSpecification\",\"valueRequired\":true,\"valueName\":\"search_term_string\"}}],\"inLanguage\":\"es\"},{\"@type\":\"Organization\",\"@id\":\"https:\/\/maqtool.pt\/#organization\",\"name\":\"MAQTOOL\",\"url\":\"https:\/\/maqtool.pt\/\",\"logo\":{\"@type\":\"ImageObject\",\"inLanguage\":\"es\",\"@id\":\"https:\/\/maqtool.pt\/#\/schema\/logo\/image\/\",\"url\":\"https:\/\/maqtool.pt\/wp-content\/uploads\/2022\/09\/MAQTOOL-LOGO.jpg\",\"contentUrl\":\"https:\/\/maqtool.pt\/wp-content\/uploads\/2022\/09\/MAQTOOL-LOGO.jpg\",\"width\":762,\"height\":228,\"caption\":\"MAQTOOL\"},\"image\":{\"@id\":\"https:\/\/maqtool.pt\/#\/schema\/logo\/image\/\"},\"sameAs\":[\"https:\/\/www.facebook.com\/cobermaster\"]}]}<\/script>\n<!-- \/ Yoast SEO plugin. -->","yoast_head_json":{"title":"taladro con percusi\u00f3n 701W - MAQTOOL","robots":{"index":"index","follow":"follow","max-snippet":"max-snippet:-1","max-image-preview":"max-image-preview:large","max-video-preview":"max-video-preview:-1"},"canonical":"https:\/\/maqtool.pt\/produto\/taladro-con-percusion-701w\/","og_locale":"es_ES","og_type":"article","og_title":"taladro con percusi\u00f3n 701W - MAQTOOL","og_description":"Portabrocas sin llave para cambiar las brocas de forma r\u00e1pida y sencilla  El bot\u00f3n de bloqueo permite al usuario mantener el taladro en funcionamiento continuo cuando se realizan operaciones repetitivas  El peso ligero asegura que el taladro sea f\u00e1cil de usar y reduce la fatiga del usuario","og_url":"https:\/\/maqtool.pt\/produto\/taladro-con-percusion-701w\/","og_site_name":"MAQTOOL","article_publisher":"https:\/\/www.facebook.com\/cobermaster","twitter_card":"summary_large_image","twitter_misc":{"Tiempo de lectura":"1 minuto"},"schema":{"@context":"https:\/\/schema.org","@graph":[{"@type":"WebPage","@id":"https:\/\/maqtool.pt\/produto\/taladro-con-percusion-701w\/","url":"https:\/\/maqtool.pt\/produto\/taladro-con-percusion-701w\/","name":"taladro con percusi\u00f3n 701W - MAQTOOL","isPartOf":{"@id":"https:\/\/maqtool.pt\/#website"},"primaryImageOfPage":{"@id":"https:\/\/maqtool.pt\/produto\/taladro-con-percusion-701w\/#primaryimage"},"image":{"@id":"https:\/\/maqtool.pt\/produto\/taladro-con-percusion-701w\/#primaryimage"},"thumbnailUrl":"https:\/\/maqtool.pt\/wp-content\/uploads\/2022\/10\/MAQ-DWD024-KS-QS-Berbequim-com-percussao.jpg","datePublished":"2022-10-24T13:35:08+00:00","breadcrumb":{"@id":"https:\/\/maqtool.pt\/produto\/taladro-con-percusion-701w\/#breadcrumb"},"inLanguage":"es","potentialAction":[{"@type":"ReadAction","target":["https:\/\/maqtool.pt\/produto\/taladro-con-percusion-701w\/"]}]},{"@type":"ImageObject","inLanguage":"es","@id":"https:\/\/maqtool.pt\/produto\/taladro-con-percusion-701w\/#primaryimage","url":"https:\/\/maqtool.pt\/wp-content\/uploads\/2022\/10\/MAQ-DWD024-KS-QS-Berbequim-com-percussao.jpg","contentUrl":"https:\/\/maqtool.pt\/wp-content\/uploads\/2022\/10\/MAQ-DWD024-KS-QS-Berbequim-com-percussao.jpg","width":800,"height":800},{"@type":"BreadcrumbList","@id":"https:\/\/maqtool.pt\/produto\/taladro-con-percusion-701w\/#breadcrumb","itemListElement":[{"@type":"ListItem","position":1,"name":"In\u00edcio","item":"https:\/\/maqtool.pt\/es\/home\/"},{"@type":"ListItem","position":2,"name":"Produtos","item":"https:\/\/maqtool.pt\/produtos\/"},{"@type":"ListItem","position":3,"name":"taladro con percusi\u00f3n 701W"}]},{"@type":"WebSite","@id":"https:\/\/maqtool.pt\/#website","url":"https:\/\/maqtool.pt\/","name":"Cobermaster Industry","description":"","publisher":{"@id":"https:\/\/maqtool.pt\/#organization"},"potentialAction":[{"@type":"SearchAction","target":{"@type":"EntryPoint","urlTemplate":"https:\/\/maqtool.pt\/?s={search_term_string}"},"query-input":{"@type":"PropertyValueSpecification","valueRequired":true,"valueName":"search_term_string"}}],"inLanguage":"es"},{"@type":"Organization","@id":"https:\/\/maqtool.pt\/#organization","name":"MAQTOOL","url":"https:\/\/maqtool.pt\/","logo":{"@type":"ImageObject","inLanguage":"es","@id":"https:\/\/maqtool.pt\/#\/schema\/logo\/image\/","url":"https:\/\/maqtool.pt\/wp-content\/uploads\/2022\/09\/MAQTOOL-LOGO.jpg","contentUrl":"https:\/\/maqtool.pt\/wp-content\/uploads\/2022\/09\/MAQTOOL-LOGO.jpg","width":762,"height":228,"caption":"MAQTOOL"},"image":{"@id":"https:\/\/maqtool.pt\/#\/schema\/logo\/image\/"},"sameAs":["https:\/\/www.facebook.com\/cobermaster"]}]}},"uagb_featured_image_src":{"full":["https:\/\/maqtool.pt\/wp-content\/uploads\/2022\/10\/MAQ-DWD024-KS-QS-Berbequim-com-percussao.jpg",800,800,false],"thumbnail":["https:\/\/maqtool.pt\/wp-content\/uploads\/2022\/10\/MAQ-DWD024-KS-QS-Berbequim-com-percussao-150x150.jpg",150,150,true],"medium":["https:\/\/maqtool.pt\/wp-content\/uploads\/2022\/10\/MAQ-DWD024-KS-QS-Berbequim-com-percussao-300x300.jpg",300,300,true],"medium_large":["https:\/\/maqtool.pt\/wp-content\/uploads\/2022\/10\/MAQ-DWD024-KS-QS-Berbequim-com-percussao-768x768.jpg",768,768,true],"large":["https:\/\/maqtool.pt\/wp-content\/uploads\/2022\/10\/MAQ-DWD024-KS-QS-Berbequim-com-percussao.jpg",800,800,false],"1536x1536":["https:\/\/maqtool.pt\/wp-content\/uploads\/2022\/10\/MAQ-DWD024-KS-QS-Berbequim-com-percussao.jpg",800,800,false],"2048x2048":["https:\/\/maqtool.pt\/wp-content\/uploads\/2022\/10\/MAQ-DWD024-KS-QS-Berbequim-com-percussao.jpg",800,800,false],"woocommerce_thumbnail":["https:\/\/maqtool.pt\/wp-content\/uploads\/2022\/10\/MAQ-DWD024-KS-QS-Berbequim-com-percussao-400x400.jpg",400,400,true],"woocommerce_single":["https:\/\/maqtool.pt\/wp-content\/uploads\/2022\/10\/MAQ-DWD024-KS-QS-Berbequim-com-percussao-600x600.jpg",600,600,true],"woocommerce_gallery_thumbnail":["https:\/\/maqtool.pt\/wp-content\/uploads\/2022\/10\/MAQ-DWD024-KS-QS-Berbequim-com-percussao-100x100.jpg",100,100,true]},"uagb_author_info":{"display_name":"Jo\u00e3o Santos","author_link":"https:\/\/maqtool.pt\/es\/author\/"},"uagb_comment_info":0,"uagb_excerpt":"Portabrocas sin llave para cambiar las brocas de forma r\u00e1pida y sencilla El bot\u00f3n de bloqueo permite al usuario mantener el taladro en funcionamiento continuo cuando se realizan operaciones repetitivas El peso ligero asegura que el taladro sea f\u00e1cil de usar y reduce la fatiga del usuario","_links":{"self":[{"href":"https:\/\/maqtool.pt\/es\/wp-json\/wp\/v2\/product\/29790","targetHints":{"allow":["GET"]}}],"collection":[{"href":"https:\/\/maqtool.pt\/es\/wp-json\/wp\/v2\/product"}],"about":[{"href":"https:\/\/maqtool.pt\/es\/wp-json\/wp\/v2\/types\/product"}],"wp:featuredmedia":[{"embeddable":true,"href":"https:\/\/maqtool.pt\/es\/wp-json\/wp\/v2\/media\/26583"}],"wp:attachment":[{"href":"https:\/\/maqtool.pt\/es\/wp-json\/wp\/v2\/media?parent=29790"}],"wp:term":[{"taxonomy":"product_brand","embeddable":true,"href":"https:\/\/maqtool.pt\/es\/wp-json\/wp\/v2\/product_brand?post=29790"},{"taxonomy":"product_cat","embeddable":true,"href":"https:\/\/maqtool.pt\/es\/wp-json\/wp\/v2\/product_cat?post=29790"},{"taxonomy":"product_tag","embeddable":true,"href":"https:\/\/maqtool.pt\/es\/wp-json\/wp\/v2\/product_tag?post=29790"}],"curies":[{"name":"wp","href":"https:\/\/api.w.org\/{rel}","templated":true}]}}