{"id":29793,"date":"2022-10-24T13:24:27","date_gmt":"2022-10-24T13:24:27","guid":{"rendered":"https:\/\/maqtool.pt\/produto\/rompecabezas-de-puno-cerrado\/"},"modified":"2022-10-24T13:24:27","modified_gmt":"2022-10-24T13:24:27","slug":"sierra-de-calar-con-mango-cerrado","status":"publish","type":"product","link":"https:\/\/maqtool.pt\/es\/produto\/sierra-de-calar-con-mango-cerrado\/","title":{"rendered":"Rompecabezas de pu\u00f1o cerrado"},"content":{"rendered":"<div id=\"additional-product-features\" class=\"coh-container coh-style-product-features-benefits\">\n<div class=\"outer-additional-features-item\">\n<ul class=\"additional-feature-ul\">\n<li class=\"additional-feature-list-li\">Potente motor de 701W con velocidad variable y 3100 golpes por minuto proporciona rentabilidad y resistencia<\/li>\n<li class=\"additional-feature-list-li\">El sistema de soplado de aire aleja el aserr\u00edn de la l\u00ednea de corte, lo que permite una visi\u00f3n clara<\/li>\n<li class=\"additional-feature-list-li\">Compatible con la cuchilla especial \u00abFlush Cut\u00bb de DEWALT (N\/O DT2074)<\/li>\n<li class=\"additional-feature-list-li\">La gu\u00eda de la hoja y el cojinete de soporte est\u00e1n en una posici\u00f3n baja para controlar el giro de la hoja, especialmente cuando se corta a plena capacidad.<\/li>\n<li class=\"additional-feature-list-li\">El arranque suave garantiza una mayor precisi\u00f3n en el inicio del corte<\/li>\n<li class=\"additional-feature-list-li\">Base ajustable sin herramientas con superficie antiara\u00f1azos y capacidad de biselado de hasta 45\u00ba en ambos lados<\/li>\n<li class=\"additional-feature-list-li\">Acci\u00f3n pendular de 4 posiciones para controlar la aspereza o suavidad del corte<\/li>\n<li class=\"additional-feature-list-li\">El mecanismo de contrapeso patentado y el mango de agarre recubierto de goma proporcionan menos vibraci\u00f3n y m\u00e1s control<\/li>\n<\/ul>\n<\/div>\n<\/div>\n<div class=\"coh-container coh-style-product-includes-section\">\n<h6 class=\"coh-heading title coh-style-h1---default\">Incluye<\/h6>\n<ul class=\"coh-list-container coh-unordered-list\">\n<li class=\"coh-list-item\">(1) Inserto irrompible<\/li>\n<li class=\"coh-list-item\">(1) adaptador de extractor de polvo<\/li>\n<li class=\"coh-list-item\">(1) estuche de transporte<\/li>\n<li class=\"coh-list-item\">(1) cobertura contra riesgos<\/li>\n<\/ul>\n<\/div>\n<div class=\"coh-container coh-style-specifications\">\n<h6 class=\"coh-heading coh-style-h1---default\">Especificaciones<\/h6>\n<div>\n<div>\n<table class=\"reference_entity_table table-expanded\" data-striping=\"1\">\n<tbody>\n<tr>\n<td>\n<div>LONGITUD DE LA CARRERA<\/div>\n<\/td>\n<td>\n<div>26 MM<\/div>\n<\/td>\n<\/tr>\n<tr>\n<td>\n<div>CAPACIDAD M\u00c1XIMA DE CORTE [ALUM\u00cdNIO]<\/div>\n<\/td>\n<td>\n<div>30 MM<\/div>\n<\/td>\n<\/tr>\n<tr>\n<td>\n<div>CAPACIDAD M\u00c1XIMA DE CORTE [ALLOY DE A\u00c7O INOXID\u00c1VEL]<\/div>\n<\/td>\n<td>\n<div>4.5 MM<\/div>\n<\/td>\n<\/tr>\n<tr>\n<td>\n<div>CAPACIDAD M\u00c1XIMA DE CORTE [A\u00c7O]<\/div>\n<\/td>\n<td>\n<div>12 MM<\/div>\n<\/td>\n<\/tr>\n<tr>\n<td>\n<div>INCERTIDUMBRE K3 (VIBRACI\u00d3N)<\/div>\n<\/td>\n<td>\n<div>1.5<\/div>\n<\/td>\n<\/tr>\n<tr>\n<td>\n<div>INCERTIDUMBRE K4 (VIBRACI\u00d3N)<\/div>\n<\/td>\n<td>\n<div>2<\/div>\n<\/td>\n<\/tr>\n<tr>\n<td>\n<div>PESO DEL PRODUCTO<\/div>\n<\/td>\n<td>\n<div>2.6 KG<\/div>\n<\/td>\n<\/tr>\n<tr>\n<td>\n<div>ALTURA DEL PRODUCTO<\/div>\n<\/td>\n<td>\n<div>210 MM<\/div>\n<\/td>\n<\/tr>\n<tr>\n<td>\n<div>CAPACIDAD DE CORTE<\/div>\n<\/td>\n<td>\n<div>130 MM<\/div>\n<\/td>\n<\/tr>\n<tr>\n<td>\n<div>SALIDA DE POTENCIA<\/div>\n<\/td>\n<td>\n<div>445 W<\/div>\n<\/td>\n<\/tr>\n<tr>\n<td>\n<div>INCERTIDUMBRE K1 (VIBRACI\u00d3N)<\/div>\n<\/td>\n<td>\n<div>2<\/div>\n<\/td>\n<\/tr>\n<tr>\n<td>\n<div>FUENTE DE ENERG\u00cdA<\/div>\n<\/td>\n<td>\n<div>CORD\u00d3N, CON CABLE<\/div>\n<\/td>\n<\/tr>\n<tr>\n<td>\n<div>CUOTA DE CURSO SIN CARGA<\/div>\n<\/td>\n<td>\n<div>0-3100<\/div>\n<\/td>\n<\/tr>\n<tr>\n<td>\n<div>LONGITUD DEL PRODUCTO<\/div>\n<\/td>\n<td>\n<div>250 MM<\/div>\n<\/td>\n<\/tr>\n<tr>\n<td>\n<div>INCERTIDUMBRE K2 (VIBRACI\u00d3N)<\/div>\n<\/td>\n<td>\n<div>1.5<\/div>\n<\/td>\n<\/tr>\n<tr>\n<td>\n<div>CAPACIDAD M\u00c1XIMA DE CORTE [MADEIRA]<\/div>\n<\/td>\n<td>\n<div>130 MM<\/div>\n<\/td>\n<\/tr>\n<\/tbody>\n<\/table>\n<\/div>\n<\/div>\n<\/div>\n","protected":false},"excerpt":{"rendered":"<ul class=\"feature-ul\">\n<li class=\"feature-list-li\">Sistema de cambio de hoja sin llave f\u00e1cil y r\u00e1pido con ranura en T<\/li>\n<li class=\"feature-list-li\">La velocidad constante garantiza que se mantenga la velocidad seleccionada durante el corte, independientemente de la carga, lo que garantiza un acabado uniforme en todos los materiales<\/li>\n<li class=\"feature-list-li\">Dise\u00f1o modular para facilitar las operaciones de mantenimiento<\/li>\n<\/ul>\n","protected":false},"featured_media":26578,"template":"","meta":{"_eb_attr":"","_uag_custom_page_level_css":"","site-sidebar-layout":"default","site-content-layout":"default","ast-site-content-layout":"default","site-content-style":"default","site-sidebar-style":"default","ast-global-header-display":"","ast-banner-title-visibility":"","ast-main-header-display":"","ast-hfb-above-header-display":"","ast-hfb-below-header-display":"","ast-hfb-mobile-header-display":"","site-post-title":"","ast-breadcrumbs-content":"","ast-featured-img":"","footer-sml-layout":"","ast-disable-related-posts":"","theme-transparent-header-meta":"default","adv-header-id-meta":"","stick-header-meta":"default","header-above-stick-meta":"","header-main-stick-meta":"","header-below-stick-meta":"","astra-migrate-meta-layouts":"default","ast-page-background-enabled":"default","ast-page-background-meta":{"desktop":{"background-color":"","background-image":"","background-repeat":"repeat","background-position":"center center","background-size":"auto","background-attachment":"scroll","background-type":"","background-media":"","overlay-type":"","overlay-color":"","overlay-opacity":"","overlay-gradient":""},"tablet":{"background-color":"","background-image":"","background-repeat":"repeat","background-position":"center center","background-size":"auto","background-attachment":"scroll","background-type":"","background-media":"","overlay-type":"","overlay-color":"","overlay-opacity":"","overlay-gradient":""},"mobile":{"background-color":"","background-image":"","background-repeat":"repeat","background-position":"center center","background-size":"auto","background-attachment":"scroll","background-type":"","background-media":"","overlay-type":"","overlay-color":"","overlay-opacity":"","overlay-gradient":""}},"ast-content-background-meta":{"desktop":{"background-color":"var(--ast-global-color-5)","background-image":"","background-repeat":"repeat","background-position":"center center","background-size":"auto","background-attachment":"scroll","background-type":"","background-media":"","overlay-type":"","overlay-color":"","overlay-opacity":"","overlay-gradient":""},"tablet":{"background-color":"var(--ast-global-color-5)","background-image":"","background-repeat":"repeat","background-position":"center center","background-size":"auto","background-attachment":"scroll","background-type":"","background-media":"","overlay-type":"","overlay-color":"","overlay-opacity":"","overlay-gradient":""},"mobile":{"background-color":"var(--ast-global-color-5)","background-image":"","background-repeat":"repeat","background-position":"center center","background-size":"auto","background-attachment":"scroll","background-type":"","background-media":"","overlay-type":"","overlay-color":"","overlay-opacity":"","overlay-gradient":""}}},"product_brand":[],"product_cat":[6786,5255,6778],"product_tag":[],"class_list":{"0":"post-29793","1":"product","2":"type-product","3":"status-publish","4":"has-post-thumbnail","6":"product_cat-general-es","7":"product_cat-herramientas-y-accesorios","8":"product_cat-herramientas-electricas","9":"desktop-align-center","10":"tablet-align-center","11":"mobile-align-center","12":"ast-product-gallery-layout-horizontal","13":"ast-product-gallery-with-no-image","14":"ast-product-tabs-layout-horizontal","16":"first","17":"onbackorder","18":"taxable","19":"shipping-taxable","20":"product-type-simple"},"acf":[],"yoast_head":"<!-- This site is optimized with the Yoast SEO plugin v27.3 - https:\/\/yoast.com\/product\/yoast-seo-wordpress\/ -->\n<title>Rompecabezas de pu\u00f1o cerrado - MAQTOOL<\/title>\n<meta name=\"robots\" content=\"index, follow, max-snippet:-1, max-image-preview:large, max-video-preview:-1\" \/>\n<link rel=\"canonical\" href=\"https:\/\/maqtool.pt\/produto\/rompecabezas-de-puno-cerrado\/\" \/>\n<meta property=\"og:locale\" content=\"es_ES\" \/>\n<meta property=\"og:type\" content=\"article\" \/>\n<meta property=\"og:title\" content=\"Rompecabezas de pu\u00f1o cerrado - MAQTOOL\" \/>\n<meta property=\"og:description\" content=\"Sistema de cambio de hoja sin llave f\u00e1cil y r\u00e1pido con ranura en T  La velocidad constante garantiza que se mantenga la velocidad seleccionada durante el corte, independientemente de la carga, lo que garantiza un acabado uniforme en todos los materiales  Dise\u00f1o modular para facilitar las operaciones de mantenimiento\" \/>\n<meta property=\"og:url\" content=\"https:\/\/maqtool.pt\/produto\/rompecabezas-de-puno-cerrado\/\" \/>\n<meta property=\"og:site_name\" content=\"MAQTOOL\" \/>\n<meta property=\"article:publisher\" content=\"https:\/\/www.facebook.com\/cobermaster\" \/>\n<meta name=\"twitter:card\" content=\"summary_large_image\" \/>\n<meta name=\"twitter:label1\" content=\"Tiempo de lectura\" \/>\n\t<meta name=\"twitter:data1\" content=\"1 minuto\" \/>\n<script type=\"application\/ld+json\" class=\"yoast-schema-graph\">{\"@context\":\"https:\\\/\\\/schema.org\",\"@graph\":[{\"@type\":\"WebPage\",\"@id\":\"https:\\\/\\\/maqtool.pt\\\/produto\\\/rompecabezas-de-puno-cerrado\\\/\",\"url\":\"https:\\\/\\\/maqtool.pt\\\/produto\\\/rompecabezas-de-puno-cerrado\\\/\",\"name\":\"Rompecabezas de pu\u00f1o cerrado - MAQTOOL\",\"isPartOf\":{\"@id\":\"https:\\\/\\\/maqtool.pt\\\/#website\"},\"primaryImageOfPage\":{\"@id\":\"https:\\\/\\\/maqtool.pt\\\/produto\\\/rompecabezas-de-puno-cerrado\\\/#primaryimage\"},\"image\":{\"@id\":\"https:\\\/\\\/maqtool.pt\\\/produto\\\/rompecabezas-de-puno-cerrado\\\/#primaryimage\"},\"thumbnailUrl\":\"https:\\\/\\\/maqtool.pt\\\/wp-content\\\/uploads\\\/2022\\\/10\\\/MAQ-DW331K-QS-Serra-de-Recortes-de-Punho-Fechado.jpg\",\"datePublished\":\"2022-10-24T13:24:27+00:00\",\"breadcrumb\":{\"@id\":\"https:\\\/\\\/maqtool.pt\\\/produto\\\/rompecabezas-de-puno-cerrado\\\/#breadcrumb\"},\"inLanguage\":\"es\",\"potentialAction\":[{\"@type\":\"ReadAction\",\"target\":[\"https:\\\/\\\/maqtool.pt\\\/produto\\\/rompecabezas-de-puno-cerrado\\\/\"]}]},{\"@type\":\"ImageObject\",\"inLanguage\":\"es\",\"@id\":\"https:\\\/\\\/maqtool.pt\\\/produto\\\/rompecabezas-de-puno-cerrado\\\/#primaryimage\",\"url\":\"https:\\\/\\\/maqtool.pt\\\/wp-content\\\/uploads\\\/2022\\\/10\\\/MAQ-DW331K-QS-Serra-de-Recortes-de-Punho-Fechado.jpg\",\"contentUrl\":\"https:\\\/\\\/maqtool.pt\\\/wp-content\\\/uploads\\\/2022\\\/10\\\/MAQ-DW331K-QS-Serra-de-Recortes-de-Punho-Fechado.jpg\",\"width\":800,\"height\":800},{\"@type\":\"BreadcrumbList\",\"@id\":\"https:\\\/\\\/maqtool.pt\\\/produto\\\/rompecabezas-de-puno-cerrado\\\/#breadcrumb\",\"itemListElement\":[{\"@type\":\"ListItem\",\"position\":1,\"name\":\"In\u00edcio\",\"item\":\"https:\\\/\\\/maqtool.pt\\\/es\\\/home\\\/\"},{\"@type\":\"ListItem\",\"position\":2,\"name\":\"Produtos\",\"item\":\"https:\\\/\\\/maqtool.pt\\\/produtos\\\/\"},{\"@type\":\"ListItem\",\"position\":3,\"name\":\"Rompecabezas de pu\u00f1o cerrado\"}]},{\"@type\":\"WebSite\",\"@id\":\"https:\\\/\\\/maqtool.pt\\\/#website\",\"url\":\"https:\\\/\\\/maqtool.pt\\\/\",\"name\":\"Cobermaster Industry\",\"description\":\"\",\"publisher\":{\"@id\":\"https:\\\/\\\/maqtool.pt\\\/#organization\"},\"potentialAction\":[{\"@type\":\"SearchAction\",\"target\":{\"@type\":\"EntryPoint\",\"urlTemplate\":\"https:\\\/\\\/maqtool.pt\\\/?s={search_term_string}\"},\"query-input\":{\"@type\":\"PropertyValueSpecification\",\"valueRequired\":true,\"valueName\":\"search_term_string\"}}],\"inLanguage\":\"es\"},{\"@type\":\"Organization\",\"@id\":\"https:\\\/\\\/maqtool.pt\\\/#organization\",\"name\":\"MAQTOOL\",\"url\":\"https:\\\/\\\/maqtool.pt\\\/\",\"logo\":{\"@type\":\"ImageObject\",\"inLanguage\":\"es\",\"@id\":\"https:\\\/\\\/maqtool.pt\\\/#\\\/schema\\\/logo\\\/image\\\/\",\"url\":\"https:\\\/\\\/maqtool.pt\\\/wp-content\\\/uploads\\\/2022\\\/09\\\/MAQTOOL-LOGO.jpg\",\"contentUrl\":\"https:\\\/\\\/maqtool.pt\\\/wp-content\\\/uploads\\\/2022\\\/09\\\/MAQTOOL-LOGO.jpg\",\"width\":762,\"height\":228,\"caption\":\"MAQTOOL\"},\"image\":{\"@id\":\"https:\\\/\\\/maqtool.pt\\\/#\\\/schema\\\/logo\\\/image\\\/\"},\"sameAs\":[\"https:\\\/\\\/www.facebook.com\\\/cobermaster\"]}]}<\/script>\n<!-- \/ Yoast SEO plugin. -->","yoast_head_json":{"title":"Rompecabezas de pu\u00f1o cerrado - MAQTOOL","robots":{"index":"index","follow":"follow","max-snippet":"max-snippet:-1","max-image-preview":"max-image-preview:large","max-video-preview":"max-video-preview:-1"},"canonical":"https:\/\/maqtool.pt\/produto\/rompecabezas-de-puno-cerrado\/","og_locale":"es_ES","og_type":"article","og_title":"Rompecabezas de pu\u00f1o cerrado - MAQTOOL","og_description":"Sistema de cambio de hoja sin llave f\u00e1cil y r\u00e1pido con ranura en T  La velocidad constante garantiza que se mantenga la velocidad seleccionada durante el corte, independientemente de la carga, lo que garantiza un acabado uniforme en todos los materiales  Dise\u00f1o modular para facilitar las operaciones de mantenimiento","og_url":"https:\/\/maqtool.pt\/produto\/rompecabezas-de-puno-cerrado\/","og_site_name":"MAQTOOL","article_publisher":"https:\/\/www.facebook.com\/cobermaster","twitter_card":"summary_large_image","twitter_misc":{"Tiempo de lectura":"1 minuto"},"schema":{"@context":"https:\/\/schema.org","@graph":[{"@type":"WebPage","@id":"https:\/\/maqtool.pt\/produto\/rompecabezas-de-puno-cerrado\/","url":"https:\/\/maqtool.pt\/produto\/rompecabezas-de-puno-cerrado\/","name":"Rompecabezas de pu\u00f1o cerrado - MAQTOOL","isPartOf":{"@id":"https:\/\/maqtool.pt\/#website"},"primaryImageOfPage":{"@id":"https:\/\/maqtool.pt\/produto\/rompecabezas-de-puno-cerrado\/#primaryimage"},"image":{"@id":"https:\/\/maqtool.pt\/produto\/rompecabezas-de-puno-cerrado\/#primaryimage"},"thumbnailUrl":"https:\/\/maqtool.pt\/wp-content\/uploads\/2022\/10\/MAQ-DW331K-QS-Serra-de-Recortes-de-Punho-Fechado.jpg","datePublished":"2022-10-24T13:24:27+00:00","breadcrumb":{"@id":"https:\/\/maqtool.pt\/produto\/rompecabezas-de-puno-cerrado\/#breadcrumb"},"inLanguage":"es","potentialAction":[{"@type":"ReadAction","target":["https:\/\/maqtool.pt\/produto\/rompecabezas-de-puno-cerrado\/"]}]},{"@type":"ImageObject","inLanguage":"es","@id":"https:\/\/maqtool.pt\/produto\/rompecabezas-de-puno-cerrado\/#primaryimage","url":"https:\/\/maqtool.pt\/wp-content\/uploads\/2022\/10\/MAQ-DW331K-QS-Serra-de-Recortes-de-Punho-Fechado.jpg","contentUrl":"https:\/\/maqtool.pt\/wp-content\/uploads\/2022\/10\/MAQ-DW331K-QS-Serra-de-Recortes-de-Punho-Fechado.jpg","width":800,"height":800},{"@type":"BreadcrumbList","@id":"https:\/\/maqtool.pt\/produto\/rompecabezas-de-puno-cerrado\/#breadcrumb","itemListElement":[{"@type":"ListItem","position":1,"name":"In\u00edcio","item":"https:\/\/maqtool.pt\/es\/home\/"},{"@type":"ListItem","position":2,"name":"Produtos","item":"https:\/\/maqtool.pt\/produtos\/"},{"@type":"ListItem","position":3,"name":"Rompecabezas de pu\u00f1o cerrado"}]},{"@type":"WebSite","@id":"https:\/\/maqtool.pt\/#website","url":"https:\/\/maqtool.pt\/","name":"Cobermaster Industry","description":"","publisher":{"@id":"https:\/\/maqtool.pt\/#organization"},"potentialAction":[{"@type":"SearchAction","target":{"@type":"EntryPoint","urlTemplate":"https:\/\/maqtool.pt\/?s={search_term_string}"},"query-input":{"@type":"PropertyValueSpecification","valueRequired":true,"valueName":"search_term_string"}}],"inLanguage":"es"},{"@type":"Organization","@id":"https:\/\/maqtool.pt\/#organization","name":"MAQTOOL","url":"https:\/\/maqtool.pt\/","logo":{"@type":"ImageObject","inLanguage":"es","@id":"https:\/\/maqtool.pt\/#\/schema\/logo\/image\/","url":"https:\/\/maqtool.pt\/wp-content\/uploads\/2022\/09\/MAQTOOL-LOGO.jpg","contentUrl":"https:\/\/maqtool.pt\/wp-content\/uploads\/2022\/09\/MAQTOOL-LOGO.jpg","width":762,"height":228,"caption":"MAQTOOL"},"image":{"@id":"https:\/\/maqtool.pt\/#\/schema\/logo\/image\/"},"sameAs":["https:\/\/www.facebook.com\/cobermaster"]}]}},"uagb_featured_image_src":{"full":["https:\/\/maqtool.pt\/wp-content\/uploads\/2022\/10\/MAQ-DW331K-QS-Serra-de-Recortes-de-Punho-Fechado.jpg",800,800,false],"thumbnail":["https:\/\/maqtool.pt\/wp-content\/uploads\/2022\/10\/MAQ-DW331K-QS-Serra-de-Recortes-de-Punho-Fechado-150x150.jpg",150,150,true],"medium":["https:\/\/maqtool.pt\/wp-content\/uploads\/2022\/10\/MAQ-DW331K-QS-Serra-de-Recortes-de-Punho-Fechado-300x300.jpg",300,300,true],"medium_large":["https:\/\/maqtool.pt\/wp-content\/uploads\/2022\/10\/MAQ-DW331K-QS-Serra-de-Recortes-de-Punho-Fechado-768x768.jpg",768,768,true],"large":["https:\/\/maqtool.pt\/wp-content\/uploads\/2022\/10\/MAQ-DW331K-QS-Serra-de-Recortes-de-Punho-Fechado.jpg",800,800,false],"1536x1536":["https:\/\/maqtool.pt\/wp-content\/uploads\/2022\/10\/MAQ-DW331K-QS-Serra-de-Recortes-de-Punho-Fechado.jpg",800,800,false],"2048x2048":["https:\/\/maqtool.pt\/wp-content\/uploads\/2022\/10\/MAQ-DW331K-QS-Serra-de-Recortes-de-Punho-Fechado.jpg",800,800,false],"woocommerce_thumbnail":["https:\/\/maqtool.pt\/wp-content\/uploads\/2022\/10\/MAQ-DW331K-QS-Serra-de-Recortes-de-Punho-Fechado-400x400.jpg",400,400,true],"woocommerce_single":["https:\/\/maqtool.pt\/wp-content\/uploads\/2022\/10\/MAQ-DW331K-QS-Serra-de-Recortes-de-Punho-Fechado-600x600.jpg",600,600,true],"woocommerce_gallery_thumbnail":["https:\/\/maqtool.pt\/wp-content\/uploads\/2022\/10\/MAQ-DW331K-QS-Serra-de-Recortes-de-Punho-Fechado-100x100.jpg",100,100,true]},"uagb_author_info":{"display_name":"Jo\u00e3o Santos","author_link":"https:\/\/maqtool.pt\/es\/author\/"},"uagb_comment_info":0,"uagb_excerpt":"Sistema de cambio de hoja sin llave f\u00e1cil y r\u00e1pido con ranura en T La velocidad constante garantiza que se mantenga la velocidad seleccionada durante el corte, independientemente de la carga, lo que garantiza un acabado uniforme en todos los materiales Dise\u00f1o modular para facilitar las operaciones de mantenimiento","_links":{"self":[{"href":"https:\/\/maqtool.pt\/es\/wp-json\/wp\/v2\/product\/29793","targetHints":{"allow":["GET"]}}],"collection":[{"href":"https:\/\/maqtool.pt\/es\/wp-json\/wp\/v2\/product"}],"about":[{"href":"https:\/\/maqtool.pt\/es\/wp-json\/wp\/v2\/types\/product"}],"wp:featuredmedia":[{"embeddable":true,"href":"https:\/\/maqtool.pt\/es\/wp-json\/wp\/v2\/media\/26578"}],"wp:attachment":[{"href":"https:\/\/maqtool.pt\/es\/wp-json\/wp\/v2\/media?parent=29793"}],"wp:term":[{"taxonomy":"product_brand","embeddable":true,"href":"https:\/\/maqtool.pt\/es\/wp-json\/wp\/v2\/product_brand?post=29793"},{"taxonomy":"product_cat","embeddable":true,"href":"https:\/\/maqtool.pt\/es\/wp-json\/wp\/v2\/product_cat?post=29793"},{"taxonomy":"product_tag","embeddable":true,"href":"https:\/\/maqtool.pt\/es\/wp-json\/wp\/v2\/product_tag?post=29793"}],"curies":[{"name":"wp","href":"https:\/\/api.w.org\/{rel}","templated":true}]}}