{"id":29814,"date":"2022-10-25T14:50:24","date_gmt":"2022-10-25T14:50:24","guid":{"rendered":"https:\/\/maqtool.pt\/produto\/bester-215mp\/"},"modified":"2022-10-25T14:50:24","modified_gmt":"2022-10-25T14:50:24","slug":"bester-215mp-2","status":"publish","type":"product","link":"https:\/\/maqtool.pt\/es\/produto\/bester-215mp-2\/","title":{"rendered":"Bester 215MP"},"content":{"rendered":"<p id=\"tw-target-text\" class=\"tw-data-text tw-text-large tw-ta\" dir=\"ltr\" data-placeholder=\"Tradu\u00e7\u00e3o\"><span class=\"Y2IQFc\" lang=\"pt\">La soldadora Bester 215MP representa la \u00faltima generaci\u00f3n de m\u00e1quinas multiproceso compactas monof\u00e1sicas basadas en inverters de \u00faltima generaci\u00f3n. Esta es una m\u00e1quina profesional con todas las funciones en un paquete compacto. Estas caracter\u00edsticas hacen que esta gama sea extremadamente vers\u00e1til. Se pueden utilizar para muchas aplicaciones diferentes y se pueden mover f\u00e1cilmente por las instalaciones de producci\u00f3n o transportarse sin esfuerzo a cualquier lugar. Estas unidades pueden ser alimentadas por la red o tambi\u00e9n son adecuadas para su uso con generadores de motor. Para usar con bobinas de alambre grandes (300 mm o 200 mm). Este Ready-Pack contiene pistola MIG de 4 m, cable de tierra con abrazadera, manguera de gas y rollos para alambre s\u00f3lido de 0,8-1,0. Equipado con ruedas y estante para una botella de gas.<\/span><\/p>\n<p dir=\"ltr\" data-placeholder=\"Tradu\u00e7\u00e3o\"><strong>Caracter\u00edsticas:<\/strong><\/p>\n<ul>\n<li id=\"tw-target-text\" class=\"tw-data-text tw-text-large tw-ta\" dir=\"ltr\" data-placeholder=\"Tradu\u00e7\u00e3o\"><span class=\"Y2IQFc\" lang=\"pt\">Excelente opci\u00f3n para soldadura MIG, TIG lift y MMA.<\/span><\/li>\n<li class=\"tw-data-text tw-text-large tw-ta\" dir=\"ltr\" data-placeholder=\"Tradu\u00e7\u00e3o\"><span class=\"Y2IQFc\" lang=\"pt\">Inversor monof\u00e1sico compacto y robusto.<\/span><\/li>\n<li class=\"tw-data-text tw-text-large tw-ta\" dir=\"ltr\" data-placeholder=\"Tradu\u00e7\u00e3o\"><span class=\"Y2IQFc\" lang=\"pt\">Con tren de rodaje de serie. <\/span><\/li>\n<li class=\"tw-data-text tw-text-large tw-ta\" dir=\"ltr\" data-placeholder=\"Tradu\u00e7\u00e3o\"><span class=\"Y2IQFc\" lang=\"pt\">Grandes pantallas digitales, interfaz de usuario amigable.<\/span><\/li>\n<li class=\"tw-data-text tw-text-large tw-ta\" dir=\"ltr\" data-placeholder=\"Tradu\u00e7\u00e3o\"><span class=\"Y2IQFc\" lang=\"pt\">Adecuado para su uso con generadores de motor.<\/span><\/li>\n<li class=\"tw-data-text tw-text-large tw-ta\" dir=\"ltr\" data-placeholder=\"Tradu\u00e7\u00e3o\"><span class=\"Y2IQFc\" lang=\"pt\">F\u00e1cil cambio de polaridad.<\/span><\/li>\n<\/ul>\n","protected":false},"excerpt":{"rendered":"<p id=\"tw-target-text\" class=\"tw-data-text tw-text-large tw-ta\" dir=\"ltr\" data-placeholder=\"Tradu\u00e7\u00e3o\"><span class=\"Y2IQFc\" lang=\"pt\">Soldadora monof\u00e1sica multiproceso compacta para bobinas de gran tama\u00f1o (300mm). Corriente de salida: 200A@10%. Este Ready-Pack contiene pistola MIG de 4 m, cable de tierra con abrazadera, manguera de gas y rollos para alambre s\u00f3lido de 0,8-1,0.<\/span><\/p>\n","protected":false},"featured_media":26747,"template":"","meta":{"_eb_attr":"","_uag_custom_page_level_css":"","site-sidebar-layout":"default","site-content-layout":"default","ast-site-content-layout":"default","site-content-style":"default","site-sidebar-style":"default","ast-global-header-display":"","ast-banner-title-visibility":"","ast-main-header-display":"","ast-hfb-above-header-display":"","ast-hfb-below-header-display":"","ast-hfb-mobile-header-display":"","site-post-title":"","ast-breadcrumbs-content":"","ast-featured-img":"","footer-sml-layout":"","ast-disable-related-posts":"","theme-transparent-header-meta":"default","adv-header-id-meta":"","stick-header-meta":"default","header-above-stick-meta":"","header-main-stick-meta":"","header-below-stick-meta":"","astra-migrate-meta-layouts":"default","ast-page-background-enabled":"default","ast-page-background-meta":{"desktop":{"background-color":"","background-image":"","background-repeat":"repeat","background-position":"center center","background-size":"auto","background-attachment":"scroll","background-type":"","background-media":"","overlay-type":"","overlay-color":"","overlay-opacity":"","overlay-gradient":""},"tablet":{"background-color":"","background-image":"","background-repeat":"repeat","background-position":"center center","background-size":"auto","background-attachment":"scroll","background-type":"","background-media":"","overlay-type":"","overlay-color":"","overlay-opacity":"","overlay-gradient":""},"mobile":{"background-color":"","background-image":"","background-repeat":"repeat","background-position":"center center","background-size":"auto","background-attachment":"scroll","background-type":"","background-media":"","overlay-type":"","overlay-color":"","overlay-opacity":"","overlay-gradient":""}},"ast-content-background-meta":{"desktop":{"background-color":"var(--ast-global-color-5)","background-image":"","background-repeat":"repeat","background-position":"center center","background-size":"auto","background-attachment":"scroll","background-type":"","background-media":"","overlay-type":"","overlay-color":"","overlay-opacity":"","overlay-gradient":""},"tablet":{"background-color":"var(--ast-global-color-5)","background-image":"","background-repeat":"repeat","background-position":"center center","background-size":"auto","background-attachment":"scroll","background-type":"","background-media":"","overlay-type":"","overlay-color":"","overlay-opacity":"","overlay-gradient":""},"mobile":{"background-color":"var(--ast-global-color-5)","background-image":"","background-repeat":"repeat","background-position":"center center","background-size":"auto","background-attachment":"scroll","background-type":"","background-media":"","overlay-type":"","overlay-color":"","overlay-opacity":"","overlay-gradient":""}}},"product_brand":[],"product_cat":[5255,5339],"product_tag":[],"class_list":{"0":"post-29814","1":"product","2":"type-product","3":"status-publish","4":"has-post-thumbnail","6":"product_cat-herramientas-y-accesorios","7":"product_cat-equipo-de-soldadura","8":"desktop-align-center","9":"tablet-align-center","10":"mobile-align-center","11":"ast-product-gallery-layout-horizontal","12":"ast-product-gallery-with-no-image","13":"ast-product-tabs-layout-horizontal","15":"first","16":"onbackorder","17":"taxable","18":"shipping-taxable","19":"product-type-simple"},"acf":[],"yoast_head":"<!-- This site is optimized with the Yoast SEO plugin v27.3 - https:\/\/yoast.com\/product\/yoast-seo-wordpress\/ -->\n<title>Bester 215MP - MAQTOOL<\/title>\n<meta name=\"robots\" content=\"index, follow, max-snippet:-1, max-image-preview:large, max-video-preview:-1\" \/>\n<link rel=\"canonical\" href=\"https:\/\/maqtool.pt\/produto\/bester-215mp\/\" \/>\n<meta property=\"og:locale\" content=\"es_ES\" \/>\n<meta property=\"og:type\" content=\"article\" \/>\n<meta property=\"og:title\" content=\"Bester 215MP - MAQTOOL\" \/>\n<meta property=\"og:description\" content=\"Soldadora monof\u00e1sica multiproceso compacta para bobinas de gran tama\u00f1o (300mm). Corriente de salida: 200A@10%. Este Ready-Pack contiene pistola MIG de 4 m, cable de tierra con abrazadera, manguera de gas y rollos para alambre s\u00f3lido de 0,8-1,0.\" \/>\n<meta property=\"og:url\" content=\"https:\/\/maqtool.pt\/produto\/bester-215mp\/\" \/>\n<meta property=\"og:site_name\" content=\"MAQTOOL\" \/>\n<meta property=\"article:publisher\" content=\"https:\/\/www.facebook.com\/cobermaster\" \/>\n<meta name=\"twitter:card\" content=\"summary_large_image\" \/>\n<meta name=\"twitter:label1\" content=\"Tiempo de lectura\" \/>\n\t<meta name=\"twitter:data1\" content=\"1 minuto\" \/>\n<script type=\"application\/ld+json\" class=\"yoast-schema-graph\">{\"@context\":\"https:\\\/\\\/schema.org\",\"@graph\":[{\"@type\":\"WebPage\",\"@id\":\"https:\\\/\\\/maqtool.pt\\\/produto\\\/bester-215mp\\\/\",\"url\":\"https:\\\/\\\/maqtool.pt\\\/produto\\\/bester-215mp\\\/\",\"name\":\"Bester 215MP - MAQTOOL\",\"isPartOf\":{\"@id\":\"https:\\\/\\\/maqtool.pt\\\/#website\"},\"primaryImageOfPage\":{\"@id\":\"https:\\\/\\\/maqtool.pt\\\/produto\\\/bester-215mp\\\/#primaryimage\"},\"image\":{\"@id\":\"https:\\\/\\\/maqtool.pt\\\/produto\\\/bester-215mp\\\/#primaryimage\"},\"thumbnailUrl\":\"https:\\\/\\\/maqtool.pt\\\/wp-content\\\/uploads\\\/2022\\\/10\\\/MAQ-B18260-1-BESTER-215MP.jpg\",\"datePublished\":\"2022-10-25T14:50:24+00:00\",\"breadcrumb\":{\"@id\":\"https:\\\/\\\/maqtool.pt\\\/produto\\\/bester-215mp\\\/#breadcrumb\"},\"inLanguage\":\"es\",\"potentialAction\":[{\"@type\":\"ReadAction\",\"target\":[\"https:\\\/\\\/maqtool.pt\\\/produto\\\/bester-215mp\\\/\"]}]},{\"@type\":\"ImageObject\",\"inLanguage\":\"es\",\"@id\":\"https:\\\/\\\/maqtool.pt\\\/produto\\\/bester-215mp\\\/#primaryimage\",\"url\":\"https:\\\/\\\/maqtool.pt\\\/wp-content\\\/uploads\\\/2022\\\/10\\\/MAQ-B18260-1-BESTER-215MP.jpg\",\"contentUrl\":\"https:\\\/\\\/maqtool.pt\\\/wp-content\\\/uploads\\\/2022\\\/10\\\/MAQ-B18260-1-BESTER-215MP.jpg\",\"width\":800,\"height\":800},{\"@type\":\"BreadcrumbList\",\"@id\":\"https:\\\/\\\/maqtool.pt\\\/produto\\\/bester-215mp\\\/#breadcrumb\",\"itemListElement\":[{\"@type\":\"ListItem\",\"position\":1,\"name\":\"In\u00edcio\",\"item\":\"https:\\\/\\\/maqtool.pt\\\/es\\\/home\\\/\"},{\"@type\":\"ListItem\",\"position\":2,\"name\":\"Produtos\",\"item\":\"https:\\\/\\\/maqtool.pt\\\/produtos\\\/\"},{\"@type\":\"ListItem\",\"position\":3,\"name\":\"Bester 215MP\"}]},{\"@type\":\"WebSite\",\"@id\":\"https:\\\/\\\/maqtool.pt\\\/#website\",\"url\":\"https:\\\/\\\/maqtool.pt\\\/\",\"name\":\"Cobermaster Industry\",\"description\":\"\",\"publisher\":{\"@id\":\"https:\\\/\\\/maqtool.pt\\\/#organization\"},\"potentialAction\":[{\"@type\":\"SearchAction\",\"target\":{\"@type\":\"EntryPoint\",\"urlTemplate\":\"https:\\\/\\\/maqtool.pt\\\/?s={search_term_string}\"},\"query-input\":{\"@type\":\"PropertyValueSpecification\",\"valueRequired\":true,\"valueName\":\"search_term_string\"}}],\"inLanguage\":\"es\"},{\"@type\":\"Organization\",\"@id\":\"https:\\\/\\\/maqtool.pt\\\/#organization\",\"name\":\"MAQTOOL\",\"url\":\"https:\\\/\\\/maqtool.pt\\\/\",\"logo\":{\"@type\":\"ImageObject\",\"inLanguage\":\"es\",\"@id\":\"https:\\\/\\\/maqtool.pt\\\/#\\\/schema\\\/logo\\\/image\\\/\",\"url\":\"https:\\\/\\\/maqtool.pt\\\/wp-content\\\/uploads\\\/2022\\\/09\\\/MAQTOOL-LOGO.jpg\",\"contentUrl\":\"https:\\\/\\\/maqtool.pt\\\/wp-content\\\/uploads\\\/2022\\\/09\\\/MAQTOOL-LOGO.jpg\",\"width\":762,\"height\":228,\"caption\":\"MAQTOOL\"},\"image\":{\"@id\":\"https:\\\/\\\/maqtool.pt\\\/#\\\/schema\\\/logo\\\/image\\\/\"},\"sameAs\":[\"https:\\\/\\\/www.facebook.com\\\/cobermaster\"]}]}<\/script>\n<!-- \/ Yoast SEO plugin. -->","yoast_head_json":{"title":"Bester 215MP - MAQTOOL","robots":{"index":"index","follow":"follow","max-snippet":"max-snippet:-1","max-image-preview":"max-image-preview:large","max-video-preview":"max-video-preview:-1"},"canonical":"https:\/\/maqtool.pt\/produto\/bester-215mp\/","og_locale":"es_ES","og_type":"article","og_title":"Bester 215MP - MAQTOOL","og_description":"Soldadora monof\u00e1sica multiproceso compacta para bobinas de gran tama\u00f1o (300mm). Corriente de salida: 200A@10%. Este Ready-Pack contiene pistola MIG de 4 m, cable de tierra con abrazadera, manguera de gas y rollos para alambre s\u00f3lido de 0,8-1,0.","og_url":"https:\/\/maqtool.pt\/produto\/bester-215mp\/","og_site_name":"MAQTOOL","article_publisher":"https:\/\/www.facebook.com\/cobermaster","twitter_card":"summary_large_image","twitter_misc":{"Tiempo de lectura":"1 minuto"},"schema":{"@context":"https:\/\/schema.org","@graph":[{"@type":"WebPage","@id":"https:\/\/maqtool.pt\/produto\/bester-215mp\/","url":"https:\/\/maqtool.pt\/produto\/bester-215mp\/","name":"Bester 215MP - MAQTOOL","isPartOf":{"@id":"https:\/\/maqtool.pt\/#website"},"primaryImageOfPage":{"@id":"https:\/\/maqtool.pt\/produto\/bester-215mp\/#primaryimage"},"image":{"@id":"https:\/\/maqtool.pt\/produto\/bester-215mp\/#primaryimage"},"thumbnailUrl":"https:\/\/maqtool.pt\/wp-content\/uploads\/2022\/10\/MAQ-B18260-1-BESTER-215MP.jpg","datePublished":"2022-10-25T14:50:24+00:00","breadcrumb":{"@id":"https:\/\/maqtool.pt\/produto\/bester-215mp\/#breadcrumb"},"inLanguage":"es","potentialAction":[{"@type":"ReadAction","target":["https:\/\/maqtool.pt\/produto\/bester-215mp\/"]}]},{"@type":"ImageObject","inLanguage":"es","@id":"https:\/\/maqtool.pt\/produto\/bester-215mp\/#primaryimage","url":"https:\/\/maqtool.pt\/wp-content\/uploads\/2022\/10\/MAQ-B18260-1-BESTER-215MP.jpg","contentUrl":"https:\/\/maqtool.pt\/wp-content\/uploads\/2022\/10\/MAQ-B18260-1-BESTER-215MP.jpg","width":800,"height":800},{"@type":"BreadcrumbList","@id":"https:\/\/maqtool.pt\/produto\/bester-215mp\/#breadcrumb","itemListElement":[{"@type":"ListItem","position":1,"name":"In\u00edcio","item":"https:\/\/maqtool.pt\/es\/home\/"},{"@type":"ListItem","position":2,"name":"Produtos","item":"https:\/\/maqtool.pt\/produtos\/"},{"@type":"ListItem","position":3,"name":"Bester 215MP"}]},{"@type":"WebSite","@id":"https:\/\/maqtool.pt\/#website","url":"https:\/\/maqtool.pt\/","name":"Cobermaster Industry","description":"","publisher":{"@id":"https:\/\/maqtool.pt\/#organization"},"potentialAction":[{"@type":"SearchAction","target":{"@type":"EntryPoint","urlTemplate":"https:\/\/maqtool.pt\/?s={search_term_string}"},"query-input":{"@type":"PropertyValueSpecification","valueRequired":true,"valueName":"search_term_string"}}],"inLanguage":"es"},{"@type":"Organization","@id":"https:\/\/maqtool.pt\/#organization","name":"MAQTOOL","url":"https:\/\/maqtool.pt\/","logo":{"@type":"ImageObject","inLanguage":"es","@id":"https:\/\/maqtool.pt\/#\/schema\/logo\/image\/","url":"https:\/\/maqtool.pt\/wp-content\/uploads\/2022\/09\/MAQTOOL-LOGO.jpg","contentUrl":"https:\/\/maqtool.pt\/wp-content\/uploads\/2022\/09\/MAQTOOL-LOGO.jpg","width":762,"height":228,"caption":"MAQTOOL"},"image":{"@id":"https:\/\/maqtool.pt\/#\/schema\/logo\/image\/"},"sameAs":["https:\/\/www.facebook.com\/cobermaster"]}]}},"uagb_featured_image_src":{"full":["https:\/\/maqtool.pt\/wp-content\/uploads\/2022\/10\/MAQ-B18260-1-BESTER-215MP.jpg",800,800,false],"thumbnail":["https:\/\/maqtool.pt\/wp-content\/uploads\/2022\/10\/MAQ-B18260-1-BESTER-215MP-150x150.jpg",150,150,true],"medium":["https:\/\/maqtool.pt\/wp-content\/uploads\/2022\/10\/MAQ-B18260-1-BESTER-215MP-300x300.jpg",300,300,true],"medium_large":["https:\/\/maqtool.pt\/wp-content\/uploads\/2022\/10\/MAQ-B18260-1-BESTER-215MP-768x768.jpg",768,768,true],"large":["https:\/\/maqtool.pt\/wp-content\/uploads\/2022\/10\/MAQ-B18260-1-BESTER-215MP.jpg",800,800,false],"1536x1536":["https:\/\/maqtool.pt\/wp-content\/uploads\/2022\/10\/MAQ-B18260-1-BESTER-215MP.jpg",800,800,false],"2048x2048":["https:\/\/maqtool.pt\/wp-content\/uploads\/2022\/10\/MAQ-B18260-1-BESTER-215MP.jpg",800,800,false],"woocommerce_thumbnail":["https:\/\/maqtool.pt\/wp-content\/uploads\/2022\/10\/MAQ-B18260-1-BESTER-215MP-400x400.jpg",400,400,true],"woocommerce_single":["https:\/\/maqtool.pt\/wp-content\/uploads\/2022\/10\/MAQ-B18260-1-BESTER-215MP-600x600.jpg",600,600,true],"woocommerce_gallery_thumbnail":["https:\/\/maqtool.pt\/wp-content\/uploads\/2022\/10\/MAQ-B18260-1-BESTER-215MP-100x100.jpg",100,100,true]},"uagb_author_info":{"display_name":"Jo\u00e3o Santos","author_link":"https:\/\/maqtool.pt\/es\/author\/"},"uagb_comment_info":0,"uagb_excerpt":"Soldadora monof\u00e1sica multiproceso compacta para bobinas de gran tama\u00f1o (300mm). Corriente de salida: 200A@10%. Este Ready-Pack contiene pistola MIG de 4 m, cable de tierra con abrazadera, manguera de gas y rollos para alambre s\u00f3lido de 0,8-1,0.","_links":{"self":[{"href":"https:\/\/maqtool.pt\/es\/wp-json\/wp\/v2\/product\/29814","targetHints":{"allow":["GET"]}}],"collection":[{"href":"https:\/\/maqtool.pt\/es\/wp-json\/wp\/v2\/product"}],"about":[{"href":"https:\/\/maqtool.pt\/es\/wp-json\/wp\/v2\/types\/product"}],"wp:featuredmedia":[{"embeddable":true,"href":"https:\/\/maqtool.pt\/es\/wp-json\/wp\/v2\/media\/26747"}],"wp:attachment":[{"href":"https:\/\/maqtool.pt\/es\/wp-json\/wp\/v2\/media?parent=29814"}],"wp:term":[{"taxonomy":"product_brand","embeddable":true,"href":"https:\/\/maqtool.pt\/es\/wp-json\/wp\/v2\/product_brand?post=29814"},{"taxonomy":"product_cat","embeddable":true,"href":"https:\/\/maqtool.pt\/es\/wp-json\/wp\/v2\/product_cat?post=29814"},{"taxonomy":"product_tag","embeddable":true,"href":"https:\/\/maqtool.pt\/es\/wp-json\/wp\/v2\/product_tag?post=29814"}],"curies":[{"name":"wp","href":"https:\/\/api.w.org\/{rel}","templated":true}]}}