{"id":29817,"date":"2022-10-25T09:28:51","date_gmt":"2022-10-25T09:28:51","guid":{"rendered":"https:\/\/maqtool.pt\/produto\/destornillador-de-carga-rapida-de-36-v\/"},"modified":"2023-11-02T15:38:17","modified_gmt":"2023-11-02T15:38:17","slug":"destornillador-36v-carga-rapida","status":"publish","type":"product","link":"https:\/\/maqtool.pt\/es\/produto\/destornillador-36v-carga-rapida\/","title":{"rendered":"Destornillador de carga r\u00e1pida de 3,6 V"},"content":{"rendered":"<p>Caracter\u00edsticas y Beneficios<\/p>\n<ul>\n<li>Carga completa en 1 hora, proporcionando autonom\u00eda para apretar hasta 500 tornillos con una sola carga de bater\u00eda.<\/li>\n<li>Una carga de 15 minutos proporciona autonom\u00eda suficiente para atornillar hasta 100 tornillos.<\/li>\n<li>Estuche de almacenamiento de primera calidad, que permite llevar el destornillador en su interior.<\/li>\n<li>El gatillo sobredimensionado permite una mayor comodidad en el uso del destornillador, adapt\u00e1ndose a diferentes tama\u00f1os de mano.<\/li>\n<li>Luz LED para mejorar la visibilidad en \u00e1reas poco iluminadas.<\/li>\n<li>El par de apriete de 5,5 Nm proporciona fuerza y \u200b\u200brendimiento para todas las tareas de atornillado.<\/li>\n<li>Acci\u00f3n adelante\/atr\u00e1s para funciones de atornillado y desatornillado.<\/li>\n<\/ul>\n<p><strong>Especificaciones<\/strong><\/p>\n<table class=\"specs\">\n<tbody>\n<tr>\n<th class=\"specification\" style=\"text-align: left;\" scope=\"row\">TIPO DE PRODUCTO<\/th>\n<td class=\"spec-value\">Destornillador<\/td>\n<\/tr>\n<tr>\n<th class=\"specification\" style=\"text-align: left;\" scope=\"row\">NIVELES DE POTENCIA<\/th>\n<td class=\"spec-value\">3.6 Volts<\/td>\n<\/tr>\n<tr>\n<th class=\"specification\" style=\"text-align: left;\" scope=\"row\">TIPO DE BATER\u00cdA<\/th>\n<td class=\"spec-value\">Lithium-Ion<\/td>\n<\/tr>\n<tr>\n<th class=\"specification\" style=\"text-align: left;\" scope=\"row\">PAR M\u00c1XIMO (NM)<\/th>\n<td class=\"spec-value\">5.5 Nm<\/td>\n<\/tr>\n<tr>\n<th class=\"specification\" style=\"text-align: left;\" scope=\"row\">RALENT\u00cd<\/th>\n<td class=\"spec-value\">0-180 rpm<\/td>\n<\/tr>\n<tr>\n<th class=\"specification\" style=\"text-align: left;\" scope=\"row\">CAPACIDAD DE LA BATER\u00cdA<\/th>\n<td class=\"spec-value\">1.5 Ah<\/td>\n<\/tr>\n<tr>\n<th class=\"specification\" style=\"text-align: left;\" scope=\"row\">NIVELES DE APRIETE<\/th>\n<td class=\"spec-value\">5.5<\/td>\n<\/tr>\n<tr>\n<th class=\"specification\" style=\"text-align: left;\" scope=\"row\">FUNCI\u00d3N INVERSA<\/th>\n<td class=\"spec-value\">Si<\/td>\n<\/tr>\n<tr>\n<th class=\"specification\" style=\"text-align: left;\" scope=\"row\">TIEMPO DE CARGA<\/th>\n<td class=\"spec-value\">1.0 h<\/td>\n<\/tr>\n<tr>\n<th class=\"specification\" style=\"text-align: left;\" scope=\"row\">VELOCIDAD<\/th>\n<td class=\"spec-value\">\u00danica<\/td>\n<\/tr>\n<tr>\n<th class=\"specification\" style=\"text-align: left;\" scope=\"row\">ACCESORIOS SUMINISTRADOS<\/th>\n<td class=\"spec-value\">Si<\/td>\n<\/tr>\n<tr>\n<th class=\"specification\" style=\"text-align: left;\" scope=\"row\">MANGO RECUBIERTO<\/th>\n<td class=\"spec-value\">Si<\/td>\n<\/tr>\n<\/tbody>\n<\/table>\n","protected":false},"excerpt":{"rendered":"<p>El Destornillador 3.6V con Carga R\u00e1pida Black+Decker es la herramienta perfecta para ayudarte en las tareas de montaje de muebles prefabricados. Gracias a su tecnolog\u00eda de carga r\u00e1pida, el destornillador est\u00e1 listo para usar despu\u00e9s de solo 15 minutos de carga y ofrece energ\u00eda suficiente para atornillar hasta 100 tornillos.<\/p>\n","protected":false},"featured_media":26688,"template":"","meta":{"_eb_attr":"","_uag_custom_page_level_css":"","site-sidebar-layout":"default","site-content-layout":"default","ast-site-content-layout":"default","site-content-style":"default","site-sidebar-style":"default","ast-global-header-display":"","ast-banner-title-visibility":"","ast-main-header-display":"","ast-hfb-above-header-display":"","ast-hfb-below-header-display":"","ast-hfb-mobile-header-display":"","site-post-title":"","ast-breadcrumbs-content":"","ast-featured-img":"","footer-sml-layout":"","ast-disable-related-posts":"","theme-transparent-header-meta":"default","adv-header-id-meta":"","stick-header-meta":"default","header-above-stick-meta":"","header-main-stick-meta":"","header-below-stick-meta":"","astra-migrate-meta-layouts":"default","ast-page-background-enabled":"default","ast-page-background-meta":{"desktop":{"background-color":"","background-image":"","background-repeat":"repeat","background-position":"center center","background-size":"auto","background-attachment":"scroll","background-type":"","background-media":"","overlay-type":"","overlay-color":"","overlay-opacity":"","overlay-gradient":""},"tablet":{"background-color":"","background-image":"","background-repeat":"repeat","background-position":"center center","background-size":"auto","background-attachment":"scroll","background-type":"","background-media":"","overlay-type":"","overlay-color":"","overlay-opacity":"","overlay-gradient":""},"mobile":{"background-color":"","background-image":"","background-repeat":"repeat","background-position":"center center","background-size":"auto","background-attachment":"scroll","background-type":"","background-media":"","overlay-type":"","overlay-color":"","overlay-opacity":"","overlay-gradient":""}},"ast-content-background-meta":{"desktop":{"background-color":"var(--ast-global-color-5)","background-image":"","background-repeat":"repeat","background-position":"center center","background-size":"auto","background-attachment":"scroll","background-type":"","background-media":"","overlay-type":"","overlay-color":"","overlay-opacity":"","overlay-gradient":""},"tablet":{"background-color":"var(--ast-global-color-5)","background-image":"","background-repeat":"repeat","background-position":"center center","background-size":"auto","background-attachment":"scroll","background-type":"","background-media":"","overlay-type":"","overlay-color":"","overlay-opacity":"","overlay-gradient":""},"mobile":{"background-color":"var(--ast-global-color-5)","background-image":"","background-repeat":"repeat","background-position":"center center","background-size":"auto","background-attachment":"scroll","background-type":"","background-media":"","overlay-type":"","overlay-color":"","overlay-opacity":"","overlay-gradient":""}}},"product_brand":[],"product_cat":[5255,6778],"product_tag":[],"class_list":{"0":"post-29817","1":"product","2":"type-product","3":"status-publish","4":"has-post-thumbnail","6":"product_cat-herramientas-y-accesorios","7":"product_cat-herramientas-electricas","8":"desktop-align-center","9":"tablet-align-center","10":"mobile-align-center","11":"ast-product-gallery-layout-horizontal","12":"ast-product-tabs-layout-horizontal","14":"first","15":"onbackorder","16":"taxable","17":"shipping-taxable","18":"product-type-simple"},"acf":[],"yoast_head":"<!-- This site is optimized with the Yoast SEO plugin v27.3 - https:\/\/yoast.com\/product\/yoast-seo-wordpress\/ -->\n<title>Destornillador de carga r\u00e1pida de 3,6 V - MAQTOOL<\/title>\n<meta name=\"robots\" content=\"index, follow, max-snippet:-1, max-image-preview:large, max-video-preview:-1\" \/>\n<link rel=\"canonical\" href=\"https:\/\/maqtool.pt\/es\/produto\/destornillador-36v-carga-rapida\/\" \/>\n<meta property=\"og:locale\" content=\"es_ES\" \/>\n<meta property=\"og:type\" content=\"article\" \/>\n<meta property=\"og:title\" content=\"Destornillador de carga r\u00e1pida de 3,6 V - MAQTOOL\" \/>\n<meta property=\"og:description\" content=\"El Destornillador 3.6V con Carga R\u00e1pida Black+Decker es la herramienta perfecta para ayudarte en las tareas de montaje de muebles prefabricados. Gracias a su tecnolog\u00eda de carga r\u00e1pida, el destornillador est\u00e1 listo para usar despu\u00e9s de solo 15 minutos de carga y ofrece energ\u00eda suficiente para atornillar hasta 100 tornillos.\" \/>\n<meta property=\"og:url\" content=\"https:\/\/maqtool.pt\/es\/produto\/destornillador-36v-carga-rapida\/\" \/>\n<meta property=\"og:site_name\" content=\"MAQTOOL\" \/>\n<meta property=\"article:publisher\" content=\"https:\/\/www.facebook.com\/cobermaster\" \/>\n<meta property=\"article:modified_time\" content=\"2023-11-02T15:38:17+00:00\" \/>\n<meta property=\"og:image\" content=\"https:\/\/maqtool.pt\/wp-content\/uploads\/2022\/10\/MAQ-BCF611CK-Aparafusador-36V-de-Carregamento-Rapido.jpg\" \/>\n\t<meta property=\"og:image:width\" content=\"800\" \/>\n\t<meta property=\"og:image:height\" content=\"800\" \/>\n\t<meta property=\"og:image:type\" content=\"image\/jpeg\" \/>\n<meta name=\"twitter:card\" content=\"summary_large_image\" \/>\n<meta name=\"twitter:label1\" content=\"Tiempo de lectura\" \/>\n\t<meta name=\"twitter:data1\" content=\"1 minuto\" \/>\n<script type=\"application\/ld+json\" class=\"yoast-schema-graph\">{\"@context\":\"https:\\\/\\\/schema.org\",\"@graph\":[{\"@type\":\"WebPage\",\"@id\":\"https:\\\/\\\/maqtool.pt\\\/es\\\/produto\\\/destornillador-36v-carga-rapida\\\/\",\"url\":\"https:\\\/\\\/maqtool.pt\\\/es\\\/produto\\\/destornillador-36v-carga-rapida\\\/\",\"name\":\"Destornillador de carga r\u00e1pida de 3,6 V - MAQTOOL\",\"isPartOf\":{\"@id\":\"https:\\\/\\\/maqtool.pt\\\/#website\"},\"primaryImageOfPage\":{\"@id\":\"https:\\\/\\\/maqtool.pt\\\/es\\\/produto\\\/destornillador-36v-carga-rapida\\\/#primaryimage\"},\"image\":{\"@id\":\"https:\\\/\\\/maqtool.pt\\\/es\\\/produto\\\/destornillador-36v-carga-rapida\\\/#primaryimage\"},\"thumbnailUrl\":\"https:\\\/\\\/maqtool.pt\\\/wp-content\\\/uploads\\\/2022\\\/10\\\/MAQ-BCF611CK-Aparafusador-36V-de-Carregamento-Rapido.jpg\",\"datePublished\":\"2022-10-25T09:28:51+00:00\",\"dateModified\":\"2023-11-02T15:38:17+00:00\",\"breadcrumb\":{\"@id\":\"https:\\\/\\\/maqtool.pt\\\/es\\\/produto\\\/destornillador-36v-carga-rapida\\\/#breadcrumb\"},\"inLanguage\":\"es\",\"potentialAction\":[{\"@type\":\"ReadAction\",\"target\":[\"https:\\\/\\\/maqtool.pt\\\/es\\\/produto\\\/destornillador-36v-carga-rapida\\\/\"]}]},{\"@type\":\"ImageObject\",\"inLanguage\":\"es\",\"@id\":\"https:\\\/\\\/maqtool.pt\\\/es\\\/produto\\\/destornillador-36v-carga-rapida\\\/#primaryimage\",\"url\":\"https:\\\/\\\/maqtool.pt\\\/wp-content\\\/uploads\\\/2022\\\/10\\\/MAQ-BCF611CK-Aparafusador-36V-de-Carregamento-Rapido.jpg\",\"contentUrl\":\"https:\\\/\\\/maqtool.pt\\\/wp-content\\\/uploads\\\/2022\\\/10\\\/MAQ-BCF611CK-Aparafusador-36V-de-Carregamento-Rapido.jpg\",\"width\":800,\"height\":800},{\"@type\":\"BreadcrumbList\",\"@id\":\"https:\\\/\\\/maqtool.pt\\\/es\\\/produto\\\/destornillador-36v-carga-rapida\\\/#breadcrumb\",\"itemListElement\":[{\"@type\":\"ListItem\",\"position\":1,\"name\":\"In\u00edcio\",\"item\":\"https:\\\/\\\/maqtool.pt\\\/es\\\/home\\\/\"},{\"@type\":\"ListItem\",\"position\":2,\"name\":\"Produtos\",\"item\":\"https:\\\/\\\/maqtool.pt\\\/produtos\\\/\"},{\"@type\":\"ListItem\",\"position\":3,\"name\":\"Destornillador de carga r\u00e1pida de 3,6 V\"}]},{\"@type\":\"WebSite\",\"@id\":\"https:\\\/\\\/maqtool.pt\\\/#website\",\"url\":\"https:\\\/\\\/maqtool.pt\\\/\",\"name\":\"Cobermaster Industry\",\"description\":\"\",\"publisher\":{\"@id\":\"https:\\\/\\\/maqtool.pt\\\/#organization\"},\"potentialAction\":[{\"@type\":\"SearchAction\",\"target\":{\"@type\":\"EntryPoint\",\"urlTemplate\":\"https:\\\/\\\/maqtool.pt\\\/?s={search_term_string}\"},\"query-input\":{\"@type\":\"PropertyValueSpecification\",\"valueRequired\":true,\"valueName\":\"search_term_string\"}}],\"inLanguage\":\"es\"},{\"@type\":\"Organization\",\"@id\":\"https:\\\/\\\/maqtool.pt\\\/#organization\",\"name\":\"MAQTOOL\",\"url\":\"https:\\\/\\\/maqtool.pt\\\/\",\"logo\":{\"@type\":\"ImageObject\",\"inLanguage\":\"es\",\"@id\":\"https:\\\/\\\/maqtool.pt\\\/#\\\/schema\\\/logo\\\/image\\\/\",\"url\":\"https:\\\/\\\/maqtool.pt\\\/wp-content\\\/uploads\\\/2022\\\/09\\\/MAQTOOL-LOGO.jpg\",\"contentUrl\":\"https:\\\/\\\/maqtool.pt\\\/wp-content\\\/uploads\\\/2022\\\/09\\\/MAQTOOL-LOGO.jpg\",\"width\":762,\"height\":228,\"caption\":\"MAQTOOL\"},\"image\":{\"@id\":\"https:\\\/\\\/maqtool.pt\\\/#\\\/schema\\\/logo\\\/image\\\/\"},\"sameAs\":[\"https:\\\/\\\/www.facebook.com\\\/cobermaster\"]}]}<\/script>\n<!-- \/ Yoast SEO plugin. -->","yoast_head_json":{"title":"Destornillador de carga r\u00e1pida de 3,6 V - MAQTOOL","robots":{"index":"index","follow":"follow","max-snippet":"max-snippet:-1","max-image-preview":"max-image-preview:large","max-video-preview":"max-video-preview:-1"},"canonical":"https:\/\/maqtool.pt\/es\/produto\/destornillador-36v-carga-rapida\/","og_locale":"es_ES","og_type":"article","og_title":"Destornillador de carga r\u00e1pida de 3,6 V - MAQTOOL","og_description":"El Destornillador 3.6V con Carga R\u00e1pida Black+Decker es la herramienta perfecta para ayudarte en las tareas de montaje de muebles prefabricados. Gracias a su tecnolog\u00eda de carga r\u00e1pida, el destornillador est\u00e1 listo para usar despu\u00e9s de solo 15 minutos de carga y ofrece energ\u00eda suficiente para atornillar hasta 100 tornillos.","og_url":"https:\/\/maqtool.pt\/es\/produto\/destornillador-36v-carga-rapida\/","og_site_name":"MAQTOOL","article_publisher":"https:\/\/www.facebook.com\/cobermaster","article_modified_time":"2023-11-02T15:38:17+00:00","og_image":[{"width":800,"height":800,"url":"https:\/\/maqtool.pt\/wp-content\/uploads\/2022\/10\/MAQ-BCF611CK-Aparafusador-36V-de-Carregamento-Rapido.jpg","type":"image\/jpeg"}],"twitter_card":"summary_large_image","twitter_misc":{"Tiempo de lectura":"1 minuto"},"schema":{"@context":"https:\/\/schema.org","@graph":[{"@type":"WebPage","@id":"https:\/\/maqtool.pt\/es\/produto\/destornillador-36v-carga-rapida\/","url":"https:\/\/maqtool.pt\/es\/produto\/destornillador-36v-carga-rapida\/","name":"Destornillador de carga r\u00e1pida de 3,6 V - MAQTOOL","isPartOf":{"@id":"https:\/\/maqtool.pt\/#website"},"primaryImageOfPage":{"@id":"https:\/\/maqtool.pt\/es\/produto\/destornillador-36v-carga-rapida\/#primaryimage"},"image":{"@id":"https:\/\/maqtool.pt\/es\/produto\/destornillador-36v-carga-rapida\/#primaryimage"},"thumbnailUrl":"https:\/\/maqtool.pt\/wp-content\/uploads\/2022\/10\/MAQ-BCF611CK-Aparafusador-36V-de-Carregamento-Rapido.jpg","datePublished":"2022-10-25T09:28:51+00:00","dateModified":"2023-11-02T15:38:17+00:00","breadcrumb":{"@id":"https:\/\/maqtool.pt\/es\/produto\/destornillador-36v-carga-rapida\/#breadcrumb"},"inLanguage":"es","potentialAction":[{"@type":"ReadAction","target":["https:\/\/maqtool.pt\/es\/produto\/destornillador-36v-carga-rapida\/"]}]},{"@type":"ImageObject","inLanguage":"es","@id":"https:\/\/maqtool.pt\/es\/produto\/destornillador-36v-carga-rapida\/#primaryimage","url":"https:\/\/maqtool.pt\/wp-content\/uploads\/2022\/10\/MAQ-BCF611CK-Aparafusador-36V-de-Carregamento-Rapido.jpg","contentUrl":"https:\/\/maqtool.pt\/wp-content\/uploads\/2022\/10\/MAQ-BCF611CK-Aparafusador-36V-de-Carregamento-Rapido.jpg","width":800,"height":800},{"@type":"BreadcrumbList","@id":"https:\/\/maqtool.pt\/es\/produto\/destornillador-36v-carga-rapida\/#breadcrumb","itemListElement":[{"@type":"ListItem","position":1,"name":"In\u00edcio","item":"https:\/\/maqtool.pt\/es\/home\/"},{"@type":"ListItem","position":2,"name":"Produtos","item":"https:\/\/maqtool.pt\/produtos\/"},{"@type":"ListItem","position":3,"name":"Destornillador de carga r\u00e1pida de 3,6 V"}]},{"@type":"WebSite","@id":"https:\/\/maqtool.pt\/#website","url":"https:\/\/maqtool.pt\/","name":"Cobermaster Industry","description":"","publisher":{"@id":"https:\/\/maqtool.pt\/#organization"},"potentialAction":[{"@type":"SearchAction","target":{"@type":"EntryPoint","urlTemplate":"https:\/\/maqtool.pt\/?s={search_term_string}"},"query-input":{"@type":"PropertyValueSpecification","valueRequired":true,"valueName":"search_term_string"}}],"inLanguage":"es"},{"@type":"Organization","@id":"https:\/\/maqtool.pt\/#organization","name":"MAQTOOL","url":"https:\/\/maqtool.pt\/","logo":{"@type":"ImageObject","inLanguage":"es","@id":"https:\/\/maqtool.pt\/#\/schema\/logo\/image\/","url":"https:\/\/maqtool.pt\/wp-content\/uploads\/2022\/09\/MAQTOOL-LOGO.jpg","contentUrl":"https:\/\/maqtool.pt\/wp-content\/uploads\/2022\/09\/MAQTOOL-LOGO.jpg","width":762,"height":228,"caption":"MAQTOOL"},"image":{"@id":"https:\/\/maqtool.pt\/#\/schema\/logo\/image\/"},"sameAs":["https:\/\/www.facebook.com\/cobermaster"]}]}},"uagb_featured_image_src":{"full":["https:\/\/maqtool.pt\/wp-content\/uploads\/2022\/10\/MAQ-BCF611CK-Aparafusador-36V-de-Carregamento-Rapido.jpg",800,800,false],"thumbnail":["https:\/\/maqtool.pt\/wp-content\/uploads\/2022\/10\/MAQ-BCF611CK-Aparafusador-36V-de-Carregamento-Rapido-150x150.jpg",150,150,true],"medium":["https:\/\/maqtool.pt\/wp-content\/uploads\/2022\/10\/MAQ-BCF611CK-Aparafusador-36V-de-Carregamento-Rapido-300x300.jpg",300,300,true],"medium_large":["https:\/\/maqtool.pt\/wp-content\/uploads\/2022\/10\/MAQ-BCF611CK-Aparafusador-36V-de-Carregamento-Rapido-768x768.jpg",768,768,true],"large":["https:\/\/maqtool.pt\/wp-content\/uploads\/2022\/10\/MAQ-BCF611CK-Aparafusador-36V-de-Carregamento-Rapido.jpg",800,800,false],"1536x1536":["https:\/\/maqtool.pt\/wp-content\/uploads\/2022\/10\/MAQ-BCF611CK-Aparafusador-36V-de-Carregamento-Rapido.jpg",800,800,false],"2048x2048":["https:\/\/maqtool.pt\/wp-content\/uploads\/2022\/10\/MAQ-BCF611CK-Aparafusador-36V-de-Carregamento-Rapido.jpg",800,800,false],"woocommerce_thumbnail":["https:\/\/maqtool.pt\/wp-content\/uploads\/2022\/10\/MAQ-BCF611CK-Aparafusador-36V-de-Carregamento-Rapido-400x400.jpg",400,400,true],"woocommerce_single":["https:\/\/maqtool.pt\/wp-content\/uploads\/2022\/10\/MAQ-BCF611CK-Aparafusador-36V-de-Carregamento-Rapido-600x600.jpg",600,600,true],"woocommerce_gallery_thumbnail":["https:\/\/maqtool.pt\/wp-content\/uploads\/2022\/10\/MAQ-BCF611CK-Aparafusador-36V-de-Carregamento-Rapido-100x100.jpg",100,100,true]},"uagb_author_info":{"display_name":"Jo\u00e3o Santos","author_link":"https:\/\/maqtool.pt\/es\/author\/"},"uagb_comment_info":0,"uagb_excerpt":"El Destornillador 3.6V con Carga R\u00e1pida Black+Decker es la herramienta perfecta para ayudarte en las tareas de montaje de muebles prefabricados. Gracias a su tecnolog\u00eda de carga r\u00e1pida, el destornillador est\u00e1 listo para usar despu\u00e9s de solo 15 minutos de carga y ofrece energ\u00eda suficiente para atornillar hasta 100 tornillos.","_links":{"self":[{"href":"https:\/\/maqtool.pt\/es\/wp-json\/wp\/v2\/product\/29817","targetHints":{"allow":["GET"]}}],"collection":[{"href":"https:\/\/maqtool.pt\/es\/wp-json\/wp\/v2\/product"}],"about":[{"href":"https:\/\/maqtool.pt\/es\/wp-json\/wp\/v2\/types\/product"}],"wp:featuredmedia":[{"embeddable":true,"href":"https:\/\/maqtool.pt\/es\/wp-json\/wp\/v2\/media\/26688"}],"wp:attachment":[{"href":"https:\/\/maqtool.pt\/es\/wp-json\/wp\/v2\/media?parent=29817"}],"wp:term":[{"taxonomy":"product_brand","embeddable":true,"href":"https:\/\/maqtool.pt\/es\/wp-json\/wp\/v2\/product_brand?post=29817"},{"taxonomy":"product_cat","embeddable":true,"href":"https:\/\/maqtool.pt\/es\/wp-json\/wp\/v2\/product_cat?post=29817"},{"taxonomy":"product_tag","embeddable":true,"href":"https:\/\/maqtool.pt\/es\/wp-json\/wp\/v2\/product_tag?post=29817"}],"curies":[{"name":"wp","href":"https:\/\/api.w.org\/{rel}","templated":true}]}}