{"id":29820,"date":"2022-10-24T15:24:40","date_gmt":"2022-10-24T15:24:40","guid":{"rendered":"https:\/\/maqtool.pt\/produto\/taladro-percutor-500w\/"},"modified":"2023-11-02T15:38:23","modified_gmt":"2023-11-02T15:38:23","slug":"taladro-con-percusion-500w","status":"publish","type":"product","link":"https:\/\/maqtool.pt\/es\/produto\/taladro-con-percusion-500w\/","title":{"rendered":"Taladro Percutor 500W"},"content":{"rendered":"<h6 class=\"title\">Especificaciones del producto<\/h6>\n<table class=\"specs\">\n<tbody>\n<tr>\n<th class=\"specification\" style=\"text-align: left;\" scope=\"row\">TIPO DE ALIMENTACION<\/th>\n<td class=\"spec-value\" style=\"text-align: left;\">cableado<\/td>\n<\/tr>\n<tr>\n<th class=\"specification\" style=\"text-align: left;\" scope=\"row\">TIPO DE PRODUCTO<\/th>\n<td class=\"spec-value\">taladro percutor<\/td>\n<\/tr>\n<tr>\n<th class=\"specification\" style=\"text-align: left;\" scope=\"row\">BATER\u00cdAS<\/th>\n<td class=\"spec-value\">No<\/td>\n<\/tr>\n<tr>\n<th class=\"specification\" style=\"text-align: left;\" scope=\"row\">FIJACI\u00d3N DEL INTERRUPTOR<\/th>\n<td class=\"spec-value\">Si<\/td>\n<\/tr>\n<tr>\n<th class=\"specification\" style=\"text-align: left;\" scope=\"row\">NIVELES DE POTENCIA<\/th>\n<td class=\"spec-value\">500 W<\/td>\n<\/tr>\n<tr>\n<th class=\"specification\" style=\"text-align: left;\" scope=\"row\">VOLTAJE<\/th>\n<td class=\"spec-value\">230 Volts<\/td>\n<\/tr>\n<tr>\n<th class=\"specification\" style=\"text-align: left;\" scope=\"row\">RALENT\u00cd<\/th>\n<td class=\"spec-value\">0-2900 rpm<\/td>\n<\/tr>\n<tr>\n<th class=\"specification\" style=\"text-align: left;\" scope=\"row\">TIPO DE CASQUILLO<\/th>\n<td class=\"spec-value\">Manga \u00fanica sin llave<\/td>\n<\/tr>\n<tr>\n<th class=\"specification\" style=\"text-align: left;\" scope=\"row\">IMPACTOS POR MINUTO<\/th>\n<td class=\"spec-value\">49300 ipm<\/td>\n<\/tr>\n<tr>\n<th class=\"specification\" style=\"text-align: left;\" scope=\"row\">DI\u00c1METRO M\u00c1X. COJINETE<\/th>\n<td class=\"spec-value\">13 mm<\/td>\n<\/tr>\n<tr>\n<th class=\"specification\" style=\"text-align: left;\" scope=\"row\">M\u00c1XIMA CAPACIDAD TALADRADO (MADERA)<\/th>\n<td class=\"spec-value\">20 mm<\/td>\n<\/tr>\n<tr>\n<th class=\"specification\" style=\"text-align: left;\" scope=\"row\">M\u00c1XIMA CAPACIDAD TALADRADO (ACERO)<\/th>\n<td class=\"spec-value\">13 mm<\/td>\n<\/tr>\n<tr>\n<th class=\"specification\" style=\"text-align: left;\" scope=\"row\">M\u00c1XIMA CAPACIDAD PERFORACI\u00d3N (HORMIG\u00d3N)<\/th>\n<td class=\"spec-value\">13 mm<\/td>\n<\/tr>\n<tr>\n<th class=\"specification\" style=\"text-align: left;\" scope=\"row\">ACCI\u00d3N REVERSIBLE<\/th>\n<td class=\"spec-value\">Si<\/td>\n<\/tr>\n<tr>\n<th class=\"specification\" style=\"text-align: left;\" scope=\"row\">VELOCIDAD VARIABLE<\/th>\n<td class=\"spec-value\">Si<\/td>\n<\/tr>\n<tr>\n<th class=\"specification\" style=\"text-align: left;\" scope=\"row\">MANGO SECUNDARIO<\/th>\n<td class=\"spec-value\">Si<\/td>\n<\/tr>\n<tr>\n<th class=\"specification\" style=\"text-align: left;\" scope=\"row\">LONGITUD DEL CABLE<\/th>\n<td class=\"spec-value\">2 m<\/td>\n<\/tr>\n<tr>\n<th class=\"specification\" style=\"text-align: left;\" scope=\"row\">PRESI\u00d3N AC\u00daSTICA<\/th>\n<td class=\"spec-value\">110 dB(A)<\/td>\n<\/tr>\n<tr>\n<th class=\"specification\" style=\"text-align: left;\" scope=\"row\">PRESI\u00d3N DE SONIDO<\/th>\n<td class=\"spec-value\" style=\"text-align: left;\">99 dB(A)<\/td>\n<\/tr>\n<\/tbody>\n<\/table>\n","protected":false},"excerpt":{"rendered":"<p>El Taladro Percutor 500W de BLACK+DECKER es la herramienta ideal para completar tu caja de herramientas y dar vida a todos tus proyectos. Su acci\u00f3n de percusi\u00f3n de hasta 49.300 ipm es perfecta para realizar los trabajos de perforaci\u00f3n m\u00e1s exigentes en mamposter\u00eda. Est\u00e1 equipada con un motor con velocidad variable de hasta 2.900 rpm que permite un arranque m\u00e1s suave, obteniendo una mayor precisi\u00f3n, y una empu\u00f1adura lateral regulable en m\u00faltiples posiciones para facilitar el manejo de la herramienta.<\/p>\n","protected":false},"featured_media":26674,"template":"","meta":{"_eb_attr":"","_uag_custom_page_level_css":"","site-sidebar-layout":"default","site-content-layout":"default","ast-site-content-layout":"default","site-content-style":"default","site-sidebar-style":"default","ast-global-header-display":"","ast-banner-title-visibility":"","ast-main-header-display":"","ast-hfb-above-header-display":"","ast-hfb-below-header-display":"","ast-hfb-mobile-header-display":"","site-post-title":"","ast-breadcrumbs-content":"","ast-featured-img":"","footer-sml-layout":"","ast-disable-related-posts":"","theme-transparent-header-meta":"default","adv-header-id-meta":"","stick-header-meta":"default","header-above-stick-meta":"","header-main-stick-meta":"","header-below-stick-meta":"","astra-migrate-meta-layouts":"default","ast-page-background-enabled":"default","ast-page-background-meta":{"desktop":{"background-color":"","background-image":"","background-repeat":"repeat","background-position":"center center","background-size":"auto","background-attachment":"scroll","background-type":"","background-media":"","overlay-type":"","overlay-color":"","overlay-opacity":"","overlay-gradient":""},"tablet":{"background-color":"","background-image":"","background-repeat":"repeat","background-position":"center center","background-size":"auto","background-attachment":"scroll","background-type":"","background-media":"","overlay-type":"","overlay-color":"","overlay-opacity":"","overlay-gradient":""},"mobile":{"background-color":"","background-image":"","background-repeat":"repeat","background-position":"center center","background-size":"auto","background-attachment":"scroll","background-type":"","background-media":"","overlay-type":"","overlay-color":"","overlay-opacity":"","overlay-gradient":""}},"ast-content-background-meta":{"desktop":{"background-color":"var(--ast-global-color-5)","background-image":"","background-repeat":"repeat","background-position":"center center","background-size":"auto","background-attachment":"scroll","background-type":"","background-media":"","overlay-type":"","overlay-color":"","overlay-opacity":"","overlay-gradient":""},"tablet":{"background-color":"var(--ast-global-color-5)","background-image":"","background-repeat":"repeat","background-position":"center center","background-size":"auto","background-attachment":"scroll","background-type":"","background-media":"","overlay-type":"","overlay-color":"","overlay-opacity":"","overlay-gradient":""},"mobile":{"background-color":"var(--ast-global-color-5)","background-image":"","background-repeat":"repeat","background-position":"center center","background-size":"auto","background-attachment":"scroll","background-type":"","background-media":"","overlay-type":"","overlay-color":"","overlay-opacity":"","overlay-gradient":""}}},"product_brand":[],"product_cat":[6778,5255],"product_tag":[],"class_list":{"0":"post-29820","1":"product","2":"type-product","3":"status-publish","4":"has-post-thumbnail","6":"product_cat-herramientas-electricas","7":"product_cat-herramientas-y-accesorios","8":"desktop-align-center","9":"tablet-align-center","10":"mobile-align-center","11":"ast-product-gallery-layout-horizontal","12":"ast-product-tabs-layout-horizontal","14":"first","15":"onbackorder","16":"taxable","17":"shipping-taxable","18":"product-type-simple"},"acf":[],"yoast_head":"<!-- This site is optimized with the Yoast SEO plugin v27.2 - https:\/\/yoast.com\/product\/yoast-seo-wordpress\/ -->\n<title>Taladro Percutor 500W - MAQTOOL<\/title>\n<meta name=\"robots\" content=\"index, follow, max-snippet:-1, max-image-preview:large, max-video-preview:-1\" \/>\n<link rel=\"canonical\" href=\"https:\/\/maqtool.pt\/es\/produto\/taladro-con-percusion-500w\/\" \/>\n<meta property=\"og:locale\" content=\"es_ES\" \/>\n<meta property=\"og:type\" content=\"article\" \/>\n<meta property=\"og:title\" content=\"Taladro Percutor 500W - MAQTOOL\" \/>\n<meta property=\"og:description\" content=\"El Taladro Percutor 500W de BLACK+DECKER es la herramienta ideal para completar tu caja de herramientas y dar vida a todos tus proyectos. Su acci\u00f3n de percusi\u00f3n de hasta 49.300 ipm es perfecta para realizar los trabajos de perforaci\u00f3n m\u00e1s exigentes en mamposter\u00eda. Est\u00e1 equipada con un motor con velocidad variable de hasta 2.900 rpm que permite un arranque m\u00e1s suave, obteniendo una mayor precisi\u00f3n, y una empu\u00f1adura lateral regulable en m\u00faltiples posiciones para facilitar el manejo de la herramienta.\" \/>\n<meta property=\"og:url\" content=\"https:\/\/maqtool.pt\/es\/produto\/taladro-con-percusion-500w\/\" \/>\n<meta property=\"og:site_name\" content=\"MAQTOOL\" \/>\n<meta property=\"article:publisher\" content=\"https:\/\/www.facebook.com\/cobermaster\" \/>\n<meta property=\"article:modified_time\" content=\"2023-11-02T15:38:23+00:00\" \/>\n<meta property=\"og:image\" content=\"https:\/\/maqtool.pt\/wp-content\/uploads\/2022\/10\/MAQ-BEG200-QS-Berbequim-com-Percussao-500W.jpg\" \/>\n\t<meta property=\"og:image:width\" content=\"800\" \/>\n\t<meta property=\"og:image:height\" content=\"800\" \/>\n\t<meta property=\"og:image:type\" content=\"image\/jpeg\" \/>\n<meta name=\"twitter:card\" content=\"summary_large_image\" \/>\n<script type=\"application\/ld+json\" class=\"yoast-schema-graph\">{\"@context\":\"https:\/\/schema.org\",\"@graph\":[{\"@type\":\"WebPage\",\"@id\":\"https:\/\/maqtool.pt\/es\/produto\/taladro-con-percusion-500w\/\",\"url\":\"https:\/\/maqtool.pt\/es\/produto\/taladro-con-percusion-500w\/\",\"name\":\"Taladro Percutor 500W - MAQTOOL\",\"isPartOf\":{\"@id\":\"https:\/\/maqtool.pt\/#website\"},\"primaryImageOfPage\":{\"@id\":\"https:\/\/maqtool.pt\/es\/produto\/taladro-con-percusion-500w\/#primaryimage\"},\"image\":{\"@id\":\"https:\/\/maqtool.pt\/es\/produto\/taladro-con-percusion-500w\/#primaryimage\"},\"thumbnailUrl\":\"https:\/\/maqtool.pt\/wp-content\/uploads\/2022\/10\/MAQ-BEG200-QS-Berbequim-com-Percussao-500W.jpg\",\"datePublished\":\"2022-10-24T15:24:40+00:00\",\"dateModified\":\"2023-11-02T15:38:23+00:00\",\"breadcrumb\":{\"@id\":\"https:\/\/maqtool.pt\/es\/produto\/taladro-con-percusion-500w\/#breadcrumb\"},\"inLanguage\":\"es\",\"potentialAction\":[{\"@type\":\"ReadAction\",\"target\":[\"https:\/\/maqtool.pt\/es\/produto\/taladro-con-percusion-500w\/\"]}]},{\"@type\":\"ImageObject\",\"inLanguage\":\"es\",\"@id\":\"https:\/\/maqtool.pt\/es\/produto\/taladro-con-percusion-500w\/#primaryimage\",\"url\":\"https:\/\/maqtool.pt\/wp-content\/uploads\/2022\/10\/MAQ-BEG200-QS-Berbequim-com-Percussao-500W.jpg\",\"contentUrl\":\"https:\/\/maqtool.pt\/wp-content\/uploads\/2022\/10\/MAQ-BEG200-QS-Berbequim-com-Percussao-500W.jpg\",\"width\":800,\"height\":800},{\"@type\":\"BreadcrumbList\",\"@id\":\"https:\/\/maqtool.pt\/es\/produto\/taladro-con-percusion-500w\/#breadcrumb\",\"itemListElement\":[{\"@type\":\"ListItem\",\"position\":1,\"name\":\"In\u00edcio\",\"item\":\"https:\/\/maqtool.pt\/es\/home\/\"},{\"@type\":\"ListItem\",\"position\":2,\"name\":\"Produtos\",\"item\":\"https:\/\/maqtool.pt\/produtos\/\"},{\"@type\":\"ListItem\",\"position\":3,\"name\":\"Taladro Percutor 500W\"}]},{\"@type\":\"WebSite\",\"@id\":\"https:\/\/maqtool.pt\/#website\",\"url\":\"https:\/\/maqtool.pt\/\",\"name\":\"Cobermaster Industry\",\"description\":\"\",\"publisher\":{\"@id\":\"https:\/\/maqtool.pt\/#organization\"},\"potentialAction\":[{\"@type\":\"SearchAction\",\"target\":{\"@type\":\"EntryPoint\",\"urlTemplate\":\"https:\/\/maqtool.pt\/?s={search_term_string}\"},\"query-input\":{\"@type\":\"PropertyValueSpecification\",\"valueRequired\":true,\"valueName\":\"search_term_string\"}}],\"inLanguage\":\"es\"},{\"@type\":\"Organization\",\"@id\":\"https:\/\/maqtool.pt\/#organization\",\"name\":\"MAQTOOL\",\"url\":\"https:\/\/maqtool.pt\/\",\"logo\":{\"@type\":\"ImageObject\",\"inLanguage\":\"es\",\"@id\":\"https:\/\/maqtool.pt\/#\/schema\/logo\/image\/\",\"url\":\"https:\/\/maqtool.pt\/wp-content\/uploads\/2022\/09\/MAQTOOL-LOGO.jpg\",\"contentUrl\":\"https:\/\/maqtool.pt\/wp-content\/uploads\/2022\/09\/MAQTOOL-LOGO.jpg\",\"width\":762,\"height\":228,\"caption\":\"MAQTOOL\"},\"image\":{\"@id\":\"https:\/\/maqtool.pt\/#\/schema\/logo\/image\/\"},\"sameAs\":[\"https:\/\/www.facebook.com\/cobermaster\"]}]}<\/script>\n<!-- \/ Yoast SEO plugin. -->","yoast_head_json":{"title":"Taladro Percutor 500W - MAQTOOL","robots":{"index":"index","follow":"follow","max-snippet":"max-snippet:-1","max-image-preview":"max-image-preview:large","max-video-preview":"max-video-preview:-1"},"canonical":"https:\/\/maqtool.pt\/es\/produto\/taladro-con-percusion-500w\/","og_locale":"es_ES","og_type":"article","og_title":"Taladro Percutor 500W - MAQTOOL","og_description":"El Taladro Percutor 500W de BLACK+DECKER es la herramienta ideal para completar tu caja de herramientas y dar vida a todos tus proyectos. Su acci\u00f3n de percusi\u00f3n de hasta 49.300 ipm es perfecta para realizar los trabajos de perforaci\u00f3n m\u00e1s exigentes en mamposter\u00eda. Est\u00e1 equipada con un motor con velocidad variable de hasta 2.900 rpm que permite un arranque m\u00e1s suave, obteniendo una mayor precisi\u00f3n, y una empu\u00f1adura lateral regulable en m\u00faltiples posiciones para facilitar el manejo de la herramienta.","og_url":"https:\/\/maqtool.pt\/es\/produto\/taladro-con-percusion-500w\/","og_site_name":"MAQTOOL","article_publisher":"https:\/\/www.facebook.com\/cobermaster","article_modified_time":"2023-11-02T15:38:23+00:00","og_image":[{"width":800,"height":800,"url":"https:\/\/maqtool.pt\/wp-content\/uploads\/2022\/10\/MAQ-BEG200-QS-Berbequim-com-Percussao-500W.jpg","type":"image\/jpeg"}],"twitter_card":"summary_large_image","schema":{"@context":"https:\/\/schema.org","@graph":[{"@type":"WebPage","@id":"https:\/\/maqtool.pt\/es\/produto\/taladro-con-percusion-500w\/","url":"https:\/\/maqtool.pt\/es\/produto\/taladro-con-percusion-500w\/","name":"Taladro Percutor 500W - MAQTOOL","isPartOf":{"@id":"https:\/\/maqtool.pt\/#website"},"primaryImageOfPage":{"@id":"https:\/\/maqtool.pt\/es\/produto\/taladro-con-percusion-500w\/#primaryimage"},"image":{"@id":"https:\/\/maqtool.pt\/es\/produto\/taladro-con-percusion-500w\/#primaryimage"},"thumbnailUrl":"https:\/\/maqtool.pt\/wp-content\/uploads\/2022\/10\/MAQ-BEG200-QS-Berbequim-com-Percussao-500W.jpg","datePublished":"2022-10-24T15:24:40+00:00","dateModified":"2023-11-02T15:38:23+00:00","breadcrumb":{"@id":"https:\/\/maqtool.pt\/es\/produto\/taladro-con-percusion-500w\/#breadcrumb"},"inLanguage":"es","potentialAction":[{"@type":"ReadAction","target":["https:\/\/maqtool.pt\/es\/produto\/taladro-con-percusion-500w\/"]}]},{"@type":"ImageObject","inLanguage":"es","@id":"https:\/\/maqtool.pt\/es\/produto\/taladro-con-percusion-500w\/#primaryimage","url":"https:\/\/maqtool.pt\/wp-content\/uploads\/2022\/10\/MAQ-BEG200-QS-Berbequim-com-Percussao-500W.jpg","contentUrl":"https:\/\/maqtool.pt\/wp-content\/uploads\/2022\/10\/MAQ-BEG200-QS-Berbequim-com-Percussao-500W.jpg","width":800,"height":800},{"@type":"BreadcrumbList","@id":"https:\/\/maqtool.pt\/es\/produto\/taladro-con-percusion-500w\/#breadcrumb","itemListElement":[{"@type":"ListItem","position":1,"name":"In\u00edcio","item":"https:\/\/maqtool.pt\/es\/home\/"},{"@type":"ListItem","position":2,"name":"Produtos","item":"https:\/\/maqtool.pt\/produtos\/"},{"@type":"ListItem","position":3,"name":"Taladro Percutor 500W"}]},{"@type":"WebSite","@id":"https:\/\/maqtool.pt\/#website","url":"https:\/\/maqtool.pt\/","name":"Cobermaster Industry","description":"","publisher":{"@id":"https:\/\/maqtool.pt\/#organization"},"potentialAction":[{"@type":"SearchAction","target":{"@type":"EntryPoint","urlTemplate":"https:\/\/maqtool.pt\/?s={search_term_string}"},"query-input":{"@type":"PropertyValueSpecification","valueRequired":true,"valueName":"search_term_string"}}],"inLanguage":"es"},{"@type":"Organization","@id":"https:\/\/maqtool.pt\/#organization","name":"MAQTOOL","url":"https:\/\/maqtool.pt\/","logo":{"@type":"ImageObject","inLanguage":"es","@id":"https:\/\/maqtool.pt\/#\/schema\/logo\/image\/","url":"https:\/\/maqtool.pt\/wp-content\/uploads\/2022\/09\/MAQTOOL-LOGO.jpg","contentUrl":"https:\/\/maqtool.pt\/wp-content\/uploads\/2022\/09\/MAQTOOL-LOGO.jpg","width":762,"height":228,"caption":"MAQTOOL"},"image":{"@id":"https:\/\/maqtool.pt\/#\/schema\/logo\/image\/"},"sameAs":["https:\/\/www.facebook.com\/cobermaster"]}]}},"uagb_featured_image_src":{"full":["https:\/\/maqtool.pt\/wp-content\/uploads\/2022\/10\/MAQ-BEG200-QS-Berbequim-com-Percussao-500W.jpg",800,800,false],"thumbnail":["https:\/\/maqtool.pt\/wp-content\/uploads\/2022\/10\/MAQ-BEG200-QS-Berbequim-com-Percussao-500W-150x150.jpg",150,150,true],"medium":["https:\/\/maqtool.pt\/wp-content\/uploads\/2022\/10\/MAQ-BEG200-QS-Berbequim-com-Percussao-500W-300x300.jpg",300,300,true],"medium_large":["https:\/\/maqtool.pt\/wp-content\/uploads\/2022\/10\/MAQ-BEG200-QS-Berbequim-com-Percussao-500W-768x768.jpg",768,768,true],"large":["https:\/\/maqtool.pt\/wp-content\/uploads\/2022\/10\/MAQ-BEG200-QS-Berbequim-com-Percussao-500W.jpg",800,800,false],"1536x1536":["https:\/\/maqtool.pt\/wp-content\/uploads\/2022\/10\/MAQ-BEG200-QS-Berbequim-com-Percussao-500W.jpg",800,800,false],"2048x2048":["https:\/\/maqtool.pt\/wp-content\/uploads\/2022\/10\/MAQ-BEG200-QS-Berbequim-com-Percussao-500W.jpg",800,800,false],"woocommerce_thumbnail":["https:\/\/maqtool.pt\/wp-content\/uploads\/2022\/10\/MAQ-BEG200-QS-Berbequim-com-Percussao-500W-400x400.jpg",400,400,true],"woocommerce_single":["https:\/\/maqtool.pt\/wp-content\/uploads\/2022\/10\/MAQ-BEG200-QS-Berbequim-com-Percussao-500W-600x600.jpg",600,600,true],"woocommerce_gallery_thumbnail":["https:\/\/maqtool.pt\/wp-content\/uploads\/2022\/10\/MAQ-BEG200-QS-Berbequim-com-Percussao-500W-100x100.jpg",100,100,true]},"uagb_author_info":{"display_name":"Jo\u00e3o Santos","author_link":"https:\/\/maqtool.pt\/es\/author\/"},"uagb_comment_info":0,"uagb_excerpt":"El Taladro Percutor 500W de BLACK+DECKER es la herramienta ideal para completar tu caja de herramientas y dar vida a todos tus proyectos. Su acci\u00f3n de percusi\u00f3n de hasta 49.300 ipm es perfecta para realizar los trabajos de perforaci\u00f3n m\u00e1s exigentes en mamposter\u00eda. Est\u00e1 equipada con un motor con velocidad variable de hasta 2.900 rpm&hellip;","_links":{"self":[{"href":"https:\/\/maqtool.pt\/es\/wp-json\/wp\/v2\/product\/29820","targetHints":{"allow":["GET"]}}],"collection":[{"href":"https:\/\/maqtool.pt\/es\/wp-json\/wp\/v2\/product"}],"about":[{"href":"https:\/\/maqtool.pt\/es\/wp-json\/wp\/v2\/types\/product"}],"wp:featuredmedia":[{"embeddable":true,"href":"https:\/\/maqtool.pt\/es\/wp-json\/wp\/v2\/media\/26674"}],"wp:attachment":[{"href":"https:\/\/maqtool.pt\/es\/wp-json\/wp\/v2\/media?parent=29820"}],"wp:term":[{"taxonomy":"product_brand","embeddable":true,"href":"https:\/\/maqtool.pt\/es\/wp-json\/wp\/v2\/product_brand?post=29820"},{"taxonomy":"product_cat","embeddable":true,"href":"https:\/\/maqtool.pt\/es\/wp-json\/wp\/v2\/product_cat?post=29820"},{"taxonomy":"product_tag","embeddable":true,"href":"https:\/\/maqtool.pt\/es\/wp-json\/wp\/v2\/product_tag?post=29820"}],"curies":[{"name":"wp","href":"https:\/\/api.w.org\/{rel}","templated":true}]}}