{"id":29826,"date":"2022-10-25T09:39:45","date_gmt":"2022-10-25T09:39:45","guid":{"rendered":"https:\/\/maqtool.pt\/produto\/lijadora-mouse-55w\/"},"modified":"2023-11-02T15:38:10","modified_gmt":"2023-11-02T15:38:10","slug":"lijadora-mouse-55w","status":"publish","type":"product","link":"https:\/\/maqtool.pt\/es\/produto\/lijadora-mouse-55w\/","title":{"rendered":"Lijadora Mouse 55W"},"content":{"rendered":"<ul>\n<li>Dise\u00f1o compacto y ergon\u00f3mico que proporciona un mayor control de la herramienta.<\/li>\n<li>Herramienta vers\u00e1til, ideal para lijar en espacios de dif\u00edcil acceso, as\u00ed como para eliminar pintura, barniz y \u00f3xido.<\/li>\n<li>Mango de goma que ofrece mayor comodidad y reduce la fatiga al realizar trabajos prolongados.<\/li>\n<li>Base dise\u00f1ada para acceder a rincones o zonas de dif\u00edcil acceso. Incluye adaptador de punta para un lijado detallado.<\/li>\n<\/ul>\n<p><strong>Especificaciones<\/strong><\/p>\n<table class=\"specs\">\n<tbody>\n<tr>\n<th class=\"specification\" style=\"text-align: left;\" scope=\"row\">TIPO DE PRODUCTO<\/th>\n<td class=\"spec-value\">Lijadora de detalles<\/td>\n<\/tr>\n<tr>\n<th class=\"specification\" style=\"text-align: left;\" scope=\"row\">TIPO DE ALIMENTACION<\/th>\n<td class=\"spec-value\">cableado<\/td>\n<\/tr>\n<tr>\n<th class=\"specification\" style=\"text-align: left;\" scope=\"row\">NIVELES DE POTENCIA<\/th>\n<td class=\"spec-value\">55<\/td>\n<\/tr>\n<tr>\n<th class=\"specification\" style=\"text-align: left;\" scope=\"row\">VOLTAJE<\/th>\n<td class=\"spec-value\">230 Volts<\/td>\n<\/tr>\n<tr>\n<th class=\"specification\" style=\"text-align: left;\" scope=\"row\">VELOCIDAD<\/th>\n<td class=\"spec-value\">\u00danica<\/td>\n<\/tr>\n<tr>\n<th class=\"specification\" style=\"text-align: left;\" scope=\"row\">RALENT\u00cd<\/th>\n<td class=\"spec-value\">11000 rpm<\/td>\n<\/tr>\n<tr>\n<th class=\"specification\" style=\"text-align: left;\" scope=\"row\">DIMENSI\u00d3N DEL PAPEL DE LIJA<\/th>\n<td class=\"spec-value\">110 mm\/cm2<\/td>\n<\/tr>\n<tr>\n<th class=\"specification\" style=\"text-align: left;\" scope=\"row\">FIJACI\u00d3N DE LIJA<\/th>\n<td class=\"spec-value\">Ajuste R\u00e1pido<\/td>\n<\/tr>\n<tr>\n<th class=\"specification\" style=\"text-align: left;\" scope=\"row\">DI\u00c1METRO ORBITAL (MM)<\/th>\n<td class=\"spec-value\">1.5 mm<\/td>\n<\/tr>\n<tr>\n<th class=\"specification\" style=\"text-align: left;\" scope=\"row\">DIMENSI\u00d3N B\u00c1SICA<\/th>\n<td class=\"spec-value\">105 mm2<\/td>\n<\/tr>\n<tr>\n<th class=\"specification\" style=\"text-align: left;\" scope=\"row\">FORMA DE LA BASE<\/th>\n<td class=\"spec-value\">Mouse<\/td>\n<\/tr>\n<tr>\n<th class=\"specification\" style=\"text-align: left;\" scope=\"row\">TIPO DE ACCI\u00d3N<\/th>\n<td class=\"spec-value\">Orbital<\/td>\n<\/tr>\n<tr>\n<th class=\"specification\" style=\"text-align: left;\" scope=\"row\">EXCENTRICIDAD (MM)<\/th>\n<td class=\"spec-value\">0.75 mm<\/td>\n<\/tr>\n<tr>\n<th class=\"specification\" style=\"text-align: left;\" scope=\"row\">MANGO RECUBIERTO<\/th>\n<td class=\"spec-value\">No<\/td>\n<\/tr>\n<tr>\n<th class=\"specification\" style=\"text-align: left;\" scope=\"row\">MALA<\/th>\n<td class=\"spec-value\">No<\/td>\n<\/tr>\n<tr>\n<th class=\"specification\" style=\"text-align: left;\" scope=\"row\">VIBRACI\u00d3N<\/th>\n<td class=\"spec-value\">5.6 m\/s\u00b2<\/td>\n<\/tr>\n<tr>\n<th class=\"specification\" style=\"text-align: left;\" scope=\"row\">PRESI\u00d3N DE SONIDO<\/th>\n<td class=\"spec-value\">66 dB(A)<\/td>\n<\/tr>\n<tr>\n<th class=\"specification\" style=\"text-align: left;\" scope=\"row\">PRESI\u00d3N AC\u00daSTICA<\/th>\n<td class=\"spec-value\">79 dB(A)<\/td>\n<\/tr>\n<\/tbody>\n<\/table>\n","protected":false},"excerpt":{"rendered":"<p>Desde 1998, la lijadora BLACK+DECKER Mouse\u00ae se ha convertido en una herramienta esencial en todas las cajas de herramientas de bricolaje en todo el mundo. Su dise\u00f1o ligero, compacto y ergon\u00f3mico te permite lijar en los espacios m\u00e1s peque\u00f1os y de m\u00e1s dif\u00edcil acceso con un mayor control. Esta lijadora es ideal para quitar pintura y \u00f3xido, limpiar vidrios, lijar en espacios reducidos y terminar f\u00e1cilmente sus proyectos de bricolaje. Adem\u00e1s, el velcro de la base facilita y simplifica la colocaci\u00f3n y extracci\u00f3n de las hojas de lija.<\/p>\n","protected":false},"featured_media":26702,"template":"","meta":{"_eb_attr":"","_uag_custom_page_level_css":"","site-sidebar-layout":"default","site-content-layout":"default","ast-site-content-layout":"default","site-content-style":"default","site-sidebar-style":"default","ast-global-header-display":"","ast-banner-title-visibility":"","ast-main-header-display":"","ast-hfb-above-header-display":"","ast-hfb-below-header-display":"","ast-hfb-mobile-header-display":"","site-post-title":"","ast-breadcrumbs-content":"","ast-featured-img":"","footer-sml-layout":"","ast-disable-related-posts":"","theme-transparent-header-meta":"default","adv-header-id-meta":"","stick-header-meta":"default","header-above-stick-meta":"","header-main-stick-meta":"","header-below-stick-meta":"","astra-migrate-meta-layouts":"default","ast-page-background-enabled":"default","ast-page-background-meta":{"desktop":{"background-color":"","background-image":"","background-repeat":"repeat","background-position":"center center","background-size":"auto","background-attachment":"scroll","background-type":"","background-media":"","overlay-type":"","overlay-color":"","overlay-opacity":"","overlay-gradient":""},"tablet":{"background-color":"","background-image":"","background-repeat":"repeat","background-position":"center center","background-size":"auto","background-attachment":"scroll","background-type":"","background-media":"","overlay-type":"","overlay-color":"","overlay-opacity":"","overlay-gradient":""},"mobile":{"background-color":"","background-image":"","background-repeat":"repeat","background-position":"center center","background-size":"auto","background-attachment":"scroll","background-type":"","background-media":"","overlay-type":"","overlay-color":"","overlay-opacity":"","overlay-gradient":""}},"ast-content-background-meta":{"desktop":{"background-color":"var(--ast-global-color-5)","background-image":"","background-repeat":"repeat","background-position":"center center","background-size":"auto","background-attachment":"scroll","background-type":"","background-media":"","overlay-type":"","overlay-color":"","overlay-opacity":"","overlay-gradient":""},"tablet":{"background-color":"var(--ast-global-color-5)","background-image":"","background-repeat":"repeat","background-position":"center center","background-size":"auto","background-attachment":"scroll","background-type":"","background-media":"","overlay-type":"","overlay-color":"","overlay-opacity":"","overlay-gradient":""},"mobile":{"background-color":"var(--ast-global-color-5)","background-image":"","background-repeat":"repeat","background-position":"center center","background-size":"auto","background-attachment":"scroll","background-type":"","background-media":"","overlay-type":"","overlay-color":"","overlay-opacity":"","overlay-gradient":""}}},"product_brand":[],"product_cat":[5255,6778],"product_tag":[],"class_list":{"0":"post-29826","1":"product","2":"type-product","3":"status-publish","4":"has-post-thumbnail","6":"product_cat-herramientas-y-accesorios","7":"product_cat-herramientas-electricas","8":"desktop-align-center","9":"tablet-align-center","10":"mobile-align-center","11":"ast-product-gallery-layout-horizontal","12":"ast-product-gallery-with-no-image","13":"ast-product-tabs-layout-horizontal","15":"first","16":"onbackorder","17":"taxable","18":"shipping-taxable","19":"product-type-simple"},"acf":[],"yoast_head":"<!-- This site is optimized with the Yoast SEO plugin v27.2 - https:\/\/yoast.com\/product\/yoast-seo-wordpress\/ -->\n<title>Lijadora Mouse 55W - MAQTOOL<\/title>\n<meta name=\"robots\" content=\"index, follow, max-snippet:-1, max-image-preview:large, max-video-preview:-1\" \/>\n<link rel=\"canonical\" href=\"https:\/\/maqtool.pt\/es\/produto\/lijadora-mouse-55w\/\" \/>\n<meta property=\"og:locale\" content=\"es_ES\" \/>\n<meta property=\"og:type\" content=\"article\" \/>\n<meta property=\"og:title\" content=\"Lijadora Mouse 55W - MAQTOOL\" \/>\n<meta property=\"og:description\" content=\"Desde 1998, la lijadora BLACK+DECKER Mouse\u00ae se ha convertido en una herramienta esencial en todas las cajas de herramientas de bricolaje en todo el mundo. Su dise\u00f1o ligero, compacto y ergon\u00f3mico te permite lijar en los espacios m\u00e1s peque\u00f1os y de m\u00e1s dif\u00edcil acceso con un mayor control. Esta lijadora es ideal para quitar pintura y \u00f3xido, limpiar vidrios, lijar en espacios reducidos y terminar f\u00e1cilmente sus proyectos de bricolaje. Adem\u00e1s, el velcro de la base facilita y simplifica la colocaci\u00f3n y extracci\u00f3n de las hojas de lija.\" \/>\n<meta property=\"og:url\" content=\"https:\/\/maqtool.pt\/es\/produto\/lijadora-mouse-55w\/\" \/>\n<meta property=\"og:site_name\" content=\"MAQTOOL\" \/>\n<meta property=\"article:publisher\" content=\"https:\/\/www.facebook.com\/cobermaster\" \/>\n<meta property=\"article:modified_time\" content=\"2023-11-02T15:38:10+00:00\" \/>\n<meta property=\"og:image\" content=\"https:\/\/maqtool.pt\/wp-content\/uploads\/2022\/10\/MAQ-BEW230BC-Lixadora-MOUSE-55W.jpg\" \/>\n\t<meta property=\"og:image:width\" content=\"800\" \/>\n\t<meta property=\"og:image:height\" content=\"800\" \/>\n\t<meta property=\"og:image:type\" content=\"image\/jpeg\" \/>\n<meta name=\"twitter:card\" content=\"summary_large_image\" \/>\n<meta name=\"twitter:label1\" content=\"Tiempo de lectura\" \/>\n\t<meta name=\"twitter:data1\" content=\"1 minuto\" \/>\n<script type=\"application\/ld+json\" class=\"yoast-schema-graph\">{\"@context\":\"https:\/\/schema.org\",\"@graph\":[{\"@type\":\"WebPage\",\"@id\":\"https:\/\/maqtool.pt\/es\/produto\/lijadora-mouse-55w\/\",\"url\":\"https:\/\/maqtool.pt\/es\/produto\/lijadora-mouse-55w\/\",\"name\":\"Lijadora Mouse 55W - MAQTOOL\",\"isPartOf\":{\"@id\":\"https:\/\/maqtool.pt\/#website\"},\"primaryImageOfPage\":{\"@id\":\"https:\/\/maqtool.pt\/es\/produto\/lijadora-mouse-55w\/#primaryimage\"},\"image\":{\"@id\":\"https:\/\/maqtool.pt\/es\/produto\/lijadora-mouse-55w\/#primaryimage\"},\"thumbnailUrl\":\"https:\/\/maqtool.pt\/wp-content\/uploads\/2022\/10\/MAQ-BEW230BC-Lixadora-MOUSE-55W.jpg\",\"datePublished\":\"2022-10-25T09:39:45+00:00\",\"dateModified\":\"2023-11-02T15:38:10+00:00\",\"breadcrumb\":{\"@id\":\"https:\/\/maqtool.pt\/es\/produto\/lijadora-mouse-55w\/#breadcrumb\"},\"inLanguage\":\"es\",\"potentialAction\":[{\"@type\":\"ReadAction\",\"target\":[\"https:\/\/maqtool.pt\/es\/produto\/lijadora-mouse-55w\/\"]}]},{\"@type\":\"ImageObject\",\"inLanguage\":\"es\",\"@id\":\"https:\/\/maqtool.pt\/es\/produto\/lijadora-mouse-55w\/#primaryimage\",\"url\":\"https:\/\/maqtool.pt\/wp-content\/uploads\/2022\/10\/MAQ-BEW230BC-Lixadora-MOUSE-55W.jpg\",\"contentUrl\":\"https:\/\/maqtool.pt\/wp-content\/uploads\/2022\/10\/MAQ-BEW230BC-Lixadora-MOUSE-55W.jpg\",\"width\":800,\"height\":800},{\"@type\":\"BreadcrumbList\",\"@id\":\"https:\/\/maqtool.pt\/es\/produto\/lijadora-mouse-55w\/#breadcrumb\",\"itemListElement\":[{\"@type\":\"ListItem\",\"position\":1,\"name\":\"In\u00edcio\",\"item\":\"https:\/\/maqtool.pt\/es\/home\/\"},{\"@type\":\"ListItem\",\"position\":2,\"name\":\"Produtos\",\"item\":\"https:\/\/maqtool.pt\/produtos\/\"},{\"@type\":\"ListItem\",\"position\":3,\"name\":\"Lijadora Mouse 55W\"}]},{\"@type\":\"WebSite\",\"@id\":\"https:\/\/maqtool.pt\/#website\",\"url\":\"https:\/\/maqtool.pt\/\",\"name\":\"Cobermaster Industry\",\"description\":\"\",\"publisher\":{\"@id\":\"https:\/\/maqtool.pt\/#organization\"},\"potentialAction\":[{\"@type\":\"SearchAction\",\"target\":{\"@type\":\"EntryPoint\",\"urlTemplate\":\"https:\/\/maqtool.pt\/?s={search_term_string}\"},\"query-input\":{\"@type\":\"PropertyValueSpecification\",\"valueRequired\":true,\"valueName\":\"search_term_string\"}}],\"inLanguage\":\"es\"},{\"@type\":\"Organization\",\"@id\":\"https:\/\/maqtool.pt\/#organization\",\"name\":\"MAQTOOL\",\"url\":\"https:\/\/maqtool.pt\/\",\"logo\":{\"@type\":\"ImageObject\",\"inLanguage\":\"es\",\"@id\":\"https:\/\/maqtool.pt\/#\/schema\/logo\/image\/\",\"url\":\"https:\/\/maqtool.pt\/wp-content\/uploads\/2022\/09\/MAQTOOL-LOGO.jpg\",\"contentUrl\":\"https:\/\/maqtool.pt\/wp-content\/uploads\/2022\/09\/MAQTOOL-LOGO.jpg\",\"width\":762,\"height\":228,\"caption\":\"MAQTOOL\"},\"image\":{\"@id\":\"https:\/\/maqtool.pt\/#\/schema\/logo\/image\/\"},\"sameAs\":[\"https:\/\/www.facebook.com\/cobermaster\"]}]}<\/script>\n<!-- \/ Yoast SEO plugin. -->","yoast_head_json":{"title":"Lijadora Mouse 55W - MAQTOOL","robots":{"index":"index","follow":"follow","max-snippet":"max-snippet:-1","max-image-preview":"max-image-preview:large","max-video-preview":"max-video-preview:-1"},"canonical":"https:\/\/maqtool.pt\/es\/produto\/lijadora-mouse-55w\/","og_locale":"es_ES","og_type":"article","og_title":"Lijadora Mouse 55W - MAQTOOL","og_description":"Desde 1998, la lijadora BLACK+DECKER Mouse\u00ae se ha convertido en una herramienta esencial en todas las cajas de herramientas de bricolaje en todo el mundo. Su dise\u00f1o ligero, compacto y ergon\u00f3mico te permite lijar en los espacios m\u00e1s peque\u00f1os y de m\u00e1s dif\u00edcil acceso con un mayor control. Esta lijadora es ideal para quitar pintura y \u00f3xido, limpiar vidrios, lijar en espacios reducidos y terminar f\u00e1cilmente sus proyectos de bricolaje. Adem\u00e1s, el velcro de la base facilita y simplifica la colocaci\u00f3n y extracci\u00f3n de las hojas de lija.","og_url":"https:\/\/maqtool.pt\/es\/produto\/lijadora-mouse-55w\/","og_site_name":"MAQTOOL","article_publisher":"https:\/\/www.facebook.com\/cobermaster","article_modified_time":"2023-11-02T15:38:10+00:00","og_image":[{"width":800,"height":800,"url":"https:\/\/maqtool.pt\/wp-content\/uploads\/2022\/10\/MAQ-BEW230BC-Lixadora-MOUSE-55W.jpg","type":"image\/jpeg"}],"twitter_card":"summary_large_image","twitter_misc":{"Tiempo de lectura":"1 minuto"},"schema":{"@context":"https:\/\/schema.org","@graph":[{"@type":"WebPage","@id":"https:\/\/maqtool.pt\/es\/produto\/lijadora-mouse-55w\/","url":"https:\/\/maqtool.pt\/es\/produto\/lijadora-mouse-55w\/","name":"Lijadora Mouse 55W - MAQTOOL","isPartOf":{"@id":"https:\/\/maqtool.pt\/#website"},"primaryImageOfPage":{"@id":"https:\/\/maqtool.pt\/es\/produto\/lijadora-mouse-55w\/#primaryimage"},"image":{"@id":"https:\/\/maqtool.pt\/es\/produto\/lijadora-mouse-55w\/#primaryimage"},"thumbnailUrl":"https:\/\/maqtool.pt\/wp-content\/uploads\/2022\/10\/MAQ-BEW230BC-Lixadora-MOUSE-55W.jpg","datePublished":"2022-10-25T09:39:45+00:00","dateModified":"2023-11-02T15:38:10+00:00","breadcrumb":{"@id":"https:\/\/maqtool.pt\/es\/produto\/lijadora-mouse-55w\/#breadcrumb"},"inLanguage":"es","potentialAction":[{"@type":"ReadAction","target":["https:\/\/maqtool.pt\/es\/produto\/lijadora-mouse-55w\/"]}]},{"@type":"ImageObject","inLanguage":"es","@id":"https:\/\/maqtool.pt\/es\/produto\/lijadora-mouse-55w\/#primaryimage","url":"https:\/\/maqtool.pt\/wp-content\/uploads\/2022\/10\/MAQ-BEW230BC-Lixadora-MOUSE-55W.jpg","contentUrl":"https:\/\/maqtool.pt\/wp-content\/uploads\/2022\/10\/MAQ-BEW230BC-Lixadora-MOUSE-55W.jpg","width":800,"height":800},{"@type":"BreadcrumbList","@id":"https:\/\/maqtool.pt\/es\/produto\/lijadora-mouse-55w\/#breadcrumb","itemListElement":[{"@type":"ListItem","position":1,"name":"In\u00edcio","item":"https:\/\/maqtool.pt\/es\/home\/"},{"@type":"ListItem","position":2,"name":"Produtos","item":"https:\/\/maqtool.pt\/produtos\/"},{"@type":"ListItem","position":3,"name":"Lijadora Mouse 55W"}]},{"@type":"WebSite","@id":"https:\/\/maqtool.pt\/#website","url":"https:\/\/maqtool.pt\/","name":"Cobermaster Industry","description":"","publisher":{"@id":"https:\/\/maqtool.pt\/#organization"},"potentialAction":[{"@type":"SearchAction","target":{"@type":"EntryPoint","urlTemplate":"https:\/\/maqtool.pt\/?s={search_term_string}"},"query-input":{"@type":"PropertyValueSpecification","valueRequired":true,"valueName":"search_term_string"}}],"inLanguage":"es"},{"@type":"Organization","@id":"https:\/\/maqtool.pt\/#organization","name":"MAQTOOL","url":"https:\/\/maqtool.pt\/","logo":{"@type":"ImageObject","inLanguage":"es","@id":"https:\/\/maqtool.pt\/#\/schema\/logo\/image\/","url":"https:\/\/maqtool.pt\/wp-content\/uploads\/2022\/09\/MAQTOOL-LOGO.jpg","contentUrl":"https:\/\/maqtool.pt\/wp-content\/uploads\/2022\/09\/MAQTOOL-LOGO.jpg","width":762,"height":228,"caption":"MAQTOOL"},"image":{"@id":"https:\/\/maqtool.pt\/#\/schema\/logo\/image\/"},"sameAs":["https:\/\/www.facebook.com\/cobermaster"]}]}},"uagb_featured_image_src":{"full":["https:\/\/maqtool.pt\/wp-content\/uploads\/2022\/10\/MAQ-BEW230BC-Lixadora-MOUSE-55W.jpg",800,800,false],"thumbnail":["https:\/\/maqtool.pt\/wp-content\/uploads\/2022\/10\/MAQ-BEW230BC-Lixadora-MOUSE-55W-150x150.jpg",150,150,true],"medium":["https:\/\/maqtool.pt\/wp-content\/uploads\/2022\/10\/MAQ-BEW230BC-Lixadora-MOUSE-55W-300x300.jpg",300,300,true],"medium_large":["https:\/\/maqtool.pt\/wp-content\/uploads\/2022\/10\/MAQ-BEW230BC-Lixadora-MOUSE-55W-768x768.jpg",768,768,true],"large":["https:\/\/maqtool.pt\/wp-content\/uploads\/2022\/10\/MAQ-BEW230BC-Lixadora-MOUSE-55W.jpg",800,800,false],"1536x1536":["https:\/\/maqtool.pt\/wp-content\/uploads\/2022\/10\/MAQ-BEW230BC-Lixadora-MOUSE-55W.jpg",800,800,false],"2048x2048":["https:\/\/maqtool.pt\/wp-content\/uploads\/2022\/10\/MAQ-BEW230BC-Lixadora-MOUSE-55W.jpg",800,800,false],"woocommerce_thumbnail":["https:\/\/maqtool.pt\/wp-content\/uploads\/2022\/10\/MAQ-BEW230BC-Lixadora-MOUSE-55W-400x400.jpg",400,400,true],"woocommerce_single":["https:\/\/maqtool.pt\/wp-content\/uploads\/2022\/10\/MAQ-BEW230BC-Lixadora-MOUSE-55W-600x600.jpg",600,600,true],"woocommerce_gallery_thumbnail":["https:\/\/maqtool.pt\/wp-content\/uploads\/2022\/10\/MAQ-BEW230BC-Lixadora-MOUSE-55W-100x100.jpg",100,100,true]},"uagb_author_info":{"display_name":"Jo\u00e3o Santos","author_link":"https:\/\/maqtool.pt\/es\/author\/"},"uagb_comment_info":0,"uagb_excerpt":"Desde 1998, la lijadora BLACK+DECKER Mouse\u00ae se ha convertido en una herramienta esencial en todas las cajas de herramientas de bricolaje en todo el mundo. Su dise\u00f1o ligero, compacto y ergon\u00f3mico te permite lijar en los espacios m\u00e1s peque\u00f1os y de m\u00e1s dif\u00edcil acceso con un mayor control. Esta lijadora es ideal para quitar pintura&hellip;","_links":{"self":[{"href":"https:\/\/maqtool.pt\/es\/wp-json\/wp\/v2\/product\/29826","targetHints":{"allow":["GET"]}}],"collection":[{"href":"https:\/\/maqtool.pt\/es\/wp-json\/wp\/v2\/product"}],"about":[{"href":"https:\/\/maqtool.pt\/es\/wp-json\/wp\/v2\/types\/product"}],"wp:featuredmedia":[{"embeddable":true,"href":"https:\/\/maqtool.pt\/es\/wp-json\/wp\/v2\/media\/26702"}],"wp:attachment":[{"href":"https:\/\/maqtool.pt\/es\/wp-json\/wp\/v2\/media?parent=29826"}],"wp:term":[{"taxonomy":"product_brand","embeddable":true,"href":"https:\/\/maqtool.pt\/es\/wp-json\/wp\/v2\/product_brand?post=29826"},{"taxonomy":"product_cat","embeddable":true,"href":"https:\/\/maqtool.pt\/es\/wp-json\/wp\/v2\/product_cat?post=29826"},{"taxonomy":"product_tag","embeddable":true,"href":"https:\/\/maqtool.pt\/es\/wp-json\/wp\/v2\/product_tag?post=29826"}],"curies":[{"name":"wp","href":"https:\/\/api.w.org\/{rel}","templated":true}]}}