{"id":29830,"date":"2022-10-24T13:40:10","date_gmt":"2022-10-24T13:40:10","guid":{"rendered":"https:\/\/maqtool.pt\/produto\/martillo-ligero-combi-710w-3-modos-22mm\/"},"modified":"2022-10-24T13:40:10","modified_gmt":"2022-10-24T13:40:10","slug":"martillo-ligero-combi-710w-3-modos-22mm","status":"publish","type":"product","link":"https:\/\/maqtool.pt\/es\/produto\/martillo-ligero-combi-710w-3-modos-22mm\/","title":{"rendered":"Martillo Ligero Combi 710W 3 Modos 22mm"},"content":{"rendered":"<div id=\"additional-product-features\" class=\"coh-container coh-style-product-features-benefits\">\n<div class=\"outer-additional-features-item\">\n<ul class=\"additional-feature-ul\">\n<li class=\"additional-feature-list-li\">Tope de giro para realizar peque\u00f1as demoliciones en ladrillo o materiales de construcci\u00f3n blandos y ocasionalmente en hormig\u00f3n<\/li>\n<li class=\"additional-feature-list-li\">El embrague de seguridad elimina los contragolpes repentinos de alto torque cuando la broca se atasca<\/li>\n<li class=\"additional-feature-list-li\">El mecanismo de martillo grande ofrece un alto rendimiento con menos tensi\u00f3n en los componentes clave<\/li>\n<li class=\"additional-feature-list-li\">Sistema de protecci\u00f3n mejorado contra la entrada de polvo, lo que garantiza una larga vida \u00fatil de la herramienta<\/li>\n<li class=\"additional-feature-list-li\">Dise\u00f1o ergon\u00f3mico que ofrece un agarre c\u00f3modo y equilibrado<\/li>\n<li class=\"additional-feature-list-li\">Ranuras de salida de aire dise\u00f1adas para proteger los ojos del usuario<\/li>\n<\/ul>\n<\/div>\n<\/div>\n<div class=\"coh-container coh-style-product-includes-section\">\n<h6 class=\"coh-heading title coh-style-h1---default\">Incluye<\/h6>\n<ul class=\"coh-list-container coh-unordered-list\">\n<li class=\"coh-list-item\">(1) Empu\u00f1adura lateral multiposici\u00f3n<\/li>\n<li class=\"coh-list-item\">(1) Tope de profundidad<\/li>\n<li class=\"coh-list-item\">(1) Maleta<\/li>\n<\/ul>\n<\/div>\n<div class=\"coh-container coh-style-specifications\">\n<h6 class=\"coh-heading coh-style-h1---default\">Especificaciones<\/h6>\n<div>\n<table class=\"reference_entity_table table-expanded\" data-striping=\"1\">\n<tbody>\n<tr>\n<td>\n<div>ANCHO DEL PRODUCTO<\/div>\n<\/td>\n<td>\n<div>75 MM<\/div>\n<\/td>\n<\/tr>\n<tr>\n<td>\n<div>VELOCIDAD SIN CARGA (RPM)<\/div>\n<\/td>\n<td>\n<div>0-1550<\/div>\n<\/td>\n<\/tr>\n<tr>\n<td>\n<div>PESO DEL PRODUCTO<\/div>\n<\/td>\n<td>\n<div>2.5 KG<\/div>\n<\/td>\n<\/tr>\n<tr>\n<td>\n<div>VALOR DE LA ENERG\u00cdA DE IMPACTO (J) EPTA<\/div>\n<\/td>\n<td>\n<div>2<\/div>\n<\/td>\n<\/tr>\n<tr>\n<td>\n<div>ALTURA DEL PRODUCTO<\/div>\n<\/td>\n<td>\n<div>210 MM<\/div>\n<\/td>\n<\/tr>\n<tr>\n<td>\n<div>ALTURA DEL PRODUCTO<\/div>\n<\/td>\n<td>\n<div>16.5 IN<\/div>\n<\/td>\n<\/tr>\n<tr>\n<td>\n<div>INCERTIDUMBRE K1 (VIBRACI\u00d3N)<\/div>\n<\/td>\n<td>\n<div>1.5<\/div>\n<\/td>\n<\/tr>\n<tr>\n<td>\n<div>FUENTE DE ENERG\u00cdA<\/div>\n<\/td>\n<td>\n<div>CORD\u00d3N<span style=\"font-family: inherit; font-size: 16px;\">,<\/span> CON CABLE<\/div>\n<\/td>\n<\/tr>\n<tr>\n<td>\n<div>MANDRIL DE CAMBIO R\u00c1PIDO<\/div>\n<\/td>\n<td>\n<div>N\u00c3O<span style=\"font-family: inherit; font-size: 16px;\">, <\/span>NO<\/div>\n<\/td>\n<\/tr>\n<tr>\n<td>\n<div>CAPACIDAD M\u00c1XIMA DE TALADRADO (MADERA)<\/div>\n<\/td>\n<td>\n<div>30 MM<\/div>\n<\/td>\n<\/tr>\n<tr>\n<td>\n<div>LONGITUD DEL PRODUCTO<\/div>\n<\/td>\n<td>\n<div>330 MM<\/div>\n<\/td>\n<\/tr>\n<tr>\n<td>\n<div>PODER<\/div>\n<\/td>\n<td>\n<div>710 W<\/div>\n<\/td>\n<\/tr>\n<tr>\n<td>\n<div>CONTROL DE VIBRACIONES<\/div>\n<\/td>\n<td>\n<div>N\u00c3O<span style=\"font-family: inherit; font-size: 16px;\">, <\/span>NO<\/div>\n<\/td>\n<\/tr>\n<tr>\n<td>\n<div>ENTRADA DE ALIMENTACI\u00d3N<\/div>\n<\/td>\n<td>\n<div>710 W<\/div>\n<\/td>\n<\/tr>\n<tr>\n<td>\n<div>PESO DEL PRODUCTO<\/div>\n<\/td>\n<td>\n<div>544 LBS<\/div>\n<\/td>\n<\/tr>\n<\/tbody>\n<\/table>\n<\/div>\n<\/div>\n","protected":false},"excerpt":{"rendered":"<ul class=\"feature-ul\">\n<li class=\"feature-list-li\">Velocidad variable electr\u00f3nicamente para un control total en cualquier aplicaci\u00f3n<\/li>\n<li class=\"feature-list-li\">Ideal para taladrar orificios para fijaciones o para aisladores en hormig\u00f3n o mamposter\u00eda de 4 a 22 mm de di\u00e1metro<\/li>\n<li class=\"feature-list-li\">Tope de impacto para taladrar madera, cer\u00e1mica, acero&#8230; y operaciones de atornillado<\/li>\n<\/ul>\n","protected":false},"featured_media":26588,"template":"","meta":{"_eb_attr":"","_uag_custom_page_level_css":"","site-sidebar-layout":"default","site-content-layout":"default","ast-site-content-layout":"default","site-content-style":"default","site-sidebar-style":"default","ast-global-header-display":"","ast-banner-title-visibility":"","ast-main-header-display":"","ast-hfb-above-header-display":"","ast-hfb-below-header-display":"","ast-hfb-mobile-header-display":"","site-post-title":"","ast-breadcrumbs-content":"","ast-featured-img":"","footer-sml-layout":"","ast-disable-related-posts":"","theme-transparent-header-meta":"default","adv-header-id-meta":"","stick-header-meta":"default","header-above-stick-meta":"","header-main-stick-meta":"","header-below-stick-meta":"","astra-migrate-meta-layouts":"default","ast-page-background-enabled":"default","ast-page-background-meta":{"desktop":{"background-color":"","background-image":"","background-repeat":"repeat","background-position":"center center","background-size":"auto","background-attachment":"scroll","background-type":"","background-media":"","overlay-type":"","overlay-color":"","overlay-opacity":"","overlay-gradient":""},"tablet":{"background-color":"","background-image":"","background-repeat":"repeat","background-position":"center center","background-size":"auto","background-attachment":"scroll","background-type":"","background-media":"","overlay-type":"","overlay-color":"","overlay-opacity":"","overlay-gradient":""},"mobile":{"background-color":"","background-image":"","background-repeat":"repeat","background-position":"center center","background-size":"auto","background-attachment":"scroll","background-type":"","background-media":"","overlay-type":"","overlay-color":"","overlay-opacity":"","overlay-gradient":""}},"ast-content-background-meta":{"desktop":{"background-color":"var(--ast-global-color-5)","background-image":"","background-repeat":"repeat","background-position":"center center","background-size":"auto","background-attachment":"scroll","background-type":"","background-media":"","overlay-type":"","overlay-color":"","overlay-opacity":"","overlay-gradient":""},"tablet":{"background-color":"var(--ast-global-color-5)","background-image":"","background-repeat":"repeat","background-position":"center center","background-size":"auto","background-attachment":"scroll","background-type":"","background-media":"","overlay-type":"","overlay-color":"","overlay-opacity":"","overlay-gradient":""},"mobile":{"background-color":"var(--ast-global-color-5)","background-image":"","background-repeat":"repeat","background-position":"center center","background-size":"auto","background-attachment":"scroll","background-type":"","background-media":"","overlay-type":"","overlay-color":"","overlay-opacity":"","overlay-gradient":""}}},"product_brand":[],"product_cat":[5255,6778,6786],"product_tag":[],"class_list":{"0":"post-29830","1":"product","2":"type-product","3":"status-publish","4":"has-post-thumbnail","6":"product_cat-herramientas-y-accesorios","7":"product_cat-herramientas-electricas","8":"product_cat-general-es","9":"desktop-align-center","10":"tablet-align-center","11":"mobile-align-center","12":"ast-product-gallery-layout-horizontal","13":"ast-product-tabs-layout-horizontal","15":"first","16":"onbackorder","17":"taxable","18":"shipping-taxable","19":"product-type-simple"},"acf":[],"yoast_head":"<!-- This site is optimized with the Yoast SEO plugin v27.3 - https:\/\/yoast.com\/product\/yoast-seo-wordpress\/ -->\n<title>Martillo Ligero Combi 710W 3 Modos 22mm - MAQTOOL<\/title>\n<meta name=\"robots\" content=\"index, follow, max-snippet:-1, max-image-preview:large, max-video-preview:-1\" \/>\n<link rel=\"canonical\" href=\"https:\/\/maqtool.pt\/produto\/martillo-ligero-combi-710w-3-modos-22mm\/\" \/>\n<meta property=\"og:locale\" content=\"es_ES\" \/>\n<meta property=\"og:type\" content=\"article\" \/>\n<meta property=\"og:title\" content=\"Martillo Ligero Combi 710W 3 Modos 22mm - MAQTOOL\" \/>\n<meta property=\"og:description\" content=\"Velocidad variable electr\u00f3nicamente para un control total en cualquier aplicaci\u00f3n  Ideal para taladrar orificios para fijaciones o para aisladores en hormig\u00f3n o mamposter\u00eda de 4 a 22 mm de di\u00e1metro  Tope de impacto para taladrar madera, cer\u00e1mica, acero... y operaciones de atornillado\" \/>\n<meta property=\"og:url\" content=\"https:\/\/maqtool.pt\/produto\/martillo-ligero-combi-710w-3-modos-22mm\/\" \/>\n<meta property=\"og:site_name\" content=\"MAQTOOL\" \/>\n<meta property=\"article:publisher\" content=\"https:\/\/www.facebook.com\/cobermaster\" \/>\n<meta name=\"twitter:card\" content=\"summary_large_image\" \/>\n<meta name=\"twitter:label1\" content=\"Tiempo de lectura\" \/>\n\t<meta name=\"twitter:data1\" content=\"1 minuto\" \/>\n<script type=\"application\/ld+json\" class=\"yoast-schema-graph\">{\"@context\":\"https:\\\/\\\/schema.org\",\"@graph\":[{\"@type\":\"WebPage\",\"@id\":\"https:\\\/\\\/maqtool.pt\\\/produto\\\/martillo-ligero-combi-710w-3-modos-22mm\\\/\",\"url\":\"https:\\\/\\\/maqtool.pt\\\/produto\\\/martillo-ligero-combi-710w-3-modos-22mm\\\/\",\"name\":\"Martillo Ligero Combi 710W 3 Modos 22mm - MAQTOOL\",\"isPartOf\":{\"@id\":\"https:\\\/\\\/maqtool.pt\\\/#website\"},\"primaryImageOfPage\":{\"@id\":\"https:\\\/\\\/maqtool.pt\\\/produto\\\/martillo-ligero-combi-710w-3-modos-22mm\\\/#primaryimage\"},\"image\":{\"@id\":\"https:\\\/\\\/maqtool.pt\\\/produto\\\/martillo-ligero-combi-710w-3-modos-22mm\\\/#primaryimage\"},\"thumbnailUrl\":\"https:\\\/\\\/maqtool.pt\\\/wp-content\\\/uploads\\\/2022\\\/10\\\/MAQ-D25033K-QS-Martelo-Ligeiro-Combi-710W.jpg\",\"datePublished\":\"2022-10-24T13:40:10+00:00\",\"breadcrumb\":{\"@id\":\"https:\\\/\\\/maqtool.pt\\\/produto\\\/martillo-ligero-combi-710w-3-modos-22mm\\\/#breadcrumb\"},\"inLanguage\":\"es\",\"potentialAction\":[{\"@type\":\"ReadAction\",\"target\":[\"https:\\\/\\\/maqtool.pt\\\/produto\\\/martillo-ligero-combi-710w-3-modos-22mm\\\/\"]}]},{\"@type\":\"ImageObject\",\"inLanguage\":\"es\",\"@id\":\"https:\\\/\\\/maqtool.pt\\\/produto\\\/martillo-ligero-combi-710w-3-modos-22mm\\\/#primaryimage\",\"url\":\"https:\\\/\\\/maqtool.pt\\\/wp-content\\\/uploads\\\/2022\\\/10\\\/MAQ-D25033K-QS-Martelo-Ligeiro-Combi-710W.jpg\",\"contentUrl\":\"https:\\\/\\\/maqtool.pt\\\/wp-content\\\/uploads\\\/2022\\\/10\\\/MAQ-D25033K-QS-Martelo-Ligeiro-Combi-710W.jpg\",\"width\":800,\"height\":800},{\"@type\":\"BreadcrumbList\",\"@id\":\"https:\\\/\\\/maqtool.pt\\\/produto\\\/martillo-ligero-combi-710w-3-modos-22mm\\\/#breadcrumb\",\"itemListElement\":[{\"@type\":\"ListItem\",\"position\":1,\"name\":\"In\u00edcio\",\"item\":\"https:\\\/\\\/maqtool.pt\\\/es\\\/home\\\/\"},{\"@type\":\"ListItem\",\"position\":2,\"name\":\"Produtos\",\"item\":\"https:\\\/\\\/maqtool.pt\\\/produtos\\\/\"},{\"@type\":\"ListItem\",\"position\":3,\"name\":\"Martillo Ligero Combi 710W 3 Modos 22mm\"}]},{\"@type\":\"WebSite\",\"@id\":\"https:\\\/\\\/maqtool.pt\\\/#website\",\"url\":\"https:\\\/\\\/maqtool.pt\\\/\",\"name\":\"Cobermaster Industry\",\"description\":\"\",\"publisher\":{\"@id\":\"https:\\\/\\\/maqtool.pt\\\/#organization\"},\"potentialAction\":[{\"@type\":\"SearchAction\",\"target\":{\"@type\":\"EntryPoint\",\"urlTemplate\":\"https:\\\/\\\/maqtool.pt\\\/?s={search_term_string}\"},\"query-input\":{\"@type\":\"PropertyValueSpecification\",\"valueRequired\":true,\"valueName\":\"search_term_string\"}}],\"inLanguage\":\"es\"},{\"@type\":\"Organization\",\"@id\":\"https:\\\/\\\/maqtool.pt\\\/#organization\",\"name\":\"MAQTOOL\",\"url\":\"https:\\\/\\\/maqtool.pt\\\/\",\"logo\":{\"@type\":\"ImageObject\",\"inLanguage\":\"es\",\"@id\":\"https:\\\/\\\/maqtool.pt\\\/#\\\/schema\\\/logo\\\/image\\\/\",\"url\":\"https:\\\/\\\/maqtool.pt\\\/wp-content\\\/uploads\\\/2022\\\/09\\\/MAQTOOL-LOGO.jpg\",\"contentUrl\":\"https:\\\/\\\/maqtool.pt\\\/wp-content\\\/uploads\\\/2022\\\/09\\\/MAQTOOL-LOGO.jpg\",\"width\":762,\"height\":228,\"caption\":\"MAQTOOL\"},\"image\":{\"@id\":\"https:\\\/\\\/maqtool.pt\\\/#\\\/schema\\\/logo\\\/image\\\/\"},\"sameAs\":[\"https:\\\/\\\/www.facebook.com\\\/cobermaster\"]}]}<\/script>\n<!-- \/ Yoast SEO plugin. -->","yoast_head_json":{"title":"Martillo Ligero Combi 710W 3 Modos 22mm - MAQTOOL","robots":{"index":"index","follow":"follow","max-snippet":"max-snippet:-1","max-image-preview":"max-image-preview:large","max-video-preview":"max-video-preview:-1"},"canonical":"https:\/\/maqtool.pt\/produto\/martillo-ligero-combi-710w-3-modos-22mm\/","og_locale":"es_ES","og_type":"article","og_title":"Martillo Ligero Combi 710W 3 Modos 22mm - MAQTOOL","og_description":"Velocidad variable electr\u00f3nicamente para un control total en cualquier aplicaci\u00f3n  Ideal para taladrar orificios para fijaciones o para aisladores en hormig\u00f3n o mamposter\u00eda de 4 a 22 mm de di\u00e1metro  Tope de impacto para taladrar madera, cer\u00e1mica, acero... y operaciones de atornillado","og_url":"https:\/\/maqtool.pt\/produto\/martillo-ligero-combi-710w-3-modos-22mm\/","og_site_name":"MAQTOOL","article_publisher":"https:\/\/www.facebook.com\/cobermaster","twitter_card":"summary_large_image","twitter_misc":{"Tiempo de lectura":"1 minuto"},"schema":{"@context":"https:\/\/schema.org","@graph":[{"@type":"WebPage","@id":"https:\/\/maqtool.pt\/produto\/martillo-ligero-combi-710w-3-modos-22mm\/","url":"https:\/\/maqtool.pt\/produto\/martillo-ligero-combi-710w-3-modos-22mm\/","name":"Martillo Ligero Combi 710W 3 Modos 22mm - MAQTOOL","isPartOf":{"@id":"https:\/\/maqtool.pt\/#website"},"primaryImageOfPage":{"@id":"https:\/\/maqtool.pt\/produto\/martillo-ligero-combi-710w-3-modos-22mm\/#primaryimage"},"image":{"@id":"https:\/\/maqtool.pt\/produto\/martillo-ligero-combi-710w-3-modos-22mm\/#primaryimage"},"thumbnailUrl":"https:\/\/maqtool.pt\/wp-content\/uploads\/2022\/10\/MAQ-D25033K-QS-Martelo-Ligeiro-Combi-710W.jpg","datePublished":"2022-10-24T13:40:10+00:00","breadcrumb":{"@id":"https:\/\/maqtool.pt\/produto\/martillo-ligero-combi-710w-3-modos-22mm\/#breadcrumb"},"inLanguage":"es","potentialAction":[{"@type":"ReadAction","target":["https:\/\/maqtool.pt\/produto\/martillo-ligero-combi-710w-3-modos-22mm\/"]}]},{"@type":"ImageObject","inLanguage":"es","@id":"https:\/\/maqtool.pt\/produto\/martillo-ligero-combi-710w-3-modos-22mm\/#primaryimage","url":"https:\/\/maqtool.pt\/wp-content\/uploads\/2022\/10\/MAQ-D25033K-QS-Martelo-Ligeiro-Combi-710W.jpg","contentUrl":"https:\/\/maqtool.pt\/wp-content\/uploads\/2022\/10\/MAQ-D25033K-QS-Martelo-Ligeiro-Combi-710W.jpg","width":800,"height":800},{"@type":"BreadcrumbList","@id":"https:\/\/maqtool.pt\/produto\/martillo-ligero-combi-710w-3-modos-22mm\/#breadcrumb","itemListElement":[{"@type":"ListItem","position":1,"name":"In\u00edcio","item":"https:\/\/maqtool.pt\/es\/home\/"},{"@type":"ListItem","position":2,"name":"Produtos","item":"https:\/\/maqtool.pt\/produtos\/"},{"@type":"ListItem","position":3,"name":"Martillo Ligero Combi 710W 3 Modos 22mm"}]},{"@type":"WebSite","@id":"https:\/\/maqtool.pt\/#website","url":"https:\/\/maqtool.pt\/","name":"Cobermaster Industry","description":"","publisher":{"@id":"https:\/\/maqtool.pt\/#organization"},"potentialAction":[{"@type":"SearchAction","target":{"@type":"EntryPoint","urlTemplate":"https:\/\/maqtool.pt\/?s={search_term_string}"},"query-input":{"@type":"PropertyValueSpecification","valueRequired":true,"valueName":"search_term_string"}}],"inLanguage":"es"},{"@type":"Organization","@id":"https:\/\/maqtool.pt\/#organization","name":"MAQTOOL","url":"https:\/\/maqtool.pt\/","logo":{"@type":"ImageObject","inLanguage":"es","@id":"https:\/\/maqtool.pt\/#\/schema\/logo\/image\/","url":"https:\/\/maqtool.pt\/wp-content\/uploads\/2022\/09\/MAQTOOL-LOGO.jpg","contentUrl":"https:\/\/maqtool.pt\/wp-content\/uploads\/2022\/09\/MAQTOOL-LOGO.jpg","width":762,"height":228,"caption":"MAQTOOL"},"image":{"@id":"https:\/\/maqtool.pt\/#\/schema\/logo\/image\/"},"sameAs":["https:\/\/www.facebook.com\/cobermaster"]}]}},"uagb_featured_image_src":{"full":["https:\/\/maqtool.pt\/wp-content\/uploads\/2022\/10\/MAQ-D25033K-QS-Martelo-Ligeiro-Combi-710W.jpg",800,800,false],"thumbnail":["https:\/\/maqtool.pt\/wp-content\/uploads\/2022\/10\/MAQ-D25033K-QS-Martelo-Ligeiro-Combi-710W-150x150.jpg",150,150,true],"medium":["https:\/\/maqtool.pt\/wp-content\/uploads\/2022\/10\/MAQ-D25033K-QS-Martelo-Ligeiro-Combi-710W-300x300.jpg",300,300,true],"medium_large":["https:\/\/maqtool.pt\/wp-content\/uploads\/2022\/10\/MAQ-D25033K-QS-Martelo-Ligeiro-Combi-710W-768x768.jpg",768,768,true],"large":["https:\/\/maqtool.pt\/wp-content\/uploads\/2022\/10\/MAQ-D25033K-QS-Martelo-Ligeiro-Combi-710W.jpg",800,800,false],"1536x1536":["https:\/\/maqtool.pt\/wp-content\/uploads\/2022\/10\/MAQ-D25033K-QS-Martelo-Ligeiro-Combi-710W.jpg",800,800,false],"2048x2048":["https:\/\/maqtool.pt\/wp-content\/uploads\/2022\/10\/MAQ-D25033K-QS-Martelo-Ligeiro-Combi-710W.jpg",800,800,false],"woocommerce_thumbnail":["https:\/\/maqtool.pt\/wp-content\/uploads\/2022\/10\/MAQ-D25033K-QS-Martelo-Ligeiro-Combi-710W-400x400.jpg",400,400,true],"woocommerce_single":["https:\/\/maqtool.pt\/wp-content\/uploads\/2022\/10\/MAQ-D25033K-QS-Martelo-Ligeiro-Combi-710W-600x600.jpg",600,600,true],"woocommerce_gallery_thumbnail":["https:\/\/maqtool.pt\/wp-content\/uploads\/2022\/10\/MAQ-D25033K-QS-Martelo-Ligeiro-Combi-710W-100x100.jpg",100,100,true]},"uagb_author_info":{"display_name":"Jo\u00e3o Santos","author_link":"https:\/\/maqtool.pt\/es\/author\/"},"uagb_comment_info":0,"uagb_excerpt":"Velocidad variable electr\u00f3nicamente para un control total en cualquier aplicaci\u00f3n Ideal para taladrar orificios para fijaciones o para aisladores en hormig\u00f3n o mamposter\u00eda de 4 a 22 mm de di\u00e1metro Tope de impacto para taladrar madera, cer\u00e1mica, acero... y operaciones de atornillado","_links":{"self":[{"href":"https:\/\/maqtool.pt\/es\/wp-json\/wp\/v2\/product\/29830","targetHints":{"allow":["GET"]}}],"collection":[{"href":"https:\/\/maqtool.pt\/es\/wp-json\/wp\/v2\/product"}],"about":[{"href":"https:\/\/maqtool.pt\/es\/wp-json\/wp\/v2\/types\/product"}],"wp:featuredmedia":[{"embeddable":true,"href":"https:\/\/maqtool.pt\/es\/wp-json\/wp\/v2\/media\/26588"}],"wp:attachment":[{"href":"https:\/\/maqtool.pt\/es\/wp-json\/wp\/v2\/media?parent=29830"}],"wp:term":[{"taxonomy":"product_brand","embeddable":true,"href":"https:\/\/maqtool.pt\/es\/wp-json\/wp\/v2\/product_brand?post=29830"},{"taxonomy":"product_cat","embeddable":true,"href":"https:\/\/maqtool.pt\/es\/wp-json\/wp\/v2\/product_cat?post=29830"},{"taxonomy":"product_tag","embeddable":true,"href":"https:\/\/maqtool.pt\/es\/wp-json\/wp\/v2\/product_tag?post=29830"}],"curies":[{"name":"wp","href":"https:\/\/api.w.org\/{rel}","templated":true}]}}