{"id":30752,"date":"2022-01-28T10:19:34","date_gmt":"2022-01-28T10:19:34","guid":{"rendered":"https:\/\/maqtool.pt\/produto\/zapato-de-seguridad-norseman-s3-src-esd\/"},"modified":"2023-01-04T11:14:30","modified_gmt":"2023-01-04T11:14:30","slug":"calzado-de-seguridad-norseman-s3-src-esd","status":"publish","type":"product","link":"https:\/\/maqtool.pt\/es\/produto\/calzado-de-seguridad-norseman-s3-src-esd\/","title":{"rendered":"Zapato de seguridad NORSEMAN | S3 | SRC | ESD"},"content":{"rendered":"<p><strong>Ante azul, tratado con excelentes caracter\u00edsticas de transpiraci\u00f3n, m\u00e1s suave y flexible.<\/strong> No es resistente al agua, pero es excelente para trabajos en interiores y en climas c\u00e1lidos y secos.<\/p>\n<p><strong>Forro POROMAX una tecnolog\u00eda innovadora que, debido a una estructura especial de las c\u00e1maras internas, elimina el aire caliente y h\u00famedo sobre la parte superior del zapato y facilita la distribuci\u00f3n uniforme de la temperatura.<\/strong><\/p>\n<p><strong>El revestimiento de Poromax utiliza una tecnolog\u00eda innovadora que, debido a una estructura especial de las c\u00e1maras internas, elimina el aire caliente y h\u00famedo en la parte superior de la bolsa y facilita la distribuci\u00f3n uniforme de la temperatura.<\/strong><\/p>\n<p><strong>Q-FLEX, plantilla no met\u00e1lica, flexible y antiest\u00e1tica, resistente a la perforaci\u00f3n.<\/strong> Aislamiento t\u00e9rmico.<\/p>\n<p><strong>BIORELAX: 100% transpirable, antibacteriano, carb\u00f3n activo, excelente absorci\u00f3n de impactos, antiest\u00e1tico y ecol\u00f3gico.<\/strong><\/p>\n<p><strong>Suela AIR TUBELESS Caucho, exclusivo sistema de confort, testado biomec\u00e1nicamente por INESCOP, que previene dolores lumbares y de pies, reduce el impacto de la marcha en un 55% y aumenta el aislamiento t\u00e9rmico.<\/strong> Protege de descargas electrost\u00e1ticas &#8211; ESD.<\/p>\n<p><strong>Tallas: 36 &#8211; 47<\/strong><\/p>\n","protected":false},"excerpt":{"rendered":"<p><strong>Ante azul, tratado con excelentes caracter\u00edsticas de transpiraci\u00f3n, m\u00e1s suave y flexible.<\/strong> No es resistente al agua, pero es excelente para trabajos en interiores y en climas c\u00e1lidos y secos.<\/p>\n<p><strong>El revestimiento de Poromax utiliza una tecnolog\u00eda innovadora que, debido a una estructura especial de las c\u00e1maras internas, elimina el aire caliente y h\u00famedo en la parte superior de la bolsa y facilita la distribuci\u00f3n uniforme de la temperatura.<\/strong><\/p>\n","protected":false},"featured_media":22994,"template":"","meta":{"_eb_attr":"","_uag_custom_page_level_css":"","site-sidebar-layout":"default","site-content-layout":"default","ast-site-content-layout":"default","site-content-style":"default","site-sidebar-style":"default","ast-global-header-display":"","ast-banner-title-visibility":"","ast-main-header-display":"","ast-hfb-above-header-display":"","ast-hfb-below-header-display":"","ast-hfb-mobile-header-display":"","site-post-title":"","ast-breadcrumbs-content":"","ast-featured-img":"","footer-sml-layout":"","ast-disable-related-posts":"","theme-transparent-header-meta":"default","adv-header-id-meta":"","stick-header-meta":"default","header-above-stick-meta":"","header-main-stick-meta":"","header-below-stick-meta":"","astra-migrate-meta-layouts":"default","ast-page-background-enabled":"default","ast-page-background-meta":{"desktop":{"background-color":"","background-image":"","background-repeat":"repeat","background-position":"center center","background-size":"auto","background-attachment":"scroll","background-type":"","background-media":"","overlay-type":"","overlay-color":"","overlay-opacity":"","overlay-gradient":""},"tablet":{"background-color":"","background-image":"","background-repeat":"repeat","background-position":"center center","background-size":"auto","background-attachment":"scroll","background-type":"","background-media":"","overlay-type":"","overlay-color":"","overlay-opacity":"","overlay-gradient":""},"mobile":{"background-color":"","background-image":"","background-repeat":"repeat","background-position":"center center","background-size":"auto","background-attachment":"scroll","background-type":"","background-media":"","overlay-type":"","overlay-color":"","overlay-opacity":"","overlay-gradient":""}},"ast-content-background-meta":{"desktop":{"background-color":"var(--ast-global-color-5)","background-image":"","background-repeat":"repeat","background-position":"center center","background-size":"auto","background-attachment":"scroll","background-type":"","background-media":"","overlay-type":"","overlay-color":"","overlay-opacity":"","overlay-gradient":""},"tablet":{"background-color":"var(--ast-global-color-5)","background-image":"","background-repeat":"repeat","background-position":"center center","background-size":"auto","background-attachment":"scroll","background-type":"","background-media":"","overlay-type":"","overlay-color":"","overlay-opacity":"","overlay-gradient":""},"mobile":{"background-color":"var(--ast-global-color-5)","background-image":"","background-repeat":"repeat","background-position":"center center","background-size":"auto","background-attachment":"scroll","background-type":"","background-media":"","overlay-type":"","overlay-color":"","overlay-opacity":"","overlay-gradient":""}}},"product_brand":[],"product_cat":[5261,5294],"product_tag":[],"class_list":{"0":"post-30752","1":"product","2":"type-product","3":"status-publish","4":"has-post-thumbnail","6":"product_cat-equipo-de-proteccion","7":"product_cat-calzado-de-seguridad","8":"desktop-align-center","9":"tablet-align-center","10":"mobile-align-center","11":"ast-product-gallery-layout-horizontal","12":"ast-product-gallery-with-no-image","13":"ast-product-single-variable","14":"ast-product-tabs-layout-horizontal","16":"first","17":"onbackorder","18":"taxable","19":"shipping-taxable","20":"product-type-variable"},"acf":[],"yoast_head":"<!-- This site is optimized with the Yoast SEO plugin v27.2 - https:\/\/yoast.com\/product\/yoast-seo-wordpress\/ -->\n<title>Zapato de seguridad NORSEMAN | S3 | SRC | ESD - MAQTOOL<\/title>\n<meta name=\"robots\" content=\"index, follow, max-snippet:-1, max-image-preview:large, max-video-preview:-1\" \/>\n<link rel=\"canonical\" href=\"https:\/\/maqtool.pt\/produto\/zapato-de-seguridad-norseman-s3-src-esd\/\" \/>\n<meta property=\"og:locale\" content=\"es_ES\" \/>\n<meta property=\"og:type\" content=\"article\" \/>\n<meta property=\"og:title\" content=\"Zapato de seguridad NORSEMAN | S3 | SRC | ESD - MAQTOOL\" \/>\n<meta property=\"og:description\" content=\"Ante azul, tratado con excelentes caracter\u00edsticas de transpiraci\u00f3n, m\u00e1s suave y flexible. No es resistente al agua, pero es excelente para trabajos en interiores y en climas c\u00e1lidos y secos. El revestimiento de Poromax utiliza una tecnolog\u00eda innovadora que, debido a una estructura especial de las c\u00e1maras internas, elimina el aire caliente y h\u00famedo en la parte superior de la bolsa y facilita la distribuci\u00f3n uniforme de la temperatura.\" \/>\n<meta property=\"og:url\" content=\"https:\/\/maqtool.pt\/produto\/zapato-de-seguridad-norseman-s3-src-esd\/\" \/>\n<meta property=\"og:site_name\" content=\"MAQTOOL\" \/>\n<meta property=\"article:publisher\" content=\"https:\/\/www.facebook.com\/cobermaster\" \/>\n<meta property=\"article:modified_time\" content=\"2023-01-04T11:14:30+00:00\" \/>\n<meta name=\"twitter:card\" content=\"summary_large_image\" \/>\n<meta name=\"twitter:label1\" content=\"Tiempo de lectura\" \/>\n\t<meta name=\"twitter:data1\" content=\"1 minuto\" \/>\n<script type=\"application\/ld+json\" class=\"yoast-schema-graph\">{\"@context\":\"https:\/\/schema.org\",\"@graph\":[{\"@type\":\"WebPage\",\"@id\":\"https:\/\/maqtool.pt\/produto\/zapato-de-seguridad-norseman-s3-src-esd\/\",\"url\":\"https:\/\/maqtool.pt\/produto\/zapato-de-seguridad-norseman-s3-src-esd\/\",\"name\":\"Zapato de seguridad NORSEMAN | S3 | SRC | ESD - MAQTOOL\",\"isPartOf\":{\"@id\":\"https:\/\/maqtool.pt\/#website\"},\"primaryImageOfPage\":{\"@id\":\"https:\/\/maqtool.pt\/produto\/zapato-de-seguridad-norseman-s3-src-esd\/#primaryimage\"},\"image\":{\"@id\":\"https:\/\/maqtool.pt\/produto\/zapato-de-seguridad-norseman-s3-src-esd\/#primaryimage\"},\"thumbnailUrl\":\"https:\/\/maqtool.pt\/wp-content\/uploads\/2022\/01\/CBM8A2023-SAPATO-NORSEMAN.jpg\",\"datePublished\":\"2022-01-28T10:19:34+00:00\",\"dateModified\":\"2023-01-04T11:14:30+00:00\",\"breadcrumb\":{\"@id\":\"https:\/\/maqtool.pt\/produto\/zapato-de-seguridad-norseman-s3-src-esd\/#breadcrumb\"},\"inLanguage\":\"es\",\"potentialAction\":[{\"@type\":\"ReadAction\",\"target\":[\"https:\/\/maqtool.pt\/produto\/zapato-de-seguridad-norseman-s3-src-esd\/\"]}]},{\"@type\":\"ImageObject\",\"inLanguage\":\"es\",\"@id\":\"https:\/\/maqtool.pt\/produto\/zapato-de-seguridad-norseman-s3-src-esd\/#primaryimage\",\"url\":\"https:\/\/maqtool.pt\/wp-content\/uploads\/2022\/01\/CBM8A2023-SAPATO-NORSEMAN.jpg\",\"contentUrl\":\"https:\/\/maqtool.pt\/wp-content\/uploads\/2022\/01\/CBM8A2023-SAPATO-NORSEMAN.jpg\",\"width\":800,\"height\":800},{\"@type\":\"BreadcrumbList\",\"@id\":\"https:\/\/maqtool.pt\/produto\/zapato-de-seguridad-norseman-s3-src-esd\/#breadcrumb\",\"itemListElement\":[{\"@type\":\"ListItem\",\"position\":1,\"name\":\"In\u00edcio\",\"item\":\"https:\/\/maqtool.pt\/es\/home\/\"},{\"@type\":\"ListItem\",\"position\":2,\"name\":\"Produtos\",\"item\":\"https:\/\/maqtool.pt\/produtos\/\"},{\"@type\":\"ListItem\",\"position\":3,\"name\":\"Zapato de seguridad NORSEMAN | S3 | SRC | ESD\"}]},{\"@type\":\"WebSite\",\"@id\":\"https:\/\/maqtool.pt\/#website\",\"url\":\"https:\/\/maqtool.pt\/\",\"name\":\"Cobermaster Industry\",\"description\":\"\",\"publisher\":{\"@id\":\"https:\/\/maqtool.pt\/#organization\"},\"potentialAction\":[{\"@type\":\"SearchAction\",\"target\":{\"@type\":\"EntryPoint\",\"urlTemplate\":\"https:\/\/maqtool.pt\/?s={search_term_string}\"},\"query-input\":{\"@type\":\"PropertyValueSpecification\",\"valueRequired\":true,\"valueName\":\"search_term_string\"}}],\"inLanguage\":\"es\"},{\"@type\":\"Organization\",\"@id\":\"https:\/\/maqtool.pt\/#organization\",\"name\":\"MAQTOOL\",\"url\":\"https:\/\/maqtool.pt\/\",\"logo\":{\"@type\":\"ImageObject\",\"inLanguage\":\"es\",\"@id\":\"https:\/\/maqtool.pt\/#\/schema\/logo\/image\/\",\"url\":\"https:\/\/maqtool.pt\/wp-content\/uploads\/2022\/09\/MAQTOOL-LOGO.jpg\",\"contentUrl\":\"https:\/\/maqtool.pt\/wp-content\/uploads\/2022\/09\/MAQTOOL-LOGO.jpg\",\"width\":762,\"height\":228,\"caption\":\"MAQTOOL\"},\"image\":{\"@id\":\"https:\/\/maqtool.pt\/#\/schema\/logo\/image\/\"},\"sameAs\":[\"https:\/\/www.facebook.com\/cobermaster\"]}]}<\/script>\n<!-- \/ Yoast SEO plugin. -->","yoast_head_json":{"title":"Zapato de seguridad NORSEMAN | S3 | SRC | ESD - MAQTOOL","robots":{"index":"index","follow":"follow","max-snippet":"max-snippet:-1","max-image-preview":"max-image-preview:large","max-video-preview":"max-video-preview:-1"},"canonical":"https:\/\/maqtool.pt\/produto\/zapato-de-seguridad-norseman-s3-src-esd\/","og_locale":"es_ES","og_type":"article","og_title":"Zapato de seguridad NORSEMAN | S3 | SRC | ESD - MAQTOOL","og_description":"Ante azul, tratado con excelentes caracter\u00edsticas de transpiraci\u00f3n, m\u00e1s suave y flexible. No es resistente al agua, pero es excelente para trabajos en interiores y en climas c\u00e1lidos y secos. El revestimiento de Poromax utiliza una tecnolog\u00eda innovadora que, debido a una estructura especial de las c\u00e1maras internas, elimina el aire caliente y h\u00famedo en la parte superior de la bolsa y facilita la distribuci\u00f3n uniforme de la temperatura.","og_url":"https:\/\/maqtool.pt\/produto\/zapato-de-seguridad-norseman-s3-src-esd\/","og_site_name":"MAQTOOL","article_publisher":"https:\/\/www.facebook.com\/cobermaster","article_modified_time":"2023-01-04T11:14:30+00:00","twitter_card":"summary_large_image","twitter_misc":{"Tiempo de lectura":"1 minuto"},"schema":{"@context":"https:\/\/schema.org","@graph":[{"@type":"WebPage","@id":"https:\/\/maqtool.pt\/produto\/zapato-de-seguridad-norseman-s3-src-esd\/","url":"https:\/\/maqtool.pt\/produto\/zapato-de-seguridad-norseman-s3-src-esd\/","name":"Zapato de seguridad NORSEMAN | S3 | SRC | ESD - MAQTOOL","isPartOf":{"@id":"https:\/\/maqtool.pt\/#website"},"primaryImageOfPage":{"@id":"https:\/\/maqtool.pt\/produto\/zapato-de-seguridad-norseman-s3-src-esd\/#primaryimage"},"image":{"@id":"https:\/\/maqtool.pt\/produto\/zapato-de-seguridad-norseman-s3-src-esd\/#primaryimage"},"thumbnailUrl":"https:\/\/maqtool.pt\/wp-content\/uploads\/2022\/01\/CBM8A2023-SAPATO-NORSEMAN.jpg","datePublished":"2022-01-28T10:19:34+00:00","dateModified":"2023-01-04T11:14:30+00:00","breadcrumb":{"@id":"https:\/\/maqtool.pt\/produto\/zapato-de-seguridad-norseman-s3-src-esd\/#breadcrumb"},"inLanguage":"es","potentialAction":[{"@type":"ReadAction","target":["https:\/\/maqtool.pt\/produto\/zapato-de-seguridad-norseman-s3-src-esd\/"]}]},{"@type":"ImageObject","inLanguage":"es","@id":"https:\/\/maqtool.pt\/produto\/zapato-de-seguridad-norseman-s3-src-esd\/#primaryimage","url":"https:\/\/maqtool.pt\/wp-content\/uploads\/2022\/01\/CBM8A2023-SAPATO-NORSEMAN.jpg","contentUrl":"https:\/\/maqtool.pt\/wp-content\/uploads\/2022\/01\/CBM8A2023-SAPATO-NORSEMAN.jpg","width":800,"height":800},{"@type":"BreadcrumbList","@id":"https:\/\/maqtool.pt\/produto\/zapato-de-seguridad-norseman-s3-src-esd\/#breadcrumb","itemListElement":[{"@type":"ListItem","position":1,"name":"In\u00edcio","item":"https:\/\/maqtool.pt\/es\/home\/"},{"@type":"ListItem","position":2,"name":"Produtos","item":"https:\/\/maqtool.pt\/produtos\/"},{"@type":"ListItem","position":3,"name":"Zapato de seguridad NORSEMAN | S3 | SRC | ESD"}]},{"@type":"WebSite","@id":"https:\/\/maqtool.pt\/#website","url":"https:\/\/maqtool.pt\/","name":"Cobermaster Industry","description":"","publisher":{"@id":"https:\/\/maqtool.pt\/#organization"},"potentialAction":[{"@type":"SearchAction","target":{"@type":"EntryPoint","urlTemplate":"https:\/\/maqtool.pt\/?s={search_term_string}"},"query-input":{"@type":"PropertyValueSpecification","valueRequired":true,"valueName":"search_term_string"}}],"inLanguage":"es"},{"@type":"Organization","@id":"https:\/\/maqtool.pt\/#organization","name":"MAQTOOL","url":"https:\/\/maqtool.pt\/","logo":{"@type":"ImageObject","inLanguage":"es","@id":"https:\/\/maqtool.pt\/#\/schema\/logo\/image\/","url":"https:\/\/maqtool.pt\/wp-content\/uploads\/2022\/09\/MAQTOOL-LOGO.jpg","contentUrl":"https:\/\/maqtool.pt\/wp-content\/uploads\/2022\/09\/MAQTOOL-LOGO.jpg","width":762,"height":228,"caption":"MAQTOOL"},"image":{"@id":"https:\/\/maqtool.pt\/#\/schema\/logo\/image\/"},"sameAs":["https:\/\/www.facebook.com\/cobermaster"]}]}},"uagb_featured_image_src":{"full":["https:\/\/maqtool.pt\/wp-content\/uploads\/2022\/01\/CBM8A2023-SAPATO-NORSEMAN.jpg",800,800,false],"thumbnail":["https:\/\/maqtool.pt\/wp-content\/uploads\/2022\/01\/CBM8A2023-SAPATO-NORSEMAN-150x150.jpg",150,150,true],"medium":["https:\/\/maqtool.pt\/wp-content\/uploads\/2022\/01\/CBM8A2023-SAPATO-NORSEMAN-300x300.jpg",300,300,true],"medium_large":["https:\/\/maqtool.pt\/wp-content\/uploads\/2022\/01\/CBM8A2023-SAPATO-NORSEMAN-768x768.jpg",768,768,true],"large":["https:\/\/maqtool.pt\/wp-content\/uploads\/2022\/01\/CBM8A2023-SAPATO-NORSEMAN.jpg",800,800,false],"1536x1536":["https:\/\/maqtool.pt\/wp-content\/uploads\/2022\/01\/CBM8A2023-SAPATO-NORSEMAN.jpg",800,800,false],"2048x2048":["https:\/\/maqtool.pt\/wp-content\/uploads\/2022\/01\/CBM8A2023-SAPATO-NORSEMAN.jpg",800,800,false],"woocommerce_thumbnail":["https:\/\/maqtool.pt\/wp-content\/uploads\/2022\/01\/CBM8A2023-SAPATO-NORSEMAN-400x400.jpg",400,400,true],"woocommerce_single":["https:\/\/maqtool.pt\/wp-content\/uploads\/2022\/01\/CBM8A2023-SAPATO-NORSEMAN-600x600.jpg",600,600,true],"woocommerce_gallery_thumbnail":["https:\/\/maqtool.pt\/wp-content\/uploads\/2022\/01\/CBM8A2023-SAPATO-NORSEMAN-100x100.jpg",100,100,true]},"uagb_author_info":{"display_name":"Jo\u00e3o Santos","author_link":"https:\/\/maqtool.pt\/es\/author\/"},"uagb_comment_info":0,"uagb_excerpt":"Ante azul, tratado con excelentes caracter\u00edsticas de transpiraci\u00f3n, m\u00e1s suave y flexible. No es resistente al agua, pero es excelente para trabajos en interiores y en climas c\u00e1lidos y secos. El revestimiento de Poromax utiliza una tecnolog\u00eda innovadora que, debido a una estructura especial de las c\u00e1maras internas, elimina el aire caliente y h\u00famedo en&hellip;","_links":{"self":[{"href":"https:\/\/maqtool.pt\/es\/wp-json\/wp\/v2\/product\/30752","targetHints":{"allow":["GET"]}}],"collection":[{"href":"https:\/\/maqtool.pt\/es\/wp-json\/wp\/v2\/product"}],"about":[{"href":"https:\/\/maqtool.pt\/es\/wp-json\/wp\/v2\/types\/product"}],"wp:featuredmedia":[{"embeddable":true,"href":"https:\/\/maqtool.pt\/es\/wp-json\/wp\/v2\/media\/22994"}],"wp:attachment":[{"href":"https:\/\/maqtool.pt\/es\/wp-json\/wp\/v2\/media?parent=30752"}],"wp:term":[{"taxonomy":"product_brand","embeddable":true,"href":"https:\/\/maqtool.pt\/es\/wp-json\/wp\/v2\/product_brand?post=30752"},{"taxonomy":"product_cat","embeddable":true,"href":"https:\/\/maqtool.pt\/es\/wp-json\/wp\/v2\/product_cat?post=30752"},{"taxonomy":"product_tag","embeddable":true,"href":"https:\/\/maqtool.pt\/es\/wp-json\/wp\/v2\/product_tag?post=30752"}],"curies":[{"name":"wp","href":"https:\/\/api.w.org\/{rel}","templated":true}]}}