{"id":14097,"date":"2021-04-25T06:54:23","date_gmt":"2021-04-25T06:54:23","guid":{"rendered":"https:\/\/maqtool.pt\/politique-de-cookies\/"},"modified":"2022-10-07T15:09:34","modified_gmt":"2022-10-07T15:09:34","slug":"politique-de-cookies","status":"publish","type":"page","link":"https:\/\/maqtool.pt\/fr\/politique-de-cookies\/","title":{"rendered":"Politique de cookies"},"content":{"rendered":"\n<p>Ce site Web utilise ses propres cookies et ceux de tiers pour vous offrir une meilleure exp\u00e9rience. Lorsque vous naviguez ou utilisez nos services, l&rsquo;utilisateur accepte notre utilisation des cookies. Cependant, l&rsquo;utilisateur a la possibilit\u00e9 d&#8217;emp\u00eacher la cr\u00e9ation de cookies et m\u00eame de les \u00e9liminer gr\u00e2ce \u00e0 la configuration appropri\u00e9e de son navigateur. En cas de blocage de l&rsquo;utilisation des cookies dans votre navigateur, il se peut que certains services ou fonctionnalit\u00e9s du site Web cessent de fonctionner ou ne soient plus disponibles.<\/p>\n\n<h3 class=\"wp-block-heading\">COOKIE &#8211; Qu&rsquo;est-ce que c&rsquo;est?<\/h3>\n\n<p>Les cookies sont de petits fichiers que les sites Web envoient aux navigateurs Internet (navigateurs) et qui sont stock\u00e9s sur le terminal de l&rsquo;utilisateur, qui peut \u00eatre un ordinateur personnel, un t\u00e9l\u00e9phone mobile, une tablette, etc. Ces fichiers permettent au site Web de m\u00e9moriser des informations sur les visites pr\u00e9c\u00e9dentes, telles que la langue, les pr\u00e9f\u00e9rences de navigation des sessions pr\u00e9c\u00e9dentes, ce qui permettra \u00e0 votre prochaine visite d&rsquo;\u00eatre plus rapide et plus efficace, ainsi que la possibilit\u00e9 de personnaliser les contenus qui vous sont pr\u00e9sent\u00e9s. Les cookies jouent un r\u00f4le tr\u00e8s important, car ils am\u00e9liorent l&rsquo;exp\u00e9rience d&rsquo;utilisation du site Web.<\/p>\n\n<h3 class=\"wp-block-heading\">Quel type de cookies utilise MAQTOOL?<\/h3>\n\n<p>Cookies de session: sont des cookies temporaires qui ne restent dans le fichier cookie de votre navigateur que jusqu&rsquo;\u00e0 ce que vous vous d\u00e9connectiez ou que vous quittiez la page Web, afin qu&rsquo;aucun ne soit enregistr\u00e9 sur le disque dur de l&rsquo;utilisateur. Les informations obtenues gr\u00e2ce \u00e0 ces cookies sont utilis\u00e9es pour analyser le comportement du trafic sur le site Web. Cela nous permet d&rsquo;optimiser l&rsquo;utilisation du site Web, ainsi que d&rsquo;offrir une meilleure exp\u00e9rience de navigation en am\u00e9liorant le contenu pr\u00e9sent\u00e9.<br\/>Cookies permanents: ils sont stock\u00e9s sur le disque dur et sont utilis\u00e9s lorsque l&rsquo;utilisateur effectue une nouvelle visite sur le site. Un cookie permanent a une certaine date d&rsquo;expiration et ne fonctionnera plus apr\u00e8s cette date.<br\/>Les cookies strictement n\u00e9cessaires, tels que ceux qui sont utilis\u00e9s pour une navigation correcte, ceux qui permettent l&rsquo;ex\u00e9cution des services demand\u00e9s par l&rsquo;utilisateur ou les cookies qui sont utilis\u00e9s pour garantir que le contenu du site Web est correctement charg\u00e9.<br\/>Cookies tiers, tels que les cookies utilis\u00e9s par les r\u00e9seaux sociaux ou les modules compl\u00e9mentaires de contenu externe.<br\/>Cookies analytiques: ils sont utilis\u00e9s pour une maintenance p\u00e9riodique et dans le but d&rsquo;assurer le meilleur service possible \u00e0 l&rsquo;utilisateur. Ces cookies sont utilis\u00e9s uniquement \u00e0 des fins de cr\u00e9ation et d&rsquo;analyse statistiques, sans jamais collecter d&rsquo;informations personnelles.<\/p>\n\n<h3 class=\"wp-block-heading\">Comment d\u00e9sactiver les cookies?<\/h3>\n\n<p>Vous pouvez configurer votre navigateur pour accepter ou refuser d&rsquo;installer tout ou partie de nos cookies, ou le configurer pour \u00eatre averti lorsque le site souhaite installer de nouveaux cookies. Chaque navigateur a des instructions sp\u00e9cifiques pour la configuration des cookies. Dans les liens suivants, vous trouverez des informations sur la fa\u00e7on d&rsquo;activer ou de d\u00e9sactiver les cookies dans les navigateurs les plus courants:<\/p>\n\n<p>\u2022 <a href=\"https:\/\/support.google.com\/chrome\/bin\/answer.py?hl=es&amp;&amp;hlrm=en&amp;&amp;answer=95647\">Google Chrome<\/a><br\/>\u2022<a href=\"https:\/\/support.mozilla.org\/es\/kb\/cookies-informacion-que-los-sitios-web-guardan-en-?s=cookies&amp;&amp;r=1&amp;&amp;as=s\"> Mozilla Firefox<\/a><br\/>\u2022<a href=\"https:\/\/support.microsoft.com\/kb\/196955\"> Internet Explorer<\/a><br\/>\u2022<a href=\"https:\/\/support.apple.com\/kb\/PH5049\"> Safari<\/a><\/p>\n","protected":false},"excerpt":{"rendered":"<p>Ce site Web utilise ses propres cookies et ceux de tiers pour vous offrir une meilleure exp\u00e9rience. Lorsque vous naviguez ou utilisez nos services, l&rsquo;utilisateur accepte notre utilisation des cookies. Cependant, l&rsquo;utilisateur a la possibilit\u00e9 d&#8217;emp\u00eacher la cr\u00e9ation de cookies et m\u00eame de les \u00e9liminer gr\u00e2ce \u00e0 la configuration appropri\u00e9e de son navigateur. En cas<\/p>\n","protected":false},"author":1,"featured_media":26222,"parent":0,"menu_order":0,"comment_status":"closed","ping_status":"open","template":"","meta":{"_eb_attr":"","_uag_custom_page_level_css":"","site-sidebar-layout":"no-sidebar","site-content-layout":"","ast-site-content-layout":"default","site-content-style":"default","site-sidebar-style":"default","ast-global-header-display":"","ast-banner-title-visibility":"","ast-main-header-display":"","ast-hfb-above-header-display":"","ast-hfb-below-header-display":"","ast-hfb-mobile-header-display":"","site-post-title":"","ast-breadcrumbs-content":"","ast-featured-img":"","footer-sml-layout":"","ast-disable-related-posts":"","theme-transparent-header-meta":"disabled","adv-header-id-meta":"22094","stick-header-meta":"","header-above-stick-meta":"","header-main-stick-meta":"","header-below-stick-meta":"","astra-migrate-meta-layouts":"default","ast-page-background-enabled":"default","ast-page-background-meta":{"desktop":{"background-color":"","background-image":"","background-repeat":"repeat","background-position":"center center","background-size":"auto","background-attachment":"scroll","background-type":"","background-media":"","overlay-type":"","overlay-color":"","overlay-opacity":"","overlay-gradient":""},"tablet":{"background-color":"","background-image":"","background-repeat":"repeat","background-position":"center center","background-size":"auto","background-attachment":"scroll","background-type":"","background-media":"","overlay-type":"","overlay-color":"","overlay-opacity":"","overlay-gradient":""},"mobile":{"background-color":"","background-image":"","background-repeat":"repeat","background-position":"center center","background-size":"auto","background-attachment":"scroll","background-type":"","background-media":"","overlay-type":"","overlay-color":"","overlay-opacity":"","overlay-gradient":""}},"ast-content-background-meta":{"desktop":{"background-color":"var(--ast-global-color-5)","background-image":"","background-repeat":"repeat","background-position":"center center","background-size":"auto","background-attachment":"scroll","background-type":"","background-media":"","overlay-type":"","overlay-color":"","overlay-opacity":"","overlay-gradient":""},"tablet":{"background-color":"var(--ast-global-color-5)","background-image":"","background-repeat":"repeat","background-position":"center center","background-size":"auto","background-attachment":"scroll","background-type":"","background-media":"","overlay-type":"","overlay-color":"","overlay-opacity":"","overlay-gradient":""},"mobile":{"background-color":"var(--ast-global-color-5)","background-image":"","background-repeat":"repeat","background-position":"center center","background-size":"auto","background-attachment":"scroll","background-type":"","background-media":"","overlay-type":"","overlay-color":"","overlay-opacity":"","overlay-gradient":""}},"footnotes":""},"class_list":["post-14097","page","type-page","status-publish","has-post-thumbnail","hentry"],"acf":[],"yoast_head":"<!-- This site is optimized with the Yoast SEO plugin v27.3 - https:\/\/yoast.com\/product\/yoast-seo-wordpress\/ -->\n<title>Politique de cookies - MAQTOOL<\/title>\n<meta name=\"robots\" content=\"index, follow, max-snippet:-1, max-image-preview:large, max-video-preview:-1\" \/>\n<link rel=\"canonical\" href=\"https:\/\/maqtool.pt\/fr\/politique-de-cookies\/\" \/>\n<meta property=\"og:locale\" content=\"fr_FR\" \/>\n<meta property=\"og:type\" content=\"article\" \/>\n<meta property=\"og:title\" content=\"Politique de cookies - MAQTOOL\" \/>\n<meta property=\"og:description\" content=\"Ce site Web utilise ses propres cookies et ceux de tiers pour vous offrir une meilleure exp\u00e9rience. Lorsque vous naviguez ou utilisez nos services, l&rsquo;utilisateur accepte notre utilisation des cookies. Cependant, l&rsquo;utilisateur a la possibilit\u00e9 d&#8217;emp\u00eacher la cr\u00e9ation de cookies et m\u00eame de les \u00e9liminer gr\u00e2ce \u00e0 la configuration appropri\u00e9e de son navigateur. En cas\" \/>\n<meta property=\"og:url\" content=\"https:\/\/maqtool.pt\/fr\/politique-de-cookies\/\" \/>\n<meta property=\"og:site_name\" content=\"MAQTOOL\" \/>\n<meta property=\"article:publisher\" content=\"https:\/\/www.facebook.com\/cobermaster\" \/>\n<meta property=\"article:modified_time\" content=\"2022-10-07T15:09:34+00:00\" \/>\n<meta property=\"og:image\" content=\"https:\/\/maqtool.pt\/wp-content\/uploads\/2022\/10\/Cookie-Policy.jpg\" \/>\n\t<meta property=\"og:image:width\" content=\"2000\" \/>\n\t<meta property=\"og:image:height\" content=\"446\" \/>\n\t<meta property=\"og:image:type\" content=\"image\/jpeg\" \/>\n<meta name=\"twitter:card\" content=\"summary_large_image\" \/>\n<meta name=\"twitter:label1\" content=\"Dur\u00e9e de lecture estim\u00e9e\" \/>\n\t<meta name=\"twitter:data1\" content=\"3 minutes\" \/>\n<script type=\"application\/ld+json\" class=\"yoast-schema-graph\">{\"@context\":\"https:\\\/\\\/schema.org\",\"@graph\":[{\"@type\":\"WebPage\",\"@id\":\"https:\\\/\\\/maqtool.pt\\\/fr\\\/politique-de-cookies\\\/\",\"url\":\"https:\\\/\\\/maqtool.pt\\\/fr\\\/politique-de-cookies\\\/\",\"name\":\"Politique de cookies - MAQTOOL\",\"isPartOf\":{\"@id\":\"https:\\\/\\\/maqtool.pt\\\/#website\"},\"primaryImageOfPage\":{\"@id\":\"https:\\\/\\\/maqtool.pt\\\/fr\\\/politique-de-cookies\\\/#primaryimage\"},\"image\":{\"@id\":\"https:\\\/\\\/maqtool.pt\\\/fr\\\/politique-de-cookies\\\/#primaryimage\"},\"thumbnailUrl\":\"https:\\\/\\\/maqtool.pt\\\/wp-content\\\/uploads\\\/2022\\\/10\\\/Cookie-Policy.jpg\",\"datePublished\":\"2021-04-25T06:54:23+00:00\",\"dateModified\":\"2022-10-07T15:09:34+00:00\",\"breadcrumb\":{\"@id\":\"https:\\\/\\\/maqtool.pt\\\/fr\\\/politique-de-cookies\\\/#breadcrumb\"},\"inLanguage\":\"fr-FR\",\"potentialAction\":[{\"@type\":\"ReadAction\",\"target\":[\"https:\\\/\\\/maqtool.pt\\\/fr\\\/politique-de-cookies\\\/\"]}]},{\"@type\":\"ImageObject\",\"inLanguage\":\"fr-FR\",\"@id\":\"https:\\\/\\\/maqtool.pt\\\/fr\\\/politique-de-cookies\\\/#primaryimage\",\"url\":\"https:\\\/\\\/maqtool.pt\\\/wp-content\\\/uploads\\\/2022\\\/10\\\/Cookie-Policy.jpg\",\"contentUrl\":\"https:\\\/\\\/maqtool.pt\\\/wp-content\\\/uploads\\\/2022\\\/10\\\/Cookie-Policy.jpg\",\"width\":2000,\"height\":446},{\"@type\":\"BreadcrumbList\",\"@id\":\"https:\\\/\\\/maqtool.pt\\\/fr\\\/politique-de-cookies\\\/#breadcrumb\",\"itemListElement\":[{\"@type\":\"ListItem\",\"position\":1,\"name\":\"In\u00edcio\",\"item\":\"https:\\\/\\\/maqtool.pt\\\/fr\\\/home\\\/\"},{\"@type\":\"ListItem\",\"position\":2,\"name\":\"Politique de cookies\"}]},{\"@type\":\"WebSite\",\"@id\":\"https:\\\/\\\/maqtool.pt\\\/#website\",\"url\":\"https:\\\/\\\/maqtool.pt\\\/\",\"name\":\"Cobermaster Industry\",\"description\":\"\",\"publisher\":{\"@id\":\"https:\\\/\\\/maqtool.pt\\\/#organization\"},\"potentialAction\":[{\"@type\":\"SearchAction\",\"target\":{\"@type\":\"EntryPoint\",\"urlTemplate\":\"https:\\\/\\\/maqtool.pt\\\/?s={search_term_string}\"},\"query-input\":{\"@type\":\"PropertyValueSpecification\",\"valueRequired\":true,\"valueName\":\"search_term_string\"}}],\"inLanguage\":\"fr-FR\"},{\"@type\":\"Organization\",\"@id\":\"https:\\\/\\\/maqtool.pt\\\/#organization\",\"name\":\"MAQTOOL\",\"url\":\"https:\\\/\\\/maqtool.pt\\\/\",\"logo\":{\"@type\":\"ImageObject\",\"inLanguage\":\"fr-FR\",\"@id\":\"https:\\\/\\\/maqtool.pt\\\/#\\\/schema\\\/logo\\\/image\\\/\",\"url\":\"https:\\\/\\\/maqtool.pt\\\/wp-content\\\/uploads\\\/2022\\\/09\\\/MAQTOOL-LOGO.jpg\",\"contentUrl\":\"https:\\\/\\\/maqtool.pt\\\/wp-content\\\/uploads\\\/2022\\\/09\\\/MAQTOOL-LOGO.jpg\",\"width\":762,\"height\":228,\"caption\":\"MAQTOOL\"},\"image\":{\"@id\":\"https:\\\/\\\/maqtool.pt\\\/#\\\/schema\\\/logo\\\/image\\\/\"},\"sameAs\":[\"https:\\\/\\\/www.facebook.com\\\/cobermaster\"]}]}<\/script>\n<!-- \/ Yoast SEO plugin. -->","yoast_head_json":{"title":"Politique de cookies - MAQTOOL","robots":{"index":"index","follow":"follow","max-snippet":"max-snippet:-1","max-image-preview":"max-image-preview:large","max-video-preview":"max-video-preview:-1"},"canonical":"https:\/\/maqtool.pt\/fr\/politique-de-cookies\/","og_locale":"fr_FR","og_type":"article","og_title":"Politique de cookies - MAQTOOL","og_description":"Ce site Web utilise ses propres cookies et ceux de tiers pour vous offrir une meilleure exp\u00e9rience. Lorsque vous naviguez ou utilisez nos services, l&rsquo;utilisateur accepte notre utilisation des cookies. Cependant, l&rsquo;utilisateur a la possibilit\u00e9 d&#8217;emp\u00eacher la cr\u00e9ation de cookies et m\u00eame de les \u00e9liminer gr\u00e2ce \u00e0 la configuration appropri\u00e9e de son navigateur. En cas","og_url":"https:\/\/maqtool.pt\/fr\/politique-de-cookies\/","og_site_name":"MAQTOOL","article_publisher":"https:\/\/www.facebook.com\/cobermaster","article_modified_time":"2022-10-07T15:09:34+00:00","og_image":[{"width":2000,"height":446,"url":"https:\/\/maqtool.pt\/wp-content\/uploads\/2022\/10\/Cookie-Policy.jpg","type":"image\/jpeg"}],"twitter_card":"summary_large_image","twitter_misc":{"Dur\u00e9e de lecture estim\u00e9e":"3 minutes"},"schema":{"@context":"https:\/\/schema.org","@graph":[{"@type":"WebPage","@id":"https:\/\/maqtool.pt\/fr\/politique-de-cookies\/","url":"https:\/\/maqtool.pt\/fr\/politique-de-cookies\/","name":"Politique de cookies - MAQTOOL","isPartOf":{"@id":"https:\/\/maqtool.pt\/#website"},"primaryImageOfPage":{"@id":"https:\/\/maqtool.pt\/fr\/politique-de-cookies\/#primaryimage"},"image":{"@id":"https:\/\/maqtool.pt\/fr\/politique-de-cookies\/#primaryimage"},"thumbnailUrl":"https:\/\/maqtool.pt\/wp-content\/uploads\/2022\/10\/Cookie-Policy.jpg","datePublished":"2021-04-25T06:54:23+00:00","dateModified":"2022-10-07T15:09:34+00:00","breadcrumb":{"@id":"https:\/\/maqtool.pt\/fr\/politique-de-cookies\/#breadcrumb"},"inLanguage":"fr-FR","potentialAction":[{"@type":"ReadAction","target":["https:\/\/maqtool.pt\/fr\/politique-de-cookies\/"]}]},{"@type":"ImageObject","inLanguage":"fr-FR","@id":"https:\/\/maqtool.pt\/fr\/politique-de-cookies\/#primaryimage","url":"https:\/\/maqtool.pt\/wp-content\/uploads\/2022\/10\/Cookie-Policy.jpg","contentUrl":"https:\/\/maqtool.pt\/wp-content\/uploads\/2022\/10\/Cookie-Policy.jpg","width":2000,"height":446},{"@type":"BreadcrumbList","@id":"https:\/\/maqtool.pt\/fr\/politique-de-cookies\/#breadcrumb","itemListElement":[{"@type":"ListItem","position":1,"name":"In\u00edcio","item":"https:\/\/maqtool.pt\/fr\/home\/"},{"@type":"ListItem","position":2,"name":"Politique de cookies"}]},{"@type":"WebSite","@id":"https:\/\/maqtool.pt\/#website","url":"https:\/\/maqtool.pt\/","name":"Cobermaster Industry","description":"","publisher":{"@id":"https:\/\/maqtool.pt\/#organization"},"potentialAction":[{"@type":"SearchAction","target":{"@type":"EntryPoint","urlTemplate":"https:\/\/maqtool.pt\/?s={search_term_string}"},"query-input":{"@type":"PropertyValueSpecification","valueRequired":true,"valueName":"search_term_string"}}],"inLanguage":"fr-FR"},{"@type":"Organization","@id":"https:\/\/maqtool.pt\/#organization","name":"MAQTOOL","url":"https:\/\/maqtool.pt\/","logo":{"@type":"ImageObject","inLanguage":"fr-FR","@id":"https:\/\/maqtool.pt\/#\/schema\/logo\/image\/","url":"https:\/\/maqtool.pt\/wp-content\/uploads\/2022\/09\/MAQTOOL-LOGO.jpg","contentUrl":"https:\/\/maqtool.pt\/wp-content\/uploads\/2022\/09\/MAQTOOL-LOGO.jpg","width":762,"height":228,"caption":"MAQTOOL"},"image":{"@id":"https:\/\/maqtool.pt\/#\/schema\/logo\/image\/"},"sameAs":["https:\/\/www.facebook.com\/cobermaster"]}]}},"uagb_featured_image_src":{"full":["https:\/\/maqtool.pt\/wp-content\/uploads\/2022\/10\/Cookie-Policy.jpg",2000,446,false],"thumbnail":["https:\/\/maqtool.pt\/wp-content\/uploads\/2022\/10\/Cookie-Policy-150x150.jpg",150,150,true],"medium":["https:\/\/maqtool.pt\/wp-content\/uploads\/2022\/10\/Cookie-Policy-300x67.jpg",300,67,true],"medium_large":["https:\/\/maqtool.pt\/wp-content\/uploads\/2022\/10\/Cookie-Policy-768x171.jpg",768,171,true],"large":["https:\/\/maqtool.pt\/wp-content\/uploads\/2022\/10\/Cookie-Policy-1024x228.jpg",1024,228,true],"1536x1536":["https:\/\/maqtool.pt\/wp-content\/uploads\/2022\/10\/Cookie-Policy-1536x343.jpg",1536,343,true],"2048x2048":["https:\/\/maqtool.pt\/wp-content\/uploads\/2022\/10\/Cookie-Policy.jpg",2000,446,false],"woocommerce_thumbnail":["https:\/\/maqtool.pt\/wp-content\/uploads\/2022\/10\/Cookie-Policy-400x89.jpg",400,89,true],"woocommerce_single":["https:\/\/maqtool.pt\/wp-content\/uploads\/2022\/10\/Cookie-Policy-600x134.jpg",600,134,true],"woocommerce_gallery_thumbnail":["https:\/\/maqtool.pt\/wp-content\/uploads\/2022\/10\/Cookie-Policy-100x100.jpg",100,100,true]},"uagb_author_info":{"display_name":"pedrocandeias","author_link":"https:\/\/maqtool.pt\/fr\/author\/pedrocandeias\/"},"uagb_comment_info":0,"uagb_excerpt":"Ce site Web utilise ses propres cookies et ceux de tiers pour vous offrir une meilleure exp\u00e9rience. Lorsque vous naviguez ou utilisez nos services, l&rsquo;utilisateur accepte notre utilisation des cookies. Cependant, l&rsquo;utilisateur a la possibilit\u00e9 d&#8217;emp\u00eacher la cr\u00e9ation de cookies et m\u00eame de les \u00e9liminer gr\u00e2ce \u00e0 la configuration appropri\u00e9e de son navigateur. En cas","_links":{"self":[{"href":"https:\/\/maqtool.pt\/fr\/wp-json\/wp\/v2\/pages\/14097","targetHints":{"allow":["GET"]}}],"collection":[{"href":"https:\/\/maqtool.pt\/fr\/wp-json\/wp\/v2\/pages"}],"about":[{"href":"https:\/\/maqtool.pt\/fr\/wp-json\/wp\/v2\/types\/page"}],"author":[{"embeddable":true,"href":"https:\/\/maqtool.pt\/fr\/wp-json\/wp\/v2\/users\/1"}],"replies":[{"embeddable":true,"href":"https:\/\/maqtool.pt\/fr\/wp-json\/wp\/v2\/comments?post=14097"}],"version-history":[{"count":1,"href":"https:\/\/maqtool.pt\/fr\/wp-json\/wp\/v2\/pages\/14097\/revisions"}],"predecessor-version":[{"id":25917,"href":"https:\/\/maqtool.pt\/fr\/wp-json\/wp\/v2\/pages\/14097\/revisions\/25917"}],"wp:featuredmedia":[{"embeddable":true,"href":"https:\/\/maqtool.pt\/fr\/wp-json\/wp\/v2\/media\/26222"}],"wp:attachment":[{"href":"https:\/\/maqtool.pt\/fr\/wp-json\/wp\/v2\/media?parent=14097"}],"curies":[{"name":"wp","href":"https:\/\/api.w.org\/{rel}","templated":true}]}}