{"id":13429,"date":"2021-05-19T14:04:46","date_gmt":"2021-05-19T14:04:46","guid":{"rendered":"https:\/\/maqtool.pt\/produto\/13429\/"},"modified":"2023-11-01T00:00:48","modified_gmt":"2023-11-01T00:00:48","slug":"voiture-support-de-plaques","status":"publish","type":"product","link":"https:\/\/maqtool.pt\/fr\/produto\/voiture-support-de-plaques\/","title":{"rendered":"Voiture Support de plaques"},"content":{"rendered":"<p>Structure en acier renforc\u00e9 avec finition laqu\u00e9e. S\u00e9parateurs r\u00e9glables.<\/p>\n<p>Roues en caoutchouc de 180 mm de diam\u00e8tre.<\/p>\n<p>C&rsquo;est une voiture qui permet simultan\u00e9ment le stockage et le d\u00e9placement de plaques de diff\u00e9rents mat\u00e9riaux et tailles.<br \/>\n<strong>CxLxA totales\/strong&gt;- 1200x800x1110 mm.<\/strong><\/p>\n","protected":false},"excerpt":{"rendered":"<p>Structure en acier renforc\u00e9 avec finition laqu\u00e9e. S\u00e9parateurs r\u00e9glables.<\/p>\n<p>Roues en caoutchouc de 180 mm de diam\u00e8tre.<\/p>\n<p>C&rsquo;est une voiture qui permet simultan\u00e9ment le stockage et le d\u00e9placement de plaques de diff\u00e9rents mat\u00e9riaux et tailles.<br \/>\n<strong>&#8230;<\/strong><\/p>\n","protected":false},"featured_media":3837,"template":"","meta":{"_eb_attr":"","_uag_custom_page_level_css":"","site-sidebar-layout":"default","site-content-layout":"default","ast-site-content-layout":"default","site-content-style":"default","site-sidebar-style":"default","ast-global-header-display":"","ast-banner-title-visibility":"","ast-main-header-display":"","ast-hfb-above-header-display":"","ast-hfb-below-header-display":"","ast-hfb-mobile-header-display":"","site-post-title":"","ast-breadcrumbs-content":"","ast-featured-img":"","footer-sml-layout":"","ast-disable-related-posts":"","theme-transparent-header-meta":"default","adv-header-id-meta":"","stick-header-meta":"default","header-above-stick-meta":"","header-main-stick-meta":"","header-below-stick-meta":"","astra-migrate-meta-layouts":"default","ast-page-background-enabled":"default","ast-page-background-meta":{"desktop":{"background-color":"","background-image":"","background-repeat":"repeat","background-position":"center center","background-size":"auto","background-attachment":"scroll","background-type":"","background-media":"","overlay-type":"","overlay-color":"","overlay-opacity":"","overlay-gradient":""},"tablet":{"background-color":"","background-image":"","background-repeat":"repeat","background-position":"center center","background-size":"auto","background-attachment":"scroll","background-type":"","background-media":"","overlay-type":"","overlay-color":"","overlay-opacity":"","overlay-gradient":""},"mobile":{"background-color":"","background-image":"","background-repeat":"repeat","background-position":"center center","background-size":"auto","background-attachment":"scroll","background-type":"","background-media":"","overlay-type":"","overlay-color":"","overlay-opacity":"","overlay-gradient":""}},"ast-content-background-meta":{"desktop":{"background-color":"var(--ast-global-color-5)","background-image":"","background-repeat":"repeat","background-position":"center center","background-size":"auto","background-attachment":"scroll","background-type":"","background-media":"","overlay-type":"","overlay-color":"","overlay-opacity":"","overlay-gradient":""},"tablet":{"background-color":"var(--ast-global-color-5)","background-image":"","background-repeat":"repeat","background-position":"center center","background-size":"auto","background-attachment":"scroll","background-type":"","background-media":"","overlay-type":"","overlay-color":"","overlay-opacity":"","overlay-gradient":""},"mobile":{"background-color":"var(--ast-global-color-5)","background-image":"","background-repeat":"repeat","background-position":"center center","background-size":"auto","background-attachment":"scroll","background-type":"","background-media":"","overlay-type":"","overlay-color":"","overlay-opacity":"","overlay-gradient":""}}},"product_brand":[],"product_cat":[5076,5088],"product_tag":[],"class_list":{"0":"post-13429","1":"product","2":"type-product","3":"status-publish","4":"has-post-thumbnail","6":"product_cat-manipulation-stockage","7":"product_cat-chariots-voitures","8":"desktop-align-center","9":"tablet-align-center","10":"mobile-align-center","11":"ast-product-gallery-layout-horizontal","12":"ast-product-gallery-with-no-image","13":"ast-product-tabs-layout-horizontal","15":"first","16":"onbackorder","17":"taxable","18":"shipping-taxable","19":"product-type-simple"},"acf":[],"yoast_head":"<!-- This site is optimized with the Yoast SEO plugin v27.3 - https:\/\/yoast.com\/product\/yoast-seo-wordpress\/ -->\n<title>Voiture Support de plaques - MAQTOOL<\/title>\n<meta name=\"robots\" content=\"index, follow, max-snippet:-1, max-image-preview:large, max-video-preview:-1\" \/>\n<link rel=\"canonical\" href=\"https:\/\/maqtool.pt\/fr\/produto\/voiture-support-de-plaques\/\" \/>\n<meta property=\"og:locale\" content=\"fr_FR\" \/>\n<meta property=\"og:type\" content=\"article\" \/>\n<meta property=\"og:title\" content=\"Voiture Support de plaques - MAQTOOL\" \/>\n<meta property=\"og:description\" content=\"Structure en acier renforc\u00e9 avec finition laqu\u00e9e. S\u00e9parateurs r\u00e9glables.  Roues en caoutchouc de 180 mm de diam\u00e8tre.  C&#039;est une voiture qui permet simultan\u00e9ment le stockage et le d\u00e9placement de plaques de diff\u00e9rents mat\u00e9riaux et tailles. ...\" \/>\n<meta property=\"og:url\" content=\"https:\/\/maqtool.pt\/fr\/produto\/voiture-support-de-plaques\/\" \/>\n<meta property=\"og:site_name\" content=\"MAQTOOL\" \/>\n<meta property=\"article:publisher\" content=\"https:\/\/www.facebook.com\/cobermaster\" \/>\n<meta property=\"article:modified_time\" content=\"2023-11-01T00:00:48+00:00\" \/>\n<meta property=\"og:image\" content=\"https:\/\/maqtool.pt\/wp-content\/uploads\/2021\/05\/COB0016.jpg\" \/>\n\t<meta property=\"og:image:width\" content=\"250\" \/>\n\t<meta property=\"og:image:height\" content=\"250\" \/>\n\t<meta property=\"og:image:type\" content=\"image\/jpeg\" \/>\n<meta name=\"twitter:card\" content=\"summary_large_image\" \/>\n<meta name=\"twitter:label1\" content=\"Dur\u00e9e de lecture estim\u00e9e\" \/>\n\t<meta name=\"twitter:data1\" content=\"1 minute\" \/>\n<script type=\"application\/ld+json\" class=\"yoast-schema-graph\">{\"@context\":\"https:\\\/\\\/schema.org\",\"@graph\":[{\"@type\":\"WebPage\",\"@id\":\"https:\\\/\\\/maqtool.pt\\\/fr\\\/produto\\\/voiture-support-de-plaques\\\/\",\"url\":\"https:\\\/\\\/maqtool.pt\\\/fr\\\/produto\\\/voiture-support-de-plaques\\\/\",\"name\":\"Voiture Support de plaques - MAQTOOL\",\"isPartOf\":{\"@id\":\"https:\\\/\\\/maqtool.pt\\\/#website\"},\"primaryImageOfPage\":{\"@id\":\"https:\\\/\\\/maqtool.pt\\\/fr\\\/produto\\\/voiture-support-de-plaques\\\/#primaryimage\"},\"image\":{\"@id\":\"https:\\\/\\\/maqtool.pt\\\/fr\\\/produto\\\/voiture-support-de-plaques\\\/#primaryimage\"},\"thumbnailUrl\":\"https:\\\/\\\/maqtool.pt\\\/wp-content\\\/uploads\\\/2021\\\/05\\\/COB0016.jpg\",\"datePublished\":\"2021-05-19T14:04:46+00:00\",\"dateModified\":\"2023-11-01T00:00:48+00:00\",\"breadcrumb\":{\"@id\":\"https:\\\/\\\/maqtool.pt\\\/fr\\\/produto\\\/voiture-support-de-plaques\\\/#breadcrumb\"},\"inLanguage\":\"fr-FR\",\"potentialAction\":[{\"@type\":\"ReadAction\",\"target\":[\"https:\\\/\\\/maqtool.pt\\\/fr\\\/produto\\\/voiture-support-de-plaques\\\/\"]}]},{\"@type\":\"ImageObject\",\"inLanguage\":\"fr-FR\",\"@id\":\"https:\\\/\\\/maqtool.pt\\\/fr\\\/produto\\\/voiture-support-de-plaques\\\/#primaryimage\",\"url\":\"https:\\\/\\\/maqtool.pt\\\/wp-content\\\/uploads\\\/2021\\\/05\\\/COB0016.jpg\",\"contentUrl\":\"https:\\\/\\\/maqtool.pt\\\/wp-content\\\/uploads\\\/2021\\\/05\\\/COB0016.jpg\",\"width\":250,\"height\":250},{\"@type\":\"BreadcrumbList\",\"@id\":\"https:\\\/\\\/maqtool.pt\\\/fr\\\/produto\\\/voiture-support-de-plaques\\\/#breadcrumb\",\"itemListElement\":[{\"@type\":\"ListItem\",\"position\":1,\"name\":\"In\u00edcio\",\"item\":\"https:\\\/\\\/maqtool.pt\\\/fr\\\/home\\\/\"},{\"@type\":\"ListItem\",\"position\":2,\"name\":\"Produtos\",\"item\":\"https:\\\/\\\/maqtool.pt\\\/produtos\\\/\"},{\"@type\":\"ListItem\",\"position\":3,\"name\":\"Voiture Support de plaques\"}]},{\"@type\":\"WebSite\",\"@id\":\"https:\\\/\\\/maqtool.pt\\\/#website\",\"url\":\"https:\\\/\\\/maqtool.pt\\\/\",\"name\":\"Cobermaster Industry\",\"description\":\"\",\"publisher\":{\"@id\":\"https:\\\/\\\/maqtool.pt\\\/#organization\"},\"potentialAction\":[{\"@type\":\"SearchAction\",\"target\":{\"@type\":\"EntryPoint\",\"urlTemplate\":\"https:\\\/\\\/maqtool.pt\\\/?s={search_term_string}\"},\"query-input\":{\"@type\":\"PropertyValueSpecification\",\"valueRequired\":true,\"valueName\":\"search_term_string\"}}],\"inLanguage\":\"fr-FR\"},{\"@type\":\"Organization\",\"@id\":\"https:\\\/\\\/maqtool.pt\\\/#organization\",\"name\":\"MAQTOOL\",\"url\":\"https:\\\/\\\/maqtool.pt\\\/\",\"logo\":{\"@type\":\"ImageObject\",\"inLanguage\":\"fr-FR\",\"@id\":\"https:\\\/\\\/maqtool.pt\\\/#\\\/schema\\\/logo\\\/image\\\/\",\"url\":\"https:\\\/\\\/maqtool.pt\\\/wp-content\\\/uploads\\\/2022\\\/09\\\/MAQTOOL-LOGO.jpg\",\"contentUrl\":\"https:\\\/\\\/maqtool.pt\\\/wp-content\\\/uploads\\\/2022\\\/09\\\/MAQTOOL-LOGO.jpg\",\"width\":762,\"height\":228,\"caption\":\"MAQTOOL\"},\"image\":{\"@id\":\"https:\\\/\\\/maqtool.pt\\\/#\\\/schema\\\/logo\\\/image\\\/\"},\"sameAs\":[\"https:\\\/\\\/www.facebook.com\\\/cobermaster\"]}]}<\/script>\n<!-- \/ Yoast SEO plugin. -->","yoast_head_json":{"title":"Voiture Support de plaques - MAQTOOL","robots":{"index":"index","follow":"follow","max-snippet":"max-snippet:-1","max-image-preview":"max-image-preview:large","max-video-preview":"max-video-preview:-1"},"canonical":"https:\/\/maqtool.pt\/fr\/produto\/voiture-support-de-plaques\/","og_locale":"fr_FR","og_type":"article","og_title":"Voiture Support de plaques - MAQTOOL","og_description":"Structure en acier renforc\u00e9 avec finition laqu\u00e9e. S\u00e9parateurs r\u00e9glables.  Roues en caoutchouc de 180 mm de diam\u00e8tre.  C'est une voiture qui permet simultan\u00e9ment le stockage et le d\u00e9placement de plaques de diff\u00e9rents mat\u00e9riaux et tailles. ...","og_url":"https:\/\/maqtool.pt\/fr\/produto\/voiture-support-de-plaques\/","og_site_name":"MAQTOOL","article_publisher":"https:\/\/www.facebook.com\/cobermaster","article_modified_time":"2023-11-01T00:00:48+00:00","og_image":[{"width":250,"height":250,"url":"https:\/\/maqtool.pt\/wp-content\/uploads\/2021\/05\/COB0016.jpg","type":"image\/jpeg"}],"twitter_card":"summary_large_image","twitter_misc":{"Dur\u00e9e de lecture estim\u00e9e":"1 minute"},"schema":{"@context":"https:\/\/schema.org","@graph":[{"@type":"WebPage","@id":"https:\/\/maqtool.pt\/fr\/produto\/voiture-support-de-plaques\/","url":"https:\/\/maqtool.pt\/fr\/produto\/voiture-support-de-plaques\/","name":"Voiture Support de plaques - MAQTOOL","isPartOf":{"@id":"https:\/\/maqtool.pt\/#website"},"primaryImageOfPage":{"@id":"https:\/\/maqtool.pt\/fr\/produto\/voiture-support-de-plaques\/#primaryimage"},"image":{"@id":"https:\/\/maqtool.pt\/fr\/produto\/voiture-support-de-plaques\/#primaryimage"},"thumbnailUrl":"https:\/\/maqtool.pt\/wp-content\/uploads\/2021\/05\/COB0016.jpg","datePublished":"2021-05-19T14:04:46+00:00","dateModified":"2023-11-01T00:00:48+00:00","breadcrumb":{"@id":"https:\/\/maqtool.pt\/fr\/produto\/voiture-support-de-plaques\/#breadcrumb"},"inLanguage":"fr-FR","potentialAction":[{"@type":"ReadAction","target":["https:\/\/maqtool.pt\/fr\/produto\/voiture-support-de-plaques\/"]}]},{"@type":"ImageObject","inLanguage":"fr-FR","@id":"https:\/\/maqtool.pt\/fr\/produto\/voiture-support-de-plaques\/#primaryimage","url":"https:\/\/maqtool.pt\/wp-content\/uploads\/2021\/05\/COB0016.jpg","contentUrl":"https:\/\/maqtool.pt\/wp-content\/uploads\/2021\/05\/COB0016.jpg","width":250,"height":250},{"@type":"BreadcrumbList","@id":"https:\/\/maqtool.pt\/fr\/produto\/voiture-support-de-plaques\/#breadcrumb","itemListElement":[{"@type":"ListItem","position":1,"name":"In\u00edcio","item":"https:\/\/maqtool.pt\/fr\/home\/"},{"@type":"ListItem","position":2,"name":"Produtos","item":"https:\/\/maqtool.pt\/produtos\/"},{"@type":"ListItem","position":3,"name":"Voiture Support de plaques"}]},{"@type":"WebSite","@id":"https:\/\/maqtool.pt\/#website","url":"https:\/\/maqtool.pt\/","name":"Cobermaster Industry","description":"","publisher":{"@id":"https:\/\/maqtool.pt\/#organization"},"potentialAction":[{"@type":"SearchAction","target":{"@type":"EntryPoint","urlTemplate":"https:\/\/maqtool.pt\/?s={search_term_string}"},"query-input":{"@type":"PropertyValueSpecification","valueRequired":true,"valueName":"search_term_string"}}],"inLanguage":"fr-FR"},{"@type":"Organization","@id":"https:\/\/maqtool.pt\/#organization","name":"MAQTOOL","url":"https:\/\/maqtool.pt\/","logo":{"@type":"ImageObject","inLanguage":"fr-FR","@id":"https:\/\/maqtool.pt\/#\/schema\/logo\/image\/","url":"https:\/\/maqtool.pt\/wp-content\/uploads\/2022\/09\/MAQTOOL-LOGO.jpg","contentUrl":"https:\/\/maqtool.pt\/wp-content\/uploads\/2022\/09\/MAQTOOL-LOGO.jpg","width":762,"height":228,"caption":"MAQTOOL"},"image":{"@id":"https:\/\/maqtool.pt\/#\/schema\/logo\/image\/"},"sameAs":["https:\/\/www.facebook.com\/cobermaster"]}]}},"uagb_featured_image_src":{"full":["https:\/\/maqtool.pt\/wp-content\/uploads\/2021\/05\/COB0016.jpg",250,250,false],"thumbnail":["https:\/\/maqtool.pt\/wp-content\/uploads\/2021\/05\/COB0016-150x150.jpg",150,150,true],"medium":["https:\/\/maqtool.pt\/wp-content\/uploads\/2021\/05\/COB0016.jpg",250,250,false],"medium_large":["https:\/\/maqtool.pt\/wp-content\/uploads\/2021\/05\/COB0016.jpg",250,250,false],"large":["https:\/\/maqtool.pt\/wp-content\/uploads\/2021\/05\/COB0016.jpg",250,250,false],"1536x1536":["https:\/\/maqtool.pt\/wp-content\/uploads\/2021\/05\/COB0016.jpg",250,250,false],"2048x2048":["https:\/\/maqtool.pt\/wp-content\/uploads\/2021\/05\/COB0016.jpg",250,250,false],"woocommerce_thumbnail":["https:\/\/maqtool.pt\/wp-content\/uploads\/2021\/05\/COB0016-195x195.jpg",195,195,true],"woocommerce_single":["https:\/\/maqtool.pt\/wp-content\/uploads\/2021\/05\/COB0016.jpg",250,250,false],"woocommerce_gallery_thumbnail":["https:\/\/maqtool.pt\/wp-content\/uploads\/2021\/05\/COB0016-100x100.jpg",100,100,true]},"uagb_author_info":{"display_name":"pedrocandeias","author_link":"https:\/\/maqtool.pt\/fr\/author\/"},"uagb_comment_info":0,"uagb_excerpt":"Structure en acier renforc\u00e9 avec finition laqu\u00e9e. S\u00e9parateurs r\u00e9glables. Roues en caoutchouc de 180 mm de diam\u00e8tre. C'est une voiture qui permet simultan\u00e9ment le stockage et le d\u00e9placement de plaques de diff\u00e9rents mat\u00e9riaux et tailles. ...","_links":{"self":[{"href":"https:\/\/maqtool.pt\/fr\/wp-json\/wp\/v2\/product\/13429","targetHints":{"allow":["GET"]}}],"collection":[{"href":"https:\/\/maqtool.pt\/fr\/wp-json\/wp\/v2\/product"}],"about":[{"href":"https:\/\/maqtool.pt\/fr\/wp-json\/wp\/v2\/types\/product"}],"wp:featuredmedia":[{"embeddable":true,"href":"https:\/\/maqtool.pt\/fr\/wp-json\/wp\/v2\/media\/3837"}],"wp:attachment":[{"href":"https:\/\/maqtool.pt\/fr\/wp-json\/wp\/v2\/media?parent=13429"}],"wp:term":[{"taxonomy":"product_brand","embeddable":true,"href":"https:\/\/maqtool.pt\/fr\/wp-json\/wp\/v2\/product_brand?post=13429"},{"taxonomy":"product_cat","embeddable":true,"href":"https:\/\/maqtool.pt\/fr\/wp-json\/wp\/v2\/product_cat?post=13429"},{"taxonomy":"product_tag","embeddable":true,"href":"https:\/\/maqtool.pt\/fr\/wp-json\/wp\/v2\/product_tag?post=13429"}],"curies":[{"name":"wp","href":"https:\/\/api.w.org\/{rel}","templated":true}]}}