{"id":13492,"date":"2021-05-29T16:03:58","date_gmt":"2021-05-29T16:03:58","guid":{"rendered":"https:\/\/maqtool.pt\/produto\/cob-0090-product-variation\/"},"modified":"2021-10-28T21:34:21","modified_gmt":"2021-10-28T21:34:21","slug":"rayonnages-picking","status":"publish","type":"product","link":"https:\/\/maqtool.pt\/fr\/produto\/rayonnages-picking\/","title":{"rendered":"Rayonnages Picking"},"content":{"rendered":"<p>Les racks Picking permettent la manutention manuelle de charges l\u00e9g\u00e8res ou mod\u00e9r\u00e9es.<\/p>\n<p>Syst\u00e8me de ferrure \u00e0 hauteur r\u00e9glable.<\/p>\n<p>Tr\u00e8s polyvalent, permettant le stockage de diff\u00e9rents types de produits.<\/p>\n<p>L&rsquo;assemblage simple et rapide permet une modification et une r\u00e9organisation \u00e0 tout moment.<\/p>\n","protected":false},"excerpt":{"rendered":"<p>Les racks Picking permettent la manutention manuelle de charges l\u00e9g\u00e8res ou mod\u00e9r\u00e9es.<\/p>\n<p>Syst\u00e8me de ferrure \u00e0 hauteur r\u00e9glable.<\/p>\n<p>Tr\u00e8s polyvalent, permettant le stockage de diff\u00e9rents types de produits.<\/p>\n<p>L&rsquo;assemblage simple et rapide permet une modification et une r\u00e9organisation \u00e0 tout moment.<\/p>\n","protected":false},"featured_media":19790,"template":"","meta":{"_eb_attr":"","_uag_custom_page_level_css":"","site-sidebar-layout":"default","site-content-layout":"default","ast-site-content-layout":"default","site-content-style":"default","site-sidebar-style":"default","ast-global-header-display":"","ast-banner-title-visibility":"","ast-main-header-display":"","ast-hfb-above-header-display":"","ast-hfb-below-header-display":"","ast-hfb-mobile-header-display":"","site-post-title":"","ast-breadcrumbs-content":"","ast-featured-img":"","footer-sml-layout":"","ast-disable-related-posts":"","theme-transparent-header-meta":"default","adv-header-id-meta":"","stick-header-meta":"default","header-above-stick-meta":"","header-main-stick-meta":"","header-below-stick-meta":"","astra-migrate-meta-layouts":"default","ast-page-background-enabled":"default","ast-page-background-meta":{"desktop":{"background-color":"","background-image":"","background-repeat":"repeat","background-position":"center center","background-size":"auto","background-attachment":"scroll","background-type":"","background-media":"","overlay-type":"","overlay-color":"","overlay-opacity":"","overlay-gradient":""},"tablet":{"background-color":"","background-image":"","background-repeat":"repeat","background-position":"center center","background-size":"auto","background-attachment":"scroll","background-type":"","background-media":"","overlay-type":"","overlay-color":"","overlay-opacity":"","overlay-gradient":""},"mobile":{"background-color":"","background-image":"","background-repeat":"repeat","background-position":"center center","background-size":"auto","background-attachment":"scroll","background-type":"","background-media":"","overlay-type":"","overlay-color":"","overlay-opacity":"","overlay-gradient":""}},"ast-content-background-meta":{"desktop":{"background-color":"var(--ast-global-color-5)","background-image":"","background-repeat":"repeat","background-position":"center center","background-size":"auto","background-attachment":"scroll","background-type":"","background-media":"","overlay-type":"","overlay-color":"","overlay-opacity":"","overlay-gradient":""},"tablet":{"background-color":"var(--ast-global-color-5)","background-image":"","background-repeat":"repeat","background-position":"center center","background-size":"auto","background-attachment":"scroll","background-type":"","background-media":"","overlay-type":"","overlay-color":"","overlay-opacity":"","overlay-gradient":""},"mobile":{"background-color":"var(--ast-global-color-5)","background-image":"","background-repeat":"repeat","background-position":"center center","background-size":"auto","background-attachment":"scroll","background-type":"","background-media":"","overlay-type":"","overlay-color":"","overlay-opacity":"","overlay-gradient":""}}},"product_brand":[],"product_cat":[5076,5093],"product_tag":[],"class_list":{"0":"post-13492","1":"product","2":"type-product","3":"status-publish","4":"has-post-thumbnail","6":"product_cat-manipulation-stockage","7":"product_cat-systemes-de-stockage","8":"desktop-align-center","9":"tablet-align-center","10":"mobile-align-center","11":"ast-product-gallery-layout-horizontal","12":"ast-product-gallery-with-no-image","13":"ast-product-tabs-layout-horizontal","15":"first","16":"onbackorder","17":"taxable","18":"shipping-taxable","19":"product-type-simple"},"acf":[],"yoast_head":"<!-- This site is optimized with the Yoast SEO plugin v27.3 - https:\/\/yoast.com\/product\/yoast-seo-wordpress\/ -->\n<title>Rayonnages Picking - MAQTOOL<\/title>\n<meta name=\"robots\" content=\"index, follow, max-snippet:-1, max-image-preview:large, max-video-preview:-1\" \/>\n<link rel=\"canonical\" href=\"https:\/\/maqtool.pt\/fr\/produto\/rayonnages-picking\/\" \/>\n<meta property=\"og:locale\" content=\"fr_FR\" \/>\n<meta property=\"og:type\" content=\"article\" \/>\n<meta property=\"og:title\" content=\"Rayonnages Picking - MAQTOOL\" \/>\n<meta property=\"og:description\" content=\"Les racks Picking permettent la manutention manuelle de charges l\u00e9g\u00e8res ou mod\u00e9r\u00e9es.    Syst\u00e8me de ferrure \u00e0 hauteur r\u00e9glable.    Tr\u00e8s polyvalent, permettant le stockage de diff\u00e9rents types de produits.    L&#039;assemblage simple et rapide permet une modification et une r\u00e9organisation \u00e0 tout moment.\" \/>\n<meta property=\"og:url\" content=\"https:\/\/maqtool.pt\/fr\/produto\/rayonnages-picking\/\" \/>\n<meta property=\"og:site_name\" content=\"MAQTOOL\" \/>\n<meta property=\"article:publisher\" content=\"https:\/\/www.facebook.com\/cobermaster\" \/>\n<meta property=\"article:modified_time\" content=\"2021-10-28T21:34:21+00:00\" \/>\n<meta property=\"og:image\" content=\"https:\/\/maqtool.pt\/wp-content\/uploads\/2021\/05\/COB0090-Estantes-Picking.jpg\" \/>\n\t<meta property=\"og:image:width\" content=\"800\" \/>\n\t<meta property=\"og:image:height\" content=\"800\" \/>\n\t<meta property=\"og:image:type\" content=\"image\/jpeg\" \/>\n<meta name=\"twitter:card\" content=\"summary_large_image\" \/>\n<script type=\"application\/ld+json\" class=\"yoast-schema-graph\">{\"@context\":\"https:\\\/\\\/schema.org\",\"@graph\":[{\"@type\":\"WebPage\",\"@id\":\"https:\\\/\\\/maqtool.pt\\\/fr\\\/produto\\\/rayonnages-picking\\\/\",\"url\":\"https:\\\/\\\/maqtool.pt\\\/fr\\\/produto\\\/rayonnages-picking\\\/\",\"name\":\"Rayonnages Picking - MAQTOOL\",\"isPartOf\":{\"@id\":\"https:\\\/\\\/maqtool.pt\\\/#website\"},\"primaryImageOfPage\":{\"@id\":\"https:\\\/\\\/maqtool.pt\\\/fr\\\/produto\\\/rayonnages-picking\\\/#primaryimage\"},\"image\":{\"@id\":\"https:\\\/\\\/maqtool.pt\\\/fr\\\/produto\\\/rayonnages-picking\\\/#primaryimage\"},\"thumbnailUrl\":\"https:\\\/\\\/maqtool.pt\\\/wp-content\\\/uploads\\\/2021\\\/05\\\/COB0090-Estantes-Picking.jpg\",\"datePublished\":\"2021-05-29T16:03:58+00:00\",\"dateModified\":\"2021-10-28T21:34:21+00:00\",\"breadcrumb\":{\"@id\":\"https:\\\/\\\/maqtool.pt\\\/fr\\\/produto\\\/rayonnages-picking\\\/#breadcrumb\"},\"inLanguage\":\"fr-FR\",\"potentialAction\":[{\"@type\":\"ReadAction\",\"target\":[\"https:\\\/\\\/maqtool.pt\\\/fr\\\/produto\\\/rayonnages-picking\\\/\"]}]},{\"@type\":\"ImageObject\",\"inLanguage\":\"fr-FR\",\"@id\":\"https:\\\/\\\/maqtool.pt\\\/fr\\\/produto\\\/rayonnages-picking\\\/#primaryimage\",\"url\":\"https:\\\/\\\/maqtool.pt\\\/wp-content\\\/uploads\\\/2021\\\/05\\\/COB0090-Estantes-Picking.jpg\",\"contentUrl\":\"https:\\\/\\\/maqtool.pt\\\/wp-content\\\/uploads\\\/2021\\\/05\\\/COB0090-Estantes-Picking.jpg\",\"width\":800,\"height\":800},{\"@type\":\"BreadcrumbList\",\"@id\":\"https:\\\/\\\/maqtool.pt\\\/fr\\\/produto\\\/rayonnages-picking\\\/#breadcrumb\",\"itemListElement\":[{\"@type\":\"ListItem\",\"position\":1,\"name\":\"In\u00edcio\",\"item\":\"https:\\\/\\\/maqtool.pt\\\/fr\\\/home\\\/\"},{\"@type\":\"ListItem\",\"position\":2,\"name\":\"Produtos\",\"item\":\"https:\\\/\\\/maqtool.pt\\\/produtos\\\/\"},{\"@type\":\"ListItem\",\"position\":3,\"name\":\"Rayonnages Picking\"}]},{\"@type\":\"WebSite\",\"@id\":\"https:\\\/\\\/maqtool.pt\\\/#website\",\"url\":\"https:\\\/\\\/maqtool.pt\\\/\",\"name\":\"Cobermaster Industry\",\"description\":\"\",\"publisher\":{\"@id\":\"https:\\\/\\\/maqtool.pt\\\/#organization\"},\"potentialAction\":[{\"@type\":\"SearchAction\",\"target\":{\"@type\":\"EntryPoint\",\"urlTemplate\":\"https:\\\/\\\/maqtool.pt\\\/?s={search_term_string}\"},\"query-input\":{\"@type\":\"PropertyValueSpecification\",\"valueRequired\":true,\"valueName\":\"search_term_string\"}}],\"inLanguage\":\"fr-FR\"},{\"@type\":\"Organization\",\"@id\":\"https:\\\/\\\/maqtool.pt\\\/#organization\",\"name\":\"MAQTOOL\",\"url\":\"https:\\\/\\\/maqtool.pt\\\/\",\"logo\":{\"@type\":\"ImageObject\",\"inLanguage\":\"fr-FR\",\"@id\":\"https:\\\/\\\/maqtool.pt\\\/#\\\/schema\\\/logo\\\/image\\\/\",\"url\":\"https:\\\/\\\/maqtool.pt\\\/wp-content\\\/uploads\\\/2022\\\/09\\\/MAQTOOL-LOGO.jpg\",\"contentUrl\":\"https:\\\/\\\/maqtool.pt\\\/wp-content\\\/uploads\\\/2022\\\/09\\\/MAQTOOL-LOGO.jpg\",\"width\":762,\"height\":228,\"caption\":\"MAQTOOL\"},\"image\":{\"@id\":\"https:\\\/\\\/maqtool.pt\\\/#\\\/schema\\\/logo\\\/image\\\/\"},\"sameAs\":[\"https:\\\/\\\/www.facebook.com\\\/cobermaster\"]}]}<\/script>\n<!-- \/ Yoast SEO plugin. -->","yoast_head_json":{"title":"Rayonnages Picking - MAQTOOL","robots":{"index":"index","follow":"follow","max-snippet":"max-snippet:-1","max-image-preview":"max-image-preview:large","max-video-preview":"max-video-preview:-1"},"canonical":"https:\/\/maqtool.pt\/fr\/produto\/rayonnages-picking\/","og_locale":"fr_FR","og_type":"article","og_title":"Rayonnages Picking - MAQTOOL","og_description":"Les racks Picking permettent la manutention manuelle de charges l\u00e9g\u00e8res ou mod\u00e9r\u00e9es.    Syst\u00e8me de ferrure \u00e0 hauteur r\u00e9glable.    Tr\u00e8s polyvalent, permettant le stockage de diff\u00e9rents types de produits.    L'assemblage simple et rapide permet une modification et une r\u00e9organisation \u00e0 tout moment.","og_url":"https:\/\/maqtool.pt\/fr\/produto\/rayonnages-picking\/","og_site_name":"MAQTOOL","article_publisher":"https:\/\/www.facebook.com\/cobermaster","article_modified_time":"2021-10-28T21:34:21+00:00","og_image":[{"width":800,"height":800,"url":"https:\/\/maqtool.pt\/wp-content\/uploads\/2021\/05\/COB0090-Estantes-Picking.jpg","type":"image\/jpeg"}],"twitter_card":"summary_large_image","schema":{"@context":"https:\/\/schema.org","@graph":[{"@type":"WebPage","@id":"https:\/\/maqtool.pt\/fr\/produto\/rayonnages-picking\/","url":"https:\/\/maqtool.pt\/fr\/produto\/rayonnages-picking\/","name":"Rayonnages Picking - MAQTOOL","isPartOf":{"@id":"https:\/\/maqtool.pt\/#website"},"primaryImageOfPage":{"@id":"https:\/\/maqtool.pt\/fr\/produto\/rayonnages-picking\/#primaryimage"},"image":{"@id":"https:\/\/maqtool.pt\/fr\/produto\/rayonnages-picking\/#primaryimage"},"thumbnailUrl":"https:\/\/maqtool.pt\/wp-content\/uploads\/2021\/05\/COB0090-Estantes-Picking.jpg","datePublished":"2021-05-29T16:03:58+00:00","dateModified":"2021-10-28T21:34:21+00:00","breadcrumb":{"@id":"https:\/\/maqtool.pt\/fr\/produto\/rayonnages-picking\/#breadcrumb"},"inLanguage":"fr-FR","potentialAction":[{"@type":"ReadAction","target":["https:\/\/maqtool.pt\/fr\/produto\/rayonnages-picking\/"]}]},{"@type":"ImageObject","inLanguage":"fr-FR","@id":"https:\/\/maqtool.pt\/fr\/produto\/rayonnages-picking\/#primaryimage","url":"https:\/\/maqtool.pt\/wp-content\/uploads\/2021\/05\/COB0090-Estantes-Picking.jpg","contentUrl":"https:\/\/maqtool.pt\/wp-content\/uploads\/2021\/05\/COB0090-Estantes-Picking.jpg","width":800,"height":800},{"@type":"BreadcrumbList","@id":"https:\/\/maqtool.pt\/fr\/produto\/rayonnages-picking\/#breadcrumb","itemListElement":[{"@type":"ListItem","position":1,"name":"In\u00edcio","item":"https:\/\/maqtool.pt\/fr\/home\/"},{"@type":"ListItem","position":2,"name":"Produtos","item":"https:\/\/maqtool.pt\/produtos\/"},{"@type":"ListItem","position":3,"name":"Rayonnages Picking"}]},{"@type":"WebSite","@id":"https:\/\/maqtool.pt\/#website","url":"https:\/\/maqtool.pt\/","name":"Cobermaster Industry","description":"","publisher":{"@id":"https:\/\/maqtool.pt\/#organization"},"potentialAction":[{"@type":"SearchAction","target":{"@type":"EntryPoint","urlTemplate":"https:\/\/maqtool.pt\/?s={search_term_string}"},"query-input":{"@type":"PropertyValueSpecification","valueRequired":true,"valueName":"search_term_string"}}],"inLanguage":"fr-FR"},{"@type":"Organization","@id":"https:\/\/maqtool.pt\/#organization","name":"MAQTOOL","url":"https:\/\/maqtool.pt\/","logo":{"@type":"ImageObject","inLanguage":"fr-FR","@id":"https:\/\/maqtool.pt\/#\/schema\/logo\/image\/","url":"https:\/\/maqtool.pt\/wp-content\/uploads\/2022\/09\/MAQTOOL-LOGO.jpg","contentUrl":"https:\/\/maqtool.pt\/wp-content\/uploads\/2022\/09\/MAQTOOL-LOGO.jpg","width":762,"height":228,"caption":"MAQTOOL"},"image":{"@id":"https:\/\/maqtool.pt\/#\/schema\/logo\/image\/"},"sameAs":["https:\/\/www.facebook.com\/cobermaster"]}]}},"uagb_featured_image_src":{"full":["https:\/\/maqtool.pt\/wp-content\/uploads\/2021\/05\/COB0090-Estantes-Picking.jpg",800,800,false],"thumbnail":["https:\/\/maqtool.pt\/wp-content\/uploads\/2021\/05\/COB0090-Estantes-Picking-150x150.jpg",150,150,true],"medium":["https:\/\/maqtool.pt\/wp-content\/uploads\/2021\/05\/COB0090-Estantes-Picking-300x300.jpg",300,300,true],"medium_large":["https:\/\/maqtool.pt\/wp-content\/uploads\/2021\/05\/COB0090-Estantes-Picking-768x768.jpg",768,768,true],"large":["https:\/\/maqtool.pt\/wp-content\/uploads\/2021\/05\/COB0090-Estantes-Picking.jpg",800,800,false],"1536x1536":["https:\/\/maqtool.pt\/wp-content\/uploads\/2021\/05\/COB0090-Estantes-Picking.jpg",800,800,false],"2048x2048":["https:\/\/maqtool.pt\/wp-content\/uploads\/2021\/05\/COB0090-Estantes-Picking.jpg",800,800,false],"woocommerce_thumbnail":["https:\/\/maqtool.pt\/wp-content\/uploads\/2021\/05\/COB0090-Estantes-Picking-400x400.jpg",400,400,true],"woocommerce_single":["https:\/\/maqtool.pt\/wp-content\/uploads\/2021\/05\/COB0090-Estantes-Picking-600x600.jpg",600,600,true],"woocommerce_gallery_thumbnail":["https:\/\/maqtool.pt\/wp-content\/uploads\/2021\/05\/COB0090-Estantes-Picking-100x100.jpg",100,100,true]},"uagb_author_info":{"display_name":"pedrocandeias","author_link":"https:\/\/maqtool.pt\/fr\/author\/"},"uagb_comment_info":0,"uagb_excerpt":"Les racks Picking permettent la manutention manuelle de charges l\u00e9g\u00e8res ou mod\u00e9r\u00e9es. Syst\u00e8me de ferrure \u00e0 hauteur r\u00e9glable. Tr\u00e8s polyvalent, permettant le stockage de diff\u00e9rents types de produits. L'assemblage simple et rapide permet une modification et une r\u00e9organisation \u00e0 tout moment.","_links":{"self":[{"href":"https:\/\/maqtool.pt\/fr\/wp-json\/wp\/v2\/product\/13492","targetHints":{"allow":["GET"]}}],"collection":[{"href":"https:\/\/maqtool.pt\/fr\/wp-json\/wp\/v2\/product"}],"about":[{"href":"https:\/\/maqtool.pt\/fr\/wp-json\/wp\/v2\/types\/product"}],"wp:featuredmedia":[{"embeddable":true,"href":"https:\/\/maqtool.pt\/fr\/wp-json\/wp\/v2\/media\/19790"}],"wp:attachment":[{"href":"https:\/\/maqtool.pt\/fr\/wp-json\/wp\/v2\/media?parent=13492"}],"wp:term":[{"taxonomy":"product_brand","embeddable":true,"href":"https:\/\/maqtool.pt\/fr\/wp-json\/wp\/v2\/product_brand?post=13492"},{"taxonomy":"product_cat","embeddable":true,"href":"https:\/\/maqtool.pt\/fr\/wp-json\/wp\/v2\/product_cat?post=13492"},{"taxonomy":"product_tag","embeddable":true,"href":"https:\/\/maqtool.pt\/fr\/wp-json\/wp\/v2\/product_tag?post=13492"}],"curies":[{"name":"wp","href":"https:\/\/api.w.org\/{rel}","templated":true}]}}