{"id":13513,"date":"2021-05-17T18:15:09","date_gmt":"2021-05-17T18:15:09","guid":{"rendered":"https:\/\/maqtool.pt\/produto\/13513\/"},"modified":"2022-12-21T09:20:55","modified_gmt":"2022-12-21T09:20:55","slug":"casier-a-9-portes","status":"publish","type":"product","link":"https:\/\/maqtool.pt\/fr\/produto\/casier-a-9-portes\/","title":{"rendered":"Casier \u00e0 9 portes"},"content":{"rendered":"<p><strong>Largeur<\/strong>&#8211; 900 mm<\/p>\n<p><strong>Profondeur <\/strong> &#8211; 500 mm<\/p>\n<p><strong>Hauteur totale<\/strong>&#8211; 1900 mm<\/p>\n<p><strong>Hauteur du pied <\/strong> &#8211; 200 mm<\/p>\n<p><strong>Nombre de portes <\/strong> &#8211; 9<\/p>\n<p><strong>Structure<\/strong>&#8211; Plaque 0,80mm<\/p>\n<p><strong>Charni\u00e8res<\/strong>&#8211; Cach\u00e9es<\/p>\n<p><strong>Ventilation<\/strong>&#8211; Avant<\/p>\n<p><strong>Serrure <\/strong>&#8211; 2 cl\u00e9s<\/p>\n<p><strong>Cintre <\/strong> &#8211; Oui<\/p>\n<p><strong>Porte-serviettes <\/strong>&#8211; Oui<\/p>\n<p><strong>Support parapluie <\/strong> -Pas besoin<\/p>\n<p><strong>Couper les gouttes <\/strong>&#8211; Oui<\/p>\n<p><strong>Assemblage <\/strong>&#8211; Pas besoin<\/p>\n<p>Consulte aqui o PDF<\/p>\n<p>\u00ab\u00a0<\/p>\n","protected":false},"excerpt":{"rendered":"<p><strong>Largeur<\/strong>&#8211; 900 mm<\/p>\n<p><strong>Profondeur <\/strong> &#8211; 500 mm<\/p>\n<p><strong>Hauteur totale<\/strong>&#8211; 1900 mm<\/p>\n<p><strong>Hauteur du pied <\/strong> &#8211; 200 mm<\/p>\n<p><strong>Nombre de portes <\/strong> &#8211; 9<\/p>\n<p><strong>Structure<\/strong>&#8211; Plaque 0,80mm<\/p>\n<p><strong>Charni\u00e8res<\/strong>&#8211; Cach\u00e9es<\/p>\n<p><strong>Ventilation<\/strong>&#8211; Avant<\/p>\n<p><strong>Serrure <\/strong>&#8211; 2 cl\u00e9s<\/p>\n<p><strong>Cintre <\/strong> &#8211; Oui<\/p>\n<p><strong>Porte-serviettes <\/strong>&#8211; Oui<\/p>\n<p><strong>Support parapluie <\/strong> -Pas besoin<\/p>\n<p><strong>Couper les gouttes <\/strong>&#8211; Oui<\/p>\n<p><strong>Assemblage <\/strong>&#8211; Pas besoin<\/p>\n","protected":false},"featured_media":20090,"template":"","meta":{"_eb_attr":"","_uag_custom_page_level_css":"","site-sidebar-layout":"default","site-content-layout":"default","ast-site-content-layout":"default","site-content-style":"default","site-sidebar-style":"default","ast-global-header-display":"","ast-banner-title-visibility":"","ast-main-header-display":"","ast-hfb-above-header-display":"","ast-hfb-below-header-display":"","ast-hfb-mobile-header-display":"","site-post-title":"","ast-breadcrumbs-content":"","ast-featured-img":"","footer-sml-layout":"","ast-disable-related-posts":"","theme-transparent-header-meta":"default","adv-header-id-meta":"","stick-header-meta":"default","header-above-stick-meta":"","header-main-stick-meta":"","header-below-stick-meta":"","astra-migrate-meta-layouts":"default","ast-page-background-enabled":"default","ast-page-background-meta":{"desktop":{"background-color":"","background-image":"","background-repeat":"repeat","background-position":"center center","background-size":"auto","background-attachment":"scroll","background-type":"","background-media":"","overlay-type":"","overlay-color":"","overlay-opacity":"","overlay-gradient":""},"tablet":{"background-color":"","background-image":"","background-repeat":"repeat","background-position":"center center","background-size":"auto","background-attachment":"scroll","background-type":"","background-media":"","overlay-type":"","overlay-color":"","overlay-opacity":"","overlay-gradient":""},"mobile":{"background-color":"","background-image":"","background-repeat":"repeat","background-position":"center center","background-size":"auto","background-attachment":"scroll","background-type":"","background-media":"","overlay-type":"","overlay-color":"","overlay-opacity":"","overlay-gradient":""}},"ast-content-background-meta":{"desktop":{"background-color":"var(--ast-global-color-5)","background-image":"","background-repeat":"repeat","background-position":"center center","background-size":"auto","background-attachment":"scroll","background-type":"","background-media":"","overlay-type":"","overlay-color":"","overlay-opacity":"","overlay-gradient":""},"tablet":{"background-color":"var(--ast-global-color-5)","background-image":"","background-repeat":"repeat","background-position":"center center","background-size":"auto","background-attachment":"scroll","background-type":"","background-media":"","overlay-type":"","overlay-color":"","overlay-opacity":"","overlay-gradient":""},"mobile":{"background-color":"var(--ast-global-color-5)","background-image":"","background-repeat":"repeat","background-position":"center center","background-size":"auto","background-attachment":"scroll","background-type":"","background-media":"","overlay-type":"","overlay-color":"","overlay-opacity":"","overlay-gradient":""}}},"product_brand":[],"product_cat":[5077,5094],"product_tag":[],"class_list":{"0":"post-13513","1":"product","2":"type-product","3":"status-publish","4":"has-post-thumbnail","6":"product_cat-materiel-collectif","7":"product_cat-casiers","8":"desktop-align-center","9":"tablet-align-center","10":"mobile-align-center","11":"ast-product-gallery-layout-horizontal","12":"ast-product-gallery-with-no-image","13":"ast-product-single-variable","14":"ast-product-tabs-layout-horizontal","16":"first","17":"instock","18":"taxable","19":"shipping-taxable","20":"product-type-variable"},"acf":[],"yoast_head":"<!-- This site is optimized with the Yoast SEO plugin v27.2 - https:\/\/yoast.com\/product\/yoast-seo-wordpress\/ -->\n<title>Casier \u00e0 9 portes - MAQTOOL<\/title>\n<meta name=\"robots\" content=\"index, follow, max-snippet:-1, max-image-preview:large, max-video-preview:-1\" \/>\n<link rel=\"canonical\" href=\"https:\/\/maqtool.pt\/fr\/produto\/casier-a-9-portes\/\" \/>\n<meta property=\"og:locale\" content=\"fr_FR\" \/>\n<meta property=\"og:type\" content=\"article\" \/>\n<meta property=\"og:title\" content=\"Casier \u00e0 9 portes - MAQTOOL\" \/>\n<meta property=\"og:description\" content=\"Largeur- 900 mm  Profondeur - 500 mm  Hauteur totale- 1900 mm  Hauteur du pied - 200 mm  Nombre de portes - 9  Structure- Plaque 0,80mm  Charni\u00e8res- Cach\u00e9es  Ventilation- Avant  Serrure - 2 cl\u00e9s  Cintre - Oui  Porte-serviettes - Oui  Support parapluie -Pas besoin  Couper les gouttes - Oui  Assemblage - Pas besoin\" \/>\n<meta property=\"og:url\" content=\"https:\/\/maqtool.pt\/fr\/produto\/casier-a-9-portes\/\" \/>\n<meta property=\"og:site_name\" content=\"MAQTOOL\" \/>\n<meta property=\"article:publisher\" content=\"https:\/\/www.facebook.com\/cobermaster\" \/>\n<meta property=\"article:modified_time\" content=\"2022-12-21T09:20:55+00:00\" \/>\n<meta property=\"og:image\" content=\"https:\/\/maqtool.pt\/wp-content\/uploads\/2021\/05\/COB1012-Cacifo-9-Portas.jpg\" \/>\n\t<meta property=\"og:image:width\" content=\"800\" \/>\n\t<meta property=\"og:image:height\" content=\"800\" \/>\n\t<meta property=\"og:image:type\" content=\"image\/jpeg\" \/>\n<meta name=\"twitter:card\" content=\"summary_large_image\" \/>\n<meta name=\"twitter:label1\" content=\"Dur\u00e9e de lecture estim\u00e9e\" \/>\n\t<meta name=\"twitter:data1\" content=\"1 minute\" \/>\n<script type=\"application\/ld+json\" class=\"yoast-schema-graph\">{\"@context\":\"https:\/\/schema.org\",\"@graph\":[{\"@type\":\"WebPage\",\"@id\":\"https:\/\/maqtool.pt\/fr\/produto\/casier-a-9-portes\/\",\"url\":\"https:\/\/maqtool.pt\/fr\/produto\/casier-a-9-portes\/\",\"name\":\"Casier \u00e0 9 portes - MAQTOOL\",\"isPartOf\":{\"@id\":\"https:\/\/maqtool.pt\/#website\"},\"primaryImageOfPage\":{\"@id\":\"https:\/\/maqtool.pt\/fr\/produto\/casier-a-9-portes\/#primaryimage\"},\"image\":{\"@id\":\"https:\/\/maqtool.pt\/fr\/produto\/casier-a-9-portes\/#primaryimage\"},\"thumbnailUrl\":\"https:\/\/maqtool.pt\/wp-content\/uploads\/2021\/05\/COB1012-Cacifo-9-Portas.jpg\",\"datePublished\":\"2021-05-17T18:15:09+00:00\",\"dateModified\":\"2022-12-21T09:20:55+00:00\",\"breadcrumb\":{\"@id\":\"https:\/\/maqtool.pt\/fr\/produto\/casier-a-9-portes\/#breadcrumb\"},\"inLanguage\":\"fr-FR\",\"potentialAction\":[{\"@type\":\"ReadAction\",\"target\":[\"https:\/\/maqtool.pt\/fr\/produto\/casier-a-9-portes\/\"]}]},{\"@type\":\"ImageObject\",\"inLanguage\":\"fr-FR\",\"@id\":\"https:\/\/maqtool.pt\/fr\/produto\/casier-a-9-portes\/#primaryimage\",\"url\":\"https:\/\/maqtool.pt\/wp-content\/uploads\/2021\/05\/COB1012-Cacifo-9-Portas.jpg\",\"contentUrl\":\"https:\/\/maqtool.pt\/wp-content\/uploads\/2021\/05\/COB1012-Cacifo-9-Portas.jpg\",\"width\":800,\"height\":800},{\"@type\":\"BreadcrumbList\",\"@id\":\"https:\/\/maqtool.pt\/fr\/produto\/casier-a-9-portes\/#breadcrumb\",\"itemListElement\":[{\"@type\":\"ListItem\",\"position\":1,\"name\":\"In\u00edcio\",\"item\":\"https:\/\/maqtool.pt\/fr\/home\/\"},{\"@type\":\"ListItem\",\"position\":2,\"name\":\"Produtos\",\"item\":\"https:\/\/maqtool.pt\/produtos\/\"},{\"@type\":\"ListItem\",\"position\":3,\"name\":\"Casier \u00e0 9 portes\"}]},{\"@type\":\"WebSite\",\"@id\":\"https:\/\/maqtool.pt\/#website\",\"url\":\"https:\/\/maqtool.pt\/\",\"name\":\"Cobermaster Industry\",\"description\":\"\",\"publisher\":{\"@id\":\"https:\/\/maqtool.pt\/#organization\"},\"potentialAction\":[{\"@type\":\"SearchAction\",\"target\":{\"@type\":\"EntryPoint\",\"urlTemplate\":\"https:\/\/maqtool.pt\/?s={search_term_string}\"},\"query-input\":{\"@type\":\"PropertyValueSpecification\",\"valueRequired\":true,\"valueName\":\"search_term_string\"}}],\"inLanguage\":\"fr-FR\"},{\"@type\":\"Organization\",\"@id\":\"https:\/\/maqtool.pt\/#organization\",\"name\":\"MAQTOOL\",\"url\":\"https:\/\/maqtool.pt\/\",\"logo\":{\"@type\":\"ImageObject\",\"inLanguage\":\"fr-FR\",\"@id\":\"https:\/\/maqtool.pt\/#\/schema\/logo\/image\/\",\"url\":\"https:\/\/maqtool.pt\/wp-content\/uploads\/2022\/09\/MAQTOOL-LOGO.jpg\",\"contentUrl\":\"https:\/\/maqtool.pt\/wp-content\/uploads\/2022\/09\/MAQTOOL-LOGO.jpg\",\"width\":762,\"height\":228,\"caption\":\"MAQTOOL\"},\"image\":{\"@id\":\"https:\/\/maqtool.pt\/#\/schema\/logo\/image\/\"},\"sameAs\":[\"https:\/\/www.facebook.com\/cobermaster\"]}]}<\/script>\n<!-- \/ Yoast SEO plugin. -->","yoast_head_json":{"title":"Casier \u00e0 9 portes - MAQTOOL","robots":{"index":"index","follow":"follow","max-snippet":"max-snippet:-1","max-image-preview":"max-image-preview:large","max-video-preview":"max-video-preview:-1"},"canonical":"https:\/\/maqtool.pt\/fr\/produto\/casier-a-9-portes\/","og_locale":"fr_FR","og_type":"article","og_title":"Casier \u00e0 9 portes - MAQTOOL","og_description":"Largeur- 900 mm  Profondeur - 500 mm  Hauteur totale- 1900 mm  Hauteur du pied - 200 mm  Nombre de portes - 9  Structure- Plaque 0,80mm  Charni\u00e8res- Cach\u00e9es  Ventilation- Avant  Serrure - 2 cl\u00e9s  Cintre - Oui  Porte-serviettes - Oui  Support parapluie -Pas besoin  Couper les gouttes - Oui  Assemblage - Pas besoin","og_url":"https:\/\/maqtool.pt\/fr\/produto\/casier-a-9-portes\/","og_site_name":"MAQTOOL","article_publisher":"https:\/\/www.facebook.com\/cobermaster","article_modified_time":"2022-12-21T09:20:55+00:00","og_image":[{"width":800,"height":800,"url":"https:\/\/maqtool.pt\/wp-content\/uploads\/2021\/05\/COB1012-Cacifo-9-Portas.jpg","type":"image\/jpeg"}],"twitter_card":"summary_large_image","twitter_misc":{"Dur\u00e9e de lecture estim\u00e9e":"1 minute"},"schema":{"@context":"https:\/\/schema.org","@graph":[{"@type":"WebPage","@id":"https:\/\/maqtool.pt\/fr\/produto\/casier-a-9-portes\/","url":"https:\/\/maqtool.pt\/fr\/produto\/casier-a-9-portes\/","name":"Casier \u00e0 9 portes - MAQTOOL","isPartOf":{"@id":"https:\/\/maqtool.pt\/#website"},"primaryImageOfPage":{"@id":"https:\/\/maqtool.pt\/fr\/produto\/casier-a-9-portes\/#primaryimage"},"image":{"@id":"https:\/\/maqtool.pt\/fr\/produto\/casier-a-9-portes\/#primaryimage"},"thumbnailUrl":"https:\/\/maqtool.pt\/wp-content\/uploads\/2021\/05\/COB1012-Cacifo-9-Portas.jpg","datePublished":"2021-05-17T18:15:09+00:00","dateModified":"2022-12-21T09:20:55+00:00","breadcrumb":{"@id":"https:\/\/maqtool.pt\/fr\/produto\/casier-a-9-portes\/#breadcrumb"},"inLanguage":"fr-FR","potentialAction":[{"@type":"ReadAction","target":["https:\/\/maqtool.pt\/fr\/produto\/casier-a-9-portes\/"]}]},{"@type":"ImageObject","inLanguage":"fr-FR","@id":"https:\/\/maqtool.pt\/fr\/produto\/casier-a-9-portes\/#primaryimage","url":"https:\/\/maqtool.pt\/wp-content\/uploads\/2021\/05\/COB1012-Cacifo-9-Portas.jpg","contentUrl":"https:\/\/maqtool.pt\/wp-content\/uploads\/2021\/05\/COB1012-Cacifo-9-Portas.jpg","width":800,"height":800},{"@type":"BreadcrumbList","@id":"https:\/\/maqtool.pt\/fr\/produto\/casier-a-9-portes\/#breadcrumb","itemListElement":[{"@type":"ListItem","position":1,"name":"In\u00edcio","item":"https:\/\/maqtool.pt\/fr\/home\/"},{"@type":"ListItem","position":2,"name":"Produtos","item":"https:\/\/maqtool.pt\/produtos\/"},{"@type":"ListItem","position":3,"name":"Casier \u00e0 9 portes"}]},{"@type":"WebSite","@id":"https:\/\/maqtool.pt\/#website","url":"https:\/\/maqtool.pt\/","name":"Cobermaster Industry","description":"","publisher":{"@id":"https:\/\/maqtool.pt\/#organization"},"potentialAction":[{"@type":"SearchAction","target":{"@type":"EntryPoint","urlTemplate":"https:\/\/maqtool.pt\/?s={search_term_string}"},"query-input":{"@type":"PropertyValueSpecification","valueRequired":true,"valueName":"search_term_string"}}],"inLanguage":"fr-FR"},{"@type":"Organization","@id":"https:\/\/maqtool.pt\/#organization","name":"MAQTOOL","url":"https:\/\/maqtool.pt\/","logo":{"@type":"ImageObject","inLanguage":"fr-FR","@id":"https:\/\/maqtool.pt\/#\/schema\/logo\/image\/","url":"https:\/\/maqtool.pt\/wp-content\/uploads\/2022\/09\/MAQTOOL-LOGO.jpg","contentUrl":"https:\/\/maqtool.pt\/wp-content\/uploads\/2022\/09\/MAQTOOL-LOGO.jpg","width":762,"height":228,"caption":"MAQTOOL"},"image":{"@id":"https:\/\/maqtool.pt\/#\/schema\/logo\/image\/"},"sameAs":["https:\/\/www.facebook.com\/cobermaster"]}]}},"uagb_featured_image_src":{"full":["https:\/\/maqtool.pt\/wp-content\/uploads\/2021\/05\/COB1012-Cacifo-9-Portas.jpg",800,800,false],"thumbnail":["https:\/\/maqtool.pt\/wp-content\/uploads\/2021\/05\/COB1012-Cacifo-9-Portas-150x150.jpg",150,150,true],"medium":["https:\/\/maqtool.pt\/wp-content\/uploads\/2021\/05\/COB1012-Cacifo-9-Portas-300x300.jpg",300,300,true],"medium_large":["https:\/\/maqtool.pt\/wp-content\/uploads\/2021\/05\/COB1012-Cacifo-9-Portas-768x768.jpg",768,768,true],"large":["https:\/\/maqtool.pt\/wp-content\/uploads\/2021\/05\/COB1012-Cacifo-9-Portas.jpg",800,800,false],"1536x1536":["https:\/\/maqtool.pt\/wp-content\/uploads\/2021\/05\/COB1012-Cacifo-9-Portas.jpg",800,800,false],"2048x2048":["https:\/\/maqtool.pt\/wp-content\/uploads\/2021\/05\/COB1012-Cacifo-9-Portas.jpg",800,800,false],"woocommerce_thumbnail":["https:\/\/maqtool.pt\/wp-content\/uploads\/2021\/05\/COB1012-Cacifo-9-Portas-400x400.jpg",400,400,true],"woocommerce_single":["https:\/\/maqtool.pt\/wp-content\/uploads\/2021\/05\/COB1012-Cacifo-9-Portas-600x600.jpg",600,600,true],"woocommerce_gallery_thumbnail":["https:\/\/maqtool.pt\/wp-content\/uploads\/2021\/05\/COB1012-Cacifo-9-Portas-100x100.jpg",100,100,true]},"uagb_author_info":{"display_name":"pedrocandeias","author_link":"https:\/\/maqtool.pt\/fr\/author\/"},"uagb_comment_info":0,"uagb_excerpt":"Largeur- 900 mm Profondeur - 500 mm Hauteur totale- 1900 mm Hauteur du pied - 200 mm Nombre de portes - 9 Structure- Plaque 0,80mm Charni\u00e8res- Cach\u00e9es Ventilation- Avant Serrure - 2 cl\u00e9s Cintre - Oui Porte-serviettes - Oui Support parapluie -Pas besoin Couper les gouttes - Oui Assemblage - Pas besoin","_links":{"self":[{"href":"https:\/\/maqtool.pt\/fr\/wp-json\/wp\/v2\/product\/13513","targetHints":{"allow":["GET"]}}],"collection":[{"href":"https:\/\/maqtool.pt\/fr\/wp-json\/wp\/v2\/product"}],"about":[{"href":"https:\/\/maqtool.pt\/fr\/wp-json\/wp\/v2\/types\/product"}],"wp:featuredmedia":[{"embeddable":true,"href":"https:\/\/maqtool.pt\/fr\/wp-json\/wp\/v2\/media\/20090"}],"wp:attachment":[{"href":"https:\/\/maqtool.pt\/fr\/wp-json\/wp\/v2\/media?parent=13513"}],"wp:term":[{"taxonomy":"product_brand","embeddable":true,"href":"https:\/\/maqtool.pt\/fr\/wp-json\/wp\/v2\/product_brand?post=13513"},{"taxonomy":"product_cat","embeddable":true,"href":"https:\/\/maqtool.pt\/fr\/wp-json\/wp\/v2\/product_cat?post=13513"},{"taxonomy":"product_tag","embeddable":true,"href":"https:\/\/maqtool.pt\/fr\/wp-json\/wp\/v2\/product_tag?post=13513"}],"curies":[{"name":"wp","href":"https:\/\/api.w.org\/{rel}","templated":true}]}}