{"id":13516,"date":"2021-05-20T22:10:08","date_gmt":"2021-05-20T22:10:08","guid":{"rendered":"https:\/\/maqtool.pt\/produto\/cob-1015-u1-product-variation\/"},"modified":"2022-12-21T16:43:40","modified_gmt":"2022-12-21T16:43:40","slug":"armoires-de-classement-portes-a-volet","status":"publish","type":"product","link":"https:\/\/maqtool.pt\/fr\/produto\/armoires-de-classement-portes-a-volet\/","title":{"rendered":"Armoires de Classement Portes \u00e0 Volet"},"content":{"rendered":"<p>Armoires \u00e0 dossiers en structure m\u00e9tallique laqu\u00e9e avec portes \u00e0 volet. Possibilit\u00e9 de fabrication en plusieurs mesures avec finition noire et grise. Livr\u00e9 assembl\u00e9, pr\u00eat \u00e0 l\u2019emploi.<br \/>\nLes portes coulissantes avec serrure permettent un rangement avec un acc\u00e8s restreint.<\/p>\n<p>Des portes roulantes verrouillables permettent le stockage avec un acc\u00e8s restreint.<\/p>\n<p>Possibilit\u00e9 de fabrication&nbsp;avec d&rsquo;autres couleurs, sur demande.<\/p>\n<p>Peut \u00eatre fourni en deux couleurs (porte\/cabinet).<\/p>\n<p><strong>Assemblage <\/strong>&#8211;&nbsp;Non requis<\/p>\n<p><strong>Couleurs (cabinet)<\/strong> &#8211; &nbsp;Gris et noir<\/p>\n<p><strong>Couleurs (porte<\/strong> &#8211;&nbsp;Gris, aluminium, beige et noir<\/p>\n","protected":false},"excerpt":{"rendered":"<p>Armoires \u00e0 dossiers en structure m\u00e9tallique laqu\u00e9e avec portes \u00e0 volet. Possibilit\u00e9 de fabrication en plusieurs mesures avec finition noire et grise. Livr\u00e9 assembl\u00e9, pr\u00eat \u00e0 l\u2019emploi.<br \/>\nLes portes coulissantes avec serrure permettent un rangement avec un acc\u00e8s restreint.<\/p>\n<p>Des portes roulantes verrouillables permettent le stockage avec un acc\u00e8s restreint.<\/p>\n<p>Possibilit\u00e9 de fabrication&nbsp;avec d&rsquo;autres couleurs, sur demande.<\/p>\n<p>Peut \u00eatre fourni en deux couleurs (porte\/cabinet).<\/p>\n<p><strong>Assemblage <\/strong>&#8211;&nbsp;Non requis<\/p>\n<p><strong>Couleurs (cabinet)<\/strong> &#8211; &nbsp;Gris et noir<\/p>\n<p><strong>Couleurs (porte<\/strong> &#8211;&nbsp;Gris, aluminium, beige et noir<\/p>\n","protected":false},"featured_media":1644,"template":"","meta":{"_eb_attr":"","_uag_custom_page_level_css":"","site-sidebar-layout":"default","site-content-layout":"default","ast-site-content-layout":"default","site-content-style":"default","site-sidebar-style":"default","ast-global-header-display":"","ast-banner-title-visibility":"","ast-main-header-display":"","ast-hfb-above-header-display":"","ast-hfb-below-header-display":"","ast-hfb-mobile-header-display":"","site-post-title":"","ast-breadcrumbs-content":"","ast-featured-img":"","footer-sml-layout":"","ast-disable-related-posts":"","theme-transparent-header-meta":"default","adv-header-id-meta":"","stick-header-meta":"default","header-above-stick-meta":"","header-main-stick-meta":"","header-below-stick-meta":"","astra-migrate-meta-layouts":"default","ast-page-background-enabled":"default","ast-page-background-meta":{"desktop":{"background-color":"","background-image":"","background-repeat":"repeat","background-position":"center center","background-size":"auto","background-attachment":"scroll","background-type":"","background-media":"","overlay-type":"","overlay-color":"","overlay-opacity":"","overlay-gradient":""},"tablet":{"background-color":"","background-image":"","background-repeat":"repeat","background-position":"center center","background-size":"auto","background-attachment":"scroll","background-type":"","background-media":"","overlay-type":"","overlay-color":"","overlay-opacity":"","overlay-gradient":""},"mobile":{"background-color":"","background-image":"","background-repeat":"repeat","background-position":"center center","background-size":"auto","background-attachment":"scroll","background-type":"","background-media":"","overlay-type":"","overlay-color":"","overlay-opacity":"","overlay-gradient":""}},"ast-content-background-meta":{"desktop":{"background-color":"var(--ast-global-color-5)","background-image":"","background-repeat":"repeat","background-position":"center center","background-size":"auto","background-attachment":"scroll","background-type":"","background-media":"","overlay-type":"","overlay-color":"","overlay-opacity":"","overlay-gradient":""},"tablet":{"background-color":"var(--ast-global-color-5)","background-image":"","background-repeat":"repeat","background-position":"center center","background-size":"auto","background-attachment":"scroll","background-type":"","background-media":"","overlay-type":"","overlay-color":"","overlay-opacity":"","overlay-gradient":""},"mobile":{"background-color":"var(--ast-global-color-5)","background-image":"","background-repeat":"repeat","background-position":"center center","background-size":"auto","background-attachment":"scroll","background-type":"","background-media":"","overlay-type":"","overlay-color":"","overlay-opacity":"","overlay-gradient":""}}},"product_brand":[],"product_cat":[5077,5095],"product_tag":[],"class_list":{"0":"post-13516","1":"product","2":"type-product","3":"status-publish","4":"has-post-thumbnail","6":"product_cat-materiel-collectif","7":"product_cat-classeurs","8":"pa_alt-total-mm-1150-fr","9":"pa_alt-total-mm-500-fr","10":"pa_alt-total-mm-800-fr","11":"pa_alt-total-mm-1950-fr","12":"pa_alt-total-mm-1540-fr","13":"pa_larg-mm-800-fr","14":"pa_larg-mm-1000-fr","15":"pa_larg-mm-1200-fr","16":"pa_prof-mm-420-fr","17":"desktop-align-center","18":"tablet-align-center","19":"mobile-align-center","20":"ast-product-gallery-layout-horizontal","21":"ast-product-gallery-with-no-image","22":"ast-product-single-variable","23":"ast-product-tabs-layout-horizontal","25":"first","26":"onbackorder","27":"taxable","28":"shipping-taxable","29":"product-type-variable"},"acf":[],"yoast_head":"<!-- This site is optimized with the Yoast SEO plugin v27.3 - https:\/\/yoast.com\/product\/yoast-seo-wordpress\/ -->\n<title>Armoires de Classement Portes \u00e0 Volet - MAQTOOL<\/title>\n<meta name=\"robots\" content=\"index, follow, max-snippet:-1, max-image-preview:large, max-video-preview:-1\" \/>\n<link rel=\"canonical\" href=\"https:\/\/maqtool.pt\/fr\/produto\/armoires-de-classement-portes-a-volet\/\" \/>\n<meta property=\"og:locale\" content=\"fr_FR\" \/>\n<meta property=\"og:type\" content=\"article\" \/>\n<meta property=\"og:title\" content=\"Armoires de Classement Portes \u00e0 Volet - MAQTOOL\" \/>\n<meta property=\"og:description\" content=\"Armoires \u00e0 dossiers en structure m\u00e9tallique laqu\u00e9e avec portes \u00e0 volet. Possibilit\u00e9 de fabrication en plusieurs mesures avec finition noire et grise. Livr\u00e9 assembl\u00e9, pr\u00eat \u00e0 l\u2019emploi. Les portes coulissantes avec serrure permettent un rangement avec un acc\u00e8s restreint. Des portes roulantes verrouillables permettent le stockage avec un acc\u00e8s restreint. Possibilit\u00e9 de fabrication&nbsp;avec d&#039;autres couleurs, sur demande. Peut \u00eatre fourni en deux couleurs (porte\/cabinet). Assemblage -&nbsp;Non requis Couleurs (cabinet) - &nbsp;Gris et noir Couleurs (porte -&nbsp;Gris, aluminium, beige et noir\" \/>\n<meta property=\"og:url\" content=\"https:\/\/maqtool.pt\/fr\/produto\/armoires-de-classement-portes-a-volet\/\" \/>\n<meta property=\"og:site_name\" content=\"MAQTOOL\" \/>\n<meta property=\"article:publisher\" content=\"https:\/\/www.facebook.com\/cobermaster\" \/>\n<meta property=\"article:modified_time\" content=\"2022-12-21T16:43:40+00:00\" \/>\n<meta property=\"og:image\" content=\"https:\/\/maqtool.pt\/wp-content\/uploads\/2021\/05\/COB1015.jpg\" \/>\n\t<meta property=\"og:image:width\" content=\"250\" \/>\n\t<meta property=\"og:image:height\" content=\"250\" \/>\n\t<meta property=\"og:image:type\" content=\"image\/jpeg\" \/>\n<meta name=\"twitter:card\" content=\"summary_large_image\" \/>\n<meta name=\"twitter:label1\" content=\"Dur\u00e9e de lecture estim\u00e9e\" \/>\n\t<meta name=\"twitter:data1\" content=\"1 minute\" \/>\n<script type=\"application\/ld+json\" class=\"yoast-schema-graph\">{\"@context\":\"https:\\\/\\\/schema.org\",\"@graph\":[{\"@type\":\"WebPage\",\"@id\":\"https:\\\/\\\/maqtool.pt\\\/fr\\\/produto\\\/armoires-de-classement-portes-a-volet\\\/\",\"url\":\"https:\\\/\\\/maqtool.pt\\\/fr\\\/produto\\\/armoires-de-classement-portes-a-volet\\\/\",\"name\":\"Armoires de Classement Portes \u00e0 Volet - MAQTOOL\",\"isPartOf\":{\"@id\":\"https:\\\/\\\/maqtool.pt\\\/#website\"},\"primaryImageOfPage\":{\"@id\":\"https:\\\/\\\/maqtool.pt\\\/fr\\\/produto\\\/armoires-de-classement-portes-a-volet\\\/#primaryimage\"},\"image\":{\"@id\":\"https:\\\/\\\/maqtool.pt\\\/fr\\\/produto\\\/armoires-de-classement-portes-a-volet\\\/#primaryimage\"},\"thumbnailUrl\":\"https:\\\/\\\/maqtool.pt\\\/wp-content\\\/uploads\\\/2021\\\/05\\\/COB1015.jpg\",\"datePublished\":\"2021-05-20T22:10:08+00:00\",\"dateModified\":\"2022-12-21T16:43:40+00:00\",\"breadcrumb\":{\"@id\":\"https:\\\/\\\/maqtool.pt\\\/fr\\\/produto\\\/armoires-de-classement-portes-a-volet\\\/#breadcrumb\"},\"inLanguage\":\"fr-FR\",\"potentialAction\":[{\"@type\":\"ReadAction\",\"target\":[\"https:\\\/\\\/maqtool.pt\\\/fr\\\/produto\\\/armoires-de-classement-portes-a-volet\\\/\"]}]},{\"@type\":\"ImageObject\",\"inLanguage\":\"fr-FR\",\"@id\":\"https:\\\/\\\/maqtool.pt\\\/fr\\\/produto\\\/armoires-de-classement-portes-a-volet\\\/#primaryimage\",\"url\":\"https:\\\/\\\/maqtool.pt\\\/wp-content\\\/uploads\\\/2021\\\/05\\\/COB1015.jpg\",\"contentUrl\":\"https:\\\/\\\/maqtool.pt\\\/wp-content\\\/uploads\\\/2021\\\/05\\\/COB1015.jpg\",\"width\":250,\"height\":250},{\"@type\":\"BreadcrumbList\",\"@id\":\"https:\\\/\\\/maqtool.pt\\\/fr\\\/produto\\\/armoires-de-classement-portes-a-volet\\\/#breadcrumb\",\"itemListElement\":[{\"@type\":\"ListItem\",\"position\":1,\"name\":\"In\u00edcio\",\"item\":\"https:\\\/\\\/maqtool.pt\\\/fr\\\/home\\\/\"},{\"@type\":\"ListItem\",\"position\":2,\"name\":\"Produtos\",\"item\":\"https:\\\/\\\/maqtool.pt\\\/produtos\\\/\"},{\"@type\":\"ListItem\",\"position\":3,\"name\":\"Armoires de Classement Portes \u00e0 Volet\"}]},{\"@type\":\"WebSite\",\"@id\":\"https:\\\/\\\/maqtool.pt\\\/#website\",\"url\":\"https:\\\/\\\/maqtool.pt\\\/\",\"name\":\"Cobermaster Industry\",\"description\":\"\",\"publisher\":{\"@id\":\"https:\\\/\\\/maqtool.pt\\\/#organization\"},\"potentialAction\":[{\"@type\":\"SearchAction\",\"target\":{\"@type\":\"EntryPoint\",\"urlTemplate\":\"https:\\\/\\\/maqtool.pt\\\/?s={search_term_string}\"},\"query-input\":{\"@type\":\"PropertyValueSpecification\",\"valueRequired\":true,\"valueName\":\"search_term_string\"}}],\"inLanguage\":\"fr-FR\"},{\"@type\":\"Organization\",\"@id\":\"https:\\\/\\\/maqtool.pt\\\/#organization\",\"name\":\"MAQTOOL\",\"url\":\"https:\\\/\\\/maqtool.pt\\\/\",\"logo\":{\"@type\":\"ImageObject\",\"inLanguage\":\"fr-FR\",\"@id\":\"https:\\\/\\\/maqtool.pt\\\/#\\\/schema\\\/logo\\\/image\\\/\",\"url\":\"https:\\\/\\\/maqtool.pt\\\/wp-content\\\/uploads\\\/2022\\\/09\\\/MAQTOOL-LOGO.jpg\",\"contentUrl\":\"https:\\\/\\\/maqtool.pt\\\/wp-content\\\/uploads\\\/2022\\\/09\\\/MAQTOOL-LOGO.jpg\",\"width\":762,\"height\":228,\"caption\":\"MAQTOOL\"},\"image\":{\"@id\":\"https:\\\/\\\/maqtool.pt\\\/#\\\/schema\\\/logo\\\/image\\\/\"},\"sameAs\":[\"https:\\\/\\\/www.facebook.com\\\/cobermaster\"]}]}<\/script>\n<!-- \/ Yoast SEO plugin. -->","yoast_head_json":{"title":"Armoires de Classement Portes \u00e0 Volet - MAQTOOL","robots":{"index":"index","follow":"follow","max-snippet":"max-snippet:-1","max-image-preview":"max-image-preview:large","max-video-preview":"max-video-preview:-1"},"canonical":"https:\/\/maqtool.pt\/fr\/produto\/armoires-de-classement-portes-a-volet\/","og_locale":"fr_FR","og_type":"article","og_title":"Armoires de Classement Portes \u00e0 Volet - MAQTOOL","og_description":"Armoires \u00e0 dossiers en structure m\u00e9tallique laqu\u00e9e avec portes \u00e0 volet. Possibilit\u00e9 de fabrication en plusieurs mesures avec finition noire et grise. Livr\u00e9 assembl\u00e9, pr\u00eat \u00e0 l\u2019emploi. Les portes coulissantes avec serrure permettent un rangement avec un acc\u00e8s restreint. Des portes roulantes verrouillables permettent le stockage avec un acc\u00e8s restreint. Possibilit\u00e9 de fabrication&nbsp;avec d'autres couleurs, sur demande. Peut \u00eatre fourni en deux couleurs (porte\/cabinet). Assemblage -&nbsp;Non requis Couleurs (cabinet) - &nbsp;Gris et noir Couleurs (porte -&nbsp;Gris, aluminium, beige et noir","og_url":"https:\/\/maqtool.pt\/fr\/produto\/armoires-de-classement-portes-a-volet\/","og_site_name":"MAQTOOL","article_publisher":"https:\/\/www.facebook.com\/cobermaster","article_modified_time":"2022-12-21T16:43:40+00:00","og_image":[{"width":250,"height":250,"url":"https:\/\/maqtool.pt\/wp-content\/uploads\/2021\/05\/COB1015.jpg","type":"image\/jpeg"}],"twitter_card":"summary_large_image","twitter_misc":{"Dur\u00e9e de lecture estim\u00e9e":"1 minute"},"schema":{"@context":"https:\/\/schema.org","@graph":[{"@type":"WebPage","@id":"https:\/\/maqtool.pt\/fr\/produto\/armoires-de-classement-portes-a-volet\/","url":"https:\/\/maqtool.pt\/fr\/produto\/armoires-de-classement-portes-a-volet\/","name":"Armoires de Classement Portes \u00e0 Volet - MAQTOOL","isPartOf":{"@id":"https:\/\/maqtool.pt\/#website"},"primaryImageOfPage":{"@id":"https:\/\/maqtool.pt\/fr\/produto\/armoires-de-classement-portes-a-volet\/#primaryimage"},"image":{"@id":"https:\/\/maqtool.pt\/fr\/produto\/armoires-de-classement-portes-a-volet\/#primaryimage"},"thumbnailUrl":"https:\/\/maqtool.pt\/wp-content\/uploads\/2021\/05\/COB1015.jpg","datePublished":"2021-05-20T22:10:08+00:00","dateModified":"2022-12-21T16:43:40+00:00","breadcrumb":{"@id":"https:\/\/maqtool.pt\/fr\/produto\/armoires-de-classement-portes-a-volet\/#breadcrumb"},"inLanguage":"fr-FR","potentialAction":[{"@type":"ReadAction","target":["https:\/\/maqtool.pt\/fr\/produto\/armoires-de-classement-portes-a-volet\/"]}]},{"@type":"ImageObject","inLanguage":"fr-FR","@id":"https:\/\/maqtool.pt\/fr\/produto\/armoires-de-classement-portes-a-volet\/#primaryimage","url":"https:\/\/maqtool.pt\/wp-content\/uploads\/2021\/05\/COB1015.jpg","contentUrl":"https:\/\/maqtool.pt\/wp-content\/uploads\/2021\/05\/COB1015.jpg","width":250,"height":250},{"@type":"BreadcrumbList","@id":"https:\/\/maqtool.pt\/fr\/produto\/armoires-de-classement-portes-a-volet\/#breadcrumb","itemListElement":[{"@type":"ListItem","position":1,"name":"In\u00edcio","item":"https:\/\/maqtool.pt\/fr\/home\/"},{"@type":"ListItem","position":2,"name":"Produtos","item":"https:\/\/maqtool.pt\/produtos\/"},{"@type":"ListItem","position":3,"name":"Armoires de Classement Portes \u00e0 Volet"}]},{"@type":"WebSite","@id":"https:\/\/maqtool.pt\/#website","url":"https:\/\/maqtool.pt\/","name":"Cobermaster Industry","description":"","publisher":{"@id":"https:\/\/maqtool.pt\/#organization"},"potentialAction":[{"@type":"SearchAction","target":{"@type":"EntryPoint","urlTemplate":"https:\/\/maqtool.pt\/?s={search_term_string}"},"query-input":{"@type":"PropertyValueSpecification","valueRequired":true,"valueName":"search_term_string"}}],"inLanguage":"fr-FR"},{"@type":"Organization","@id":"https:\/\/maqtool.pt\/#organization","name":"MAQTOOL","url":"https:\/\/maqtool.pt\/","logo":{"@type":"ImageObject","inLanguage":"fr-FR","@id":"https:\/\/maqtool.pt\/#\/schema\/logo\/image\/","url":"https:\/\/maqtool.pt\/wp-content\/uploads\/2022\/09\/MAQTOOL-LOGO.jpg","contentUrl":"https:\/\/maqtool.pt\/wp-content\/uploads\/2022\/09\/MAQTOOL-LOGO.jpg","width":762,"height":228,"caption":"MAQTOOL"},"image":{"@id":"https:\/\/maqtool.pt\/#\/schema\/logo\/image\/"},"sameAs":["https:\/\/www.facebook.com\/cobermaster"]}]}},"uagb_featured_image_src":{"full":["https:\/\/maqtool.pt\/wp-content\/uploads\/2021\/05\/COB1015.jpg",250,250,false],"thumbnail":["https:\/\/maqtool.pt\/wp-content\/uploads\/2021\/05\/COB1015-150x150.jpg",150,150,true],"medium":["https:\/\/maqtool.pt\/wp-content\/uploads\/2021\/05\/COB1015.jpg",250,250,false],"medium_large":["https:\/\/maqtool.pt\/wp-content\/uploads\/2021\/05\/COB1015.jpg",250,250,false],"large":["https:\/\/maqtool.pt\/wp-content\/uploads\/2021\/05\/COB1015.jpg",250,250,false],"1536x1536":["https:\/\/maqtool.pt\/wp-content\/uploads\/2021\/05\/COB1015.jpg",250,250,false],"2048x2048":["https:\/\/maqtool.pt\/wp-content\/uploads\/2021\/05\/COB1015.jpg",250,250,false],"woocommerce_thumbnail":["https:\/\/maqtool.pt\/wp-content\/uploads\/2021\/05\/COB1015-195x195.jpg",195,195,true],"woocommerce_single":["https:\/\/maqtool.pt\/wp-content\/uploads\/2021\/05\/COB1015.jpg",250,250,false],"woocommerce_gallery_thumbnail":["https:\/\/maqtool.pt\/wp-content\/uploads\/2021\/05\/COB1015-100x100.jpg",100,100,true]},"uagb_author_info":{"display_name":"pedrocandeias","author_link":"https:\/\/maqtool.pt\/fr\/author\/"},"uagb_comment_info":0,"uagb_excerpt":"Armoires \u00e0 dossiers en structure m\u00e9tallique laqu\u00e9e avec portes \u00e0 volet. Possibilit\u00e9 de fabrication en plusieurs mesures avec finition noire et grise. Livr\u00e9 assembl\u00e9, pr\u00eat \u00e0 l\u2019emploi. Les portes coulissantes avec serrure permettent un rangement avec un acc\u00e8s restreint. Des portes roulantes verrouillables permettent le stockage avec un acc\u00e8s restreint. Possibilit\u00e9 de fabrication&nbsp;avec d'autres couleurs,\u2026","_links":{"self":[{"href":"https:\/\/maqtool.pt\/fr\/wp-json\/wp\/v2\/product\/13516","targetHints":{"allow":["GET"]}}],"collection":[{"href":"https:\/\/maqtool.pt\/fr\/wp-json\/wp\/v2\/product"}],"about":[{"href":"https:\/\/maqtool.pt\/fr\/wp-json\/wp\/v2\/types\/product"}],"wp:featuredmedia":[{"embeddable":true,"href":"https:\/\/maqtool.pt\/fr\/wp-json\/wp\/v2\/media\/1644"}],"wp:attachment":[{"href":"https:\/\/maqtool.pt\/fr\/wp-json\/wp\/v2\/media?parent=13516"}],"wp:term":[{"taxonomy":"product_brand","embeddable":true,"href":"https:\/\/maqtool.pt\/fr\/wp-json\/wp\/v2\/product_brand?post=13516"},{"taxonomy":"product_cat","embeddable":true,"href":"https:\/\/maqtool.pt\/fr\/wp-json\/wp\/v2\/product_cat?post=13516"},{"taxonomy":"product_tag","embeddable":true,"href":"https:\/\/maqtool.pt\/fr\/wp-json\/wp\/v2\/product_tag?post=13516"}],"curies":[{"name":"wp","href":"https:\/\/api.w.org\/{rel}","templated":true}]}}