{"id":13520,"date":"2021-05-18T20:41:47","date_gmt":"2021-05-18T20:41:47","guid":{"rendered":"https:\/\/maqtool.pt\/produto\/cob-1044-u1-product-variation\/"},"modified":"2022-12-21T14:14:11","modified_gmt":"2022-12-21T14:14:11","slug":"armario-de-arquivo-com-porta-de-vidro","status":"publish","type":"product","link":"https:\/\/maqtool.pt\/fr\/produto\/armario-de-arquivo-com-porta-de-vidro\/","title":{"rendered":"Classeur avec Porte en Verre"},"content":{"rendered":"<p>Armoires de classement en structure m\u00e9tallique laqu\u00e9e avec portes coulissantes en verre.<\/p>\n<p>Possibilit\u00e9 de fabrication en plusieurs mesures avec finition noire et grise. Livr\u00e9 assembl\u00e9, pr\u00eat \u00e0 l\u2019emploi.<br \/>\nLes portes coulissantes avec serrure permettent un rangement avec un acc\u00e8s restreint.<\/p>\n<p>Les portes coulissantes avec serrure permettent un rangement avec un acc\u00e8s restreint.<\/p>\n<p>Possibilit\u00e9 de fabrication avec d\u2019autres couleurs, sur demande.<\/p>\n<p><strong>Montagem <\/strong>&#8211; N\u00e3o necessita<\/p>\n<p><strong>Couleurs (Cabinet)<\/strong> &#8211; Gris et noir<\/p>\n<p><strong>Colleurs (portes)<\/strong> &#8211; Gris et noir<\/p>\n","protected":false},"excerpt":{"rendered":"<p>Armoires de classement en structure m\u00e9tallique laqu\u00e9e avec portes coulissantes en verre.<\/p>\n<p>Possibilit\u00e9 de fabrication en plusieurs mesures avec finition noire et grise. Livr\u00e9 assembl\u00e9, pr\u00eat \u00e0 l\u2019emploi.<br \/>\nLes portes coulissantes avec serrure permettent un rangement avec un acc\u00e8s restreint.<\/p>\n<p>Les portes coulissantes verrouillables permettent un stockage avec restriction de<br \/>\nacc\u00e8s.<\/p>\n<p>Possibilit\u00e9 de fabrication avec d\u2019autres couleurs, sur demande.<\/p>\n","protected":false},"featured_media":19820,"template":"","meta":{"_eb_attr":"","_uag_custom_page_level_css":"","site-sidebar-layout":"default","site-content-layout":"default","ast-site-content-layout":"default","site-content-style":"default","site-sidebar-style":"default","ast-global-header-display":"","ast-banner-title-visibility":"","ast-main-header-display":"","ast-hfb-above-header-display":"","ast-hfb-below-header-display":"","ast-hfb-mobile-header-display":"","site-post-title":"","ast-breadcrumbs-content":"","ast-featured-img":"","footer-sml-layout":"","ast-disable-related-posts":"","theme-transparent-header-meta":"default","adv-header-id-meta":"","stick-header-meta":"default","header-above-stick-meta":"","header-main-stick-meta":"","header-below-stick-meta":"","astra-migrate-meta-layouts":"default","ast-page-background-enabled":"default","ast-page-background-meta":{"desktop":{"background-color":"","background-image":"","background-repeat":"repeat","background-position":"center center","background-size":"auto","background-attachment":"scroll","background-type":"","background-media":"","overlay-type":"","overlay-color":"","overlay-opacity":"","overlay-gradient":""},"tablet":{"background-color":"","background-image":"","background-repeat":"repeat","background-position":"center center","background-size":"auto","background-attachment":"scroll","background-type":"","background-media":"","overlay-type":"","overlay-color":"","overlay-opacity":"","overlay-gradient":""},"mobile":{"background-color":"","background-image":"","background-repeat":"repeat","background-position":"center center","background-size":"auto","background-attachment":"scroll","background-type":"","background-media":"","overlay-type":"","overlay-color":"","overlay-opacity":"","overlay-gradient":""}},"ast-content-background-meta":{"desktop":{"background-color":"var(--ast-global-color-5)","background-image":"","background-repeat":"repeat","background-position":"center center","background-size":"auto","background-attachment":"scroll","background-type":"","background-media":"","overlay-type":"","overlay-color":"","overlay-opacity":"","overlay-gradient":""},"tablet":{"background-color":"var(--ast-global-color-5)","background-image":"","background-repeat":"repeat","background-position":"center center","background-size":"auto","background-attachment":"scroll","background-type":"","background-media":"","overlay-type":"","overlay-color":"","overlay-opacity":"","overlay-gradient":""},"mobile":{"background-color":"var(--ast-global-color-5)","background-image":"","background-repeat":"repeat","background-position":"center center","background-size":"auto","background-attachment":"scroll","background-type":"","background-media":"","overlay-type":"","overlay-color":"","overlay-opacity":"","overlay-gradient":""}}},"product_brand":[],"product_cat":[5077,5095],"product_tag":[],"class_list":{"0":"post-13520","1":"product","2":"type-product","3":"status-publish","4":"has-post-thumbnail","6":"product_cat-materiel-collectif","7":"product_cat-classeurs","8":"pa_alt-total-mm-1540-fr","9":"pa_alt-total-mm-1150-fr","10":"pa_alt-total-mm-800-fr","11":"pa_alt-total-mm-1950-fr","12":"pa_larg-mm-800-fr","13":"pa_larg-mm-1000-fr","14":"pa_larg-mm-1200-fr","15":"pa_prof-mm-420-fr","16":"desktop-align-center","17":"tablet-align-center","18":"mobile-align-center","19":"ast-product-gallery-layout-horizontal","20":"ast-product-gallery-with-no-image","21":"ast-product-single-variable","22":"ast-product-tabs-layout-horizontal","24":"first","25":"onbackorder","26":"taxable","27":"shipping-taxable","28":"product-type-variable","29":"has-default-attributes"},"acf":[],"yoast_head":"<!-- This site is optimized with the Yoast SEO plugin v27.2 - https:\/\/yoast.com\/product\/yoast-seo-wordpress\/ -->\n<title>Classeur avec Porte en Verre - MAQTOOL<\/title>\n<meta name=\"robots\" content=\"index, follow, max-snippet:-1, max-image-preview:large, max-video-preview:-1\" \/>\n<link rel=\"canonical\" href=\"https:\/\/maqtool.pt\/fr\/produto\/armario-de-arquivo-com-porta-de-vidro\/\" \/>\n<meta property=\"og:locale\" content=\"fr_FR\" \/>\n<meta property=\"og:type\" content=\"article\" \/>\n<meta property=\"og:title\" content=\"Classeur avec Porte en Verre - MAQTOOL\" \/>\n<meta property=\"og:description\" content=\"Armoires de classement en structure m\u00e9tallique laqu\u00e9e avec portes coulissantes en verre. Possibilit\u00e9 de fabrication en plusieurs mesures avec finition noire et grise. Livr\u00e9 assembl\u00e9, pr\u00eat \u00e0 l\u2019emploi. Les portes coulissantes avec serrure permettent un rangement avec un acc\u00e8s restreint. Les portes coulissantes verrouillables permettent un stockage avec restriction de acc\u00e8s. Possibilit\u00e9 de fabrication avec d\u2019autres couleurs, sur demande.\" \/>\n<meta property=\"og:url\" content=\"https:\/\/maqtool.pt\/fr\/produto\/armario-de-arquivo-com-porta-de-vidro\/\" \/>\n<meta property=\"og:site_name\" content=\"MAQTOOL\" \/>\n<meta property=\"article:publisher\" content=\"https:\/\/www.facebook.com\/cobermaster\" \/>\n<meta property=\"article:modified_time\" content=\"2022-12-21T14:14:11+00:00\" \/>\n<meta property=\"og:image\" content=\"https:\/\/maqtool.pt\/wp-content\/uploads\/2021\/05\/COB1044-Armario-de-Arquivo-com-Porta-de-Vidro-1.jpg\" \/>\n\t<meta property=\"og:image:width\" content=\"800\" \/>\n\t<meta property=\"og:image:height\" content=\"800\" \/>\n\t<meta property=\"og:image:type\" content=\"image\/jpeg\" \/>\n<meta name=\"twitter:card\" content=\"summary_large_image\" \/>\n<script type=\"application\/ld+json\" class=\"yoast-schema-graph\">{\"@context\":\"https:\/\/schema.org\",\"@graph\":[{\"@type\":\"WebPage\",\"@id\":\"https:\/\/maqtool.pt\/fr\/produto\/armario-de-arquivo-com-porta-de-vidro\/\",\"url\":\"https:\/\/maqtool.pt\/fr\/produto\/armario-de-arquivo-com-porta-de-vidro\/\",\"name\":\"Classeur avec Porte en Verre - MAQTOOL\",\"isPartOf\":{\"@id\":\"https:\/\/maqtool.pt\/#website\"},\"primaryImageOfPage\":{\"@id\":\"https:\/\/maqtool.pt\/fr\/produto\/armario-de-arquivo-com-porta-de-vidro\/#primaryimage\"},\"image\":{\"@id\":\"https:\/\/maqtool.pt\/fr\/produto\/armario-de-arquivo-com-porta-de-vidro\/#primaryimage\"},\"thumbnailUrl\":\"https:\/\/maqtool.pt\/wp-content\/uploads\/2021\/05\/COB1044-Armario-de-Arquivo-com-Porta-de-Vidro-1.jpg\",\"datePublished\":\"2021-05-18T20:41:47+00:00\",\"dateModified\":\"2022-12-21T14:14:11+00:00\",\"breadcrumb\":{\"@id\":\"https:\/\/maqtool.pt\/fr\/produto\/armario-de-arquivo-com-porta-de-vidro\/#breadcrumb\"},\"inLanguage\":\"fr-FR\",\"potentialAction\":[{\"@type\":\"ReadAction\",\"target\":[\"https:\/\/maqtool.pt\/fr\/produto\/armario-de-arquivo-com-porta-de-vidro\/\"]}]},{\"@type\":\"ImageObject\",\"inLanguage\":\"fr-FR\",\"@id\":\"https:\/\/maqtool.pt\/fr\/produto\/armario-de-arquivo-com-porta-de-vidro\/#primaryimage\",\"url\":\"https:\/\/maqtool.pt\/wp-content\/uploads\/2021\/05\/COB1044-Armario-de-Arquivo-com-Porta-de-Vidro-1.jpg\",\"contentUrl\":\"https:\/\/maqtool.pt\/wp-content\/uploads\/2021\/05\/COB1044-Armario-de-Arquivo-com-Porta-de-Vidro-1.jpg\",\"width\":800,\"height\":800},{\"@type\":\"BreadcrumbList\",\"@id\":\"https:\/\/maqtool.pt\/fr\/produto\/armario-de-arquivo-com-porta-de-vidro\/#breadcrumb\",\"itemListElement\":[{\"@type\":\"ListItem\",\"position\":1,\"name\":\"In\u00edcio\",\"item\":\"https:\/\/maqtool.pt\/fr\/home\/\"},{\"@type\":\"ListItem\",\"position\":2,\"name\":\"Produtos\",\"item\":\"https:\/\/maqtool.pt\/produtos\/\"},{\"@type\":\"ListItem\",\"position\":3,\"name\":\"Classeur avec Porte en Verre\"}]},{\"@type\":\"WebSite\",\"@id\":\"https:\/\/maqtool.pt\/#website\",\"url\":\"https:\/\/maqtool.pt\/\",\"name\":\"Cobermaster Industry\",\"description\":\"\",\"publisher\":{\"@id\":\"https:\/\/maqtool.pt\/#organization\"},\"potentialAction\":[{\"@type\":\"SearchAction\",\"target\":{\"@type\":\"EntryPoint\",\"urlTemplate\":\"https:\/\/maqtool.pt\/?s={search_term_string}\"},\"query-input\":{\"@type\":\"PropertyValueSpecification\",\"valueRequired\":true,\"valueName\":\"search_term_string\"}}],\"inLanguage\":\"fr-FR\"},{\"@type\":\"Organization\",\"@id\":\"https:\/\/maqtool.pt\/#organization\",\"name\":\"MAQTOOL\",\"url\":\"https:\/\/maqtool.pt\/\",\"logo\":{\"@type\":\"ImageObject\",\"inLanguage\":\"fr-FR\",\"@id\":\"https:\/\/maqtool.pt\/#\/schema\/logo\/image\/\",\"url\":\"https:\/\/maqtool.pt\/wp-content\/uploads\/2022\/09\/MAQTOOL-LOGO.jpg\",\"contentUrl\":\"https:\/\/maqtool.pt\/wp-content\/uploads\/2022\/09\/MAQTOOL-LOGO.jpg\",\"width\":762,\"height\":228,\"caption\":\"MAQTOOL\"},\"image\":{\"@id\":\"https:\/\/maqtool.pt\/#\/schema\/logo\/image\/\"},\"sameAs\":[\"https:\/\/www.facebook.com\/cobermaster\"]}]}<\/script>\n<!-- \/ Yoast SEO plugin. -->","yoast_head_json":{"title":"Classeur avec Porte en Verre - MAQTOOL","robots":{"index":"index","follow":"follow","max-snippet":"max-snippet:-1","max-image-preview":"max-image-preview:large","max-video-preview":"max-video-preview:-1"},"canonical":"https:\/\/maqtool.pt\/fr\/produto\/armario-de-arquivo-com-porta-de-vidro\/","og_locale":"fr_FR","og_type":"article","og_title":"Classeur avec Porte en Verre - MAQTOOL","og_description":"Armoires de classement en structure m\u00e9tallique laqu\u00e9e avec portes coulissantes en verre. Possibilit\u00e9 de fabrication en plusieurs mesures avec finition noire et grise. Livr\u00e9 assembl\u00e9, pr\u00eat \u00e0 l\u2019emploi. Les portes coulissantes avec serrure permettent un rangement avec un acc\u00e8s restreint. Les portes coulissantes verrouillables permettent un stockage avec restriction de acc\u00e8s. Possibilit\u00e9 de fabrication avec d\u2019autres couleurs, sur demande.","og_url":"https:\/\/maqtool.pt\/fr\/produto\/armario-de-arquivo-com-porta-de-vidro\/","og_site_name":"MAQTOOL","article_publisher":"https:\/\/www.facebook.com\/cobermaster","article_modified_time":"2022-12-21T14:14:11+00:00","og_image":[{"width":800,"height":800,"url":"https:\/\/maqtool.pt\/wp-content\/uploads\/2021\/05\/COB1044-Armario-de-Arquivo-com-Porta-de-Vidro-1.jpg","type":"image\/jpeg"}],"twitter_card":"summary_large_image","schema":{"@context":"https:\/\/schema.org","@graph":[{"@type":"WebPage","@id":"https:\/\/maqtool.pt\/fr\/produto\/armario-de-arquivo-com-porta-de-vidro\/","url":"https:\/\/maqtool.pt\/fr\/produto\/armario-de-arquivo-com-porta-de-vidro\/","name":"Classeur avec Porte en Verre - MAQTOOL","isPartOf":{"@id":"https:\/\/maqtool.pt\/#website"},"primaryImageOfPage":{"@id":"https:\/\/maqtool.pt\/fr\/produto\/armario-de-arquivo-com-porta-de-vidro\/#primaryimage"},"image":{"@id":"https:\/\/maqtool.pt\/fr\/produto\/armario-de-arquivo-com-porta-de-vidro\/#primaryimage"},"thumbnailUrl":"https:\/\/maqtool.pt\/wp-content\/uploads\/2021\/05\/COB1044-Armario-de-Arquivo-com-Porta-de-Vidro-1.jpg","datePublished":"2021-05-18T20:41:47+00:00","dateModified":"2022-12-21T14:14:11+00:00","breadcrumb":{"@id":"https:\/\/maqtool.pt\/fr\/produto\/armario-de-arquivo-com-porta-de-vidro\/#breadcrumb"},"inLanguage":"fr-FR","potentialAction":[{"@type":"ReadAction","target":["https:\/\/maqtool.pt\/fr\/produto\/armario-de-arquivo-com-porta-de-vidro\/"]}]},{"@type":"ImageObject","inLanguage":"fr-FR","@id":"https:\/\/maqtool.pt\/fr\/produto\/armario-de-arquivo-com-porta-de-vidro\/#primaryimage","url":"https:\/\/maqtool.pt\/wp-content\/uploads\/2021\/05\/COB1044-Armario-de-Arquivo-com-Porta-de-Vidro-1.jpg","contentUrl":"https:\/\/maqtool.pt\/wp-content\/uploads\/2021\/05\/COB1044-Armario-de-Arquivo-com-Porta-de-Vidro-1.jpg","width":800,"height":800},{"@type":"BreadcrumbList","@id":"https:\/\/maqtool.pt\/fr\/produto\/armario-de-arquivo-com-porta-de-vidro\/#breadcrumb","itemListElement":[{"@type":"ListItem","position":1,"name":"In\u00edcio","item":"https:\/\/maqtool.pt\/fr\/home\/"},{"@type":"ListItem","position":2,"name":"Produtos","item":"https:\/\/maqtool.pt\/produtos\/"},{"@type":"ListItem","position":3,"name":"Classeur avec Porte en Verre"}]},{"@type":"WebSite","@id":"https:\/\/maqtool.pt\/#website","url":"https:\/\/maqtool.pt\/","name":"Cobermaster Industry","description":"","publisher":{"@id":"https:\/\/maqtool.pt\/#organization"},"potentialAction":[{"@type":"SearchAction","target":{"@type":"EntryPoint","urlTemplate":"https:\/\/maqtool.pt\/?s={search_term_string}"},"query-input":{"@type":"PropertyValueSpecification","valueRequired":true,"valueName":"search_term_string"}}],"inLanguage":"fr-FR"},{"@type":"Organization","@id":"https:\/\/maqtool.pt\/#organization","name":"MAQTOOL","url":"https:\/\/maqtool.pt\/","logo":{"@type":"ImageObject","inLanguage":"fr-FR","@id":"https:\/\/maqtool.pt\/#\/schema\/logo\/image\/","url":"https:\/\/maqtool.pt\/wp-content\/uploads\/2022\/09\/MAQTOOL-LOGO.jpg","contentUrl":"https:\/\/maqtool.pt\/wp-content\/uploads\/2022\/09\/MAQTOOL-LOGO.jpg","width":762,"height":228,"caption":"MAQTOOL"},"image":{"@id":"https:\/\/maqtool.pt\/#\/schema\/logo\/image\/"},"sameAs":["https:\/\/www.facebook.com\/cobermaster"]}]}},"uagb_featured_image_src":{"full":["https:\/\/maqtool.pt\/wp-content\/uploads\/2021\/05\/COB1044-Armario-de-Arquivo-com-Porta-de-Vidro-1.jpg",800,800,false],"thumbnail":["https:\/\/maqtool.pt\/wp-content\/uploads\/2021\/05\/COB1044-Armario-de-Arquivo-com-Porta-de-Vidro-1-150x150.jpg",150,150,true],"medium":["https:\/\/maqtool.pt\/wp-content\/uploads\/2021\/05\/COB1044-Armario-de-Arquivo-com-Porta-de-Vidro-1-300x300.jpg",300,300,true],"medium_large":["https:\/\/maqtool.pt\/wp-content\/uploads\/2021\/05\/COB1044-Armario-de-Arquivo-com-Porta-de-Vidro-1-768x768.jpg",768,768,true],"large":["https:\/\/maqtool.pt\/wp-content\/uploads\/2021\/05\/COB1044-Armario-de-Arquivo-com-Porta-de-Vidro-1.jpg",800,800,false],"1536x1536":["https:\/\/maqtool.pt\/wp-content\/uploads\/2021\/05\/COB1044-Armario-de-Arquivo-com-Porta-de-Vidro-1.jpg",800,800,false],"2048x2048":["https:\/\/maqtool.pt\/wp-content\/uploads\/2021\/05\/COB1044-Armario-de-Arquivo-com-Porta-de-Vidro-1.jpg",800,800,false],"woocommerce_thumbnail":["https:\/\/maqtool.pt\/wp-content\/uploads\/2021\/05\/COB1044-Armario-de-Arquivo-com-Porta-de-Vidro-1-400x400.jpg",400,400,true],"woocommerce_single":["https:\/\/maqtool.pt\/wp-content\/uploads\/2021\/05\/COB1044-Armario-de-Arquivo-com-Porta-de-Vidro-1-600x600.jpg",600,600,true],"woocommerce_gallery_thumbnail":["https:\/\/maqtool.pt\/wp-content\/uploads\/2021\/05\/COB1044-Armario-de-Arquivo-com-Porta-de-Vidro-1-100x100.jpg",100,100,true]},"uagb_author_info":{"display_name":"pedrocandeias","author_link":"https:\/\/maqtool.pt\/fr\/author\/"},"uagb_comment_info":0,"uagb_excerpt":"Armoires de classement en structure m\u00e9tallique laqu\u00e9e avec portes coulissantes en verre. Possibilit\u00e9 de fabrication en plusieurs mesures avec finition noire et grise. Livr\u00e9 assembl\u00e9, pr\u00eat \u00e0 l\u2019emploi. Les portes coulissantes avec serrure permettent un rangement avec un acc\u00e8s restreint. Les portes coulissantes verrouillables permettent un stockage avec restriction de acc\u00e8s. Possibilit\u00e9 de fabrication avec\u2026","_links":{"self":[{"href":"https:\/\/maqtool.pt\/fr\/wp-json\/wp\/v2\/product\/13520","targetHints":{"allow":["GET"]}}],"collection":[{"href":"https:\/\/maqtool.pt\/fr\/wp-json\/wp\/v2\/product"}],"about":[{"href":"https:\/\/maqtool.pt\/fr\/wp-json\/wp\/v2\/types\/product"}],"wp:featuredmedia":[{"embeddable":true,"href":"https:\/\/maqtool.pt\/fr\/wp-json\/wp\/v2\/media\/19820"}],"wp:attachment":[{"href":"https:\/\/maqtool.pt\/fr\/wp-json\/wp\/v2\/media?parent=13520"}],"wp:term":[{"taxonomy":"product_brand","embeddable":true,"href":"https:\/\/maqtool.pt\/fr\/wp-json\/wp\/v2\/product_brand?post=13520"},{"taxonomy":"product_cat","embeddable":true,"href":"https:\/\/maqtool.pt\/fr\/wp-json\/wp\/v2\/product_cat?post=13520"},{"taxonomy":"product_tag","embeddable":true,"href":"https:\/\/maqtool.pt\/fr\/wp-json\/wp\/v2\/product_tag?post=13520"}],"curies":[{"name":"wp","href":"https:\/\/api.w.org\/{rel}","templated":true}]}}