{"id":13574,"date":"2021-05-17T09:46:30","date_gmt":"2021-05-17T09:46:30","guid":{"rendered":"https:\/\/maqtool.pt\/produto\/cob-2056-product-variation\/"},"modified":"2021-10-28T21:38:17","modified_gmt":"2021-10-28T21:38:17","slug":"retourneur-de-conteneurs","status":"publish","type":"product","link":"https:\/\/maqtool.pt\/fr\/produto\/retourneur-de-conteneurs\/","title":{"rendered":"Retourneur de Conteneurs"},"content":{"rendered":"<p>Syst\u00e8me automatis\u00e9 de d\u00e9chargement de conteneurs en plastique et en m\u00e9tal jusqu&rsquo;\u00e0 une capacit\u00e9 maximale de 1100 litres.<br \/>\n\t\t\tSyst\u00e8me de contr\u00f4le avec coupure g\u00e9n\u00e9rale, arr\u00eat d&rsquo;urgence, poign\u00e9e marche-arr\u00eat, mont\u00e9e et descente.<br \/>\n\t\t\t<strong>En option:<\/strong> Bras pour ailes m\u00e9talliques (syst\u00e8me Oschner).<br \/>\n\t\t\tAdaptateurs pour diff\u00e9rents mod\u00e8les.<br \/>\n\t\t\tSyst\u00e8me d&rsquo;ouverture du couvercle rond.<br \/>\n\t\t\tCommandez des deux c\u00f4t\u00e9s.<br \/>\n\t\t\tSyst\u00e8me de refroidissement d&rsquo;huile pour un travail continu.<\/p>\n<p><em><strong>Espace de fonctionnement:<\/strong><\/em><br \/>\n\t\t\t<strong>CxLxA <\/strong>&#8211; 1750x2100x3350 mm<br \/>\n\t\t\t<strong>Bras pivotants lat\u00e9raux en hauteur, syst\u00e8me DIN &#8211; 1050 mm (variation de 70 mm)<br \/>\n\t\t\t<strong>Hauteur du syst\u00e8me de levage avant &#8211; 880 mm (plage de 90 mm)<br \/>\n\t\t\t((plage de 90 mm))<br \/>\n\t\t\t<strong>Temps de cycle (approximatif)<\/strong>&#8211; 22 secondes<br \/>\n\t\t\t<strong>Motorisation (moteur \u00e9lectrique) <\/strong>&#8211; 3,0 Kw<br \/>\n\t\t\t<strong>Syst\u00e8me de d\u00e9charge<\/strong> &#8211; Unit\u00e9 de commande hydraulique + v\u00e9rin double effet<br \/>\n\t\t\t<strong>Alimentation \u00e9lectrique<\/strong>&#8211; 400V, 50 Hz Fiche triphas\u00e9e CEE 16A, 5 p\u00f4les<br \/>\n\t\t\t<strong>Marquage CE<\/strong>&#8211; Selon la directive 2006\/42 \/ CE (Directive Machines)<\/p>\n<p>Types de conteneurs autoris\u00e9s:<br \/>\n\t\t\t<strong>Conteneurs poly\u00e9thyl\u00e8ne \u00e0 2 roues<br \/>\n\t\t\tde 60 a 360 L<\/strong> Relevage frontal<br \/>\n\t\t\t<strong>Conteneurs en poly\u00e9thyl\u00e8ne \u00e0 4 roues<br \/>\n\t\t\tde 400 a 500 L<\/strong> \u00c9l\u00e9vation avant<br \/>\n\t\t\t<strong>Conteneurs en poly\u00e9thyl\u00e8ne \u00e0 4 roues<br \/>\n\t\t\tde 600 a 1100 L <\/strong>&#8211; Pivots lat\u00e9raux<\/p>\n","protected":false},"excerpt":{"rendered":"<p>Syst\u00e8me automatis\u00e9 de d\u00e9chargement de conteneurs en plastique et en m\u00e9tal jusqu&rsquo;\u00e0 une capacit\u00e9 maximale de 1100 litres.<br \/>\n\t\t\tSyst\u00e8me de contr\u00f4le avec coupure g\u00e9n\u00e9rale, arr\u00eat d&rsquo;urgence, poign\u00e9e marche-arr\u00eat, mont\u00e9e et descente.<br \/>\n\t\t\t<strong>En option:<\/strong> Bras pour ailes m\u00e9talliques (syst\u00e8me Oschner).<br \/>\n\t\t\tAdaptateurs pour diff\u00e9rents mod\u00e8les.<br \/>\n\t\t\tSyst\u00e8me d&rsquo;ouverture du couvercle rond.<br \/>\n\t\t\tCommandez des deux c\u00f4t\u00e9s.<br \/>\n\t\t\tSyst\u00e8me de refroidissement d&rsquo;huile pour un travail continu.<\/p>\n<p><em><strong>Espace de fonctionnement:<\/strong><\/em><br \/>\n\t\t\t<strong>CxLxA <\/strong>&#8211; 1750x2100x3350 mm<br \/>\n\t\t\t<strong>Bras pivotants lat\u00e9raux en hauteur, syst\u00e8me DIN &#8211; 1050 mm (variation de 70 mm)<br \/>\n\t\t\t<strong>Hauteur du syst\u00e8me de levage avant &#8211; 880 mm (plage de 90 mm)<br \/>\n\t\t\t((plage de 90 mm))<br \/>\n\t\t\t<strong>Temps de cycle (approximatif)<\/strong>&#8211; 22 secondes<br \/>\n\t\t\t<strong>Motorisation (moteur \u00e9lectrique) <\/strong>&#8211; 3,0 Kw<br \/>\n\t\t\t<strong>Syst\u00e8me de d\u00e9charge<\/strong> &#8211; Unit\u00e9 de commande hydraulique + v\u00e9rin double effet<br \/>\n\t\t\t<strong>Alimentation \u00e9lectrique<\/strong>&#8211; 400V, 50 Hz Fiche triphas\u00e9e CEE 16A, 5 p\u00f4les<br \/>\n\t\t\t<strong>Marquage CE<\/strong>&#8211; Selon la directive 2006\/42 \/ CE (Directive Machines)<\/p>\n<p>Types de conteneurs autoris\u00e9s:<br \/>\n\t\t\t<strong>Conteneurs poly\u00e9thyl\u00e8ne \u00e0 2 roues<br \/>\n\t\t\tde 60 a 360 L<\/strong> Relevage frontal<br \/>\n\t\t\t<strong>Conteneurs en poly\u00e9thyl\u00e8ne \u00e0 4 roues<br \/>\n\t\t\tde 400 a 500 L<\/strong> \u00c9l\u00e9vation avant<br \/>\n\t\t\t<strong>Conteneurs en poly\u00e9thyl\u00e8ne \u00e0 4 roues<br \/>\n\t\t\tde 600 a 1100 L <\/strong>&#8211; Pivots lat\u00e9raux<\/p>\n","protected":false},"featured_media":22685,"template":"","meta":{"_eb_attr":"","_uag_custom_page_level_css":"","site-sidebar-layout":"default","site-content-layout":"default","ast-site-content-layout":"default","site-content-style":"default","site-sidebar-style":"default","ast-global-header-display":"","ast-banner-title-visibility":"","ast-main-header-display":"","ast-hfb-above-header-display":"","ast-hfb-below-header-display":"","ast-hfb-mobile-header-display":"","site-post-title":"","ast-breadcrumbs-content":"","ast-featured-img":"","footer-sml-layout":"","ast-disable-related-posts":"","theme-transparent-header-meta":"default","adv-header-id-meta":"","stick-header-meta":"default","header-above-stick-meta":"","header-main-stick-meta":"","header-below-stick-meta":"","astra-migrate-meta-layouts":"default","ast-page-background-enabled":"default","ast-page-background-meta":{"desktop":{"background-color":"","background-image":"","background-repeat":"repeat","background-position":"center center","background-size":"auto","background-attachment":"scroll","background-type":"","background-media":"","overlay-type":"","overlay-color":"","overlay-opacity":"","overlay-gradient":""},"tablet":{"background-color":"","background-image":"","background-repeat":"repeat","background-position":"center center","background-size":"auto","background-attachment":"scroll","background-type":"","background-media":"","overlay-type":"","overlay-color":"","overlay-opacity":"","overlay-gradient":""},"mobile":{"background-color":"","background-image":"","background-repeat":"repeat","background-position":"center center","background-size":"auto","background-attachment":"scroll","background-type":"","background-media":"","overlay-type":"","overlay-color":"","overlay-opacity":"","overlay-gradient":""}},"ast-content-background-meta":{"desktop":{"background-color":"var(--ast-global-color-5)","background-image":"","background-repeat":"repeat","background-position":"center center","background-size":"auto","background-attachment":"scroll","background-type":"","background-media":"","overlay-type":"","overlay-color":"","overlay-opacity":"","overlay-gradient":""},"tablet":{"background-color":"var(--ast-global-color-5)","background-image":"","background-repeat":"repeat","background-position":"center center","background-size":"auto","background-attachment":"scroll","background-type":"","background-media":"","overlay-type":"","overlay-color":"","overlay-opacity":"","overlay-gradient":""},"mobile":{"background-color":"var(--ast-global-color-5)","background-image":"","background-repeat":"repeat","background-position":"center center","background-size":"auto","background-attachment":"scroll","background-type":"","background-media":"","overlay-type":"","overlay-color":"","overlay-opacity":"","overlay-gradient":""}}},"product_brand":[],"product_cat":[5078,5098],"product_tag":[],"class_list":{"0":"post-13574","1":"product","2":"type-product","3":"status-publish","4":"has-post-thumbnail","6":"product_cat-environnement","7":"product_cat-conteneurs-de-gestion-des-dechets-solides","8":"pa_altura-de-descarga-1470-mm-fr","9":"pa_angulo-de-rotacao-130-degres","10":"pa_cxlxa-1750x1560x1925-mm-fr","11":"pa_forca-de-elevacao-700-kg-fr","12":"desktop-align-center","13":"tablet-align-center","14":"mobile-align-center","15":"ast-product-gallery-layout-horizontal","16":"ast-product-gallery-with-no-image","17":"ast-product-tabs-layout-horizontal","19":"first","20":"onbackorder","21":"taxable","22":"shipping-taxable","23":"product-type-simple"},"acf":[],"yoast_head":"<!-- This site is optimized with the Yoast SEO plugin v27.3 - https:\/\/yoast.com\/product\/yoast-seo-wordpress\/ -->\n<title>Retourneur de Conteneurs - MAQTOOL<\/title>\n<meta name=\"robots\" content=\"index, follow, max-snippet:-1, max-image-preview:large, max-video-preview:-1\" \/>\n<link rel=\"canonical\" href=\"https:\/\/maqtool.pt\/fr\/produto\/retourneur-de-conteneurs\/\" \/>\n<meta property=\"og:locale\" content=\"fr_FR\" \/>\n<meta property=\"og:type\" content=\"article\" \/>\n<meta property=\"og:title\" content=\"Retourneur de Conteneurs - MAQTOOL\" \/>\n<meta property=\"og:description\" content=\"Syst\u00e8me automatis\u00e9 de d\u00e9chargement de conteneurs en plastique et en m\u00e9tal jusqu&#039;\u00e0 une capacit\u00e9 maximale de 1100 litres.  Syst\u00e8me de contr\u00f4le avec coupure g\u00e9n\u00e9rale, arr\u00eat d&#039;urgence, poign\u00e9e marche-arr\u00eat, mont\u00e9e et descente.  En option: Bras pour ailes m\u00e9talliques (syst\u00e8me Oschner).  Adaptateurs pour diff\u00e9rents mod\u00e8les.  Syst\u00e8me d&#039;ouverture du couvercle rond.  Commandez des deux c\u00f4t\u00e9s.  Syst\u00e8me de refroidissement d&#039;huile pour un travail continu.    Espace de fonctionnement:  CxLxA - 1750x2100x3350 mm  Bras pivotants lat\u00e9raux en hauteur, syst\u00e8me DIN - 1050 mm (variation de 70 mm)  Hauteur du syst\u00e8me de levage avant - 880 mm (plage de 90 mm)  ((plage de 90 mm))  Temps de cycle (approximatif)- 22 secondes  Motorisation (moteur \u00e9lectrique) - 3,0 Kw  Syst\u00e8me de d\u00e9charge - Unit\u00e9 de commande hydraulique + v\u00e9rin double effet  Alimentation \u00e9lectrique- 400V, 50 Hz Fiche triphas\u00e9e CEE 16A, 5 p\u00f4les  Marquage CE- Selon la directive 2006\/42 \/ CE (Directive Machines)    Types de conteneurs autoris\u00e9s:  Conteneurs poly\u00e9thyl\u00e8ne \u00e0 2 roues  de 60 a 360 L Relevage frontal  Conteneurs en poly\u00e9thyl\u00e8ne \u00e0 4 roues  de 400 a 500 L \u00c9l\u00e9vation avant  Conteneurs en poly\u00e9thyl\u00e8ne \u00e0 4 roues  de 600 a 1100 L - Pivots lat\u00e9raux\" \/>\n<meta property=\"og:url\" content=\"https:\/\/maqtool.pt\/fr\/produto\/retourneur-de-conteneurs\/\" \/>\n<meta property=\"og:site_name\" content=\"MAQTOOL\" \/>\n<meta property=\"article:publisher\" content=\"https:\/\/www.facebook.com\/cobermaster\" \/>\n<meta property=\"article:modified_time\" content=\"2021-10-28T21:38:17+00:00\" \/>\n<meta property=\"og:image\" content=\"https:\/\/maqtool.pt\/wp-content\/uploads\/2021\/05\/COB2056-Volteador-de-Contentores.jpg\" \/>\n\t<meta property=\"og:image:width\" content=\"800\" \/>\n\t<meta property=\"og:image:height\" content=\"800\" \/>\n\t<meta property=\"og:image:type\" content=\"image\/jpeg\" \/>\n<meta name=\"twitter:card\" content=\"summary_large_image\" \/>\n<meta name=\"twitter:label1\" content=\"Dur\u00e9e de lecture estim\u00e9e\" \/>\n\t<meta name=\"twitter:data1\" content=\"1 minute\" \/>\n<script type=\"application\/ld+json\" class=\"yoast-schema-graph\">{\"@context\":\"https:\\\/\\\/schema.org\",\"@graph\":[{\"@type\":\"WebPage\",\"@id\":\"https:\\\/\\\/maqtool.pt\\\/fr\\\/produto\\\/retourneur-de-conteneurs\\\/\",\"url\":\"https:\\\/\\\/maqtool.pt\\\/fr\\\/produto\\\/retourneur-de-conteneurs\\\/\",\"name\":\"Retourneur de Conteneurs - MAQTOOL\",\"isPartOf\":{\"@id\":\"https:\\\/\\\/maqtool.pt\\\/#website\"},\"primaryImageOfPage\":{\"@id\":\"https:\\\/\\\/maqtool.pt\\\/fr\\\/produto\\\/retourneur-de-conteneurs\\\/#primaryimage\"},\"image\":{\"@id\":\"https:\\\/\\\/maqtool.pt\\\/fr\\\/produto\\\/retourneur-de-conteneurs\\\/#primaryimage\"},\"thumbnailUrl\":\"https:\\\/\\\/maqtool.pt\\\/wp-content\\\/uploads\\\/2021\\\/05\\\/COB2056-Volteador-de-Contentores.jpg\",\"datePublished\":\"2021-05-17T09:46:30+00:00\",\"dateModified\":\"2021-10-28T21:38:17+00:00\",\"breadcrumb\":{\"@id\":\"https:\\\/\\\/maqtool.pt\\\/fr\\\/produto\\\/retourneur-de-conteneurs\\\/#breadcrumb\"},\"inLanguage\":\"fr-FR\",\"potentialAction\":[{\"@type\":\"ReadAction\",\"target\":[\"https:\\\/\\\/maqtool.pt\\\/fr\\\/produto\\\/retourneur-de-conteneurs\\\/\"]}]},{\"@type\":\"ImageObject\",\"inLanguage\":\"fr-FR\",\"@id\":\"https:\\\/\\\/maqtool.pt\\\/fr\\\/produto\\\/retourneur-de-conteneurs\\\/#primaryimage\",\"url\":\"https:\\\/\\\/maqtool.pt\\\/wp-content\\\/uploads\\\/2021\\\/05\\\/COB2056-Volteador-de-Contentores.jpg\",\"contentUrl\":\"https:\\\/\\\/maqtool.pt\\\/wp-content\\\/uploads\\\/2021\\\/05\\\/COB2056-Volteador-de-Contentores.jpg\",\"width\":800,\"height\":800},{\"@type\":\"BreadcrumbList\",\"@id\":\"https:\\\/\\\/maqtool.pt\\\/fr\\\/produto\\\/retourneur-de-conteneurs\\\/#breadcrumb\",\"itemListElement\":[{\"@type\":\"ListItem\",\"position\":1,\"name\":\"In\u00edcio\",\"item\":\"https:\\\/\\\/maqtool.pt\\\/fr\\\/home\\\/\"},{\"@type\":\"ListItem\",\"position\":2,\"name\":\"Produtos\",\"item\":\"https:\\\/\\\/maqtool.pt\\\/produtos\\\/\"},{\"@type\":\"ListItem\",\"position\":3,\"name\":\"Retourneur de Conteneurs\"}]},{\"@type\":\"WebSite\",\"@id\":\"https:\\\/\\\/maqtool.pt\\\/#website\",\"url\":\"https:\\\/\\\/maqtool.pt\\\/\",\"name\":\"Cobermaster Industry\",\"description\":\"\",\"publisher\":{\"@id\":\"https:\\\/\\\/maqtool.pt\\\/#organization\"},\"potentialAction\":[{\"@type\":\"SearchAction\",\"target\":{\"@type\":\"EntryPoint\",\"urlTemplate\":\"https:\\\/\\\/maqtool.pt\\\/?s={search_term_string}\"},\"query-input\":{\"@type\":\"PropertyValueSpecification\",\"valueRequired\":true,\"valueName\":\"search_term_string\"}}],\"inLanguage\":\"fr-FR\"},{\"@type\":\"Organization\",\"@id\":\"https:\\\/\\\/maqtool.pt\\\/#organization\",\"name\":\"MAQTOOL\",\"url\":\"https:\\\/\\\/maqtool.pt\\\/\",\"logo\":{\"@type\":\"ImageObject\",\"inLanguage\":\"fr-FR\",\"@id\":\"https:\\\/\\\/maqtool.pt\\\/#\\\/schema\\\/logo\\\/image\\\/\",\"url\":\"https:\\\/\\\/maqtool.pt\\\/wp-content\\\/uploads\\\/2022\\\/09\\\/MAQTOOL-LOGO.jpg\",\"contentUrl\":\"https:\\\/\\\/maqtool.pt\\\/wp-content\\\/uploads\\\/2022\\\/09\\\/MAQTOOL-LOGO.jpg\",\"width\":762,\"height\":228,\"caption\":\"MAQTOOL\"},\"image\":{\"@id\":\"https:\\\/\\\/maqtool.pt\\\/#\\\/schema\\\/logo\\\/image\\\/\"},\"sameAs\":[\"https:\\\/\\\/www.facebook.com\\\/cobermaster\"]}]}<\/script>\n<!-- \/ Yoast SEO plugin. -->","yoast_head_json":{"title":"Retourneur de Conteneurs - MAQTOOL","robots":{"index":"index","follow":"follow","max-snippet":"max-snippet:-1","max-image-preview":"max-image-preview:large","max-video-preview":"max-video-preview:-1"},"canonical":"https:\/\/maqtool.pt\/fr\/produto\/retourneur-de-conteneurs\/","og_locale":"fr_FR","og_type":"article","og_title":"Retourneur de Conteneurs - MAQTOOL","og_description":"Syst\u00e8me automatis\u00e9 de d\u00e9chargement de conteneurs en plastique et en m\u00e9tal jusqu'\u00e0 une capacit\u00e9 maximale de 1100 litres.  Syst\u00e8me de contr\u00f4le avec coupure g\u00e9n\u00e9rale, arr\u00eat d'urgence, poign\u00e9e marche-arr\u00eat, mont\u00e9e et descente.  En option: Bras pour ailes m\u00e9talliques (syst\u00e8me Oschner).  Adaptateurs pour diff\u00e9rents mod\u00e8les.  Syst\u00e8me d'ouverture du couvercle rond.  Commandez des deux c\u00f4t\u00e9s.  Syst\u00e8me de refroidissement d'huile pour un travail continu.    Espace de fonctionnement:  CxLxA - 1750x2100x3350 mm  Bras pivotants lat\u00e9raux en hauteur, syst\u00e8me DIN - 1050 mm (variation de 70 mm)  Hauteur du syst\u00e8me de levage avant - 880 mm (plage de 90 mm)  ((plage de 90 mm))  Temps de cycle (approximatif)- 22 secondes  Motorisation (moteur \u00e9lectrique) - 3,0 Kw  Syst\u00e8me de d\u00e9charge - Unit\u00e9 de commande hydraulique + v\u00e9rin double effet  Alimentation \u00e9lectrique- 400V, 50 Hz Fiche triphas\u00e9e CEE 16A, 5 p\u00f4les  Marquage CE- Selon la directive 2006\/42 \/ CE (Directive Machines)    Types de conteneurs autoris\u00e9s:  Conteneurs poly\u00e9thyl\u00e8ne \u00e0 2 roues  de 60 a 360 L Relevage frontal  Conteneurs en poly\u00e9thyl\u00e8ne \u00e0 4 roues  de 400 a 500 L \u00c9l\u00e9vation avant  Conteneurs en poly\u00e9thyl\u00e8ne \u00e0 4 roues  de 600 a 1100 L - Pivots lat\u00e9raux","og_url":"https:\/\/maqtool.pt\/fr\/produto\/retourneur-de-conteneurs\/","og_site_name":"MAQTOOL","article_publisher":"https:\/\/www.facebook.com\/cobermaster","article_modified_time":"2021-10-28T21:38:17+00:00","og_image":[{"width":800,"height":800,"url":"https:\/\/maqtool.pt\/wp-content\/uploads\/2021\/05\/COB2056-Volteador-de-Contentores.jpg","type":"image\/jpeg"}],"twitter_card":"summary_large_image","twitter_misc":{"Dur\u00e9e de lecture estim\u00e9e":"1 minute"},"schema":{"@context":"https:\/\/schema.org","@graph":[{"@type":"WebPage","@id":"https:\/\/maqtool.pt\/fr\/produto\/retourneur-de-conteneurs\/","url":"https:\/\/maqtool.pt\/fr\/produto\/retourneur-de-conteneurs\/","name":"Retourneur de Conteneurs - MAQTOOL","isPartOf":{"@id":"https:\/\/maqtool.pt\/#website"},"primaryImageOfPage":{"@id":"https:\/\/maqtool.pt\/fr\/produto\/retourneur-de-conteneurs\/#primaryimage"},"image":{"@id":"https:\/\/maqtool.pt\/fr\/produto\/retourneur-de-conteneurs\/#primaryimage"},"thumbnailUrl":"https:\/\/maqtool.pt\/wp-content\/uploads\/2021\/05\/COB2056-Volteador-de-Contentores.jpg","datePublished":"2021-05-17T09:46:30+00:00","dateModified":"2021-10-28T21:38:17+00:00","breadcrumb":{"@id":"https:\/\/maqtool.pt\/fr\/produto\/retourneur-de-conteneurs\/#breadcrumb"},"inLanguage":"fr-FR","potentialAction":[{"@type":"ReadAction","target":["https:\/\/maqtool.pt\/fr\/produto\/retourneur-de-conteneurs\/"]}]},{"@type":"ImageObject","inLanguage":"fr-FR","@id":"https:\/\/maqtool.pt\/fr\/produto\/retourneur-de-conteneurs\/#primaryimage","url":"https:\/\/maqtool.pt\/wp-content\/uploads\/2021\/05\/COB2056-Volteador-de-Contentores.jpg","contentUrl":"https:\/\/maqtool.pt\/wp-content\/uploads\/2021\/05\/COB2056-Volteador-de-Contentores.jpg","width":800,"height":800},{"@type":"BreadcrumbList","@id":"https:\/\/maqtool.pt\/fr\/produto\/retourneur-de-conteneurs\/#breadcrumb","itemListElement":[{"@type":"ListItem","position":1,"name":"In\u00edcio","item":"https:\/\/maqtool.pt\/fr\/home\/"},{"@type":"ListItem","position":2,"name":"Produtos","item":"https:\/\/maqtool.pt\/produtos\/"},{"@type":"ListItem","position":3,"name":"Retourneur de Conteneurs"}]},{"@type":"WebSite","@id":"https:\/\/maqtool.pt\/#website","url":"https:\/\/maqtool.pt\/","name":"Cobermaster Industry","description":"","publisher":{"@id":"https:\/\/maqtool.pt\/#organization"},"potentialAction":[{"@type":"SearchAction","target":{"@type":"EntryPoint","urlTemplate":"https:\/\/maqtool.pt\/?s={search_term_string}"},"query-input":{"@type":"PropertyValueSpecification","valueRequired":true,"valueName":"search_term_string"}}],"inLanguage":"fr-FR"},{"@type":"Organization","@id":"https:\/\/maqtool.pt\/#organization","name":"MAQTOOL","url":"https:\/\/maqtool.pt\/","logo":{"@type":"ImageObject","inLanguage":"fr-FR","@id":"https:\/\/maqtool.pt\/#\/schema\/logo\/image\/","url":"https:\/\/maqtool.pt\/wp-content\/uploads\/2022\/09\/MAQTOOL-LOGO.jpg","contentUrl":"https:\/\/maqtool.pt\/wp-content\/uploads\/2022\/09\/MAQTOOL-LOGO.jpg","width":762,"height":228,"caption":"MAQTOOL"},"image":{"@id":"https:\/\/maqtool.pt\/#\/schema\/logo\/image\/"},"sameAs":["https:\/\/www.facebook.com\/cobermaster"]}]}},"uagb_featured_image_src":{"full":["https:\/\/maqtool.pt\/wp-content\/uploads\/2021\/05\/COB2056-Volteador-de-Contentores.jpg",800,800,false],"thumbnail":["https:\/\/maqtool.pt\/wp-content\/uploads\/2021\/05\/COB2056-Volteador-de-Contentores-150x150.jpg",150,150,true],"medium":["https:\/\/maqtool.pt\/wp-content\/uploads\/2021\/05\/COB2056-Volteador-de-Contentores-300x300.jpg",300,300,true],"medium_large":["https:\/\/maqtool.pt\/wp-content\/uploads\/2021\/05\/COB2056-Volteador-de-Contentores-768x768.jpg",768,768,true],"large":["https:\/\/maqtool.pt\/wp-content\/uploads\/2021\/05\/COB2056-Volteador-de-Contentores.jpg",800,800,false],"1536x1536":["https:\/\/maqtool.pt\/wp-content\/uploads\/2021\/05\/COB2056-Volteador-de-Contentores.jpg",800,800,false],"2048x2048":["https:\/\/maqtool.pt\/wp-content\/uploads\/2021\/05\/COB2056-Volteador-de-Contentores.jpg",800,800,false],"woocommerce_thumbnail":["https:\/\/maqtool.pt\/wp-content\/uploads\/2021\/05\/COB2056-Volteador-de-Contentores-400x400.jpg",400,400,true],"woocommerce_single":["https:\/\/maqtool.pt\/wp-content\/uploads\/2021\/05\/COB2056-Volteador-de-Contentores-600x600.jpg",600,600,true],"woocommerce_gallery_thumbnail":["https:\/\/maqtool.pt\/wp-content\/uploads\/2021\/05\/COB2056-Volteador-de-Contentores-100x100.jpg",100,100,true]},"uagb_author_info":{"display_name":"pedrocandeias","author_link":"https:\/\/maqtool.pt\/fr\/author\/"},"uagb_comment_info":0,"uagb_excerpt":"Syst\u00e8me automatis\u00e9 de d\u00e9chargement de conteneurs en plastique et en m\u00e9tal jusqu'\u00e0 une capacit\u00e9 maximale de 1100 litres. Syst\u00e8me de contr\u00f4le avec coupure g\u00e9n\u00e9rale, arr\u00eat d'urgence, poign\u00e9e marche-arr\u00eat, mont\u00e9e et descente. En option: Bras pour ailes m\u00e9talliques (syst\u00e8me Oschner). Adaptateurs pour diff\u00e9rents mod\u00e8les. Syst\u00e8me d'ouverture du couvercle rond. Commandez des deux c\u00f4t\u00e9s. Syst\u00e8me de refroidissement\u2026","_links":{"self":[{"href":"https:\/\/maqtool.pt\/fr\/wp-json\/wp\/v2\/product\/13574","targetHints":{"allow":["GET"]}}],"collection":[{"href":"https:\/\/maqtool.pt\/fr\/wp-json\/wp\/v2\/product"}],"about":[{"href":"https:\/\/maqtool.pt\/fr\/wp-json\/wp\/v2\/types\/product"}],"wp:featuredmedia":[{"embeddable":true,"href":"https:\/\/maqtool.pt\/fr\/wp-json\/wp\/v2\/media\/22685"}],"wp:attachment":[{"href":"https:\/\/maqtool.pt\/fr\/wp-json\/wp\/v2\/media?parent=13574"}],"wp:term":[{"taxonomy":"product_brand","embeddable":true,"href":"https:\/\/maqtool.pt\/fr\/wp-json\/wp\/v2\/product_brand?post=13574"},{"taxonomy":"product_cat","embeddable":true,"href":"https:\/\/maqtool.pt\/fr\/wp-json\/wp\/v2\/product_cat?post=13574"},{"taxonomy":"product_tag","embeddable":true,"href":"https:\/\/maqtool.pt\/fr\/wp-json\/wp\/v2\/product_tag?post=13574"}],"curies":[{"name":"wp","href":"https:\/\/api.w.org\/{rel}","templated":true}]}}