{"id":13581,"date":"2021-05-10T09:04:07","date_gmt":"2021-05-10T09:04:07","guid":{"rendered":"https:\/\/maqtool.pt\/produto\/cob-8005-product-variation\/"},"modified":"2023-01-06T10:49:23","modified_gmt":"2023-01-06T10:49:23","slug":"protege-bouteilles-de-gaz-structure-pliable","status":"publish","type":"product","link":"https:\/\/maqtool.pt\/fr\/produto\/protege-bouteilles-de-gaz-structure-pliable\/","title":{"rendered":"Garde pour bouteilles de gaz (structure pliable)"},"content":{"rendered":"<p>Prot\u00e8ge-bouteilles pliable pour ranger les bouteilles de gaz.<br \/>\nLivr\u00e9 avec ou sans toit pour une application \u00e0 l&rsquo;int\u00e9rieur ou \u00e0 l&rsquo;ext\u00e9rieur des entreprises. Structure en acier galvanis\u00e9.<br \/>\nPorte avec fermeture \u00e0 cadenas.<br \/>\n<strong>Dimensions hors tout<\/strong> : 1 200 x 1 300 x 2 150 mm (LxlxH).<br \/>\nIl a des roues de support pour l&rsquo;assemblage et le pliage, devenant inactifs une fois l&rsquo;assemblage termin\u00e9.<br \/>\nNe n\u00e9cessite pas de fixation au sol.<\/p>\n","protected":false},"excerpt":{"rendered":"<p>Prot\u00e8ge-bouteilles pliable pour ranger les bouteilles de gaz.<br \/>\nLivr\u00e9 avec ou sans toit pour une application \u00e0 l&rsquo;int\u00e9rieur ou \u00e0 l&rsquo;ext\u00e9rieur des entreprises. Structure en acier galvanis\u00e9.<br \/>\nPorte avec fermeture \u00e0 cadenas.<br \/>\n<strong>Dimensions hors tout<\/strong> : 1 200 x 1 300 x 2 150 mm (LxlxH).<br \/>\n&#8230;<\/p>\n","protected":false},"featured_media":4878,"template":"","meta":{"_eb_attr":"","_uag_custom_page_level_css":"","site-sidebar-layout":"default","site-content-layout":"default","ast-site-content-layout":"default","site-content-style":"default","site-sidebar-style":"default","ast-global-header-display":"","ast-banner-title-visibility":"","ast-main-header-display":"","ast-hfb-above-header-display":"","ast-hfb-below-header-display":"","ast-hfb-mobile-header-display":"","site-post-title":"","ast-breadcrumbs-content":"","ast-featured-img":"","footer-sml-layout":"","ast-disable-related-posts":"","theme-transparent-header-meta":"default","adv-header-id-meta":"","stick-header-meta":"default","header-above-stick-meta":"","header-main-stick-meta":"","header-below-stick-meta":"","astra-migrate-meta-layouts":"default","ast-page-background-enabled":"default","ast-page-background-meta":{"desktop":{"background-color":"","background-image":"","background-repeat":"repeat","background-position":"center center","background-size":"auto","background-attachment":"scroll","background-type":"","background-media":"","overlay-type":"","overlay-color":"","overlay-opacity":"","overlay-gradient":""},"tablet":{"background-color":"","background-image":"","background-repeat":"repeat","background-position":"center center","background-size":"auto","background-attachment":"scroll","background-type":"","background-media":"","overlay-type":"","overlay-color":"","overlay-opacity":"","overlay-gradient":""},"mobile":{"background-color":"","background-image":"","background-repeat":"repeat","background-position":"center center","background-size":"auto","background-attachment":"scroll","background-type":"","background-media":"","overlay-type":"","overlay-color":"","overlay-opacity":"","overlay-gradient":""}},"ast-content-background-meta":{"desktop":{"background-color":"var(--ast-global-color-5)","background-image":"","background-repeat":"repeat","background-position":"center center","background-size":"auto","background-attachment":"scroll","background-type":"","background-media":"","overlay-type":"","overlay-color":"","overlay-opacity":"","overlay-gradient":""},"tablet":{"background-color":"var(--ast-global-color-5)","background-image":"","background-repeat":"repeat","background-position":"center center","background-size":"auto","background-attachment":"scroll","background-type":"","background-media":"","overlay-type":"","overlay-color":"","overlay-opacity":"","overlay-gradient":""},"mobile":{"background-color":"var(--ast-global-color-5)","background-image":"","background-repeat":"repeat","background-position":"center center","background-size":"auto","background-attachment":"scroll","background-type":"","background-media":"","overlay-type":"","overlay-color":"","overlay-opacity":"","overlay-gradient":""}}},"product_brand":[],"product_cat":[5085,5125],"product_tag":[],"class_list":{"0":"post-13581","1":"product","2":"type-product","3":"status-publish","4":"has-post-thumbnail","6":"product_cat-couvertures-et-protections","7":"product_cat-rampes-pliantes","8":"desktop-align-center","9":"tablet-align-center","10":"mobile-align-center","11":"ast-product-gallery-layout-horizontal","12":"ast-product-gallery-with-no-image","13":"ast-product-tabs-layout-horizontal","15":"first","16":"onbackorder","17":"taxable","18":"shipping-taxable","19":"product-type-simple"},"acf":[],"yoast_head":"<!-- This site is optimized with the Yoast SEO plugin v27.3 - https:\/\/yoast.com\/product\/yoast-seo-wordpress\/ -->\n<title>Garde pour bouteilles de gaz (structure pliable) - MAQTOOL<\/title>\n<meta name=\"robots\" content=\"index, follow, max-snippet:-1, max-image-preview:large, max-video-preview:-1\" \/>\n<link rel=\"canonical\" href=\"https:\/\/maqtool.pt\/fr\/produto\/cloture-bouteilles-de-gaz-structure-pliante\/\" \/>\n<meta property=\"og:locale\" content=\"fr_FR\" \/>\n<meta property=\"og:type\" content=\"article\" \/>\n<meta property=\"og:title\" content=\"Garde pour bouteilles de gaz (structure pliable) - MAQTOOL\" \/>\n<meta property=\"og:description\" content=\"Prot\u00e8ge-bouteilles pliable pour ranger les bouteilles de gaz. Livr\u00e9 avec ou sans toit pour une application \u00e0 l&#039;int\u00e9rieur ou \u00e0 l&#039;ext\u00e9rieur des entreprises. Structure en acier galvanis\u00e9. Porte avec fermeture \u00e0 cadenas. Dimensions hors tout : 1 200 x 1 300 x 2 150 mm (LxlxH). ...\" \/>\n<meta property=\"og:url\" content=\"https:\/\/maqtool.pt\/fr\/produto\/cloture-bouteilles-de-gaz-structure-pliante\/\" \/>\n<meta property=\"og:site_name\" content=\"MAQTOOL\" \/>\n<meta property=\"article:publisher\" content=\"https:\/\/www.facebook.com\/cobermaster\" \/>\n<meta property=\"article:modified_time\" content=\"2023-01-06T10:49:23+00:00\" \/>\n<meta property=\"og:image\" content=\"https:\/\/maqtool.pt\/wp-content\/uploads\/2021\/06\/COB_8005.jpg\" \/>\n\t<meta property=\"og:image:width\" content=\"250\" \/>\n\t<meta property=\"og:image:height\" content=\"387\" \/>\n\t<meta property=\"og:image:type\" content=\"image\/jpeg\" \/>\n<meta name=\"twitter:card\" content=\"summary_large_image\" \/>\n<script type=\"application\/ld+json\" class=\"yoast-schema-graph\">{\"@context\":\"https:\\\/\\\/schema.org\",\"@graph\":[{\"@type\":\"WebPage\",\"@id\":\"https:\\\/\\\/maqtool.pt\\\/fr\\\/produto\\\/cloture-bouteilles-de-gaz-structure-pliante\\\/\",\"url\":\"https:\\\/\\\/maqtool.pt\\\/fr\\\/produto\\\/cloture-bouteilles-de-gaz-structure-pliante\\\/\",\"name\":\"Garde pour bouteilles de gaz (structure pliable) - MAQTOOL\",\"isPartOf\":{\"@id\":\"https:\\\/\\\/maqtool.pt\\\/#website\"},\"primaryImageOfPage\":{\"@id\":\"https:\\\/\\\/maqtool.pt\\\/fr\\\/produto\\\/cloture-bouteilles-de-gaz-structure-pliante\\\/#primaryimage\"},\"image\":{\"@id\":\"https:\\\/\\\/maqtool.pt\\\/fr\\\/produto\\\/cloture-bouteilles-de-gaz-structure-pliante\\\/#primaryimage\"},\"thumbnailUrl\":\"https:\\\/\\\/maqtool.pt\\\/wp-content\\\/uploads\\\/2021\\\/06\\\/COB_8005.jpg\",\"datePublished\":\"2021-05-10T09:04:07+00:00\",\"dateModified\":\"2023-01-06T10:49:23+00:00\",\"breadcrumb\":{\"@id\":\"https:\\\/\\\/maqtool.pt\\\/fr\\\/produto\\\/cloture-bouteilles-de-gaz-structure-pliante\\\/#breadcrumb\"},\"inLanguage\":\"fr-FR\",\"potentialAction\":[{\"@type\":\"ReadAction\",\"target\":[\"https:\\\/\\\/maqtool.pt\\\/fr\\\/produto\\\/cloture-bouteilles-de-gaz-structure-pliante\\\/\"]}]},{\"@type\":\"ImageObject\",\"inLanguage\":\"fr-FR\",\"@id\":\"https:\\\/\\\/maqtool.pt\\\/fr\\\/produto\\\/cloture-bouteilles-de-gaz-structure-pliante\\\/#primaryimage\",\"url\":\"https:\\\/\\\/maqtool.pt\\\/wp-content\\\/uploads\\\/2021\\\/06\\\/COB_8005.jpg\",\"contentUrl\":\"https:\\\/\\\/maqtool.pt\\\/wp-content\\\/uploads\\\/2021\\\/06\\\/COB_8005.jpg\",\"width\":250,\"height\":387},{\"@type\":\"BreadcrumbList\",\"@id\":\"https:\\\/\\\/maqtool.pt\\\/fr\\\/produto\\\/cloture-bouteilles-de-gaz-structure-pliante\\\/#breadcrumb\",\"itemListElement\":[{\"@type\":\"ListItem\",\"position\":1,\"name\":\"In\u00edcio\",\"item\":\"https:\\\/\\\/maqtool.pt\\\/fr\\\/home\\\/\"},{\"@type\":\"ListItem\",\"position\":2,\"name\":\"Produtos\",\"item\":\"https:\\\/\\\/maqtool.pt\\\/produtos\\\/\"},{\"@type\":\"ListItem\",\"position\":3,\"name\":\"Garde pour bouteilles de gaz (structure pliable)\"}]},{\"@type\":\"WebSite\",\"@id\":\"https:\\\/\\\/maqtool.pt\\\/#website\",\"url\":\"https:\\\/\\\/maqtool.pt\\\/\",\"name\":\"Cobermaster Industry\",\"description\":\"\",\"publisher\":{\"@id\":\"https:\\\/\\\/maqtool.pt\\\/#organization\"},\"potentialAction\":[{\"@type\":\"SearchAction\",\"target\":{\"@type\":\"EntryPoint\",\"urlTemplate\":\"https:\\\/\\\/maqtool.pt\\\/?s={search_term_string}\"},\"query-input\":{\"@type\":\"PropertyValueSpecification\",\"valueRequired\":true,\"valueName\":\"search_term_string\"}}],\"inLanguage\":\"fr-FR\"},{\"@type\":\"Organization\",\"@id\":\"https:\\\/\\\/maqtool.pt\\\/#organization\",\"name\":\"MAQTOOL\",\"url\":\"https:\\\/\\\/maqtool.pt\\\/\",\"logo\":{\"@type\":\"ImageObject\",\"inLanguage\":\"fr-FR\",\"@id\":\"https:\\\/\\\/maqtool.pt\\\/#\\\/schema\\\/logo\\\/image\\\/\",\"url\":\"https:\\\/\\\/maqtool.pt\\\/wp-content\\\/uploads\\\/2022\\\/09\\\/MAQTOOL-LOGO.jpg\",\"contentUrl\":\"https:\\\/\\\/maqtool.pt\\\/wp-content\\\/uploads\\\/2022\\\/09\\\/MAQTOOL-LOGO.jpg\",\"width\":762,\"height\":228,\"caption\":\"MAQTOOL\"},\"image\":{\"@id\":\"https:\\\/\\\/maqtool.pt\\\/#\\\/schema\\\/logo\\\/image\\\/\"},\"sameAs\":[\"https:\\\/\\\/www.facebook.com\\\/cobermaster\"]}]}<\/script>\n<!-- \/ Yoast SEO plugin. -->","yoast_head_json":{"title":"Garde pour bouteilles de gaz (structure pliable) - MAQTOOL","robots":{"index":"index","follow":"follow","max-snippet":"max-snippet:-1","max-image-preview":"max-image-preview:large","max-video-preview":"max-video-preview:-1"},"canonical":"https:\/\/maqtool.pt\/fr\/produto\/cloture-bouteilles-de-gaz-structure-pliante\/","og_locale":"fr_FR","og_type":"article","og_title":"Garde pour bouteilles de gaz (structure pliable) - MAQTOOL","og_description":"Prot\u00e8ge-bouteilles pliable pour ranger les bouteilles de gaz. Livr\u00e9 avec ou sans toit pour une application \u00e0 l'int\u00e9rieur ou \u00e0 l'ext\u00e9rieur des entreprises. Structure en acier galvanis\u00e9. Porte avec fermeture \u00e0 cadenas. Dimensions hors tout : 1 200 x 1 300 x 2 150 mm (LxlxH). ...","og_url":"https:\/\/maqtool.pt\/fr\/produto\/cloture-bouteilles-de-gaz-structure-pliante\/","og_site_name":"MAQTOOL","article_publisher":"https:\/\/www.facebook.com\/cobermaster","article_modified_time":"2023-01-06T10:49:23+00:00","og_image":[{"width":250,"height":387,"url":"https:\/\/maqtool.pt\/wp-content\/uploads\/2021\/06\/COB_8005.jpg","type":"image\/jpeg"}],"twitter_card":"summary_large_image","schema":{"@context":"https:\/\/schema.org","@graph":[{"@type":"WebPage","@id":"https:\/\/maqtool.pt\/fr\/produto\/cloture-bouteilles-de-gaz-structure-pliante\/","url":"https:\/\/maqtool.pt\/fr\/produto\/cloture-bouteilles-de-gaz-structure-pliante\/","name":"Garde pour bouteilles de gaz (structure pliable) - MAQTOOL","isPartOf":{"@id":"https:\/\/maqtool.pt\/#website"},"primaryImageOfPage":{"@id":"https:\/\/maqtool.pt\/fr\/produto\/cloture-bouteilles-de-gaz-structure-pliante\/#primaryimage"},"image":{"@id":"https:\/\/maqtool.pt\/fr\/produto\/cloture-bouteilles-de-gaz-structure-pliante\/#primaryimage"},"thumbnailUrl":"https:\/\/maqtool.pt\/wp-content\/uploads\/2021\/06\/COB_8005.jpg","datePublished":"2021-05-10T09:04:07+00:00","dateModified":"2023-01-06T10:49:23+00:00","breadcrumb":{"@id":"https:\/\/maqtool.pt\/fr\/produto\/cloture-bouteilles-de-gaz-structure-pliante\/#breadcrumb"},"inLanguage":"fr-FR","potentialAction":[{"@type":"ReadAction","target":["https:\/\/maqtool.pt\/fr\/produto\/cloture-bouteilles-de-gaz-structure-pliante\/"]}]},{"@type":"ImageObject","inLanguage":"fr-FR","@id":"https:\/\/maqtool.pt\/fr\/produto\/cloture-bouteilles-de-gaz-structure-pliante\/#primaryimage","url":"https:\/\/maqtool.pt\/wp-content\/uploads\/2021\/06\/COB_8005.jpg","contentUrl":"https:\/\/maqtool.pt\/wp-content\/uploads\/2021\/06\/COB_8005.jpg","width":250,"height":387},{"@type":"BreadcrumbList","@id":"https:\/\/maqtool.pt\/fr\/produto\/cloture-bouteilles-de-gaz-structure-pliante\/#breadcrumb","itemListElement":[{"@type":"ListItem","position":1,"name":"In\u00edcio","item":"https:\/\/maqtool.pt\/fr\/home\/"},{"@type":"ListItem","position":2,"name":"Produtos","item":"https:\/\/maqtool.pt\/produtos\/"},{"@type":"ListItem","position":3,"name":"Garde pour bouteilles de gaz (structure pliable)"}]},{"@type":"WebSite","@id":"https:\/\/maqtool.pt\/#website","url":"https:\/\/maqtool.pt\/","name":"Cobermaster Industry","description":"","publisher":{"@id":"https:\/\/maqtool.pt\/#organization"},"potentialAction":[{"@type":"SearchAction","target":{"@type":"EntryPoint","urlTemplate":"https:\/\/maqtool.pt\/?s={search_term_string}"},"query-input":{"@type":"PropertyValueSpecification","valueRequired":true,"valueName":"search_term_string"}}],"inLanguage":"fr-FR"},{"@type":"Organization","@id":"https:\/\/maqtool.pt\/#organization","name":"MAQTOOL","url":"https:\/\/maqtool.pt\/","logo":{"@type":"ImageObject","inLanguage":"fr-FR","@id":"https:\/\/maqtool.pt\/#\/schema\/logo\/image\/","url":"https:\/\/maqtool.pt\/wp-content\/uploads\/2022\/09\/MAQTOOL-LOGO.jpg","contentUrl":"https:\/\/maqtool.pt\/wp-content\/uploads\/2022\/09\/MAQTOOL-LOGO.jpg","width":762,"height":228,"caption":"MAQTOOL"},"image":{"@id":"https:\/\/maqtool.pt\/#\/schema\/logo\/image\/"},"sameAs":["https:\/\/www.facebook.com\/cobermaster"]}]}},"uagb_featured_image_src":{"full":["https:\/\/maqtool.pt\/wp-content\/uploads\/2021\/06\/COB_8005.jpg",250,387,false],"thumbnail":["https:\/\/maqtool.pt\/wp-content\/uploads\/2021\/06\/COB_8005-150x150.jpg",150,150,true],"medium":["https:\/\/maqtool.pt\/wp-content\/uploads\/2021\/06\/COB_8005-194x300.jpg",194,300,true],"medium_large":["https:\/\/maqtool.pt\/wp-content\/uploads\/2021\/06\/COB_8005.jpg",250,387,false],"large":["https:\/\/maqtool.pt\/wp-content\/uploads\/2021\/06\/COB_8005.jpg",250,387,false],"1536x1536":["https:\/\/maqtool.pt\/wp-content\/uploads\/2021\/06\/COB_8005.jpg",250,387,false],"2048x2048":["https:\/\/maqtool.pt\/wp-content\/uploads\/2021\/06\/COB_8005.jpg",250,387,false],"woocommerce_thumbnail":["https:\/\/maqtool.pt\/wp-content\/uploads\/2021\/06\/COB_8005-195x302.jpg",195,302,true],"woocommerce_single":["https:\/\/maqtool.pt\/wp-content\/uploads\/2021\/06\/COB_8005.jpg",250,387,false],"woocommerce_gallery_thumbnail":["https:\/\/maqtool.pt\/wp-content\/uploads\/2021\/06\/COB_8005-100x100.jpg",100,100,true]},"uagb_author_info":{"display_name":"pedrocandeias","author_link":"https:\/\/maqtool.pt\/fr\/author\/"},"uagb_comment_info":0,"uagb_excerpt":"Prot\u00e8ge-bouteilles pliable pour ranger les bouteilles de gaz. Livr\u00e9 avec ou sans toit pour une application \u00e0 l'int\u00e9rieur ou \u00e0 l'ext\u00e9rieur des entreprises. Structure en acier galvanis\u00e9. Porte avec fermeture \u00e0 cadenas. Dimensions hors tout : 1 200 x 1 300 x 2 150 mm (LxlxH). ...","_links":{"self":[{"href":"https:\/\/maqtool.pt\/fr\/wp-json\/wp\/v2\/product\/13581","targetHints":{"allow":["GET"]}}],"collection":[{"href":"https:\/\/maqtool.pt\/fr\/wp-json\/wp\/v2\/product"}],"about":[{"href":"https:\/\/maqtool.pt\/fr\/wp-json\/wp\/v2\/types\/product"}],"wp:featuredmedia":[{"embeddable":true,"href":"https:\/\/maqtool.pt\/fr\/wp-json\/wp\/v2\/media\/4878"}],"wp:attachment":[{"href":"https:\/\/maqtool.pt\/fr\/wp-json\/wp\/v2\/media?parent=13581"}],"wp:term":[{"taxonomy":"product_brand","embeddable":true,"href":"https:\/\/maqtool.pt\/fr\/wp-json\/wp\/v2\/product_brand?post=13581"},{"taxonomy":"product_cat","embeddable":true,"href":"https:\/\/maqtool.pt\/fr\/wp-json\/wp\/v2\/product_cat?post=13581"},{"taxonomy":"product_tag","embeddable":true,"href":"https:\/\/maqtool.pt\/fr\/wp-json\/wp\/v2\/product_tag?post=13581"}],"curies":[{"name":"wp","href":"https:\/\/api.w.org\/{rel}","templated":true}]}}