{"id":14780,"date":"2021-05-02T13:40:26","date_gmt":"2021-05-02T13:40:26","guid":{"rendered":"https:\/\/maqtool.pt\/produto\/mixer-diy-kit-pour-b135\/"},"modified":"2023-01-02T14:54:23","modified_gmt":"2023-01-02T14:54:23","slug":"mixer-diy-kit-pour-b135","status":"publish","type":"product","link":"https:\/\/maqtool.pt\/fr\/produto\/mixer-diy-kit-pour-b135\/","title":{"rendered":"Mixer DIY Kit pour B135"},"content":{"rendered":"<p>Capacit\u00e9 totale du seau &#8211; 125 L.<br \/>\nPoids sans moteur \u2013 46 kg.<br \/>\nCapacit\u00e9 maximale de m\u00e9lange \u2013 100 L.<br \/>\nMotorisation \u2013 Electrique (Puissance selon constructeur).<br \/>\nFinition \u2013 Peinture Epoxy.<br \/>\nDosage \u2013 17,5 kg (Le dosage conseill\u00e9 peut varier selon le type de b\u00e9ton).<br \/>\nHors tout LxLxH \u2013 1260x850x1400 mm.<br \/>\nProtection de cr\u00e9maill\u00e8re en option.<\/p>\n<p>B\u00e9tonni\u00e8re \u00e0 faire soi-m\u00eame. Lubrificateur de bo\u00eete de roulement \u00e0 l&rsquo;ext\u00e9rieur du godet. Cr\u00e9maill\u00e8re et pignon en fonte. Bouche de seau renforc\u00e9e avec 2 p\u00e9trins doubles. Hotte galvanis\u00e9e en option. Hotte en t\u00f4le en option. P\u00e9dale de frein. Transport en caisse en option. Syst\u00e8me de d\u00e9chargement.<\/p>\n","protected":false},"excerpt":{"rendered":"<p>Capacit\u00e9 totale du seau &#8211; 125 L.<br \/>\nPoids sans moteur \u2013 46 kg.<br \/>\nCapacit\u00e9 maximale de m\u00e9lange \u2013 100 L.<br \/>\nMotorisation \u2013 Electrique (Puissance selon constructeur).<br \/>\nFinition \u2013 Peinture Epoxy.<br \/>\nDosage \u2013 17,5 kg (Le dosage conseill\u00e9 peut varier selon le type de b\u00e9ton).<br \/>\nHors tout LxLxH \u2013 1260x850x1400 mm.<br \/>\nProtection de cr\u00e9maill\u00e8re en option.<\/p>\n","protected":false},"featured_media":23809,"template":"","meta":{"_eb_attr":"","_uag_custom_page_level_css":"","site-sidebar-layout":"default","site-content-layout":"default","ast-site-content-layout":"default","site-content-style":"default","site-sidebar-style":"default","ast-global-header-display":"","ast-banner-title-visibility":"","ast-main-header-display":"","ast-hfb-above-header-display":"","ast-hfb-below-header-display":"","ast-hfb-mobile-header-display":"","site-post-title":"","ast-breadcrumbs-content":"","ast-featured-img":"","footer-sml-layout":"","ast-disable-related-posts":"","theme-transparent-header-meta":"default","adv-header-id-meta":"","stick-header-meta":"default","header-above-stick-meta":"","header-main-stick-meta":"","header-below-stick-meta":"","astra-migrate-meta-layouts":"default","ast-page-background-enabled":"default","ast-page-background-meta":{"desktop":{"background-color":"","background-image":"","background-repeat":"repeat","background-position":"center center","background-size":"auto","background-attachment":"scroll","background-type":"","background-media":"","overlay-type":"","overlay-color":"","overlay-opacity":"","overlay-gradient":""},"tablet":{"background-color":"","background-image":"","background-repeat":"repeat","background-position":"center center","background-size":"auto","background-attachment":"scroll","background-type":"","background-media":"","overlay-type":"","overlay-color":"","overlay-opacity":"","overlay-gradient":""},"mobile":{"background-color":"","background-image":"","background-repeat":"repeat","background-position":"center center","background-size":"auto","background-attachment":"scroll","background-type":"","background-media":"","overlay-type":"","overlay-color":"","overlay-opacity":"","overlay-gradient":""}},"ast-content-background-meta":{"desktop":{"background-color":"var(--ast-global-color-5)","background-image":"","background-repeat":"repeat","background-position":"center center","background-size":"auto","background-attachment":"scroll","background-type":"","background-media":"","overlay-type":"","overlay-color":"","overlay-opacity":"","overlay-gradient":""},"tablet":{"background-color":"var(--ast-global-color-5)","background-image":"","background-repeat":"repeat","background-position":"center center","background-size":"auto","background-attachment":"scroll","background-type":"","background-media":"","overlay-type":"","overlay-color":"","overlay-opacity":"","overlay-gradient":""},"mobile":{"background-color":"var(--ast-global-color-5)","background-image":"","background-repeat":"repeat","background-position":"center center","background-size":"auto","background-attachment":"scroll","background-type":"","background-media":"","overlay-type":"","overlay-color":"","overlay-opacity":"","overlay-gradient":""}}},"product_brand":[],"product_cat":[5086,5126],"product_tag":[],"class_list":{"0":"post-14780","1":"product","2":"type-product","3":"status-publish","4":"has-post-thumbnail","6":"product_cat-equipement-de-construction","7":"product_cat-betonnieres","8":"desktop-align-center","9":"tablet-align-center","10":"mobile-align-center","11":"ast-product-gallery-layout-horizontal","12":"ast-product-tabs-layout-horizontal","14":"first","15":"onbackorder","16":"taxable","17":"shipping-taxable","18":"product-type-simple"},"acf":[],"yoast_head":"<!-- This site is optimized with the Yoast SEO plugin v27.3 - https:\/\/yoast.com\/product\/yoast-seo-wordpress\/ -->\n<title>Mixer DIY Kit pour B135 - MAQTOOL<\/title>\n<meta name=\"robots\" content=\"index, follow, max-snippet:-1, max-image-preview:large, max-video-preview:-1\" \/>\n<link rel=\"canonical\" href=\"https:\/\/maqtool.pt\/fr\/produto\/mixer-diy-kit-pour-b135\/\" \/>\n<meta property=\"og:locale\" content=\"fr_FR\" \/>\n<meta property=\"og:type\" content=\"article\" \/>\n<meta property=\"og:title\" content=\"Mixer DIY Kit pour B135 - MAQTOOL\" \/>\n<meta property=\"og:description\" content=\"Capacit\u00e9 totale du seau - 125 L. Poids sans moteur \u2013 46 kg. Capacit\u00e9 maximale de m\u00e9lange \u2013 100 L. Motorisation \u2013 Electrique (Puissance selon constructeur). Finition \u2013 Peinture Epoxy. Dosage \u2013 17,5 kg (Le dosage conseill\u00e9 peut varier selon le type de b\u00e9ton). Hors tout LxLxH \u2013 1260x850x1400 mm. Protection de cr\u00e9maill\u00e8re en option.\" \/>\n<meta property=\"og:url\" content=\"https:\/\/maqtool.pt\/fr\/produto\/mixer-diy-kit-pour-b135\/\" \/>\n<meta property=\"og:site_name\" content=\"MAQTOOL\" \/>\n<meta property=\"article:publisher\" content=\"https:\/\/www.facebook.com\/cobermaster\" \/>\n<meta property=\"article:modified_time\" content=\"2023-01-02T14:54:23+00:00\" \/>\n<meta property=\"og:image\" content=\"https:\/\/maqtool.pt\/wp-content\/uploads\/2021\/05\/COB9010-Betoneira-Bricolage-B135-em-Kit.jpg\" \/>\n\t<meta property=\"og:image:width\" content=\"800\" \/>\n\t<meta property=\"og:image:height\" content=\"800\" \/>\n\t<meta property=\"og:image:type\" content=\"image\/jpeg\" \/>\n<meta name=\"twitter:card\" content=\"summary_large_image\" \/>\n<meta name=\"twitter:label1\" content=\"Dur\u00e9e de lecture estim\u00e9e\" \/>\n\t<meta name=\"twitter:data1\" content=\"1 minute\" \/>\n<script type=\"application\/ld+json\" class=\"yoast-schema-graph\">{\"@context\":\"https:\\\/\\\/schema.org\",\"@graph\":[{\"@type\":\"WebPage\",\"@id\":\"https:\\\/\\\/maqtool.pt\\\/fr\\\/produto\\\/mixer-diy-kit-pour-b135\\\/\",\"url\":\"https:\\\/\\\/maqtool.pt\\\/fr\\\/produto\\\/mixer-diy-kit-pour-b135\\\/\",\"name\":\"Mixer DIY Kit pour B135 - MAQTOOL\",\"isPartOf\":{\"@id\":\"https:\\\/\\\/maqtool.pt\\\/#website\"},\"primaryImageOfPage\":{\"@id\":\"https:\\\/\\\/maqtool.pt\\\/fr\\\/produto\\\/mixer-diy-kit-pour-b135\\\/#primaryimage\"},\"image\":{\"@id\":\"https:\\\/\\\/maqtool.pt\\\/fr\\\/produto\\\/mixer-diy-kit-pour-b135\\\/#primaryimage\"},\"thumbnailUrl\":\"https:\\\/\\\/maqtool.pt\\\/wp-content\\\/uploads\\\/2021\\\/05\\\/COB9010-Betoneira-Bricolage-B135-em-Kit.jpg\",\"datePublished\":\"2021-05-02T13:40:26+00:00\",\"dateModified\":\"2023-01-02T14:54:23+00:00\",\"breadcrumb\":{\"@id\":\"https:\\\/\\\/maqtool.pt\\\/fr\\\/produto\\\/mixer-diy-kit-pour-b135\\\/#breadcrumb\"},\"inLanguage\":\"fr-FR\",\"potentialAction\":[{\"@type\":\"ReadAction\",\"target\":[\"https:\\\/\\\/maqtool.pt\\\/fr\\\/produto\\\/mixer-diy-kit-pour-b135\\\/\"]}]},{\"@type\":\"ImageObject\",\"inLanguage\":\"fr-FR\",\"@id\":\"https:\\\/\\\/maqtool.pt\\\/fr\\\/produto\\\/mixer-diy-kit-pour-b135\\\/#primaryimage\",\"url\":\"https:\\\/\\\/maqtool.pt\\\/wp-content\\\/uploads\\\/2021\\\/05\\\/COB9010-Betoneira-Bricolage-B135-em-Kit.jpg\",\"contentUrl\":\"https:\\\/\\\/maqtool.pt\\\/wp-content\\\/uploads\\\/2021\\\/05\\\/COB9010-Betoneira-Bricolage-B135-em-Kit.jpg\",\"width\":800,\"height\":800},{\"@type\":\"BreadcrumbList\",\"@id\":\"https:\\\/\\\/maqtool.pt\\\/fr\\\/produto\\\/mixer-diy-kit-pour-b135\\\/#breadcrumb\",\"itemListElement\":[{\"@type\":\"ListItem\",\"position\":1,\"name\":\"In\u00edcio\",\"item\":\"https:\\\/\\\/maqtool.pt\\\/fr\\\/home\\\/\"},{\"@type\":\"ListItem\",\"position\":2,\"name\":\"Produtos\",\"item\":\"https:\\\/\\\/maqtool.pt\\\/produtos\\\/\"},{\"@type\":\"ListItem\",\"position\":3,\"name\":\"Mixer DIY Kit pour B135\"}]},{\"@type\":\"WebSite\",\"@id\":\"https:\\\/\\\/maqtool.pt\\\/#website\",\"url\":\"https:\\\/\\\/maqtool.pt\\\/\",\"name\":\"Cobermaster Industry\",\"description\":\"\",\"publisher\":{\"@id\":\"https:\\\/\\\/maqtool.pt\\\/#organization\"},\"potentialAction\":[{\"@type\":\"SearchAction\",\"target\":{\"@type\":\"EntryPoint\",\"urlTemplate\":\"https:\\\/\\\/maqtool.pt\\\/?s={search_term_string}\"},\"query-input\":{\"@type\":\"PropertyValueSpecification\",\"valueRequired\":true,\"valueName\":\"search_term_string\"}}],\"inLanguage\":\"fr-FR\"},{\"@type\":\"Organization\",\"@id\":\"https:\\\/\\\/maqtool.pt\\\/#organization\",\"name\":\"MAQTOOL\",\"url\":\"https:\\\/\\\/maqtool.pt\\\/\",\"logo\":{\"@type\":\"ImageObject\",\"inLanguage\":\"fr-FR\",\"@id\":\"https:\\\/\\\/maqtool.pt\\\/#\\\/schema\\\/logo\\\/image\\\/\",\"url\":\"https:\\\/\\\/maqtool.pt\\\/wp-content\\\/uploads\\\/2022\\\/09\\\/MAQTOOL-LOGO.jpg\",\"contentUrl\":\"https:\\\/\\\/maqtool.pt\\\/wp-content\\\/uploads\\\/2022\\\/09\\\/MAQTOOL-LOGO.jpg\",\"width\":762,\"height\":228,\"caption\":\"MAQTOOL\"},\"image\":{\"@id\":\"https:\\\/\\\/maqtool.pt\\\/#\\\/schema\\\/logo\\\/image\\\/\"},\"sameAs\":[\"https:\\\/\\\/www.facebook.com\\\/cobermaster\"]}]}<\/script>\n<!-- \/ Yoast SEO plugin. -->","yoast_head_json":{"title":"Mixer DIY Kit pour B135 - MAQTOOL","robots":{"index":"index","follow":"follow","max-snippet":"max-snippet:-1","max-image-preview":"max-image-preview:large","max-video-preview":"max-video-preview:-1"},"canonical":"https:\/\/maqtool.pt\/fr\/produto\/mixer-diy-kit-pour-b135\/","og_locale":"fr_FR","og_type":"article","og_title":"Mixer DIY Kit pour B135 - MAQTOOL","og_description":"Capacit\u00e9 totale du seau - 125 L. Poids sans moteur \u2013 46 kg. Capacit\u00e9 maximale de m\u00e9lange \u2013 100 L. Motorisation \u2013 Electrique (Puissance selon constructeur). Finition \u2013 Peinture Epoxy. Dosage \u2013 17,5 kg (Le dosage conseill\u00e9 peut varier selon le type de b\u00e9ton). Hors tout LxLxH \u2013 1260x850x1400 mm. Protection de cr\u00e9maill\u00e8re en option.","og_url":"https:\/\/maqtool.pt\/fr\/produto\/mixer-diy-kit-pour-b135\/","og_site_name":"MAQTOOL","article_publisher":"https:\/\/www.facebook.com\/cobermaster","article_modified_time":"2023-01-02T14:54:23+00:00","og_image":[{"width":800,"height":800,"url":"https:\/\/maqtool.pt\/wp-content\/uploads\/2021\/05\/COB9010-Betoneira-Bricolage-B135-em-Kit.jpg","type":"image\/jpeg"}],"twitter_card":"summary_large_image","twitter_misc":{"Dur\u00e9e de lecture estim\u00e9e":"1 minute"},"schema":{"@context":"https:\/\/schema.org","@graph":[{"@type":"WebPage","@id":"https:\/\/maqtool.pt\/fr\/produto\/mixer-diy-kit-pour-b135\/","url":"https:\/\/maqtool.pt\/fr\/produto\/mixer-diy-kit-pour-b135\/","name":"Mixer DIY Kit pour B135 - MAQTOOL","isPartOf":{"@id":"https:\/\/maqtool.pt\/#website"},"primaryImageOfPage":{"@id":"https:\/\/maqtool.pt\/fr\/produto\/mixer-diy-kit-pour-b135\/#primaryimage"},"image":{"@id":"https:\/\/maqtool.pt\/fr\/produto\/mixer-diy-kit-pour-b135\/#primaryimage"},"thumbnailUrl":"https:\/\/maqtool.pt\/wp-content\/uploads\/2021\/05\/COB9010-Betoneira-Bricolage-B135-em-Kit.jpg","datePublished":"2021-05-02T13:40:26+00:00","dateModified":"2023-01-02T14:54:23+00:00","breadcrumb":{"@id":"https:\/\/maqtool.pt\/fr\/produto\/mixer-diy-kit-pour-b135\/#breadcrumb"},"inLanguage":"fr-FR","potentialAction":[{"@type":"ReadAction","target":["https:\/\/maqtool.pt\/fr\/produto\/mixer-diy-kit-pour-b135\/"]}]},{"@type":"ImageObject","inLanguage":"fr-FR","@id":"https:\/\/maqtool.pt\/fr\/produto\/mixer-diy-kit-pour-b135\/#primaryimage","url":"https:\/\/maqtool.pt\/wp-content\/uploads\/2021\/05\/COB9010-Betoneira-Bricolage-B135-em-Kit.jpg","contentUrl":"https:\/\/maqtool.pt\/wp-content\/uploads\/2021\/05\/COB9010-Betoneira-Bricolage-B135-em-Kit.jpg","width":800,"height":800},{"@type":"BreadcrumbList","@id":"https:\/\/maqtool.pt\/fr\/produto\/mixer-diy-kit-pour-b135\/#breadcrumb","itemListElement":[{"@type":"ListItem","position":1,"name":"In\u00edcio","item":"https:\/\/maqtool.pt\/fr\/home\/"},{"@type":"ListItem","position":2,"name":"Produtos","item":"https:\/\/maqtool.pt\/produtos\/"},{"@type":"ListItem","position":3,"name":"Mixer DIY Kit pour B135"}]},{"@type":"WebSite","@id":"https:\/\/maqtool.pt\/#website","url":"https:\/\/maqtool.pt\/","name":"Cobermaster Industry","description":"","publisher":{"@id":"https:\/\/maqtool.pt\/#organization"},"potentialAction":[{"@type":"SearchAction","target":{"@type":"EntryPoint","urlTemplate":"https:\/\/maqtool.pt\/?s={search_term_string}"},"query-input":{"@type":"PropertyValueSpecification","valueRequired":true,"valueName":"search_term_string"}}],"inLanguage":"fr-FR"},{"@type":"Organization","@id":"https:\/\/maqtool.pt\/#organization","name":"MAQTOOL","url":"https:\/\/maqtool.pt\/","logo":{"@type":"ImageObject","inLanguage":"fr-FR","@id":"https:\/\/maqtool.pt\/#\/schema\/logo\/image\/","url":"https:\/\/maqtool.pt\/wp-content\/uploads\/2022\/09\/MAQTOOL-LOGO.jpg","contentUrl":"https:\/\/maqtool.pt\/wp-content\/uploads\/2022\/09\/MAQTOOL-LOGO.jpg","width":762,"height":228,"caption":"MAQTOOL"},"image":{"@id":"https:\/\/maqtool.pt\/#\/schema\/logo\/image\/"},"sameAs":["https:\/\/www.facebook.com\/cobermaster"]}]}},"uagb_featured_image_src":{"full":["https:\/\/maqtool.pt\/wp-content\/uploads\/2021\/05\/COB9010-Betoneira-Bricolage-B135-em-Kit.jpg",800,800,false],"thumbnail":["https:\/\/maqtool.pt\/wp-content\/uploads\/2021\/05\/COB9010-Betoneira-Bricolage-B135-em-Kit-150x150.jpg",150,150,true],"medium":["https:\/\/maqtool.pt\/wp-content\/uploads\/2021\/05\/COB9010-Betoneira-Bricolage-B135-em-Kit-300x300.jpg",300,300,true],"medium_large":["https:\/\/maqtool.pt\/wp-content\/uploads\/2021\/05\/COB9010-Betoneira-Bricolage-B135-em-Kit-768x768.jpg",768,768,true],"large":["https:\/\/maqtool.pt\/wp-content\/uploads\/2021\/05\/COB9010-Betoneira-Bricolage-B135-em-Kit.jpg",800,800,false],"1536x1536":["https:\/\/maqtool.pt\/wp-content\/uploads\/2021\/05\/COB9010-Betoneira-Bricolage-B135-em-Kit.jpg",800,800,false],"2048x2048":["https:\/\/maqtool.pt\/wp-content\/uploads\/2021\/05\/COB9010-Betoneira-Bricolage-B135-em-Kit.jpg",800,800,false],"woocommerce_thumbnail":["https:\/\/maqtool.pt\/wp-content\/uploads\/2021\/05\/COB9010-Betoneira-Bricolage-B135-em-Kit-400x400.jpg",400,400,true],"woocommerce_single":["https:\/\/maqtool.pt\/wp-content\/uploads\/2021\/05\/COB9010-Betoneira-Bricolage-B135-em-Kit-600x600.jpg",600,600,true],"woocommerce_gallery_thumbnail":["https:\/\/maqtool.pt\/wp-content\/uploads\/2021\/05\/COB9010-Betoneira-Bricolage-B135-em-Kit-100x100.jpg",100,100,true]},"uagb_author_info":{"display_name":"pedrocandeias","author_link":"https:\/\/maqtool.pt\/fr\/author\/"},"uagb_comment_info":0,"uagb_excerpt":"Capacit\u00e9 totale du seau - 125 L. Poids sans moteur \u2013 46 kg. Capacit\u00e9 maximale de m\u00e9lange \u2013 100 L. Motorisation \u2013 Electrique (Puissance selon constructeur). Finition \u2013 Peinture Epoxy. Dosage \u2013 17,5 kg (Le dosage conseill\u00e9 peut varier selon le type de b\u00e9ton). Hors tout LxLxH \u2013 1260x850x1400 mm. Protection de cr\u00e9maill\u00e8re en option.","_links":{"self":[{"href":"https:\/\/maqtool.pt\/fr\/wp-json\/wp\/v2\/product\/14780","targetHints":{"allow":["GET"]}}],"collection":[{"href":"https:\/\/maqtool.pt\/fr\/wp-json\/wp\/v2\/product"}],"about":[{"href":"https:\/\/maqtool.pt\/fr\/wp-json\/wp\/v2\/types\/product"}],"wp:featuredmedia":[{"embeddable":true,"href":"https:\/\/maqtool.pt\/fr\/wp-json\/wp\/v2\/media\/23809"}],"wp:attachment":[{"href":"https:\/\/maqtool.pt\/fr\/wp-json\/wp\/v2\/media?parent=14780"}],"wp:term":[{"taxonomy":"product_brand","embeddable":true,"href":"https:\/\/maqtool.pt\/fr\/wp-json\/wp\/v2\/product_brand?post=14780"},{"taxonomy":"product_cat","embeddable":true,"href":"https:\/\/maqtool.pt\/fr\/wp-json\/wp\/v2\/product_cat?post=14780"},{"taxonomy":"product_tag","embeddable":true,"href":"https:\/\/maqtool.pt\/fr\/wp-json\/wp\/v2\/product_tag?post=14780"}],"curies":[{"name":"wp","href":"https:\/\/api.w.org\/{rel}","templated":true}]}}