{"id":14791,"date":"2021-05-18T16:05:33","date_gmt":"2021-05-18T16:05:33","guid":{"rendered":"https:\/\/maqtool.pt\/produto\/helicoptere-lisseur-beton-sh120\/"},"modified":"2022-12-23T15:13:56","modified_gmt":"2022-12-23T15:13:56","slug":"helicoptere-lisseur-beton-sh120","status":"publish","type":"product","link":"https:\/\/maqtool.pt\/fr\/produto\/helicoptere-lisseur-beton-sh120\/","title":{"rendered":"H\u00e9licopt\u00e8re Lisseur B\u00e9ton SH120"},"content":{"rendered":"<p>Moteur \u2013 Essence.<br \/>\nPuissance &#8211; 8,5 ch.<br \/>\nPoids &#8211; 102 kg.<br \/>\nDiam\u00e8tre total &#8211; 1135 mm.<br \/>\nLames \u2013 150\u00d7450 mm.<\/p>\n<p>La bo\u00eete de vitesses int\u00e9gr\u00e9e garantit une longue dur\u00e9e de vie de la machine.<br \/>\nHauteur r\u00e9glable de la poign\u00e9e, assure le contr\u00f4le de l&rsquo;op\u00e9rateur plus confortable et plus facile.<br \/>\nLe levage par tube en standard permet \u00e0 la machine d&rsquo;\u00eatre transport\u00e9e sur le chantier par seulement deux personnes.<br \/>\nDes vis de r\u00e9glage assurent un r\u00e9glage pr\u00e9cis des lames.<br \/>\nAnneau de protection pour votre s\u00e9curit\u00e9.<\/p>\n<p>R\u00e9glage facile de l&rsquo;inclinaison de la lame.<br \/>\nR\u00e9glage facile de la hauteur de travail.<br \/>\nPoign\u00e9e avec arr\u00eat d&rsquo;urgence.<br \/>\nCompteur d&rsquo;heures.<\/p>\n<p>dimensions<br \/>\n1140x1140x760mm<\/p>\n","protected":false},"excerpt":{"rendered":"<p>Moteur \u2013 Essence.<br \/>\nPuissance &#8211; 8,5 ch.<br \/>\nPoids &#8211; 102 kg.<br \/>\nDiam\u00e8tre total &#8211; 1135 mm.<br \/>\nLames \u2013 150\u00d7450 mm.<\/p>\n<p>La bo\u00eete de vitesses int\u00e9gr\u00e9e garantit une longue dur\u00e9e de vie de la machine.<br \/>\nHauteur r\u00e9glable de la poign\u00e9e, assure le contr\u00f4le de l&rsquo;op\u00e9rateur plus confortable et plus facile.<br \/>\nLe levage par tube en standard permet \u00e0 la machine d&rsquo;\u00eatre transport\u00e9e sur le chantier par seulement deux personnes.<br \/>\nDes vis de r\u00e9glage assurent un r\u00e9glage pr\u00e9cis des lames.<br \/>\nAnneau de protection pour votre s\u00e9curit\u00e9.<\/p>\n","protected":false},"featured_media":24749,"template":"","meta":{"_eb_attr":"","_uag_custom_page_level_css":"","site-sidebar-layout":"default","site-content-layout":"default","ast-site-content-layout":"default","site-content-style":"default","site-sidebar-style":"default","ast-global-header-display":"","ast-banner-title-visibility":"","ast-main-header-display":"","ast-hfb-above-header-display":"","ast-hfb-below-header-display":"","ast-hfb-mobile-header-display":"","site-post-title":"","ast-breadcrumbs-content":"","ast-featured-img":"","footer-sml-layout":"","ast-disable-related-posts":"","theme-transparent-header-meta":"default","adv-header-id-meta":"","stick-header-meta":"default","header-above-stick-meta":"","header-main-stick-meta":"","header-below-stick-meta":"","astra-migrate-meta-layouts":"default","ast-page-background-enabled":"default","ast-page-background-meta":{"desktop":{"background-color":"","background-image":"","background-repeat":"repeat","background-position":"center center","background-size":"auto","background-attachment":"scroll","background-type":"","background-media":"","overlay-type":"","overlay-color":"","overlay-opacity":"","overlay-gradient":""},"tablet":{"background-color":"","background-image":"","background-repeat":"repeat","background-position":"center center","background-size":"auto","background-attachment":"scroll","background-type":"","background-media":"","overlay-type":"","overlay-color":"","overlay-opacity":"","overlay-gradient":""},"mobile":{"background-color":"","background-image":"","background-repeat":"repeat","background-position":"center center","background-size":"auto","background-attachment":"scroll","background-type":"","background-media":"","overlay-type":"","overlay-color":"","overlay-opacity":"","overlay-gradient":""}},"ast-content-background-meta":{"desktop":{"background-color":"var(--ast-global-color-5)","background-image":"","background-repeat":"repeat","background-position":"center center","background-size":"auto","background-attachment":"scroll","background-type":"","background-media":"","overlay-type":"","overlay-color":"","overlay-opacity":"","overlay-gradient":""},"tablet":{"background-color":"var(--ast-global-color-5)","background-image":"","background-repeat":"repeat","background-position":"center center","background-size":"auto","background-attachment":"scroll","background-type":"","background-media":"","overlay-type":"","overlay-color":"","overlay-opacity":"","overlay-gradient":""},"mobile":{"background-color":"var(--ast-global-color-5)","background-image":"","background-repeat":"repeat","background-position":"center center","background-size":"auto","background-attachment":"scroll","background-type":"","background-media":"","overlay-type":"","overlay-color":"","overlay-opacity":"","overlay-gradient":""}}},"product_brand":[],"product_cat":[5127,5086],"product_tag":[],"class_list":{"0":"post-14791","1":"product","2":"type-product","3":"status-publish","4":"has-post-thumbnail","6":"product_cat-machines-a-beton","7":"product_cat-equipement-de-construction","8":"desktop-align-center","9":"tablet-align-center","10":"mobile-align-center","11":"ast-product-gallery-layout-horizontal","12":"ast-product-gallery-with-no-image","13":"ast-product-tabs-layout-horizontal","15":"first","16":"onbackorder","17":"taxable","18":"shipping-taxable","19":"product-type-simple"},"acf":[],"yoast_head":"<!-- This site is optimized with the Yoast SEO plugin v27.3 - https:\/\/yoast.com\/product\/yoast-seo-wordpress\/ -->\n<title>H\u00e9licopt\u00e8re Lisseur B\u00e9ton SH120 - MAQTOOL<\/title>\n<meta name=\"robots\" content=\"index, follow, max-snippet:-1, max-image-preview:large, max-video-preview:-1\" \/>\n<link rel=\"canonical\" href=\"https:\/\/maqtool.pt\/fr\/produto\/helicoptere-lisseur-beton-sh120\/\" \/>\n<meta property=\"og:locale\" content=\"fr_FR\" \/>\n<meta property=\"og:type\" content=\"article\" \/>\n<meta property=\"og:title\" content=\"H\u00e9licopt\u00e8re Lisseur B\u00e9ton SH120 - MAQTOOL\" \/>\n<meta property=\"og:description\" content=\"Moteur \u2013 Essence. Puissance - 8,5 ch. Poids - 102 kg. Diam\u00e8tre total - 1135 mm. Lames \u2013 150\u00d7450 mm.  La bo\u00eete de vitesses int\u00e9gr\u00e9e garantit une longue dur\u00e9e de vie de la machine. Hauteur r\u00e9glable de la poign\u00e9e, assure le contr\u00f4le de l&#039;op\u00e9rateur plus confortable et plus facile. Le levage par tube en standard permet \u00e0 la machine d&#039;\u00eatre transport\u00e9e sur le chantier par seulement deux personnes. Des vis de r\u00e9glage assurent un r\u00e9glage pr\u00e9cis des lames. Anneau de protection pour votre s\u00e9curit\u00e9.\" \/>\n<meta property=\"og:url\" content=\"https:\/\/maqtool.pt\/fr\/produto\/helicoptere-lisseur-beton-sh120\/\" \/>\n<meta property=\"og:site_name\" content=\"MAQTOOL\" \/>\n<meta property=\"article:publisher\" content=\"https:\/\/www.facebook.com\/cobermaster\" \/>\n<meta property=\"article:modified_time\" content=\"2022-12-23T15:13:56+00:00\" \/>\n<meta property=\"og:image\" content=\"https:\/\/maqtool.pt\/wp-content\/uploads\/2021\/05\/COB9022-Helicoptero-Alisador-de-Betao-SH120.jpg\" \/>\n\t<meta property=\"og:image:width\" content=\"800\" \/>\n\t<meta property=\"og:image:height\" content=\"800\" \/>\n\t<meta property=\"og:image:type\" content=\"image\/jpeg\" \/>\n<meta name=\"twitter:card\" content=\"summary_large_image\" \/>\n<meta name=\"twitter:label1\" content=\"Dur\u00e9e de lecture estim\u00e9e\" \/>\n\t<meta name=\"twitter:data1\" content=\"1 minute\" \/>\n<script type=\"application\/ld+json\" class=\"yoast-schema-graph\">{\"@context\":\"https:\\\/\\\/schema.org\",\"@graph\":[{\"@type\":\"WebPage\",\"@id\":\"https:\\\/\\\/maqtool.pt\\\/fr\\\/produto\\\/helicoptere-lisseur-beton-sh120\\\/\",\"url\":\"https:\\\/\\\/maqtool.pt\\\/fr\\\/produto\\\/helicoptere-lisseur-beton-sh120\\\/\",\"name\":\"H\u00e9licopt\u00e8re Lisseur B\u00e9ton SH120 - MAQTOOL\",\"isPartOf\":{\"@id\":\"https:\\\/\\\/maqtool.pt\\\/#website\"},\"primaryImageOfPage\":{\"@id\":\"https:\\\/\\\/maqtool.pt\\\/fr\\\/produto\\\/helicoptere-lisseur-beton-sh120\\\/#primaryimage\"},\"image\":{\"@id\":\"https:\\\/\\\/maqtool.pt\\\/fr\\\/produto\\\/helicoptere-lisseur-beton-sh120\\\/#primaryimage\"},\"thumbnailUrl\":\"https:\\\/\\\/maqtool.pt\\\/wp-content\\\/uploads\\\/2021\\\/05\\\/COB9022-Helicoptero-Alisador-de-Betao-SH120.jpg\",\"datePublished\":\"2021-05-18T16:05:33+00:00\",\"dateModified\":\"2022-12-23T15:13:56+00:00\",\"breadcrumb\":{\"@id\":\"https:\\\/\\\/maqtool.pt\\\/fr\\\/produto\\\/helicoptere-lisseur-beton-sh120\\\/#breadcrumb\"},\"inLanguage\":\"fr-FR\",\"potentialAction\":[{\"@type\":\"ReadAction\",\"target\":[\"https:\\\/\\\/maqtool.pt\\\/fr\\\/produto\\\/helicoptere-lisseur-beton-sh120\\\/\"]}]},{\"@type\":\"ImageObject\",\"inLanguage\":\"fr-FR\",\"@id\":\"https:\\\/\\\/maqtool.pt\\\/fr\\\/produto\\\/helicoptere-lisseur-beton-sh120\\\/#primaryimage\",\"url\":\"https:\\\/\\\/maqtool.pt\\\/wp-content\\\/uploads\\\/2021\\\/05\\\/COB9022-Helicoptero-Alisador-de-Betao-SH120.jpg\",\"contentUrl\":\"https:\\\/\\\/maqtool.pt\\\/wp-content\\\/uploads\\\/2021\\\/05\\\/COB9022-Helicoptero-Alisador-de-Betao-SH120.jpg\",\"width\":800,\"height\":800},{\"@type\":\"BreadcrumbList\",\"@id\":\"https:\\\/\\\/maqtool.pt\\\/fr\\\/produto\\\/helicoptere-lisseur-beton-sh120\\\/#breadcrumb\",\"itemListElement\":[{\"@type\":\"ListItem\",\"position\":1,\"name\":\"In\u00edcio\",\"item\":\"https:\\\/\\\/maqtool.pt\\\/fr\\\/home\\\/\"},{\"@type\":\"ListItem\",\"position\":2,\"name\":\"Produtos\",\"item\":\"https:\\\/\\\/maqtool.pt\\\/produtos\\\/\"},{\"@type\":\"ListItem\",\"position\":3,\"name\":\"H\u00e9licopt\u00e8re Lisseur B\u00e9ton SH120\"}]},{\"@type\":\"WebSite\",\"@id\":\"https:\\\/\\\/maqtool.pt\\\/#website\",\"url\":\"https:\\\/\\\/maqtool.pt\\\/\",\"name\":\"Cobermaster Industry\",\"description\":\"\",\"publisher\":{\"@id\":\"https:\\\/\\\/maqtool.pt\\\/#organization\"},\"potentialAction\":[{\"@type\":\"SearchAction\",\"target\":{\"@type\":\"EntryPoint\",\"urlTemplate\":\"https:\\\/\\\/maqtool.pt\\\/?s={search_term_string}\"},\"query-input\":{\"@type\":\"PropertyValueSpecification\",\"valueRequired\":true,\"valueName\":\"search_term_string\"}}],\"inLanguage\":\"fr-FR\"},{\"@type\":\"Organization\",\"@id\":\"https:\\\/\\\/maqtool.pt\\\/#organization\",\"name\":\"MAQTOOL\",\"url\":\"https:\\\/\\\/maqtool.pt\\\/\",\"logo\":{\"@type\":\"ImageObject\",\"inLanguage\":\"fr-FR\",\"@id\":\"https:\\\/\\\/maqtool.pt\\\/#\\\/schema\\\/logo\\\/image\\\/\",\"url\":\"https:\\\/\\\/maqtool.pt\\\/wp-content\\\/uploads\\\/2022\\\/09\\\/MAQTOOL-LOGO.jpg\",\"contentUrl\":\"https:\\\/\\\/maqtool.pt\\\/wp-content\\\/uploads\\\/2022\\\/09\\\/MAQTOOL-LOGO.jpg\",\"width\":762,\"height\":228,\"caption\":\"MAQTOOL\"},\"image\":{\"@id\":\"https:\\\/\\\/maqtool.pt\\\/#\\\/schema\\\/logo\\\/image\\\/\"},\"sameAs\":[\"https:\\\/\\\/www.facebook.com\\\/cobermaster\"]}]}<\/script>\n<!-- \/ Yoast SEO plugin. -->","yoast_head_json":{"title":"H\u00e9licopt\u00e8re Lisseur B\u00e9ton SH120 - MAQTOOL","robots":{"index":"index","follow":"follow","max-snippet":"max-snippet:-1","max-image-preview":"max-image-preview:large","max-video-preview":"max-video-preview:-1"},"canonical":"https:\/\/maqtool.pt\/fr\/produto\/helicoptere-lisseur-beton-sh120\/","og_locale":"fr_FR","og_type":"article","og_title":"H\u00e9licopt\u00e8re Lisseur B\u00e9ton SH120 - MAQTOOL","og_description":"Moteur \u2013 Essence. Puissance - 8,5 ch. Poids - 102 kg. Diam\u00e8tre total - 1135 mm. Lames \u2013 150\u00d7450 mm.  La bo\u00eete de vitesses int\u00e9gr\u00e9e garantit une longue dur\u00e9e de vie de la machine. Hauteur r\u00e9glable de la poign\u00e9e, assure le contr\u00f4le de l'op\u00e9rateur plus confortable et plus facile. Le levage par tube en standard permet \u00e0 la machine d'\u00eatre transport\u00e9e sur le chantier par seulement deux personnes. Des vis de r\u00e9glage assurent un r\u00e9glage pr\u00e9cis des lames. Anneau de protection pour votre s\u00e9curit\u00e9.","og_url":"https:\/\/maqtool.pt\/fr\/produto\/helicoptere-lisseur-beton-sh120\/","og_site_name":"MAQTOOL","article_publisher":"https:\/\/www.facebook.com\/cobermaster","article_modified_time":"2022-12-23T15:13:56+00:00","og_image":[{"width":800,"height":800,"url":"https:\/\/maqtool.pt\/wp-content\/uploads\/2021\/05\/COB9022-Helicoptero-Alisador-de-Betao-SH120.jpg","type":"image\/jpeg"}],"twitter_card":"summary_large_image","twitter_misc":{"Dur\u00e9e de lecture estim\u00e9e":"1 minute"},"schema":{"@context":"https:\/\/schema.org","@graph":[{"@type":"WebPage","@id":"https:\/\/maqtool.pt\/fr\/produto\/helicoptere-lisseur-beton-sh120\/","url":"https:\/\/maqtool.pt\/fr\/produto\/helicoptere-lisseur-beton-sh120\/","name":"H\u00e9licopt\u00e8re Lisseur B\u00e9ton SH120 - MAQTOOL","isPartOf":{"@id":"https:\/\/maqtool.pt\/#website"},"primaryImageOfPage":{"@id":"https:\/\/maqtool.pt\/fr\/produto\/helicoptere-lisseur-beton-sh120\/#primaryimage"},"image":{"@id":"https:\/\/maqtool.pt\/fr\/produto\/helicoptere-lisseur-beton-sh120\/#primaryimage"},"thumbnailUrl":"https:\/\/maqtool.pt\/wp-content\/uploads\/2021\/05\/COB9022-Helicoptero-Alisador-de-Betao-SH120.jpg","datePublished":"2021-05-18T16:05:33+00:00","dateModified":"2022-12-23T15:13:56+00:00","breadcrumb":{"@id":"https:\/\/maqtool.pt\/fr\/produto\/helicoptere-lisseur-beton-sh120\/#breadcrumb"},"inLanguage":"fr-FR","potentialAction":[{"@type":"ReadAction","target":["https:\/\/maqtool.pt\/fr\/produto\/helicoptere-lisseur-beton-sh120\/"]}]},{"@type":"ImageObject","inLanguage":"fr-FR","@id":"https:\/\/maqtool.pt\/fr\/produto\/helicoptere-lisseur-beton-sh120\/#primaryimage","url":"https:\/\/maqtool.pt\/wp-content\/uploads\/2021\/05\/COB9022-Helicoptero-Alisador-de-Betao-SH120.jpg","contentUrl":"https:\/\/maqtool.pt\/wp-content\/uploads\/2021\/05\/COB9022-Helicoptero-Alisador-de-Betao-SH120.jpg","width":800,"height":800},{"@type":"BreadcrumbList","@id":"https:\/\/maqtool.pt\/fr\/produto\/helicoptere-lisseur-beton-sh120\/#breadcrumb","itemListElement":[{"@type":"ListItem","position":1,"name":"In\u00edcio","item":"https:\/\/maqtool.pt\/fr\/home\/"},{"@type":"ListItem","position":2,"name":"Produtos","item":"https:\/\/maqtool.pt\/produtos\/"},{"@type":"ListItem","position":3,"name":"H\u00e9licopt\u00e8re Lisseur B\u00e9ton SH120"}]},{"@type":"WebSite","@id":"https:\/\/maqtool.pt\/#website","url":"https:\/\/maqtool.pt\/","name":"Cobermaster Industry","description":"","publisher":{"@id":"https:\/\/maqtool.pt\/#organization"},"potentialAction":[{"@type":"SearchAction","target":{"@type":"EntryPoint","urlTemplate":"https:\/\/maqtool.pt\/?s={search_term_string}"},"query-input":{"@type":"PropertyValueSpecification","valueRequired":true,"valueName":"search_term_string"}}],"inLanguage":"fr-FR"},{"@type":"Organization","@id":"https:\/\/maqtool.pt\/#organization","name":"MAQTOOL","url":"https:\/\/maqtool.pt\/","logo":{"@type":"ImageObject","inLanguage":"fr-FR","@id":"https:\/\/maqtool.pt\/#\/schema\/logo\/image\/","url":"https:\/\/maqtool.pt\/wp-content\/uploads\/2022\/09\/MAQTOOL-LOGO.jpg","contentUrl":"https:\/\/maqtool.pt\/wp-content\/uploads\/2022\/09\/MAQTOOL-LOGO.jpg","width":762,"height":228,"caption":"MAQTOOL"},"image":{"@id":"https:\/\/maqtool.pt\/#\/schema\/logo\/image\/"},"sameAs":["https:\/\/www.facebook.com\/cobermaster"]}]}},"uagb_featured_image_src":{"full":["https:\/\/maqtool.pt\/wp-content\/uploads\/2021\/05\/COB9022-Helicoptero-Alisador-de-Betao-SH120.jpg",800,800,false],"thumbnail":["https:\/\/maqtool.pt\/wp-content\/uploads\/2021\/05\/COB9022-Helicoptero-Alisador-de-Betao-SH120-150x150.jpg",150,150,true],"medium":["https:\/\/maqtool.pt\/wp-content\/uploads\/2021\/05\/COB9022-Helicoptero-Alisador-de-Betao-SH120-300x300.jpg",300,300,true],"medium_large":["https:\/\/maqtool.pt\/wp-content\/uploads\/2021\/05\/COB9022-Helicoptero-Alisador-de-Betao-SH120-768x768.jpg",768,768,true],"large":["https:\/\/maqtool.pt\/wp-content\/uploads\/2021\/05\/COB9022-Helicoptero-Alisador-de-Betao-SH120.jpg",800,800,false],"1536x1536":["https:\/\/maqtool.pt\/wp-content\/uploads\/2021\/05\/COB9022-Helicoptero-Alisador-de-Betao-SH120.jpg",800,800,false],"2048x2048":["https:\/\/maqtool.pt\/wp-content\/uploads\/2021\/05\/COB9022-Helicoptero-Alisador-de-Betao-SH120.jpg",800,800,false],"woocommerce_thumbnail":["https:\/\/maqtool.pt\/wp-content\/uploads\/2021\/05\/COB9022-Helicoptero-Alisador-de-Betao-SH120-400x400.jpg",400,400,true],"woocommerce_single":["https:\/\/maqtool.pt\/wp-content\/uploads\/2021\/05\/COB9022-Helicoptero-Alisador-de-Betao-SH120-600x600.jpg",600,600,true],"woocommerce_gallery_thumbnail":["https:\/\/maqtool.pt\/wp-content\/uploads\/2021\/05\/COB9022-Helicoptero-Alisador-de-Betao-SH120-100x100.jpg",100,100,true]},"uagb_author_info":{"display_name":"pedrocandeias","author_link":"https:\/\/maqtool.pt\/fr\/author\/"},"uagb_comment_info":0,"uagb_excerpt":"Moteur \u2013 Essence. Puissance - 8,5 ch. Poids - 102 kg. Diam\u00e8tre total - 1135 mm. Lames \u2013 150\u00d7450 mm. La bo\u00eete de vitesses int\u00e9gr\u00e9e garantit une longue dur\u00e9e de vie de la machine. Hauteur r\u00e9glable de la poign\u00e9e, assure le contr\u00f4le de l'op\u00e9rateur plus confortable et plus facile. Le levage par tube en standard\u2026","_links":{"self":[{"href":"https:\/\/maqtool.pt\/fr\/wp-json\/wp\/v2\/product\/14791","targetHints":{"allow":["GET"]}}],"collection":[{"href":"https:\/\/maqtool.pt\/fr\/wp-json\/wp\/v2\/product"}],"about":[{"href":"https:\/\/maqtool.pt\/fr\/wp-json\/wp\/v2\/types\/product"}],"wp:featuredmedia":[{"embeddable":true,"href":"https:\/\/maqtool.pt\/fr\/wp-json\/wp\/v2\/media\/24749"}],"wp:attachment":[{"href":"https:\/\/maqtool.pt\/fr\/wp-json\/wp\/v2\/media?parent=14791"}],"wp:term":[{"taxonomy":"product_brand","embeddable":true,"href":"https:\/\/maqtool.pt\/fr\/wp-json\/wp\/v2\/product_brand?post=14791"},{"taxonomy":"product_cat","embeddable":true,"href":"https:\/\/maqtool.pt\/fr\/wp-json\/wp\/v2\/product_cat?post=14791"},{"taxonomy":"product_tag","embeddable":true,"href":"https:\/\/maqtool.pt\/fr\/wp-json\/wp\/v2\/product_tag?post=14791"}],"curies":[{"name":"wp","href":"https:\/\/api.w.org\/{rel}","templated":true}]}}