{"id":14899,"date":"2021-05-09T10:07:10","date_gmt":"2021-05-09T10:07:10","guid":{"rendered":"https:\/\/maqtool.pt\/produto\/pliable-casque-de-protection-earmuffs\/"},"modified":"2023-01-09T12:18:29","modified_gmt":"2023-01-09T12:18:29","slug":"pliable-casque-de-protection-earmuffs","status":"publish","type":"product","link":"https:\/\/maqtool.pt\/fr\/produto\/pliable-casque-de-protection-earmuffs\/","title":{"rendered":"Pliable Casque de protection earmuffs"},"content":{"rendered":"<p>\u2013 Coques en ABS ;<\/p>\n<p>\u2013 Coussins en mousse polyester enduite de mousse synth\u00e9tique ;<\/p>\n<p>\u2013 Bandeau en r\u00e9sine souple, ajustable et doubl\u00e9 de mousse. La fixation de la bande avec les coques se fait gr\u00e2ce \u00e0 des r\u00e9gulateurs en polyamide qui permettent d&rsquo;ajuster les coques \u00e0 la position souhait\u00e9e ;<\/p>\n<p>\u2013 Poids : 269gr ;<\/p>\n<p><strong>SNR:25 H:29 M:23 L:17<\/strong><\/p>\n<table width=\"530\">\n<tbody>\n<tr>\n<td width=\"118\"><strong>FR\u00c9QUENCE (Hz)<\/strong><\/td>\n<td width=\"40\"><strong>125<\/strong><\/td>\n<td width=\"61\"><strong>250<\/strong><\/td>\n<td width=\"61\"><strong>500<\/strong><\/td>\n<td width=\"62\"><strong>1000<\/strong><\/td>\n<td width=\"62\"><strong>2000<\/strong><\/td>\n<td width=\"62\"><strong>4000<\/strong><\/td>\n<td width=\"63\"><strong>8000<\/strong><\/td>\n<\/tr>\n<tr>\n<td width=\"118\">Att\u00e9nuation moyenne (dB)<\/td>\n<td width=\"40\">16,1<\/td>\n<td width=\"61\">21,8<\/td>\n<td width=\"61\">25,8<\/td>\n<td width=\"62\">32,8<\/td>\n<td width=\"62\">38,0<\/td>\n<td width=\"62\">41,4<\/td>\n<td width=\"63\">29,6<\/td>\n<\/tr>\n<tr>\n<td width=\"118\">\u00c9cart-type (dB)<\/td>\n<td width=\"40\">5,3<\/td>\n<td width=\"61\">6,8<\/td>\n<td width=\"61\">7,5<\/td>\n<td width=\"62\">6,0<\/td>\n<td width=\"62\">6,6<\/td>\n<td width=\"62\">3,5<\/td>\n<td width=\"63\">6,3<\/td>\n<\/tr>\n<tr>\n<td width=\"118\">Att\u00e9nuation suppos\u00e9e (dB)<\/td>\n<td width=\"40\">10,8<\/td>\n<td width=\"61\">15,0<\/td>\n<td width=\"61\">28,4<\/td>\n<td width=\"62\">26,7<\/td>\n<td width=\"62\">31,4<\/td>\n<td width=\"62\">37,9<\/td>\n<td width=\"63\">23,3<\/td>\n<\/tr>\n<\/tbody>\n<\/table>\n<p>Normal: <strong>EN 352-1<\/strong><\/p>\n","protected":false},"excerpt":{"rendered":"<p>\u2013 Coques en ABS ;<\/p>\n<p>\u2013 Coussins en mousse polyester enduite de mousse synth\u00e9tique ;<\/p>\n<p>\u2013 Bandeau en r\u00e9sine souple, ajustable et doubl\u00e9 de mousse. La fixation de la bande avec les coques se fait gr\u00e2ce \u00e0 des r\u00e9gulateurs en polyamide qui permettent d&rsquo;ajuster les coques \u00e0 la position souhait\u00e9e ;<\/p>\n<p>\u2013 Poids : 269gr ;<\/p>\n<p>Selon la norme : <strong>EN 352-1<\/strong><\/p>\n","protected":false},"featured_media":23508,"template":"","meta":{"_eb_attr":"","_uag_custom_page_level_css":"","site-sidebar-layout":"default","site-content-layout":"default","ast-site-content-layout":"default","site-content-style":"default","site-sidebar-style":"default","ast-global-header-display":"","ast-banner-title-visibility":"","ast-main-header-display":"","ast-hfb-above-header-display":"","ast-hfb-below-header-display":"","ast-hfb-mobile-header-display":"","site-post-title":"","ast-breadcrumbs-content":"","ast-featured-img":"","footer-sml-layout":"","ast-disable-related-posts":"","theme-transparent-header-meta":"default","adv-header-id-meta":"","stick-header-meta":"default","header-above-stick-meta":"","header-main-stick-meta":"","header-below-stick-meta":"","astra-migrate-meta-layouts":"default","ast-page-background-enabled":"default","ast-page-background-meta":{"desktop":{"background-color":"","background-image":"","background-repeat":"repeat","background-position":"center center","background-size":"auto","background-attachment":"scroll","background-type":"","background-media":"","overlay-type":"","overlay-color":"","overlay-opacity":"","overlay-gradient":""},"tablet":{"background-color":"","background-image":"","background-repeat":"repeat","background-position":"center center","background-size":"auto","background-attachment":"scroll","background-type":"","background-media":"","overlay-type":"","overlay-color":"","overlay-opacity":"","overlay-gradient":""},"mobile":{"background-color":"","background-image":"","background-repeat":"repeat","background-position":"center center","background-size":"auto","background-attachment":"scroll","background-type":"","background-media":"","overlay-type":"","overlay-color":"","overlay-opacity":"","overlay-gradient":""}},"ast-content-background-meta":{"desktop":{"background-color":"var(--ast-global-color-5)","background-image":"","background-repeat":"repeat","background-position":"center center","background-size":"auto","background-attachment":"scroll","background-type":"","background-media":"","overlay-type":"","overlay-color":"","overlay-opacity":"","overlay-gradient":""},"tablet":{"background-color":"var(--ast-global-color-5)","background-image":"","background-repeat":"repeat","background-position":"center center","background-size":"auto","background-attachment":"scroll","background-type":"","background-media":"","overlay-type":"","overlay-color":"","overlay-opacity":"","overlay-gradient":""},"mobile":{"background-color":"var(--ast-global-color-5)","background-image":"","background-repeat":"repeat","background-position":"center center","background-size":"auto","background-attachment":"scroll","background-type":"","background-media":"","overlay-type":"","overlay-color":"","overlay-opacity":"","overlay-gradient":""}}},"product_brand":[],"product_cat":[5084,5153],"product_tag":[],"class_list":{"0":"post-14899","1":"product","2":"type-product","3":"status-publish","4":"has-post-thumbnail","6":"product_cat-equipement-de-protection","7":"product_cat-protection-auditive","8":"desktop-align-center","9":"tablet-align-center","10":"mobile-align-center","11":"ast-product-gallery-layout-horizontal","12":"ast-product-gallery-with-no-image","13":"ast-product-tabs-layout-horizontal","15":"first","16":"onbackorder","17":"taxable","18":"shipping-taxable","19":"product-type-simple"},"acf":[],"yoast_head":"<!-- This site is optimized with the Yoast SEO plugin v27.3 - https:\/\/yoast.com\/product\/yoast-seo-wordpress\/ -->\n<title>Pliable Casque de protection earmuffs - MAQTOOL<\/title>\n<meta name=\"robots\" content=\"index, follow, max-snippet:-1, max-image-preview:large, max-video-preview:-1\" \/>\n<link rel=\"canonical\" href=\"https:\/\/maqtool.pt\/fr\/produto\/pliable-casque-de-protection-earmuffs\/\" \/>\n<meta property=\"og:locale\" content=\"fr_FR\" \/>\n<meta property=\"og:type\" content=\"article\" \/>\n<meta property=\"og:title\" content=\"Pliable Casque de protection earmuffs - MAQTOOL\" \/>\n<meta property=\"og:description\" content=\"\u2013 Coques en ABS ;  \u2013 Coussins en mousse polyester enduite de mousse synth\u00e9tique ;  \u2013 Bandeau en r\u00e9sine souple, ajustable et doubl\u00e9 de mousse. La fixation de la bande avec les coques se fait gr\u00e2ce \u00e0 des r\u00e9gulateurs en polyamide qui permettent d&#039;ajuster les coques \u00e0 la position souhait\u00e9e ;  \u2013 Poids : 269gr ;  Selon la norme : EN 352-1\" \/>\n<meta property=\"og:url\" content=\"https:\/\/maqtool.pt\/fr\/produto\/pliable-casque-de-protection-earmuffs\/\" \/>\n<meta property=\"og:site_name\" content=\"MAQTOOL\" \/>\n<meta property=\"article:publisher\" content=\"https:\/\/www.facebook.com\/cobermaster\" \/>\n<meta property=\"article:modified_time\" content=\"2023-01-09T12:18:29+00:00\" \/>\n<meta property=\"og:image\" content=\"https:\/\/maqtool.pt\/wp-content\/uploads\/2021\/05\/COB7018-Protetor-Auricular-Abafador-Dobravel.jpg\" \/>\n\t<meta property=\"og:image:width\" content=\"800\" \/>\n\t<meta property=\"og:image:height\" content=\"800\" \/>\n\t<meta property=\"og:image:type\" content=\"image\/jpeg\" \/>\n<meta name=\"twitter:card\" content=\"summary_large_image\" \/>\n<meta name=\"twitter:label1\" content=\"Dur\u00e9e de lecture estim\u00e9e\" \/>\n\t<meta name=\"twitter:data1\" content=\"1 minute\" \/>\n<script type=\"application\/ld+json\" class=\"yoast-schema-graph\">{\"@context\":\"https:\\\/\\\/schema.org\",\"@graph\":[{\"@type\":\"WebPage\",\"@id\":\"https:\\\/\\\/maqtool.pt\\\/fr\\\/produto\\\/pliable-casque-de-protection-earmuffs\\\/\",\"url\":\"https:\\\/\\\/maqtool.pt\\\/fr\\\/produto\\\/pliable-casque-de-protection-earmuffs\\\/\",\"name\":\"Pliable Casque de protection earmuffs - MAQTOOL\",\"isPartOf\":{\"@id\":\"https:\\\/\\\/maqtool.pt\\\/#website\"},\"primaryImageOfPage\":{\"@id\":\"https:\\\/\\\/maqtool.pt\\\/fr\\\/produto\\\/pliable-casque-de-protection-earmuffs\\\/#primaryimage\"},\"image\":{\"@id\":\"https:\\\/\\\/maqtool.pt\\\/fr\\\/produto\\\/pliable-casque-de-protection-earmuffs\\\/#primaryimage\"},\"thumbnailUrl\":\"https:\\\/\\\/maqtool.pt\\\/wp-content\\\/uploads\\\/2021\\\/05\\\/COB7018-Protetor-Auricular-Abafador-Dobravel.jpg\",\"datePublished\":\"2021-05-09T10:07:10+00:00\",\"dateModified\":\"2023-01-09T12:18:29+00:00\",\"breadcrumb\":{\"@id\":\"https:\\\/\\\/maqtool.pt\\\/fr\\\/produto\\\/pliable-casque-de-protection-earmuffs\\\/#breadcrumb\"},\"inLanguage\":\"fr-FR\",\"potentialAction\":[{\"@type\":\"ReadAction\",\"target\":[\"https:\\\/\\\/maqtool.pt\\\/fr\\\/produto\\\/pliable-casque-de-protection-earmuffs\\\/\"]}]},{\"@type\":\"ImageObject\",\"inLanguage\":\"fr-FR\",\"@id\":\"https:\\\/\\\/maqtool.pt\\\/fr\\\/produto\\\/pliable-casque-de-protection-earmuffs\\\/#primaryimage\",\"url\":\"https:\\\/\\\/maqtool.pt\\\/wp-content\\\/uploads\\\/2021\\\/05\\\/COB7018-Protetor-Auricular-Abafador-Dobravel.jpg\",\"contentUrl\":\"https:\\\/\\\/maqtool.pt\\\/wp-content\\\/uploads\\\/2021\\\/05\\\/COB7018-Protetor-Auricular-Abafador-Dobravel.jpg\",\"width\":800,\"height\":800},{\"@type\":\"BreadcrumbList\",\"@id\":\"https:\\\/\\\/maqtool.pt\\\/fr\\\/produto\\\/pliable-casque-de-protection-earmuffs\\\/#breadcrumb\",\"itemListElement\":[{\"@type\":\"ListItem\",\"position\":1,\"name\":\"In\u00edcio\",\"item\":\"https:\\\/\\\/maqtool.pt\\\/fr\\\/home\\\/\"},{\"@type\":\"ListItem\",\"position\":2,\"name\":\"Produtos\",\"item\":\"https:\\\/\\\/maqtool.pt\\\/produtos\\\/\"},{\"@type\":\"ListItem\",\"position\":3,\"name\":\"Pliable Casque de protection earmuffs\"}]},{\"@type\":\"WebSite\",\"@id\":\"https:\\\/\\\/maqtool.pt\\\/#website\",\"url\":\"https:\\\/\\\/maqtool.pt\\\/\",\"name\":\"Cobermaster Industry\",\"description\":\"\",\"publisher\":{\"@id\":\"https:\\\/\\\/maqtool.pt\\\/#organization\"},\"potentialAction\":[{\"@type\":\"SearchAction\",\"target\":{\"@type\":\"EntryPoint\",\"urlTemplate\":\"https:\\\/\\\/maqtool.pt\\\/?s={search_term_string}\"},\"query-input\":{\"@type\":\"PropertyValueSpecification\",\"valueRequired\":true,\"valueName\":\"search_term_string\"}}],\"inLanguage\":\"fr-FR\"},{\"@type\":\"Organization\",\"@id\":\"https:\\\/\\\/maqtool.pt\\\/#organization\",\"name\":\"MAQTOOL\",\"url\":\"https:\\\/\\\/maqtool.pt\\\/\",\"logo\":{\"@type\":\"ImageObject\",\"inLanguage\":\"fr-FR\",\"@id\":\"https:\\\/\\\/maqtool.pt\\\/#\\\/schema\\\/logo\\\/image\\\/\",\"url\":\"https:\\\/\\\/maqtool.pt\\\/wp-content\\\/uploads\\\/2022\\\/09\\\/MAQTOOL-LOGO.jpg\",\"contentUrl\":\"https:\\\/\\\/maqtool.pt\\\/wp-content\\\/uploads\\\/2022\\\/09\\\/MAQTOOL-LOGO.jpg\",\"width\":762,\"height\":228,\"caption\":\"MAQTOOL\"},\"image\":{\"@id\":\"https:\\\/\\\/maqtool.pt\\\/#\\\/schema\\\/logo\\\/image\\\/\"},\"sameAs\":[\"https:\\\/\\\/www.facebook.com\\\/cobermaster\"]}]}<\/script>\n<!-- \/ Yoast SEO plugin. -->","yoast_head_json":{"title":"Pliable Casque de protection earmuffs - MAQTOOL","robots":{"index":"index","follow":"follow","max-snippet":"max-snippet:-1","max-image-preview":"max-image-preview:large","max-video-preview":"max-video-preview:-1"},"canonical":"https:\/\/maqtool.pt\/fr\/produto\/pliable-casque-de-protection-earmuffs\/","og_locale":"fr_FR","og_type":"article","og_title":"Pliable Casque de protection earmuffs - MAQTOOL","og_description":"\u2013 Coques en ABS ;  \u2013 Coussins en mousse polyester enduite de mousse synth\u00e9tique ;  \u2013 Bandeau en r\u00e9sine souple, ajustable et doubl\u00e9 de mousse. La fixation de la bande avec les coques se fait gr\u00e2ce \u00e0 des r\u00e9gulateurs en polyamide qui permettent d'ajuster les coques \u00e0 la position souhait\u00e9e ;  \u2013 Poids : 269gr ;  Selon la norme : EN 352-1","og_url":"https:\/\/maqtool.pt\/fr\/produto\/pliable-casque-de-protection-earmuffs\/","og_site_name":"MAQTOOL","article_publisher":"https:\/\/www.facebook.com\/cobermaster","article_modified_time":"2023-01-09T12:18:29+00:00","og_image":[{"width":800,"height":800,"url":"https:\/\/maqtool.pt\/wp-content\/uploads\/2021\/05\/COB7018-Protetor-Auricular-Abafador-Dobravel.jpg","type":"image\/jpeg"}],"twitter_card":"summary_large_image","twitter_misc":{"Dur\u00e9e de lecture estim\u00e9e":"1 minute"},"schema":{"@context":"https:\/\/schema.org","@graph":[{"@type":"WebPage","@id":"https:\/\/maqtool.pt\/fr\/produto\/pliable-casque-de-protection-earmuffs\/","url":"https:\/\/maqtool.pt\/fr\/produto\/pliable-casque-de-protection-earmuffs\/","name":"Pliable Casque de protection earmuffs - MAQTOOL","isPartOf":{"@id":"https:\/\/maqtool.pt\/#website"},"primaryImageOfPage":{"@id":"https:\/\/maqtool.pt\/fr\/produto\/pliable-casque-de-protection-earmuffs\/#primaryimage"},"image":{"@id":"https:\/\/maqtool.pt\/fr\/produto\/pliable-casque-de-protection-earmuffs\/#primaryimage"},"thumbnailUrl":"https:\/\/maqtool.pt\/wp-content\/uploads\/2021\/05\/COB7018-Protetor-Auricular-Abafador-Dobravel.jpg","datePublished":"2021-05-09T10:07:10+00:00","dateModified":"2023-01-09T12:18:29+00:00","breadcrumb":{"@id":"https:\/\/maqtool.pt\/fr\/produto\/pliable-casque-de-protection-earmuffs\/#breadcrumb"},"inLanguage":"fr-FR","potentialAction":[{"@type":"ReadAction","target":["https:\/\/maqtool.pt\/fr\/produto\/pliable-casque-de-protection-earmuffs\/"]}]},{"@type":"ImageObject","inLanguage":"fr-FR","@id":"https:\/\/maqtool.pt\/fr\/produto\/pliable-casque-de-protection-earmuffs\/#primaryimage","url":"https:\/\/maqtool.pt\/wp-content\/uploads\/2021\/05\/COB7018-Protetor-Auricular-Abafador-Dobravel.jpg","contentUrl":"https:\/\/maqtool.pt\/wp-content\/uploads\/2021\/05\/COB7018-Protetor-Auricular-Abafador-Dobravel.jpg","width":800,"height":800},{"@type":"BreadcrumbList","@id":"https:\/\/maqtool.pt\/fr\/produto\/pliable-casque-de-protection-earmuffs\/#breadcrumb","itemListElement":[{"@type":"ListItem","position":1,"name":"In\u00edcio","item":"https:\/\/maqtool.pt\/fr\/home\/"},{"@type":"ListItem","position":2,"name":"Produtos","item":"https:\/\/maqtool.pt\/produtos\/"},{"@type":"ListItem","position":3,"name":"Pliable Casque de protection earmuffs"}]},{"@type":"WebSite","@id":"https:\/\/maqtool.pt\/#website","url":"https:\/\/maqtool.pt\/","name":"Cobermaster Industry","description":"","publisher":{"@id":"https:\/\/maqtool.pt\/#organization"},"potentialAction":[{"@type":"SearchAction","target":{"@type":"EntryPoint","urlTemplate":"https:\/\/maqtool.pt\/?s={search_term_string}"},"query-input":{"@type":"PropertyValueSpecification","valueRequired":true,"valueName":"search_term_string"}}],"inLanguage":"fr-FR"},{"@type":"Organization","@id":"https:\/\/maqtool.pt\/#organization","name":"MAQTOOL","url":"https:\/\/maqtool.pt\/","logo":{"@type":"ImageObject","inLanguage":"fr-FR","@id":"https:\/\/maqtool.pt\/#\/schema\/logo\/image\/","url":"https:\/\/maqtool.pt\/wp-content\/uploads\/2022\/09\/MAQTOOL-LOGO.jpg","contentUrl":"https:\/\/maqtool.pt\/wp-content\/uploads\/2022\/09\/MAQTOOL-LOGO.jpg","width":762,"height":228,"caption":"MAQTOOL"},"image":{"@id":"https:\/\/maqtool.pt\/#\/schema\/logo\/image\/"},"sameAs":["https:\/\/www.facebook.com\/cobermaster"]}]}},"uagb_featured_image_src":{"full":["https:\/\/maqtool.pt\/wp-content\/uploads\/2021\/05\/COB7018-Protetor-Auricular-Abafador-Dobravel.jpg",800,800,false],"thumbnail":["https:\/\/maqtool.pt\/wp-content\/uploads\/2021\/05\/COB7018-Protetor-Auricular-Abafador-Dobravel-150x150.jpg",150,150,true],"medium":["https:\/\/maqtool.pt\/wp-content\/uploads\/2021\/05\/COB7018-Protetor-Auricular-Abafador-Dobravel-300x300.jpg",300,300,true],"medium_large":["https:\/\/maqtool.pt\/wp-content\/uploads\/2021\/05\/COB7018-Protetor-Auricular-Abafador-Dobravel-768x768.jpg",768,768,true],"large":["https:\/\/maqtool.pt\/wp-content\/uploads\/2021\/05\/COB7018-Protetor-Auricular-Abafador-Dobravel.jpg",800,800,false],"1536x1536":["https:\/\/maqtool.pt\/wp-content\/uploads\/2021\/05\/COB7018-Protetor-Auricular-Abafador-Dobravel.jpg",800,800,false],"2048x2048":["https:\/\/maqtool.pt\/wp-content\/uploads\/2021\/05\/COB7018-Protetor-Auricular-Abafador-Dobravel.jpg",800,800,false],"woocommerce_thumbnail":["https:\/\/maqtool.pt\/wp-content\/uploads\/2021\/05\/COB7018-Protetor-Auricular-Abafador-Dobravel-400x400.jpg",400,400,true],"woocommerce_single":["https:\/\/maqtool.pt\/wp-content\/uploads\/2021\/05\/COB7018-Protetor-Auricular-Abafador-Dobravel-600x600.jpg",600,600,true],"woocommerce_gallery_thumbnail":["https:\/\/maqtool.pt\/wp-content\/uploads\/2021\/05\/COB7018-Protetor-Auricular-Abafador-Dobravel-100x100.jpg",100,100,true]},"uagb_author_info":{"display_name":"pedrocandeias","author_link":"https:\/\/maqtool.pt\/fr\/author\/"},"uagb_comment_info":0,"uagb_excerpt":"\u2013 Coques en ABS ; \u2013 Coussins en mousse polyester enduite de mousse synth\u00e9tique ; \u2013 Bandeau en r\u00e9sine souple, ajustable et doubl\u00e9 de mousse. La fixation de la bande avec les coques se fait gr\u00e2ce \u00e0 des r\u00e9gulateurs en polyamide qui permettent d'ajuster les coques \u00e0 la position souhait\u00e9e ; \u2013 Poids : 269gr\u2026","_links":{"self":[{"href":"https:\/\/maqtool.pt\/fr\/wp-json\/wp\/v2\/product\/14899","targetHints":{"allow":["GET"]}}],"collection":[{"href":"https:\/\/maqtool.pt\/fr\/wp-json\/wp\/v2\/product"}],"about":[{"href":"https:\/\/maqtool.pt\/fr\/wp-json\/wp\/v2\/types\/product"}],"wp:featuredmedia":[{"embeddable":true,"href":"https:\/\/maqtool.pt\/fr\/wp-json\/wp\/v2\/media\/23508"}],"wp:attachment":[{"href":"https:\/\/maqtool.pt\/fr\/wp-json\/wp\/v2\/media?parent=14899"}],"wp:term":[{"taxonomy":"product_brand","embeddable":true,"href":"https:\/\/maqtool.pt\/fr\/wp-json\/wp\/v2\/product_brand?post=14899"},{"taxonomy":"product_cat","embeddable":true,"href":"https:\/\/maqtool.pt\/fr\/wp-json\/wp\/v2\/product_cat?post=14899"},{"taxonomy":"product_tag","embeddable":true,"href":"https:\/\/maqtool.pt\/fr\/wp-json\/wp\/v2\/product_tag?post=14899"}],"curies":[{"name":"wp","href":"https:\/\/api.w.org\/{rel}","templated":true}]}}