{"id":14920,"date":"2021-05-21T01:12:07","date_gmt":"2021-05-21T01:12:07","guid":{"rendered":"https:\/\/maqtool.pt\/produto\/masque-complet\/"},"modified":"2023-01-10T16:42:40","modified_gmt":"2023-01-10T16:42:40","slug":"masque-complet","status":"publish","type":"product","link":"https:\/\/maqtool.pt\/fr\/produto\/masque-complet\/","title":{"rendered":"Masque complet"},"content":{"rendered":"<p>\u2013 1 filtre central (non inclus) avec connexion norme EN148-1<br \/>\n\u2013 Visi\u00e8re panoramique en polycarbonate avec rev\u00eatement organique contre les rayures, avec un large champ de vision<br \/>\n\u2013 Demi-masque int\u00e9rieur en caoutchouc thermoplastique avec 2 valves de circulation d&rsquo;air pour \u00e9viter la formation de bu\u00e9e<br \/>\n&#8211; Anti allerg\u00e8ne<br \/>\n\u2013 Harnais en caoutchouc naturel avec 5 points de r\u00e9glage<br \/>\n\u2013 Bande en PVC ignifuge pour soutenir le masque autour du cou lorsqu&rsquo;il n&rsquo;est pas utilis\u00e9<br \/>\n\u2013 Protection contre l&rsquo;\u00e9lectricit\u00e9 statique<br \/>\n\u2013 Convient pour une utilisation dans des atmosph\u00e8res potentiellement explosives (ATEX)<br \/>\n\u2013 Poids : 584gr<br \/>\n\u2013 1 unit\u00e9 par bo\u00eete<\/p>\n<p>Selon la norme : <strong>EN136 ; EN148-1<\/strong><\/p>\n","protected":false},"excerpt":{"rendered":"<p>\u2013 1 filtre central (non inclus) avec connexion norme EN148-1<br \/>\n\u2013 Visi\u00e8re panoramique en polycarbonate avec rev\u00eatement organique contre les rayures, avec un large champ de vision<br \/>\n\u2013 Demi-masque int\u00e9rieur en caoutchouc thermoplastique avec 2 valves de circulation d&rsquo;air pour \u00e9viter la formation de bu\u00e9e<br \/>\n&#8211; Anti allerg\u00e8ne<br \/>\n\u2013 Harnais en caoutchouc naturel avec 5 points de r\u00e9glage<br \/>\n\u2013 Bande en PVC ignifuge pour soutenir le masque autour du cou lorsqu&rsquo;il n&rsquo;est pas utilis\u00e9<br \/>\n\u2013 Protection contre l&rsquo;\u00e9lectricit\u00e9 statique<br \/>\n\u2013 Convient pour une utilisation dans des atmosph\u00e8res potentiellement explosives (ATEX)<br \/>\n\u2013 Poids : 584gr<br \/>\n\u2013 1 unit\u00e9 par bo\u00eete<\/p>\n<p>Selon la norme : <strong>EN136 ; EN148-1<\/strong><\/p>\n","protected":false},"featured_media":23632,"template":"","meta":{"_eb_attr":"","_uag_custom_page_level_css":"","site-sidebar-layout":"default","site-content-layout":"default","ast-site-content-layout":"default","site-content-style":"default","site-sidebar-style":"default","ast-global-header-display":"","ast-banner-title-visibility":"","ast-main-header-display":"","ast-hfb-above-header-display":"","ast-hfb-below-header-display":"","ast-hfb-mobile-header-display":"","site-post-title":"","ast-breadcrumbs-content":"","ast-featured-img":"","footer-sml-layout":"","ast-disable-related-posts":"","theme-transparent-header-meta":"default","adv-header-id-meta":"","stick-header-meta":"default","header-above-stick-meta":"","header-main-stick-meta":"","header-below-stick-meta":"","astra-migrate-meta-layouts":"default","ast-page-background-enabled":"default","ast-page-background-meta":{"desktop":{"background-color":"","background-image":"","background-repeat":"repeat","background-position":"center center","background-size":"auto","background-attachment":"scroll","background-type":"","background-media":"","overlay-type":"","overlay-color":"","overlay-opacity":"","overlay-gradient":""},"tablet":{"background-color":"","background-image":"","background-repeat":"repeat","background-position":"center center","background-size":"auto","background-attachment":"scroll","background-type":"","background-media":"","overlay-type":"","overlay-color":"","overlay-opacity":"","overlay-gradient":""},"mobile":{"background-color":"","background-image":"","background-repeat":"repeat","background-position":"center center","background-size":"auto","background-attachment":"scroll","background-type":"","background-media":"","overlay-type":"","overlay-color":"","overlay-opacity":"","overlay-gradient":""}},"ast-content-background-meta":{"desktop":{"background-color":"var(--ast-global-color-5)","background-image":"","background-repeat":"repeat","background-position":"center center","background-size":"auto","background-attachment":"scroll","background-type":"","background-media":"","overlay-type":"","overlay-color":"","overlay-opacity":"","overlay-gradient":""},"tablet":{"background-color":"var(--ast-global-color-5)","background-image":"","background-repeat":"repeat","background-position":"center center","background-size":"auto","background-attachment":"scroll","background-type":"","background-media":"","overlay-type":"","overlay-color":"","overlay-opacity":"","overlay-gradient":""},"mobile":{"background-color":"var(--ast-global-color-5)","background-image":"","background-repeat":"repeat","background-position":"center center","background-size":"auto","background-attachment":"scroll","background-type":"","background-media":"","overlay-type":"","overlay-color":"","overlay-opacity":"","overlay-gradient":""}}},"product_brand":[],"product_cat":[5084,5156],"product_tag":[],"class_list":{"0":"post-14920","1":"product","2":"type-product","3":"status-publish","4":"has-post-thumbnail","6":"product_cat-equipement-de-protection","7":"product_cat-protection-respiratoire","8":"desktop-align-center","9":"tablet-align-center","10":"mobile-align-center","11":"ast-product-gallery-layout-horizontal","12":"ast-product-gallery-with-no-image","13":"ast-product-tabs-layout-horizontal","15":"first","16":"onbackorder","17":"taxable","18":"shipping-taxable","19":"product-type-simple"},"acf":[],"yoast_head":"<!-- This site is optimized with the Yoast SEO plugin v27.2 - https:\/\/yoast.com\/product\/yoast-seo-wordpress\/ -->\n<title>Masque complet - MAQTOOL<\/title>\n<meta name=\"robots\" content=\"index, follow, max-snippet:-1, max-image-preview:large, max-video-preview:-1\" \/>\n<link rel=\"canonical\" href=\"https:\/\/maqtool.pt\/fr\/produto\/masque-complet\/\" \/>\n<meta property=\"og:locale\" content=\"fr_FR\" \/>\n<meta property=\"og:type\" content=\"article\" \/>\n<meta property=\"og:title\" content=\"Masque complet - MAQTOOL\" \/>\n<meta property=\"og:description\" content=\"\u2013 1 filtre central (non inclus) avec connexion norme EN148-1 \u2013 Visi\u00e8re panoramique en polycarbonate avec rev\u00eatement organique contre les rayures, avec un large champ de vision \u2013 Demi-masque int\u00e9rieur en caoutchouc thermoplastique avec 2 valves de circulation d&#039;air pour \u00e9viter la formation de bu\u00e9e - Anti allerg\u00e8ne \u2013 Harnais en caoutchouc naturel avec 5 points de r\u00e9glage \u2013 Bande en PVC ignifuge pour soutenir le masque autour du cou lorsqu&#039;il n&#039;est pas utilis\u00e9 \u2013 Protection contre l&#039;\u00e9lectricit\u00e9 statique \u2013 Convient pour une utilisation dans des atmosph\u00e8res potentiellement explosives (ATEX) \u2013 Poids : 584gr \u2013 1 unit\u00e9 par bo\u00eete  Selon la norme : EN136 ; EN148-1\" \/>\n<meta property=\"og:url\" content=\"https:\/\/maqtool.pt\/fr\/produto\/masque-complet\/\" \/>\n<meta property=\"og:site_name\" content=\"MAQTOOL\" \/>\n<meta property=\"article:publisher\" content=\"https:\/\/www.facebook.com\/cobermaster\" \/>\n<meta property=\"article:modified_time\" content=\"2023-01-10T16:42:40+00:00\" \/>\n<meta property=\"og:image\" content=\"https:\/\/maqtool.pt\/wp-content\/uploads\/2021\/05\/COB7043-Mascara-Facial-Completa.jpg\" \/>\n\t<meta property=\"og:image:width\" content=\"800\" \/>\n\t<meta property=\"og:image:height\" content=\"800\" \/>\n\t<meta property=\"og:image:type\" content=\"image\/jpeg\" \/>\n<meta name=\"twitter:card\" content=\"summary_large_image\" \/>\n<meta name=\"twitter:label1\" content=\"Dur\u00e9e de lecture estim\u00e9e\" \/>\n\t<meta name=\"twitter:data1\" content=\"1 minute\" \/>\n<script type=\"application\/ld+json\" class=\"yoast-schema-graph\">{\"@context\":\"https:\/\/schema.org\",\"@graph\":[{\"@type\":\"WebPage\",\"@id\":\"https:\/\/maqtool.pt\/fr\/produto\/masque-complet\/\",\"url\":\"https:\/\/maqtool.pt\/fr\/produto\/masque-complet\/\",\"name\":\"Masque complet - MAQTOOL\",\"isPartOf\":{\"@id\":\"https:\/\/maqtool.pt\/#website\"},\"primaryImageOfPage\":{\"@id\":\"https:\/\/maqtool.pt\/fr\/produto\/masque-complet\/#primaryimage\"},\"image\":{\"@id\":\"https:\/\/maqtool.pt\/fr\/produto\/masque-complet\/#primaryimage\"},\"thumbnailUrl\":\"https:\/\/maqtool.pt\/wp-content\/uploads\/2021\/05\/COB7043-Mascara-Facial-Completa.jpg\",\"datePublished\":\"2021-05-21T01:12:07+00:00\",\"dateModified\":\"2023-01-10T16:42:40+00:00\",\"breadcrumb\":{\"@id\":\"https:\/\/maqtool.pt\/fr\/produto\/masque-complet\/#breadcrumb\"},\"inLanguage\":\"fr-FR\",\"potentialAction\":[{\"@type\":\"ReadAction\",\"target\":[\"https:\/\/maqtool.pt\/fr\/produto\/masque-complet\/\"]}]},{\"@type\":\"ImageObject\",\"inLanguage\":\"fr-FR\",\"@id\":\"https:\/\/maqtool.pt\/fr\/produto\/masque-complet\/#primaryimage\",\"url\":\"https:\/\/maqtool.pt\/wp-content\/uploads\/2021\/05\/COB7043-Mascara-Facial-Completa.jpg\",\"contentUrl\":\"https:\/\/maqtool.pt\/wp-content\/uploads\/2021\/05\/COB7043-Mascara-Facial-Completa.jpg\",\"width\":800,\"height\":800},{\"@type\":\"BreadcrumbList\",\"@id\":\"https:\/\/maqtool.pt\/fr\/produto\/masque-complet\/#breadcrumb\",\"itemListElement\":[{\"@type\":\"ListItem\",\"position\":1,\"name\":\"In\u00edcio\",\"item\":\"https:\/\/maqtool.pt\/fr\/home\/\"},{\"@type\":\"ListItem\",\"position\":2,\"name\":\"Produtos\",\"item\":\"https:\/\/maqtool.pt\/produtos\/\"},{\"@type\":\"ListItem\",\"position\":3,\"name\":\"Masque complet\"}]},{\"@type\":\"WebSite\",\"@id\":\"https:\/\/maqtool.pt\/#website\",\"url\":\"https:\/\/maqtool.pt\/\",\"name\":\"Cobermaster Industry\",\"description\":\"\",\"publisher\":{\"@id\":\"https:\/\/maqtool.pt\/#organization\"},\"potentialAction\":[{\"@type\":\"SearchAction\",\"target\":{\"@type\":\"EntryPoint\",\"urlTemplate\":\"https:\/\/maqtool.pt\/?s={search_term_string}\"},\"query-input\":{\"@type\":\"PropertyValueSpecification\",\"valueRequired\":true,\"valueName\":\"search_term_string\"}}],\"inLanguage\":\"fr-FR\"},{\"@type\":\"Organization\",\"@id\":\"https:\/\/maqtool.pt\/#organization\",\"name\":\"MAQTOOL\",\"url\":\"https:\/\/maqtool.pt\/\",\"logo\":{\"@type\":\"ImageObject\",\"inLanguage\":\"fr-FR\",\"@id\":\"https:\/\/maqtool.pt\/#\/schema\/logo\/image\/\",\"url\":\"https:\/\/maqtool.pt\/wp-content\/uploads\/2022\/09\/MAQTOOL-LOGO.jpg\",\"contentUrl\":\"https:\/\/maqtool.pt\/wp-content\/uploads\/2022\/09\/MAQTOOL-LOGO.jpg\",\"width\":762,\"height\":228,\"caption\":\"MAQTOOL\"},\"image\":{\"@id\":\"https:\/\/maqtool.pt\/#\/schema\/logo\/image\/\"},\"sameAs\":[\"https:\/\/www.facebook.com\/cobermaster\"]}]}<\/script>\n<!-- \/ Yoast SEO plugin. -->","yoast_head_json":{"title":"Masque complet - MAQTOOL","robots":{"index":"index","follow":"follow","max-snippet":"max-snippet:-1","max-image-preview":"max-image-preview:large","max-video-preview":"max-video-preview:-1"},"canonical":"https:\/\/maqtool.pt\/fr\/produto\/masque-complet\/","og_locale":"fr_FR","og_type":"article","og_title":"Masque complet - MAQTOOL","og_description":"\u2013 1 filtre central (non inclus) avec connexion norme EN148-1 \u2013 Visi\u00e8re panoramique en polycarbonate avec rev\u00eatement organique contre les rayures, avec un large champ de vision \u2013 Demi-masque int\u00e9rieur en caoutchouc thermoplastique avec 2 valves de circulation d'air pour \u00e9viter la formation de bu\u00e9e - Anti allerg\u00e8ne \u2013 Harnais en caoutchouc naturel avec 5 points de r\u00e9glage \u2013 Bande en PVC ignifuge pour soutenir le masque autour du cou lorsqu'il n'est pas utilis\u00e9 \u2013 Protection contre l'\u00e9lectricit\u00e9 statique \u2013 Convient pour une utilisation dans des atmosph\u00e8res potentiellement explosives (ATEX) \u2013 Poids : 584gr \u2013 1 unit\u00e9 par bo\u00eete  Selon la norme : EN136 ; EN148-1","og_url":"https:\/\/maqtool.pt\/fr\/produto\/masque-complet\/","og_site_name":"MAQTOOL","article_publisher":"https:\/\/www.facebook.com\/cobermaster","article_modified_time":"2023-01-10T16:42:40+00:00","og_image":[{"width":800,"height":800,"url":"https:\/\/maqtool.pt\/wp-content\/uploads\/2021\/05\/COB7043-Mascara-Facial-Completa.jpg","type":"image\/jpeg"}],"twitter_card":"summary_large_image","twitter_misc":{"Dur\u00e9e de lecture estim\u00e9e":"1 minute"},"schema":{"@context":"https:\/\/schema.org","@graph":[{"@type":"WebPage","@id":"https:\/\/maqtool.pt\/fr\/produto\/masque-complet\/","url":"https:\/\/maqtool.pt\/fr\/produto\/masque-complet\/","name":"Masque complet - MAQTOOL","isPartOf":{"@id":"https:\/\/maqtool.pt\/#website"},"primaryImageOfPage":{"@id":"https:\/\/maqtool.pt\/fr\/produto\/masque-complet\/#primaryimage"},"image":{"@id":"https:\/\/maqtool.pt\/fr\/produto\/masque-complet\/#primaryimage"},"thumbnailUrl":"https:\/\/maqtool.pt\/wp-content\/uploads\/2021\/05\/COB7043-Mascara-Facial-Completa.jpg","datePublished":"2021-05-21T01:12:07+00:00","dateModified":"2023-01-10T16:42:40+00:00","breadcrumb":{"@id":"https:\/\/maqtool.pt\/fr\/produto\/masque-complet\/#breadcrumb"},"inLanguage":"fr-FR","potentialAction":[{"@type":"ReadAction","target":["https:\/\/maqtool.pt\/fr\/produto\/masque-complet\/"]}]},{"@type":"ImageObject","inLanguage":"fr-FR","@id":"https:\/\/maqtool.pt\/fr\/produto\/masque-complet\/#primaryimage","url":"https:\/\/maqtool.pt\/wp-content\/uploads\/2021\/05\/COB7043-Mascara-Facial-Completa.jpg","contentUrl":"https:\/\/maqtool.pt\/wp-content\/uploads\/2021\/05\/COB7043-Mascara-Facial-Completa.jpg","width":800,"height":800},{"@type":"BreadcrumbList","@id":"https:\/\/maqtool.pt\/fr\/produto\/masque-complet\/#breadcrumb","itemListElement":[{"@type":"ListItem","position":1,"name":"In\u00edcio","item":"https:\/\/maqtool.pt\/fr\/home\/"},{"@type":"ListItem","position":2,"name":"Produtos","item":"https:\/\/maqtool.pt\/produtos\/"},{"@type":"ListItem","position":3,"name":"Masque complet"}]},{"@type":"WebSite","@id":"https:\/\/maqtool.pt\/#website","url":"https:\/\/maqtool.pt\/","name":"Cobermaster Industry","description":"","publisher":{"@id":"https:\/\/maqtool.pt\/#organization"},"potentialAction":[{"@type":"SearchAction","target":{"@type":"EntryPoint","urlTemplate":"https:\/\/maqtool.pt\/?s={search_term_string}"},"query-input":{"@type":"PropertyValueSpecification","valueRequired":true,"valueName":"search_term_string"}}],"inLanguage":"fr-FR"},{"@type":"Organization","@id":"https:\/\/maqtool.pt\/#organization","name":"MAQTOOL","url":"https:\/\/maqtool.pt\/","logo":{"@type":"ImageObject","inLanguage":"fr-FR","@id":"https:\/\/maqtool.pt\/#\/schema\/logo\/image\/","url":"https:\/\/maqtool.pt\/wp-content\/uploads\/2022\/09\/MAQTOOL-LOGO.jpg","contentUrl":"https:\/\/maqtool.pt\/wp-content\/uploads\/2022\/09\/MAQTOOL-LOGO.jpg","width":762,"height":228,"caption":"MAQTOOL"},"image":{"@id":"https:\/\/maqtool.pt\/#\/schema\/logo\/image\/"},"sameAs":["https:\/\/www.facebook.com\/cobermaster"]}]}},"uagb_featured_image_src":{"full":["https:\/\/maqtool.pt\/wp-content\/uploads\/2021\/05\/COB7043-Mascara-Facial-Completa.jpg",800,800,false],"thumbnail":["https:\/\/maqtool.pt\/wp-content\/uploads\/2021\/05\/COB7043-Mascara-Facial-Completa-150x150.jpg",150,150,true],"medium":["https:\/\/maqtool.pt\/wp-content\/uploads\/2021\/05\/COB7043-Mascara-Facial-Completa-300x300.jpg",300,300,true],"medium_large":["https:\/\/maqtool.pt\/wp-content\/uploads\/2021\/05\/COB7043-Mascara-Facial-Completa-768x768.jpg",768,768,true],"large":["https:\/\/maqtool.pt\/wp-content\/uploads\/2021\/05\/COB7043-Mascara-Facial-Completa.jpg",800,800,false],"1536x1536":["https:\/\/maqtool.pt\/wp-content\/uploads\/2021\/05\/COB7043-Mascara-Facial-Completa.jpg",800,800,false],"2048x2048":["https:\/\/maqtool.pt\/wp-content\/uploads\/2021\/05\/COB7043-Mascara-Facial-Completa.jpg",800,800,false],"woocommerce_thumbnail":["https:\/\/maqtool.pt\/wp-content\/uploads\/2021\/05\/COB7043-Mascara-Facial-Completa-400x400.jpg",400,400,true],"woocommerce_single":["https:\/\/maqtool.pt\/wp-content\/uploads\/2021\/05\/COB7043-Mascara-Facial-Completa-600x600.jpg",600,600,true],"woocommerce_gallery_thumbnail":["https:\/\/maqtool.pt\/wp-content\/uploads\/2021\/05\/COB7043-Mascara-Facial-Completa-100x100.jpg",100,100,true]},"uagb_author_info":{"display_name":"pedrocandeias","author_link":"https:\/\/maqtool.pt\/fr\/author\/"},"uagb_comment_info":0,"uagb_excerpt":"\u2013 1 filtre central (non inclus) avec connexion norme EN148-1 \u2013 Visi\u00e8re panoramique en polycarbonate avec rev\u00eatement organique contre les rayures, avec un large champ de vision \u2013 Demi-masque int\u00e9rieur en caoutchouc thermoplastique avec 2 valves de circulation d'air pour \u00e9viter la formation de bu\u00e9e - Anti allerg\u00e8ne \u2013 Harnais en caoutchouc naturel avec 5\u2026","_links":{"self":[{"href":"https:\/\/maqtool.pt\/fr\/wp-json\/wp\/v2\/product\/14920","targetHints":{"allow":["GET"]}}],"collection":[{"href":"https:\/\/maqtool.pt\/fr\/wp-json\/wp\/v2\/product"}],"about":[{"href":"https:\/\/maqtool.pt\/fr\/wp-json\/wp\/v2\/types\/product"}],"wp:featuredmedia":[{"embeddable":true,"href":"https:\/\/maqtool.pt\/fr\/wp-json\/wp\/v2\/media\/23632"}],"wp:attachment":[{"href":"https:\/\/maqtool.pt\/fr\/wp-json\/wp\/v2\/media?parent=14920"}],"wp:term":[{"taxonomy":"product_brand","embeddable":true,"href":"https:\/\/maqtool.pt\/fr\/wp-json\/wp\/v2\/product_brand?post=14920"},{"taxonomy":"product_cat","embeddable":true,"href":"https:\/\/maqtool.pt\/fr\/wp-json\/wp\/v2\/product_cat?post=14920"},{"taxonomy":"product_tag","embeddable":true,"href":"https:\/\/maqtool.pt\/fr\/wp-json\/wp\/v2\/product_tag?post=14920"}],"curies":[{"name":"wp","href":"https:\/\/api.w.org\/{rel}","templated":true}]}}