{"id":14956,"date":"2021-05-20T05:17:32","date_gmt":"2021-05-20T05:17:32","guid":{"rendered":"https:\/\/maqtool.pt\/?post_type=product&#038;p=14956"},"modified":"2022-12-21T15:43:58","modified_gmt":"2022-12-21T15:43:58","slug":"reservoir-de-stockage-dhuiles-usees-1200l","status":"publish","type":"product","link":"https:\/\/maqtool.pt\/fr\/produto\/reservoir-de-stockage-dhuiles-usees-1200l\/","title":{"rendered":"R\u00e9servoir de stockage d&rsquo;huile us\u00e9e &#8211; 1200L"},"content":{"rendered":"<p>R\u00e9servoir \u00e9quip\u00e9 d&rsquo;une double paroi, d&rsquo;un indicateur de niveau, d&rsquo;un \u00e9gouttoir et d&rsquo;un voyant de fuite.<\/p>\n<p>Construits en poly\u00e9thyl\u00e8ne haute densit\u00e9, ils sont totalement \u00e9tanches, l\u00e9gers, hautement r\u00e9sistants aux produits chimiques, r\u00e9sistants m\u00e9caniquement et insensibles \u00e0 la corrosion.<\/p>\n<p>Capacit\u00e9 pour 1200L.<\/p>\n<p>Di\u00e2metro de 1400mm, altura de 1510mm<\/p>\n<p>Couvercle avec 440x310mm<\/p>\n","protected":false},"excerpt":{"rendered":"<p>R\u00e9servoir \u00e9quip\u00e9 d&rsquo;une double paroi, d&rsquo;un indicateur de niveau, d&rsquo;un \u00e9gouttoir et d&rsquo;un voyant de fuite.<\/p>\n<p>Construits en poly\u00e9thyl\u00e8ne haute densit\u00e9, ils sont totalement \u00e9tanches, l\u00e9gers, hautement r\u00e9sistants aux produits chimiques, r\u00e9sistants m\u00e9caniquement et insensibles \u00e0 la corrosion.<\/p>\n<p>Capacit\u00e9 pour 1200L.<\/p>\n<p>Diam\u00e8tre 1400mm, hauteur 1510mm<\/p>\n<p>Couvercle avec 440x310mm<\/p>\n","protected":false},"featured_media":22797,"template":"","meta":{"_eb_attr":"","_uag_custom_page_level_css":"","site-sidebar-layout":"default","site-content-layout":"default","ast-site-content-layout":"default","site-content-style":"default","site-sidebar-style":"default","ast-global-header-display":"","ast-banner-title-visibility":"","ast-main-header-display":"","ast-hfb-above-header-display":"","ast-hfb-below-header-display":"","ast-hfb-mobile-header-display":"","site-post-title":"","ast-breadcrumbs-content":"","ast-featured-img":"","footer-sml-layout":"","ast-disable-related-posts":"","theme-transparent-header-meta":"default","adv-header-id-meta":"","stick-header-meta":"default","header-above-stick-meta":"","header-main-stick-meta":"","header-below-stick-meta":"","astra-migrate-meta-layouts":"default","ast-page-background-enabled":"default","ast-page-background-meta":{"desktop":{"background-color":"","background-image":"","background-repeat":"repeat","background-position":"center center","background-size":"auto","background-attachment":"scroll","background-type":"","background-media":"","overlay-type":"","overlay-color":"","overlay-opacity":"","overlay-gradient":""},"tablet":{"background-color":"","background-image":"","background-repeat":"repeat","background-position":"center center","background-size":"auto","background-attachment":"scroll","background-type":"","background-media":"","overlay-type":"","overlay-color":"","overlay-opacity":"","overlay-gradient":""},"mobile":{"background-color":"","background-image":"","background-repeat":"repeat","background-position":"center center","background-size":"auto","background-attachment":"scroll","background-type":"","background-media":"","overlay-type":"","overlay-color":"","overlay-opacity":"","overlay-gradient":""}},"ast-content-background-meta":{"desktop":{"background-color":"var(--ast-global-color-5)","background-image":"","background-repeat":"repeat","background-position":"center center","background-size":"auto","background-attachment":"scroll","background-type":"","background-media":"","overlay-type":"","overlay-color":"","overlay-opacity":"","overlay-gradient":""},"tablet":{"background-color":"var(--ast-global-color-5)","background-image":"","background-repeat":"repeat","background-position":"center center","background-size":"auto","background-attachment":"scroll","background-type":"","background-media":"","overlay-type":"","overlay-color":"","overlay-opacity":"","overlay-gradient":""},"mobile":{"background-color":"var(--ast-global-color-5)","background-image":"","background-repeat":"repeat","background-position":"center center","background-size":"auto","background-attachment":"scroll","background-type":"","background-media":"","overlay-type":"","overlay-color":"","overlay-opacity":"","overlay-gradient":""}}},"product_brand":[],"product_cat":[5078,5099],"product_tag":[],"class_list":{"0":"post-14956","1":"product","2":"type-product","3":"status-publish","4":"has-post-thumbnail","6":"product_cat-environnement","7":"product_cat-systemes-de-support-et-de-stockage-pour-tambours","8":"desktop-align-center","9":"tablet-align-center","10":"mobile-align-center","11":"ast-product-gallery-layout-horizontal","12":"ast-product-gallery-with-no-image","13":"ast-product-tabs-layout-horizontal","15":"first","16":"onbackorder","17":"taxable","18":"shipping-taxable","19":"product-type-simple"},"acf":[],"yoast_head":"<!-- This site is optimized with the Yoast SEO plugin v27.3 - https:\/\/yoast.com\/product\/yoast-seo-wordpress\/ -->\n<title>R\u00e9servoir de stockage d&#039;huile us\u00e9e - 1200L - MAQTOOL<\/title>\n<meta name=\"robots\" content=\"index, follow, max-snippet:-1, max-image-preview:large, max-video-preview:-1\" \/>\n<link rel=\"canonical\" href=\"https:\/\/maqtool.pt\/fr\/produto\/reservoir-de-stockage-dhuiles-usees-1200l\/\" \/>\n<meta property=\"og:locale\" content=\"fr_FR\" \/>\n<meta property=\"og:type\" content=\"article\" \/>\n<meta property=\"og:title\" content=\"R\u00e9servoir de stockage d&#039;huile us\u00e9e - 1200L - MAQTOOL\" \/>\n<meta property=\"og:description\" content=\"R\u00e9servoir \u00e9quip\u00e9 d&#039;une double paroi, d&#039;un indicateur de niveau, d&#039;un \u00e9gouttoir et d&#039;un voyant de fuite. Construits en poly\u00e9thyl\u00e8ne haute densit\u00e9, ils sont totalement \u00e9tanches, l\u00e9gers, hautement r\u00e9sistants aux produits chimiques, r\u00e9sistants m\u00e9caniquement et insensibles \u00e0 la corrosion. Capacit\u00e9 pour 1200L. Diam\u00e8tre 1400mm, hauteur 1510mm Couvercle avec 440x310mm\" \/>\n<meta property=\"og:url\" content=\"https:\/\/maqtool.pt\/fr\/produto\/reservoir-de-stockage-dhuiles-usees-1200l\/\" \/>\n<meta property=\"og:site_name\" content=\"MAQTOOL\" \/>\n<meta property=\"article:publisher\" content=\"https:\/\/www.facebook.com\/cobermaster\" \/>\n<meta property=\"article:modified_time\" content=\"2022-12-21T15:43:58+00:00\" \/>\n<meta property=\"og:image\" content=\"https:\/\/maqtool.pt\/wp-content\/uploads\/2021\/05\/COB2086-Deposito-de-Armazenamento-de-Oleos-Usados-1200L.jpg\" \/>\n\t<meta property=\"og:image:width\" content=\"800\" \/>\n\t<meta property=\"og:image:height\" content=\"800\" \/>\n\t<meta property=\"og:image:type\" content=\"image\/jpeg\" \/>\n<meta name=\"twitter:card\" content=\"summary_large_image\" \/>\n<script type=\"application\/ld+json\" class=\"yoast-schema-graph\">{\"@context\":\"https:\\\/\\\/schema.org\",\"@graph\":[{\"@type\":\"WebPage\",\"@id\":\"https:\\\/\\\/maqtool.pt\\\/fr\\\/produto\\\/reservoir-de-stockage-dhuiles-usees-1200l\\\/\",\"url\":\"https:\\\/\\\/maqtool.pt\\\/fr\\\/produto\\\/reservoir-de-stockage-dhuiles-usees-1200l\\\/\",\"name\":\"R\u00e9servoir de stockage d'huile us\u00e9e - 1200L - MAQTOOL\",\"isPartOf\":{\"@id\":\"https:\\\/\\\/maqtool.pt\\\/#website\"},\"primaryImageOfPage\":{\"@id\":\"https:\\\/\\\/maqtool.pt\\\/fr\\\/produto\\\/reservoir-de-stockage-dhuiles-usees-1200l\\\/#primaryimage\"},\"image\":{\"@id\":\"https:\\\/\\\/maqtool.pt\\\/fr\\\/produto\\\/reservoir-de-stockage-dhuiles-usees-1200l\\\/#primaryimage\"},\"thumbnailUrl\":\"https:\\\/\\\/maqtool.pt\\\/wp-content\\\/uploads\\\/2021\\\/05\\\/COB2086-Deposito-de-Armazenamento-de-Oleos-Usados-1200L.jpg\",\"datePublished\":\"2021-05-20T05:17:32+00:00\",\"dateModified\":\"2022-12-21T15:43:58+00:00\",\"breadcrumb\":{\"@id\":\"https:\\\/\\\/maqtool.pt\\\/fr\\\/produto\\\/reservoir-de-stockage-dhuiles-usees-1200l\\\/#breadcrumb\"},\"inLanguage\":\"fr-FR\",\"potentialAction\":[{\"@type\":\"ReadAction\",\"target\":[\"https:\\\/\\\/maqtool.pt\\\/fr\\\/produto\\\/reservoir-de-stockage-dhuiles-usees-1200l\\\/\"]}]},{\"@type\":\"ImageObject\",\"inLanguage\":\"fr-FR\",\"@id\":\"https:\\\/\\\/maqtool.pt\\\/fr\\\/produto\\\/reservoir-de-stockage-dhuiles-usees-1200l\\\/#primaryimage\",\"url\":\"https:\\\/\\\/maqtool.pt\\\/wp-content\\\/uploads\\\/2021\\\/05\\\/COB2086-Deposito-de-Armazenamento-de-Oleos-Usados-1200L.jpg\",\"contentUrl\":\"https:\\\/\\\/maqtool.pt\\\/wp-content\\\/uploads\\\/2021\\\/05\\\/COB2086-Deposito-de-Armazenamento-de-Oleos-Usados-1200L.jpg\",\"width\":800,\"height\":800},{\"@type\":\"BreadcrumbList\",\"@id\":\"https:\\\/\\\/maqtool.pt\\\/fr\\\/produto\\\/reservoir-de-stockage-dhuiles-usees-1200l\\\/#breadcrumb\",\"itemListElement\":[{\"@type\":\"ListItem\",\"position\":1,\"name\":\"In\u00edcio\",\"item\":\"https:\\\/\\\/maqtool.pt\\\/fr\\\/home\\\/\"},{\"@type\":\"ListItem\",\"position\":2,\"name\":\"Produtos\",\"item\":\"https:\\\/\\\/maqtool.pt\\\/produtos\\\/\"},{\"@type\":\"ListItem\",\"position\":3,\"name\":\"R\u00e9servoir de stockage d&rsquo;huile us\u00e9e &#8211; 1200L\"}]},{\"@type\":\"WebSite\",\"@id\":\"https:\\\/\\\/maqtool.pt\\\/#website\",\"url\":\"https:\\\/\\\/maqtool.pt\\\/\",\"name\":\"Cobermaster Industry\",\"description\":\"\",\"publisher\":{\"@id\":\"https:\\\/\\\/maqtool.pt\\\/#organization\"},\"potentialAction\":[{\"@type\":\"SearchAction\",\"target\":{\"@type\":\"EntryPoint\",\"urlTemplate\":\"https:\\\/\\\/maqtool.pt\\\/?s={search_term_string}\"},\"query-input\":{\"@type\":\"PropertyValueSpecification\",\"valueRequired\":true,\"valueName\":\"search_term_string\"}}],\"inLanguage\":\"fr-FR\"},{\"@type\":\"Organization\",\"@id\":\"https:\\\/\\\/maqtool.pt\\\/#organization\",\"name\":\"MAQTOOL\",\"url\":\"https:\\\/\\\/maqtool.pt\\\/\",\"logo\":{\"@type\":\"ImageObject\",\"inLanguage\":\"fr-FR\",\"@id\":\"https:\\\/\\\/maqtool.pt\\\/#\\\/schema\\\/logo\\\/image\\\/\",\"url\":\"https:\\\/\\\/maqtool.pt\\\/wp-content\\\/uploads\\\/2022\\\/09\\\/MAQTOOL-LOGO.jpg\",\"contentUrl\":\"https:\\\/\\\/maqtool.pt\\\/wp-content\\\/uploads\\\/2022\\\/09\\\/MAQTOOL-LOGO.jpg\",\"width\":762,\"height\":228,\"caption\":\"MAQTOOL\"},\"image\":{\"@id\":\"https:\\\/\\\/maqtool.pt\\\/#\\\/schema\\\/logo\\\/image\\\/\"},\"sameAs\":[\"https:\\\/\\\/www.facebook.com\\\/cobermaster\"]}]}<\/script>\n<!-- \/ Yoast SEO plugin. -->","yoast_head_json":{"title":"R\u00e9servoir de stockage d'huile us\u00e9e - 1200L - MAQTOOL","robots":{"index":"index","follow":"follow","max-snippet":"max-snippet:-1","max-image-preview":"max-image-preview:large","max-video-preview":"max-video-preview:-1"},"canonical":"https:\/\/maqtool.pt\/fr\/produto\/reservoir-de-stockage-dhuiles-usees-1200l\/","og_locale":"fr_FR","og_type":"article","og_title":"R\u00e9servoir de stockage d'huile us\u00e9e - 1200L - MAQTOOL","og_description":"R\u00e9servoir \u00e9quip\u00e9 d'une double paroi, d'un indicateur de niveau, d'un \u00e9gouttoir et d'un voyant de fuite. Construits en poly\u00e9thyl\u00e8ne haute densit\u00e9, ils sont totalement \u00e9tanches, l\u00e9gers, hautement r\u00e9sistants aux produits chimiques, r\u00e9sistants m\u00e9caniquement et insensibles \u00e0 la corrosion. Capacit\u00e9 pour 1200L. Diam\u00e8tre 1400mm, hauteur 1510mm Couvercle avec 440x310mm","og_url":"https:\/\/maqtool.pt\/fr\/produto\/reservoir-de-stockage-dhuiles-usees-1200l\/","og_site_name":"MAQTOOL","article_publisher":"https:\/\/www.facebook.com\/cobermaster","article_modified_time":"2022-12-21T15:43:58+00:00","og_image":[{"width":800,"height":800,"url":"https:\/\/maqtool.pt\/wp-content\/uploads\/2021\/05\/COB2086-Deposito-de-Armazenamento-de-Oleos-Usados-1200L.jpg","type":"image\/jpeg"}],"twitter_card":"summary_large_image","schema":{"@context":"https:\/\/schema.org","@graph":[{"@type":"WebPage","@id":"https:\/\/maqtool.pt\/fr\/produto\/reservoir-de-stockage-dhuiles-usees-1200l\/","url":"https:\/\/maqtool.pt\/fr\/produto\/reservoir-de-stockage-dhuiles-usees-1200l\/","name":"R\u00e9servoir de stockage d'huile us\u00e9e - 1200L - MAQTOOL","isPartOf":{"@id":"https:\/\/maqtool.pt\/#website"},"primaryImageOfPage":{"@id":"https:\/\/maqtool.pt\/fr\/produto\/reservoir-de-stockage-dhuiles-usees-1200l\/#primaryimage"},"image":{"@id":"https:\/\/maqtool.pt\/fr\/produto\/reservoir-de-stockage-dhuiles-usees-1200l\/#primaryimage"},"thumbnailUrl":"https:\/\/maqtool.pt\/wp-content\/uploads\/2021\/05\/COB2086-Deposito-de-Armazenamento-de-Oleos-Usados-1200L.jpg","datePublished":"2021-05-20T05:17:32+00:00","dateModified":"2022-12-21T15:43:58+00:00","breadcrumb":{"@id":"https:\/\/maqtool.pt\/fr\/produto\/reservoir-de-stockage-dhuiles-usees-1200l\/#breadcrumb"},"inLanguage":"fr-FR","potentialAction":[{"@type":"ReadAction","target":["https:\/\/maqtool.pt\/fr\/produto\/reservoir-de-stockage-dhuiles-usees-1200l\/"]}]},{"@type":"ImageObject","inLanguage":"fr-FR","@id":"https:\/\/maqtool.pt\/fr\/produto\/reservoir-de-stockage-dhuiles-usees-1200l\/#primaryimage","url":"https:\/\/maqtool.pt\/wp-content\/uploads\/2021\/05\/COB2086-Deposito-de-Armazenamento-de-Oleos-Usados-1200L.jpg","contentUrl":"https:\/\/maqtool.pt\/wp-content\/uploads\/2021\/05\/COB2086-Deposito-de-Armazenamento-de-Oleos-Usados-1200L.jpg","width":800,"height":800},{"@type":"BreadcrumbList","@id":"https:\/\/maqtool.pt\/fr\/produto\/reservoir-de-stockage-dhuiles-usees-1200l\/#breadcrumb","itemListElement":[{"@type":"ListItem","position":1,"name":"In\u00edcio","item":"https:\/\/maqtool.pt\/fr\/home\/"},{"@type":"ListItem","position":2,"name":"Produtos","item":"https:\/\/maqtool.pt\/produtos\/"},{"@type":"ListItem","position":3,"name":"R\u00e9servoir de stockage d&rsquo;huile us\u00e9e &#8211; 1200L"}]},{"@type":"WebSite","@id":"https:\/\/maqtool.pt\/#website","url":"https:\/\/maqtool.pt\/","name":"Cobermaster Industry","description":"","publisher":{"@id":"https:\/\/maqtool.pt\/#organization"},"potentialAction":[{"@type":"SearchAction","target":{"@type":"EntryPoint","urlTemplate":"https:\/\/maqtool.pt\/?s={search_term_string}"},"query-input":{"@type":"PropertyValueSpecification","valueRequired":true,"valueName":"search_term_string"}}],"inLanguage":"fr-FR"},{"@type":"Organization","@id":"https:\/\/maqtool.pt\/#organization","name":"MAQTOOL","url":"https:\/\/maqtool.pt\/","logo":{"@type":"ImageObject","inLanguage":"fr-FR","@id":"https:\/\/maqtool.pt\/#\/schema\/logo\/image\/","url":"https:\/\/maqtool.pt\/wp-content\/uploads\/2022\/09\/MAQTOOL-LOGO.jpg","contentUrl":"https:\/\/maqtool.pt\/wp-content\/uploads\/2022\/09\/MAQTOOL-LOGO.jpg","width":762,"height":228,"caption":"MAQTOOL"},"image":{"@id":"https:\/\/maqtool.pt\/#\/schema\/logo\/image\/"},"sameAs":["https:\/\/www.facebook.com\/cobermaster"]}]}},"uagb_featured_image_src":{"full":["https:\/\/maqtool.pt\/wp-content\/uploads\/2021\/05\/COB2086-Deposito-de-Armazenamento-de-Oleos-Usados-1200L.jpg",800,800,false],"thumbnail":["https:\/\/maqtool.pt\/wp-content\/uploads\/2021\/05\/COB2086-Deposito-de-Armazenamento-de-Oleos-Usados-1200L-150x150.jpg",150,150,true],"medium":["https:\/\/maqtool.pt\/wp-content\/uploads\/2021\/05\/COB2086-Deposito-de-Armazenamento-de-Oleos-Usados-1200L-300x300.jpg",300,300,true],"medium_large":["https:\/\/maqtool.pt\/wp-content\/uploads\/2021\/05\/COB2086-Deposito-de-Armazenamento-de-Oleos-Usados-1200L-768x768.jpg",768,768,true],"large":["https:\/\/maqtool.pt\/wp-content\/uploads\/2021\/05\/COB2086-Deposito-de-Armazenamento-de-Oleos-Usados-1200L.jpg",800,800,false],"1536x1536":["https:\/\/maqtool.pt\/wp-content\/uploads\/2021\/05\/COB2086-Deposito-de-Armazenamento-de-Oleos-Usados-1200L.jpg",800,800,false],"2048x2048":["https:\/\/maqtool.pt\/wp-content\/uploads\/2021\/05\/COB2086-Deposito-de-Armazenamento-de-Oleos-Usados-1200L.jpg",800,800,false],"woocommerce_thumbnail":["https:\/\/maqtool.pt\/wp-content\/uploads\/2021\/05\/COB2086-Deposito-de-Armazenamento-de-Oleos-Usados-1200L-400x400.jpg",400,400,true],"woocommerce_single":["https:\/\/maqtool.pt\/wp-content\/uploads\/2021\/05\/COB2086-Deposito-de-Armazenamento-de-Oleos-Usados-1200L-600x600.jpg",600,600,true],"woocommerce_gallery_thumbnail":["https:\/\/maqtool.pt\/wp-content\/uploads\/2021\/05\/COB2086-Deposito-de-Armazenamento-de-Oleos-Usados-1200L-100x100.jpg",100,100,true]},"uagb_author_info":{"display_name":"pedrocandeias","author_link":"https:\/\/maqtool.pt\/fr\/author\/"},"uagb_comment_info":0,"uagb_excerpt":"R\u00e9servoir \u00e9quip\u00e9 d'une double paroi, d'un indicateur de niveau, d'un \u00e9gouttoir et d'un voyant de fuite. Construits en poly\u00e9thyl\u00e8ne haute densit\u00e9, ils sont totalement \u00e9tanches, l\u00e9gers, hautement r\u00e9sistants aux produits chimiques, r\u00e9sistants m\u00e9caniquement et insensibles \u00e0 la corrosion. Capacit\u00e9 pour 1200L. Diam\u00e8tre 1400mm, hauteur 1510mm Couvercle avec 440x310mm","_links":{"self":[{"href":"https:\/\/maqtool.pt\/fr\/wp-json\/wp\/v2\/product\/14956","targetHints":{"allow":["GET"]}}],"collection":[{"href":"https:\/\/maqtool.pt\/fr\/wp-json\/wp\/v2\/product"}],"about":[{"href":"https:\/\/maqtool.pt\/fr\/wp-json\/wp\/v2\/types\/product"}],"wp:featuredmedia":[{"embeddable":true,"href":"https:\/\/maqtool.pt\/fr\/wp-json\/wp\/v2\/media\/22797"}],"wp:attachment":[{"href":"https:\/\/maqtool.pt\/fr\/wp-json\/wp\/v2\/media?parent=14956"}],"wp:term":[{"taxonomy":"product_brand","embeddable":true,"href":"https:\/\/maqtool.pt\/fr\/wp-json\/wp\/v2\/product_brand?post=14956"},{"taxonomy":"product_cat","embeddable":true,"href":"https:\/\/maqtool.pt\/fr\/wp-json\/wp\/v2\/product_cat?post=14956"},{"taxonomy":"product_tag","embeddable":true,"href":"https:\/\/maqtool.pt\/fr\/wp-json\/wp\/v2\/product_tag?post=14956"}],"curies":[{"name":"wp","href":"https:\/\/api.w.org\/{rel}","templated":true}]}}