{"id":28800,"date":"2022-10-24T11:35:17","date_gmt":"2022-10-24T11:35:17","guid":{"rendered":"https:\/\/maqtool.pt\/produto\/meule-gws-7-115\/"},"modified":"2023-06-01T00:16:32","modified_gmt":"2023-06-01T00:16:32","slug":"meule-gws-7-115","status":"publish","type":"product","link":"https:\/\/maqtool.pt\/fr\/produto\/meule-gws-7-115\/","title":{"rendered":"Meule GWS 7-115"},"content":{"rendered":"<table class=\"table\">\n<colgroup>\n<col class=\"col-xs-5\">\n<col class=\"col-xs-3\"><\/colgroup>\n<thead>\n<tr>\n<th style=\"text-align: left;\" colspan=\"2\">donn\u00e9es les plus importantes<\/th>\n<\/tr>\n<\/thead>\n<tbody>\n<tr>\n<td>Puissance d&rsquo;entr\u00e9e nominale<\/td>\n<td>720 W<\/td>\n<\/tr>\n<tr>\n<td>Nombre de tours \u00e0 vide*<\/td>\n<td>11.000 r.p.m.<\/td>\n<\/tr>\n<tr>\n<td>Puissance utile*<\/td>\n<td>300 W<\/td>\n<\/tr>\n<tr>\n<td>Filetage de l&rsquo;arbre du disque abrasif<\/td>\n<td>M14<\/td>\n<\/tr>\n<tr>\n<td>\u00d8 du disque<\/td>\n<td>115 mm<\/td>\n<\/tr>\n<tr>\n<td>Plateau de pon\u00e7age en caoutchouc, \u00d8<\/td>\n<td>115 mm<\/td>\n<\/tr>\n<tr>\n<td>Tournevis tachym\u00e9trique, \u00d8<\/td>\n<td>75 mm<\/td>\n<\/tr>\n<tr>\n<td>Poids*<\/td>\n<td>1,9 kg<\/td>\n<\/tr>\n<tr>\n<td>Interrupteur<\/td>\n<td>interrupteur verrouillable<\/td>\n<\/tr>\n<\/tbody>\n<\/table>\n<table class=\"table\">\n<colgroup>\n<col class=\"col-xs-5\">\n<col class=\"col-xs-3\"><\/colgroup>\n<thead>\n<tr>\n<th style=\"text-align: left;\" colspan=\"2\">Valeurs totales de vibration (meulage de surface &#8211; \u00e9bauche)<\/th>\n<\/tr>\n<\/thead>\n<tbody>\n<tr>\n<td>Valeur d&rsquo;\u00e9mission de vibrations ah<\/td>\n<td>1,5 m\/s\u00b2<\/td>\n<\/tr>\n<tr>\n<td>incertitude K<\/td>\n<td>6,5 m\/s\u00b2<\/td>\n<\/tr>\n<\/tbody>\n<\/table>\n<table class=\"table\">\n<colgroup>\n<col class=\"col-xs-5\">\n<col class=\"col-xs-3\"><\/colgroup>\n<thead>\n<tr>\n<th style=\"text-align: left;\" colspan=\"2\">Valeurs totales de vibration (pon\u00e7age au papier de verre)<\/th>\n<\/tr>\n<\/thead>\n<tbody>\n<tr>\n<td>Valeur d&rsquo;\u00e9mission de vibrations ah<\/td>\n<td>1,5 m\/s\u00b2<\/td>\n<\/tr>\n<tr>\n<td>incertitude K<\/td>\n<td>3,5 m\/s\u00b2<\/td>\n<\/tr>\n<\/tbody>\n<\/table>\n<table class=\"table\">\n<colgroup>\n<col class=\"col-xs-5\">\n<col class=\"col-xs-3\"><\/colgroup>\n<thead>\n<tr>\n<th style=\"text-align: left;\" colspan=\"2\">Informations sur le bruit et les vibrations<\/th>\n<\/tr>\n<\/thead>\n<tbody>\n<tr>\n<td>niveau de pression acoustique<\/td>\n<td>91 dB(A)<\/td>\n<\/tr>\n<tr>\n<td>niveau de puissance acoustique<\/td>\n<td>102 dB(A)<\/td>\n<\/tr>\n<tr>\n<td>incertitude K<\/td>\n<td>3 dB<\/td>\n<\/tr>\n<\/tbody>\n<\/table>\n<p class=\"\">Le niveau sonore de l&rsquo;outil \u00e9lectrique class\u00e9 A est g\u00e9n\u00e9ralement : le niveau de pression acoustique dB(A) ; niveau de puissance acoustique dB(A). Incertitude K= dB.<\/p>\n","protected":false},"excerpt":{"rendered":"<h6 class=\"product-detail-stage__headline\">La plus petite poign\u00e9e de la cat\u00e9gorie 720 W<\/h6>\n<ul class=\"product-detail-stage__list a-list\">\n<li>Le petit manche de 176 mm de la mini meuleuse d&rsquo;angle professionnelle offre la meilleure ergonomie pour r\u00e9duire la fatigue de l&rsquo;utilisateur<\/li>\n<li>La t\u00eate plate favorise un rythme de travail rapide, m\u00eame dans les endroits difficiles d&rsquo;acc\u00e8s<\/li>\n<li>Le moteur compact de 720 W offre le meilleur rapport puissance\/manipulation pour une utilisation continue<\/li>\n<\/ul>\n","protected":false},"featured_media":26548,"template":"","meta":{"_eb_attr":"","_uag_custom_page_level_css":"","site-sidebar-layout":"default","site-content-layout":"default","ast-site-content-layout":"default","site-content-style":"default","site-sidebar-style":"default","ast-global-header-display":"","ast-banner-title-visibility":"","ast-main-header-display":"","ast-hfb-above-header-display":"","ast-hfb-below-header-display":"","ast-hfb-mobile-header-display":"","site-post-title":"","ast-breadcrumbs-content":"","ast-featured-img":"","footer-sml-layout":"","ast-disable-related-posts":"","theme-transparent-header-meta":"default","adv-header-id-meta":"","stick-header-meta":"default","header-above-stick-meta":"","header-main-stick-meta":"","header-below-stick-meta":"","astra-migrate-meta-layouts":"default","ast-page-background-enabled":"default","ast-page-background-meta":{"desktop":{"background-color":"","background-image":"","background-repeat":"repeat","background-position":"center center","background-size":"auto","background-attachment":"scroll","background-type":"","background-media":"","overlay-type":"","overlay-color":"","overlay-opacity":"","overlay-gradient":""},"tablet":{"background-color":"","background-image":"","background-repeat":"repeat","background-position":"center center","background-size":"auto","background-attachment":"scroll","background-type":"","background-media":"","overlay-type":"","overlay-color":"","overlay-opacity":"","overlay-gradient":""},"mobile":{"background-color":"","background-image":"","background-repeat":"repeat","background-position":"center center","background-size":"auto","background-attachment":"scroll","background-type":"","background-media":"","overlay-type":"","overlay-color":"","overlay-opacity":"","overlay-gradient":""}},"ast-content-background-meta":{"desktop":{"background-color":"var(--ast-global-color-5)","background-image":"","background-repeat":"repeat","background-position":"center center","background-size":"auto","background-attachment":"scroll","background-type":"","background-media":"","overlay-type":"","overlay-color":"","overlay-opacity":"","overlay-gradient":""},"tablet":{"background-color":"var(--ast-global-color-5)","background-image":"","background-repeat":"repeat","background-position":"center center","background-size":"auto","background-attachment":"scroll","background-type":"","background-media":"","overlay-type":"","overlay-color":"","overlay-opacity":"","overlay-gradient":""},"mobile":{"background-color":"var(--ast-global-color-5)","background-image":"","background-repeat":"repeat","background-position":"center center","background-size":"auto","background-attachment":"scroll","background-type":"","background-media":"","overlay-type":"","overlay-color":"","overlay-opacity":"","overlay-gradient":""}}},"product_brand":[],"product_cat":[5081,6777],"product_tag":[],"class_list":{"0":"post-28800","1":"product","2":"type-product","3":"status-publish","4":"has-post-thumbnail","6":"product_cat-outillage-et-accessoires","7":"product_cat-outils-electriques","8":"desktop-align-center","9":"tablet-align-center","10":"mobile-align-center","11":"ast-product-gallery-layout-horizontal","12":"ast-product-gallery-with-no-image","13":"ast-product-tabs-layout-horizontal","15":"first","16":"onbackorder","17":"taxable","18":"shipping-taxable","19":"product-type-simple"},"acf":[],"yoast_head":"<!-- This site is optimized with the Yoast SEO plugin v27.2 - https:\/\/yoast.com\/product\/yoast-seo-wordpress\/ -->\n<title>Meule GWS 7-115 - MAQTOOL<\/title>\n<meta name=\"robots\" content=\"index, follow, max-snippet:-1, max-image-preview:large, max-video-preview:-1\" \/>\n<link rel=\"canonical\" href=\"https:\/\/maqtool.pt\/produto\/meule-gws-7-115\/\" \/>\n<meta property=\"og:locale\" content=\"fr_FR\" \/>\n<meta property=\"og:type\" content=\"article\" \/>\n<meta property=\"og:title\" content=\"Meule GWS 7-115 - MAQTOOL\" \/>\n<meta property=\"og:description\" content=\"La plus petite poign\u00e9e de la cat\u00e9gorie 720 W  Le petit manche de 176 mm de la mini meuleuse d&#039;angle professionnelle offre la meilleure ergonomie pour r\u00e9duire la fatigue de l&#039;utilisateur  La t\u00eate plate favorise un rythme de travail rapide, m\u00eame dans les endroits difficiles d&#039;acc\u00e8s  Le moteur compact de 720 W offre le meilleur rapport puissance\/manipulation pour une utilisation continue\" \/>\n<meta property=\"og:url\" content=\"https:\/\/maqtool.pt\/produto\/meule-gws-7-115\/\" \/>\n<meta property=\"og:site_name\" content=\"MAQTOOL\" \/>\n<meta property=\"article:publisher\" content=\"https:\/\/www.facebook.com\/cobermaster\" \/>\n<meta property=\"article:modified_time\" content=\"2023-06-01T00:16:32+00:00\" \/>\n<meta name=\"twitter:card\" content=\"summary_large_image\" \/>\n<meta name=\"twitter:label1\" content=\"Dur\u00e9e de lecture estim\u00e9e\" \/>\n\t<meta name=\"twitter:data1\" content=\"1 minute\" \/>\n<script type=\"application\/ld+json\" class=\"yoast-schema-graph\">{\"@context\":\"https:\/\/schema.org\",\"@graph\":[{\"@type\":\"WebPage\",\"@id\":\"https:\/\/maqtool.pt\/produto\/meule-gws-7-115\/\",\"url\":\"https:\/\/maqtool.pt\/produto\/meule-gws-7-115\/\",\"name\":\"Meule GWS 7-115 - MAQTOOL\",\"isPartOf\":{\"@id\":\"https:\/\/maqtool.pt\/#website\"},\"primaryImageOfPage\":{\"@id\":\"https:\/\/maqtool.pt\/produto\/meule-gws-7-115\/#primaryimage\"},\"image\":{\"@id\":\"https:\/\/maqtool.pt\/produto\/meule-gws-7-115\/#primaryimage\"},\"thumbnailUrl\":\"https:\/\/maqtool.pt\/wp-content\/uploads\/2022\/10\/MAQ-0601388106-Rebarbadora-GWS-7-115.jpg\",\"datePublished\":\"2022-10-24T11:35:17+00:00\",\"dateModified\":\"2023-06-01T00:16:32+00:00\",\"breadcrumb\":{\"@id\":\"https:\/\/maqtool.pt\/produto\/meule-gws-7-115\/#breadcrumb\"},\"inLanguage\":\"fr-FR\",\"potentialAction\":[{\"@type\":\"ReadAction\",\"target\":[\"https:\/\/maqtool.pt\/produto\/meule-gws-7-115\/\"]}]},{\"@type\":\"ImageObject\",\"inLanguage\":\"fr-FR\",\"@id\":\"https:\/\/maqtool.pt\/produto\/meule-gws-7-115\/#primaryimage\",\"url\":\"https:\/\/maqtool.pt\/wp-content\/uploads\/2022\/10\/MAQ-0601388106-Rebarbadora-GWS-7-115.jpg\",\"contentUrl\":\"https:\/\/maqtool.pt\/wp-content\/uploads\/2022\/10\/MAQ-0601388106-Rebarbadora-GWS-7-115.jpg\",\"width\":800,\"height\":800},{\"@type\":\"BreadcrumbList\",\"@id\":\"https:\/\/maqtool.pt\/produto\/meule-gws-7-115\/#breadcrumb\",\"itemListElement\":[{\"@type\":\"ListItem\",\"position\":1,\"name\":\"In\u00edcio\",\"item\":\"https:\/\/maqtool.pt\/fr\/home\/\"},{\"@type\":\"ListItem\",\"position\":2,\"name\":\"Produtos\",\"item\":\"https:\/\/maqtool.pt\/produtos\/\"},{\"@type\":\"ListItem\",\"position\":3,\"name\":\"Meule GWS 7-115\"}]},{\"@type\":\"WebSite\",\"@id\":\"https:\/\/maqtool.pt\/#website\",\"url\":\"https:\/\/maqtool.pt\/\",\"name\":\"Cobermaster Industry\",\"description\":\"\",\"publisher\":{\"@id\":\"https:\/\/maqtool.pt\/#organization\"},\"potentialAction\":[{\"@type\":\"SearchAction\",\"target\":{\"@type\":\"EntryPoint\",\"urlTemplate\":\"https:\/\/maqtool.pt\/?s={search_term_string}\"},\"query-input\":{\"@type\":\"PropertyValueSpecification\",\"valueRequired\":true,\"valueName\":\"search_term_string\"}}],\"inLanguage\":\"fr-FR\"},{\"@type\":\"Organization\",\"@id\":\"https:\/\/maqtool.pt\/#organization\",\"name\":\"MAQTOOL\",\"url\":\"https:\/\/maqtool.pt\/\",\"logo\":{\"@type\":\"ImageObject\",\"inLanguage\":\"fr-FR\",\"@id\":\"https:\/\/maqtool.pt\/#\/schema\/logo\/image\/\",\"url\":\"https:\/\/maqtool.pt\/wp-content\/uploads\/2022\/09\/MAQTOOL-LOGO.jpg\",\"contentUrl\":\"https:\/\/maqtool.pt\/wp-content\/uploads\/2022\/09\/MAQTOOL-LOGO.jpg\",\"width\":762,\"height\":228,\"caption\":\"MAQTOOL\"},\"image\":{\"@id\":\"https:\/\/maqtool.pt\/#\/schema\/logo\/image\/\"},\"sameAs\":[\"https:\/\/www.facebook.com\/cobermaster\"]}]}<\/script>\n<!-- \/ Yoast SEO plugin. -->","yoast_head_json":{"title":"Meule GWS 7-115 - MAQTOOL","robots":{"index":"index","follow":"follow","max-snippet":"max-snippet:-1","max-image-preview":"max-image-preview:large","max-video-preview":"max-video-preview:-1"},"canonical":"https:\/\/maqtool.pt\/produto\/meule-gws-7-115\/","og_locale":"fr_FR","og_type":"article","og_title":"Meule GWS 7-115 - MAQTOOL","og_description":"La plus petite poign\u00e9e de la cat\u00e9gorie 720 W  Le petit manche de 176 mm de la mini meuleuse d'angle professionnelle offre la meilleure ergonomie pour r\u00e9duire la fatigue de l'utilisateur  La t\u00eate plate favorise un rythme de travail rapide, m\u00eame dans les endroits difficiles d'acc\u00e8s  Le moteur compact de 720 W offre le meilleur rapport puissance\/manipulation pour une utilisation continue","og_url":"https:\/\/maqtool.pt\/produto\/meule-gws-7-115\/","og_site_name":"MAQTOOL","article_publisher":"https:\/\/www.facebook.com\/cobermaster","article_modified_time":"2023-06-01T00:16:32+00:00","twitter_card":"summary_large_image","twitter_misc":{"Dur\u00e9e de lecture estim\u00e9e":"1 minute"},"schema":{"@context":"https:\/\/schema.org","@graph":[{"@type":"WebPage","@id":"https:\/\/maqtool.pt\/produto\/meule-gws-7-115\/","url":"https:\/\/maqtool.pt\/produto\/meule-gws-7-115\/","name":"Meule GWS 7-115 - MAQTOOL","isPartOf":{"@id":"https:\/\/maqtool.pt\/#website"},"primaryImageOfPage":{"@id":"https:\/\/maqtool.pt\/produto\/meule-gws-7-115\/#primaryimage"},"image":{"@id":"https:\/\/maqtool.pt\/produto\/meule-gws-7-115\/#primaryimage"},"thumbnailUrl":"https:\/\/maqtool.pt\/wp-content\/uploads\/2022\/10\/MAQ-0601388106-Rebarbadora-GWS-7-115.jpg","datePublished":"2022-10-24T11:35:17+00:00","dateModified":"2023-06-01T00:16:32+00:00","breadcrumb":{"@id":"https:\/\/maqtool.pt\/produto\/meule-gws-7-115\/#breadcrumb"},"inLanguage":"fr-FR","potentialAction":[{"@type":"ReadAction","target":["https:\/\/maqtool.pt\/produto\/meule-gws-7-115\/"]}]},{"@type":"ImageObject","inLanguage":"fr-FR","@id":"https:\/\/maqtool.pt\/produto\/meule-gws-7-115\/#primaryimage","url":"https:\/\/maqtool.pt\/wp-content\/uploads\/2022\/10\/MAQ-0601388106-Rebarbadora-GWS-7-115.jpg","contentUrl":"https:\/\/maqtool.pt\/wp-content\/uploads\/2022\/10\/MAQ-0601388106-Rebarbadora-GWS-7-115.jpg","width":800,"height":800},{"@type":"BreadcrumbList","@id":"https:\/\/maqtool.pt\/produto\/meule-gws-7-115\/#breadcrumb","itemListElement":[{"@type":"ListItem","position":1,"name":"In\u00edcio","item":"https:\/\/maqtool.pt\/fr\/home\/"},{"@type":"ListItem","position":2,"name":"Produtos","item":"https:\/\/maqtool.pt\/produtos\/"},{"@type":"ListItem","position":3,"name":"Meule GWS 7-115"}]},{"@type":"WebSite","@id":"https:\/\/maqtool.pt\/#website","url":"https:\/\/maqtool.pt\/","name":"Cobermaster Industry","description":"","publisher":{"@id":"https:\/\/maqtool.pt\/#organization"},"potentialAction":[{"@type":"SearchAction","target":{"@type":"EntryPoint","urlTemplate":"https:\/\/maqtool.pt\/?s={search_term_string}"},"query-input":{"@type":"PropertyValueSpecification","valueRequired":true,"valueName":"search_term_string"}}],"inLanguage":"fr-FR"},{"@type":"Organization","@id":"https:\/\/maqtool.pt\/#organization","name":"MAQTOOL","url":"https:\/\/maqtool.pt\/","logo":{"@type":"ImageObject","inLanguage":"fr-FR","@id":"https:\/\/maqtool.pt\/#\/schema\/logo\/image\/","url":"https:\/\/maqtool.pt\/wp-content\/uploads\/2022\/09\/MAQTOOL-LOGO.jpg","contentUrl":"https:\/\/maqtool.pt\/wp-content\/uploads\/2022\/09\/MAQTOOL-LOGO.jpg","width":762,"height":228,"caption":"MAQTOOL"},"image":{"@id":"https:\/\/maqtool.pt\/#\/schema\/logo\/image\/"},"sameAs":["https:\/\/www.facebook.com\/cobermaster"]}]}},"uagb_featured_image_src":{"full":["https:\/\/maqtool.pt\/wp-content\/uploads\/2022\/10\/MAQ-0601388106-Rebarbadora-GWS-7-115.jpg",800,800,false],"thumbnail":["https:\/\/maqtool.pt\/wp-content\/uploads\/2022\/10\/MAQ-0601388106-Rebarbadora-GWS-7-115-150x150.jpg",150,150,true],"medium":["https:\/\/maqtool.pt\/wp-content\/uploads\/2022\/10\/MAQ-0601388106-Rebarbadora-GWS-7-115-300x300.jpg",300,300,true],"medium_large":["https:\/\/maqtool.pt\/wp-content\/uploads\/2022\/10\/MAQ-0601388106-Rebarbadora-GWS-7-115-768x768.jpg",768,768,true],"large":["https:\/\/maqtool.pt\/wp-content\/uploads\/2022\/10\/MAQ-0601388106-Rebarbadora-GWS-7-115.jpg",800,800,false],"1536x1536":["https:\/\/maqtool.pt\/wp-content\/uploads\/2022\/10\/MAQ-0601388106-Rebarbadora-GWS-7-115.jpg",800,800,false],"2048x2048":["https:\/\/maqtool.pt\/wp-content\/uploads\/2022\/10\/MAQ-0601388106-Rebarbadora-GWS-7-115.jpg",800,800,false],"woocommerce_thumbnail":["https:\/\/maqtool.pt\/wp-content\/uploads\/2022\/10\/MAQ-0601388106-Rebarbadora-GWS-7-115-400x400.jpg",400,400,true],"woocommerce_single":["https:\/\/maqtool.pt\/wp-content\/uploads\/2022\/10\/MAQ-0601388106-Rebarbadora-GWS-7-115-600x600.jpg",600,600,true],"woocommerce_gallery_thumbnail":["https:\/\/maqtool.pt\/wp-content\/uploads\/2022\/10\/MAQ-0601388106-Rebarbadora-GWS-7-115-100x100.jpg",100,100,true]},"uagb_author_info":{"display_name":"Jo\u00e3o Santos","author_link":"https:\/\/maqtool.pt\/fr\/author\/"},"uagb_comment_info":0,"uagb_excerpt":"La plus petite poign\u00e9e de la cat\u00e9gorie 720 W Le petit manche de 176 mm de la mini meuleuse d'angle professionnelle offre la meilleure ergonomie pour r\u00e9duire la fatigue de l'utilisateur La t\u00eate plate favorise un rythme de travail rapide, m\u00eame dans les endroits difficiles d'acc\u00e8s Le moteur compact de 720 W offre le meilleur\u2026","_links":{"self":[{"href":"https:\/\/maqtool.pt\/fr\/wp-json\/wp\/v2\/product\/28800","targetHints":{"allow":["GET"]}}],"collection":[{"href":"https:\/\/maqtool.pt\/fr\/wp-json\/wp\/v2\/product"}],"about":[{"href":"https:\/\/maqtool.pt\/fr\/wp-json\/wp\/v2\/types\/product"}],"wp:featuredmedia":[{"embeddable":true,"href":"https:\/\/maqtool.pt\/fr\/wp-json\/wp\/v2\/media\/26548"}],"wp:attachment":[{"href":"https:\/\/maqtool.pt\/fr\/wp-json\/wp\/v2\/media?parent=28800"}],"wp:term":[{"taxonomy":"product_brand","embeddable":true,"href":"https:\/\/maqtool.pt\/fr\/wp-json\/wp\/v2\/product_brand?post=28800"},{"taxonomy":"product_cat","embeddable":true,"href":"https:\/\/maqtool.pt\/fr\/wp-json\/wp\/v2\/product_cat?post=28800"},{"taxonomy":"product_tag","embeddable":true,"href":"https:\/\/maqtool.pt\/fr\/wp-json\/wp\/v2\/product_tag?post=28800"}],"curies":[{"name":"wp","href":"https:\/\/api.w.org\/{rel}","templated":true}]}}