{"id":28803,"date":"2022-10-24T11:43:35","date_gmt":"2022-10-24T11:43:35","guid":{"rendered":"https:\/\/maqtool.pt\/produto\/tournevis-gsr-12v-15-professionnel\/"},"modified":"2023-06-01T00:16:32","modified_gmt":"2023-06-01T00:16:32","slug":"tournevis-gsr-12v-15-professionnel","status":"publish","type":"product","link":"https:\/\/maqtool.pt\/fr\/produto\/tournevis-gsr-12v-15-professionnel\/","title":{"rendered":"Tournevis GSR 12V-15 PROFESSIONNEL"},"content":{"rendered":"<table class=\"table\">\n<colgroup>\n<col class=\"col-xs-5\">\n<col class=\"col-xs-3\"><\/colgroup>\n<thead>\n<tr>\n<th style=\"text-align: left;\" colspan=\"2\">Donn\u00e9es les plus importantes<\/th>\n<\/tr>\n<\/thead>\n<tbody>\n<tr>\n<td>Couple (doux\/dur\/max.)*<\/td>\n<td>15\/30\/- Nm<\/td>\n<\/tr>\n<tr>\n<td>Nombre de tours au ralenti (1\u00e8re vitesse \/ 2\u00e8me vitesse)*<\/td>\n<td>0 \u2013 400 \/ 0 \u2013 1.300 r.p.m.<\/td>\n<\/tr>\n<tr>\n<td>Plage de serrage du mandrin, min.\/max.<\/td>\n<td>1 \/ 10 mm<\/td>\n<\/tr>\n<tr>\n<td>Voltage de batterie<\/td>\n<td>12.0 V<\/td>\n<\/tr>\n<tr>\n<td>\u00e9tapes binaires<\/td>\n<td>1<\/td>\n<\/tr>\n<\/tbody>\n<\/table>\n<table class=\"table\">\n<colgroup>\n<col class=\"col-xs-5\">\n<col class=\"col-xs-3\"><\/colgroup>\n<thead>\n<tr>\n<th style=\"text-align: left;\" colspan=\"2\">Diam\u00e8tre de perforation<\/th>\n<\/tr>\n<\/thead>\n<tbody>\n<tr>\n<td>\u00d8 per\u00e7age bois maximum<\/td>\n<td>19 mm<\/td>\n<\/tr>\n<tr>\n<td>\u00d8 max acier de per\u00e7age<\/td>\n<td>10 mm<\/td>\n<\/tr>\n<\/tbody>\n<\/table>\n<table class=\"table\">\n<colgroup>\n<col class=\"col-xs-5\">\n<col class=\"col-xs-3\"><\/colgroup>\n<thead>\n<tr>\n<th style=\"text-align: left;\" colspan=\"2\">Diam\u00e8tre de la vis<\/th>\n<\/tr>\n<\/thead>\n<tbody>\n<tr>\n<td>\u00d8 de vis maximal<\/td>\n<td>7 mm<\/td>\n<\/tr>\n<\/tbody>\n<\/table>\n<table class=\"table\">\n<colgroup>\n<col class=\"col-xs-5\">\n<col class=\"col-xs-3\"><\/colgroup>\n<thead>\n<tr>\n<th style=\"text-align: left;\" colspan=\"2\">Valeurs totales de vibration (per\u00e7age dans le m\u00e9tal)<\/th>\n<\/tr>\n<\/thead>\n<tbody>\n<tr>\n<td>Valeur d&rsquo;\u00e9mission de vibrations ah<\/td>\n<td>1,5 m\/s\u00b2<\/td>\n<\/tr>\n<tr>\n<td>incertitude K<\/td>\n<td>2,5 m\/s\u00b2<\/td>\n<\/tr>\n<\/tbody>\n<\/table>\n<table class=\"table\">\n<colgroup>\n<col class=\"col-xs-5\">\n<col class=\"col-xs-3\"><\/colgroup>\n<thead>\n<tr>\n<th style=\"text-align: left;\" colspan=\"2\">Valeurs totales de vibration (vissage)<\/th>\n<\/tr>\n<\/thead>\n<tbody>\n<tr>\n<td>Valeur d&rsquo;\u00e9mission de vibrations ah<\/td>\n<td>1,5 m\/s\u00b2<\/td>\n<\/tr>\n<tr>\n<td>incertitude K<\/td>\n<td>2,5 m\/s\u00b2<\/td>\n<\/tr>\n<\/tbody>\n<\/table>\n<table class=\"table\">\n<colgroup>\n<col class=\"col-xs-5\">\n<col class=\"col-xs-3\"><\/colgroup>\n<thead>\n<tr>\n<th style=\"text-align: left;\" colspan=\"2\">Informations sur le bruit et les vibrations<\/th>\n<\/tr>\n<\/thead>\n<tbody>\n<tr>\n<td>niveau de pression acoustique<\/td>\n<td>70 dB(A)<\/td>\n<\/tr>\n<tr>\n<td>niveau de puissance acoustique<\/td>\n<td>80 dB(A)<\/td>\n<\/tr>\n<tr>\n<td>incertitude K<\/td>\n<td>3 dB<\/td>\n<\/tr>\n<\/tbody>\n<\/table>\n<p class=\"\">Le niveau sonore de l&rsquo;outil \u00e9lectrique class\u00e9 A est g\u00e9n\u00e9ralement de : niveau de pression acoustique 70 dB(A) ; niveau de puissance acoustique 80 dB(A). Incertitude K= 3 dB.<\/p>\n","protected":false},"excerpt":{"rendered":"<h6 class=\"product-detail-stage__headline\">Visseuse\/perceuse compacte aux performances \u00e9quilibr\u00e9es dans la classe 12 V de Bosch<\/h6>\n<ul class=\"product-detail-stage__list a-list\">\n<li>Un couple de 30 Nm et une vitesse de 0 \u00e0 1300 tr\/min offrent une combinaison id\u00e9ale de puissance et de taille<\/li>\n<li>La compacit\u00e9 permet une meilleure maniabilit\u00e9 et en fait le choix id\u00e9al pour les travaux dans des espaces restreints et en hauteur.<\/li>\n<li>La protection \u00e9lectronique des cellules emp\u00eache la surcharge, la surchauffe et les situations de d\u00e9charge compl\u00e8te<\/li>\n<\/ul>\n","protected":false},"featured_media":26553,"template":"","meta":{"_eb_attr":"","_uag_custom_page_level_css":"","site-sidebar-layout":"default","site-content-layout":"default","ast-site-content-layout":"default","site-content-style":"default","site-sidebar-style":"default","ast-global-header-display":"","ast-banner-title-visibility":"","ast-main-header-display":"","ast-hfb-above-header-display":"","ast-hfb-below-header-display":"","ast-hfb-mobile-header-display":"","site-post-title":"","ast-breadcrumbs-content":"","ast-featured-img":"","footer-sml-layout":"","ast-disable-related-posts":"","theme-transparent-header-meta":"default","adv-header-id-meta":"","stick-header-meta":"default","header-above-stick-meta":"","header-main-stick-meta":"","header-below-stick-meta":"","astra-migrate-meta-layouts":"default","ast-page-background-enabled":"default","ast-page-background-meta":{"desktop":{"background-color":"","background-image":"","background-repeat":"repeat","background-position":"center center","background-size":"auto","background-attachment":"scroll","background-type":"","background-media":"","overlay-type":"","overlay-color":"","overlay-opacity":"","overlay-gradient":""},"tablet":{"background-color":"","background-image":"","background-repeat":"repeat","background-position":"center center","background-size":"auto","background-attachment":"scroll","background-type":"","background-media":"","overlay-type":"","overlay-color":"","overlay-opacity":"","overlay-gradient":""},"mobile":{"background-color":"","background-image":"","background-repeat":"repeat","background-position":"center center","background-size":"auto","background-attachment":"scroll","background-type":"","background-media":"","overlay-type":"","overlay-color":"","overlay-opacity":"","overlay-gradient":""}},"ast-content-background-meta":{"desktop":{"background-color":"var(--ast-global-color-5)","background-image":"","background-repeat":"repeat","background-position":"center center","background-size":"auto","background-attachment":"scroll","background-type":"","background-media":"","overlay-type":"","overlay-color":"","overlay-opacity":"","overlay-gradient":""},"tablet":{"background-color":"var(--ast-global-color-5)","background-image":"","background-repeat":"repeat","background-position":"center center","background-size":"auto","background-attachment":"scroll","background-type":"","background-media":"","overlay-type":"","overlay-color":"","overlay-opacity":"","overlay-gradient":""},"mobile":{"background-color":"var(--ast-global-color-5)","background-image":"","background-repeat":"repeat","background-position":"center center","background-size":"auto","background-attachment":"scroll","background-type":"","background-media":"","overlay-type":"","overlay-color":"","overlay-opacity":"","overlay-gradient":""}}},"product_brand":[],"product_cat":[5081,6777],"product_tag":[],"class_list":{"0":"post-28803","1":"product","2":"type-product","3":"status-publish","4":"has-post-thumbnail","6":"product_cat-outillage-et-accessoires","7":"product_cat-outils-electriques","8":"desktop-align-center","9":"tablet-align-center","10":"mobile-align-center","11":"ast-product-gallery-layout-horizontal","12":"ast-product-gallery-with-no-image","13":"ast-product-tabs-layout-horizontal","15":"first","16":"onbackorder","17":"taxable","18":"shipping-taxable","19":"product-type-simple"},"acf":[],"yoast_head":"<!-- This site is optimized with the Yoast SEO plugin v27.2 - https:\/\/yoast.com\/product\/yoast-seo-wordpress\/ -->\n<title>Tournevis GSR 12V-15 PROFESSIONNEL - MAQTOOL<\/title>\n<meta name=\"robots\" content=\"index, follow, max-snippet:-1, max-image-preview:large, max-video-preview:-1\" \/>\n<link rel=\"canonical\" href=\"https:\/\/maqtool.pt\/produto\/tournevis-gsr-12v-15-professionnel\/\" \/>\n<meta property=\"og:locale\" content=\"fr_FR\" \/>\n<meta property=\"og:type\" content=\"article\" \/>\n<meta property=\"og:title\" content=\"Tournevis GSR 12V-15 PROFESSIONNEL - MAQTOOL\" \/>\n<meta property=\"og:description\" content=\"Visseuse\/perceuse compacte aux performances \u00e9quilibr\u00e9es dans la classe 12 V de Bosch  Un couple de 30 Nm et une vitesse de 0 \u00e0 1300 tr\/min offrent une combinaison id\u00e9ale de puissance et de taille  La compacit\u00e9 permet une meilleure maniabilit\u00e9 et en fait le choix id\u00e9al pour les travaux dans des espaces restreints et en hauteur.  La protection \u00e9lectronique des cellules emp\u00eache la surcharge, la surchauffe et les situations de d\u00e9charge compl\u00e8te\" \/>\n<meta property=\"og:url\" content=\"https:\/\/maqtool.pt\/produto\/tournevis-gsr-12v-15-professionnel\/\" \/>\n<meta property=\"og:site_name\" content=\"MAQTOOL\" \/>\n<meta property=\"article:publisher\" content=\"https:\/\/www.facebook.com\/cobermaster\" \/>\n<meta property=\"article:modified_time\" content=\"2023-06-01T00:16:32+00:00\" \/>\n<meta name=\"twitter:card\" content=\"summary_large_image\" \/>\n<meta name=\"twitter:label1\" content=\"Dur\u00e9e de lecture estim\u00e9e\" \/>\n\t<meta name=\"twitter:data1\" content=\"1 minute\" \/>\n<script type=\"application\/ld+json\" class=\"yoast-schema-graph\">{\"@context\":\"https:\/\/schema.org\",\"@graph\":[{\"@type\":\"WebPage\",\"@id\":\"https:\/\/maqtool.pt\/produto\/tournevis-gsr-12v-15-professionnel\/\",\"url\":\"https:\/\/maqtool.pt\/produto\/tournevis-gsr-12v-15-professionnel\/\",\"name\":\"Tournevis GSR 12V-15 PROFESSIONNEL - MAQTOOL\",\"isPartOf\":{\"@id\":\"https:\/\/maqtool.pt\/#website\"},\"primaryImageOfPage\":{\"@id\":\"https:\/\/maqtool.pt\/produto\/tournevis-gsr-12v-15-professionnel\/#primaryimage\"},\"image\":{\"@id\":\"https:\/\/maqtool.pt\/produto\/tournevis-gsr-12v-15-professionnel\/#primaryimage\"},\"thumbnailUrl\":\"https:\/\/maqtool.pt\/wp-content\/uploads\/2022\/10\/MAQ-060186810F.jpg\",\"datePublished\":\"2022-10-24T11:43:35+00:00\",\"dateModified\":\"2023-06-01T00:16:32+00:00\",\"breadcrumb\":{\"@id\":\"https:\/\/maqtool.pt\/produto\/tournevis-gsr-12v-15-professionnel\/#breadcrumb\"},\"inLanguage\":\"fr-FR\",\"potentialAction\":[{\"@type\":\"ReadAction\",\"target\":[\"https:\/\/maqtool.pt\/produto\/tournevis-gsr-12v-15-professionnel\/\"]}]},{\"@type\":\"ImageObject\",\"inLanguage\":\"fr-FR\",\"@id\":\"https:\/\/maqtool.pt\/produto\/tournevis-gsr-12v-15-professionnel\/#primaryimage\",\"url\":\"https:\/\/maqtool.pt\/wp-content\/uploads\/2022\/10\/MAQ-060186810F.jpg\",\"contentUrl\":\"https:\/\/maqtool.pt\/wp-content\/uploads\/2022\/10\/MAQ-060186810F.jpg\",\"width\":800,\"height\":800},{\"@type\":\"BreadcrumbList\",\"@id\":\"https:\/\/maqtool.pt\/produto\/tournevis-gsr-12v-15-professionnel\/#breadcrumb\",\"itemListElement\":[{\"@type\":\"ListItem\",\"position\":1,\"name\":\"In\u00edcio\",\"item\":\"https:\/\/maqtool.pt\/fr\/home\/\"},{\"@type\":\"ListItem\",\"position\":2,\"name\":\"Produtos\",\"item\":\"https:\/\/maqtool.pt\/produtos\/\"},{\"@type\":\"ListItem\",\"position\":3,\"name\":\"Tournevis GSR 12V-15 PROFESSIONNEL\"}]},{\"@type\":\"WebSite\",\"@id\":\"https:\/\/maqtool.pt\/#website\",\"url\":\"https:\/\/maqtool.pt\/\",\"name\":\"Cobermaster Industry\",\"description\":\"\",\"publisher\":{\"@id\":\"https:\/\/maqtool.pt\/#organization\"},\"potentialAction\":[{\"@type\":\"SearchAction\",\"target\":{\"@type\":\"EntryPoint\",\"urlTemplate\":\"https:\/\/maqtool.pt\/?s={search_term_string}\"},\"query-input\":{\"@type\":\"PropertyValueSpecification\",\"valueRequired\":true,\"valueName\":\"search_term_string\"}}],\"inLanguage\":\"fr-FR\"},{\"@type\":\"Organization\",\"@id\":\"https:\/\/maqtool.pt\/#organization\",\"name\":\"MAQTOOL\",\"url\":\"https:\/\/maqtool.pt\/\",\"logo\":{\"@type\":\"ImageObject\",\"inLanguage\":\"fr-FR\",\"@id\":\"https:\/\/maqtool.pt\/#\/schema\/logo\/image\/\",\"url\":\"https:\/\/maqtool.pt\/wp-content\/uploads\/2022\/09\/MAQTOOL-LOGO.jpg\",\"contentUrl\":\"https:\/\/maqtool.pt\/wp-content\/uploads\/2022\/09\/MAQTOOL-LOGO.jpg\",\"width\":762,\"height\":228,\"caption\":\"MAQTOOL\"},\"image\":{\"@id\":\"https:\/\/maqtool.pt\/#\/schema\/logo\/image\/\"},\"sameAs\":[\"https:\/\/www.facebook.com\/cobermaster\"]}]}<\/script>\n<!-- \/ Yoast SEO plugin. -->","yoast_head_json":{"title":"Tournevis GSR 12V-15 PROFESSIONNEL - MAQTOOL","robots":{"index":"index","follow":"follow","max-snippet":"max-snippet:-1","max-image-preview":"max-image-preview:large","max-video-preview":"max-video-preview:-1"},"canonical":"https:\/\/maqtool.pt\/produto\/tournevis-gsr-12v-15-professionnel\/","og_locale":"fr_FR","og_type":"article","og_title":"Tournevis GSR 12V-15 PROFESSIONNEL - MAQTOOL","og_description":"Visseuse\/perceuse compacte aux performances \u00e9quilibr\u00e9es dans la classe 12 V de Bosch  Un couple de 30 Nm et une vitesse de 0 \u00e0 1300 tr\/min offrent une combinaison id\u00e9ale de puissance et de taille  La compacit\u00e9 permet une meilleure maniabilit\u00e9 et en fait le choix id\u00e9al pour les travaux dans des espaces restreints et en hauteur.  La protection \u00e9lectronique des cellules emp\u00eache la surcharge, la surchauffe et les situations de d\u00e9charge compl\u00e8te","og_url":"https:\/\/maqtool.pt\/produto\/tournevis-gsr-12v-15-professionnel\/","og_site_name":"MAQTOOL","article_publisher":"https:\/\/www.facebook.com\/cobermaster","article_modified_time":"2023-06-01T00:16:32+00:00","twitter_card":"summary_large_image","twitter_misc":{"Dur\u00e9e de lecture estim\u00e9e":"1 minute"},"schema":{"@context":"https:\/\/schema.org","@graph":[{"@type":"WebPage","@id":"https:\/\/maqtool.pt\/produto\/tournevis-gsr-12v-15-professionnel\/","url":"https:\/\/maqtool.pt\/produto\/tournevis-gsr-12v-15-professionnel\/","name":"Tournevis GSR 12V-15 PROFESSIONNEL - MAQTOOL","isPartOf":{"@id":"https:\/\/maqtool.pt\/#website"},"primaryImageOfPage":{"@id":"https:\/\/maqtool.pt\/produto\/tournevis-gsr-12v-15-professionnel\/#primaryimage"},"image":{"@id":"https:\/\/maqtool.pt\/produto\/tournevis-gsr-12v-15-professionnel\/#primaryimage"},"thumbnailUrl":"https:\/\/maqtool.pt\/wp-content\/uploads\/2022\/10\/MAQ-060186810F.jpg","datePublished":"2022-10-24T11:43:35+00:00","dateModified":"2023-06-01T00:16:32+00:00","breadcrumb":{"@id":"https:\/\/maqtool.pt\/produto\/tournevis-gsr-12v-15-professionnel\/#breadcrumb"},"inLanguage":"fr-FR","potentialAction":[{"@type":"ReadAction","target":["https:\/\/maqtool.pt\/produto\/tournevis-gsr-12v-15-professionnel\/"]}]},{"@type":"ImageObject","inLanguage":"fr-FR","@id":"https:\/\/maqtool.pt\/produto\/tournevis-gsr-12v-15-professionnel\/#primaryimage","url":"https:\/\/maqtool.pt\/wp-content\/uploads\/2022\/10\/MAQ-060186810F.jpg","contentUrl":"https:\/\/maqtool.pt\/wp-content\/uploads\/2022\/10\/MAQ-060186810F.jpg","width":800,"height":800},{"@type":"BreadcrumbList","@id":"https:\/\/maqtool.pt\/produto\/tournevis-gsr-12v-15-professionnel\/#breadcrumb","itemListElement":[{"@type":"ListItem","position":1,"name":"In\u00edcio","item":"https:\/\/maqtool.pt\/fr\/home\/"},{"@type":"ListItem","position":2,"name":"Produtos","item":"https:\/\/maqtool.pt\/produtos\/"},{"@type":"ListItem","position":3,"name":"Tournevis GSR 12V-15 PROFESSIONNEL"}]},{"@type":"WebSite","@id":"https:\/\/maqtool.pt\/#website","url":"https:\/\/maqtool.pt\/","name":"Cobermaster Industry","description":"","publisher":{"@id":"https:\/\/maqtool.pt\/#organization"},"potentialAction":[{"@type":"SearchAction","target":{"@type":"EntryPoint","urlTemplate":"https:\/\/maqtool.pt\/?s={search_term_string}"},"query-input":{"@type":"PropertyValueSpecification","valueRequired":true,"valueName":"search_term_string"}}],"inLanguage":"fr-FR"},{"@type":"Organization","@id":"https:\/\/maqtool.pt\/#organization","name":"MAQTOOL","url":"https:\/\/maqtool.pt\/","logo":{"@type":"ImageObject","inLanguage":"fr-FR","@id":"https:\/\/maqtool.pt\/#\/schema\/logo\/image\/","url":"https:\/\/maqtool.pt\/wp-content\/uploads\/2022\/09\/MAQTOOL-LOGO.jpg","contentUrl":"https:\/\/maqtool.pt\/wp-content\/uploads\/2022\/09\/MAQTOOL-LOGO.jpg","width":762,"height":228,"caption":"MAQTOOL"},"image":{"@id":"https:\/\/maqtool.pt\/#\/schema\/logo\/image\/"},"sameAs":["https:\/\/www.facebook.com\/cobermaster"]}]}},"uagb_featured_image_src":{"full":["https:\/\/maqtool.pt\/wp-content\/uploads\/2022\/10\/MAQ-060186810F.jpg",800,800,false],"thumbnail":["https:\/\/maqtool.pt\/wp-content\/uploads\/2022\/10\/MAQ-060186810F-150x150.jpg",150,150,true],"medium":["https:\/\/maqtool.pt\/wp-content\/uploads\/2022\/10\/MAQ-060186810F-300x300.jpg",300,300,true],"medium_large":["https:\/\/maqtool.pt\/wp-content\/uploads\/2022\/10\/MAQ-060186810F-768x768.jpg",768,768,true],"large":["https:\/\/maqtool.pt\/wp-content\/uploads\/2022\/10\/MAQ-060186810F.jpg",800,800,false],"1536x1536":["https:\/\/maqtool.pt\/wp-content\/uploads\/2022\/10\/MAQ-060186810F.jpg",800,800,false],"2048x2048":["https:\/\/maqtool.pt\/wp-content\/uploads\/2022\/10\/MAQ-060186810F.jpg",800,800,false],"woocommerce_thumbnail":["https:\/\/maqtool.pt\/wp-content\/uploads\/2022\/10\/MAQ-060186810F-400x400.jpg",400,400,true],"woocommerce_single":["https:\/\/maqtool.pt\/wp-content\/uploads\/2022\/10\/MAQ-060186810F-600x600.jpg",600,600,true],"woocommerce_gallery_thumbnail":["https:\/\/maqtool.pt\/wp-content\/uploads\/2022\/10\/MAQ-060186810F-100x100.jpg",100,100,true]},"uagb_author_info":{"display_name":"Jo\u00e3o Santos","author_link":"https:\/\/maqtool.pt\/fr\/author\/"},"uagb_comment_info":0,"uagb_excerpt":"Visseuse\/perceuse compacte aux performances \u00e9quilibr\u00e9es dans la classe 12 V de Bosch Un couple de 30 Nm et une vitesse de 0 \u00e0 1300 tr\/min offrent une combinaison id\u00e9ale de puissance et de taille La compacit\u00e9 permet une meilleure maniabilit\u00e9 et en fait le choix id\u00e9al pour les travaux dans des espaces restreints et en\u2026","_links":{"self":[{"href":"https:\/\/maqtool.pt\/fr\/wp-json\/wp\/v2\/product\/28803","targetHints":{"allow":["GET"]}}],"collection":[{"href":"https:\/\/maqtool.pt\/fr\/wp-json\/wp\/v2\/product"}],"about":[{"href":"https:\/\/maqtool.pt\/fr\/wp-json\/wp\/v2\/types\/product"}],"wp:featuredmedia":[{"embeddable":true,"href":"https:\/\/maqtool.pt\/fr\/wp-json\/wp\/v2\/media\/26553"}],"wp:attachment":[{"href":"https:\/\/maqtool.pt\/fr\/wp-json\/wp\/v2\/media?parent=28803"}],"wp:term":[{"taxonomy":"product_brand","embeddable":true,"href":"https:\/\/maqtool.pt\/fr\/wp-json\/wp\/v2\/product_brand?post=28803"},{"taxonomy":"product_cat","embeddable":true,"href":"https:\/\/maqtool.pt\/fr\/wp-json\/wp\/v2\/product_cat?post=28803"},{"taxonomy":"product_tag","embeddable":true,"href":"https:\/\/maqtool.pt\/fr\/wp-json\/wp\/v2\/product_tag?post=28803"}],"curies":[{"name":"wp","href":"https:\/\/api.w.org\/{rel}","templated":true}]}}