{"id":28809,"date":"2022-10-24T11:21:16","date_gmt":"2022-10-24T11:21:16","guid":{"rendered":"https:\/\/maqtool.pt\/produto\/marteau-perforateur-gbh\/"},"modified":"2022-10-24T11:21:16","modified_gmt":"2022-10-24T11:21:16","slug":"marteau-perforateur-gbh","status":"publish","type":"product","link":"https:\/\/maqtool.pt\/fr\/produto\/marteau-perforateur-gbh\/","title":{"rendered":"Marteau perforateur GBH"},"content":{"rendered":"<table class=\"table\" style=\"height: 114px;\" width=\"1914\">\n<thead>\n<tr>\n<th style=\"text-align: left;\" colspan=\"2\">Donn\u00e9es de performance<\/th>\n<\/tr>\n<\/thead>\n<tbody>\n<tr>\n<td>Nombre d&rsquo;impacts aux vitesses nominales*<\/td>\n<td>1.500 \u2013 3.050 ipm<\/td>\n<\/tr>\n<tr>\n<td>Rotation nominale*<\/td>\n<td>170 \u2013 340 r.p.m.<\/td>\n<\/tr>\n<\/tbody>\n<\/table>\n<table class=\"table\">\n<colgroup>\n<col class=\"col-xs-5\">\n<col class=\"col-xs-3\"><\/colgroup>\n<thead>\n<tr>\n<th style=\"text-align: left;\" colspan=\"2\">Donn\u00e9es les plus importantes<\/th>\n<\/tr>\n<\/thead>\n<tbody>\n<tr>\n<td>Puissance d&rsquo;entr\u00e9e nominale*<\/td>\n<td>1.150 W<\/td>\n<\/tr>\n<tr>\n<td>\u00c9nergie d&rsquo;impact (selon EPTA 05\/2016)<\/td>\n<td>8,8 J<\/td>\n<\/tr>\n<tr>\n<td>Porte-outil<\/td>\n<td>SDS max<\/td>\n<\/tr>\n<tr>\n<td>Poids*<\/td>\n<td>6,8 kg<\/td>\n<\/tr>\n<\/tbody>\n<\/table>\n<table class=\"table\">\n<colgroup>\n<col class=\"col-xs-5\">\n<col class=\"col-xs-3\"><\/colgroup>\n<thead>\n<tr>\n<th style=\"text-align: left;\" colspan=\"2\">Port\u00e9e de forage<\/th>\n<\/tr>\n<\/thead>\n<tbody>\n<tr>\n<td>Di\u00e2. forage b\u00e9ton, m\u00e8ches marteaux<\/td>\n<td>12 \u2013 40 mm<\/td>\n<\/tr>\n<tr>\n<td>Gama apl. otim. b\u00e9ton, perceuses \u00e0 percussion<\/td>\n<td>18 \u2013 32 mm<\/td>\n<\/tr>\n<tr>\n<td>Di\u00e2. per\u00e7age de b\u00e9ton, forets de d\u00e9molition<\/td>\n<td>45 \u2013 55 mm<\/td>\n<\/tr>\n<tr>\n<td>\u00d8 de per\u00e7age dans le b\u00e9ton avec m\u00e8ches creuses<\/td>\n<td>40 \u2013 90 mm<\/td>\n<\/tr>\n<\/tbody>\n<\/table>\n<table class=\"table\">\n<colgroup>\n<col class=\"col-xs-5\">\n<col class=\"col-xs-3\"><\/colgroup>\n<thead>\n<tr>\n<th style=\"text-align: left;\" colspan=\"2\">Valeurs totales de vibration (per\u00e7age avec un marteau dans le b\u00e9ton)<\/th>\n<\/tr>\n<\/thead>\n<tbody>\n<tr>\n<td>Valeur d&rsquo;\u00e9mission de vibrations ah<\/td>\n<td>10,5 m\/s\u00b2<\/td>\n<\/tr>\n<tr>\n<td>incertitude K<\/td>\n<td>1,5 m\/s\u00b2<\/td>\n<\/tr>\n<\/tbody>\n<\/table>\n<h6 class=\"headline headline__redesign--blue fs16 bsBold\" style=\"text-align: left;\"><\/h6>\n<table class=\"table\">\n<colgroup>\n<col class=\"col-xs-5\">\n<col class=\"col-xs-3\"><\/colgroup>\n<thead>\n<tr>\n<th style=\"text-align: left;\" colspan=\"2\">Valeurs totales de vibration (Ciselage dans le b\u00e9ton)<\/th>\n<\/tr>\n<\/thead>\n<tbody>\n<tr>\n<td>Valeur d&rsquo;\u00e9mission de vibrations ah<\/td>\n<td>7,5 m\/s\u00b2<\/td>\n<\/tr>\n<tr>\n<td>incertitude K<\/td>\n<td>1,5 m\/s\u00b2<\/td>\n<\/tr>\n<\/tbody>\n<\/table>\n","protected":false},"excerpt":{"rendered":"<h6 class=\"product-detail-stage__headline\">Perforateur Bosch SDS max pour une manipulation confortable dans de nombreuses applications<\/h6>\n<ul class=\"product-detail-stage__list a-list\">\n<li>Contr\u00f4le des vibrations et conception l\u00e9g\u00e8re pour un travail continu sans effort dans des applications \u00e9tendues<\/li>\n<li>Durable gr\u00e2ce \u00e0 des composants m\u00e9talliques robustes et \u00e0 un syst\u00e8me de lubrification optimis\u00e9<\/li>\n<li>Le moteur puissant fournit 8,8 J d&rsquo;\u00e9nergie d&rsquo;impact pour un per\u00e7age rapide et une capacit\u00e9 de d\u00e9molition \u00e9lev\u00e9e<\/li>\n<\/ul>\n","protected":false},"featured_media":26542,"template":"","meta":{"_eb_attr":"","_uag_custom_page_level_css":"","site-sidebar-layout":"default","site-content-layout":"default","ast-site-content-layout":"default","site-content-style":"default","site-sidebar-style":"default","ast-global-header-display":"","ast-banner-title-visibility":"","ast-main-header-display":"","ast-hfb-above-header-display":"","ast-hfb-below-header-display":"","ast-hfb-mobile-header-display":"","site-post-title":"","ast-breadcrumbs-content":"","ast-featured-img":"","footer-sml-layout":"","ast-disable-related-posts":"","theme-transparent-header-meta":"default","adv-header-id-meta":"","stick-header-meta":"default","header-above-stick-meta":"","header-main-stick-meta":"","header-below-stick-meta":"","astra-migrate-meta-layouts":"default","ast-page-background-enabled":"default","ast-page-background-meta":{"desktop":{"background-color":"","background-image":"","background-repeat":"repeat","background-position":"center center","background-size":"auto","background-attachment":"scroll","background-type":"","background-media":"","overlay-type":"","overlay-color":"","overlay-opacity":"","overlay-gradient":""},"tablet":{"background-color":"","background-image":"","background-repeat":"repeat","background-position":"center center","background-size":"auto","background-attachment":"scroll","background-type":"","background-media":"","overlay-type":"","overlay-color":"","overlay-opacity":"","overlay-gradient":""},"mobile":{"background-color":"","background-image":"","background-repeat":"repeat","background-position":"center center","background-size":"auto","background-attachment":"scroll","background-type":"","background-media":"","overlay-type":"","overlay-color":"","overlay-opacity":"","overlay-gradient":""}},"ast-content-background-meta":{"desktop":{"background-color":"var(--ast-global-color-5)","background-image":"","background-repeat":"repeat","background-position":"center center","background-size":"auto","background-attachment":"scroll","background-type":"","background-media":"","overlay-type":"","overlay-color":"","overlay-opacity":"","overlay-gradient":""},"tablet":{"background-color":"var(--ast-global-color-5)","background-image":"","background-repeat":"repeat","background-position":"center center","background-size":"auto","background-attachment":"scroll","background-type":"","background-media":"","overlay-type":"","overlay-color":"","overlay-opacity":"","overlay-gradient":""},"mobile":{"background-color":"var(--ast-global-color-5)","background-image":"","background-repeat":"repeat","background-position":"center center","background-size":"auto","background-attachment":"scroll","background-type":"","background-media":"","overlay-type":"","overlay-color":"","overlay-opacity":"","overlay-gradient":""}}},"product_brand":[],"product_cat":[5081,6777],"product_tag":[],"class_list":{"0":"post-28809","1":"product","2":"type-product","3":"status-publish","4":"has-post-thumbnail","6":"product_cat-outillage-et-accessoires","7":"product_cat-outils-electriques","8":"desktop-align-center","9":"tablet-align-center","10":"mobile-align-center","11":"ast-product-gallery-layout-horizontal","12":"ast-product-gallery-with-no-image","13":"ast-product-tabs-layout-horizontal","15":"first","16":"onbackorder","17":"taxable","18":"shipping-taxable","19":"product-type-simple"},"acf":[],"yoast_head":"<!-- This site is optimized with the Yoast SEO plugin v27.3 - https:\/\/yoast.com\/product\/yoast-seo-wordpress\/ -->\n<title>Marteau perforateur GBH - MAQTOOL<\/title>\n<meta name=\"robots\" content=\"index, follow, max-snippet:-1, max-image-preview:large, max-video-preview:-1\" \/>\n<link rel=\"canonical\" href=\"https:\/\/maqtool.pt\/produto\/marteau-perforateur-gbh\/\" \/>\n<meta property=\"og:locale\" content=\"fr_FR\" \/>\n<meta property=\"og:type\" content=\"article\" \/>\n<meta property=\"og:title\" content=\"Marteau perforateur GBH - MAQTOOL\" \/>\n<meta property=\"og:description\" content=\"Perforateur Bosch SDS max pour une manipulation confortable dans de nombreuses applications  Contr\u00f4le des vibrations et conception l\u00e9g\u00e8re pour un travail continu sans effort dans des applications \u00e9tendues  Durable gr\u00e2ce \u00e0 des composants m\u00e9talliques robustes et \u00e0 un syst\u00e8me de lubrification optimis\u00e9  Le moteur puissant fournit 8,8 J d&#039;\u00e9nergie d&#039;impact pour un per\u00e7age rapide et une capacit\u00e9 de d\u00e9molition \u00e9lev\u00e9e\" \/>\n<meta property=\"og:url\" content=\"https:\/\/maqtool.pt\/produto\/marteau-perforateur-gbh\/\" \/>\n<meta property=\"og:site_name\" content=\"MAQTOOL\" \/>\n<meta property=\"article:publisher\" content=\"https:\/\/www.facebook.com\/cobermaster\" \/>\n<meta name=\"twitter:card\" content=\"summary_large_image\" \/>\n<meta name=\"twitter:label1\" content=\"Dur\u00e9e de lecture estim\u00e9e\" \/>\n\t<meta name=\"twitter:data1\" content=\"1 minute\" \/>\n<script type=\"application\/ld+json\" class=\"yoast-schema-graph\">{\"@context\":\"https:\\\/\\\/schema.org\",\"@graph\":[{\"@type\":\"WebPage\",\"@id\":\"https:\\\/\\\/maqtool.pt\\\/produto\\\/marteau-perforateur-gbh\\\/\",\"url\":\"https:\\\/\\\/maqtool.pt\\\/produto\\\/marteau-perforateur-gbh\\\/\",\"name\":\"Marteau perforateur GBH - MAQTOOL\",\"isPartOf\":{\"@id\":\"https:\\\/\\\/maqtool.pt\\\/#website\"},\"primaryImageOfPage\":{\"@id\":\"https:\\\/\\\/maqtool.pt\\\/produto\\\/marteau-perforateur-gbh\\\/#primaryimage\"},\"image\":{\"@id\":\"https:\\\/\\\/maqtool.pt\\\/produto\\\/marteau-perforateur-gbh\\\/#primaryimage\"},\"thumbnailUrl\":\"https:\\\/\\\/maqtool.pt\\\/wp-content\\\/uploads\\\/2022\\\/10\\\/MAQ-0611264000-Martelo-Perfurador-GBH.jpg\",\"datePublished\":\"2022-10-24T11:21:16+00:00\",\"breadcrumb\":{\"@id\":\"https:\\\/\\\/maqtool.pt\\\/produto\\\/marteau-perforateur-gbh\\\/#breadcrumb\"},\"inLanguage\":\"fr-FR\",\"potentialAction\":[{\"@type\":\"ReadAction\",\"target\":[\"https:\\\/\\\/maqtool.pt\\\/produto\\\/marteau-perforateur-gbh\\\/\"]}]},{\"@type\":\"ImageObject\",\"inLanguage\":\"fr-FR\",\"@id\":\"https:\\\/\\\/maqtool.pt\\\/produto\\\/marteau-perforateur-gbh\\\/#primaryimage\",\"url\":\"https:\\\/\\\/maqtool.pt\\\/wp-content\\\/uploads\\\/2022\\\/10\\\/MAQ-0611264000-Martelo-Perfurador-GBH.jpg\",\"contentUrl\":\"https:\\\/\\\/maqtool.pt\\\/wp-content\\\/uploads\\\/2022\\\/10\\\/MAQ-0611264000-Martelo-Perfurador-GBH.jpg\",\"width\":800,\"height\":800},{\"@type\":\"BreadcrumbList\",\"@id\":\"https:\\\/\\\/maqtool.pt\\\/produto\\\/marteau-perforateur-gbh\\\/#breadcrumb\",\"itemListElement\":[{\"@type\":\"ListItem\",\"position\":1,\"name\":\"In\u00edcio\",\"item\":\"https:\\\/\\\/maqtool.pt\\\/fr\\\/home\\\/\"},{\"@type\":\"ListItem\",\"position\":2,\"name\":\"Produtos\",\"item\":\"https:\\\/\\\/maqtool.pt\\\/produtos\\\/\"},{\"@type\":\"ListItem\",\"position\":3,\"name\":\"Marteau perforateur GBH\"}]},{\"@type\":\"WebSite\",\"@id\":\"https:\\\/\\\/maqtool.pt\\\/#website\",\"url\":\"https:\\\/\\\/maqtool.pt\\\/\",\"name\":\"Cobermaster Industry\",\"description\":\"\",\"publisher\":{\"@id\":\"https:\\\/\\\/maqtool.pt\\\/#organization\"},\"potentialAction\":[{\"@type\":\"SearchAction\",\"target\":{\"@type\":\"EntryPoint\",\"urlTemplate\":\"https:\\\/\\\/maqtool.pt\\\/?s={search_term_string}\"},\"query-input\":{\"@type\":\"PropertyValueSpecification\",\"valueRequired\":true,\"valueName\":\"search_term_string\"}}],\"inLanguage\":\"fr-FR\"},{\"@type\":\"Organization\",\"@id\":\"https:\\\/\\\/maqtool.pt\\\/#organization\",\"name\":\"MAQTOOL\",\"url\":\"https:\\\/\\\/maqtool.pt\\\/\",\"logo\":{\"@type\":\"ImageObject\",\"inLanguage\":\"fr-FR\",\"@id\":\"https:\\\/\\\/maqtool.pt\\\/#\\\/schema\\\/logo\\\/image\\\/\",\"url\":\"https:\\\/\\\/maqtool.pt\\\/wp-content\\\/uploads\\\/2022\\\/09\\\/MAQTOOL-LOGO.jpg\",\"contentUrl\":\"https:\\\/\\\/maqtool.pt\\\/wp-content\\\/uploads\\\/2022\\\/09\\\/MAQTOOL-LOGO.jpg\",\"width\":762,\"height\":228,\"caption\":\"MAQTOOL\"},\"image\":{\"@id\":\"https:\\\/\\\/maqtool.pt\\\/#\\\/schema\\\/logo\\\/image\\\/\"},\"sameAs\":[\"https:\\\/\\\/www.facebook.com\\\/cobermaster\"]}]}<\/script>\n<!-- \/ Yoast SEO plugin. -->","yoast_head_json":{"title":"Marteau perforateur GBH - MAQTOOL","robots":{"index":"index","follow":"follow","max-snippet":"max-snippet:-1","max-image-preview":"max-image-preview:large","max-video-preview":"max-video-preview:-1"},"canonical":"https:\/\/maqtool.pt\/produto\/marteau-perforateur-gbh\/","og_locale":"fr_FR","og_type":"article","og_title":"Marteau perforateur GBH - MAQTOOL","og_description":"Perforateur Bosch SDS max pour une manipulation confortable dans de nombreuses applications  Contr\u00f4le des vibrations et conception l\u00e9g\u00e8re pour un travail continu sans effort dans des applications \u00e9tendues  Durable gr\u00e2ce \u00e0 des composants m\u00e9talliques robustes et \u00e0 un syst\u00e8me de lubrification optimis\u00e9  Le moteur puissant fournit 8,8 J d'\u00e9nergie d'impact pour un per\u00e7age rapide et une capacit\u00e9 de d\u00e9molition \u00e9lev\u00e9e","og_url":"https:\/\/maqtool.pt\/produto\/marteau-perforateur-gbh\/","og_site_name":"MAQTOOL","article_publisher":"https:\/\/www.facebook.com\/cobermaster","twitter_card":"summary_large_image","twitter_misc":{"Dur\u00e9e de lecture estim\u00e9e":"1 minute"},"schema":{"@context":"https:\/\/schema.org","@graph":[{"@type":"WebPage","@id":"https:\/\/maqtool.pt\/produto\/marteau-perforateur-gbh\/","url":"https:\/\/maqtool.pt\/produto\/marteau-perforateur-gbh\/","name":"Marteau perforateur GBH - MAQTOOL","isPartOf":{"@id":"https:\/\/maqtool.pt\/#website"},"primaryImageOfPage":{"@id":"https:\/\/maqtool.pt\/produto\/marteau-perforateur-gbh\/#primaryimage"},"image":{"@id":"https:\/\/maqtool.pt\/produto\/marteau-perforateur-gbh\/#primaryimage"},"thumbnailUrl":"https:\/\/maqtool.pt\/wp-content\/uploads\/2022\/10\/MAQ-0611264000-Martelo-Perfurador-GBH.jpg","datePublished":"2022-10-24T11:21:16+00:00","breadcrumb":{"@id":"https:\/\/maqtool.pt\/produto\/marteau-perforateur-gbh\/#breadcrumb"},"inLanguage":"fr-FR","potentialAction":[{"@type":"ReadAction","target":["https:\/\/maqtool.pt\/produto\/marteau-perforateur-gbh\/"]}]},{"@type":"ImageObject","inLanguage":"fr-FR","@id":"https:\/\/maqtool.pt\/produto\/marteau-perforateur-gbh\/#primaryimage","url":"https:\/\/maqtool.pt\/wp-content\/uploads\/2022\/10\/MAQ-0611264000-Martelo-Perfurador-GBH.jpg","contentUrl":"https:\/\/maqtool.pt\/wp-content\/uploads\/2022\/10\/MAQ-0611264000-Martelo-Perfurador-GBH.jpg","width":800,"height":800},{"@type":"BreadcrumbList","@id":"https:\/\/maqtool.pt\/produto\/marteau-perforateur-gbh\/#breadcrumb","itemListElement":[{"@type":"ListItem","position":1,"name":"In\u00edcio","item":"https:\/\/maqtool.pt\/fr\/home\/"},{"@type":"ListItem","position":2,"name":"Produtos","item":"https:\/\/maqtool.pt\/produtos\/"},{"@type":"ListItem","position":3,"name":"Marteau perforateur GBH"}]},{"@type":"WebSite","@id":"https:\/\/maqtool.pt\/#website","url":"https:\/\/maqtool.pt\/","name":"Cobermaster Industry","description":"","publisher":{"@id":"https:\/\/maqtool.pt\/#organization"},"potentialAction":[{"@type":"SearchAction","target":{"@type":"EntryPoint","urlTemplate":"https:\/\/maqtool.pt\/?s={search_term_string}"},"query-input":{"@type":"PropertyValueSpecification","valueRequired":true,"valueName":"search_term_string"}}],"inLanguage":"fr-FR"},{"@type":"Organization","@id":"https:\/\/maqtool.pt\/#organization","name":"MAQTOOL","url":"https:\/\/maqtool.pt\/","logo":{"@type":"ImageObject","inLanguage":"fr-FR","@id":"https:\/\/maqtool.pt\/#\/schema\/logo\/image\/","url":"https:\/\/maqtool.pt\/wp-content\/uploads\/2022\/09\/MAQTOOL-LOGO.jpg","contentUrl":"https:\/\/maqtool.pt\/wp-content\/uploads\/2022\/09\/MAQTOOL-LOGO.jpg","width":762,"height":228,"caption":"MAQTOOL"},"image":{"@id":"https:\/\/maqtool.pt\/#\/schema\/logo\/image\/"},"sameAs":["https:\/\/www.facebook.com\/cobermaster"]}]}},"uagb_featured_image_src":{"full":["https:\/\/maqtool.pt\/wp-content\/uploads\/2022\/10\/MAQ-0611264000-Martelo-Perfurador-GBH.jpg",800,800,false],"thumbnail":["https:\/\/maqtool.pt\/wp-content\/uploads\/2022\/10\/MAQ-0611264000-Martelo-Perfurador-GBH-150x150.jpg",150,150,true],"medium":["https:\/\/maqtool.pt\/wp-content\/uploads\/2022\/10\/MAQ-0611264000-Martelo-Perfurador-GBH-300x300.jpg",300,300,true],"medium_large":["https:\/\/maqtool.pt\/wp-content\/uploads\/2022\/10\/MAQ-0611264000-Martelo-Perfurador-GBH-768x768.jpg",768,768,true],"large":["https:\/\/maqtool.pt\/wp-content\/uploads\/2022\/10\/MAQ-0611264000-Martelo-Perfurador-GBH.jpg",800,800,false],"1536x1536":["https:\/\/maqtool.pt\/wp-content\/uploads\/2022\/10\/MAQ-0611264000-Martelo-Perfurador-GBH.jpg",800,800,false],"2048x2048":["https:\/\/maqtool.pt\/wp-content\/uploads\/2022\/10\/MAQ-0611264000-Martelo-Perfurador-GBH.jpg",800,800,false],"woocommerce_thumbnail":["https:\/\/maqtool.pt\/wp-content\/uploads\/2022\/10\/MAQ-0611264000-Martelo-Perfurador-GBH-400x400.jpg",400,400,true],"woocommerce_single":["https:\/\/maqtool.pt\/wp-content\/uploads\/2022\/10\/MAQ-0611264000-Martelo-Perfurador-GBH-600x600.jpg",600,600,true],"woocommerce_gallery_thumbnail":["https:\/\/maqtool.pt\/wp-content\/uploads\/2022\/10\/MAQ-0611264000-Martelo-Perfurador-GBH-100x100.jpg",100,100,true]},"uagb_author_info":{"display_name":"Jo\u00e3o Santos","author_link":"https:\/\/maqtool.pt\/fr\/author\/"},"uagb_comment_info":0,"uagb_excerpt":"Perforateur Bosch SDS max pour une manipulation confortable dans de nombreuses applications Contr\u00f4le des vibrations et conception l\u00e9g\u00e8re pour un travail continu sans effort dans des applications \u00e9tendues Durable gr\u00e2ce \u00e0 des composants m\u00e9talliques robustes et \u00e0 un syst\u00e8me de lubrification optimis\u00e9 Le moteur puissant fournit 8,8 J d'\u00e9nergie d'impact pour un per\u00e7age rapide et\u2026","_links":{"self":[{"href":"https:\/\/maqtool.pt\/fr\/wp-json\/wp\/v2\/product\/28809","targetHints":{"allow":["GET"]}}],"collection":[{"href":"https:\/\/maqtool.pt\/fr\/wp-json\/wp\/v2\/product"}],"about":[{"href":"https:\/\/maqtool.pt\/fr\/wp-json\/wp\/v2\/types\/product"}],"wp:featuredmedia":[{"embeddable":true,"href":"https:\/\/maqtool.pt\/fr\/wp-json\/wp\/v2\/media\/26542"}],"wp:attachment":[{"href":"https:\/\/maqtool.pt\/fr\/wp-json\/wp\/v2\/media?parent=28809"}],"wp:term":[{"taxonomy":"product_brand","embeddable":true,"href":"https:\/\/maqtool.pt\/fr\/wp-json\/wp\/v2\/product_brand?post=28809"},{"taxonomy":"product_cat","embeddable":true,"href":"https:\/\/maqtool.pt\/fr\/wp-json\/wp\/v2\/product_cat?post=28809"},{"taxonomy":"product_tag","embeddable":true,"href":"https:\/\/maqtool.pt\/fr\/wp-json\/wp\/v2\/product_tag?post=28809"}],"curies":[{"name":"wp","href":"https:\/\/api.w.org\/{rel}","templated":true}]}}