{"id":28813,"date":"2022-10-24T11:09:12","date_gmt":"2022-10-24T11:09:12","guid":{"rendered":"https:\/\/maqtool.pt\/produto\/marteau-brise-roche-gsh11e\/"},"modified":"2022-10-24T11:09:12","modified_gmt":"2022-10-24T11:09:12","slug":"disjoncteur-marteau-gsh11e","status":"publish","type":"product","link":"https:\/\/maqtool.pt\/fr\/produto\/disjoncteur-marteau-gsh11e\/","title":{"rendered":"Marteau brise-roche GSH11E"},"content":{"rendered":"<p><strong>donn\u00e9es techniques<\/strong><\/p>\n<p><strong>Puissance d&rsquo;entr\u00e9e nominale : 1 500 W<\/strong><br \/>\n<strong>\u00c9nergie d&rsquo;impact (selon EPTA05\/2016) : 16,8 J<\/strong><br \/>\n<strong>Nombre d&rsquo;impacts aux vitesses nominales : 900 \u2013 1 890 ipm<\/strong><br \/>\n<strong>Poids : 10,1 kg<\/strong><br \/>\n<strong>Porte-outil SDS max<\/strong><br \/>\n<strong>Dimensions du colis (largeur x longueur x hauteur) : 410 x 620 x 150 mm<\/strong><\/p>\n<p>&nbsp;<\/p>\n<p><strong>Valeurs totales des vibrations<\/strong><\/p>\n<p><strong>Valeur d&rsquo;\u00e9mission de vibrations ah : 18,5 m\/s\u00b2<\/strong><br \/>\n<strong>Incertitude K : 2 m\/s\u00b2<\/strong><\/p>\n","protected":false},"excerpt":{"rendered":"<h6 class=\"product-detail-stage__headline\">Le marteau marteau Bosch SDS max le plus puissant pour les travaux horizontaux<\/h6>\n<ul class=\"product-detail-stage__list a-list\">\n<li>Le moteur puissant fournit 16,8 J d&rsquo;\u00e9nergie d&rsquo;impact pour une capacit\u00e9 de d\u00e9molition \u00e9lev\u00e9e<\/li>\n<li>Tr\u00e8s durable gr\u00e2ce \u00e0 des composants extr\u00eamement robustes<\/li>\n<li>Conception compacte pour une maniabilit\u00e9 et une manipulation faciles<\/li>\n<\/ul>\n","protected":false},"featured_media":26537,"template":"","meta":{"_eb_attr":"","_uag_custom_page_level_css":"","site-sidebar-layout":"default","site-content-layout":"default","ast-site-content-layout":"default","site-content-style":"default","site-sidebar-style":"default","ast-global-header-display":"","ast-banner-title-visibility":"","ast-main-header-display":"","ast-hfb-above-header-display":"","ast-hfb-below-header-display":"","ast-hfb-mobile-header-display":"","site-post-title":"","ast-breadcrumbs-content":"","ast-featured-img":"","footer-sml-layout":"","ast-disable-related-posts":"","theme-transparent-header-meta":"default","adv-header-id-meta":"","stick-header-meta":"default","header-above-stick-meta":"","header-main-stick-meta":"","header-below-stick-meta":"","astra-migrate-meta-layouts":"default","ast-page-background-enabled":"default","ast-page-background-meta":{"desktop":{"background-color":"","background-image":"","background-repeat":"repeat","background-position":"center center","background-size":"auto","background-attachment":"scroll","background-type":"","background-media":"","overlay-type":"","overlay-color":"","overlay-opacity":"","overlay-gradient":""},"tablet":{"background-color":"","background-image":"","background-repeat":"repeat","background-position":"center center","background-size":"auto","background-attachment":"scroll","background-type":"","background-media":"","overlay-type":"","overlay-color":"","overlay-opacity":"","overlay-gradient":""},"mobile":{"background-color":"","background-image":"","background-repeat":"repeat","background-position":"center center","background-size":"auto","background-attachment":"scroll","background-type":"","background-media":"","overlay-type":"","overlay-color":"","overlay-opacity":"","overlay-gradient":""}},"ast-content-background-meta":{"desktop":{"background-color":"var(--ast-global-color-5)","background-image":"","background-repeat":"repeat","background-position":"center center","background-size":"auto","background-attachment":"scroll","background-type":"","background-media":"","overlay-type":"","overlay-color":"","overlay-opacity":"","overlay-gradient":""},"tablet":{"background-color":"var(--ast-global-color-5)","background-image":"","background-repeat":"repeat","background-position":"center center","background-size":"auto","background-attachment":"scroll","background-type":"","background-media":"","overlay-type":"","overlay-color":"","overlay-opacity":"","overlay-gradient":""},"mobile":{"background-color":"var(--ast-global-color-5)","background-image":"","background-repeat":"repeat","background-position":"center center","background-size":"auto","background-attachment":"scroll","background-type":"","background-media":"","overlay-type":"","overlay-color":"","overlay-opacity":"","overlay-gradient":""}}},"product_brand":[],"product_cat":[6777],"product_tag":[],"class_list":{"0":"post-28813","1":"product","2":"type-product","3":"status-publish","4":"has-post-thumbnail","6":"product_cat-outils-electriques","7":"desktop-align-center","8":"tablet-align-center","9":"mobile-align-center","10":"ast-product-gallery-layout-horizontal","11":"ast-product-gallery-with-no-image","12":"ast-product-tabs-layout-horizontal","14":"first","15":"onbackorder","16":"taxable","17":"shipping-taxable","18":"product-type-simple"},"acf":[],"yoast_head":"<!-- This site is optimized with the Yoast SEO plugin v27.2 - https:\/\/yoast.com\/product\/yoast-seo-wordpress\/ -->\n<title>Marteau brise-roche GSH11E - MAQTOOL<\/title>\n<meta name=\"robots\" content=\"index, follow, max-snippet:-1, max-image-preview:large, max-video-preview:-1\" \/>\n<link rel=\"canonical\" href=\"https:\/\/maqtool.pt\/produto\/marteau-brise-roche-gsh11e\/\" \/>\n<meta property=\"og:locale\" content=\"fr_FR\" \/>\n<meta property=\"og:type\" content=\"article\" \/>\n<meta property=\"og:title\" content=\"Marteau brise-roche GSH11E - MAQTOOL\" \/>\n<meta property=\"og:description\" content=\"Le marteau marteau Bosch SDS max le plus puissant pour les travaux horizontaux  Le moteur puissant fournit 16,8 J d&#039;\u00e9nergie d&#039;impact pour une capacit\u00e9 de d\u00e9molition \u00e9lev\u00e9e  Tr\u00e8s durable gr\u00e2ce \u00e0 des composants extr\u00eamement robustes  Conception compacte pour une maniabilit\u00e9 et une manipulation faciles\" \/>\n<meta property=\"og:url\" content=\"https:\/\/maqtool.pt\/produto\/marteau-brise-roche-gsh11e\/\" \/>\n<meta property=\"og:site_name\" content=\"MAQTOOL\" \/>\n<meta property=\"article:publisher\" content=\"https:\/\/www.facebook.com\/cobermaster\" \/>\n<meta name=\"twitter:card\" content=\"summary_large_image\" \/>\n<script type=\"application\/ld+json\" class=\"yoast-schema-graph\">{\"@context\":\"https:\/\/schema.org\",\"@graph\":[{\"@type\":\"WebPage\",\"@id\":\"https:\/\/maqtool.pt\/produto\/marteau-brise-roche-gsh11e\/\",\"url\":\"https:\/\/maqtool.pt\/produto\/marteau-brise-roche-gsh11e\/\",\"name\":\"Marteau brise-roche GSH11E - MAQTOOL\",\"isPartOf\":{\"@id\":\"https:\/\/maqtool.pt\/#website\"},\"primaryImageOfPage\":{\"@id\":\"https:\/\/maqtool.pt\/produto\/marteau-brise-roche-gsh11e\/#primaryimage\"},\"image\":{\"@id\":\"https:\/\/maqtool.pt\/produto\/marteau-brise-roche-gsh11e\/#primaryimage\"},\"thumbnailUrl\":\"https:\/\/maqtool.pt\/wp-content\/uploads\/2022\/10\/MAQ-0611316703-Martelo-Demolidor-GSH11E.jpg\",\"datePublished\":\"2022-10-24T11:09:12+00:00\",\"breadcrumb\":{\"@id\":\"https:\/\/maqtool.pt\/produto\/marteau-brise-roche-gsh11e\/#breadcrumb\"},\"inLanguage\":\"fr-FR\",\"potentialAction\":[{\"@type\":\"ReadAction\",\"target\":[\"https:\/\/maqtool.pt\/produto\/marteau-brise-roche-gsh11e\/\"]}]},{\"@type\":\"ImageObject\",\"inLanguage\":\"fr-FR\",\"@id\":\"https:\/\/maqtool.pt\/produto\/marteau-brise-roche-gsh11e\/#primaryimage\",\"url\":\"https:\/\/maqtool.pt\/wp-content\/uploads\/2022\/10\/MAQ-0611316703-Martelo-Demolidor-GSH11E.jpg\",\"contentUrl\":\"https:\/\/maqtool.pt\/wp-content\/uploads\/2022\/10\/MAQ-0611316703-Martelo-Demolidor-GSH11E.jpg\",\"width\":800,\"height\":800},{\"@type\":\"BreadcrumbList\",\"@id\":\"https:\/\/maqtool.pt\/produto\/marteau-brise-roche-gsh11e\/#breadcrumb\",\"itemListElement\":[{\"@type\":\"ListItem\",\"position\":1,\"name\":\"In\u00edcio\",\"item\":\"https:\/\/maqtool.pt\/fr\/home\/\"},{\"@type\":\"ListItem\",\"position\":2,\"name\":\"Produtos\",\"item\":\"https:\/\/maqtool.pt\/produtos\/\"},{\"@type\":\"ListItem\",\"position\":3,\"name\":\"Marteau brise-roche GSH11E\"}]},{\"@type\":\"WebSite\",\"@id\":\"https:\/\/maqtool.pt\/#website\",\"url\":\"https:\/\/maqtool.pt\/\",\"name\":\"Cobermaster Industry\",\"description\":\"\",\"publisher\":{\"@id\":\"https:\/\/maqtool.pt\/#organization\"},\"potentialAction\":[{\"@type\":\"SearchAction\",\"target\":{\"@type\":\"EntryPoint\",\"urlTemplate\":\"https:\/\/maqtool.pt\/?s={search_term_string}\"},\"query-input\":{\"@type\":\"PropertyValueSpecification\",\"valueRequired\":true,\"valueName\":\"search_term_string\"}}],\"inLanguage\":\"fr-FR\"},{\"@type\":\"Organization\",\"@id\":\"https:\/\/maqtool.pt\/#organization\",\"name\":\"MAQTOOL\",\"url\":\"https:\/\/maqtool.pt\/\",\"logo\":{\"@type\":\"ImageObject\",\"inLanguage\":\"fr-FR\",\"@id\":\"https:\/\/maqtool.pt\/#\/schema\/logo\/image\/\",\"url\":\"https:\/\/maqtool.pt\/wp-content\/uploads\/2022\/09\/MAQTOOL-LOGO.jpg\",\"contentUrl\":\"https:\/\/maqtool.pt\/wp-content\/uploads\/2022\/09\/MAQTOOL-LOGO.jpg\",\"width\":762,\"height\":228,\"caption\":\"MAQTOOL\"},\"image\":{\"@id\":\"https:\/\/maqtool.pt\/#\/schema\/logo\/image\/\"},\"sameAs\":[\"https:\/\/www.facebook.com\/cobermaster\"]}]}<\/script>\n<!-- \/ Yoast SEO plugin. -->","yoast_head_json":{"title":"Marteau brise-roche GSH11E - MAQTOOL","robots":{"index":"index","follow":"follow","max-snippet":"max-snippet:-1","max-image-preview":"max-image-preview:large","max-video-preview":"max-video-preview:-1"},"canonical":"https:\/\/maqtool.pt\/produto\/marteau-brise-roche-gsh11e\/","og_locale":"fr_FR","og_type":"article","og_title":"Marteau brise-roche GSH11E - MAQTOOL","og_description":"Le marteau marteau Bosch SDS max le plus puissant pour les travaux horizontaux  Le moteur puissant fournit 16,8 J d'\u00e9nergie d'impact pour une capacit\u00e9 de d\u00e9molition \u00e9lev\u00e9e  Tr\u00e8s durable gr\u00e2ce \u00e0 des composants extr\u00eamement robustes  Conception compacte pour une maniabilit\u00e9 et une manipulation faciles","og_url":"https:\/\/maqtool.pt\/produto\/marteau-brise-roche-gsh11e\/","og_site_name":"MAQTOOL","article_publisher":"https:\/\/www.facebook.com\/cobermaster","twitter_card":"summary_large_image","schema":{"@context":"https:\/\/schema.org","@graph":[{"@type":"WebPage","@id":"https:\/\/maqtool.pt\/produto\/marteau-brise-roche-gsh11e\/","url":"https:\/\/maqtool.pt\/produto\/marteau-brise-roche-gsh11e\/","name":"Marteau brise-roche GSH11E - MAQTOOL","isPartOf":{"@id":"https:\/\/maqtool.pt\/#website"},"primaryImageOfPage":{"@id":"https:\/\/maqtool.pt\/produto\/marteau-brise-roche-gsh11e\/#primaryimage"},"image":{"@id":"https:\/\/maqtool.pt\/produto\/marteau-brise-roche-gsh11e\/#primaryimage"},"thumbnailUrl":"https:\/\/maqtool.pt\/wp-content\/uploads\/2022\/10\/MAQ-0611316703-Martelo-Demolidor-GSH11E.jpg","datePublished":"2022-10-24T11:09:12+00:00","breadcrumb":{"@id":"https:\/\/maqtool.pt\/produto\/marteau-brise-roche-gsh11e\/#breadcrumb"},"inLanguage":"fr-FR","potentialAction":[{"@type":"ReadAction","target":["https:\/\/maqtool.pt\/produto\/marteau-brise-roche-gsh11e\/"]}]},{"@type":"ImageObject","inLanguage":"fr-FR","@id":"https:\/\/maqtool.pt\/produto\/marteau-brise-roche-gsh11e\/#primaryimage","url":"https:\/\/maqtool.pt\/wp-content\/uploads\/2022\/10\/MAQ-0611316703-Martelo-Demolidor-GSH11E.jpg","contentUrl":"https:\/\/maqtool.pt\/wp-content\/uploads\/2022\/10\/MAQ-0611316703-Martelo-Demolidor-GSH11E.jpg","width":800,"height":800},{"@type":"BreadcrumbList","@id":"https:\/\/maqtool.pt\/produto\/marteau-brise-roche-gsh11e\/#breadcrumb","itemListElement":[{"@type":"ListItem","position":1,"name":"In\u00edcio","item":"https:\/\/maqtool.pt\/fr\/home\/"},{"@type":"ListItem","position":2,"name":"Produtos","item":"https:\/\/maqtool.pt\/produtos\/"},{"@type":"ListItem","position":3,"name":"Marteau brise-roche GSH11E"}]},{"@type":"WebSite","@id":"https:\/\/maqtool.pt\/#website","url":"https:\/\/maqtool.pt\/","name":"Cobermaster Industry","description":"","publisher":{"@id":"https:\/\/maqtool.pt\/#organization"},"potentialAction":[{"@type":"SearchAction","target":{"@type":"EntryPoint","urlTemplate":"https:\/\/maqtool.pt\/?s={search_term_string}"},"query-input":{"@type":"PropertyValueSpecification","valueRequired":true,"valueName":"search_term_string"}}],"inLanguage":"fr-FR"},{"@type":"Organization","@id":"https:\/\/maqtool.pt\/#organization","name":"MAQTOOL","url":"https:\/\/maqtool.pt\/","logo":{"@type":"ImageObject","inLanguage":"fr-FR","@id":"https:\/\/maqtool.pt\/#\/schema\/logo\/image\/","url":"https:\/\/maqtool.pt\/wp-content\/uploads\/2022\/09\/MAQTOOL-LOGO.jpg","contentUrl":"https:\/\/maqtool.pt\/wp-content\/uploads\/2022\/09\/MAQTOOL-LOGO.jpg","width":762,"height":228,"caption":"MAQTOOL"},"image":{"@id":"https:\/\/maqtool.pt\/#\/schema\/logo\/image\/"},"sameAs":["https:\/\/www.facebook.com\/cobermaster"]}]}},"uagb_featured_image_src":{"full":["https:\/\/maqtool.pt\/wp-content\/uploads\/2022\/10\/MAQ-0611316703-Martelo-Demolidor-GSH11E.jpg",800,800,false],"thumbnail":["https:\/\/maqtool.pt\/wp-content\/uploads\/2022\/10\/MAQ-0611316703-Martelo-Demolidor-GSH11E-150x150.jpg",150,150,true],"medium":["https:\/\/maqtool.pt\/wp-content\/uploads\/2022\/10\/MAQ-0611316703-Martelo-Demolidor-GSH11E-300x300.jpg",300,300,true],"medium_large":["https:\/\/maqtool.pt\/wp-content\/uploads\/2022\/10\/MAQ-0611316703-Martelo-Demolidor-GSH11E-768x768.jpg",768,768,true],"large":["https:\/\/maqtool.pt\/wp-content\/uploads\/2022\/10\/MAQ-0611316703-Martelo-Demolidor-GSH11E.jpg",800,800,false],"1536x1536":["https:\/\/maqtool.pt\/wp-content\/uploads\/2022\/10\/MAQ-0611316703-Martelo-Demolidor-GSH11E.jpg",800,800,false],"2048x2048":["https:\/\/maqtool.pt\/wp-content\/uploads\/2022\/10\/MAQ-0611316703-Martelo-Demolidor-GSH11E.jpg",800,800,false],"woocommerce_thumbnail":["https:\/\/maqtool.pt\/wp-content\/uploads\/2022\/10\/MAQ-0611316703-Martelo-Demolidor-GSH11E-400x400.jpg",400,400,true],"woocommerce_single":["https:\/\/maqtool.pt\/wp-content\/uploads\/2022\/10\/MAQ-0611316703-Martelo-Demolidor-GSH11E-600x600.jpg",600,600,true],"woocommerce_gallery_thumbnail":["https:\/\/maqtool.pt\/wp-content\/uploads\/2022\/10\/MAQ-0611316703-Martelo-Demolidor-GSH11E-100x100.jpg",100,100,true]},"uagb_author_info":{"display_name":"Jo\u00e3o Santos","author_link":"https:\/\/maqtool.pt\/fr\/author\/"},"uagb_comment_info":0,"uagb_excerpt":"Le marteau marteau Bosch SDS max le plus puissant pour les travaux horizontaux Le moteur puissant fournit 16,8 J d'\u00e9nergie d'impact pour une capacit\u00e9 de d\u00e9molition \u00e9lev\u00e9e Tr\u00e8s durable gr\u00e2ce \u00e0 des composants extr\u00eamement robustes Conception compacte pour une maniabilit\u00e9 et une manipulation faciles","_links":{"self":[{"href":"https:\/\/maqtool.pt\/fr\/wp-json\/wp\/v2\/product\/28813","targetHints":{"allow":["GET"]}}],"collection":[{"href":"https:\/\/maqtool.pt\/fr\/wp-json\/wp\/v2\/product"}],"about":[{"href":"https:\/\/maqtool.pt\/fr\/wp-json\/wp\/v2\/types\/product"}],"wp:featuredmedia":[{"embeddable":true,"href":"https:\/\/maqtool.pt\/fr\/wp-json\/wp\/v2\/media\/26537"}],"wp:attachment":[{"href":"https:\/\/maqtool.pt\/fr\/wp-json\/wp\/v2\/media?parent=28813"}],"wp:term":[{"taxonomy":"product_brand","embeddable":true,"href":"https:\/\/maqtool.pt\/fr\/wp-json\/wp\/v2\/product_brand?post=28813"},{"taxonomy":"product_cat","embeddable":true,"href":"https:\/\/maqtool.pt\/fr\/wp-json\/wp\/v2\/product_cat?post=28813"},{"taxonomy":"product_tag","embeddable":true,"href":"https:\/\/maqtool.pt\/fr\/wp-json\/wp\/v2\/product_tag?post=28813"}],"curies":[{"name":"wp","href":"https:\/\/api.w.org\/{rel}","templated":true}]}}