{"id":28816,"date":"2022-10-24T15:14:08","date_gmt":"2022-10-24T15:14:08","guid":{"rendered":"https:\/\/maqtool.pt\/produto\/metre-ruban-bimateria-tylon-8mt\/"},"modified":"2022-10-24T15:14:08","modified_gmt":"2022-10-24T15:14:08","slug":"metre-ruban-bimatiere-tylon-8mt","status":"publish","type":"product","link":"https:\/\/maqtool.pt\/fr\/produto\/metre-ruban-bimatiere-tylon-8mt\/","title":{"rendered":"M\u00e8tre ruban BIMATERIA TYLON\u2122 &#8211; 8MT"},"content":{"rendered":"<ul class=\"feat_and_ben\">\n<li>Flexom\u00e8tre \u00e0 ruban en acier ultra-r\u00e9sistant avec rev\u00eatement Tylon\u2122 qui augmente la dur\u00e9e de vie de la lame jusqu&rsquo;\u00e0 50 %. Rev\u00eatement de ruban adh\u00e9sif mat pour une lecture facile et sans \u00e9blouissement. Conception de bo\u00eete compacte avec une forme ergonomique, un confort maximal et une manipulation facile. Haute r\u00e9sistance aux chocs gr\u00e2ce au bo\u00eetier profil\u00e9 100% caoutchouc qui prot\u00e8ge le ruban.<\/li>\n<\/ul>\n","protected":false},"excerpt":{"rendered":"<ul>\n<li>Flexom\u00e8tre \u00e0 ruban en acier ultra-r\u00e9sistant avec rev\u00eatement Tylon\u2122 qui augmente la dur\u00e9e de vie de la lame jusqu&rsquo;\u00e0 50 %. Rev\u00eatement de ruban adh\u00e9sif mat pour une lecture facile et sans \u00e9blouissement. Conception de bo\u00eete compacte avec une forme ergonomique, un confort maximal et une manipulation facile. Haute r\u00e9sistance aux chocs gr\u00e2ce au bo\u00eetier profil\u00e9 100% caoutchouc qui prot\u00e8ge le ruban.<\/li>\n<\/ul>\n","protected":false},"featured_media":26658,"template":"","meta":{"_eb_attr":"","_uag_custom_page_level_css":"","site-sidebar-layout":"default","site-content-layout":"default","ast-site-content-layout":"default","site-content-style":"default","site-sidebar-style":"default","ast-global-header-display":"","ast-banner-title-visibility":"","ast-main-header-display":"","ast-hfb-above-header-display":"","ast-hfb-below-header-display":"","ast-hfb-mobile-header-display":"","site-post-title":"","ast-breadcrumbs-content":"","ast-featured-img":"","footer-sml-layout":"","ast-disable-related-posts":"","theme-transparent-header-meta":"default","adv-header-id-meta":"","stick-header-meta":"default","header-above-stick-meta":"","header-main-stick-meta":"","header-below-stick-meta":"","astra-migrate-meta-layouts":"default","ast-page-background-enabled":"default","ast-page-background-meta":{"desktop":{"background-color":"","background-image":"","background-repeat":"repeat","background-position":"center center","background-size":"auto","background-attachment":"scroll","background-type":"","background-media":"","overlay-type":"","overlay-color":"","overlay-opacity":"","overlay-gradient":""},"tablet":{"background-color":"","background-image":"","background-repeat":"repeat","background-position":"center center","background-size":"auto","background-attachment":"scroll","background-type":"","background-media":"","overlay-type":"","overlay-color":"","overlay-opacity":"","overlay-gradient":""},"mobile":{"background-color":"","background-image":"","background-repeat":"repeat","background-position":"center center","background-size":"auto","background-attachment":"scroll","background-type":"","background-media":"","overlay-type":"","overlay-color":"","overlay-opacity":"","overlay-gradient":""}},"ast-content-background-meta":{"desktop":{"background-color":"var(--ast-global-color-5)","background-image":"","background-repeat":"repeat","background-position":"center center","background-size":"auto","background-attachment":"scroll","background-type":"","background-media":"","overlay-type":"","overlay-color":"","overlay-opacity":"","overlay-gradient":""},"tablet":{"background-color":"var(--ast-global-color-5)","background-image":"","background-repeat":"repeat","background-position":"center center","background-size":"auto","background-attachment":"scroll","background-type":"","background-media":"","overlay-type":"","overlay-color":"","overlay-opacity":"","overlay-gradient":""},"mobile":{"background-color":"var(--ast-global-color-5)","background-image":"","background-repeat":"repeat","background-position":"center center","background-size":"auto","background-attachment":"scroll","background-type":"","background-media":"","overlay-type":"","overlay-color":"","overlay-opacity":"","overlay-gradient":""}}},"product_brand":[],"product_cat":[5081,5149],"product_tag":[],"class_list":{"0":"post-28816","1":"product","2":"type-product","3":"status-publish","4":"has-post-thumbnail","6":"product_cat-outillage-et-accessoires","7":"product_cat-kits-doutils","8":"desktop-align-center","9":"tablet-align-center","10":"mobile-align-center","11":"ast-product-gallery-layout-horizontal","12":"ast-product-gallery-with-no-image","13":"ast-product-tabs-layout-horizontal","15":"first","16":"onbackorder","17":"taxable","18":"shipping-taxable","19":"product-type-simple"},"acf":[],"yoast_head":"<!-- This site is optimized with the Yoast SEO plugin v27.3 - https:\/\/yoast.com\/product\/yoast-seo-wordpress\/ -->\n<title>M\u00e8tre ruban BIMATERIA TYLON\u2122 - 8MT - MAQTOOL<\/title>\n<meta name=\"robots\" content=\"index, follow, max-snippet:-1, max-image-preview:large, max-video-preview:-1\" \/>\n<link rel=\"canonical\" href=\"https:\/\/maqtool.pt\/produto\/metre-ruban-bimateria-tylon-8mt\/\" \/>\n<meta property=\"og:locale\" content=\"fr_FR\" \/>\n<meta property=\"og:type\" content=\"article\" \/>\n<meta property=\"og:title\" content=\"M\u00e8tre ruban BIMATERIA TYLON\u2122 - 8MT - MAQTOOL\" \/>\n<meta property=\"og:description\" content=\"Flexom\u00e8tre \u00e0 ruban en acier ultra-r\u00e9sistant avec rev\u00eatement Tylon\u2122 qui augmente la dur\u00e9e de vie de la lame jusqu&#039;\u00e0 50 %. Rev\u00eatement de ruban adh\u00e9sif mat pour une lecture facile et sans \u00e9blouissement. Conception de bo\u00eete compacte avec une forme ergonomique, un confort maximal et une manipulation facile. Haute r\u00e9sistance aux chocs gr\u00e2ce au bo\u00eetier profil\u00e9 100% caoutchouc qui prot\u00e8ge le ruban.\" \/>\n<meta property=\"og:url\" content=\"https:\/\/maqtool.pt\/produto\/metre-ruban-bimateria-tylon-8mt\/\" \/>\n<meta property=\"og:site_name\" content=\"MAQTOOL\" \/>\n<meta property=\"article:publisher\" content=\"https:\/\/www.facebook.com\/cobermaster\" \/>\n<meta name=\"twitter:card\" content=\"summary_large_image\" \/>\n<script type=\"application\/ld+json\" class=\"yoast-schema-graph\">{\"@context\":\"https:\\\/\\\/schema.org\",\"@graph\":[{\"@type\":\"WebPage\",\"@id\":\"https:\\\/\\\/maqtool.pt\\\/produto\\\/metre-ruban-bimateria-tylon-8mt\\\/\",\"url\":\"https:\\\/\\\/maqtool.pt\\\/produto\\\/metre-ruban-bimateria-tylon-8mt\\\/\",\"name\":\"M\u00e8tre ruban BIMATERIA TYLON\u2122 - 8MT - MAQTOOL\",\"isPartOf\":{\"@id\":\"https:\\\/\\\/maqtool.pt\\\/#website\"},\"primaryImageOfPage\":{\"@id\":\"https:\\\/\\\/maqtool.pt\\\/produto\\\/metre-ruban-bimateria-tylon-8mt\\\/#primaryimage\"},\"image\":{\"@id\":\"https:\\\/\\\/maqtool.pt\\\/produto\\\/metre-ruban-bimateria-tylon-8mt\\\/#primaryimage\"},\"thumbnailUrl\":\"https:\\\/\\\/maqtool.pt\\\/wp-content\\\/uploads\\\/2022\\\/10\\\/MAQ-1-30-657-Fita-Metrica-8MT.jpg\",\"datePublished\":\"2022-10-24T15:14:08+00:00\",\"breadcrumb\":{\"@id\":\"https:\\\/\\\/maqtool.pt\\\/produto\\\/metre-ruban-bimateria-tylon-8mt\\\/#breadcrumb\"},\"inLanguage\":\"fr-FR\",\"potentialAction\":[{\"@type\":\"ReadAction\",\"target\":[\"https:\\\/\\\/maqtool.pt\\\/produto\\\/metre-ruban-bimateria-tylon-8mt\\\/\"]}]},{\"@type\":\"ImageObject\",\"inLanguage\":\"fr-FR\",\"@id\":\"https:\\\/\\\/maqtool.pt\\\/produto\\\/metre-ruban-bimateria-tylon-8mt\\\/#primaryimage\",\"url\":\"https:\\\/\\\/maqtool.pt\\\/wp-content\\\/uploads\\\/2022\\\/10\\\/MAQ-1-30-657-Fita-Metrica-8MT.jpg\",\"contentUrl\":\"https:\\\/\\\/maqtool.pt\\\/wp-content\\\/uploads\\\/2022\\\/10\\\/MAQ-1-30-657-Fita-Metrica-8MT.jpg\",\"width\":800,\"height\":800},{\"@type\":\"BreadcrumbList\",\"@id\":\"https:\\\/\\\/maqtool.pt\\\/produto\\\/metre-ruban-bimateria-tylon-8mt\\\/#breadcrumb\",\"itemListElement\":[{\"@type\":\"ListItem\",\"position\":1,\"name\":\"In\u00edcio\",\"item\":\"https:\\\/\\\/maqtool.pt\\\/fr\\\/home\\\/\"},{\"@type\":\"ListItem\",\"position\":2,\"name\":\"Produtos\",\"item\":\"https:\\\/\\\/maqtool.pt\\\/produtos\\\/\"},{\"@type\":\"ListItem\",\"position\":3,\"name\":\"M\u00e8tre ruban BIMATERIA TYLON\u2122 &#8211; 8MT\"}]},{\"@type\":\"WebSite\",\"@id\":\"https:\\\/\\\/maqtool.pt\\\/#website\",\"url\":\"https:\\\/\\\/maqtool.pt\\\/\",\"name\":\"Cobermaster Industry\",\"description\":\"\",\"publisher\":{\"@id\":\"https:\\\/\\\/maqtool.pt\\\/#organization\"},\"potentialAction\":[{\"@type\":\"SearchAction\",\"target\":{\"@type\":\"EntryPoint\",\"urlTemplate\":\"https:\\\/\\\/maqtool.pt\\\/?s={search_term_string}\"},\"query-input\":{\"@type\":\"PropertyValueSpecification\",\"valueRequired\":true,\"valueName\":\"search_term_string\"}}],\"inLanguage\":\"fr-FR\"},{\"@type\":\"Organization\",\"@id\":\"https:\\\/\\\/maqtool.pt\\\/#organization\",\"name\":\"MAQTOOL\",\"url\":\"https:\\\/\\\/maqtool.pt\\\/\",\"logo\":{\"@type\":\"ImageObject\",\"inLanguage\":\"fr-FR\",\"@id\":\"https:\\\/\\\/maqtool.pt\\\/#\\\/schema\\\/logo\\\/image\\\/\",\"url\":\"https:\\\/\\\/maqtool.pt\\\/wp-content\\\/uploads\\\/2022\\\/09\\\/MAQTOOL-LOGO.jpg\",\"contentUrl\":\"https:\\\/\\\/maqtool.pt\\\/wp-content\\\/uploads\\\/2022\\\/09\\\/MAQTOOL-LOGO.jpg\",\"width\":762,\"height\":228,\"caption\":\"MAQTOOL\"},\"image\":{\"@id\":\"https:\\\/\\\/maqtool.pt\\\/#\\\/schema\\\/logo\\\/image\\\/\"},\"sameAs\":[\"https:\\\/\\\/www.facebook.com\\\/cobermaster\"]}]}<\/script>\n<!-- \/ Yoast SEO plugin. -->","yoast_head_json":{"title":"M\u00e8tre ruban BIMATERIA TYLON\u2122 - 8MT - MAQTOOL","robots":{"index":"index","follow":"follow","max-snippet":"max-snippet:-1","max-image-preview":"max-image-preview:large","max-video-preview":"max-video-preview:-1"},"canonical":"https:\/\/maqtool.pt\/produto\/metre-ruban-bimateria-tylon-8mt\/","og_locale":"fr_FR","og_type":"article","og_title":"M\u00e8tre ruban BIMATERIA TYLON\u2122 - 8MT - MAQTOOL","og_description":"Flexom\u00e8tre \u00e0 ruban en acier ultra-r\u00e9sistant avec rev\u00eatement Tylon\u2122 qui augmente la dur\u00e9e de vie de la lame jusqu'\u00e0 50 %. Rev\u00eatement de ruban adh\u00e9sif mat pour une lecture facile et sans \u00e9blouissement. Conception de bo\u00eete compacte avec une forme ergonomique, un confort maximal et une manipulation facile. Haute r\u00e9sistance aux chocs gr\u00e2ce au bo\u00eetier profil\u00e9 100% caoutchouc qui prot\u00e8ge le ruban.","og_url":"https:\/\/maqtool.pt\/produto\/metre-ruban-bimateria-tylon-8mt\/","og_site_name":"MAQTOOL","article_publisher":"https:\/\/www.facebook.com\/cobermaster","twitter_card":"summary_large_image","schema":{"@context":"https:\/\/schema.org","@graph":[{"@type":"WebPage","@id":"https:\/\/maqtool.pt\/produto\/metre-ruban-bimateria-tylon-8mt\/","url":"https:\/\/maqtool.pt\/produto\/metre-ruban-bimateria-tylon-8mt\/","name":"M\u00e8tre ruban BIMATERIA TYLON\u2122 - 8MT - MAQTOOL","isPartOf":{"@id":"https:\/\/maqtool.pt\/#website"},"primaryImageOfPage":{"@id":"https:\/\/maqtool.pt\/produto\/metre-ruban-bimateria-tylon-8mt\/#primaryimage"},"image":{"@id":"https:\/\/maqtool.pt\/produto\/metre-ruban-bimateria-tylon-8mt\/#primaryimage"},"thumbnailUrl":"https:\/\/maqtool.pt\/wp-content\/uploads\/2022\/10\/MAQ-1-30-657-Fita-Metrica-8MT.jpg","datePublished":"2022-10-24T15:14:08+00:00","breadcrumb":{"@id":"https:\/\/maqtool.pt\/produto\/metre-ruban-bimateria-tylon-8mt\/#breadcrumb"},"inLanguage":"fr-FR","potentialAction":[{"@type":"ReadAction","target":["https:\/\/maqtool.pt\/produto\/metre-ruban-bimateria-tylon-8mt\/"]}]},{"@type":"ImageObject","inLanguage":"fr-FR","@id":"https:\/\/maqtool.pt\/produto\/metre-ruban-bimateria-tylon-8mt\/#primaryimage","url":"https:\/\/maqtool.pt\/wp-content\/uploads\/2022\/10\/MAQ-1-30-657-Fita-Metrica-8MT.jpg","contentUrl":"https:\/\/maqtool.pt\/wp-content\/uploads\/2022\/10\/MAQ-1-30-657-Fita-Metrica-8MT.jpg","width":800,"height":800},{"@type":"BreadcrumbList","@id":"https:\/\/maqtool.pt\/produto\/metre-ruban-bimateria-tylon-8mt\/#breadcrumb","itemListElement":[{"@type":"ListItem","position":1,"name":"In\u00edcio","item":"https:\/\/maqtool.pt\/fr\/home\/"},{"@type":"ListItem","position":2,"name":"Produtos","item":"https:\/\/maqtool.pt\/produtos\/"},{"@type":"ListItem","position":3,"name":"M\u00e8tre ruban BIMATERIA TYLON\u2122 &#8211; 8MT"}]},{"@type":"WebSite","@id":"https:\/\/maqtool.pt\/#website","url":"https:\/\/maqtool.pt\/","name":"Cobermaster Industry","description":"","publisher":{"@id":"https:\/\/maqtool.pt\/#organization"},"potentialAction":[{"@type":"SearchAction","target":{"@type":"EntryPoint","urlTemplate":"https:\/\/maqtool.pt\/?s={search_term_string}"},"query-input":{"@type":"PropertyValueSpecification","valueRequired":true,"valueName":"search_term_string"}}],"inLanguage":"fr-FR"},{"@type":"Organization","@id":"https:\/\/maqtool.pt\/#organization","name":"MAQTOOL","url":"https:\/\/maqtool.pt\/","logo":{"@type":"ImageObject","inLanguage":"fr-FR","@id":"https:\/\/maqtool.pt\/#\/schema\/logo\/image\/","url":"https:\/\/maqtool.pt\/wp-content\/uploads\/2022\/09\/MAQTOOL-LOGO.jpg","contentUrl":"https:\/\/maqtool.pt\/wp-content\/uploads\/2022\/09\/MAQTOOL-LOGO.jpg","width":762,"height":228,"caption":"MAQTOOL"},"image":{"@id":"https:\/\/maqtool.pt\/#\/schema\/logo\/image\/"},"sameAs":["https:\/\/www.facebook.com\/cobermaster"]}]}},"uagb_featured_image_src":{"full":["https:\/\/maqtool.pt\/wp-content\/uploads\/2022\/10\/MAQ-1-30-657-Fita-Metrica-8MT.jpg",800,800,false],"thumbnail":["https:\/\/maqtool.pt\/wp-content\/uploads\/2022\/10\/MAQ-1-30-657-Fita-Metrica-8MT-150x150.jpg",150,150,true],"medium":["https:\/\/maqtool.pt\/wp-content\/uploads\/2022\/10\/MAQ-1-30-657-Fita-Metrica-8MT-300x300.jpg",300,300,true],"medium_large":["https:\/\/maqtool.pt\/wp-content\/uploads\/2022\/10\/MAQ-1-30-657-Fita-Metrica-8MT-768x768.jpg",768,768,true],"large":["https:\/\/maqtool.pt\/wp-content\/uploads\/2022\/10\/MAQ-1-30-657-Fita-Metrica-8MT.jpg",800,800,false],"1536x1536":["https:\/\/maqtool.pt\/wp-content\/uploads\/2022\/10\/MAQ-1-30-657-Fita-Metrica-8MT.jpg",800,800,false],"2048x2048":["https:\/\/maqtool.pt\/wp-content\/uploads\/2022\/10\/MAQ-1-30-657-Fita-Metrica-8MT.jpg",800,800,false],"woocommerce_thumbnail":["https:\/\/maqtool.pt\/wp-content\/uploads\/2022\/10\/MAQ-1-30-657-Fita-Metrica-8MT-400x400.jpg",400,400,true],"woocommerce_single":["https:\/\/maqtool.pt\/wp-content\/uploads\/2022\/10\/MAQ-1-30-657-Fita-Metrica-8MT-600x600.jpg",600,600,true],"woocommerce_gallery_thumbnail":["https:\/\/maqtool.pt\/wp-content\/uploads\/2022\/10\/MAQ-1-30-657-Fita-Metrica-8MT-100x100.jpg",100,100,true]},"uagb_author_info":{"display_name":"Jo\u00e3o Santos","author_link":"https:\/\/maqtool.pt\/fr\/author\/"},"uagb_comment_info":0,"uagb_excerpt":"Flexom\u00e8tre \u00e0 ruban en acier ultra-r\u00e9sistant avec rev\u00eatement Tylon\u2122 qui augmente la dur\u00e9e de vie de la lame jusqu'\u00e0 50 %. Rev\u00eatement de ruban adh\u00e9sif mat pour une lecture facile et sans \u00e9blouissement. Conception de bo\u00eete compacte avec une forme ergonomique, un confort maximal et une manipulation facile. Haute r\u00e9sistance aux chocs gr\u00e2ce au bo\u00eetier\u2026","_links":{"self":[{"href":"https:\/\/maqtool.pt\/fr\/wp-json\/wp\/v2\/product\/28816","targetHints":{"allow":["GET"]}}],"collection":[{"href":"https:\/\/maqtool.pt\/fr\/wp-json\/wp\/v2\/product"}],"about":[{"href":"https:\/\/maqtool.pt\/fr\/wp-json\/wp\/v2\/types\/product"}],"wp:featuredmedia":[{"embeddable":true,"href":"https:\/\/maqtool.pt\/fr\/wp-json\/wp\/v2\/media\/26658"}],"wp:attachment":[{"href":"https:\/\/maqtool.pt\/fr\/wp-json\/wp\/v2\/media?parent=28816"}],"wp:term":[{"taxonomy":"product_brand","embeddable":true,"href":"https:\/\/maqtool.pt\/fr\/wp-json\/wp\/v2\/product_brand?post=28816"},{"taxonomy":"product_cat","embeddable":true,"href":"https:\/\/maqtool.pt\/fr\/wp-json\/wp\/v2\/product_cat?post=28816"},{"taxonomy":"product_tag","embeddable":true,"href":"https:\/\/maqtool.pt\/fr\/wp-json\/wp\/v2\/product_tag?post=28816"}],"curies":[{"name":"wp","href":"https:\/\/api.w.org\/{rel}","templated":true}]}}