{"id":28825,"date":"2022-10-24T13:49:06","date_gmt":"2022-10-24T13:49:06","guid":{"rendered":"https:\/\/maqtool.pt\/produto\/sac-a-dos-avec-roues-fatmax\/"},"modified":"2023-06-01T00:16:31","modified_gmt":"2023-06-01T00:16:31","slug":"sac-a-dos-a-roulettes-fatmax","status":"publish","type":"product","link":"https:\/\/maqtool.pt\/fr\/produto\/sac-a-dos-a-roulettes-fatmax\/","title":{"rendered":"Sac \u00e0 dos avec roues FATMAX\u00ae"},"content":{"rendered":"<ul class=\"feat_and_ben\">\n<li>Structure en nylon 600&#215;600 deniers de haute qualit\u00e9.<\/li>\n<li>50 d\u00e9partements pour stocker une grande vari\u00e9t\u00e9 d&rsquo;outils, des espaces sur les c\u00f4t\u00e9s pour transporter des outils longs comme des niveaux et un grand compartiment pour les outils \u00e9lectriques.<\/li>\n<li>Base en plastique rigide \u00e9tanche.<\/li>\n<li>S\u00e9parateurs int\u00e9rieurs amovibles avec poign\u00e9e pour un transport facile.<\/li>\n<li>Poign\u00e9es ergonomiques sp\u00e9cialement con\u00e7ues pour supporter le poids des outils.<\/li>\n<li>Zips lat\u00e9raux de s\u00e9curit\u00e9.<\/li>\n<li>Poign\u00e9e t\u00e9lescopique et deux roues \u00e0 la base.<\/li>\n<li>Capacidade m\u00e1xima: 20 kg<\/li>\n<\/ul>\n","protected":false},"excerpt":{"rendered":"<ul class=\"feat_and_ben\">\n<li>Structure en nylon 600&#215;600 deniers de haute qualit\u00e9.<\/li>\n<li>50 d\u00e9partements pour stocker une grande vari\u00e9t\u00e9 d&rsquo;outils, des espaces sur les c\u00f4t\u00e9s pour transporter des outils longs comme des niveaux et un grand compartiment pour les outils \u00e9lectriques.<\/li>\n<li>Base en plastique rigide \u00e9tanche.<\/li>\n<li>S\u00e9parateurs int\u00e9rieurs amovibles avec poign\u00e9e pour un transport facile.<\/li>\n<\/ul>\n","protected":false},"featured_media":26608,"template":"","meta":{"_eb_attr":"","_uag_custom_page_level_css":"","site-sidebar-layout":"default","site-content-layout":"default","ast-site-content-layout":"default","site-content-style":"default","site-sidebar-style":"default","ast-global-header-display":"","ast-banner-title-visibility":"","ast-main-header-display":"","ast-hfb-above-header-display":"","ast-hfb-below-header-display":"","ast-hfb-mobile-header-display":"","site-post-title":"","ast-breadcrumbs-content":"","ast-featured-img":"","footer-sml-layout":"","ast-disable-related-posts":"","theme-transparent-header-meta":"default","adv-header-id-meta":"","stick-header-meta":"default","header-above-stick-meta":"","header-main-stick-meta":"","header-below-stick-meta":"","astra-migrate-meta-layouts":"default","ast-page-background-enabled":"default","ast-page-background-meta":{"desktop":{"background-color":"","background-image":"","background-repeat":"repeat","background-position":"center center","background-size":"auto","background-attachment":"scroll","background-type":"","background-media":"","overlay-type":"","overlay-color":"","overlay-opacity":"","overlay-gradient":""},"tablet":{"background-color":"","background-image":"","background-repeat":"repeat","background-position":"center center","background-size":"auto","background-attachment":"scroll","background-type":"","background-media":"","overlay-type":"","overlay-color":"","overlay-opacity":"","overlay-gradient":""},"mobile":{"background-color":"","background-image":"","background-repeat":"repeat","background-position":"center center","background-size":"auto","background-attachment":"scroll","background-type":"","background-media":"","overlay-type":"","overlay-color":"","overlay-opacity":"","overlay-gradient":""}},"ast-content-background-meta":{"desktop":{"background-color":"var(--ast-global-color-5)","background-image":"","background-repeat":"repeat","background-position":"center center","background-size":"auto","background-attachment":"scroll","background-type":"","background-media":"","overlay-type":"","overlay-color":"","overlay-opacity":"","overlay-gradient":""},"tablet":{"background-color":"var(--ast-global-color-5)","background-image":"","background-repeat":"repeat","background-position":"center center","background-size":"auto","background-attachment":"scroll","background-type":"","background-media":"","overlay-type":"","overlay-color":"","overlay-opacity":"","overlay-gradient":""},"mobile":{"background-color":"var(--ast-global-color-5)","background-image":"","background-repeat":"repeat","background-position":"center center","background-size":"auto","background-attachment":"scroll","background-type":"","background-media":"","overlay-type":"","overlay-color":"","overlay-opacity":"","overlay-gradient":""}}},"product_brand":[],"product_cat":[6785,5081,5146],"product_tag":[],"class_list":{"0":"post-28825","1":"product","2":"type-product","3":"status-publish","4":"has-post-thumbnail","6":"product_cat-general-fr","7":"product_cat-outillage-et-accessoires","8":"product_cat-chariots-pour-outils","9":"desktop-align-center","10":"tablet-align-center","11":"mobile-align-center","12":"ast-product-gallery-layout-horizontal","13":"ast-product-tabs-layout-horizontal","15":"first","16":"onbackorder","17":"taxable","18":"shipping-taxable","19":"product-type-simple"},"acf":[],"yoast_head":"<!-- This site is optimized with the Yoast SEO plugin v27.3 - https:\/\/yoast.com\/product\/yoast-seo-wordpress\/ -->\n<title>Sac \u00e0 dos avec roues FATMAX\u00ae - MAQTOOL<\/title>\n<meta name=\"robots\" content=\"index, follow, max-snippet:-1, max-image-preview:large, max-video-preview:-1\" \/>\n<link rel=\"canonical\" href=\"https:\/\/maqtool.pt\/produto\/sac-a-dos-avec-roues-fatmax\/\" \/>\n<meta property=\"og:locale\" content=\"fr_FR\" \/>\n<meta property=\"og:type\" content=\"article\" \/>\n<meta property=\"og:title\" content=\"Sac \u00e0 dos avec roues FATMAX\u00ae - MAQTOOL\" \/>\n<meta property=\"og:description\" content=\"Structure en nylon 600x600 deniers de haute qualit\u00e9.  50 d\u00e9partements pour stocker une grande vari\u00e9t\u00e9 d&#039;outils, des espaces sur les c\u00f4t\u00e9s pour transporter des outils longs comme des niveaux et un grand compartiment pour les outils \u00e9lectriques.  Base en plastique rigide \u00e9tanche.  S\u00e9parateurs int\u00e9rieurs amovibles avec poign\u00e9e pour un transport facile.\" \/>\n<meta property=\"og:url\" content=\"https:\/\/maqtool.pt\/produto\/sac-a-dos-avec-roues-fatmax\/\" \/>\n<meta property=\"og:site_name\" content=\"MAQTOOL\" \/>\n<meta property=\"article:publisher\" content=\"https:\/\/www.facebook.com\/cobermaster\" \/>\n<meta property=\"article:modified_time\" content=\"2023-06-01T00:16:31+00:00\" \/>\n<meta name=\"twitter:card\" content=\"summary_large_image\" \/>\n<script type=\"application\/ld+json\" class=\"yoast-schema-graph\">{\"@context\":\"https:\\\/\\\/schema.org\",\"@graph\":[{\"@type\":\"WebPage\",\"@id\":\"https:\\\/\\\/maqtool.pt\\\/produto\\\/sac-a-dos-avec-roues-fatmax\\\/\",\"url\":\"https:\\\/\\\/maqtool.pt\\\/produto\\\/sac-a-dos-avec-roues-fatmax\\\/\",\"name\":\"Sac \u00e0 dos avec roues FATMAX\u00ae - MAQTOOL\",\"isPartOf\":{\"@id\":\"https:\\\/\\\/maqtool.pt\\\/#website\"},\"primaryImageOfPage\":{\"@id\":\"https:\\\/\\\/maqtool.pt\\\/produto\\\/sac-a-dos-avec-roues-fatmax\\\/#primaryimage\"},\"image\":{\"@id\":\"https:\\\/\\\/maqtool.pt\\\/produto\\\/sac-a-dos-avec-roues-fatmax\\\/#primaryimage\"},\"thumbnailUrl\":\"https:\\\/\\\/maqtool.pt\\\/wp-content\\\/uploads\\\/2022\\\/10\\\/MAQ-1-79-215-Mochila-com-Rodas.jpg\",\"datePublished\":\"2022-10-24T13:49:06+00:00\",\"dateModified\":\"2023-06-01T00:16:31+00:00\",\"breadcrumb\":{\"@id\":\"https:\\\/\\\/maqtool.pt\\\/produto\\\/sac-a-dos-avec-roues-fatmax\\\/#breadcrumb\"},\"inLanguage\":\"fr-FR\",\"potentialAction\":[{\"@type\":\"ReadAction\",\"target\":[\"https:\\\/\\\/maqtool.pt\\\/produto\\\/sac-a-dos-avec-roues-fatmax\\\/\"]}]},{\"@type\":\"ImageObject\",\"inLanguage\":\"fr-FR\",\"@id\":\"https:\\\/\\\/maqtool.pt\\\/produto\\\/sac-a-dos-avec-roues-fatmax\\\/#primaryimage\",\"url\":\"https:\\\/\\\/maqtool.pt\\\/wp-content\\\/uploads\\\/2022\\\/10\\\/MAQ-1-79-215-Mochila-com-Rodas.jpg\",\"contentUrl\":\"https:\\\/\\\/maqtool.pt\\\/wp-content\\\/uploads\\\/2022\\\/10\\\/MAQ-1-79-215-Mochila-com-Rodas.jpg\",\"width\":800,\"height\":800},{\"@type\":\"BreadcrumbList\",\"@id\":\"https:\\\/\\\/maqtool.pt\\\/produto\\\/sac-a-dos-avec-roues-fatmax\\\/#breadcrumb\",\"itemListElement\":[{\"@type\":\"ListItem\",\"position\":1,\"name\":\"In\u00edcio\",\"item\":\"https:\\\/\\\/maqtool.pt\\\/fr\\\/home\\\/\"},{\"@type\":\"ListItem\",\"position\":2,\"name\":\"Produtos\",\"item\":\"https:\\\/\\\/maqtool.pt\\\/produtos\\\/\"},{\"@type\":\"ListItem\",\"position\":3,\"name\":\"Sac \u00e0 dos avec roues FATMAX\u00ae\"}]},{\"@type\":\"WebSite\",\"@id\":\"https:\\\/\\\/maqtool.pt\\\/#website\",\"url\":\"https:\\\/\\\/maqtool.pt\\\/\",\"name\":\"Cobermaster Industry\",\"description\":\"\",\"publisher\":{\"@id\":\"https:\\\/\\\/maqtool.pt\\\/#organization\"},\"potentialAction\":[{\"@type\":\"SearchAction\",\"target\":{\"@type\":\"EntryPoint\",\"urlTemplate\":\"https:\\\/\\\/maqtool.pt\\\/?s={search_term_string}\"},\"query-input\":{\"@type\":\"PropertyValueSpecification\",\"valueRequired\":true,\"valueName\":\"search_term_string\"}}],\"inLanguage\":\"fr-FR\"},{\"@type\":\"Organization\",\"@id\":\"https:\\\/\\\/maqtool.pt\\\/#organization\",\"name\":\"MAQTOOL\",\"url\":\"https:\\\/\\\/maqtool.pt\\\/\",\"logo\":{\"@type\":\"ImageObject\",\"inLanguage\":\"fr-FR\",\"@id\":\"https:\\\/\\\/maqtool.pt\\\/#\\\/schema\\\/logo\\\/image\\\/\",\"url\":\"https:\\\/\\\/maqtool.pt\\\/wp-content\\\/uploads\\\/2022\\\/09\\\/MAQTOOL-LOGO.jpg\",\"contentUrl\":\"https:\\\/\\\/maqtool.pt\\\/wp-content\\\/uploads\\\/2022\\\/09\\\/MAQTOOL-LOGO.jpg\",\"width\":762,\"height\":228,\"caption\":\"MAQTOOL\"},\"image\":{\"@id\":\"https:\\\/\\\/maqtool.pt\\\/#\\\/schema\\\/logo\\\/image\\\/\"},\"sameAs\":[\"https:\\\/\\\/www.facebook.com\\\/cobermaster\"]}]}<\/script>\n<!-- \/ Yoast SEO plugin. -->","yoast_head_json":{"title":"Sac \u00e0 dos avec roues FATMAX\u00ae - MAQTOOL","robots":{"index":"index","follow":"follow","max-snippet":"max-snippet:-1","max-image-preview":"max-image-preview:large","max-video-preview":"max-video-preview:-1"},"canonical":"https:\/\/maqtool.pt\/produto\/sac-a-dos-avec-roues-fatmax\/","og_locale":"fr_FR","og_type":"article","og_title":"Sac \u00e0 dos avec roues FATMAX\u00ae - MAQTOOL","og_description":"Structure en nylon 600x600 deniers de haute qualit\u00e9.  50 d\u00e9partements pour stocker une grande vari\u00e9t\u00e9 d'outils, des espaces sur les c\u00f4t\u00e9s pour transporter des outils longs comme des niveaux et un grand compartiment pour les outils \u00e9lectriques.  Base en plastique rigide \u00e9tanche.  S\u00e9parateurs int\u00e9rieurs amovibles avec poign\u00e9e pour un transport facile.","og_url":"https:\/\/maqtool.pt\/produto\/sac-a-dos-avec-roues-fatmax\/","og_site_name":"MAQTOOL","article_publisher":"https:\/\/www.facebook.com\/cobermaster","article_modified_time":"2023-06-01T00:16:31+00:00","twitter_card":"summary_large_image","schema":{"@context":"https:\/\/schema.org","@graph":[{"@type":"WebPage","@id":"https:\/\/maqtool.pt\/produto\/sac-a-dos-avec-roues-fatmax\/","url":"https:\/\/maqtool.pt\/produto\/sac-a-dos-avec-roues-fatmax\/","name":"Sac \u00e0 dos avec roues FATMAX\u00ae - MAQTOOL","isPartOf":{"@id":"https:\/\/maqtool.pt\/#website"},"primaryImageOfPage":{"@id":"https:\/\/maqtool.pt\/produto\/sac-a-dos-avec-roues-fatmax\/#primaryimage"},"image":{"@id":"https:\/\/maqtool.pt\/produto\/sac-a-dos-avec-roues-fatmax\/#primaryimage"},"thumbnailUrl":"https:\/\/maqtool.pt\/wp-content\/uploads\/2022\/10\/MAQ-1-79-215-Mochila-com-Rodas.jpg","datePublished":"2022-10-24T13:49:06+00:00","dateModified":"2023-06-01T00:16:31+00:00","breadcrumb":{"@id":"https:\/\/maqtool.pt\/produto\/sac-a-dos-avec-roues-fatmax\/#breadcrumb"},"inLanguage":"fr-FR","potentialAction":[{"@type":"ReadAction","target":["https:\/\/maqtool.pt\/produto\/sac-a-dos-avec-roues-fatmax\/"]}]},{"@type":"ImageObject","inLanguage":"fr-FR","@id":"https:\/\/maqtool.pt\/produto\/sac-a-dos-avec-roues-fatmax\/#primaryimage","url":"https:\/\/maqtool.pt\/wp-content\/uploads\/2022\/10\/MAQ-1-79-215-Mochila-com-Rodas.jpg","contentUrl":"https:\/\/maqtool.pt\/wp-content\/uploads\/2022\/10\/MAQ-1-79-215-Mochila-com-Rodas.jpg","width":800,"height":800},{"@type":"BreadcrumbList","@id":"https:\/\/maqtool.pt\/produto\/sac-a-dos-avec-roues-fatmax\/#breadcrumb","itemListElement":[{"@type":"ListItem","position":1,"name":"In\u00edcio","item":"https:\/\/maqtool.pt\/fr\/home\/"},{"@type":"ListItem","position":2,"name":"Produtos","item":"https:\/\/maqtool.pt\/produtos\/"},{"@type":"ListItem","position":3,"name":"Sac \u00e0 dos avec roues FATMAX\u00ae"}]},{"@type":"WebSite","@id":"https:\/\/maqtool.pt\/#website","url":"https:\/\/maqtool.pt\/","name":"Cobermaster Industry","description":"","publisher":{"@id":"https:\/\/maqtool.pt\/#organization"},"potentialAction":[{"@type":"SearchAction","target":{"@type":"EntryPoint","urlTemplate":"https:\/\/maqtool.pt\/?s={search_term_string}"},"query-input":{"@type":"PropertyValueSpecification","valueRequired":true,"valueName":"search_term_string"}}],"inLanguage":"fr-FR"},{"@type":"Organization","@id":"https:\/\/maqtool.pt\/#organization","name":"MAQTOOL","url":"https:\/\/maqtool.pt\/","logo":{"@type":"ImageObject","inLanguage":"fr-FR","@id":"https:\/\/maqtool.pt\/#\/schema\/logo\/image\/","url":"https:\/\/maqtool.pt\/wp-content\/uploads\/2022\/09\/MAQTOOL-LOGO.jpg","contentUrl":"https:\/\/maqtool.pt\/wp-content\/uploads\/2022\/09\/MAQTOOL-LOGO.jpg","width":762,"height":228,"caption":"MAQTOOL"},"image":{"@id":"https:\/\/maqtool.pt\/#\/schema\/logo\/image\/"},"sameAs":["https:\/\/www.facebook.com\/cobermaster"]}]}},"uagb_featured_image_src":{"full":["https:\/\/maqtool.pt\/wp-content\/uploads\/2022\/10\/MAQ-1-79-215-Mochila-com-Rodas.jpg",800,800,false],"thumbnail":["https:\/\/maqtool.pt\/wp-content\/uploads\/2022\/10\/MAQ-1-79-215-Mochila-com-Rodas-150x150.jpg",150,150,true],"medium":["https:\/\/maqtool.pt\/wp-content\/uploads\/2022\/10\/MAQ-1-79-215-Mochila-com-Rodas-300x300.jpg",300,300,true],"medium_large":["https:\/\/maqtool.pt\/wp-content\/uploads\/2022\/10\/MAQ-1-79-215-Mochila-com-Rodas-768x768.jpg",768,768,true],"large":["https:\/\/maqtool.pt\/wp-content\/uploads\/2022\/10\/MAQ-1-79-215-Mochila-com-Rodas.jpg",800,800,false],"1536x1536":["https:\/\/maqtool.pt\/wp-content\/uploads\/2022\/10\/MAQ-1-79-215-Mochila-com-Rodas.jpg",800,800,false],"2048x2048":["https:\/\/maqtool.pt\/wp-content\/uploads\/2022\/10\/MAQ-1-79-215-Mochila-com-Rodas.jpg",800,800,false],"woocommerce_thumbnail":["https:\/\/maqtool.pt\/wp-content\/uploads\/2022\/10\/MAQ-1-79-215-Mochila-com-Rodas-400x400.jpg",400,400,true],"woocommerce_single":["https:\/\/maqtool.pt\/wp-content\/uploads\/2022\/10\/MAQ-1-79-215-Mochila-com-Rodas-600x600.jpg",600,600,true],"woocommerce_gallery_thumbnail":["https:\/\/maqtool.pt\/wp-content\/uploads\/2022\/10\/MAQ-1-79-215-Mochila-com-Rodas-100x100.jpg",100,100,true]},"uagb_author_info":{"display_name":"Jo\u00e3o Santos","author_link":"https:\/\/maqtool.pt\/fr\/author\/"},"uagb_comment_info":0,"uagb_excerpt":"Structure en nylon 600x600 deniers de haute qualit\u00e9. 50 d\u00e9partements pour stocker une grande vari\u00e9t\u00e9 d'outils, des espaces sur les c\u00f4t\u00e9s pour transporter des outils longs comme des niveaux et un grand compartiment pour les outils \u00e9lectriques. Base en plastique rigide \u00e9tanche. S\u00e9parateurs int\u00e9rieurs amovibles avec poign\u00e9e pour un transport facile.","_links":{"self":[{"href":"https:\/\/maqtool.pt\/fr\/wp-json\/wp\/v2\/product\/28825","targetHints":{"allow":["GET"]}}],"collection":[{"href":"https:\/\/maqtool.pt\/fr\/wp-json\/wp\/v2\/product"}],"about":[{"href":"https:\/\/maqtool.pt\/fr\/wp-json\/wp\/v2\/types\/product"}],"wp:featuredmedia":[{"embeddable":true,"href":"https:\/\/maqtool.pt\/fr\/wp-json\/wp\/v2\/media\/26608"}],"wp:attachment":[{"href":"https:\/\/maqtool.pt\/fr\/wp-json\/wp\/v2\/media?parent=28825"}],"wp:term":[{"taxonomy":"product_brand","embeddable":true,"href":"https:\/\/maqtool.pt\/fr\/wp-json\/wp\/v2\/product_brand?post=28825"},{"taxonomy":"product_cat","embeddable":true,"href":"https:\/\/maqtool.pt\/fr\/wp-json\/wp\/v2\/product_cat?post=28825"},{"taxonomy":"product_tag","embeddable":true,"href":"https:\/\/maqtool.pt\/fr\/wp-json\/wp\/v2\/product_tag?post=28825"}],"curies":[{"name":"wp","href":"https:\/\/api.w.org\/{rel}","templated":true}]}}