{"id":28909,"date":"2022-01-28T14:15:16","date_gmt":"2022-01-28T14:15:16","guid":{"rendered":"https:\/\/maqtool.pt\/produto\/chaussure-de-securite-pit-stop-s3-src-hro\/"},"modified":"2022-12-22T10:17:57","modified_gmt":"2022-12-22T10:17:57","slug":"chaussure-de-securite-pit-stop-s3-src-hro","status":"publish","type":"product","link":"https:\/\/maqtool.pt\/fr\/produto\/chaussure-de-securite-pit-stop-s3-src-hro\/","title":{"rendered":"Chaussure de s\u00e9curit\u00e9 &#8211; PIT STOP | S3 | SRC | HRO"},"content":{"rendered":"<p>Cuir gaufr\u00e9 avec une excellente r\u00e9sistance \u00e0 l&rsquo;eau, au p\u00e9trole et aux huiles. Tr\u00e8s flexible et avec d&rsquo;excellentes caract\u00e9ristiques de transpiration.<br \/>\n<strong>Doublure Poromax une technologie innovante qui, gr\u00e2ce \u00e0 une structure sp\u00e9ciale des chambres internes, \u00e9limine l&rsquo;air chaud et humide sur la partie sup\u00e9rieure de la chaussure et facilite la r\u00e9partition uniforme de la temp\u00e9rature.<\/strong><br \/>\n<strong>CarbonLight, embout en polycarbonate.<\/strong><br \/>\n<strong>Q-Flex, semelle int\u00e9rieure non m\u00e9tallique, flexible et antistatique, r\u00e9sistante \u00e0 la perforation.<\/strong> Isolant thermiquement.<br \/>\n<strong>Coussinets de confort avec points antistatiques.<\/strong> Assure un plus grand confort et stabilit\u00e9 du pied. Il est lavable et amovible.<br \/>\n<strong>Chaussure de s\u00e9curit\u00e9 non m\u00e9tallique.<\/strong><br \/>\n<strong>Semelle crant\u00e9e en caoutchouc nitrile bicolore et semelle intercalaire en polyur\u00e9thane souple (PU) pour un plus grand confort.<\/strong> Il s&rsquo;agit d&rsquo;une semelle multifonctionnelle, con\u00e7ue pour tous les travaux ext\u00e9rieurs, permettant un contr\u00f4le total par l&rsquo;utilisateur.<br \/>\nUn design exclusif Michelin TOWORKFOR pens\u00e9 pour une plus grande r\u00e9sistance \u00e0 l&rsquo;abrasion, de meilleures caract\u00e9ristiques antistatiques et une excellente r\u00e9sistance aux huiles et au feu, r\u00e9sistant \u00e0 des temp\u00e9ratures allant jusqu&rsquo;\u00e0 300\u00baC (HRO). Cette semelle offre une traction et une adh\u00e9rence multidirectionnelle sur n&rsquo;importe quelle surface avec un contr\u00f4le lat\u00e9ral accru. S&rsquo;adapte \u00e0 diff\u00e9rents sols avec d&rsquo;excellentes performances sur les surfaces ext\u00e9rieures.<br \/>\n<strong>Largeur : 11.<\/strong><br \/>\n<strong>Tailles : 36 \u2013 47<\/strong><\/p>\n","protected":false},"excerpt":{"rendered":"<p>Cuir gaufr\u00e9 avec une excellente r\u00e9sistance \u00e0 l&rsquo;eau, au p\u00e9trole et aux huiles. Tr\u00e8s flexible et avec d&rsquo;excellentes caract\u00e9ristiques de transpiration.<br \/>\n<strong>Doublure Poromax une technologie innovante qui, gr\u00e2ce \u00e0 une structure sp\u00e9ciale des chambres internes, \u00e9limine l&rsquo;air chaud et humide sur la partie sup\u00e9rieure de la chaussure et facilite la r\u00e9partition uniforme de la temp\u00e9rature.<\/strong><br \/>\n<strong>CarbonLight, embout en polycarbonate.<\/strong><\/p>\n","protected":false},"featured_media":23118,"template":"","meta":{"_eb_attr":"","_uag_custom_page_level_css":"","site-sidebar-layout":"default","site-content-layout":"default","ast-site-content-layout":"default","site-content-style":"default","site-sidebar-style":"default","ast-global-header-display":"","ast-banner-title-visibility":"","ast-main-header-display":"","ast-hfb-above-header-display":"","ast-hfb-below-header-display":"","ast-hfb-mobile-header-display":"","site-post-title":"","ast-breadcrumbs-content":"","ast-featured-img":"","footer-sml-layout":"","ast-disable-related-posts":"","theme-transparent-header-meta":"default","adv-header-id-meta":"","stick-header-meta":"default","header-above-stick-meta":"","header-main-stick-meta":"","header-below-stick-meta":"","astra-migrate-meta-layouts":"default","ast-page-background-enabled":"default","ast-page-background-meta":{"desktop":{"background-color":"","background-image":"","background-repeat":"repeat","background-position":"center center","background-size":"auto","background-attachment":"scroll","background-type":"","background-media":"","overlay-type":"","overlay-color":"","overlay-opacity":"","overlay-gradient":""},"tablet":{"background-color":"","background-image":"","background-repeat":"repeat","background-position":"center center","background-size":"auto","background-attachment":"scroll","background-type":"","background-media":"","overlay-type":"","overlay-color":"","overlay-opacity":"","overlay-gradient":""},"mobile":{"background-color":"","background-image":"","background-repeat":"repeat","background-position":"center center","background-size":"auto","background-attachment":"scroll","background-type":"","background-media":"","overlay-type":"","overlay-color":"","overlay-opacity":"","overlay-gradient":""}},"ast-content-background-meta":{"desktop":{"background-color":"var(--ast-global-color-5)","background-image":"","background-repeat":"repeat","background-position":"center center","background-size":"auto","background-attachment":"scroll","background-type":"","background-media":"","overlay-type":"","overlay-color":"","overlay-opacity":"","overlay-gradient":""},"tablet":{"background-color":"var(--ast-global-color-5)","background-image":"","background-repeat":"repeat","background-position":"center center","background-size":"auto","background-attachment":"scroll","background-type":"","background-media":"","overlay-type":"","overlay-color":"","overlay-opacity":"","overlay-gradient":""},"mobile":{"background-color":"var(--ast-global-color-5)","background-image":"","background-repeat":"repeat","background-position":"center center","background-size":"auto","background-attachment":"scroll","background-type":"","background-media":"","overlay-type":"","overlay-color":"","overlay-opacity":"","overlay-gradient":""}}},"product_brand":[],"product_cat":[5084,5121],"product_tag":[],"class_list":{"0":"post-28909","1":"product","2":"type-product","3":"status-publish","4":"has-post-thumbnail","6":"product_cat-equipement-de-protection","7":"product_cat-chaussures-de-securite","8":"desktop-align-center","9":"tablet-align-center","10":"mobile-align-center","11":"ast-product-gallery-layout-horizontal","12":"ast-product-gallery-with-no-image","13":"ast-product-single-variable","14":"ast-product-tabs-layout-horizontal","16":"first","17":"onbackorder","18":"taxable","19":"shipping-taxable","20":"product-type-variable"},"acf":[],"yoast_head":"<!-- This site is optimized with the Yoast SEO plugin v27.3 - https:\/\/yoast.com\/product\/yoast-seo-wordpress\/ -->\n<title>Chaussure de s\u00e9curit\u00e9 - PIT STOP | S3 | SRC | HRO - MAQTOOL<\/title>\n<meta name=\"robots\" content=\"index, follow, max-snippet:-1, max-image-preview:large, max-video-preview:-1\" \/>\n<link rel=\"canonical\" href=\"https:\/\/maqtool.pt\/fr\/produto\/chaussure-de-securite-pit-stop-s3-src-hro\/\" \/>\n<meta property=\"og:locale\" content=\"fr_FR\" \/>\n<meta property=\"og:type\" content=\"article\" \/>\n<meta property=\"og:title\" content=\"Chaussure de s\u00e9curit\u00e9 - PIT STOP | S3 | SRC | HRO - MAQTOOL\" \/>\n<meta property=\"og:description\" content=\"Cuir gaufr\u00e9 avec une excellente r\u00e9sistance \u00e0 l&#039;eau, au p\u00e9trole et aux huiles. Tr\u00e8s flexible et avec d&#039;excellentes caract\u00e9ristiques de transpiration. Doublure Poromax une technologie innovante qui, gr\u00e2ce \u00e0 une structure sp\u00e9ciale des chambres internes, \u00e9limine l&#039;air chaud et humide sur la partie sup\u00e9rieure de la chaussure et facilite la r\u00e9partition uniforme de la temp\u00e9rature. CarbonLight, embout en polycarbonate.\" \/>\n<meta property=\"og:url\" content=\"https:\/\/maqtool.pt\/fr\/produto\/chaussure-de-securite-pit-stop-s3-src-hro\/\" \/>\n<meta property=\"og:site_name\" content=\"MAQTOOL\" \/>\n<meta property=\"article:publisher\" content=\"https:\/\/www.facebook.com\/cobermaster\" \/>\n<meta property=\"article:modified_time\" content=\"2022-12-22T10:17:57+00:00\" \/>\n<meta property=\"og:image\" content=\"https:\/\/maqtool.pt\/wp-content\/uploads\/2022\/01\/CBM6A0310-Sapato-PitStop.jpg\" \/>\n\t<meta property=\"og:image:width\" content=\"800\" \/>\n\t<meta property=\"og:image:height\" content=\"800\" \/>\n\t<meta property=\"og:image:type\" content=\"image\/jpeg\" \/>\n<meta name=\"twitter:card\" content=\"summary_large_image\" \/>\n<meta name=\"twitter:label1\" content=\"Dur\u00e9e de lecture estim\u00e9e\" \/>\n\t<meta name=\"twitter:data1\" content=\"2 minutes\" \/>\n<script type=\"application\/ld+json\" class=\"yoast-schema-graph\">{\"@context\":\"https:\\\/\\\/schema.org\",\"@graph\":[{\"@type\":\"WebPage\",\"@id\":\"https:\\\/\\\/maqtool.pt\\\/fr\\\/produto\\\/chaussure-de-securite-pit-stop-s3-src-hro\\\/\",\"url\":\"https:\\\/\\\/maqtool.pt\\\/fr\\\/produto\\\/chaussure-de-securite-pit-stop-s3-src-hro\\\/\",\"name\":\"Chaussure de s\u00e9curit\u00e9 - PIT STOP | S3 | SRC | HRO - MAQTOOL\",\"isPartOf\":{\"@id\":\"https:\\\/\\\/maqtool.pt\\\/#website\"},\"primaryImageOfPage\":{\"@id\":\"https:\\\/\\\/maqtool.pt\\\/fr\\\/produto\\\/chaussure-de-securite-pit-stop-s3-src-hro\\\/#primaryimage\"},\"image\":{\"@id\":\"https:\\\/\\\/maqtool.pt\\\/fr\\\/produto\\\/chaussure-de-securite-pit-stop-s3-src-hro\\\/#primaryimage\"},\"thumbnailUrl\":\"https:\\\/\\\/maqtool.pt\\\/wp-content\\\/uploads\\\/2022\\\/01\\\/CBM6A0310-Sapato-PitStop.jpg\",\"datePublished\":\"2022-01-28T14:15:16+00:00\",\"dateModified\":\"2022-12-22T10:17:57+00:00\",\"breadcrumb\":{\"@id\":\"https:\\\/\\\/maqtool.pt\\\/fr\\\/produto\\\/chaussure-de-securite-pit-stop-s3-src-hro\\\/#breadcrumb\"},\"inLanguage\":\"fr-FR\",\"potentialAction\":[{\"@type\":\"ReadAction\",\"target\":[\"https:\\\/\\\/maqtool.pt\\\/fr\\\/produto\\\/chaussure-de-securite-pit-stop-s3-src-hro\\\/\"]}]},{\"@type\":\"ImageObject\",\"inLanguage\":\"fr-FR\",\"@id\":\"https:\\\/\\\/maqtool.pt\\\/fr\\\/produto\\\/chaussure-de-securite-pit-stop-s3-src-hro\\\/#primaryimage\",\"url\":\"https:\\\/\\\/maqtool.pt\\\/wp-content\\\/uploads\\\/2022\\\/01\\\/CBM6A0310-Sapato-PitStop.jpg\",\"contentUrl\":\"https:\\\/\\\/maqtool.pt\\\/wp-content\\\/uploads\\\/2022\\\/01\\\/CBM6A0310-Sapato-PitStop.jpg\",\"width\":800,\"height\":800},{\"@type\":\"BreadcrumbList\",\"@id\":\"https:\\\/\\\/maqtool.pt\\\/fr\\\/produto\\\/chaussure-de-securite-pit-stop-s3-src-hro\\\/#breadcrumb\",\"itemListElement\":[{\"@type\":\"ListItem\",\"position\":1,\"name\":\"In\u00edcio\",\"item\":\"https:\\\/\\\/maqtool.pt\\\/fr\\\/home\\\/\"},{\"@type\":\"ListItem\",\"position\":2,\"name\":\"Produtos\",\"item\":\"https:\\\/\\\/maqtool.pt\\\/produtos\\\/\"},{\"@type\":\"ListItem\",\"position\":3,\"name\":\"Chaussure de s\u00e9curit\u00e9 &#8211; PIT STOP | S3 | SRC | HRO\"}]},{\"@type\":\"WebSite\",\"@id\":\"https:\\\/\\\/maqtool.pt\\\/#website\",\"url\":\"https:\\\/\\\/maqtool.pt\\\/\",\"name\":\"Cobermaster Industry\",\"description\":\"\",\"publisher\":{\"@id\":\"https:\\\/\\\/maqtool.pt\\\/#organization\"},\"potentialAction\":[{\"@type\":\"SearchAction\",\"target\":{\"@type\":\"EntryPoint\",\"urlTemplate\":\"https:\\\/\\\/maqtool.pt\\\/?s={search_term_string}\"},\"query-input\":{\"@type\":\"PropertyValueSpecification\",\"valueRequired\":true,\"valueName\":\"search_term_string\"}}],\"inLanguage\":\"fr-FR\"},{\"@type\":\"Organization\",\"@id\":\"https:\\\/\\\/maqtool.pt\\\/#organization\",\"name\":\"MAQTOOL\",\"url\":\"https:\\\/\\\/maqtool.pt\\\/\",\"logo\":{\"@type\":\"ImageObject\",\"inLanguage\":\"fr-FR\",\"@id\":\"https:\\\/\\\/maqtool.pt\\\/#\\\/schema\\\/logo\\\/image\\\/\",\"url\":\"https:\\\/\\\/maqtool.pt\\\/wp-content\\\/uploads\\\/2022\\\/09\\\/MAQTOOL-LOGO.jpg\",\"contentUrl\":\"https:\\\/\\\/maqtool.pt\\\/wp-content\\\/uploads\\\/2022\\\/09\\\/MAQTOOL-LOGO.jpg\",\"width\":762,\"height\":228,\"caption\":\"MAQTOOL\"},\"image\":{\"@id\":\"https:\\\/\\\/maqtool.pt\\\/#\\\/schema\\\/logo\\\/image\\\/\"},\"sameAs\":[\"https:\\\/\\\/www.facebook.com\\\/cobermaster\"]}]}<\/script>\n<!-- \/ Yoast SEO plugin. -->","yoast_head_json":{"title":"Chaussure de s\u00e9curit\u00e9 - PIT STOP | S3 | SRC | HRO - MAQTOOL","robots":{"index":"index","follow":"follow","max-snippet":"max-snippet:-1","max-image-preview":"max-image-preview:large","max-video-preview":"max-video-preview:-1"},"canonical":"https:\/\/maqtool.pt\/fr\/produto\/chaussure-de-securite-pit-stop-s3-src-hro\/","og_locale":"fr_FR","og_type":"article","og_title":"Chaussure de s\u00e9curit\u00e9 - PIT STOP | S3 | SRC | HRO - MAQTOOL","og_description":"Cuir gaufr\u00e9 avec une excellente r\u00e9sistance \u00e0 l'eau, au p\u00e9trole et aux huiles. Tr\u00e8s flexible et avec d'excellentes caract\u00e9ristiques de transpiration. Doublure Poromax une technologie innovante qui, gr\u00e2ce \u00e0 une structure sp\u00e9ciale des chambres internes, \u00e9limine l'air chaud et humide sur la partie sup\u00e9rieure de la chaussure et facilite la r\u00e9partition uniforme de la temp\u00e9rature. CarbonLight, embout en polycarbonate.","og_url":"https:\/\/maqtool.pt\/fr\/produto\/chaussure-de-securite-pit-stop-s3-src-hro\/","og_site_name":"MAQTOOL","article_publisher":"https:\/\/www.facebook.com\/cobermaster","article_modified_time":"2022-12-22T10:17:57+00:00","og_image":[{"width":800,"height":800,"url":"https:\/\/maqtool.pt\/wp-content\/uploads\/2022\/01\/CBM6A0310-Sapato-PitStop.jpg","type":"image\/jpeg"}],"twitter_card":"summary_large_image","twitter_misc":{"Dur\u00e9e de lecture estim\u00e9e":"2 minutes"},"schema":{"@context":"https:\/\/schema.org","@graph":[{"@type":"WebPage","@id":"https:\/\/maqtool.pt\/fr\/produto\/chaussure-de-securite-pit-stop-s3-src-hro\/","url":"https:\/\/maqtool.pt\/fr\/produto\/chaussure-de-securite-pit-stop-s3-src-hro\/","name":"Chaussure de s\u00e9curit\u00e9 - PIT STOP | S3 | SRC | HRO - MAQTOOL","isPartOf":{"@id":"https:\/\/maqtool.pt\/#website"},"primaryImageOfPage":{"@id":"https:\/\/maqtool.pt\/fr\/produto\/chaussure-de-securite-pit-stop-s3-src-hro\/#primaryimage"},"image":{"@id":"https:\/\/maqtool.pt\/fr\/produto\/chaussure-de-securite-pit-stop-s3-src-hro\/#primaryimage"},"thumbnailUrl":"https:\/\/maqtool.pt\/wp-content\/uploads\/2022\/01\/CBM6A0310-Sapato-PitStop.jpg","datePublished":"2022-01-28T14:15:16+00:00","dateModified":"2022-12-22T10:17:57+00:00","breadcrumb":{"@id":"https:\/\/maqtool.pt\/fr\/produto\/chaussure-de-securite-pit-stop-s3-src-hro\/#breadcrumb"},"inLanguage":"fr-FR","potentialAction":[{"@type":"ReadAction","target":["https:\/\/maqtool.pt\/fr\/produto\/chaussure-de-securite-pit-stop-s3-src-hro\/"]}]},{"@type":"ImageObject","inLanguage":"fr-FR","@id":"https:\/\/maqtool.pt\/fr\/produto\/chaussure-de-securite-pit-stop-s3-src-hro\/#primaryimage","url":"https:\/\/maqtool.pt\/wp-content\/uploads\/2022\/01\/CBM6A0310-Sapato-PitStop.jpg","contentUrl":"https:\/\/maqtool.pt\/wp-content\/uploads\/2022\/01\/CBM6A0310-Sapato-PitStop.jpg","width":800,"height":800},{"@type":"BreadcrumbList","@id":"https:\/\/maqtool.pt\/fr\/produto\/chaussure-de-securite-pit-stop-s3-src-hro\/#breadcrumb","itemListElement":[{"@type":"ListItem","position":1,"name":"In\u00edcio","item":"https:\/\/maqtool.pt\/fr\/home\/"},{"@type":"ListItem","position":2,"name":"Produtos","item":"https:\/\/maqtool.pt\/produtos\/"},{"@type":"ListItem","position":3,"name":"Chaussure de s\u00e9curit\u00e9 &#8211; PIT STOP | S3 | SRC | HRO"}]},{"@type":"WebSite","@id":"https:\/\/maqtool.pt\/#website","url":"https:\/\/maqtool.pt\/","name":"Cobermaster Industry","description":"","publisher":{"@id":"https:\/\/maqtool.pt\/#organization"},"potentialAction":[{"@type":"SearchAction","target":{"@type":"EntryPoint","urlTemplate":"https:\/\/maqtool.pt\/?s={search_term_string}"},"query-input":{"@type":"PropertyValueSpecification","valueRequired":true,"valueName":"search_term_string"}}],"inLanguage":"fr-FR"},{"@type":"Organization","@id":"https:\/\/maqtool.pt\/#organization","name":"MAQTOOL","url":"https:\/\/maqtool.pt\/","logo":{"@type":"ImageObject","inLanguage":"fr-FR","@id":"https:\/\/maqtool.pt\/#\/schema\/logo\/image\/","url":"https:\/\/maqtool.pt\/wp-content\/uploads\/2022\/09\/MAQTOOL-LOGO.jpg","contentUrl":"https:\/\/maqtool.pt\/wp-content\/uploads\/2022\/09\/MAQTOOL-LOGO.jpg","width":762,"height":228,"caption":"MAQTOOL"},"image":{"@id":"https:\/\/maqtool.pt\/#\/schema\/logo\/image\/"},"sameAs":["https:\/\/www.facebook.com\/cobermaster"]}]}},"uagb_featured_image_src":{"full":["https:\/\/maqtool.pt\/wp-content\/uploads\/2022\/01\/CBM6A0310-Sapato-PitStop.jpg",800,800,false],"thumbnail":["https:\/\/maqtool.pt\/wp-content\/uploads\/2022\/01\/CBM6A0310-Sapato-PitStop-150x150.jpg",150,150,true],"medium":["https:\/\/maqtool.pt\/wp-content\/uploads\/2022\/01\/CBM6A0310-Sapato-PitStop-300x300.jpg",300,300,true],"medium_large":["https:\/\/maqtool.pt\/wp-content\/uploads\/2022\/01\/CBM6A0310-Sapato-PitStop-768x768.jpg",768,768,true],"large":["https:\/\/maqtool.pt\/wp-content\/uploads\/2022\/01\/CBM6A0310-Sapato-PitStop.jpg",800,800,false],"1536x1536":["https:\/\/maqtool.pt\/wp-content\/uploads\/2022\/01\/CBM6A0310-Sapato-PitStop.jpg",800,800,false],"2048x2048":["https:\/\/maqtool.pt\/wp-content\/uploads\/2022\/01\/CBM6A0310-Sapato-PitStop.jpg",800,800,false],"woocommerce_thumbnail":["https:\/\/maqtool.pt\/wp-content\/uploads\/2022\/01\/CBM6A0310-Sapato-PitStop-400x400.jpg",400,400,true],"woocommerce_single":["https:\/\/maqtool.pt\/wp-content\/uploads\/2022\/01\/CBM6A0310-Sapato-PitStop-600x600.jpg",600,600,true],"woocommerce_gallery_thumbnail":["https:\/\/maqtool.pt\/wp-content\/uploads\/2022\/01\/CBM6A0310-Sapato-PitStop-100x100.jpg",100,100,true]},"uagb_author_info":{"display_name":"Jo\u00e3o Santos","author_link":"https:\/\/maqtool.pt\/fr\/author\/"},"uagb_comment_info":0,"uagb_excerpt":"Cuir gaufr\u00e9 avec une excellente r\u00e9sistance \u00e0 l'eau, au p\u00e9trole et aux huiles. Tr\u00e8s flexible et avec d'excellentes caract\u00e9ristiques de transpiration. Doublure Poromax une technologie innovante qui, gr\u00e2ce \u00e0 une structure sp\u00e9ciale des chambres internes, \u00e9limine l'air chaud et humide sur la partie sup\u00e9rieure de la chaussure et facilite la r\u00e9partition uniforme de la temp\u00e9rature.\u2026","_links":{"self":[{"href":"https:\/\/maqtool.pt\/fr\/wp-json\/wp\/v2\/product\/28909","targetHints":{"allow":["GET"]}}],"collection":[{"href":"https:\/\/maqtool.pt\/fr\/wp-json\/wp\/v2\/product"}],"about":[{"href":"https:\/\/maqtool.pt\/fr\/wp-json\/wp\/v2\/types\/product"}],"wp:featuredmedia":[{"embeddable":true,"href":"https:\/\/maqtool.pt\/fr\/wp-json\/wp\/v2\/media\/23118"}],"wp:attachment":[{"href":"https:\/\/maqtool.pt\/fr\/wp-json\/wp\/v2\/media?parent=28909"}],"wp:term":[{"taxonomy":"product_brand","embeddable":true,"href":"https:\/\/maqtool.pt\/fr\/wp-json\/wp\/v2\/product_brand?post=28909"},{"taxonomy":"product_cat","embeddable":true,"href":"https:\/\/maqtool.pt\/fr\/wp-json\/wp\/v2\/product_cat?post=28909"},{"taxonomy":"product_tag","embeddable":true,"href":"https:\/\/maqtool.pt\/fr\/wp-json\/wp\/v2\/product_tag?post=28909"}],"curies":[{"name":"wp","href":"https:\/\/api.w.org\/{rel}","templated":true}]}}