{"id":29460,"date":"2022-01-31T09:52:14","date_gmt":"2022-01-31T09:52:14","guid":{"rendered":"https:\/\/maqtool.pt\/produto\/botte-de-securite-watt-sb-src-hro\/"},"modified":"2022-01-31T09:52:14","modified_gmt":"2022-01-31T09:52:14","slug":"botte-de-securite-watt-sb-src-hro","status":"publish","type":"product","link":"https:\/\/maqtool.pt\/fr\/produto\/botte-de-securite-watt-sb-src-hro\/","title":{"rendered":"Botte de s\u00e9curit\u00e9 WATT | SB | SRC | HRO"},"content":{"rendered":"<p><strong>Cuir Nubuck de qualit\u00e9 sup\u00e9rieure, durable, r\u00e9sistant et respirant.<\/strong><br \/>\n<strong>Doublure \u00e9tanche Sympatex qui permet l&rsquo;absorption et l&rsquo;\u00e9vacuation de la vapeur d&rsquo;eau \u00e0 travers la doublure vers l&rsquo;ext\u00e9rieur.<\/strong><br \/>\n<strong>Embout Carbonlight<\/strong><br \/>\n<strong>Plantar PU Insulator sp\u00e9cialement d\u00e9velopp\u00e9 pour ceux qui travaillent avec de l&rsquo;\u00e9lectricit\u00e9.<\/strong><br \/>\n<strong>Semelle int\u00e9rieure Q-Flex avec li\u00e8ge anti-perforation, non m\u00e9tallique et antistatique.<\/strong><br \/>\n<strong>Semelle PU FUSION (souple, l\u00e9g\u00e8re et confortable) et Caoutchouc Nitrile isolant contre les d\u00e9charges \u00e9lectrostatiques.<\/strong><br \/>\nTest\u00e9 et approuv\u00e9 avec une tension de 18 000V \u00e0 60Hz pendant une minute, conform\u00e9ment \u00e0 la norme am\u00e9ricaine ASTM F2413-18.<\/p>\n<p>Taille : 36-47<\/p>\n","protected":false},"excerpt":{"rendered":"<p><strong>Cuir Nubuck de qualit\u00e9 sup\u00e9rieure, durable, r\u00e9sistant et respirant.<\/strong><br \/>\n<strong>Doublure \u00e9tanche Sympatex qui permet l&rsquo;absorption et l&rsquo;\u00e9vacuation de la vapeur d&rsquo;eau \u00e0 travers la doublure vers l&rsquo;ext\u00e9rieur.<\/strong><br \/>\n<strong>Embout Carbonlight<\/strong><br \/>\n<strong>Plantar PU Insulator sp\u00e9cialement d\u00e9velopp\u00e9 pour ceux qui travaillent avec de l&rsquo;\u00e9lectricit\u00e9.<\/strong><\/p>\n<p>&nbsp;<\/p>\n","protected":false},"featured_media":23338,"template":"","meta":{"_eb_attr":"","_uag_custom_page_level_css":"","site-sidebar-layout":"default","site-content-layout":"default","ast-site-content-layout":"default","site-content-style":"default","site-sidebar-style":"default","ast-global-header-display":"","ast-banner-title-visibility":"","ast-main-header-display":"","ast-hfb-above-header-display":"","ast-hfb-below-header-display":"","ast-hfb-mobile-header-display":"","site-post-title":"","ast-breadcrumbs-content":"","ast-featured-img":"","footer-sml-layout":"","ast-disable-related-posts":"","theme-transparent-header-meta":"default","adv-header-id-meta":"","stick-header-meta":"default","header-above-stick-meta":"","header-main-stick-meta":"","header-below-stick-meta":"","astra-migrate-meta-layouts":"default","ast-page-background-enabled":"default","ast-page-background-meta":{"desktop":{"background-color":"","background-image":"","background-repeat":"repeat","background-position":"center center","background-size":"auto","background-attachment":"scroll","background-type":"","background-media":"","overlay-type":"","overlay-color":"","overlay-opacity":"","overlay-gradient":""},"tablet":{"background-color":"","background-image":"","background-repeat":"repeat","background-position":"center center","background-size":"auto","background-attachment":"scroll","background-type":"","background-media":"","overlay-type":"","overlay-color":"","overlay-opacity":"","overlay-gradient":""},"mobile":{"background-color":"","background-image":"","background-repeat":"repeat","background-position":"center center","background-size":"auto","background-attachment":"scroll","background-type":"","background-media":"","overlay-type":"","overlay-color":"","overlay-opacity":"","overlay-gradient":""}},"ast-content-background-meta":{"desktop":{"background-color":"var(--ast-global-color-5)","background-image":"","background-repeat":"repeat","background-position":"center center","background-size":"auto","background-attachment":"scroll","background-type":"","background-media":"","overlay-type":"","overlay-color":"","overlay-opacity":"","overlay-gradient":""},"tablet":{"background-color":"var(--ast-global-color-5)","background-image":"","background-repeat":"repeat","background-position":"center center","background-size":"auto","background-attachment":"scroll","background-type":"","background-media":"","overlay-type":"","overlay-color":"","overlay-opacity":"","overlay-gradient":""},"mobile":{"background-color":"var(--ast-global-color-5)","background-image":"","background-repeat":"repeat","background-position":"center center","background-size":"auto","background-attachment":"scroll","background-type":"","background-media":"","overlay-type":"","overlay-color":"","overlay-opacity":"","overlay-gradient":""}}},"product_brand":[],"product_cat":[5084,5121],"product_tag":[],"class_list":{"0":"post-29460","1":"product","2":"type-product","3":"status-publish","4":"has-post-thumbnail","6":"product_cat-equipement-de-protection","7":"product_cat-chaussures-de-securite","8":"desktop-align-center","9":"tablet-align-center","10":"mobile-align-center","11":"ast-product-gallery-layout-horizontal","12":"ast-product-gallery-with-no-image","13":"ast-product-single-variable","14":"ast-product-tabs-layout-horizontal","16":"first","17":"onbackorder","18":"taxable","19":"shipping-taxable","20":"product-type-variable"},"acf":[],"yoast_head":"<!-- This site is optimized with the Yoast SEO plugin v27.3 - https:\/\/yoast.com\/product\/yoast-seo-wordpress\/ -->\n<title>Botte de s\u00e9curit\u00e9 WATT | SB | SRC | HRO - MAQTOOL<\/title>\n<meta name=\"robots\" content=\"index, follow, max-snippet:-1, max-image-preview:large, max-video-preview:-1\" \/>\n<link rel=\"canonical\" href=\"https:\/\/maqtool.pt\/produto\/botte-de-securite-watt-sb-src-hro\/\" \/>\n<meta property=\"og:locale\" content=\"fr_FR\" \/>\n<meta property=\"og:type\" content=\"article\" \/>\n<meta property=\"og:title\" content=\"Botte de s\u00e9curit\u00e9 WATT | SB | SRC | HRO - MAQTOOL\" \/>\n<meta property=\"og:description\" content=\"Cuir Nubuck de qualit\u00e9 sup\u00e9rieure, durable, r\u00e9sistant et respirant. Doublure \u00e9tanche Sympatex qui permet l&#039;absorption et l&#039;\u00e9vacuation de la vapeur d&#039;eau \u00e0 travers la doublure vers l&#039;ext\u00e9rieur. Embout Carbonlight Plantar PU Insulator sp\u00e9cialement d\u00e9velopp\u00e9 pour ceux qui travaillent avec de l&#039;\u00e9lectricit\u00e9. &nbsp;\" \/>\n<meta property=\"og:url\" content=\"https:\/\/maqtool.pt\/produto\/botte-de-securite-watt-sb-src-hro\/\" \/>\n<meta property=\"og:site_name\" content=\"MAQTOOL\" \/>\n<meta property=\"article:publisher\" content=\"https:\/\/www.facebook.com\/cobermaster\" \/>\n<meta name=\"twitter:card\" content=\"summary_large_image\" \/>\n<meta name=\"twitter:label1\" content=\"Dur\u00e9e de lecture estim\u00e9e\" \/>\n\t<meta name=\"twitter:data1\" content=\"1 minute\" \/>\n<script type=\"application\/ld+json\" class=\"yoast-schema-graph\">{\"@context\":\"https:\\\/\\\/schema.org\",\"@graph\":[{\"@type\":\"WebPage\",\"@id\":\"https:\\\/\\\/maqtool.pt\\\/produto\\\/botte-de-securite-watt-sb-src-hro\\\/\",\"url\":\"https:\\\/\\\/maqtool.pt\\\/produto\\\/botte-de-securite-watt-sb-src-hro\\\/\",\"name\":\"Botte de s\u00e9curit\u00e9 WATT | SB | SRC | HRO - MAQTOOL\",\"isPartOf\":{\"@id\":\"https:\\\/\\\/maqtool.pt\\\/#website\"},\"primaryImageOfPage\":{\"@id\":\"https:\\\/\\\/maqtool.pt\\\/produto\\\/botte-de-securite-watt-sb-src-hro\\\/#primaryimage\"},\"image\":{\"@id\":\"https:\\\/\\\/maqtool.pt\\\/produto\\\/botte-de-securite-watt-sb-src-hro\\\/#primaryimage\"},\"thumbnailUrl\":\"https:\\\/\\\/maqtool.pt\\\/wp-content\\\/uploads\\\/2022\\\/01\\\/CBM6B15.20-Bota-WATT.jpg\",\"datePublished\":\"2022-01-31T09:52:14+00:00\",\"breadcrumb\":{\"@id\":\"https:\\\/\\\/maqtool.pt\\\/produto\\\/botte-de-securite-watt-sb-src-hro\\\/#breadcrumb\"},\"inLanguage\":\"fr-FR\",\"potentialAction\":[{\"@type\":\"ReadAction\",\"target\":[\"https:\\\/\\\/maqtool.pt\\\/produto\\\/botte-de-securite-watt-sb-src-hro\\\/\"]}]},{\"@type\":\"ImageObject\",\"inLanguage\":\"fr-FR\",\"@id\":\"https:\\\/\\\/maqtool.pt\\\/produto\\\/botte-de-securite-watt-sb-src-hro\\\/#primaryimage\",\"url\":\"https:\\\/\\\/maqtool.pt\\\/wp-content\\\/uploads\\\/2022\\\/01\\\/CBM6B15.20-Bota-WATT.jpg\",\"contentUrl\":\"https:\\\/\\\/maqtool.pt\\\/wp-content\\\/uploads\\\/2022\\\/01\\\/CBM6B15.20-Bota-WATT.jpg\",\"width\":800,\"height\":800},{\"@type\":\"BreadcrumbList\",\"@id\":\"https:\\\/\\\/maqtool.pt\\\/produto\\\/botte-de-securite-watt-sb-src-hro\\\/#breadcrumb\",\"itemListElement\":[{\"@type\":\"ListItem\",\"position\":1,\"name\":\"In\u00edcio\",\"item\":\"https:\\\/\\\/maqtool.pt\\\/fr\\\/home\\\/\"},{\"@type\":\"ListItem\",\"position\":2,\"name\":\"Produtos\",\"item\":\"https:\\\/\\\/maqtool.pt\\\/produtos\\\/\"},{\"@type\":\"ListItem\",\"position\":3,\"name\":\"Botte de s\u00e9curit\u00e9 WATT | SB | SRC | HRO\"}]},{\"@type\":\"WebSite\",\"@id\":\"https:\\\/\\\/maqtool.pt\\\/#website\",\"url\":\"https:\\\/\\\/maqtool.pt\\\/\",\"name\":\"Cobermaster Industry\",\"description\":\"\",\"publisher\":{\"@id\":\"https:\\\/\\\/maqtool.pt\\\/#organization\"},\"potentialAction\":[{\"@type\":\"SearchAction\",\"target\":{\"@type\":\"EntryPoint\",\"urlTemplate\":\"https:\\\/\\\/maqtool.pt\\\/?s={search_term_string}\"},\"query-input\":{\"@type\":\"PropertyValueSpecification\",\"valueRequired\":true,\"valueName\":\"search_term_string\"}}],\"inLanguage\":\"fr-FR\"},{\"@type\":\"Organization\",\"@id\":\"https:\\\/\\\/maqtool.pt\\\/#organization\",\"name\":\"MAQTOOL\",\"url\":\"https:\\\/\\\/maqtool.pt\\\/\",\"logo\":{\"@type\":\"ImageObject\",\"inLanguage\":\"fr-FR\",\"@id\":\"https:\\\/\\\/maqtool.pt\\\/#\\\/schema\\\/logo\\\/image\\\/\",\"url\":\"https:\\\/\\\/maqtool.pt\\\/wp-content\\\/uploads\\\/2022\\\/09\\\/MAQTOOL-LOGO.jpg\",\"contentUrl\":\"https:\\\/\\\/maqtool.pt\\\/wp-content\\\/uploads\\\/2022\\\/09\\\/MAQTOOL-LOGO.jpg\",\"width\":762,\"height\":228,\"caption\":\"MAQTOOL\"},\"image\":{\"@id\":\"https:\\\/\\\/maqtool.pt\\\/#\\\/schema\\\/logo\\\/image\\\/\"},\"sameAs\":[\"https:\\\/\\\/www.facebook.com\\\/cobermaster\"]}]}<\/script>\n<!-- \/ Yoast SEO plugin. -->","yoast_head_json":{"title":"Botte de s\u00e9curit\u00e9 WATT | SB | SRC | HRO - MAQTOOL","robots":{"index":"index","follow":"follow","max-snippet":"max-snippet:-1","max-image-preview":"max-image-preview:large","max-video-preview":"max-video-preview:-1"},"canonical":"https:\/\/maqtool.pt\/produto\/botte-de-securite-watt-sb-src-hro\/","og_locale":"fr_FR","og_type":"article","og_title":"Botte de s\u00e9curit\u00e9 WATT | SB | SRC | HRO - MAQTOOL","og_description":"Cuir Nubuck de qualit\u00e9 sup\u00e9rieure, durable, r\u00e9sistant et respirant. Doublure \u00e9tanche Sympatex qui permet l'absorption et l'\u00e9vacuation de la vapeur d'eau \u00e0 travers la doublure vers l'ext\u00e9rieur. Embout Carbonlight Plantar PU Insulator sp\u00e9cialement d\u00e9velopp\u00e9 pour ceux qui travaillent avec de l'\u00e9lectricit\u00e9. &nbsp;","og_url":"https:\/\/maqtool.pt\/produto\/botte-de-securite-watt-sb-src-hro\/","og_site_name":"MAQTOOL","article_publisher":"https:\/\/www.facebook.com\/cobermaster","twitter_card":"summary_large_image","twitter_misc":{"Dur\u00e9e de lecture estim\u00e9e":"1 minute"},"schema":{"@context":"https:\/\/schema.org","@graph":[{"@type":"WebPage","@id":"https:\/\/maqtool.pt\/produto\/botte-de-securite-watt-sb-src-hro\/","url":"https:\/\/maqtool.pt\/produto\/botte-de-securite-watt-sb-src-hro\/","name":"Botte de s\u00e9curit\u00e9 WATT | SB | SRC | HRO - MAQTOOL","isPartOf":{"@id":"https:\/\/maqtool.pt\/#website"},"primaryImageOfPage":{"@id":"https:\/\/maqtool.pt\/produto\/botte-de-securite-watt-sb-src-hro\/#primaryimage"},"image":{"@id":"https:\/\/maqtool.pt\/produto\/botte-de-securite-watt-sb-src-hro\/#primaryimage"},"thumbnailUrl":"https:\/\/maqtool.pt\/wp-content\/uploads\/2022\/01\/CBM6B15.20-Bota-WATT.jpg","datePublished":"2022-01-31T09:52:14+00:00","breadcrumb":{"@id":"https:\/\/maqtool.pt\/produto\/botte-de-securite-watt-sb-src-hro\/#breadcrumb"},"inLanguage":"fr-FR","potentialAction":[{"@type":"ReadAction","target":["https:\/\/maqtool.pt\/produto\/botte-de-securite-watt-sb-src-hro\/"]}]},{"@type":"ImageObject","inLanguage":"fr-FR","@id":"https:\/\/maqtool.pt\/produto\/botte-de-securite-watt-sb-src-hro\/#primaryimage","url":"https:\/\/maqtool.pt\/wp-content\/uploads\/2022\/01\/CBM6B15.20-Bota-WATT.jpg","contentUrl":"https:\/\/maqtool.pt\/wp-content\/uploads\/2022\/01\/CBM6B15.20-Bota-WATT.jpg","width":800,"height":800},{"@type":"BreadcrumbList","@id":"https:\/\/maqtool.pt\/produto\/botte-de-securite-watt-sb-src-hro\/#breadcrumb","itemListElement":[{"@type":"ListItem","position":1,"name":"In\u00edcio","item":"https:\/\/maqtool.pt\/fr\/home\/"},{"@type":"ListItem","position":2,"name":"Produtos","item":"https:\/\/maqtool.pt\/produtos\/"},{"@type":"ListItem","position":3,"name":"Botte de s\u00e9curit\u00e9 WATT | SB | SRC | HRO"}]},{"@type":"WebSite","@id":"https:\/\/maqtool.pt\/#website","url":"https:\/\/maqtool.pt\/","name":"Cobermaster Industry","description":"","publisher":{"@id":"https:\/\/maqtool.pt\/#organization"},"potentialAction":[{"@type":"SearchAction","target":{"@type":"EntryPoint","urlTemplate":"https:\/\/maqtool.pt\/?s={search_term_string}"},"query-input":{"@type":"PropertyValueSpecification","valueRequired":true,"valueName":"search_term_string"}}],"inLanguage":"fr-FR"},{"@type":"Organization","@id":"https:\/\/maqtool.pt\/#organization","name":"MAQTOOL","url":"https:\/\/maqtool.pt\/","logo":{"@type":"ImageObject","inLanguage":"fr-FR","@id":"https:\/\/maqtool.pt\/#\/schema\/logo\/image\/","url":"https:\/\/maqtool.pt\/wp-content\/uploads\/2022\/09\/MAQTOOL-LOGO.jpg","contentUrl":"https:\/\/maqtool.pt\/wp-content\/uploads\/2022\/09\/MAQTOOL-LOGO.jpg","width":762,"height":228,"caption":"MAQTOOL"},"image":{"@id":"https:\/\/maqtool.pt\/#\/schema\/logo\/image\/"},"sameAs":["https:\/\/www.facebook.com\/cobermaster"]}]}},"uagb_featured_image_src":{"full":["https:\/\/maqtool.pt\/wp-content\/uploads\/2022\/01\/CBM6B15.20-Bota-WATT.jpg",800,800,false],"thumbnail":["https:\/\/maqtool.pt\/wp-content\/uploads\/2022\/01\/CBM6B15.20-Bota-WATT-150x150.jpg",150,150,true],"medium":["https:\/\/maqtool.pt\/wp-content\/uploads\/2022\/01\/CBM6B15.20-Bota-WATT-300x300.jpg",300,300,true],"medium_large":["https:\/\/maqtool.pt\/wp-content\/uploads\/2022\/01\/CBM6B15.20-Bota-WATT-768x768.jpg",768,768,true],"large":["https:\/\/maqtool.pt\/wp-content\/uploads\/2022\/01\/CBM6B15.20-Bota-WATT.jpg",800,800,false],"1536x1536":["https:\/\/maqtool.pt\/wp-content\/uploads\/2022\/01\/CBM6B15.20-Bota-WATT.jpg",800,800,false],"2048x2048":["https:\/\/maqtool.pt\/wp-content\/uploads\/2022\/01\/CBM6B15.20-Bota-WATT.jpg",800,800,false],"woocommerce_thumbnail":["https:\/\/maqtool.pt\/wp-content\/uploads\/2022\/01\/CBM6B15.20-Bota-WATT-400x400.jpg",400,400,true],"woocommerce_single":["https:\/\/maqtool.pt\/wp-content\/uploads\/2022\/01\/CBM6B15.20-Bota-WATT-600x600.jpg",600,600,true],"woocommerce_gallery_thumbnail":["https:\/\/maqtool.pt\/wp-content\/uploads\/2022\/01\/CBM6B15.20-Bota-WATT-100x100.jpg",100,100,true]},"uagb_author_info":{"display_name":"Jo\u00e3o Santos","author_link":"https:\/\/maqtool.pt\/fr\/author\/"},"uagb_comment_info":0,"uagb_excerpt":"Cuir Nubuck de qualit\u00e9 sup\u00e9rieure, durable, r\u00e9sistant et respirant. Doublure \u00e9tanche Sympatex qui permet l'absorption et l'\u00e9vacuation de la vapeur d'eau \u00e0 travers la doublure vers l'ext\u00e9rieur. Embout Carbonlight Plantar PU Insulator sp\u00e9cialement d\u00e9velopp\u00e9 pour ceux qui travaillent avec de l'\u00e9lectricit\u00e9. &nbsp;","_links":{"self":[{"href":"https:\/\/maqtool.pt\/fr\/wp-json\/wp\/v2\/product\/29460","targetHints":{"allow":["GET"]}}],"collection":[{"href":"https:\/\/maqtool.pt\/fr\/wp-json\/wp\/v2\/product"}],"about":[{"href":"https:\/\/maqtool.pt\/fr\/wp-json\/wp\/v2\/types\/product"}],"wp:featuredmedia":[{"embeddable":true,"href":"https:\/\/maqtool.pt\/fr\/wp-json\/wp\/v2\/media\/23338"}],"wp:attachment":[{"href":"https:\/\/maqtool.pt\/fr\/wp-json\/wp\/v2\/media?parent=29460"}],"wp:term":[{"taxonomy":"product_brand","embeddable":true,"href":"https:\/\/maqtool.pt\/fr\/wp-json\/wp\/v2\/product_brand?post=29460"},{"taxonomy":"product_cat","embeddable":true,"href":"https:\/\/maqtool.pt\/fr\/wp-json\/wp\/v2\/product_cat?post=29460"},{"taxonomy":"product_tag","embeddable":true,"href":"https:\/\/maqtool.pt\/fr\/wp-json\/wp\/v2\/product_tag?post=29460"}],"curies":[{"name":"wp","href":"https:\/\/api.w.org\/{rel}","templated":true}]}}