{"id":29694,"date":"2022-01-31T09:57:02","date_gmt":"2022-01-31T09:57:02","guid":{"rendered":"https:\/\/maqtool.pt\/produto\/botte-de-securite-beja-s3-src\/"},"modified":"2022-12-22T16:18:30","modified_gmt":"2022-12-22T16:18:30","slug":"botte-de-securite-beja-s3-src","status":"publish","type":"product","link":"https:\/\/maqtool.pt\/fr\/produto\/botte-de-securite-beja-s3-src\/","title":{"rendered":"Botte de Securit\u00e9 BEJA | S3 | SRC"},"content":{"rendered":"<p><strong>Cuir de fleur naturel de haute qualit\u00e9 avec une excellente r\u00e9sistance \u00e0 l&rsquo;eau, au p\u00e9trole et aux huiles.<\/strong> Tr\u00e8s flexible et avec d&rsquo;excellentes caract\u00e9ristiques de transpiration.<br \/>\n<strong>Doublure Mesh Space 3D en tissu mesh pour une excellente respirabilit\u00e9.<\/strong><br \/>\n<strong>CarbonLight, embout en polycarbonate.<\/strong><br \/>\n<strong>Q-Flex, semelle int\u00e9rieure non m\u00e9tallique, flexible et antistatique, r\u00e9sistante \u00e0 la perforation.<\/strong> Isolant thermiquement.<br \/>\n<strong>Coussinets de confort avec points antistatiques.<\/strong> Assure un plus grand confort et stabilit\u00e9 du pied. Lavable et amovible.<br \/>\n<strong>Botte de s\u00e9curit\u00e9 non m\u00e9tallique.<\/strong><br \/>\n<strong>Semelle \u00e0 deux couches : PU\/PU.<\/strong><br \/>\n<strong>Semelle intercalaire en polyur\u00e9thane souple qui garantit un excellent retour d&rsquo;\u00e9nergie d&rsquo;impact, une douceur et un confort id\u00e9al pour une utilisation prolong\u00e9e qui, en combinaison avec la semelle rigide en polyur\u00e9thane, offre une bonne adh\u00e9rence, avec une excellente r\u00e9sistance \u00e0 l&rsquo;abrasion.<\/strong><br \/>\n<strong>Largeur :<\/strong> 11<\/p>\n<p>Taille : 36-47<\/p>\n","protected":false},"excerpt":{"rendered":"<p><strong>Cuir de fleur naturel de haute qualit\u00e9 avec une excellente r\u00e9sistance \u00e0 l&rsquo;eau, au p\u00e9trole et aux huiles.<\/strong> Tr\u00e8s flexible et avec d&rsquo;excellentes caract\u00e9ristiques de transpiration.<br \/>\n<strong>Doublure Mesh Space 3D en tissu mesh pour une excellente respirabilit\u00e9.<\/strong><br \/>\n<strong>CarbonLight, embout en polycarbonate.<\/strong><\/p>\n","protected":false},"featured_media":23348,"template":"","meta":{"_eb_attr":"","_uag_custom_page_level_css":"","site-sidebar-layout":"default","site-content-layout":"default","ast-site-content-layout":"default","site-content-style":"default","site-sidebar-style":"default","ast-global-header-display":"","ast-banner-title-visibility":"","ast-main-header-display":"","ast-hfb-above-header-display":"","ast-hfb-below-header-display":"","ast-hfb-mobile-header-display":"","site-post-title":"","ast-breadcrumbs-content":"","ast-featured-img":"","footer-sml-layout":"","ast-disable-related-posts":"","theme-transparent-header-meta":"default","adv-header-id-meta":"","stick-header-meta":"default","header-above-stick-meta":"","header-main-stick-meta":"","header-below-stick-meta":"","astra-migrate-meta-layouts":"default","ast-page-background-enabled":"default","ast-page-background-meta":{"desktop":{"background-color":"","background-image":"","background-repeat":"repeat","background-position":"center center","background-size":"auto","background-attachment":"scroll","background-type":"","background-media":"","overlay-type":"","overlay-color":"","overlay-opacity":"","overlay-gradient":""},"tablet":{"background-color":"","background-image":"","background-repeat":"repeat","background-position":"center center","background-size":"auto","background-attachment":"scroll","background-type":"","background-media":"","overlay-type":"","overlay-color":"","overlay-opacity":"","overlay-gradient":""},"mobile":{"background-color":"","background-image":"","background-repeat":"repeat","background-position":"center center","background-size":"auto","background-attachment":"scroll","background-type":"","background-media":"","overlay-type":"","overlay-color":"","overlay-opacity":"","overlay-gradient":""}},"ast-content-background-meta":{"desktop":{"background-color":"var(--ast-global-color-5)","background-image":"","background-repeat":"repeat","background-position":"center center","background-size":"auto","background-attachment":"scroll","background-type":"","background-media":"","overlay-type":"","overlay-color":"","overlay-opacity":"","overlay-gradient":""},"tablet":{"background-color":"var(--ast-global-color-5)","background-image":"","background-repeat":"repeat","background-position":"center center","background-size":"auto","background-attachment":"scroll","background-type":"","background-media":"","overlay-type":"","overlay-color":"","overlay-opacity":"","overlay-gradient":""},"mobile":{"background-color":"var(--ast-global-color-5)","background-image":"","background-repeat":"repeat","background-position":"center center","background-size":"auto","background-attachment":"scroll","background-type":"","background-media":"","overlay-type":"","overlay-color":"","overlay-opacity":"","overlay-gradient":""}}},"product_brand":[],"product_cat":[5084,5121],"product_tag":[],"class_list":{"0":"post-29694","1":"product","2":"type-product","3":"status-publish","4":"has-post-thumbnail","6":"product_cat-equipement-de-protection","7":"product_cat-chaussures-de-securite","8":"desktop-align-center","9":"tablet-align-center","10":"mobile-align-center","11":"ast-product-gallery-layout-horizontal","12":"ast-product-gallery-with-no-image","13":"ast-product-single-variable","14":"ast-product-tabs-layout-horizontal","16":"first","17":"onbackorder","18":"taxable","19":"shipping-taxable","20":"product-type-variable"},"acf":[],"yoast_head":"<!-- This site is optimized with the Yoast SEO plugin v27.2 - https:\/\/yoast.com\/product\/yoast-seo-wordpress\/ -->\n<title>Botte de Securit\u00e9 BEJA | S3 | SRC - MAQTOOL<\/title>\n<meta name=\"robots\" content=\"index, follow, max-snippet:-1, max-image-preview:large, max-video-preview:-1\" \/>\n<link rel=\"canonical\" href=\"https:\/\/maqtool.pt\/fr\/produto\/botte-de-securite-beja-s3-src\/\" \/>\n<meta property=\"og:locale\" content=\"fr_FR\" \/>\n<meta property=\"og:type\" content=\"article\" \/>\n<meta property=\"og:title\" content=\"Botte de Securit\u00e9 BEJA | S3 | SRC - MAQTOOL\" \/>\n<meta property=\"og:description\" content=\"Cuir de fleur naturel de haute qualit\u00e9 avec une excellente r\u00e9sistance \u00e0 l&#039;eau, au p\u00e9trole et aux huiles. Tr\u00e8s flexible et avec d&#039;excellentes caract\u00e9ristiques de transpiration. Doublure Mesh Space 3D en tissu mesh pour une excellente respirabilit\u00e9. CarbonLight, embout en polycarbonate.\" \/>\n<meta property=\"og:url\" content=\"https:\/\/maqtool.pt\/fr\/produto\/botte-de-securite-beja-s3-src\/\" \/>\n<meta property=\"og:site_name\" content=\"MAQTOOL\" \/>\n<meta property=\"article:publisher\" content=\"https:\/\/www.facebook.com\/cobermaster\" \/>\n<meta property=\"article:modified_time\" content=\"2022-12-22T16:18:30+00:00\" \/>\n<meta property=\"og:image\" content=\"https:\/\/maqtool.pt\/wp-content\/uploads\/2022\/01\/CBM6B51.90-Bota-Beja.jpg\" \/>\n\t<meta property=\"og:image:width\" content=\"800\" \/>\n\t<meta property=\"og:image:height\" content=\"800\" \/>\n\t<meta property=\"og:image:type\" content=\"image\/jpeg\" \/>\n<meta name=\"twitter:card\" content=\"summary_large_image\" \/>\n<meta name=\"twitter:label1\" content=\"Dur\u00e9e de lecture estim\u00e9e\" \/>\n\t<meta name=\"twitter:data1\" content=\"1 minute\" \/>\n<script type=\"application\/ld+json\" class=\"yoast-schema-graph\">{\"@context\":\"https:\/\/schema.org\",\"@graph\":[{\"@type\":\"WebPage\",\"@id\":\"https:\/\/maqtool.pt\/fr\/produto\/botte-de-securite-beja-s3-src\/\",\"url\":\"https:\/\/maqtool.pt\/fr\/produto\/botte-de-securite-beja-s3-src\/\",\"name\":\"Botte de Securit\u00e9 BEJA | S3 | SRC - MAQTOOL\",\"isPartOf\":{\"@id\":\"https:\/\/maqtool.pt\/#website\"},\"primaryImageOfPage\":{\"@id\":\"https:\/\/maqtool.pt\/fr\/produto\/botte-de-securite-beja-s3-src\/#primaryimage\"},\"image\":{\"@id\":\"https:\/\/maqtool.pt\/fr\/produto\/botte-de-securite-beja-s3-src\/#primaryimage\"},\"thumbnailUrl\":\"https:\/\/maqtool.pt\/wp-content\/uploads\/2022\/01\/CBM6B51.90-Bota-Beja.jpg\",\"datePublished\":\"2022-01-31T09:57:02+00:00\",\"dateModified\":\"2022-12-22T16:18:30+00:00\",\"breadcrumb\":{\"@id\":\"https:\/\/maqtool.pt\/fr\/produto\/botte-de-securite-beja-s3-src\/#breadcrumb\"},\"inLanguage\":\"fr-FR\",\"potentialAction\":[{\"@type\":\"ReadAction\",\"target\":[\"https:\/\/maqtool.pt\/fr\/produto\/botte-de-securite-beja-s3-src\/\"]}]},{\"@type\":\"ImageObject\",\"inLanguage\":\"fr-FR\",\"@id\":\"https:\/\/maqtool.pt\/fr\/produto\/botte-de-securite-beja-s3-src\/#primaryimage\",\"url\":\"https:\/\/maqtool.pt\/wp-content\/uploads\/2022\/01\/CBM6B51.90-Bota-Beja.jpg\",\"contentUrl\":\"https:\/\/maqtool.pt\/wp-content\/uploads\/2022\/01\/CBM6B51.90-Bota-Beja.jpg\",\"width\":800,\"height\":800},{\"@type\":\"BreadcrumbList\",\"@id\":\"https:\/\/maqtool.pt\/fr\/produto\/botte-de-securite-beja-s3-src\/#breadcrumb\",\"itemListElement\":[{\"@type\":\"ListItem\",\"position\":1,\"name\":\"In\u00edcio\",\"item\":\"https:\/\/maqtool.pt\/fr\/home\/\"},{\"@type\":\"ListItem\",\"position\":2,\"name\":\"Produtos\",\"item\":\"https:\/\/maqtool.pt\/produtos\/\"},{\"@type\":\"ListItem\",\"position\":3,\"name\":\"Botte de Securit\u00e9 BEJA | S3 | SRC\"}]},{\"@type\":\"WebSite\",\"@id\":\"https:\/\/maqtool.pt\/#website\",\"url\":\"https:\/\/maqtool.pt\/\",\"name\":\"Cobermaster Industry\",\"description\":\"\",\"publisher\":{\"@id\":\"https:\/\/maqtool.pt\/#organization\"},\"potentialAction\":[{\"@type\":\"SearchAction\",\"target\":{\"@type\":\"EntryPoint\",\"urlTemplate\":\"https:\/\/maqtool.pt\/?s={search_term_string}\"},\"query-input\":{\"@type\":\"PropertyValueSpecification\",\"valueRequired\":true,\"valueName\":\"search_term_string\"}}],\"inLanguage\":\"fr-FR\"},{\"@type\":\"Organization\",\"@id\":\"https:\/\/maqtool.pt\/#organization\",\"name\":\"MAQTOOL\",\"url\":\"https:\/\/maqtool.pt\/\",\"logo\":{\"@type\":\"ImageObject\",\"inLanguage\":\"fr-FR\",\"@id\":\"https:\/\/maqtool.pt\/#\/schema\/logo\/image\/\",\"url\":\"https:\/\/maqtool.pt\/wp-content\/uploads\/2022\/09\/MAQTOOL-LOGO.jpg\",\"contentUrl\":\"https:\/\/maqtool.pt\/wp-content\/uploads\/2022\/09\/MAQTOOL-LOGO.jpg\",\"width\":762,\"height\":228,\"caption\":\"MAQTOOL\"},\"image\":{\"@id\":\"https:\/\/maqtool.pt\/#\/schema\/logo\/image\/\"},\"sameAs\":[\"https:\/\/www.facebook.com\/cobermaster\"]}]}<\/script>\n<!-- \/ Yoast SEO plugin. -->","yoast_head_json":{"title":"Botte de Securit\u00e9 BEJA | S3 | SRC - MAQTOOL","robots":{"index":"index","follow":"follow","max-snippet":"max-snippet:-1","max-image-preview":"max-image-preview:large","max-video-preview":"max-video-preview:-1"},"canonical":"https:\/\/maqtool.pt\/fr\/produto\/botte-de-securite-beja-s3-src\/","og_locale":"fr_FR","og_type":"article","og_title":"Botte de Securit\u00e9 BEJA | S3 | SRC - MAQTOOL","og_description":"Cuir de fleur naturel de haute qualit\u00e9 avec une excellente r\u00e9sistance \u00e0 l'eau, au p\u00e9trole et aux huiles. Tr\u00e8s flexible et avec d'excellentes caract\u00e9ristiques de transpiration. Doublure Mesh Space 3D en tissu mesh pour une excellente respirabilit\u00e9. CarbonLight, embout en polycarbonate.","og_url":"https:\/\/maqtool.pt\/fr\/produto\/botte-de-securite-beja-s3-src\/","og_site_name":"MAQTOOL","article_publisher":"https:\/\/www.facebook.com\/cobermaster","article_modified_time":"2022-12-22T16:18:30+00:00","og_image":[{"width":800,"height":800,"url":"https:\/\/maqtool.pt\/wp-content\/uploads\/2022\/01\/CBM6B51.90-Bota-Beja.jpg","type":"image\/jpeg"}],"twitter_card":"summary_large_image","twitter_misc":{"Dur\u00e9e de lecture estim\u00e9e":"1 minute"},"schema":{"@context":"https:\/\/schema.org","@graph":[{"@type":"WebPage","@id":"https:\/\/maqtool.pt\/fr\/produto\/botte-de-securite-beja-s3-src\/","url":"https:\/\/maqtool.pt\/fr\/produto\/botte-de-securite-beja-s3-src\/","name":"Botte de Securit\u00e9 BEJA | S3 | SRC - MAQTOOL","isPartOf":{"@id":"https:\/\/maqtool.pt\/#website"},"primaryImageOfPage":{"@id":"https:\/\/maqtool.pt\/fr\/produto\/botte-de-securite-beja-s3-src\/#primaryimage"},"image":{"@id":"https:\/\/maqtool.pt\/fr\/produto\/botte-de-securite-beja-s3-src\/#primaryimage"},"thumbnailUrl":"https:\/\/maqtool.pt\/wp-content\/uploads\/2022\/01\/CBM6B51.90-Bota-Beja.jpg","datePublished":"2022-01-31T09:57:02+00:00","dateModified":"2022-12-22T16:18:30+00:00","breadcrumb":{"@id":"https:\/\/maqtool.pt\/fr\/produto\/botte-de-securite-beja-s3-src\/#breadcrumb"},"inLanguage":"fr-FR","potentialAction":[{"@type":"ReadAction","target":["https:\/\/maqtool.pt\/fr\/produto\/botte-de-securite-beja-s3-src\/"]}]},{"@type":"ImageObject","inLanguage":"fr-FR","@id":"https:\/\/maqtool.pt\/fr\/produto\/botte-de-securite-beja-s3-src\/#primaryimage","url":"https:\/\/maqtool.pt\/wp-content\/uploads\/2022\/01\/CBM6B51.90-Bota-Beja.jpg","contentUrl":"https:\/\/maqtool.pt\/wp-content\/uploads\/2022\/01\/CBM6B51.90-Bota-Beja.jpg","width":800,"height":800},{"@type":"BreadcrumbList","@id":"https:\/\/maqtool.pt\/fr\/produto\/botte-de-securite-beja-s3-src\/#breadcrumb","itemListElement":[{"@type":"ListItem","position":1,"name":"In\u00edcio","item":"https:\/\/maqtool.pt\/fr\/home\/"},{"@type":"ListItem","position":2,"name":"Produtos","item":"https:\/\/maqtool.pt\/produtos\/"},{"@type":"ListItem","position":3,"name":"Botte de Securit\u00e9 BEJA | S3 | SRC"}]},{"@type":"WebSite","@id":"https:\/\/maqtool.pt\/#website","url":"https:\/\/maqtool.pt\/","name":"Cobermaster Industry","description":"","publisher":{"@id":"https:\/\/maqtool.pt\/#organization"},"potentialAction":[{"@type":"SearchAction","target":{"@type":"EntryPoint","urlTemplate":"https:\/\/maqtool.pt\/?s={search_term_string}"},"query-input":{"@type":"PropertyValueSpecification","valueRequired":true,"valueName":"search_term_string"}}],"inLanguage":"fr-FR"},{"@type":"Organization","@id":"https:\/\/maqtool.pt\/#organization","name":"MAQTOOL","url":"https:\/\/maqtool.pt\/","logo":{"@type":"ImageObject","inLanguage":"fr-FR","@id":"https:\/\/maqtool.pt\/#\/schema\/logo\/image\/","url":"https:\/\/maqtool.pt\/wp-content\/uploads\/2022\/09\/MAQTOOL-LOGO.jpg","contentUrl":"https:\/\/maqtool.pt\/wp-content\/uploads\/2022\/09\/MAQTOOL-LOGO.jpg","width":762,"height":228,"caption":"MAQTOOL"},"image":{"@id":"https:\/\/maqtool.pt\/#\/schema\/logo\/image\/"},"sameAs":["https:\/\/www.facebook.com\/cobermaster"]}]}},"uagb_featured_image_src":{"full":["https:\/\/maqtool.pt\/wp-content\/uploads\/2022\/01\/CBM6B51.90-Bota-Beja.jpg",800,800,false],"thumbnail":["https:\/\/maqtool.pt\/wp-content\/uploads\/2022\/01\/CBM6B51.90-Bota-Beja-150x150.jpg",150,150,true],"medium":["https:\/\/maqtool.pt\/wp-content\/uploads\/2022\/01\/CBM6B51.90-Bota-Beja-300x300.jpg",300,300,true],"medium_large":["https:\/\/maqtool.pt\/wp-content\/uploads\/2022\/01\/CBM6B51.90-Bota-Beja-768x768.jpg",768,768,true],"large":["https:\/\/maqtool.pt\/wp-content\/uploads\/2022\/01\/CBM6B51.90-Bota-Beja.jpg",800,800,false],"1536x1536":["https:\/\/maqtool.pt\/wp-content\/uploads\/2022\/01\/CBM6B51.90-Bota-Beja.jpg",800,800,false],"2048x2048":["https:\/\/maqtool.pt\/wp-content\/uploads\/2022\/01\/CBM6B51.90-Bota-Beja.jpg",800,800,false],"woocommerce_thumbnail":["https:\/\/maqtool.pt\/wp-content\/uploads\/2022\/01\/CBM6B51.90-Bota-Beja-400x400.jpg",400,400,true],"woocommerce_single":["https:\/\/maqtool.pt\/wp-content\/uploads\/2022\/01\/CBM6B51.90-Bota-Beja-600x600.jpg",600,600,true],"woocommerce_gallery_thumbnail":["https:\/\/maqtool.pt\/wp-content\/uploads\/2022\/01\/CBM6B51.90-Bota-Beja-100x100.jpg",100,100,true]},"uagb_author_info":{"display_name":"Jo\u00e3o Santos","author_link":"https:\/\/maqtool.pt\/fr\/author\/"},"uagb_comment_info":0,"uagb_excerpt":"Cuir de fleur naturel de haute qualit\u00e9 avec une excellente r\u00e9sistance \u00e0 l'eau, au p\u00e9trole et aux huiles. Tr\u00e8s flexible et avec d'excellentes caract\u00e9ristiques de transpiration. Doublure Mesh Space 3D en tissu mesh pour une excellente respirabilit\u00e9. CarbonLight, embout en polycarbonate.","_links":{"self":[{"href":"https:\/\/maqtool.pt\/fr\/wp-json\/wp\/v2\/product\/29694","targetHints":{"allow":["GET"]}}],"collection":[{"href":"https:\/\/maqtool.pt\/fr\/wp-json\/wp\/v2\/product"}],"about":[{"href":"https:\/\/maqtool.pt\/fr\/wp-json\/wp\/v2\/types\/product"}],"wp:featuredmedia":[{"embeddable":true,"href":"https:\/\/maqtool.pt\/fr\/wp-json\/wp\/v2\/media\/23348"}],"wp:attachment":[{"href":"https:\/\/maqtool.pt\/fr\/wp-json\/wp\/v2\/media?parent=29694"}],"wp:term":[{"taxonomy":"product_brand","embeddable":true,"href":"https:\/\/maqtool.pt\/fr\/wp-json\/wp\/v2\/product_brand?post=29694"},{"taxonomy":"product_cat","embeddable":true,"href":"https:\/\/maqtool.pt\/fr\/wp-json\/wp\/v2\/product_cat?post=29694"},{"taxonomy":"product_tag","embeddable":true,"href":"https:\/\/maqtool.pt\/fr\/wp-json\/wp\/v2\/product_tag?post=29694"}],"curies":[{"name":"wp","href":"https:\/\/api.w.org\/{rel}","templated":true}]}}