{"id":29756,"date":"2022-10-24T14:01:52","date_gmt":"2022-10-24T14:01:52","guid":{"rendered":"https:\/\/maqtool.pt\/produto\/marteau-piqueur-sds-max-10-kg-1600w\/"},"modified":"2022-10-24T14:01:52","modified_gmt":"2022-10-24T14:01:52","slug":"marteau-piqueur-sds-max-10-kg-1600w","status":"publish","type":"product","link":"https:\/\/maqtool.pt\/fr\/produto\/marteau-piqueur-sds-max-10-kg-1600w\/","title":{"rendered":"Marteau piqueur SDS-MAX 10 KG 1600W"},"content":{"rendered":"<p><strong>Caract\u00e9ristiques<\/strong><\/p>\n<table>\n<tbody>\n<tr>\n<td>poids (kg)<\/td>\n<td>10.5<\/td>\n<\/tr>\n<tr>\n<td>Impacts par minute<\/td>\n<td>1,890<\/td>\n<\/tr>\n<tr>\n<td>\u00c9nergie d&rsquo;impact (J)<\/td>\n<td>5-15<\/td>\n<\/tr>\n<tr>\n<td>Puissance absorb\u00e9e (W)<\/td>\n<td>1600<\/td>\n<\/tr>\n<\/tbody>\n<\/table>\n<p><strong>\u00c9quipement<\/strong><\/p>\n<table>\n<tbody>\n<tr>\n<td>valise<\/td>\n<\/tr>\n<tr>\n<td>Marteau de d\u00e9monstration STANLEY\u00ae FATMAX\u00ae 1600W 5-15J 10kg SDS MAX<\/td>\n<\/tr>\n<\/tbody>\n<\/table>\n<p>&nbsp;<\/p>\n","protected":false},"excerpt":{"rendered":"<ul class=\"feat_and_ben\">\n<li>Design ergonomique gr\u00e2ce au rev\u00eatement amidonn\u00e9 sur le manche. Ses faibles vibrations et sa manipulation ais\u00e9e optimisent l&rsquo;utilisation et r\u00e9duisent la fatigue de l&rsquo;utilisateur.<\/li>\n<li>Travaux de burinage et de d\u00e9molition rapides et faciles gr\u00e2ce \u00e0 son moteur de 1600 W d\u00e9livrant jusqu&rsquo;\u00e0 15 J (EPTA) d&rsquo;\u00e9nergie d&rsquo;impact \u00e0 vitesse variable.<\/li>\n<li>Con\u00e7u pour les professionnels. Ce marteau est con\u00e7u et test\u00e9 pour r\u00e9sister \u00e0 l&rsquo;usure g\u00e9n\u00e9r\u00e9e par les t\u00e2ches professionnelles.<\/li>\n<\/ul>\n","protected":false},"featured_media":26626,"template":"","meta":{"_eb_attr":"","_uag_custom_page_level_css":"","site-sidebar-layout":"default","site-content-layout":"default","ast-site-content-layout":"default","site-content-style":"default","site-sidebar-style":"default","ast-global-header-display":"","ast-banner-title-visibility":"","ast-main-header-display":"","ast-hfb-above-header-display":"","ast-hfb-below-header-display":"","ast-hfb-mobile-header-display":"","site-post-title":"","ast-breadcrumbs-content":"","ast-featured-img":"","footer-sml-layout":"","ast-disable-related-posts":"","theme-transparent-header-meta":"default","adv-header-id-meta":"","stick-header-meta":"default","header-above-stick-meta":"","header-main-stick-meta":"","header-below-stick-meta":"","astra-migrate-meta-layouts":"default","ast-page-background-enabled":"default","ast-page-background-meta":{"desktop":{"background-color":"","background-image":"","background-repeat":"repeat","background-position":"center center","background-size":"auto","background-attachment":"scroll","background-type":"","background-media":"","overlay-type":"","overlay-color":"","overlay-opacity":"","overlay-gradient":""},"tablet":{"background-color":"","background-image":"","background-repeat":"repeat","background-position":"center center","background-size":"auto","background-attachment":"scroll","background-type":"","background-media":"","overlay-type":"","overlay-color":"","overlay-opacity":"","overlay-gradient":""},"mobile":{"background-color":"","background-image":"","background-repeat":"repeat","background-position":"center center","background-size":"auto","background-attachment":"scroll","background-type":"","background-media":"","overlay-type":"","overlay-color":"","overlay-opacity":"","overlay-gradient":""}},"ast-content-background-meta":{"desktop":{"background-color":"var(--ast-global-color-5)","background-image":"","background-repeat":"repeat","background-position":"center center","background-size":"auto","background-attachment":"scroll","background-type":"","background-media":"","overlay-type":"","overlay-color":"","overlay-opacity":"","overlay-gradient":""},"tablet":{"background-color":"var(--ast-global-color-5)","background-image":"","background-repeat":"repeat","background-position":"center center","background-size":"auto","background-attachment":"scroll","background-type":"","background-media":"","overlay-type":"","overlay-color":"","overlay-opacity":"","overlay-gradient":""},"mobile":{"background-color":"var(--ast-global-color-5)","background-image":"","background-repeat":"repeat","background-position":"center center","background-size":"auto","background-attachment":"scroll","background-type":"","background-media":"","overlay-type":"","overlay-color":"","overlay-opacity":"","overlay-gradient":""}}},"product_brand":[],"product_cat":[5081,6777],"product_tag":[],"class_list":{"0":"post-29756","1":"product","2":"type-product","3":"status-publish","4":"has-post-thumbnail","6":"product_cat-outillage-et-accessoires","7":"product_cat-outils-electriques","8":"desktop-align-center","9":"tablet-align-center","10":"mobile-align-center","11":"ast-product-gallery-layout-horizontal","12":"ast-product-gallery-with-no-image","13":"ast-product-tabs-layout-horizontal","15":"first","16":"onbackorder","17":"taxable","18":"shipping-taxable","19":"product-type-simple"},"acf":[],"yoast_head":"<!-- This site is optimized with the Yoast SEO plugin v27.2 - https:\/\/yoast.com\/product\/yoast-seo-wordpress\/ -->\n<title>Marteau piqueur SDS-MAX 10 KG 1600W - MAQTOOL<\/title>\n<meta name=\"robots\" content=\"index, follow, max-snippet:-1, max-image-preview:large, max-video-preview:-1\" \/>\n<link rel=\"canonical\" href=\"https:\/\/maqtool.pt\/produto\/marteau-piqueur-sds-max-10-kg-1600w\/\" \/>\n<meta property=\"og:locale\" content=\"fr_FR\" \/>\n<meta property=\"og:type\" content=\"article\" \/>\n<meta property=\"og:title\" content=\"Marteau piqueur SDS-MAX 10 KG 1600W - MAQTOOL\" \/>\n<meta property=\"og:description\" content=\"Design ergonomique gr\u00e2ce au rev\u00eatement amidonn\u00e9 sur le manche. Ses faibles vibrations et sa manipulation ais\u00e9e optimisent l&#039;utilisation et r\u00e9duisent la fatigue de l&#039;utilisateur.  Travaux de burinage et de d\u00e9molition rapides et faciles gr\u00e2ce \u00e0 son moteur de 1600 W d\u00e9livrant jusqu&#039;\u00e0 15 J (EPTA) d&#039;\u00e9nergie d&#039;impact \u00e0 vitesse variable.  Con\u00e7u pour les professionnels. Ce marteau est con\u00e7u et test\u00e9 pour r\u00e9sister \u00e0 l&#039;usure g\u00e9n\u00e9r\u00e9e par les t\u00e2ches professionnelles.\" \/>\n<meta property=\"og:url\" content=\"https:\/\/maqtool.pt\/produto\/marteau-piqueur-sds-max-10-kg-1600w\/\" \/>\n<meta property=\"og:site_name\" content=\"MAQTOOL\" \/>\n<meta property=\"article:publisher\" content=\"https:\/\/www.facebook.com\/cobermaster\" \/>\n<meta name=\"twitter:card\" content=\"summary_large_image\" \/>\n<script type=\"application\/ld+json\" class=\"yoast-schema-graph\">{\"@context\":\"https:\/\/schema.org\",\"@graph\":[{\"@type\":\"WebPage\",\"@id\":\"https:\/\/maqtool.pt\/produto\/marteau-piqueur-sds-max-10-kg-1600w\/\",\"url\":\"https:\/\/maqtool.pt\/produto\/marteau-piqueur-sds-max-10-kg-1600w\/\",\"name\":\"Marteau piqueur SDS-MAX 10 KG 1600W - MAQTOOL\",\"isPartOf\":{\"@id\":\"https:\/\/maqtool.pt\/#website\"},\"primaryImageOfPage\":{\"@id\":\"https:\/\/maqtool.pt\/produto\/marteau-piqueur-sds-max-10-kg-1600w\/#primaryimage\"},\"image\":{\"@id\":\"https:\/\/maqtool.pt\/produto\/marteau-piqueur-sds-max-10-kg-1600w\/#primaryimage\"},\"thumbnailUrl\":\"https:\/\/maqtool.pt\/wp-content\/uploads\/2022\/10\/MAQ-SFMEH230K-MARTELO-DEMOLIDOR.jpg\",\"datePublished\":\"2022-10-24T14:01:52+00:00\",\"breadcrumb\":{\"@id\":\"https:\/\/maqtool.pt\/produto\/marteau-piqueur-sds-max-10-kg-1600w\/#breadcrumb\"},\"inLanguage\":\"fr-FR\",\"potentialAction\":[{\"@type\":\"ReadAction\",\"target\":[\"https:\/\/maqtool.pt\/produto\/marteau-piqueur-sds-max-10-kg-1600w\/\"]}]},{\"@type\":\"ImageObject\",\"inLanguage\":\"fr-FR\",\"@id\":\"https:\/\/maqtool.pt\/produto\/marteau-piqueur-sds-max-10-kg-1600w\/#primaryimage\",\"url\":\"https:\/\/maqtool.pt\/wp-content\/uploads\/2022\/10\/MAQ-SFMEH230K-MARTELO-DEMOLIDOR.jpg\",\"contentUrl\":\"https:\/\/maqtool.pt\/wp-content\/uploads\/2022\/10\/MAQ-SFMEH230K-MARTELO-DEMOLIDOR.jpg\",\"width\":800,\"height\":800},{\"@type\":\"BreadcrumbList\",\"@id\":\"https:\/\/maqtool.pt\/produto\/marteau-piqueur-sds-max-10-kg-1600w\/#breadcrumb\",\"itemListElement\":[{\"@type\":\"ListItem\",\"position\":1,\"name\":\"In\u00edcio\",\"item\":\"https:\/\/maqtool.pt\/fr\/home\/\"},{\"@type\":\"ListItem\",\"position\":2,\"name\":\"Produtos\",\"item\":\"https:\/\/maqtool.pt\/produtos\/\"},{\"@type\":\"ListItem\",\"position\":3,\"name\":\"Marteau piqueur SDS-MAX 10 KG 1600W\"}]},{\"@type\":\"WebSite\",\"@id\":\"https:\/\/maqtool.pt\/#website\",\"url\":\"https:\/\/maqtool.pt\/\",\"name\":\"Cobermaster Industry\",\"description\":\"\",\"publisher\":{\"@id\":\"https:\/\/maqtool.pt\/#organization\"},\"potentialAction\":[{\"@type\":\"SearchAction\",\"target\":{\"@type\":\"EntryPoint\",\"urlTemplate\":\"https:\/\/maqtool.pt\/?s={search_term_string}\"},\"query-input\":{\"@type\":\"PropertyValueSpecification\",\"valueRequired\":true,\"valueName\":\"search_term_string\"}}],\"inLanguage\":\"fr-FR\"},{\"@type\":\"Organization\",\"@id\":\"https:\/\/maqtool.pt\/#organization\",\"name\":\"MAQTOOL\",\"url\":\"https:\/\/maqtool.pt\/\",\"logo\":{\"@type\":\"ImageObject\",\"inLanguage\":\"fr-FR\",\"@id\":\"https:\/\/maqtool.pt\/#\/schema\/logo\/image\/\",\"url\":\"https:\/\/maqtool.pt\/wp-content\/uploads\/2022\/09\/MAQTOOL-LOGO.jpg\",\"contentUrl\":\"https:\/\/maqtool.pt\/wp-content\/uploads\/2022\/09\/MAQTOOL-LOGO.jpg\",\"width\":762,\"height\":228,\"caption\":\"MAQTOOL\"},\"image\":{\"@id\":\"https:\/\/maqtool.pt\/#\/schema\/logo\/image\/\"},\"sameAs\":[\"https:\/\/www.facebook.com\/cobermaster\"]}]}<\/script>\n<!-- \/ Yoast SEO plugin. -->","yoast_head_json":{"title":"Marteau piqueur SDS-MAX 10 KG 1600W - MAQTOOL","robots":{"index":"index","follow":"follow","max-snippet":"max-snippet:-1","max-image-preview":"max-image-preview:large","max-video-preview":"max-video-preview:-1"},"canonical":"https:\/\/maqtool.pt\/produto\/marteau-piqueur-sds-max-10-kg-1600w\/","og_locale":"fr_FR","og_type":"article","og_title":"Marteau piqueur SDS-MAX 10 KG 1600W - MAQTOOL","og_description":"Design ergonomique gr\u00e2ce au rev\u00eatement amidonn\u00e9 sur le manche. Ses faibles vibrations et sa manipulation ais\u00e9e optimisent l'utilisation et r\u00e9duisent la fatigue de l'utilisateur.  Travaux de burinage et de d\u00e9molition rapides et faciles gr\u00e2ce \u00e0 son moteur de 1600 W d\u00e9livrant jusqu'\u00e0 15 J (EPTA) d'\u00e9nergie d'impact \u00e0 vitesse variable.  Con\u00e7u pour les professionnels. Ce marteau est con\u00e7u et test\u00e9 pour r\u00e9sister \u00e0 l'usure g\u00e9n\u00e9r\u00e9e par les t\u00e2ches professionnelles.","og_url":"https:\/\/maqtool.pt\/produto\/marteau-piqueur-sds-max-10-kg-1600w\/","og_site_name":"MAQTOOL","article_publisher":"https:\/\/www.facebook.com\/cobermaster","twitter_card":"summary_large_image","schema":{"@context":"https:\/\/schema.org","@graph":[{"@type":"WebPage","@id":"https:\/\/maqtool.pt\/produto\/marteau-piqueur-sds-max-10-kg-1600w\/","url":"https:\/\/maqtool.pt\/produto\/marteau-piqueur-sds-max-10-kg-1600w\/","name":"Marteau piqueur SDS-MAX 10 KG 1600W - MAQTOOL","isPartOf":{"@id":"https:\/\/maqtool.pt\/#website"},"primaryImageOfPage":{"@id":"https:\/\/maqtool.pt\/produto\/marteau-piqueur-sds-max-10-kg-1600w\/#primaryimage"},"image":{"@id":"https:\/\/maqtool.pt\/produto\/marteau-piqueur-sds-max-10-kg-1600w\/#primaryimage"},"thumbnailUrl":"https:\/\/maqtool.pt\/wp-content\/uploads\/2022\/10\/MAQ-SFMEH230K-MARTELO-DEMOLIDOR.jpg","datePublished":"2022-10-24T14:01:52+00:00","breadcrumb":{"@id":"https:\/\/maqtool.pt\/produto\/marteau-piqueur-sds-max-10-kg-1600w\/#breadcrumb"},"inLanguage":"fr-FR","potentialAction":[{"@type":"ReadAction","target":["https:\/\/maqtool.pt\/produto\/marteau-piqueur-sds-max-10-kg-1600w\/"]}]},{"@type":"ImageObject","inLanguage":"fr-FR","@id":"https:\/\/maqtool.pt\/produto\/marteau-piqueur-sds-max-10-kg-1600w\/#primaryimage","url":"https:\/\/maqtool.pt\/wp-content\/uploads\/2022\/10\/MAQ-SFMEH230K-MARTELO-DEMOLIDOR.jpg","contentUrl":"https:\/\/maqtool.pt\/wp-content\/uploads\/2022\/10\/MAQ-SFMEH230K-MARTELO-DEMOLIDOR.jpg","width":800,"height":800},{"@type":"BreadcrumbList","@id":"https:\/\/maqtool.pt\/produto\/marteau-piqueur-sds-max-10-kg-1600w\/#breadcrumb","itemListElement":[{"@type":"ListItem","position":1,"name":"In\u00edcio","item":"https:\/\/maqtool.pt\/fr\/home\/"},{"@type":"ListItem","position":2,"name":"Produtos","item":"https:\/\/maqtool.pt\/produtos\/"},{"@type":"ListItem","position":3,"name":"Marteau piqueur SDS-MAX 10 KG 1600W"}]},{"@type":"WebSite","@id":"https:\/\/maqtool.pt\/#website","url":"https:\/\/maqtool.pt\/","name":"Cobermaster Industry","description":"","publisher":{"@id":"https:\/\/maqtool.pt\/#organization"},"potentialAction":[{"@type":"SearchAction","target":{"@type":"EntryPoint","urlTemplate":"https:\/\/maqtool.pt\/?s={search_term_string}"},"query-input":{"@type":"PropertyValueSpecification","valueRequired":true,"valueName":"search_term_string"}}],"inLanguage":"fr-FR"},{"@type":"Organization","@id":"https:\/\/maqtool.pt\/#organization","name":"MAQTOOL","url":"https:\/\/maqtool.pt\/","logo":{"@type":"ImageObject","inLanguage":"fr-FR","@id":"https:\/\/maqtool.pt\/#\/schema\/logo\/image\/","url":"https:\/\/maqtool.pt\/wp-content\/uploads\/2022\/09\/MAQTOOL-LOGO.jpg","contentUrl":"https:\/\/maqtool.pt\/wp-content\/uploads\/2022\/09\/MAQTOOL-LOGO.jpg","width":762,"height":228,"caption":"MAQTOOL"},"image":{"@id":"https:\/\/maqtool.pt\/#\/schema\/logo\/image\/"},"sameAs":["https:\/\/www.facebook.com\/cobermaster"]}]}},"uagb_featured_image_src":{"full":["https:\/\/maqtool.pt\/wp-content\/uploads\/2022\/10\/MAQ-SFMEH230K-MARTELO-DEMOLIDOR.jpg",800,800,false],"thumbnail":["https:\/\/maqtool.pt\/wp-content\/uploads\/2022\/10\/MAQ-SFMEH230K-MARTELO-DEMOLIDOR-150x150.jpg",150,150,true],"medium":["https:\/\/maqtool.pt\/wp-content\/uploads\/2022\/10\/MAQ-SFMEH230K-MARTELO-DEMOLIDOR-300x300.jpg",300,300,true],"medium_large":["https:\/\/maqtool.pt\/wp-content\/uploads\/2022\/10\/MAQ-SFMEH230K-MARTELO-DEMOLIDOR-768x768.jpg",768,768,true],"large":["https:\/\/maqtool.pt\/wp-content\/uploads\/2022\/10\/MAQ-SFMEH230K-MARTELO-DEMOLIDOR.jpg",800,800,false],"1536x1536":["https:\/\/maqtool.pt\/wp-content\/uploads\/2022\/10\/MAQ-SFMEH230K-MARTELO-DEMOLIDOR.jpg",800,800,false],"2048x2048":["https:\/\/maqtool.pt\/wp-content\/uploads\/2022\/10\/MAQ-SFMEH230K-MARTELO-DEMOLIDOR.jpg",800,800,false],"woocommerce_thumbnail":["https:\/\/maqtool.pt\/wp-content\/uploads\/2022\/10\/MAQ-SFMEH230K-MARTELO-DEMOLIDOR-400x400.jpg",400,400,true],"woocommerce_single":["https:\/\/maqtool.pt\/wp-content\/uploads\/2022\/10\/MAQ-SFMEH230K-MARTELO-DEMOLIDOR-600x600.jpg",600,600,true],"woocommerce_gallery_thumbnail":["https:\/\/maqtool.pt\/wp-content\/uploads\/2022\/10\/MAQ-SFMEH230K-MARTELO-DEMOLIDOR-100x100.jpg",100,100,true]},"uagb_author_info":{"display_name":"Jo\u00e3o Santos","author_link":"https:\/\/maqtool.pt\/fr\/author\/"},"uagb_comment_info":0,"uagb_excerpt":"Design ergonomique gr\u00e2ce au rev\u00eatement amidonn\u00e9 sur le manche. Ses faibles vibrations et sa manipulation ais\u00e9e optimisent l'utilisation et r\u00e9duisent la fatigue de l'utilisateur. Travaux de burinage et de d\u00e9molition rapides et faciles gr\u00e2ce \u00e0 son moteur de 1600 W d\u00e9livrant jusqu'\u00e0 15 J (EPTA) d'\u00e9nergie d'impact \u00e0 vitesse variable. Con\u00e7u pour les professionnels. Ce\u2026","_links":{"self":[{"href":"https:\/\/maqtool.pt\/fr\/wp-json\/wp\/v2\/product\/29756","targetHints":{"allow":["GET"]}}],"collection":[{"href":"https:\/\/maqtool.pt\/fr\/wp-json\/wp\/v2\/product"}],"about":[{"href":"https:\/\/maqtool.pt\/fr\/wp-json\/wp\/v2\/types\/product"}],"wp:featuredmedia":[{"embeddable":true,"href":"https:\/\/maqtool.pt\/fr\/wp-json\/wp\/v2\/media\/26626"}],"wp:attachment":[{"href":"https:\/\/maqtool.pt\/fr\/wp-json\/wp\/v2\/media?parent=29756"}],"wp:term":[{"taxonomy":"product_brand","embeddable":true,"href":"https:\/\/maqtool.pt\/fr\/wp-json\/wp\/v2\/product_brand?post=29756"},{"taxonomy":"product_cat","embeddable":true,"href":"https:\/\/maqtool.pt\/fr\/wp-json\/wp\/v2\/product_cat?post=29756"},{"taxonomy":"product_tag","embeddable":true,"href":"https:\/\/maqtool.pt\/fr\/wp-json\/wp\/v2\/product_tag?post=29756"}],"curies":[{"name":"wp","href":"https:\/\/api.w.org\/{rel}","templated":true}]}}