{"id":29759,"date":"2022-10-24T14:06:21","date_gmt":"2022-10-24T14:06:21","guid":{"rendered":"https:\/\/maqtool.pt\/produto\/perceuse-a-percussion-brushless-v20-li-ion-18v-sans-chargeur-ni-batterie\/"},"modified":"2022-10-24T14:06:21","modified_gmt":"2022-10-24T14:06:21","slug":"perceuse-a-percussion-brushless-v20-li-ion-18v-sans-chargeur-de-batterie","status":"publish","type":"product","link":"https:\/\/maqtool.pt\/fr\/produto\/perceuse-a-percussion-brushless-v20-li-ion-18v-sans-chargeur-de-batterie\/","title":{"rendered":"Perceuse \u00e0 percussion Brushless V20 Li-ion 18V Sans chargeur ni batterie"},"content":{"rendered":"<p><strong>Caract\u00e9ristiques:<\/strong><\/p>\n<table>\n<tbody>\n<tr>\n<td>Coups par minute (ipm)<\/td>\n<td>35,700<\/td>\n<\/tr>\n<tr>\n<td>Espace de rangement<\/td>\n<td>na<\/td>\n<\/tr>\n<tr>\n<td>Capacit\u00e9 de la batterie (Ah)<\/td>\n<td>na<\/td>\n<\/tr>\n<tr>\n<td>Vitesse \u00e0 vide (tr\/min)<\/td>\n<td>0-600\/2,100<\/td>\n<\/tr>\n<tr>\n<td>Max. Couple (Nm)<\/td>\n<td>80<\/td>\n<\/tr>\n<tr>\n<td>Temps de charge (min.)<\/td>\n<td>na<\/td>\n<\/tr>\n<tr>\n<td>Puissance (V)<\/td>\n<td>18<\/td>\n<\/tr>\n<\/tbody>\n<\/table>\n<p>&nbsp;<\/p>\n<p><strong>\u00c9quipement:<\/strong><\/p>\n<table>\n<tbody>\n<tr>\n<td>Perceuse \u00e0 percussion Brushless V20 li-Ion 18V<\/td>\n<\/tr>\n<\/tbody>\n<\/table>\n<p>&nbsp;<\/p>\n","protected":false},"excerpt":{"rendered":"<ul class=\"feat_and_ben\">\n<li>Puissant moteur brushless \u00e0 2 vitesses qui offre plus de puissance et d&rsquo;autonomie.<\/li>\n<li>Couple maximal de 80 Nm pour les travaux de vissage et de per\u00e7age exigeants.<\/li>\n<li>Douille en m\u00e9tal de 13 mm qui offre une plus grande r\u00e9sistance et durabilit\u00e9.<\/li>\n<li>14 r\u00e9glages de couple pour un meilleur contr\u00f4le dans les t\u00e2ches de vissage.<\/li>\n<li>Action d&rsquo;impact dans les ouvrages de ma\u00e7onnerie et de b\u00e9ton.<\/li>\n<li>Conception l\u00e9g\u00e8re, compacte et ergonomique. Eclairage LED int\u00e9gr\u00e9.<\/li>\n<li>Il fait partie du nouveau syst\u00e8me sans fil STANLEY\u00ae FATMAX\u00ae V20 Lithium-Ion 18V.<\/li>\n<\/ul>\n","protected":false},"featured_media":26631,"template":"","meta":{"_eb_attr":"","_uag_custom_page_level_css":"","site-sidebar-layout":"default","site-content-layout":"default","ast-site-content-layout":"default","site-content-style":"default","site-sidebar-style":"default","ast-global-header-display":"","ast-banner-title-visibility":"","ast-main-header-display":"","ast-hfb-above-header-display":"","ast-hfb-below-header-display":"","ast-hfb-mobile-header-display":"","site-post-title":"","ast-breadcrumbs-content":"","ast-featured-img":"","footer-sml-layout":"","ast-disable-related-posts":"","theme-transparent-header-meta":"default","adv-header-id-meta":"","stick-header-meta":"default","header-above-stick-meta":"","header-main-stick-meta":"","header-below-stick-meta":"","astra-migrate-meta-layouts":"default","ast-page-background-enabled":"default","ast-page-background-meta":{"desktop":{"background-color":"","background-image":"","background-repeat":"repeat","background-position":"center center","background-size":"auto","background-attachment":"scroll","background-type":"","background-media":"","overlay-type":"","overlay-color":"","overlay-opacity":"","overlay-gradient":""},"tablet":{"background-color":"","background-image":"","background-repeat":"repeat","background-position":"center center","background-size":"auto","background-attachment":"scroll","background-type":"","background-media":"","overlay-type":"","overlay-color":"","overlay-opacity":"","overlay-gradient":""},"mobile":{"background-color":"","background-image":"","background-repeat":"repeat","background-position":"center center","background-size":"auto","background-attachment":"scroll","background-type":"","background-media":"","overlay-type":"","overlay-color":"","overlay-opacity":"","overlay-gradient":""}},"ast-content-background-meta":{"desktop":{"background-color":"var(--ast-global-color-5)","background-image":"","background-repeat":"repeat","background-position":"center center","background-size":"auto","background-attachment":"scroll","background-type":"","background-media":"","overlay-type":"","overlay-color":"","overlay-opacity":"","overlay-gradient":""},"tablet":{"background-color":"var(--ast-global-color-5)","background-image":"","background-repeat":"repeat","background-position":"center center","background-size":"auto","background-attachment":"scroll","background-type":"","background-media":"","overlay-type":"","overlay-color":"","overlay-opacity":"","overlay-gradient":""},"mobile":{"background-color":"var(--ast-global-color-5)","background-image":"","background-repeat":"repeat","background-position":"center center","background-size":"auto","background-attachment":"scroll","background-type":"","background-media":"","overlay-type":"","overlay-color":"","overlay-opacity":"","overlay-gradient":""}}},"product_brand":[],"product_cat":[6777,5081],"product_tag":[],"class_list":{"0":"post-29759","1":"product","2":"type-product","3":"status-publish","4":"has-post-thumbnail","6":"product_cat-outils-electriques","7":"product_cat-outillage-et-accessoires","8":"desktop-align-center","9":"tablet-align-center","10":"mobile-align-center","11":"ast-product-gallery-layout-horizontal","12":"ast-product-gallery-with-no-image","13":"ast-product-tabs-layout-horizontal","15":"first","16":"onbackorder","17":"taxable","18":"shipping-taxable","19":"product-type-simple"},"acf":[],"yoast_head":"<!-- This site is optimized with the Yoast SEO plugin v27.2 - https:\/\/yoast.com\/product\/yoast-seo-wordpress\/ -->\n<title>Perceuse \u00e0 percussion Brushless V20 Li-ion 18V Sans chargeur ni batterie - MAQTOOL<\/title>\n<meta name=\"robots\" content=\"index, follow, max-snippet:-1, max-image-preview:large, max-video-preview:-1\" \/>\n<link rel=\"canonical\" href=\"https:\/\/maqtool.pt\/produto\/perceuse-a-percussion-brushless-v20-li-ion-18v-sans-chargeur-ni-batterie\/\" \/>\n<meta property=\"og:locale\" content=\"fr_FR\" \/>\n<meta property=\"og:type\" content=\"article\" \/>\n<meta property=\"og:title\" content=\"Perceuse \u00e0 percussion Brushless V20 Li-ion 18V Sans chargeur ni batterie - MAQTOOL\" \/>\n<meta property=\"og:description\" content=\"Puissant moteur brushless \u00e0 2 vitesses qui offre plus de puissance et d&#039;autonomie.  Couple maximal de 80 Nm pour les travaux de vissage et de per\u00e7age exigeants.  Douille en m\u00e9tal de 13 mm qui offre une plus grande r\u00e9sistance et durabilit\u00e9.  14 r\u00e9glages de couple pour un meilleur contr\u00f4le dans les t\u00e2ches de vissage.  Action d&#039;impact dans les ouvrages de ma\u00e7onnerie et de b\u00e9ton.  Conception l\u00e9g\u00e8re, compacte et ergonomique. Eclairage LED int\u00e9gr\u00e9.  Il fait partie du nouveau syst\u00e8me sans fil STANLEY\u00ae FATMAX\u00ae V20 Lithium-Ion 18V.\" \/>\n<meta property=\"og:url\" content=\"https:\/\/maqtool.pt\/produto\/perceuse-a-percussion-brushless-v20-li-ion-18v-sans-chargeur-ni-batterie\/\" \/>\n<meta property=\"og:site_name\" content=\"MAQTOOL\" \/>\n<meta property=\"article:publisher\" content=\"https:\/\/www.facebook.com\/cobermaster\" \/>\n<meta name=\"twitter:card\" content=\"summary_large_image\" \/>\n<script type=\"application\/ld+json\" class=\"yoast-schema-graph\">{\"@context\":\"https:\/\/schema.org\",\"@graph\":[{\"@type\":\"WebPage\",\"@id\":\"https:\/\/maqtool.pt\/produto\/perceuse-a-percussion-brushless-v20-li-ion-18v-sans-chargeur-ni-batterie\/\",\"url\":\"https:\/\/maqtool.pt\/produto\/perceuse-a-percussion-brushless-v20-li-ion-18v-sans-chargeur-ni-batterie\/\",\"name\":\"Perceuse \u00e0 percussion Brushless V20 Li-ion 18V Sans chargeur ni batterie - MAQTOOL\",\"isPartOf\":{\"@id\":\"https:\/\/maqtool.pt\/#website\"},\"primaryImageOfPage\":{\"@id\":\"https:\/\/maqtool.pt\/produto\/perceuse-a-percussion-brushless-v20-li-ion-18v-sans-chargeur-ni-batterie\/#primaryimage\"},\"image\":{\"@id\":\"https:\/\/maqtool.pt\/produto\/perceuse-a-percussion-brushless-v20-li-ion-18v-sans-chargeur-ni-batterie\/#primaryimage\"},\"thumbnailUrl\":\"https:\/\/maqtool.pt\/wp-content\/uploads\/2022\/10\/MAQ-SFMCD721B-Berbequim-de-Percussao.jpg\",\"datePublished\":\"2022-10-24T14:06:21+00:00\",\"breadcrumb\":{\"@id\":\"https:\/\/maqtool.pt\/produto\/perceuse-a-percussion-brushless-v20-li-ion-18v-sans-chargeur-ni-batterie\/#breadcrumb\"},\"inLanguage\":\"fr-FR\",\"potentialAction\":[{\"@type\":\"ReadAction\",\"target\":[\"https:\/\/maqtool.pt\/produto\/perceuse-a-percussion-brushless-v20-li-ion-18v-sans-chargeur-ni-batterie\/\"]}]},{\"@type\":\"ImageObject\",\"inLanguage\":\"fr-FR\",\"@id\":\"https:\/\/maqtool.pt\/produto\/perceuse-a-percussion-brushless-v20-li-ion-18v-sans-chargeur-ni-batterie\/#primaryimage\",\"url\":\"https:\/\/maqtool.pt\/wp-content\/uploads\/2022\/10\/MAQ-SFMCD721B-Berbequim-de-Percussao.jpg\",\"contentUrl\":\"https:\/\/maqtool.pt\/wp-content\/uploads\/2022\/10\/MAQ-SFMCD721B-Berbequim-de-Percussao.jpg\",\"width\":800,\"height\":800},{\"@type\":\"BreadcrumbList\",\"@id\":\"https:\/\/maqtool.pt\/produto\/perceuse-a-percussion-brushless-v20-li-ion-18v-sans-chargeur-ni-batterie\/#breadcrumb\",\"itemListElement\":[{\"@type\":\"ListItem\",\"position\":1,\"name\":\"In\u00edcio\",\"item\":\"https:\/\/maqtool.pt\/fr\/home\/\"},{\"@type\":\"ListItem\",\"position\":2,\"name\":\"Produtos\",\"item\":\"https:\/\/maqtool.pt\/produtos\/\"},{\"@type\":\"ListItem\",\"position\":3,\"name\":\"Perceuse \u00e0 percussion Brushless V20 Li-ion 18V Sans chargeur ni batterie\"}]},{\"@type\":\"WebSite\",\"@id\":\"https:\/\/maqtool.pt\/#website\",\"url\":\"https:\/\/maqtool.pt\/\",\"name\":\"Cobermaster Industry\",\"description\":\"\",\"publisher\":{\"@id\":\"https:\/\/maqtool.pt\/#organization\"},\"potentialAction\":[{\"@type\":\"SearchAction\",\"target\":{\"@type\":\"EntryPoint\",\"urlTemplate\":\"https:\/\/maqtool.pt\/?s={search_term_string}\"},\"query-input\":{\"@type\":\"PropertyValueSpecification\",\"valueRequired\":true,\"valueName\":\"search_term_string\"}}],\"inLanguage\":\"fr-FR\"},{\"@type\":\"Organization\",\"@id\":\"https:\/\/maqtool.pt\/#organization\",\"name\":\"MAQTOOL\",\"url\":\"https:\/\/maqtool.pt\/\",\"logo\":{\"@type\":\"ImageObject\",\"inLanguage\":\"fr-FR\",\"@id\":\"https:\/\/maqtool.pt\/#\/schema\/logo\/image\/\",\"url\":\"https:\/\/maqtool.pt\/wp-content\/uploads\/2022\/09\/MAQTOOL-LOGO.jpg\",\"contentUrl\":\"https:\/\/maqtool.pt\/wp-content\/uploads\/2022\/09\/MAQTOOL-LOGO.jpg\",\"width\":762,\"height\":228,\"caption\":\"MAQTOOL\"},\"image\":{\"@id\":\"https:\/\/maqtool.pt\/#\/schema\/logo\/image\/\"},\"sameAs\":[\"https:\/\/www.facebook.com\/cobermaster\"]}]}<\/script>\n<!-- \/ Yoast SEO plugin. -->","yoast_head_json":{"title":"Perceuse \u00e0 percussion Brushless V20 Li-ion 18V Sans chargeur ni batterie - MAQTOOL","robots":{"index":"index","follow":"follow","max-snippet":"max-snippet:-1","max-image-preview":"max-image-preview:large","max-video-preview":"max-video-preview:-1"},"canonical":"https:\/\/maqtool.pt\/produto\/perceuse-a-percussion-brushless-v20-li-ion-18v-sans-chargeur-ni-batterie\/","og_locale":"fr_FR","og_type":"article","og_title":"Perceuse \u00e0 percussion Brushless V20 Li-ion 18V Sans chargeur ni batterie - MAQTOOL","og_description":"Puissant moteur brushless \u00e0 2 vitesses qui offre plus de puissance et d'autonomie.  Couple maximal de 80 Nm pour les travaux de vissage et de per\u00e7age exigeants.  Douille en m\u00e9tal de 13 mm qui offre une plus grande r\u00e9sistance et durabilit\u00e9.  14 r\u00e9glages de couple pour un meilleur contr\u00f4le dans les t\u00e2ches de vissage.  Action d'impact dans les ouvrages de ma\u00e7onnerie et de b\u00e9ton.  Conception l\u00e9g\u00e8re, compacte et ergonomique. Eclairage LED int\u00e9gr\u00e9.  Il fait partie du nouveau syst\u00e8me sans fil STANLEY\u00ae FATMAX\u00ae V20 Lithium-Ion 18V.","og_url":"https:\/\/maqtool.pt\/produto\/perceuse-a-percussion-brushless-v20-li-ion-18v-sans-chargeur-ni-batterie\/","og_site_name":"MAQTOOL","article_publisher":"https:\/\/www.facebook.com\/cobermaster","twitter_card":"summary_large_image","schema":{"@context":"https:\/\/schema.org","@graph":[{"@type":"WebPage","@id":"https:\/\/maqtool.pt\/produto\/perceuse-a-percussion-brushless-v20-li-ion-18v-sans-chargeur-ni-batterie\/","url":"https:\/\/maqtool.pt\/produto\/perceuse-a-percussion-brushless-v20-li-ion-18v-sans-chargeur-ni-batterie\/","name":"Perceuse \u00e0 percussion Brushless V20 Li-ion 18V Sans chargeur ni batterie - MAQTOOL","isPartOf":{"@id":"https:\/\/maqtool.pt\/#website"},"primaryImageOfPage":{"@id":"https:\/\/maqtool.pt\/produto\/perceuse-a-percussion-brushless-v20-li-ion-18v-sans-chargeur-ni-batterie\/#primaryimage"},"image":{"@id":"https:\/\/maqtool.pt\/produto\/perceuse-a-percussion-brushless-v20-li-ion-18v-sans-chargeur-ni-batterie\/#primaryimage"},"thumbnailUrl":"https:\/\/maqtool.pt\/wp-content\/uploads\/2022\/10\/MAQ-SFMCD721B-Berbequim-de-Percussao.jpg","datePublished":"2022-10-24T14:06:21+00:00","breadcrumb":{"@id":"https:\/\/maqtool.pt\/produto\/perceuse-a-percussion-brushless-v20-li-ion-18v-sans-chargeur-ni-batterie\/#breadcrumb"},"inLanguage":"fr-FR","potentialAction":[{"@type":"ReadAction","target":["https:\/\/maqtool.pt\/produto\/perceuse-a-percussion-brushless-v20-li-ion-18v-sans-chargeur-ni-batterie\/"]}]},{"@type":"ImageObject","inLanguage":"fr-FR","@id":"https:\/\/maqtool.pt\/produto\/perceuse-a-percussion-brushless-v20-li-ion-18v-sans-chargeur-ni-batterie\/#primaryimage","url":"https:\/\/maqtool.pt\/wp-content\/uploads\/2022\/10\/MAQ-SFMCD721B-Berbequim-de-Percussao.jpg","contentUrl":"https:\/\/maqtool.pt\/wp-content\/uploads\/2022\/10\/MAQ-SFMCD721B-Berbequim-de-Percussao.jpg","width":800,"height":800},{"@type":"BreadcrumbList","@id":"https:\/\/maqtool.pt\/produto\/perceuse-a-percussion-brushless-v20-li-ion-18v-sans-chargeur-ni-batterie\/#breadcrumb","itemListElement":[{"@type":"ListItem","position":1,"name":"In\u00edcio","item":"https:\/\/maqtool.pt\/fr\/home\/"},{"@type":"ListItem","position":2,"name":"Produtos","item":"https:\/\/maqtool.pt\/produtos\/"},{"@type":"ListItem","position":3,"name":"Perceuse \u00e0 percussion Brushless V20 Li-ion 18V Sans chargeur ni batterie"}]},{"@type":"WebSite","@id":"https:\/\/maqtool.pt\/#website","url":"https:\/\/maqtool.pt\/","name":"Cobermaster Industry","description":"","publisher":{"@id":"https:\/\/maqtool.pt\/#organization"},"potentialAction":[{"@type":"SearchAction","target":{"@type":"EntryPoint","urlTemplate":"https:\/\/maqtool.pt\/?s={search_term_string}"},"query-input":{"@type":"PropertyValueSpecification","valueRequired":true,"valueName":"search_term_string"}}],"inLanguage":"fr-FR"},{"@type":"Organization","@id":"https:\/\/maqtool.pt\/#organization","name":"MAQTOOL","url":"https:\/\/maqtool.pt\/","logo":{"@type":"ImageObject","inLanguage":"fr-FR","@id":"https:\/\/maqtool.pt\/#\/schema\/logo\/image\/","url":"https:\/\/maqtool.pt\/wp-content\/uploads\/2022\/09\/MAQTOOL-LOGO.jpg","contentUrl":"https:\/\/maqtool.pt\/wp-content\/uploads\/2022\/09\/MAQTOOL-LOGO.jpg","width":762,"height":228,"caption":"MAQTOOL"},"image":{"@id":"https:\/\/maqtool.pt\/#\/schema\/logo\/image\/"},"sameAs":["https:\/\/www.facebook.com\/cobermaster"]}]}},"uagb_featured_image_src":{"full":["https:\/\/maqtool.pt\/wp-content\/uploads\/2022\/10\/MAQ-SFMCD721B-Berbequim-de-Percussao.jpg",800,800,false],"thumbnail":["https:\/\/maqtool.pt\/wp-content\/uploads\/2022\/10\/MAQ-SFMCD721B-Berbequim-de-Percussao-150x150.jpg",150,150,true],"medium":["https:\/\/maqtool.pt\/wp-content\/uploads\/2022\/10\/MAQ-SFMCD721B-Berbequim-de-Percussao-300x300.jpg",300,300,true],"medium_large":["https:\/\/maqtool.pt\/wp-content\/uploads\/2022\/10\/MAQ-SFMCD721B-Berbequim-de-Percussao-768x768.jpg",768,768,true],"large":["https:\/\/maqtool.pt\/wp-content\/uploads\/2022\/10\/MAQ-SFMCD721B-Berbequim-de-Percussao.jpg",800,800,false],"1536x1536":["https:\/\/maqtool.pt\/wp-content\/uploads\/2022\/10\/MAQ-SFMCD721B-Berbequim-de-Percussao.jpg",800,800,false],"2048x2048":["https:\/\/maqtool.pt\/wp-content\/uploads\/2022\/10\/MAQ-SFMCD721B-Berbequim-de-Percussao.jpg",800,800,false],"woocommerce_thumbnail":["https:\/\/maqtool.pt\/wp-content\/uploads\/2022\/10\/MAQ-SFMCD721B-Berbequim-de-Percussao-400x400.jpg",400,400,true],"woocommerce_single":["https:\/\/maqtool.pt\/wp-content\/uploads\/2022\/10\/MAQ-SFMCD721B-Berbequim-de-Percussao-600x600.jpg",600,600,true],"woocommerce_gallery_thumbnail":["https:\/\/maqtool.pt\/wp-content\/uploads\/2022\/10\/MAQ-SFMCD721B-Berbequim-de-Percussao-100x100.jpg",100,100,true]},"uagb_author_info":{"display_name":"Jo\u00e3o Santos","author_link":"https:\/\/maqtool.pt\/fr\/author\/"},"uagb_comment_info":0,"uagb_excerpt":"Puissant moteur brushless \u00e0 2 vitesses qui offre plus de puissance et d'autonomie. Couple maximal de 80 Nm pour les travaux de vissage et de per\u00e7age exigeants. Douille en m\u00e9tal de 13 mm qui offre une plus grande r\u00e9sistance et durabilit\u00e9. 14 r\u00e9glages de couple pour un meilleur contr\u00f4le dans les t\u00e2ches de vissage. Action\u2026","_links":{"self":[{"href":"https:\/\/maqtool.pt\/fr\/wp-json\/wp\/v2\/product\/29759","targetHints":{"allow":["GET"]}}],"collection":[{"href":"https:\/\/maqtool.pt\/fr\/wp-json\/wp\/v2\/product"}],"about":[{"href":"https:\/\/maqtool.pt\/fr\/wp-json\/wp\/v2\/types\/product"}],"wp:featuredmedia":[{"embeddable":true,"href":"https:\/\/maqtool.pt\/fr\/wp-json\/wp\/v2\/media\/26631"}],"wp:attachment":[{"href":"https:\/\/maqtool.pt\/fr\/wp-json\/wp\/v2\/media?parent=29759"}],"wp:term":[{"taxonomy":"product_brand","embeddable":true,"href":"https:\/\/maqtool.pt\/fr\/wp-json\/wp\/v2\/product_brand?post=29759"},{"taxonomy":"product_cat","embeddable":true,"href":"https:\/\/maqtool.pt\/fr\/wp-json\/wp\/v2\/product_cat?post=29759"},{"taxonomy":"product_tag","embeddable":true,"href":"https:\/\/maqtool.pt\/fr\/wp-json\/wp\/v2\/product_tag?post=29759"}],"curies":[{"name":"wp","href":"https:\/\/api.w.org\/{rel}","templated":true}]}}