{"id":29783,"date":"2022-10-24T13:20:28","date_gmt":"2022-10-24T13:20:28","guid":{"rendered":"https:\/\/maqtool.pt\/produto\/meuleuse-230mm-2-000w-6-600-rpm\/"},"modified":"2022-10-24T13:20:28","modified_gmt":"2022-10-24T13:20:28","slug":"meuleuse-dangle-230mm-2-000w-6-600-tr-min","status":"publish","type":"product","link":"https:\/\/maqtool.pt\/fr\/produto\/meuleuse-dangle-230mm-2-000w-6-600-tr-min\/","title":{"rendered":"Meuleuse 230mm | 2.000W | 6.600 rpm"},"content":{"rendered":"<div id=\"additional-product-features\" class=\"coh-container coh-style-product-features-benefits\">\n<div class=\"outer-additional-features-item\">\n<ul class=\"additional-feature-ul\">\n<li class=\"additional-feature-list-li\">Verrouillage de la broche pour un remplacement plus rapide du disque<\/li>\n<\/ul>\n<\/div>\n<\/div>\n<div class=\"coh-container coh-style-product-includes-section\">\n<h6 class=\"coh-heading title coh-style-h1---default\">Comprend<\/h6>\n<ul class=\"coh-list-container coh-unordered-list\">\n<li class=\"coh-list-item\">(1) Cl\u00e9<\/li>\n<li class=\"coh-list-item\">(1) Bride int\u00e9rieure et ext\u00e9rieure<\/li>\n<li class=\"coh-list-item\">(1) Protection<\/li>\n<li class=\"coh-list-item\">(1) Poign\u00e9e lat\u00e9rale anti-vibration<\/li>\n<\/ul>\n<\/div>\n<div class=\"coh-container coh-style-specifications\">\n<h6 class=\"coh-heading coh-style-h1---default\">Les caract\u00e9ristiques<\/h6>\n<div>\n<div>\n<table class=\"reference_entity_table\" data-striping=\"1\">\n<tbody>\n<tr>\n<td>\n<div>HAUTEUR DU PRODUIT<\/div>\n<\/td>\n<td>\n<div>151MM<\/div>\n<\/td>\n<\/tr>\n<tr>\n<td>\n<div>POIDS DU PRODUIT<\/div>\n<\/td>\n<td>\n<div>5.2 KG<\/div>\n<\/td>\n<\/tr>\n<tr>\n<td>\n<div>SOURCE DE COURANT<\/div>\n<\/td>\n<td>\n<div>CORDE<\/div>\n<\/td>\n<\/tr>\n<tr>\n<td>\n<div>LONGUEUR DU PRODUIT<\/div>\n<\/td>\n<td>\n<div>490 MM<\/div>\n<\/td>\n<\/tr>\n<\/tbody>\n<\/table>\n<\/div>\n<\/div>\n<\/div>\n","protected":false},"excerpt":{"rendered":"<ul class=\"feature-ul\">\n<li class=\"feature-list-li\">L&rsquo;acc\u00e8s direct aux brosses assure un remplacement rapide<\/li>\n<li class=\"feature-list-li\">2 positions disponibles pour la poign\u00e9e lat\u00e9rale garantissent un maximum de confort d&rsquo;utilisation<\/li>\n<li class=\"feature-list-li\">Protection du moteur pour une dur\u00e9e de vie plus longue<\/li>\n<\/ul>\n","protected":false},"featured_media":26572,"template":"","meta":{"_eb_attr":"","_uag_custom_page_level_css":"","site-sidebar-layout":"default","site-content-layout":"default","ast-site-content-layout":"default","site-content-style":"default","site-sidebar-style":"default","ast-global-header-display":"","ast-banner-title-visibility":"","ast-main-header-display":"","ast-hfb-above-header-display":"","ast-hfb-below-header-display":"","ast-hfb-mobile-header-display":"","site-post-title":"","ast-breadcrumbs-content":"","ast-featured-img":"","footer-sml-layout":"","ast-disable-related-posts":"","theme-transparent-header-meta":"default","adv-header-id-meta":"","stick-header-meta":"default","header-above-stick-meta":"","header-main-stick-meta":"","header-below-stick-meta":"","astra-migrate-meta-layouts":"default","ast-page-background-enabled":"default","ast-page-background-meta":{"desktop":{"background-color":"","background-image":"","background-repeat":"repeat","background-position":"center center","background-size":"auto","background-attachment":"scroll","background-type":"","background-media":"","overlay-type":"","overlay-color":"","overlay-opacity":"","overlay-gradient":""},"tablet":{"background-color":"","background-image":"","background-repeat":"repeat","background-position":"center center","background-size":"auto","background-attachment":"scroll","background-type":"","background-media":"","overlay-type":"","overlay-color":"","overlay-opacity":"","overlay-gradient":""},"mobile":{"background-color":"","background-image":"","background-repeat":"repeat","background-position":"center center","background-size":"auto","background-attachment":"scroll","background-type":"","background-media":"","overlay-type":"","overlay-color":"","overlay-opacity":"","overlay-gradient":""}},"ast-content-background-meta":{"desktop":{"background-color":"var(--ast-global-color-5)","background-image":"","background-repeat":"repeat","background-position":"center center","background-size":"auto","background-attachment":"scroll","background-type":"","background-media":"","overlay-type":"","overlay-color":"","overlay-opacity":"","overlay-gradient":""},"tablet":{"background-color":"var(--ast-global-color-5)","background-image":"","background-repeat":"repeat","background-position":"center center","background-size":"auto","background-attachment":"scroll","background-type":"","background-media":"","overlay-type":"","overlay-color":"","overlay-opacity":"","overlay-gradient":""},"mobile":{"background-color":"var(--ast-global-color-5)","background-image":"","background-repeat":"repeat","background-position":"center center","background-size":"auto","background-attachment":"scroll","background-type":"","background-media":"","overlay-type":"","overlay-color":"","overlay-opacity":"","overlay-gradient":""}}},"product_brand":[],"product_cat":[5081,6777],"product_tag":[],"class_list":{"0":"post-29783","1":"product","2":"type-product","3":"status-publish","4":"has-post-thumbnail","6":"product_cat-outillage-et-accessoires","7":"product_cat-outils-electriques","8":"desktop-align-center","9":"tablet-align-center","10":"mobile-align-center","11":"ast-product-gallery-layout-horizontal","12":"ast-product-gallery-with-no-image","13":"ast-product-tabs-layout-horizontal","15":"first","16":"onbackorder","17":"taxable","18":"shipping-taxable","19":"product-type-simple"},"acf":[],"yoast_head":"<!-- This site is optimized with the Yoast SEO plugin v27.2 - https:\/\/yoast.com\/product\/yoast-seo-wordpress\/ -->\n<title>Meuleuse 230mm | 2.000W | 6.600 rpm - MAQTOOL<\/title>\n<meta name=\"robots\" content=\"index, follow, max-snippet:-1, max-image-preview:large, max-video-preview:-1\" \/>\n<link rel=\"canonical\" href=\"https:\/\/maqtool.pt\/produto\/meuleuse-230mm-2-000w-6-600-rpm\/\" \/>\n<meta property=\"og:locale\" content=\"fr_FR\" \/>\n<meta property=\"og:type\" content=\"article\" \/>\n<meta property=\"og:title\" content=\"Meuleuse 230mm | 2.000W | 6.600 rpm - MAQTOOL\" \/>\n<meta property=\"og:description\" content=\"L&#039;acc\u00e8s direct aux brosses assure un remplacement rapide  2 positions disponibles pour la poign\u00e9e lat\u00e9rale garantissent un maximum de confort d&#039;utilisation  Protection du moteur pour une dur\u00e9e de vie plus longue\" \/>\n<meta property=\"og:url\" content=\"https:\/\/maqtool.pt\/produto\/meuleuse-230mm-2-000w-6-600-rpm\/\" \/>\n<meta property=\"og:site_name\" content=\"MAQTOOL\" \/>\n<meta property=\"article:publisher\" content=\"https:\/\/www.facebook.com\/cobermaster\" \/>\n<meta name=\"twitter:card\" content=\"summary_large_image\" \/>\n<script type=\"application\/ld+json\" class=\"yoast-schema-graph\">{\"@context\":\"https:\/\/schema.org\",\"@graph\":[{\"@type\":\"WebPage\",\"@id\":\"https:\/\/maqtool.pt\/produto\/meuleuse-230mm-2-000w-6-600-rpm\/\",\"url\":\"https:\/\/maqtool.pt\/produto\/meuleuse-230mm-2-000w-6-600-rpm\/\",\"name\":\"Meuleuse 230mm | 2.000W | 6.600 rpm - MAQTOOL\",\"isPartOf\":{\"@id\":\"https:\/\/maqtool.pt\/#website\"},\"primaryImageOfPage\":{\"@id\":\"https:\/\/maqtool.pt\/produto\/meuleuse-230mm-2-000w-6-600-rpm\/#primaryimage\"},\"image\":{\"@id\":\"https:\/\/maqtool.pt\/produto\/meuleuse-230mm-2-000w-6-600-rpm\/#primaryimage\"},\"thumbnailUrl\":\"https:\/\/maqtool.pt\/wp-content\/uploads\/2022\/10\/MAQ-DWE490-QS-Rebarbadora-230mm.jpg\",\"datePublished\":\"2022-10-24T13:20:28+00:00\",\"breadcrumb\":{\"@id\":\"https:\/\/maqtool.pt\/produto\/meuleuse-230mm-2-000w-6-600-rpm\/#breadcrumb\"},\"inLanguage\":\"fr-FR\",\"potentialAction\":[{\"@type\":\"ReadAction\",\"target\":[\"https:\/\/maqtool.pt\/produto\/meuleuse-230mm-2-000w-6-600-rpm\/\"]}]},{\"@type\":\"ImageObject\",\"inLanguage\":\"fr-FR\",\"@id\":\"https:\/\/maqtool.pt\/produto\/meuleuse-230mm-2-000w-6-600-rpm\/#primaryimage\",\"url\":\"https:\/\/maqtool.pt\/wp-content\/uploads\/2022\/10\/MAQ-DWE490-QS-Rebarbadora-230mm.jpg\",\"contentUrl\":\"https:\/\/maqtool.pt\/wp-content\/uploads\/2022\/10\/MAQ-DWE490-QS-Rebarbadora-230mm.jpg\",\"width\":800,\"height\":800},{\"@type\":\"BreadcrumbList\",\"@id\":\"https:\/\/maqtool.pt\/produto\/meuleuse-230mm-2-000w-6-600-rpm\/#breadcrumb\",\"itemListElement\":[{\"@type\":\"ListItem\",\"position\":1,\"name\":\"In\u00edcio\",\"item\":\"https:\/\/maqtool.pt\/fr\/home\/\"},{\"@type\":\"ListItem\",\"position\":2,\"name\":\"Produtos\",\"item\":\"https:\/\/maqtool.pt\/produtos\/\"},{\"@type\":\"ListItem\",\"position\":3,\"name\":\"Meuleuse 230mm | 2.000W | 6.600 rpm\"}]},{\"@type\":\"WebSite\",\"@id\":\"https:\/\/maqtool.pt\/#website\",\"url\":\"https:\/\/maqtool.pt\/\",\"name\":\"Cobermaster Industry\",\"description\":\"\",\"publisher\":{\"@id\":\"https:\/\/maqtool.pt\/#organization\"},\"potentialAction\":[{\"@type\":\"SearchAction\",\"target\":{\"@type\":\"EntryPoint\",\"urlTemplate\":\"https:\/\/maqtool.pt\/?s={search_term_string}\"},\"query-input\":{\"@type\":\"PropertyValueSpecification\",\"valueRequired\":true,\"valueName\":\"search_term_string\"}}],\"inLanguage\":\"fr-FR\"},{\"@type\":\"Organization\",\"@id\":\"https:\/\/maqtool.pt\/#organization\",\"name\":\"MAQTOOL\",\"url\":\"https:\/\/maqtool.pt\/\",\"logo\":{\"@type\":\"ImageObject\",\"inLanguage\":\"fr-FR\",\"@id\":\"https:\/\/maqtool.pt\/#\/schema\/logo\/image\/\",\"url\":\"https:\/\/maqtool.pt\/wp-content\/uploads\/2022\/09\/MAQTOOL-LOGO.jpg\",\"contentUrl\":\"https:\/\/maqtool.pt\/wp-content\/uploads\/2022\/09\/MAQTOOL-LOGO.jpg\",\"width\":762,\"height\":228,\"caption\":\"MAQTOOL\"},\"image\":{\"@id\":\"https:\/\/maqtool.pt\/#\/schema\/logo\/image\/\"},\"sameAs\":[\"https:\/\/www.facebook.com\/cobermaster\"]}]}<\/script>\n<!-- \/ Yoast SEO plugin. -->","yoast_head_json":{"title":"Meuleuse 230mm | 2.000W | 6.600 rpm - MAQTOOL","robots":{"index":"index","follow":"follow","max-snippet":"max-snippet:-1","max-image-preview":"max-image-preview:large","max-video-preview":"max-video-preview:-1"},"canonical":"https:\/\/maqtool.pt\/produto\/meuleuse-230mm-2-000w-6-600-rpm\/","og_locale":"fr_FR","og_type":"article","og_title":"Meuleuse 230mm | 2.000W | 6.600 rpm - MAQTOOL","og_description":"L'acc\u00e8s direct aux brosses assure un remplacement rapide  2 positions disponibles pour la poign\u00e9e lat\u00e9rale garantissent un maximum de confort d'utilisation  Protection du moteur pour une dur\u00e9e de vie plus longue","og_url":"https:\/\/maqtool.pt\/produto\/meuleuse-230mm-2-000w-6-600-rpm\/","og_site_name":"MAQTOOL","article_publisher":"https:\/\/www.facebook.com\/cobermaster","twitter_card":"summary_large_image","schema":{"@context":"https:\/\/schema.org","@graph":[{"@type":"WebPage","@id":"https:\/\/maqtool.pt\/produto\/meuleuse-230mm-2-000w-6-600-rpm\/","url":"https:\/\/maqtool.pt\/produto\/meuleuse-230mm-2-000w-6-600-rpm\/","name":"Meuleuse 230mm | 2.000W | 6.600 rpm - MAQTOOL","isPartOf":{"@id":"https:\/\/maqtool.pt\/#website"},"primaryImageOfPage":{"@id":"https:\/\/maqtool.pt\/produto\/meuleuse-230mm-2-000w-6-600-rpm\/#primaryimage"},"image":{"@id":"https:\/\/maqtool.pt\/produto\/meuleuse-230mm-2-000w-6-600-rpm\/#primaryimage"},"thumbnailUrl":"https:\/\/maqtool.pt\/wp-content\/uploads\/2022\/10\/MAQ-DWE490-QS-Rebarbadora-230mm.jpg","datePublished":"2022-10-24T13:20:28+00:00","breadcrumb":{"@id":"https:\/\/maqtool.pt\/produto\/meuleuse-230mm-2-000w-6-600-rpm\/#breadcrumb"},"inLanguage":"fr-FR","potentialAction":[{"@type":"ReadAction","target":["https:\/\/maqtool.pt\/produto\/meuleuse-230mm-2-000w-6-600-rpm\/"]}]},{"@type":"ImageObject","inLanguage":"fr-FR","@id":"https:\/\/maqtool.pt\/produto\/meuleuse-230mm-2-000w-6-600-rpm\/#primaryimage","url":"https:\/\/maqtool.pt\/wp-content\/uploads\/2022\/10\/MAQ-DWE490-QS-Rebarbadora-230mm.jpg","contentUrl":"https:\/\/maqtool.pt\/wp-content\/uploads\/2022\/10\/MAQ-DWE490-QS-Rebarbadora-230mm.jpg","width":800,"height":800},{"@type":"BreadcrumbList","@id":"https:\/\/maqtool.pt\/produto\/meuleuse-230mm-2-000w-6-600-rpm\/#breadcrumb","itemListElement":[{"@type":"ListItem","position":1,"name":"In\u00edcio","item":"https:\/\/maqtool.pt\/fr\/home\/"},{"@type":"ListItem","position":2,"name":"Produtos","item":"https:\/\/maqtool.pt\/produtos\/"},{"@type":"ListItem","position":3,"name":"Meuleuse 230mm | 2.000W | 6.600 rpm"}]},{"@type":"WebSite","@id":"https:\/\/maqtool.pt\/#website","url":"https:\/\/maqtool.pt\/","name":"Cobermaster Industry","description":"","publisher":{"@id":"https:\/\/maqtool.pt\/#organization"},"potentialAction":[{"@type":"SearchAction","target":{"@type":"EntryPoint","urlTemplate":"https:\/\/maqtool.pt\/?s={search_term_string}"},"query-input":{"@type":"PropertyValueSpecification","valueRequired":true,"valueName":"search_term_string"}}],"inLanguage":"fr-FR"},{"@type":"Organization","@id":"https:\/\/maqtool.pt\/#organization","name":"MAQTOOL","url":"https:\/\/maqtool.pt\/","logo":{"@type":"ImageObject","inLanguage":"fr-FR","@id":"https:\/\/maqtool.pt\/#\/schema\/logo\/image\/","url":"https:\/\/maqtool.pt\/wp-content\/uploads\/2022\/09\/MAQTOOL-LOGO.jpg","contentUrl":"https:\/\/maqtool.pt\/wp-content\/uploads\/2022\/09\/MAQTOOL-LOGO.jpg","width":762,"height":228,"caption":"MAQTOOL"},"image":{"@id":"https:\/\/maqtool.pt\/#\/schema\/logo\/image\/"},"sameAs":["https:\/\/www.facebook.com\/cobermaster"]}]}},"uagb_featured_image_src":{"full":["https:\/\/maqtool.pt\/wp-content\/uploads\/2022\/10\/MAQ-DWE490-QS-Rebarbadora-230mm.jpg",800,800,false],"thumbnail":["https:\/\/maqtool.pt\/wp-content\/uploads\/2022\/10\/MAQ-DWE490-QS-Rebarbadora-230mm-150x150.jpg",150,150,true],"medium":["https:\/\/maqtool.pt\/wp-content\/uploads\/2022\/10\/MAQ-DWE490-QS-Rebarbadora-230mm-300x300.jpg",300,300,true],"medium_large":["https:\/\/maqtool.pt\/wp-content\/uploads\/2022\/10\/MAQ-DWE490-QS-Rebarbadora-230mm-768x768.jpg",768,768,true],"large":["https:\/\/maqtool.pt\/wp-content\/uploads\/2022\/10\/MAQ-DWE490-QS-Rebarbadora-230mm.jpg",800,800,false],"1536x1536":["https:\/\/maqtool.pt\/wp-content\/uploads\/2022\/10\/MAQ-DWE490-QS-Rebarbadora-230mm.jpg",800,800,false],"2048x2048":["https:\/\/maqtool.pt\/wp-content\/uploads\/2022\/10\/MAQ-DWE490-QS-Rebarbadora-230mm.jpg",800,800,false],"woocommerce_thumbnail":["https:\/\/maqtool.pt\/wp-content\/uploads\/2022\/10\/MAQ-DWE490-QS-Rebarbadora-230mm-400x400.jpg",400,400,true],"woocommerce_single":["https:\/\/maqtool.pt\/wp-content\/uploads\/2022\/10\/MAQ-DWE490-QS-Rebarbadora-230mm-600x600.jpg",600,600,true],"woocommerce_gallery_thumbnail":["https:\/\/maqtool.pt\/wp-content\/uploads\/2022\/10\/MAQ-DWE490-QS-Rebarbadora-230mm-100x100.jpg",100,100,true]},"uagb_author_info":{"display_name":"Jo\u00e3o Santos","author_link":"https:\/\/maqtool.pt\/fr\/author\/"},"uagb_comment_info":0,"uagb_excerpt":"L'acc\u00e8s direct aux brosses assure un remplacement rapide 2 positions disponibles pour la poign\u00e9e lat\u00e9rale garantissent un maximum de confort d'utilisation Protection du moteur pour une dur\u00e9e de vie plus longue","_links":{"self":[{"href":"https:\/\/maqtool.pt\/fr\/wp-json\/wp\/v2\/product\/29783","targetHints":{"allow":["GET"]}}],"collection":[{"href":"https:\/\/maqtool.pt\/fr\/wp-json\/wp\/v2\/product"}],"about":[{"href":"https:\/\/maqtool.pt\/fr\/wp-json\/wp\/v2\/types\/product"}],"wp:featuredmedia":[{"embeddable":true,"href":"https:\/\/maqtool.pt\/fr\/wp-json\/wp\/v2\/media\/26572"}],"wp:attachment":[{"href":"https:\/\/maqtool.pt\/fr\/wp-json\/wp\/v2\/media?parent=29783"}],"wp:term":[{"taxonomy":"product_brand","embeddable":true,"href":"https:\/\/maqtool.pt\/fr\/wp-json\/wp\/v2\/product_brand?post=29783"},{"taxonomy":"product_cat","embeddable":true,"href":"https:\/\/maqtool.pt\/fr\/wp-json\/wp\/v2\/product_cat?post=29783"},{"taxonomy":"product_tag","embeddable":true,"href":"https:\/\/maqtool.pt\/fr\/wp-json\/wp\/v2\/product_tag?post=29783"}],"curies":[{"name":"wp","href":"https:\/\/api.w.org\/{rel}","templated":true}]}}