{"id":29789,"date":"2022-10-24T13:35:08","date_gmt":"2022-10-24T13:35:08","guid":{"rendered":"https:\/\/maqtool.pt\/produto\/perceuse-a-percussion-701w\/"},"modified":"2022-10-24T13:35:08","modified_gmt":"2022-10-24T13:35:08","slug":"perceuse-a-percussion-701w","status":"publish","type":"product","link":"https:\/\/maqtool.pt\/fr\/produto\/perceuse-a-percussion-701w\/","title":{"rendered":"Perceuse \u00e0 percussion 701W"},"content":{"rendered":"<div id=\"additional-product-features\" class=\"coh-container coh-style-product-features-benefits\">\n<div class=\"outer-additional-features-item\">\n<ul class=\"additional-feature-ul\">\n<li class=\"additional-feature-list-li\">Excellente puissance par rapport aux r\u00e9sultats \u00e0 long terme, durabilit\u00e9 et taille compacte<\/li>\n<li class=\"additional-feature-list-li\">La poign\u00e9e arri\u00e8re en caoutchouc am\u00e9liore la commodit\u00e9 de l&rsquo;utilisateur lors du per\u00e7age et du vissage<\/li>\n<li class=\"additional-feature-list-li\">La conception compacte assure une utilisation pratique d&rsquo;une seule main et permet d&rsquo;acc\u00e9der aux espaces difficiles<\/li>\n<li class=\"additional-feature-list-li\">Le commutateur de vitesse variable sensible permet \u00e0 l&rsquo;utilisateur de commencer \u00e0 percer un trou lentement et avec une pr\u00e9cision exacte.<\/li>\n<\/ul>\n<\/div>\n<\/div>\n<div class=\"coh-container coh-style-product-applications\">\n<h6 class=\"coh-heading title coh-style-h1---default\">applications<\/h6>\n<ul class=\"coh-list-container coh-unordered-list\">\n<li class=\"coh-list-item\">Fixation<\/li>\n<li class=\"coh-list-item\">Per\u00e7age dans le b\u00e9ton, le m\u00e9tal, le bois, etc.<\/li>\n<\/ul>\n<\/div>\n<div class=\"coh-container coh-style-product-includes-section\">\n<h6 class=\"coh-heading title coh-style-h1---default\">Comprend<\/h6>\n<ul class=\"coh-list-container coh-unordered-list\">\n<li class=\"coh-list-item\">(1) mandrin \u00e0 d\u00e9gagement rapide de 13 mm<\/li>\n<li class=\"coh-list-item\">(1) But\u00e9e de profondeur<\/li>\n<li class=\"coh-list-item\">(1) \u00e9tui de transport<\/li>\n<li class=\"coh-list-item\">(1) Poign\u00e9e multi-positions<\/li>\n<\/ul>\n<\/div>\n<div class=\"coh-container coh-style-specifications\">\n<h6 class=\"coh-heading coh-style-h1---default\">Les caract\u00e9ristiques<\/h6>\n<div>\n<div>\n<table class=\"reference_entity_table\" data-striping=\"1\">\n<tbody>\n<tr>\n<td>\n<div>POIDS DU PRODUIT<\/div>\n<\/td>\n<td>\n<div>1.6 KG<\/div>\n<\/td>\n<\/tr>\n<\/tbody>\n<\/table>\n<\/div>\n<\/div>\n<\/div>\n","protected":false},"excerpt":{"rendered":"<ul class=\"feature-ul\">\n<li class=\"feature-list-li\">Mandrin sans cl\u00e9 pour un remplacement rapide et facile des embouts<\/li>\n<li class=\"feature-list-li\">Le bouton de verrouillage permet \u00e0 l&rsquo;utilisateur de maintenir la perceuse en fonctionnement continu lors d&rsquo;op\u00e9rations r\u00e9p\u00e9titives<\/li>\n<li class=\"feature-list-li\">Le poids l\u00e9ger garantit que la perceuse est facile \u00e0 utiliser et r\u00e9duit la fatigue de l&rsquo;utilisateur.<\/li>\n<\/ul>\n","protected":false},"featured_media":26582,"template":"","meta":{"_eb_attr":"","_uag_custom_page_level_css":"","site-sidebar-layout":"default","site-content-layout":"default","ast-site-content-layout":"default","site-content-style":"default","site-sidebar-style":"default","ast-global-header-display":"","ast-banner-title-visibility":"","ast-main-header-display":"","ast-hfb-above-header-display":"","ast-hfb-below-header-display":"","ast-hfb-mobile-header-display":"","site-post-title":"","ast-breadcrumbs-content":"","ast-featured-img":"","footer-sml-layout":"","ast-disable-related-posts":"","theme-transparent-header-meta":"default","adv-header-id-meta":"","stick-header-meta":"default","header-above-stick-meta":"","header-main-stick-meta":"","header-below-stick-meta":"","astra-migrate-meta-layouts":"default","ast-page-background-enabled":"default","ast-page-background-meta":{"desktop":{"background-color":"","background-image":"","background-repeat":"repeat","background-position":"center center","background-size":"auto","background-attachment":"scroll","background-type":"","background-media":"","overlay-type":"","overlay-color":"","overlay-opacity":"","overlay-gradient":""},"tablet":{"background-color":"","background-image":"","background-repeat":"repeat","background-position":"center center","background-size":"auto","background-attachment":"scroll","background-type":"","background-media":"","overlay-type":"","overlay-color":"","overlay-opacity":"","overlay-gradient":""},"mobile":{"background-color":"","background-image":"","background-repeat":"repeat","background-position":"center center","background-size":"auto","background-attachment":"scroll","background-type":"","background-media":"","overlay-type":"","overlay-color":"","overlay-opacity":"","overlay-gradient":""}},"ast-content-background-meta":{"desktop":{"background-color":"var(--ast-global-color-5)","background-image":"","background-repeat":"repeat","background-position":"center center","background-size":"auto","background-attachment":"scroll","background-type":"","background-media":"","overlay-type":"","overlay-color":"","overlay-opacity":"","overlay-gradient":""},"tablet":{"background-color":"var(--ast-global-color-5)","background-image":"","background-repeat":"repeat","background-position":"center center","background-size":"auto","background-attachment":"scroll","background-type":"","background-media":"","overlay-type":"","overlay-color":"","overlay-opacity":"","overlay-gradient":""},"mobile":{"background-color":"var(--ast-global-color-5)","background-image":"","background-repeat":"repeat","background-position":"center center","background-size":"auto","background-attachment":"scroll","background-type":"","background-media":"","overlay-type":"","overlay-color":"","overlay-opacity":"","overlay-gradient":""}}},"product_brand":[],"product_cat":[5081,6777,6785],"product_tag":[],"class_list":{"0":"post-29789","1":"product","2":"type-product","3":"status-publish","4":"has-post-thumbnail","6":"product_cat-outillage-et-accessoires","7":"product_cat-outils-electriques","8":"product_cat-general-fr","9":"desktop-align-center","10":"tablet-align-center","11":"mobile-align-center","12":"ast-product-gallery-layout-horizontal","13":"ast-product-gallery-with-no-image","14":"ast-product-tabs-layout-horizontal","16":"first","17":"onbackorder","18":"taxable","19":"shipping-taxable","20":"product-type-simple"},"acf":[],"yoast_head":"<!-- This site is optimized with the Yoast SEO plugin v27.3 - https:\/\/yoast.com\/product\/yoast-seo-wordpress\/ -->\n<title>Perceuse \u00e0 percussion 701W - MAQTOOL<\/title>\n<meta name=\"robots\" content=\"index, follow, max-snippet:-1, max-image-preview:large, max-video-preview:-1\" \/>\n<link rel=\"canonical\" href=\"https:\/\/maqtool.pt\/produto\/perceuse-a-percussion-701w\/\" \/>\n<meta property=\"og:locale\" content=\"fr_FR\" \/>\n<meta property=\"og:type\" content=\"article\" \/>\n<meta property=\"og:title\" content=\"Perceuse \u00e0 percussion 701W - MAQTOOL\" \/>\n<meta property=\"og:description\" content=\"Mandrin sans cl\u00e9 pour un remplacement rapide et facile des embouts  Le bouton de verrouillage permet \u00e0 l&#039;utilisateur de maintenir la perceuse en fonctionnement continu lors d&#039;op\u00e9rations r\u00e9p\u00e9titives  Le poids l\u00e9ger garantit que la perceuse est facile \u00e0 utiliser et r\u00e9duit la fatigue de l&#039;utilisateur.\" \/>\n<meta property=\"og:url\" content=\"https:\/\/maqtool.pt\/produto\/perceuse-a-percussion-701w\/\" \/>\n<meta property=\"og:site_name\" content=\"MAQTOOL\" \/>\n<meta property=\"article:publisher\" content=\"https:\/\/www.facebook.com\/cobermaster\" \/>\n<meta name=\"twitter:card\" content=\"summary_large_image\" \/>\n<meta name=\"twitter:label1\" content=\"Dur\u00e9e de lecture estim\u00e9e\" \/>\n\t<meta name=\"twitter:data1\" content=\"1 minute\" \/>\n<script type=\"application\/ld+json\" class=\"yoast-schema-graph\">{\"@context\":\"https:\\\/\\\/schema.org\",\"@graph\":[{\"@type\":\"WebPage\",\"@id\":\"https:\\\/\\\/maqtool.pt\\\/produto\\\/perceuse-a-percussion-701w\\\/\",\"url\":\"https:\\\/\\\/maqtool.pt\\\/produto\\\/perceuse-a-percussion-701w\\\/\",\"name\":\"Perceuse \u00e0 percussion 701W - MAQTOOL\",\"isPartOf\":{\"@id\":\"https:\\\/\\\/maqtool.pt\\\/#website\"},\"primaryImageOfPage\":{\"@id\":\"https:\\\/\\\/maqtool.pt\\\/produto\\\/perceuse-a-percussion-701w\\\/#primaryimage\"},\"image\":{\"@id\":\"https:\\\/\\\/maqtool.pt\\\/produto\\\/perceuse-a-percussion-701w\\\/#primaryimage\"},\"thumbnailUrl\":\"https:\\\/\\\/maqtool.pt\\\/wp-content\\\/uploads\\\/2022\\\/10\\\/MAQ-DWD024-KS-QS-Berbequim-com-percussao.jpg\",\"datePublished\":\"2022-10-24T13:35:08+00:00\",\"breadcrumb\":{\"@id\":\"https:\\\/\\\/maqtool.pt\\\/produto\\\/perceuse-a-percussion-701w\\\/#breadcrumb\"},\"inLanguage\":\"fr-FR\",\"potentialAction\":[{\"@type\":\"ReadAction\",\"target\":[\"https:\\\/\\\/maqtool.pt\\\/produto\\\/perceuse-a-percussion-701w\\\/\"]}]},{\"@type\":\"ImageObject\",\"inLanguage\":\"fr-FR\",\"@id\":\"https:\\\/\\\/maqtool.pt\\\/produto\\\/perceuse-a-percussion-701w\\\/#primaryimage\",\"url\":\"https:\\\/\\\/maqtool.pt\\\/wp-content\\\/uploads\\\/2022\\\/10\\\/MAQ-DWD024-KS-QS-Berbequim-com-percussao.jpg\",\"contentUrl\":\"https:\\\/\\\/maqtool.pt\\\/wp-content\\\/uploads\\\/2022\\\/10\\\/MAQ-DWD024-KS-QS-Berbequim-com-percussao.jpg\",\"width\":800,\"height\":800},{\"@type\":\"BreadcrumbList\",\"@id\":\"https:\\\/\\\/maqtool.pt\\\/produto\\\/perceuse-a-percussion-701w\\\/#breadcrumb\",\"itemListElement\":[{\"@type\":\"ListItem\",\"position\":1,\"name\":\"In\u00edcio\",\"item\":\"https:\\\/\\\/maqtool.pt\\\/fr\\\/home\\\/\"},{\"@type\":\"ListItem\",\"position\":2,\"name\":\"Produtos\",\"item\":\"https:\\\/\\\/maqtool.pt\\\/produtos\\\/\"},{\"@type\":\"ListItem\",\"position\":3,\"name\":\"Perceuse \u00e0 percussion 701W\"}]},{\"@type\":\"WebSite\",\"@id\":\"https:\\\/\\\/maqtool.pt\\\/#website\",\"url\":\"https:\\\/\\\/maqtool.pt\\\/\",\"name\":\"Cobermaster Industry\",\"description\":\"\",\"publisher\":{\"@id\":\"https:\\\/\\\/maqtool.pt\\\/#organization\"},\"potentialAction\":[{\"@type\":\"SearchAction\",\"target\":{\"@type\":\"EntryPoint\",\"urlTemplate\":\"https:\\\/\\\/maqtool.pt\\\/?s={search_term_string}\"},\"query-input\":{\"@type\":\"PropertyValueSpecification\",\"valueRequired\":true,\"valueName\":\"search_term_string\"}}],\"inLanguage\":\"fr-FR\"},{\"@type\":\"Organization\",\"@id\":\"https:\\\/\\\/maqtool.pt\\\/#organization\",\"name\":\"MAQTOOL\",\"url\":\"https:\\\/\\\/maqtool.pt\\\/\",\"logo\":{\"@type\":\"ImageObject\",\"inLanguage\":\"fr-FR\",\"@id\":\"https:\\\/\\\/maqtool.pt\\\/#\\\/schema\\\/logo\\\/image\\\/\",\"url\":\"https:\\\/\\\/maqtool.pt\\\/wp-content\\\/uploads\\\/2022\\\/09\\\/MAQTOOL-LOGO.jpg\",\"contentUrl\":\"https:\\\/\\\/maqtool.pt\\\/wp-content\\\/uploads\\\/2022\\\/09\\\/MAQTOOL-LOGO.jpg\",\"width\":762,\"height\":228,\"caption\":\"MAQTOOL\"},\"image\":{\"@id\":\"https:\\\/\\\/maqtool.pt\\\/#\\\/schema\\\/logo\\\/image\\\/\"},\"sameAs\":[\"https:\\\/\\\/www.facebook.com\\\/cobermaster\"]}]}<\/script>\n<!-- \/ Yoast SEO plugin. -->","yoast_head_json":{"title":"Perceuse \u00e0 percussion 701W - MAQTOOL","robots":{"index":"index","follow":"follow","max-snippet":"max-snippet:-1","max-image-preview":"max-image-preview:large","max-video-preview":"max-video-preview:-1"},"canonical":"https:\/\/maqtool.pt\/produto\/perceuse-a-percussion-701w\/","og_locale":"fr_FR","og_type":"article","og_title":"Perceuse \u00e0 percussion 701W - MAQTOOL","og_description":"Mandrin sans cl\u00e9 pour un remplacement rapide et facile des embouts  Le bouton de verrouillage permet \u00e0 l'utilisateur de maintenir la perceuse en fonctionnement continu lors d'op\u00e9rations r\u00e9p\u00e9titives  Le poids l\u00e9ger garantit que la perceuse est facile \u00e0 utiliser et r\u00e9duit la fatigue de l'utilisateur.","og_url":"https:\/\/maqtool.pt\/produto\/perceuse-a-percussion-701w\/","og_site_name":"MAQTOOL","article_publisher":"https:\/\/www.facebook.com\/cobermaster","twitter_card":"summary_large_image","twitter_misc":{"Dur\u00e9e de lecture estim\u00e9e":"1 minute"},"schema":{"@context":"https:\/\/schema.org","@graph":[{"@type":"WebPage","@id":"https:\/\/maqtool.pt\/produto\/perceuse-a-percussion-701w\/","url":"https:\/\/maqtool.pt\/produto\/perceuse-a-percussion-701w\/","name":"Perceuse \u00e0 percussion 701W - MAQTOOL","isPartOf":{"@id":"https:\/\/maqtool.pt\/#website"},"primaryImageOfPage":{"@id":"https:\/\/maqtool.pt\/produto\/perceuse-a-percussion-701w\/#primaryimage"},"image":{"@id":"https:\/\/maqtool.pt\/produto\/perceuse-a-percussion-701w\/#primaryimage"},"thumbnailUrl":"https:\/\/maqtool.pt\/wp-content\/uploads\/2022\/10\/MAQ-DWD024-KS-QS-Berbequim-com-percussao.jpg","datePublished":"2022-10-24T13:35:08+00:00","breadcrumb":{"@id":"https:\/\/maqtool.pt\/produto\/perceuse-a-percussion-701w\/#breadcrumb"},"inLanguage":"fr-FR","potentialAction":[{"@type":"ReadAction","target":["https:\/\/maqtool.pt\/produto\/perceuse-a-percussion-701w\/"]}]},{"@type":"ImageObject","inLanguage":"fr-FR","@id":"https:\/\/maqtool.pt\/produto\/perceuse-a-percussion-701w\/#primaryimage","url":"https:\/\/maqtool.pt\/wp-content\/uploads\/2022\/10\/MAQ-DWD024-KS-QS-Berbequim-com-percussao.jpg","contentUrl":"https:\/\/maqtool.pt\/wp-content\/uploads\/2022\/10\/MAQ-DWD024-KS-QS-Berbequim-com-percussao.jpg","width":800,"height":800},{"@type":"BreadcrumbList","@id":"https:\/\/maqtool.pt\/produto\/perceuse-a-percussion-701w\/#breadcrumb","itemListElement":[{"@type":"ListItem","position":1,"name":"In\u00edcio","item":"https:\/\/maqtool.pt\/fr\/home\/"},{"@type":"ListItem","position":2,"name":"Produtos","item":"https:\/\/maqtool.pt\/produtos\/"},{"@type":"ListItem","position":3,"name":"Perceuse \u00e0 percussion 701W"}]},{"@type":"WebSite","@id":"https:\/\/maqtool.pt\/#website","url":"https:\/\/maqtool.pt\/","name":"Cobermaster Industry","description":"","publisher":{"@id":"https:\/\/maqtool.pt\/#organization"},"potentialAction":[{"@type":"SearchAction","target":{"@type":"EntryPoint","urlTemplate":"https:\/\/maqtool.pt\/?s={search_term_string}"},"query-input":{"@type":"PropertyValueSpecification","valueRequired":true,"valueName":"search_term_string"}}],"inLanguage":"fr-FR"},{"@type":"Organization","@id":"https:\/\/maqtool.pt\/#organization","name":"MAQTOOL","url":"https:\/\/maqtool.pt\/","logo":{"@type":"ImageObject","inLanguage":"fr-FR","@id":"https:\/\/maqtool.pt\/#\/schema\/logo\/image\/","url":"https:\/\/maqtool.pt\/wp-content\/uploads\/2022\/09\/MAQTOOL-LOGO.jpg","contentUrl":"https:\/\/maqtool.pt\/wp-content\/uploads\/2022\/09\/MAQTOOL-LOGO.jpg","width":762,"height":228,"caption":"MAQTOOL"},"image":{"@id":"https:\/\/maqtool.pt\/#\/schema\/logo\/image\/"},"sameAs":["https:\/\/www.facebook.com\/cobermaster"]}]}},"uagb_featured_image_src":{"full":["https:\/\/maqtool.pt\/wp-content\/uploads\/2022\/10\/MAQ-DWD024-KS-QS-Berbequim-com-percussao.jpg",800,800,false],"thumbnail":["https:\/\/maqtool.pt\/wp-content\/uploads\/2022\/10\/MAQ-DWD024-KS-QS-Berbequim-com-percussao-150x150.jpg",150,150,true],"medium":["https:\/\/maqtool.pt\/wp-content\/uploads\/2022\/10\/MAQ-DWD024-KS-QS-Berbequim-com-percussao-300x300.jpg",300,300,true],"medium_large":["https:\/\/maqtool.pt\/wp-content\/uploads\/2022\/10\/MAQ-DWD024-KS-QS-Berbequim-com-percussao-768x768.jpg",768,768,true],"large":["https:\/\/maqtool.pt\/wp-content\/uploads\/2022\/10\/MAQ-DWD024-KS-QS-Berbequim-com-percussao.jpg",800,800,false],"1536x1536":["https:\/\/maqtool.pt\/wp-content\/uploads\/2022\/10\/MAQ-DWD024-KS-QS-Berbequim-com-percussao.jpg",800,800,false],"2048x2048":["https:\/\/maqtool.pt\/wp-content\/uploads\/2022\/10\/MAQ-DWD024-KS-QS-Berbequim-com-percussao.jpg",800,800,false],"woocommerce_thumbnail":["https:\/\/maqtool.pt\/wp-content\/uploads\/2022\/10\/MAQ-DWD024-KS-QS-Berbequim-com-percussao-400x400.jpg",400,400,true],"woocommerce_single":["https:\/\/maqtool.pt\/wp-content\/uploads\/2022\/10\/MAQ-DWD024-KS-QS-Berbequim-com-percussao-600x600.jpg",600,600,true],"woocommerce_gallery_thumbnail":["https:\/\/maqtool.pt\/wp-content\/uploads\/2022\/10\/MAQ-DWD024-KS-QS-Berbequim-com-percussao-100x100.jpg",100,100,true]},"uagb_author_info":{"display_name":"Jo\u00e3o Santos","author_link":"https:\/\/maqtool.pt\/fr\/author\/"},"uagb_comment_info":0,"uagb_excerpt":"Mandrin sans cl\u00e9 pour un remplacement rapide et facile des embouts Le bouton de verrouillage permet \u00e0 l'utilisateur de maintenir la perceuse en fonctionnement continu lors d'op\u00e9rations r\u00e9p\u00e9titives Le poids l\u00e9ger garantit que la perceuse est facile \u00e0 utiliser et r\u00e9duit la fatigue de l'utilisateur.","_links":{"self":[{"href":"https:\/\/maqtool.pt\/fr\/wp-json\/wp\/v2\/product\/29789","targetHints":{"allow":["GET"]}}],"collection":[{"href":"https:\/\/maqtool.pt\/fr\/wp-json\/wp\/v2\/product"}],"about":[{"href":"https:\/\/maqtool.pt\/fr\/wp-json\/wp\/v2\/types\/product"}],"wp:featuredmedia":[{"embeddable":true,"href":"https:\/\/maqtool.pt\/fr\/wp-json\/wp\/v2\/media\/26582"}],"wp:attachment":[{"href":"https:\/\/maqtool.pt\/fr\/wp-json\/wp\/v2\/media?parent=29789"}],"wp:term":[{"taxonomy":"product_brand","embeddable":true,"href":"https:\/\/maqtool.pt\/fr\/wp-json\/wp\/v2\/product_brand?post=29789"},{"taxonomy":"product_cat","embeddable":true,"href":"https:\/\/maqtool.pt\/fr\/wp-json\/wp\/v2\/product_cat?post=29789"},{"taxonomy":"product_tag","embeddable":true,"href":"https:\/\/maqtool.pt\/fr\/wp-json\/wp\/v2\/product_tag?post=29789"}],"curies":[{"name":"wp","href":"https:\/\/api.w.org\/{rel}","templated":true}]}}