{"id":29792,"date":"2022-10-24T13:24:27","date_gmt":"2022-10-24T13:24:27","guid":{"rendered":"https:\/\/maqtool.pt\/produto\/scie-sauteuse\/"},"modified":"2022-10-24T13:24:27","modified_gmt":"2022-10-24T13:24:27","slug":"scie-sauteuse-a-manche-ferme","status":"publish","type":"product","link":"https:\/\/maqtool.pt\/fr\/produto\/scie-sauteuse-a-manche-ferme\/","title":{"rendered":"Scie sauteuse"},"content":{"rendered":"<div id=\"additional-product-features\" class=\"coh-container coh-style-product-features-benefits\">\n<div class=\"outer-additional-features-item\">\n<ul class=\"additional-feature-ul\">\n<li class=\"additional-feature-list-li\">Moteur puissant de 701 W \u00e0 vitesse variable et 3100 coups par minute pour plus de rentabilit\u00e9 et de r\u00e9sistance<\/li>\n<li class=\"additional-feature-list-li\">Le syst\u00e8me de soufflage d&rsquo;air \u00e9loigne la sciure de bois de la ligne de coupe permettant une vue d\u00e9gag\u00e9e<\/li>\n<li class=\"additional-feature-list-li\">Compatible avec la lame sp\u00e9ciale \u00ab\u00a0Flush Cut\u00a0\u00bb de DEWALT (O\/N DT2074)<\/li>\n<li class=\"additional-feature-list-li\">Le guide-lame et le palier de support sont en position basse pour contr\u00f4ler la torsion de la lame, en particulier lors de la coupe \u00e0 pleine capacit\u00e9.<\/li>\n<li class=\"additional-feature-list-li\">Le d\u00e9marrage progressif assure une plus grande pr\u00e9cision au d\u00e9but de la coupe<\/li>\n<li class=\"additional-feature-list-li\">Base r\u00e9glable sans outil avec surface anti-rayures et capacit\u00e9 de biseau jusqu&rsquo;\u00e0 45\u00ba des deux c\u00f4t\u00e9s<\/li>\n<li class=\"additional-feature-list-li\">Action pendulaire \u00e0 4 positions pour contr\u00f4ler la rugosit\u00e9 ou la douceur de la coupe<\/li>\n<li class=\"additional-feature-list-li\">Le m\u00e9canisme de contrepoids brevet\u00e9 et la poign\u00e9e recouverte de caoutchouc offrent moins de vibrations et plus de contr\u00f4le<\/li>\n<\/ul>\n<\/div>\n<\/div>\n<div class=\"coh-container coh-style-product-includes-section\">\n<h6 class=\"coh-heading title coh-style-h1---default\">Comprend<\/h6>\n<ul class=\"coh-list-container coh-unordered-list\">\n<li class=\"coh-list-item\">(1) Insert incassable<\/li>\n<li class=\"coh-list-item\">(1) adaptateur d&rsquo;extracteur de poussi\u00e8re<\/li>\n<li class=\"coh-list-item\">(1) mallette de transport<\/li>\n<li class=\"coh-list-item\">(1) couverture anti-risque<\/li>\n<\/ul>\n<\/div>\n<div class=\"coh-container coh-style-specifications\">\n<h6 class=\"coh-heading coh-style-h1---default\">Les caract\u00e9ristiques<\/h6>\n<div>\n<div>\n<table class=\"reference_entity_table table-expanded\" data-striping=\"1\">\n<tbody>\n<tr>\n<td>\n<div>LONGUEUR DE COURSE<\/div>\n<\/td>\n<td>\n<div>26 MM<\/div>\n<\/td>\n<\/tr>\n<tr>\n<td>\n<div>CAPACIT\u00c9 DE COUPE MAXIMALE [ALUM\u00cdNIO]<\/div>\n<\/td>\n<td>\n<div>30 MM<\/div>\n<\/td>\n<\/tr>\n<tr>\n<td>\n<div>CAPACIT\u00c9 DE COUPE MAXIMALE [ALLOY DE A\u00c7O INOXID\u00c1VEL]<\/div>\n<\/td>\n<td>\n<div>4.5 MM<\/div>\n<\/td>\n<\/tr>\n<tr>\n<td>\n<div>CAPACIT\u00c9 DE COUPE MAXIMALE [A\u00c7O]<\/div>\n<\/td>\n<td>\n<div>12 MM<\/div>\n<\/td>\n<\/tr>\n<tr>\n<td>\n<div>INCERTITUDE K3 (VIBRATION)<\/div>\n<\/td>\n<td>\n<div>1.5<\/div>\n<\/td>\n<\/tr>\n<tr>\n<td>\n<div>INCERTITUDE K4 (VIBRATION)<\/div>\n<\/td>\n<td>\n<div>2<\/div>\n<\/td>\n<\/tr>\n<tr>\n<td>\n<div>POIDS DU PRODUIT<\/div>\n<\/td>\n<td>\n<div>2.6 KG<\/div>\n<\/td>\n<\/tr>\n<tr>\n<td>\n<div>HAUTEUR DU PRODUIT<\/div>\n<\/td>\n<td>\n<div>210 MM<\/div>\n<\/td>\n<\/tr>\n<tr>\n<td>\n<div>CAPACIT\u00c9 DE COUPE<\/div>\n<\/td>\n<td>\n<div>130 MM<\/div>\n<\/td>\n<\/tr>\n<tr>\n<td>\n<div>PUISSANCE DE SORTIE<\/div>\n<\/td>\n<td>\n<div>445 W<\/div>\n<\/td>\n<\/tr>\n<tr>\n<td>\n<div>INCERTITUDE K1 (VIBRATION)<\/div>\n<\/td>\n<td>\n<div>2<\/div>\n<\/td>\n<\/tr>\n<tr>\n<td>\n<div>SOURCE DE COURANT<\/div>\n<\/td>\n<td>\n<div>CORDON, FILAIRE<\/div>\n<\/td>\n<\/tr>\n<tr>\n<td>\n<div>FRAIS DE COURS SANS CHARGE<\/div>\n<\/td>\n<td>\n<div>0-3100<\/div>\n<\/td>\n<\/tr>\n<tr>\n<td>\n<div>LONGUEUR DU PRODUIT<\/div>\n<\/td>\n<td>\n<div>250 MM<\/div>\n<\/td>\n<\/tr>\n<tr>\n<td>\n<div>INCERTITUDE K2 (VIBRATION)<\/div>\n<\/td>\n<td>\n<div>1.5<\/div>\n<\/td>\n<\/tr>\n<tr>\n<td>\n<div>CAPACIT\u00c9 DE COUPE MAXIMALE [MADEIRA]<\/div>\n<\/td>\n<td>\n<div>130 MM<\/div>\n<\/td>\n<\/tr>\n<\/tbody>\n<\/table>\n<\/div>\n<\/div>\n<\/div>\n","protected":false},"excerpt":{"rendered":"<ul class=\"feature-ul\">\n<li class=\"feature-list-li\">Syst\u00e8me de changement de lame sans cl\u00e9 facile et rapide avec rainure en T<\/li>\n<li class=\"feature-list-li\">La vitesse constante garantit que la vitesse s\u00e9lectionn\u00e9e est maintenue pendant la coupe, quelle que soit la charge, assurant une finition uniforme sur tous les mat\u00e9riaux<\/li>\n<li class=\"feature-list-li\">Conception modulaire pour faciliter les op\u00e9rations de maintenance<\/li>\n<\/ul>\n","protected":false},"featured_media":26577,"template":"","meta":{"_eb_attr":"","_uag_custom_page_level_css":"","site-sidebar-layout":"default","site-content-layout":"default","ast-site-content-layout":"default","site-content-style":"default","site-sidebar-style":"default","ast-global-header-display":"","ast-banner-title-visibility":"","ast-main-header-display":"","ast-hfb-above-header-display":"","ast-hfb-below-header-display":"","ast-hfb-mobile-header-display":"","site-post-title":"","ast-breadcrumbs-content":"","ast-featured-img":"","footer-sml-layout":"","ast-disable-related-posts":"","theme-transparent-header-meta":"default","adv-header-id-meta":"","stick-header-meta":"default","header-above-stick-meta":"","header-main-stick-meta":"","header-below-stick-meta":"","astra-migrate-meta-layouts":"default","ast-page-background-enabled":"default","ast-page-background-meta":{"desktop":{"background-color":"","background-image":"","background-repeat":"repeat","background-position":"center center","background-size":"auto","background-attachment":"scroll","background-type":"","background-media":"","overlay-type":"","overlay-color":"","overlay-opacity":"","overlay-gradient":""},"tablet":{"background-color":"","background-image":"","background-repeat":"repeat","background-position":"center center","background-size":"auto","background-attachment":"scroll","background-type":"","background-media":"","overlay-type":"","overlay-color":"","overlay-opacity":"","overlay-gradient":""},"mobile":{"background-color":"","background-image":"","background-repeat":"repeat","background-position":"center center","background-size":"auto","background-attachment":"scroll","background-type":"","background-media":"","overlay-type":"","overlay-color":"","overlay-opacity":"","overlay-gradient":""}},"ast-content-background-meta":{"desktop":{"background-color":"var(--ast-global-color-5)","background-image":"","background-repeat":"repeat","background-position":"center center","background-size":"auto","background-attachment":"scroll","background-type":"","background-media":"","overlay-type":"","overlay-color":"","overlay-opacity":"","overlay-gradient":""},"tablet":{"background-color":"var(--ast-global-color-5)","background-image":"","background-repeat":"repeat","background-position":"center center","background-size":"auto","background-attachment":"scroll","background-type":"","background-media":"","overlay-type":"","overlay-color":"","overlay-opacity":"","overlay-gradient":""},"mobile":{"background-color":"var(--ast-global-color-5)","background-image":"","background-repeat":"repeat","background-position":"center center","background-size":"auto","background-attachment":"scroll","background-type":"","background-media":"","overlay-type":"","overlay-color":"","overlay-opacity":"","overlay-gradient":""}}},"product_brand":[],"product_cat":[6777,6785,5081],"product_tag":[],"class_list":{"0":"post-29792","1":"product","2":"type-product","3":"status-publish","4":"has-post-thumbnail","6":"product_cat-outils-electriques","7":"product_cat-general-fr","8":"product_cat-outillage-et-accessoires","9":"desktop-align-center","10":"tablet-align-center","11":"mobile-align-center","12":"ast-product-gallery-layout-horizontal","13":"ast-product-gallery-with-no-image","14":"ast-product-tabs-layout-horizontal","16":"first","17":"onbackorder","18":"taxable","19":"shipping-taxable","20":"product-type-simple"},"acf":[],"yoast_head":"<!-- This site is optimized with the Yoast SEO plugin v27.3 - https:\/\/yoast.com\/product\/yoast-seo-wordpress\/ -->\n<title>Scie sauteuse - MAQTOOL<\/title>\n<meta name=\"robots\" content=\"index, follow, max-snippet:-1, max-image-preview:large, max-video-preview:-1\" \/>\n<link rel=\"canonical\" href=\"https:\/\/maqtool.pt\/produto\/scie-sauteuse\/\" \/>\n<meta property=\"og:locale\" content=\"fr_FR\" \/>\n<meta property=\"og:type\" content=\"article\" \/>\n<meta property=\"og:title\" content=\"Scie sauteuse - MAQTOOL\" \/>\n<meta property=\"og:description\" content=\"Syst\u00e8me de changement de lame sans cl\u00e9 facile et rapide avec rainure en T  La vitesse constante garantit que la vitesse s\u00e9lectionn\u00e9e est maintenue pendant la coupe, quelle que soit la charge, assurant une finition uniforme sur tous les mat\u00e9riaux  Conception modulaire pour faciliter les op\u00e9rations de maintenance\" \/>\n<meta property=\"og:url\" content=\"https:\/\/maqtool.pt\/produto\/scie-sauteuse\/\" \/>\n<meta property=\"og:site_name\" content=\"MAQTOOL\" \/>\n<meta property=\"article:publisher\" content=\"https:\/\/www.facebook.com\/cobermaster\" \/>\n<meta name=\"twitter:card\" content=\"summary_large_image\" \/>\n<meta name=\"twitter:label1\" content=\"Dur\u00e9e de lecture estim\u00e9e\" \/>\n\t<meta name=\"twitter:data1\" content=\"1 minute\" \/>\n<script type=\"application\/ld+json\" class=\"yoast-schema-graph\">{\"@context\":\"https:\\\/\\\/schema.org\",\"@graph\":[{\"@type\":\"WebPage\",\"@id\":\"https:\\\/\\\/maqtool.pt\\\/produto\\\/scie-sauteuse\\\/\",\"url\":\"https:\\\/\\\/maqtool.pt\\\/produto\\\/scie-sauteuse\\\/\",\"name\":\"Scie sauteuse - MAQTOOL\",\"isPartOf\":{\"@id\":\"https:\\\/\\\/maqtool.pt\\\/#website\"},\"primaryImageOfPage\":{\"@id\":\"https:\\\/\\\/maqtool.pt\\\/produto\\\/scie-sauteuse\\\/#primaryimage\"},\"image\":{\"@id\":\"https:\\\/\\\/maqtool.pt\\\/produto\\\/scie-sauteuse\\\/#primaryimage\"},\"thumbnailUrl\":\"https:\\\/\\\/maqtool.pt\\\/wp-content\\\/uploads\\\/2022\\\/10\\\/MAQ-DW331K-QS-Serra-de-Recortes-de-Punho-Fechado.jpg\",\"datePublished\":\"2022-10-24T13:24:27+00:00\",\"breadcrumb\":{\"@id\":\"https:\\\/\\\/maqtool.pt\\\/produto\\\/scie-sauteuse\\\/#breadcrumb\"},\"inLanguage\":\"fr-FR\",\"potentialAction\":[{\"@type\":\"ReadAction\",\"target\":[\"https:\\\/\\\/maqtool.pt\\\/produto\\\/scie-sauteuse\\\/\"]}]},{\"@type\":\"ImageObject\",\"inLanguage\":\"fr-FR\",\"@id\":\"https:\\\/\\\/maqtool.pt\\\/produto\\\/scie-sauteuse\\\/#primaryimage\",\"url\":\"https:\\\/\\\/maqtool.pt\\\/wp-content\\\/uploads\\\/2022\\\/10\\\/MAQ-DW331K-QS-Serra-de-Recortes-de-Punho-Fechado.jpg\",\"contentUrl\":\"https:\\\/\\\/maqtool.pt\\\/wp-content\\\/uploads\\\/2022\\\/10\\\/MAQ-DW331K-QS-Serra-de-Recortes-de-Punho-Fechado.jpg\",\"width\":800,\"height\":800},{\"@type\":\"BreadcrumbList\",\"@id\":\"https:\\\/\\\/maqtool.pt\\\/produto\\\/scie-sauteuse\\\/#breadcrumb\",\"itemListElement\":[{\"@type\":\"ListItem\",\"position\":1,\"name\":\"In\u00edcio\",\"item\":\"https:\\\/\\\/maqtool.pt\\\/fr\\\/home\\\/\"},{\"@type\":\"ListItem\",\"position\":2,\"name\":\"Produtos\",\"item\":\"https:\\\/\\\/maqtool.pt\\\/produtos\\\/\"},{\"@type\":\"ListItem\",\"position\":3,\"name\":\"Scie sauteuse\"}]},{\"@type\":\"WebSite\",\"@id\":\"https:\\\/\\\/maqtool.pt\\\/#website\",\"url\":\"https:\\\/\\\/maqtool.pt\\\/\",\"name\":\"Cobermaster Industry\",\"description\":\"\",\"publisher\":{\"@id\":\"https:\\\/\\\/maqtool.pt\\\/#organization\"},\"potentialAction\":[{\"@type\":\"SearchAction\",\"target\":{\"@type\":\"EntryPoint\",\"urlTemplate\":\"https:\\\/\\\/maqtool.pt\\\/?s={search_term_string}\"},\"query-input\":{\"@type\":\"PropertyValueSpecification\",\"valueRequired\":true,\"valueName\":\"search_term_string\"}}],\"inLanguage\":\"fr-FR\"},{\"@type\":\"Organization\",\"@id\":\"https:\\\/\\\/maqtool.pt\\\/#organization\",\"name\":\"MAQTOOL\",\"url\":\"https:\\\/\\\/maqtool.pt\\\/\",\"logo\":{\"@type\":\"ImageObject\",\"inLanguage\":\"fr-FR\",\"@id\":\"https:\\\/\\\/maqtool.pt\\\/#\\\/schema\\\/logo\\\/image\\\/\",\"url\":\"https:\\\/\\\/maqtool.pt\\\/wp-content\\\/uploads\\\/2022\\\/09\\\/MAQTOOL-LOGO.jpg\",\"contentUrl\":\"https:\\\/\\\/maqtool.pt\\\/wp-content\\\/uploads\\\/2022\\\/09\\\/MAQTOOL-LOGO.jpg\",\"width\":762,\"height\":228,\"caption\":\"MAQTOOL\"},\"image\":{\"@id\":\"https:\\\/\\\/maqtool.pt\\\/#\\\/schema\\\/logo\\\/image\\\/\"},\"sameAs\":[\"https:\\\/\\\/www.facebook.com\\\/cobermaster\"]}]}<\/script>\n<!-- \/ Yoast SEO plugin. -->","yoast_head_json":{"title":"Scie sauteuse - MAQTOOL","robots":{"index":"index","follow":"follow","max-snippet":"max-snippet:-1","max-image-preview":"max-image-preview:large","max-video-preview":"max-video-preview:-1"},"canonical":"https:\/\/maqtool.pt\/produto\/scie-sauteuse\/","og_locale":"fr_FR","og_type":"article","og_title":"Scie sauteuse - MAQTOOL","og_description":"Syst\u00e8me de changement de lame sans cl\u00e9 facile et rapide avec rainure en T  La vitesse constante garantit que la vitesse s\u00e9lectionn\u00e9e est maintenue pendant la coupe, quelle que soit la charge, assurant une finition uniforme sur tous les mat\u00e9riaux  Conception modulaire pour faciliter les op\u00e9rations de maintenance","og_url":"https:\/\/maqtool.pt\/produto\/scie-sauteuse\/","og_site_name":"MAQTOOL","article_publisher":"https:\/\/www.facebook.com\/cobermaster","twitter_card":"summary_large_image","twitter_misc":{"Dur\u00e9e de lecture estim\u00e9e":"1 minute"},"schema":{"@context":"https:\/\/schema.org","@graph":[{"@type":"WebPage","@id":"https:\/\/maqtool.pt\/produto\/scie-sauteuse\/","url":"https:\/\/maqtool.pt\/produto\/scie-sauteuse\/","name":"Scie sauteuse - MAQTOOL","isPartOf":{"@id":"https:\/\/maqtool.pt\/#website"},"primaryImageOfPage":{"@id":"https:\/\/maqtool.pt\/produto\/scie-sauteuse\/#primaryimage"},"image":{"@id":"https:\/\/maqtool.pt\/produto\/scie-sauteuse\/#primaryimage"},"thumbnailUrl":"https:\/\/maqtool.pt\/wp-content\/uploads\/2022\/10\/MAQ-DW331K-QS-Serra-de-Recortes-de-Punho-Fechado.jpg","datePublished":"2022-10-24T13:24:27+00:00","breadcrumb":{"@id":"https:\/\/maqtool.pt\/produto\/scie-sauteuse\/#breadcrumb"},"inLanguage":"fr-FR","potentialAction":[{"@type":"ReadAction","target":["https:\/\/maqtool.pt\/produto\/scie-sauteuse\/"]}]},{"@type":"ImageObject","inLanguage":"fr-FR","@id":"https:\/\/maqtool.pt\/produto\/scie-sauteuse\/#primaryimage","url":"https:\/\/maqtool.pt\/wp-content\/uploads\/2022\/10\/MAQ-DW331K-QS-Serra-de-Recortes-de-Punho-Fechado.jpg","contentUrl":"https:\/\/maqtool.pt\/wp-content\/uploads\/2022\/10\/MAQ-DW331K-QS-Serra-de-Recortes-de-Punho-Fechado.jpg","width":800,"height":800},{"@type":"BreadcrumbList","@id":"https:\/\/maqtool.pt\/produto\/scie-sauteuse\/#breadcrumb","itemListElement":[{"@type":"ListItem","position":1,"name":"In\u00edcio","item":"https:\/\/maqtool.pt\/fr\/home\/"},{"@type":"ListItem","position":2,"name":"Produtos","item":"https:\/\/maqtool.pt\/produtos\/"},{"@type":"ListItem","position":3,"name":"Scie sauteuse"}]},{"@type":"WebSite","@id":"https:\/\/maqtool.pt\/#website","url":"https:\/\/maqtool.pt\/","name":"Cobermaster Industry","description":"","publisher":{"@id":"https:\/\/maqtool.pt\/#organization"},"potentialAction":[{"@type":"SearchAction","target":{"@type":"EntryPoint","urlTemplate":"https:\/\/maqtool.pt\/?s={search_term_string}"},"query-input":{"@type":"PropertyValueSpecification","valueRequired":true,"valueName":"search_term_string"}}],"inLanguage":"fr-FR"},{"@type":"Organization","@id":"https:\/\/maqtool.pt\/#organization","name":"MAQTOOL","url":"https:\/\/maqtool.pt\/","logo":{"@type":"ImageObject","inLanguage":"fr-FR","@id":"https:\/\/maqtool.pt\/#\/schema\/logo\/image\/","url":"https:\/\/maqtool.pt\/wp-content\/uploads\/2022\/09\/MAQTOOL-LOGO.jpg","contentUrl":"https:\/\/maqtool.pt\/wp-content\/uploads\/2022\/09\/MAQTOOL-LOGO.jpg","width":762,"height":228,"caption":"MAQTOOL"},"image":{"@id":"https:\/\/maqtool.pt\/#\/schema\/logo\/image\/"},"sameAs":["https:\/\/www.facebook.com\/cobermaster"]}]}},"uagb_featured_image_src":{"full":["https:\/\/maqtool.pt\/wp-content\/uploads\/2022\/10\/MAQ-DW331K-QS-Serra-de-Recortes-de-Punho-Fechado.jpg",800,800,false],"thumbnail":["https:\/\/maqtool.pt\/wp-content\/uploads\/2022\/10\/MAQ-DW331K-QS-Serra-de-Recortes-de-Punho-Fechado-150x150.jpg",150,150,true],"medium":["https:\/\/maqtool.pt\/wp-content\/uploads\/2022\/10\/MAQ-DW331K-QS-Serra-de-Recortes-de-Punho-Fechado-300x300.jpg",300,300,true],"medium_large":["https:\/\/maqtool.pt\/wp-content\/uploads\/2022\/10\/MAQ-DW331K-QS-Serra-de-Recortes-de-Punho-Fechado-768x768.jpg",768,768,true],"large":["https:\/\/maqtool.pt\/wp-content\/uploads\/2022\/10\/MAQ-DW331K-QS-Serra-de-Recortes-de-Punho-Fechado.jpg",800,800,false],"1536x1536":["https:\/\/maqtool.pt\/wp-content\/uploads\/2022\/10\/MAQ-DW331K-QS-Serra-de-Recortes-de-Punho-Fechado.jpg",800,800,false],"2048x2048":["https:\/\/maqtool.pt\/wp-content\/uploads\/2022\/10\/MAQ-DW331K-QS-Serra-de-Recortes-de-Punho-Fechado.jpg",800,800,false],"woocommerce_thumbnail":["https:\/\/maqtool.pt\/wp-content\/uploads\/2022\/10\/MAQ-DW331K-QS-Serra-de-Recortes-de-Punho-Fechado-400x400.jpg",400,400,true],"woocommerce_single":["https:\/\/maqtool.pt\/wp-content\/uploads\/2022\/10\/MAQ-DW331K-QS-Serra-de-Recortes-de-Punho-Fechado-600x600.jpg",600,600,true],"woocommerce_gallery_thumbnail":["https:\/\/maqtool.pt\/wp-content\/uploads\/2022\/10\/MAQ-DW331K-QS-Serra-de-Recortes-de-Punho-Fechado-100x100.jpg",100,100,true]},"uagb_author_info":{"display_name":"Jo\u00e3o Santos","author_link":"https:\/\/maqtool.pt\/fr\/author\/"},"uagb_comment_info":0,"uagb_excerpt":"Syst\u00e8me de changement de lame sans cl\u00e9 facile et rapide avec rainure en T La vitesse constante garantit que la vitesse s\u00e9lectionn\u00e9e est maintenue pendant la coupe, quelle que soit la charge, assurant une finition uniforme sur tous les mat\u00e9riaux Conception modulaire pour faciliter les op\u00e9rations de maintenance","_links":{"self":[{"href":"https:\/\/maqtool.pt\/fr\/wp-json\/wp\/v2\/product\/29792","targetHints":{"allow":["GET"]}}],"collection":[{"href":"https:\/\/maqtool.pt\/fr\/wp-json\/wp\/v2\/product"}],"about":[{"href":"https:\/\/maqtool.pt\/fr\/wp-json\/wp\/v2\/types\/product"}],"wp:featuredmedia":[{"embeddable":true,"href":"https:\/\/maqtool.pt\/fr\/wp-json\/wp\/v2\/media\/26577"}],"wp:attachment":[{"href":"https:\/\/maqtool.pt\/fr\/wp-json\/wp\/v2\/media?parent=29792"}],"wp:term":[{"taxonomy":"product_brand","embeddable":true,"href":"https:\/\/maqtool.pt\/fr\/wp-json\/wp\/v2\/product_brand?post=29792"},{"taxonomy":"product_cat","embeddable":true,"href":"https:\/\/maqtool.pt\/fr\/wp-json\/wp\/v2\/product_cat?post=29792"},{"taxonomy":"product_tag","embeddable":true,"href":"https:\/\/maqtool.pt\/fr\/wp-json\/wp\/v2\/product_tag?post=29792"}],"curies":[{"name":"wp","href":"https:\/\/api.w.org\/{rel}","templated":true}]}}