{"id":29816,"date":"2022-10-25T09:28:51","date_gmt":"2022-10-25T09:28:51","guid":{"rendered":"https:\/\/maqtool.pt\/produto\/tournevis-36-v-a-charge-rapide\/"},"modified":"2023-11-02T15:38:16","modified_gmt":"2023-11-02T15:38:16","slug":"tournevis-36v-charge-rapide","status":"publish","type":"product","link":"https:\/\/maqtool.pt\/fr\/produto\/tournevis-36v-charge-rapide\/","title":{"rendered":"Tournevis 3,6 V \u00e0 charge rapide"},"content":{"rendered":"<p>Caract\u00e9ristiques et avantages<\/p>\n<ul>\n<li>Charge compl\u00e8te en 1 heure, offrant une autonomie pour serrer jusqu&rsquo;\u00e0 500 vis sur une seule charge de batterie.<\/li>\n<li>Une charge de 15 minutes offre suffisamment d&rsquo;autonomie pour visser jusqu&rsquo;\u00e0 100 vis.<\/li>\n<li>Mallette de rangement de qualit\u00e9 sup\u00e9rieure, qui vous permet de transporter le tournevis \u00e0 l&rsquo;int\u00e9rieur.<\/li>\n<li>La g\u00e2chette surdimensionn\u00e9e permet un plus grand confort lors de l&rsquo;utilisation du tournevis, s&rsquo;adaptant \u00e0 diff\u00e9rentes tailles de main.<\/li>\n<li>Lumi\u00e8re LED pour am\u00e9liorer la visibilit\u00e9 dans les zones faiblement \u00e9clair\u00e9es.<\/li>\n<li>Le couple de serrage de 5,5 Nm offre r\u00e9sistance et performance pour toutes les t\u00e2ches de vissage.<\/li>\n<li>Action avant\/arri\u00e8re pour les fonctions de vissage et de d\u00e9vissage.<\/li>\n<\/ul>\n<p><strong>Les caract\u00e9ristiques<\/strong><\/p>\n<table class=\"specs\">\n<tbody>\n<tr>\n<th class=\"specification\" style=\"text-align: left;\" scope=\"row\">TYPE DE PRODUIT<\/th>\n<td class=\"spec-value\">Tournevis<\/td>\n<\/tr>\n<tr>\n<th class=\"specification\" style=\"text-align: left;\" scope=\"row\">NIVEAUX DE PUISSANCE<\/th>\n<td class=\"spec-value\">3.6 Volts<\/td>\n<\/tr>\n<tr>\n<th class=\"specification\" style=\"text-align: left;\" scope=\"row\">TYPE DE BATTERIE<\/th>\n<td class=\"spec-value\">Lithium-Ion<\/td>\n<\/tr>\n<tr>\n<th class=\"specification\" style=\"text-align: left;\" scope=\"row\">COUPLE MAXIMAL (NM)<\/th>\n<td class=\"spec-value\">5.5 Nm<\/td>\n<\/tr>\n<tr>\n<th class=\"specification\" style=\"text-align: left;\" scope=\"row\">RALENTI<\/th>\n<td class=\"spec-value\">0-180 rpm<\/td>\n<\/tr>\n<tr>\n<th class=\"specification\" style=\"text-align: left;\" scope=\"row\">CAPACIT\u00c9 DE LA BATTERIE<\/th>\n<td class=\"spec-value\">1.5 Ah<\/td>\n<\/tr>\n<tr>\n<th class=\"specification\" style=\"text-align: left;\" scope=\"row\">NIVEAUX DE SERRAGE<\/th>\n<td class=\"spec-value\">5.5<\/td>\n<\/tr>\n<tr>\n<th class=\"specification\" style=\"text-align: left;\" scope=\"row\">FONCTION INVERSE<\/th>\n<td class=\"spec-value\">Oui<\/td>\n<\/tr>\n<tr>\n<th class=\"specification\" style=\"text-align: left;\" scope=\"row\">TEMPS DE CHARGEMENT<\/th>\n<td class=\"spec-value\">1.0 h<\/td>\n<\/tr>\n<tr>\n<th class=\"specification\" style=\"text-align: left;\" scope=\"row\">RAPIDIT\u00c9<\/th>\n<td class=\"spec-value\">Seul<\/td>\n<\/tr>\n<tr>\n<th class=\"specification\" style=\"text-align: left;\" scope=\"row\">ACCESSOIRES FOURNIS<\/th>\n<td class=\"spec-value\">Oui<\/td>\n<\/tr>\n<tr>\n<th class=\"specification\" style=\"text-align: left;\" scope=\"row\">MANCHE REV\u00caTU<\/th>\n<td class=\"spec-value\">Oui<\/td>\n<\/tr>\n<\/tbody>\n<\/table>\n","protected":false},"excerpt":{"rendered":"<p>Le tournevis 3,6 V avec Black+Decker Fast Charge est l&rsquo;outil parfait pour vous aider dans les t\u00e2ches d&rsquo;assemblage de meubles pr\u00e9fabriqu\u00e9s. Gr\u00e2ce \u00e0 sa technologie de charge rapide, le tournevis est pr\u00eat \u00e0 l&#8217;emploi apr\u00e8s seulement 15 minutes de charge, offrant suffisamment de puissance pour visser jusqu&rsquo;\u00e0 100 vis.<\/p>\n","protected":false},"featured_media":26687,"template":"","meta":{"_eb_attr":"","_uag_custom_page_level_css":"","site-sidebar-layout":"default","site-content-layout":"default","ast-site-content-layout":"default","site-content-style":"default","site-sidebar-style":"default","ast-global-header-display":"","ast-banner-title-visibility":"","ast-main-header-display":"","ast-hfb-above-header-display":"","ast-hfb-below-header-display":"","ast-hfb-mobile-header-display":"","site-post-title":"","ast-breadcrumbs-content":"","ast-featured-img":"","footer-sml-layout":"","ast-disable-related-posts":"","theme-transparent-header-meta":"default","adv-header-id-meta":"","stick-header-meta":"default","header-above-stick-meta":"","header-main-stick-meta":"","header-below-stick-meta":"","astra-migrate-meta-layouts":"default","ast-page-background-enabled":"default","ast-page-background-meta":{"desktop":{"background-color":"","background-image":"","background-repeat":"repeat","background-position":"center center","background-size":"auto","background-attachment":"scroll","background-type":"","background-media":"","overlay-type":"","overlay-color":"","overlay-opacity":"","overlay-gradient":""},"tablet":{"background-color":"","background-image":"","background-repeat":"repeat","background-position":"center center","background-size":"auto","background-attachment":"scroll","background-type":"","background-media":"","overlay-type":"","overlay-color":"","overlay-opacity":"","overlay-gradient":""},"mobile":{"background-color":"","background-image":"","background-repeat":"repeat","background-position":"center center","background-size":"auto","background-attachment":"scroll","background-type":"","background-media":"","overlay-type":"","overlay-color":"","overlay-opacity":"","overlay-gradient":""}},"ast-content-background-meta":{"desktop":{"background-color":"var(--ast-global-color-5)","background-image":"","background-repeat":"repeat","background-position":"center center","background-size":"auto","background-attachment":"scroll","background-type":"","background-media":"","overlay-type":"","overlay-color":"","overlay-opacity":"","overlay-gradient":""},"tablet":{"background-color":"var(--ast-global-color-5)","background-image":"","background-repeat":"repeat","background-position":"center center","background-size":"auto","background-attachment":"scroll","background-type":"","background-media":"","overlay-type":"","overlay-color":"","overlay-opacity":"","overlay-gradient":""},"mobile":{"background-color":"var(--ast-global-color-5)","background-image":"","background-repeat":"repeat","background-position":"center center","background-size":"auto","background-attachment":"scroll","background-type":"","background-media":"","overlay-type":"","overlay-color":"","overlay-opacity":"","overlay-gradient":""}}},"product_brand":[],"product_cat":[5081,6777],"product_tag":[],"class_list":{"0":"post-29816","1":"product","2":"type-product","3":"status-publish","4":"has-post-thumbnail","6":"product_cat-outillage-et-accessoires","7":"product_cat-outils-electriques","8":"desktop-align-center","9":"tablet-align-center","10":"mobile-align-center","11":"ast-product-gallery-layout-horizontal","12":"ast-product-tabs-layout-horizontal","14":"first","15":"onbackorder","16":"taxable","17":"shipping-taxable","18":"product-type-simple"},"acf":[],"yoast_head":"<!-- This site is optimized with the Yoast SEO plugin v27.3 - https:\/\/yoast.com\/product\/yoast-seo-wordpress\/ -->\n<title>Tournevis 3,6 V \u00e0 charge rapide - MAQTOOL<\/title>\n<meta name=\"robots\" content=\"index, follow, max-snippet:-1, max-image-preview:large, max-video-preview:-1\" \/>\n<link rel=\"canonical\" href=\"https:\/\/maqtool.pt\/fr\/produto\/tournevis-36v-charge-rapide\/\" \/>\n<meta property=\"og:locale\" content=\"fr_FR\" \/>\n<meta property=\"og:type\" content=\"article\" \/>\n<meta property=\"og:title\" content=\"Tournevis 3,6 V \u00e0 charge rapide - MAQTOOL\" \/>\n<meta property=\"og:description\" content=\"Le tournevis 3,6 V avec Black+Decker Fast Charge est l&#039;outil parfait pour vous aider dans les t\u00e2ches d&#039;assemblage de meubles pr\u00e9fabriqu\u00e9s. Gr\u00e2ce \u00e0 sa technologie de charge rapide, le tournevis est pr\u00eat \u00e0 l&#039;emploi apr\u00e8s seulement 15 minutes de charge, offrant suffisamment de puissance pour visser jusqu&#039;\u00e0 100 vis.\" \/>\n<meta property=\"og:url\" content=\"https:\/\/maqtool.pt\/fr\/produto\/tournevis-36v-charge-rapide\/\" \/>\n<meta property=\"og:site_name\" content=\"MAQTOOL\" \/>\n<meta property=\"article:publisher\" content=\"https:\/\/www.facebook.com\/cobermaster\" \/>\n<meta property=\"article:modified_time\" content=\"2023-11-02T15:38:16+00:00\" \/>\n<meta property=\"og:image\" content=\"https:\/\/maqtool.pt\/wp-content\/uploads\/2022\/10\/MAQ-BCF611CK-Aparafusador-36V-de-Carregamento-Rapido.jpg\" \/>\n\t<meta property=\"og:image:width\" content=\"800\" \/>\n\t<meta property=\"og:image:height\" content=\"800\" \/>\n\t<meta property=\"og:image:type\" content=\"image\/jpeg\" \/>\n<meta name=\"twitter:card\" content=\"summary_large_image\" \/>\n<meta name=\"twitter:label1\" content=\"Dur\u00e9e de lecture estim\u00e9e\" \/>\n\t<meta name=\"twitter:data1\" content=\"1 minute\" \/>\n<script type=\"application\/ld+json\" class=\"yoast-schema-graph\">{\"@context\":\"https:\\\/\\\/schema.org\",\"@graph\":[{\"@type\":\"WebPage\",\"@id\":\"https:\\\/\\\/maqtool.pt\\\/fr\\\/produto\\\/tournevis-36v-charge-rapide\\\/\",\"url\":\"https:\\\/\\\/maqtool.pt\\\/fr\\\/produto\\\/tournevis-36v-charge-rapide\\\/\",\"name\":\"Tournevis 3,6 V \u00e0 charge rapide - MAQTOOL\",\"isPartOf\":{\"@id\":\"https:\\\/\\\/maqtool.pt\\\/#website\"},\"primaryImageOfPage\":{\"@id\":\"https:\\\/\\\/maqtool.pt\\\/fr\\\/produto\\\/tournevis-36v-charge-rapide\\\/#primaryimage\"},\"image\":{\"@id\":\"https:\\\/\\\/maqtool.pt\\\/fr\\\/produto\\\/tournevis-36v-charge-rapide\\\/#primaryimage\"},\"thumbnailUrl\":\"https:\\\/\\\/maqtool.pt\\\/wp-content\\\/uploads\\\/2022\\\/10\\\/MAQ-BCF611CK-Aparafusador-36V-de-Carregamento-Rapido.jpg\",\"datePublished\":\"2022-10-25T09:28:51+00:00\",\"dateModified\":\"2023-11-02T15:38:16+00:00\",\"breadcrumb\":{\"@id\":\"https:\\\/\\\/maqtool.pt\\\/fr\\\/produto\\\/tournevis-36v-charge-rapide\\\/#breadcrumb\"},\"inLanguage\":\"fr-FR\",\"potentialAction\":[{\"@type\":\"ReadAction\",\"target\":[\"https:\\\/\\\/maqtool.pt\\\/fr\\\/produto\\\/tournevis-36v-charge-rapide\\\/\"]}]},{\"@type\":\"ImageObject\",\"inLanguage\":\"fr-FR\",\"@id\":\"https:\\\/\\\/maqtool.pt\\\/fr\\\/produto\\\/tournevis-36v-charge-rapide\\\/#primaryimage\",\"url\":\"https:\\\/\\\/maqtool.pt\\\/wp-content\\\/uploads\\\/2022\\\/10\\\/MAQ-BCF611CK-Aparafusador-36V-de-Carregamento-Rapido.jpg\",\"contentUrl\":\"https:\\\/\\\/maqtool.pt\\\/wp-content\\\/uploads\\\/2022\\\/10\\\/MAQ-BCF611CK-Aparafusador-36V-de-Carregamento-Rapido.jpg\",\"width\":800,\"height\":800},{\"@type\":\"BreadcrumbList\",\"@id\":\"https:\\\/\\\/maqtool.pt\\\/fr\\\/produto\\\/tournevis-36v-charge-rapide\\\/#breadcrumb\",\"itemListElement\":[{\"@type\":\"ListItem\",\"position\":1,\"name\":\"In\u00edcio\",\"item\":\"https:\\\/\\\/maqtool.pt\\\/fr\\\/home\\\/\"},{\"@type\":\"ListItem\",\"position\":2,\"name\":\"Produtos\",\"item\":\"https:\\\/\\\/maqtool.pt\\\/produtos\\\/\"},{\"@type\":\"ListItem\",\"position\":3,\"name\":\"Tournevis 3,6 V \u00e0 charge rapide\"}]},{\"@type\":\"WebSite\",\"@id\":\"https:\\\/\\\/maqtool.pt\\\/#website\",\"url\":\"https:\\\/\\\/maqtool.pt\\\/\",\"name\":\"Cobermaster Industry\",\"description\":\"\",\"publisher\":{\"@id\":\"https:\\\/\\\/maqtool.pt\\\/#organization\"},\"potentialAction\":[{\"@type\":\"SearchAction\",\"target\":{\"@type\":\"EntryPoint\",\"urlTemplate\":\"https:\\\/\\\/maqtool.pt\\\/?s={search_term_string}\"},\"query-input\":{\"@type\":\"PropertyValueSpecification\",\"valueRequired\":true,\"valueName\":\"search_term_string\"}}],\"inLanguage\":\"fr-FR\"},{\"@type\":\"Organization\",\"@id\":\"https:\\\/\\\/maqtool.pt\\\/#organization\",\"name\":\"MAQTOOL\",\"url\":\"https:\\\/\\\/maqtool.pt\\\/\",\"logo\":{\"@type\":\"ImageObject\",\"inLanguage\":\"fr-FR\",\"@id\":\"https:\\\/\\\/maqtool.pt\\\/#\\\/schema\\\/logo\\\/image\\\/\",\"url\":\"https:\\\/\\\/maqtool.pt\\\/wp-content\\\/uploads\\\/2022\\\/09\\\/MAQTOOL-LOGO.jpg\",\"contentUrl\":\"https:\\\/\\\/maqtool.pt\\\/wp-content\\\/uploads\\\/2022\\\/09\\\/MAQTOOL-LOGO.jpg\",\"width\":762,\"height\":228,\"caption\":\"MAQTOOL\"},\"image\":{\"@id\":\"https:\\\/\\\/maqtool.pt\\\/#\\\/schema\\\/logo\\\/image\\\/\"},\"sameAs\":[\"https:\\\/\\\/www.facebook.com\\\/cobermaster\"]}]}<\/script>\n<!-- \/ Yoast SEO plugin. -->","yoast_head_json":{"title":"Tournevis 3,6 V \u00e0 charge rapide - MAQTOOL","robots":{"index":"index","follow":"follow","max-snippet":"max-snippet:-1","max-image-preview":"max-image-preview:large","max-video-preview":"max-video-preview:-1"},"canonical":"https:\/\/maqtool.pt\/fr\/produto\/tournevis-36v-charge-rapide\/","og_locale":"fr_FR","og_type":"article","og_title":"Tournevis 3,6 V \u00e0 charge rapide - MAQTOOL","og_description":"Le tournevis 3,6 V avec Black+Decker Fast Charge est l'outil parfait pour vous aider dans les t\u00e2ches d'assemblage de meubles pr\u00e9fabriqu\u00e9s. Gr\u00e2ce \u00e0 sa technologie de charge rapide, le tournevis est pr\u00eat \u00e0 l'emploi apr\u00e8s seulement 15 minutes de charge, offrant suffisamment de puissance pour visser jusqu'\u00e0 100 vis.","og_url":"https:\/\/maqtool.pt\/fr\/produto\/tournevis-36v-charge-rapide\/","og_site_name":"MAQTOOL","article_publisher":"https:\/\/www.facebook.com\/cobermaster","article_modified_time":"2023-11-02T15:38:16+00:00","og_image":[{"width":800,"height":800,"url":"https:\/\/maqtool.pt\/wp-content\/uploads\/2022\/10\/MAQ-BCF611CK-Aparafusador-36V-de-Carregamento-Rapido.jpg","type":"image\/jpeg"}],"twitter_card":"summary_large_image","twitter_misc":{"Dur\u00e9e de lecture estim\u00e9e":"1 minute"},"schema":{"@context":"https:\/\/schema.org","@graph":[{"@type":"WebPage","@id":"https:\/\/maqtool.pt\/fr\/produto\/tournevis-36v-charge-rapide\/","url":"https:\/\/maqtool.pt\/fr\/produto\/tournevis-36v-charge-rapide\/","name":"Tournevis 3,6 V \u00e0 charge rapide - MAQTOOL","isPartOf":{"@id":"https:\/\/maqtool.pt\/#website"},"primaryImageOfPage":{"@id":"https:\/\/maqtool.pt\/fr\/produto\/tournevis-36v-charge-rapide\/#primaryimage"},"image":{"@id":"https:\/\/maqtool.pt\/fr\/produto\/tournevis-36v-charge-rapide\/#primaryimage"},"thumbnailUrl":"https:\/\/maqtool.pt\/wp-content\/uploads\/2022\/10\/MAQ-BCF611CK-Aparafusador-36V-de-Carregamento-Rapido.jpg","datePublished":"2022-10-25T09:28:51+00:00","dateModified":"2023-11-02T15:38:16+00:00","breadcrumb":{"@id":"https:\/\/maqtool.pt\/fr\/produto\/tournevis-36v-charge-rapide\/#breadcrumb"},"inLanguage":"fr-FR","potentialAction":[{"@type":"ReadAction","target":["https:\/\/maqtool.pt\/fr\/produto\/tournevis-36v-charge-rapide\/"]}]},{"@type":"ImageObject","inLanguage":"fr-FR","@id":"https:\/\/maqtool.pt\/fr\/produto\/tournevis-36v-charge-rapide\/#primaryimage","url":"https:\/\/maqtool.pt\/wp-content\/uploads\/2022\/10\/MAQ-BCF611CK-Aparafusador-36V-de-Carregamento-Rapido.jpg","contentUrl":"https:\/\/maqtool.pt\/wp-content\/uploads\/2022\/10\/MAQ-BCF611CK-Aparafusador-36V-de-Carregamento-Rapido.jpg","width":800,"height":800},{"@type":"BreadcrumbList","@id":"https:\/\/maqtool.pt\/fr\/produto\/tournevis-36v-charge-rapide\/#breadcrumb","itemListElement":[{"@type":"ListItem","position":1,"name":"In\u00edcio","item":"https:\/\/maqtool.pt\/fr\/home\/"},{"@type":"ListItem","position":2,"name":"Produtos","item":"https:\/\/maqtool.pt\/produtos\/"},{"@type":"ListItem","position":3,"name":"Tournevis 3,6 V \u00e0 charge rapide"}]},{"@type":"WebSite","@id":"https:\/\/maqtool.pt\/#website","url":"https:\/\/maqtool.pt\/","name":"Cobermaster Industry","description":"","publisher":{"@id":"https:\/\/maqtool.pt\/#organization"},"potentialAction":[{"@type":"SearchAction","target":{"@type":"EntryPoint","urlTemplate":"https:\/\/maqtool.pt\/?s={search_term_string}"},"query-input":{"@type":"PropertyValueSpecification","valueRequired":true,"valueName":"search_term_string"}}],"inLanguage":"fr-FR"},{"@type":"Organization","@id":"https:\/\/maqtool.pt\/#organization","name":"MAQTOOL","url":"https:\/\/maqtool.pt\/","logo":{"@type":"ImageObject","inLanguage":"fr-FR","@id":"https:\/\/maqtool.pt\/#\/schema\/logo\/image\/","url":"https:\/\/maqtool.pt\/wp-content\/uploads\/2022\/09\/MAQTOOL-LOGO.jpg","contentUrl":"https:\/\/maqtool.pt\/wp-content\/uploads\/2022\/09\/MAQTOOL-LOGO.jpg","width":762,"height":228,"caption":"MAQTOOL"},"image":{"@id":"https:\/\/maqtool.pt\/#\/schema\/logo\/image\/"},"sameAs":["https:\/\/www.facebook.com\/cobermaster"]}]}},"uagb_featured_image_src":{"full":["https:\/\/maqtool.pt\/wp-content\/uploads\/2022\/10\/MAQ-BCF611CK-Aparafusador-36V-de-Carregamento-Rapido.jpg",800,800,false],"thumbnail":["https:\/\/maqtool.pt\/wp-content\/uploads\/2022\/10\/MAQ-BCF611CK-Aparafusador-36V-de-Carregamento-Rapido-150x150.jpg",150,150,true],"medium":["https:\/\/maqtool.pt\/wp-content\/uploads\/2022\/10\/MAQ-BCF611CK-Aparafusador-36V-de-Carregamento-Rapido-300x300.jpg",300,300,true],"medium_large":["https:\/\/maqtool.pt\/wp-content\/uploads\/2022\/10\/MAQ-BCF611CK-Aparafusador-36V-de-Carregamento-Rapido-768x768.jpg",768,768,true],"large":["https:\/\/maqtool.pt\/wp-content\/uploads\/2022\/10\/MAQ-BCF611CK-Aparafusador-36V-de-Carregamento-Rapido.jpg",800,800,false],"1536x1536":["https:\/\/maqtool.pt\/wp-content\/uploads\/2022\/10\/MAQ-BCF611CK-Aparafusador-36V-de-Carregamento-Rapido.jpg",800,800,false],"2048x2048":["https:\/\/maqtool.pt\/wp-content\/uploads\/2022\/10\/MAQ-BCF611CK-Aparafusador-36V-de-Carregamento-Rapido.jpg",800,800,false],"woocommerce_thumbnail":["https:\/\/maqtool.pt\/wp-content\/uploads\/2022\/10\/MAQ-BCF611CK-Aparafusador-36V-de-Carregamento-Rapido-400x400.jpg",400,400,true],"woocommerce_single":["https:\/\/maqtool.pt\/wp-content\/uploads\/2022\/10\/MAQ-BCF611CK-Aparafusador-36V-de-Carregamento-Rapido-600x600.jpg",600,600,true],"woocommerce_gallery_thumbnail":["https:\/\/maqtool.pt\/wp-content\/uploads\/2022\/10\/MAQ-BCF611CK-Aparafusador-36V-de-Carregamento-Rapido-100x100.jpg",100,100,true]},"uagb_author_info":{"display_name":"Jo\u00e3o Santos","author_link":"https:\/\/maqtool.pt\/fr\/author\/"},"uagb_comment_info":0,"uagb_excerpt":"Le tournevis 3,6 V avec Black+Decker Fast Charge est l'outil parfait pour vous aider dans les t\u00e2ches d'assemblage de meubles pr\u00e9fabriqu\u00e9s. Gr\u00e2ce \u00e0 sa technologie de charge rapide, le tournevis est pr\u00eat \u00e0 l'emploi apr\u00e8s seulement 15 minutes de charge, offrant suffisamment de puissance pour visser jusqu'\u00e0 100 vis.","_links":{"self":[{"href":"https:\/\/maqtool.pt\/fr\/wp-json\/wp\/v2\/product\/29816","targetHints":{"allow":["GET"]}}],"collection":[{"href":"https:\/\/maqtool.pt\/fr\/wp-json\/wp\/v2\/product"}],"about":[{"href":"https:\/\/maqtool.pt\/fr\/wp-json\/wp\/v2\/types\/product"}],"wp:featuredmedia":[{"embeddable":true,"href":"https:\/\/maqtool.pt\/fr\/wp-json\/wp\/v2\/media\/26687"}],"wp:attachment":[{"href":"https:\/\/maqtool.pt\/fr\/wp-json\/wp\/v2\/media?parent=29816"}],"wp:term":[{"taxonomy":"product_brand","embeddable":true,"href":"https:\/\/maqtool.pt\/fr\/wp-json\/wp\/v2\/product_brand?post=29816"},{"taxonomy":"product_cat","embeddable":true,"href":"https:\/\/maqtool.pt\/fr\/wp-json\/wp\/v2\/product_cat?post=29816"},{"taxonomy":"product_tag","embeddable":true,"href":"https:\/\/maqtool.pt\/fr\/wp-json\/wp\/v2\/product_tag?post=29816"}],"curies":[{"name":"wp","href":"https:\/\/api.w.org\/{rel}","templated":true}]}}