{"id":29819,"date":"2022-10-24T15:24:40","date_gmt":"2022-10-24T15:24:40","guid":{"rendered":"https:\/\/maqtool.pt\/produto\/perceuse-a-percussion-500w\/"},"modified":"2023-11-02T15:38:23","modified_gmt":"2023-11-02T15:38:23","slug":"perceuse-a-percussion-500w","status":"publish","type":"product","link":"https:\/\/maqtool.pt\/fr\/produto\/perceuse-a-percussion-500w\/","title":{"rendered":"Perceuse \u00e0 percussion 500W"},"content":{"rendered":"<h6 class=\"title\">Sp\u00e9cifications du produit<\/h6>\n<table class=\"specs\">\n<tbody>\n<tr>\n<th class=\"specification\" style=\"text-align: left;\" scope=\"row\">TYPE DE NOURRITURE<\/th>\n<td class=\"spec-value\" style=\"text-align: left;\">Filaire<\/td>\n<\/tr>\n<tr>\n<th class=\"specification\" style=\"text-align: left;\" scope=\"row\">TYPE DE PRODUIT<\/th>\n<td class=\"spec-value\">marteau perforateur<\/td>\n<\/tr>\n<tr>\n<th class=\"specification\" style=\"text-align: left;\" scope=\"row\">Batterie<\/th>\n<td class=\"spec-value\">Non<\/td>\n<\/tr>\n<tr>\n<th class=\"specification\" style=\"text-align: left;\" scope=\"row\">FIXATION DE L&rsquo;INTERRUPTEUR<\/th>\n<td class=\"spec-value\">Oui<\/td>\n<\/tr>\n<tr>\n<th class=\"specification\" style=\"text-align: left;\" scope=\"row\">NIVEAUX DE PUISSANCE<\/th>\n<td class=\"spec-value\">500 W<\/td>\n<\/tr>\n<tr>\n<th class=\"specification\" style=\"text-align: left;\" scope=\"row\">TENSION<\/th>\n<td class=\"spec-value\">230 Volts<\/td>\n<\/tr>\n<tr>\n<th class=\"specification\" style=\"text-align: left;\" scope=\"row\">RALENTI<\/th>\n<td class=\"spec-value\">0-2900 rpm<\/td>\n<\/tr>\n<tr>\n<th class=\"specification\" style=\"text-align: left;\" scope=\"row\">TYPE DE DOUILLE<\/th>\n<td class=\"spec-value\">Manchon simple sans cl\u00e9<\/td>\n<\/tr>\n<tr>\n<th class=\"specification\" style=\"text-align: left;\" scope=\"row\">IMPACTS PAR MINUTE<\/th>\n<td class=\"spec-value\">49300 ipm<\/td>\n<\/tr>\n<tr>\n<th class=\"specification\" style=\"text-align: left;\" scope=\"row\">DIAM\u00c8TRE MAX. BAGUE<\/th>\n<td class=\"spec-value\">13 mm<\/td>\n<\/tr>\n<tr>\n<th class=\"specification\" style=\"text-align: left;\" scope=\"row\">CAPACIT\u00c9 MAXIMALE PER\u00c7AGE (BOIS)<\/th>\n<td class=\"spec-value\">20 mm<\/td>\n<\/tr>\n<tr>\n<th class=\"specification\" style=\"text-align: left;\" scope=\"row\">CAPACIT\u00c9 MAXIMALE PER\u00c7AGE (ACIER)<\/th>\n<td class=\"spec-value\">13 mm<\/td>\n<\/tr>\n<tr>\n<th class=\"specification\" style=\"text-align: left;\" scope=\"row\">CAPACIT\u00c9 MAXIMALE FORAGE (B\u00c9TON)<\/th>\n<td class=\"spec-value\">13 mm<\/td>\n<\/tr>\n<tr>\n<th class=\"specification\" style=\"text-align: left;\" scope=\"row\">ACTION R\u00c9VERSIBLE<\/th>\n<td class=\"spec-value\">Oui<\/td>\n<\/tr>\n<tr>\n<th class=\"specification\" style=\"text-align: left;\" scope=\"row\">VITESSE VARIABLE<\/th>\n<td class=\"spec-value\">Oui<\/td>\n<\/tr>\n<tr>\n<th class=\"specification\" style=\"text-align: left;\" scope=\"row\">POIGNEE SECONDAIRE<\/th>\n<td class=\"spec-value\">Oui<\/td>\n<\/tr>\n<tr>\n<th class=\"specification\" style=\"text-align: left;\" scope=\"row\">LONGUEUR DE C\u00c2BLE<\/th>\n<td class=\"spec-value\">2 m<\/td>\n<\/tr>\n<tr>\n<th class=\"specification\" style=\"text-align: left;\" scope=\"row\">PRESSION ACOUSTIQUE<\/th>\n<td class=\"spec-value\">110 dB(A)<\/td>\n<\/tr>\n<tr>\n<th class=\"specification\" style=\"text-align: left;\" scope=\"row\">PRESSION SONORE<\/th>\n<td class=\"spec-value\" style=\"text-align: left;\">99 dB(A)<\/td>\n<\/tr>\n<\/tbody>\n<\/table>\n","protected":false},"excerpt":{"rendered":"<p>La perceuse \u00e0 percussion 500W de BLACK+DECKER est l&rsquo;outil id\u00e9al pour compl\u00e9ter votre bo\u00eete \u00e0 outils et donner vie \u00e0 tous vos projets. Son action de marteau jusqu&rsquo;\u00e0 49 300 ipm est parfaite pour effectuer les travaux de forage les plus exigeants dans la ma\u00e7onnerie. Il est \u00e9quip\u00e9 d&rsquo;un moteur \u00e0 vitesse variable jusqu&rsquo;\u00e0 2 900 tr\/min qui permet un d\u00e9marrage plus doux, d&rsquo;obtenir une plus grande pr\u00e9cision, et d&rsquo;une poign\u00e9e lat\u00e9rale r\u00e9glable en plusieurs positions pour une manipulation plus facile de l&rsquo;outil.<\/p>\n","protected":false},"featured_media":26673,"template":"","meta":{"_eb_attr":"","_uag_custom_page_level_css":"","site-sidebar-layout":"default","site-content-layout":"default","ast-site-content-layout":"default","site-content-style":"default","site-sidebar-style":"default","ast-global-header-display":"","ast-banner-title-visibility":"","ast-main-header-display":"","ast-hfb-above-header-display":"","ast-hfb-below-header-display":"","ast-hfb-mobile-header-display":"","site-post-title":"","ast-breadcrumbs-content":"","ast-featured-img":"","footer-sml-layout":"","ast-disable-related-posts":"","theme-transparent-header-meta":"default","adv-header-id-meta":"","stick-header-meta":"default","header-above-stick-meta":"","header-main-stick-meta":"","header-below-stick-meta":"","astra-migrate-meta-layouts":"default","ast-page-background-enabled":"default","ast-page-background-meta":{"desktop":{"background-color":"","background-image":"","background-repeat":"repeat","background-position":"center center","background-size":"auto","background-attachment":"scroll","background-type":"","background-media":"","overlay-type":"","overlay-color":"","overlay-opacity":"","overlay-gradient":""},"tablet":{"background-color":"","background-image":"","background-repeat":"repeat","background-position":"center center","background-size":"auto","background-attachment":"scroll","background-type":"","background-media":"","overlay-type":"","overlay-color":"","overlay-opacity":"","overlay-gradient":""},"mobile":{"background-color":"","background-image":"","background-repeat":"repeat","background-position":"center center","background-size":"auto","background-attachment":"scroll","background-type":"","background-media":"","overlay-type":"","overlay-color":"","overlay-opacity":"","overlay-gradient":""}},"ast-content-background-meta":{"desktop":{"background-color":"var(--ast-global-color-5)","background-image":"","background-repeat":"repeat","background-position":"center center","background-size":"auto","background-attachment":"scroll","background-type":"","background-media":"","overlay-type":"","overlay-color":"","overlay-opacity":"","overlay-gradient":""},"tablet":{"background-color":"var(--ast-global-color-5)","background-image":"","background-repeat":"repeat","background-position":"center center","background-size":"auto","background-attachment":"scroll","background-type":"","background-media":"","overlay-type":"","overlay-color":"","overlay-opacity":"","overlay-gradient":""},"mobile":{"background-color":"var(--ast-global-color-5)","background-image":"","background-repeat":"repeat","background-position":"center center","background-size":"auto","background-attachment":"scroll","background-type":"","background-media":"","overlay-type":"","overlay-color":"","overlay-opacity":"","overlay-gradient":""}}},"product_brand":[],"product_cat":[5081,6777],"product_tag":[],"class_list":{"0":"post-29819","1":"product","2":"type-product","3":"status-publish","4":"has-post-thumbnail","6":"product_cat-outillage-et-accessoires","7":"product_cat-outils-electriques","8":"desktop-align-center","9":"tablet-align-center","10":"mobile-align-center","11":"ast-product-gallery-layout-horizontal","12":"ast-product-tabs-layout-horizontal","14":"first","15":"onbackorder","16":"taxable","17":"shipping-taxable","18":"product-type-simple"},"acf":[],"yoast_head":"<!-- This site is optimized with the Yoast SEO plugin v27.2 - https:\/\/yoast.com\/product\/yoast-seo-wordpress\/ -->\n<title>Perceuse \u00e0 percussion 500W - MAQTOOL<\/title>\n<meta name=\"robots\" content=\"index, follow, max-snippet:-1, max-image-preview:large, max-video-preview:-1\" \/>\n<link rel=\"canonical\" href=\"https:\/\/maqtool.pt\/fr\/produto\/perceuse-a-percussion-500w\/\" \/>\n<meta property=\"og:locale\" content=\"fr_FR\" \/>\n<meta property=\"og:type\" content=\"article\" \/>\n<meta property=\"og:title\" content=\"Perceuse \u00e0 percussion 500W - MAQTOOL\" \/>\n<meta property=\"og:description\" content=\"La perceuse \u00e0 percussion 500W de BLACK+DECKER est l&#039;outil id\u00e9al pour compl\u00e9ter votre bo\u00eete \u00e0 outils et donner vie \u00e0 tous vos projets. Son action de marteau jusqu&#039;\u00e0 49 300 ipm est parfaite pour effectuer les travaux de forage les plus exigeants dans la ma\u00e7onnerie. Il est \u00e9quip\u00e9 d&#039;un moteur \u00e0 vitesse variable jusqu&#039;\u00e0 2 900 tr\/min qui permet un d\u00e9marrage plus doux, d&#039;obtenir une plus grande pr\u00e9cision, et d&#039;une poign\u00e9e lat\u00e9rale r\u00e9glable en plusieurs positions pour une manipulation plus facile de l&#039;outil.\" \/>\n<meta property=\"og:url\" content=\"https:\/\/maqtool.pt\/fr\/produto\/perceuse-a-percussion-500w\/\" \/>\n<meta property=\"og:site_name\" content=\"MAQTOOL\" \/>\n<meta property=\"article:publisher\" content=\"https:\/\/www.facebook.com\/cobermaster\" \/>\n<meta property=\"article:modified_time\" content=\"2023-11-02T15:38:23+00:00\" \/>\n<meta property=\"og:image\" content=\"https:\/\/maqtool.pt\/wp-content\/uploads\/2022\/10\/MAQ-BEG200-QS-Berbequim-com-Percussao-500W.jpg\" \/>\n\t<meta property=\"og:image:width\" content=\"800\" \/>\n\t<meta property=\"og:image:height\" content=\"800\" \/>\n\t<meta property=\"og:image:type\" content=\"image\/jpeg\" \/>\n<meta name=\"twitter:card\" content=\"summary_large_image\" \/>\n<script type=\"application\/ld+json\" class=\"yoast-schema-graph\">{\"@context\":\"https:\/\/schema.org\",\"@graph\":[{\"@type\":\"WebPage\",\"@id\":\"https:\/\/maqtool.pt\/fr\/produto\/perceuse-a-percussion-500w\/\",\"url\":\"https:\/\/maqtool.pt\/fr\/produto\/perceuse-a-percussion-500w\/\",\"name\":\"Perceuse \u00e0 percussion 500W - MAQTOOL\",\"isPartOf\":{\"@id\":\"https:\/\/maqtool.pt\/#website\"},\"primaryImageOfPage\":{\"@id\":\"https:\/\/maqtool.pt\/fr\/produto\/perceuse-a-percussion-500w\/#primaryimage\"},\"image\":{\"@id\":\"https:\/\/maqtool.pt\/fr\/produto\/perceuse-a-percussion-500w\/#primaryimage\"},\"thumbnailUrl\":\"https:\/\/maqtool.pt\/wp-content\/uploads\/2022\/10\/MAQ-BEG200-QS-Berbequim-com-Percussao-500W.jpg\",\"datePublished\":\"2022-10-24T15:24:40+00:00\",\"dateModified\":\"2023-11-02T15:38:23+00:00\",\"breadcrumb\":{\"@id\":\"https:\/\/maqtool.pt\/fr\/produto\/perceuse-a-percussion-500w\/#breadcrumb\"},\"inLanguage\":\"fr-FR\",\"potentialAction\":[{\"@type\":\"ReadAction\",\"target\":[\"https:\/\/maqtool.pt\/fr\/produto\/perceuse-a-percussion-500w\/\"]}]},{\"@type\":\"ImageObject\",\"inLanguage\":\"fr-FR\",\"@id\":\"https:\/\/maqtool.pt\/fr\/produto\/perceuse-a-percussion-500w\/#primaryimage\",\"url\":\"https:\/\/maqtool.pt\/wp-content\/uploads\/2022\/10\/MAQ-BEG200-QS-Berbequim-com-Percussao-500W.jpg\",\"contentUrl\":\"https:\/\/maqtool.pt\/wp-content\/uploads\/2022\/10\/MAQ-BEG200-QS-Berbequim-com-Percussao-500W.jpg\",\"width\":800,\"height\":800},{\"@type\":\"BreadcrumbList\",\"@id\":\"https:\/\/maqtool.pt\/fr\/produto\/perceuse-a-percussion-500w\/#breadcrumb\",\"itemListElement\":[{\"@type\":\"ListItem\",\"position\":1,\"name\":\"In\u00edcio\",\"item\":\"https:\/\/maqtool.pt\/fr\/home\/\"},{\"@type\":\"ListItem\",\"position\":2,\"name\":\"Produtos\",\"item\":\"https:\/\/maqtool.pt\/produtos\/\"},{\"@type\":\"ListItem\",\"position\":3,\"name\":\"Perceuse \u00e0 percussion 500W\"}]},{\"@type\":\"WebSite\",\"@id\":\"https:\/\/maqtool.pt\/#website\",\"url\":\"https:\/\/maqtool.pt\/\",\"name\":\"Cobermaster Industry\",\"description\":\"\",\"publisher\":{\"@id\":\"https:\/\/maqtool.pt\/#organization\"},\"potentialAction\":[{\"@type\":\"SearchAction\",\"target\":{\"@type\":\"EntryPoint\",\"urlTemplate\":\"https:\/\/maqtool.pt\/?s={search_term_string}\"},\"query-input\":{\"@type\":\"PropertyValueSpecification\",\"valueRequired\":true,\"valueName\":\"search_term_string\"}}],\"inLanguage\":\"fr-FR\"},{\"@type\":\"Organization\",\"@id\":\"https:\/\/maqtool.pt\/#organization\",\"name\":\"MAQTOOL\",\"url\":\"https:\/\/maqtool.pt\/\",\"logo\":{\"@type\":\"ImageObject\",\"inLanguage\":\"fr-FR\",\"@id\":\"https:\/\/maqtool.pt\/#\/schema\/logo\/image\/\",\"url\":\"https:\/\/maqtool.pt\/wp-content\/uploads\/2022\/09\/MAQTOOL-LOGO.jpg\",\"contentUrl\":\"https:\/\/maqtool.pt\/wp-content\/uploads\/2022\/09\/MAQTOOL-LOGO.jpg\",\"width\":762,\"height\":228,\"caption\":\"MAQTOOL\"},\"image\":{\"@id\":\"https:\/\/maqtool.pt\/#\/schema\/logo\/image\/\"},\"sameAs\":[\"https:\/\/www.facebook.com\/cobermaster\"]}]}<\/script>\n<!-- \/ Yoast SEO plugin. -->","yoast_head_json":{"title":"Perceuse \u00e0 percussion 500W - MAQTOOL","robots":{"index":"index","follow":"follow","max-snippet":"max-snippet:-1","max-image-preview":"max-image-preview:large","max-video-preview":"max-video-preview:-1"},"canonical":"https:\/\/maqtool.pt\/fr\/produto\/perceuse-a-percussion-500w\/","og_locale":"fr_FR","og_type":"article","og_title":"Perceuse \u00e0 percussion 500W - MAQTOOL","og_description":"La perceuse \u00e0 percussion 500W de BLACK+DECKER est l'outil id\u00e9al pour compl\u00e9ter votre bo\u00eete \u00e0 outils et donner vie \u00e0 tous vos projets. Son action de marteau jusqu'\u00e0 49 300 ipm est parfaite pour effectuer les travaux de forage les plus exigeants dans la ma\u00e7onnerie. Il est \u00e9quip\u00e9 d'un moteur \u00e0 vitesse variable jusqu'\u00e0 2 900 tr\/min qui permet un d\u00e9marrage plus doux, d'obtenir une plus grande pr\u00e9cision, et d'une poign\u00e9e lat\u00e9rale r\u00e9glable en plusieurs positions pour une manipulation plus facile de l'outil.","og_url":"https:\/\/maqtool.pt\/fr\/produto\/perceuse-a-percussion-500w\/","og_site_name":"MAQTOOL","article_publisher":"https:\/\/www.facebook.com\/cobermaster","article_modified_time":"2023-11-02T15:38:23+00:00","og_image":[{"width":800,"height":800,"url":"https:\/\/maqtool.pt\/wp-content\/uploads\/2022\/10\/MAQ-BEG200-QS-Berbequim-com-Percussao-500W.jpg","type":"image\/jpeg"}],"twitter_card":"summary_large_image","schema":{"@context":"https:\/\/schema.org","@graph":[{"@type":"WebPage","@id":"https:\/\/maqtool.pt\/fr\/produto\/perceuse-a-percussion-500w\/","url":"https:\/\/maqtool.pt\/fr\/produto\/perceuse-a-percussion-500w\/","name":"Perceuse \u00e0 percussion 500W - MAQTOOL","isPartOf":{"@id":"https:\/\/maqtool.pt\/#website"},"primaryImageOfPage":{"@id":"https:\/\/maqtool.pt\/fr\/produto\/perceuse-a-percussion-500w\/#primaryimage"},"image":{"@id":"https:\/\/maqtool.pt\/fr\/produto\/perceuse-a-percussion-500w\/#primaryimage"},"thumbnailUrl":"https:\/\/maqtool.pt\/wp-content\/uploads\/2022\/10\/MAQ-BEG200-QS-Berbequim-com-Percussao-500W.jpg","datePublished":"2022-10-24T15:24:40+00:00","dateModified":"2023-11-02T15:38:23+00:00","breadcrumb":{"@id":"https:\/\/maqtool.pt\/fr\/produto\/perceuse-a-percussion-500w\/#breadcrumb"},"inLanguage":"fr-FR","potentialAction":[{"@type":"ReadAction","target":["https:\/\/maqtool.pt\/fr\/produto\/perceuse-a-percussion-500w\/"]}]},{"@type":"ImageObject","inLanguage":"fr-FR","@id":"https:\/\/maqtool.pt\/fr\/produto\/perceuse-a-percussion-500w\/#primaryimage","url":"https:\/\/maqtool.pt\/wp-content\/uploads\/2022\/10\/MAQ-BEG200-QS-Berbequim-com-Percussao-500W.jpg","contentUrl":"https:\/\/maqtool.pt\/wp-content\/uploads\/2022\/10\/MAQ-BEG200-QS-Berbequim-com-Percussao-500W.jpg","width":800,"height":800},{"@type":"BreadcrumbList","@id":"https:\/\/maqtool.pt\/fr\/produto\/perceuse-a-percussion-500w\/#breadcrumb","itemListElement":[{"@type":"ListItem","position":1,"name":"In\u00edcio","item":"https:\/\/maqtool.pt\/fr\/home\/"},{"@type":"ListItem","position":2,"name":"Produtos","item":"https:\/\/maqtool.pt\/produtos\/"},{"@type":"ListItem","position":3,"name":"Perceuse \u00e0 percussion 500W"}]},{"@type":"WebSite","@id":"https:\/\/maqtool.pt\/#website","url":"https:\/\/maqtool.pt\/","name":"Cobermaster Industry","description":"","publisher":{"@id":"https:\/\/maqtool.pt\/#organization"},"potentialAction":[{"@type":"SearchAction","target":{"@type":"EntryPoint","urlTemplate":"https:\/\/maqtool.pt\/?s={search_term_string}"},"query-input":{"@type":"PropertyValueSpecification","valueRequired":true,"valueName":"search_term_string"}}],"inLanguage":"fr-FR"},{"@type":"Organization","@id":"https:\/\/maqtool.pt\/#organization","name":"MAQTOOL","url":"https:\/\/maqtool.pt\/","logo":{"@type":"ImageObject","inLanguage":"fr-FR","@id":"https:\/\/maqtool.pt\/#\/schema\/logo\/image\/","url":"https:\/\/maqtool.pt\/wp-content\/uploads\/2022\/09\/MAQTOOL-LOGO.jpg","contentUrl":"https:\/\/maqtool.pt\/wp-content\/uploads\/2022\/09\/MAQTOOL-LOGO.jpg","width":762,"height":228,"caption":"MAQTOOL"},"image":{"@id":"https:\/\/maqtool.pt\/#\/schema\/logo\/image\/"},"sameAs":["https:\/\/www.facebook.com\/cobermaster"]}]}},"uagb_featured_image_src":{"full":["https:\/\/maqtool.pt\/wp-content\/uploads\/2022\/10\/MAQ-BEG200-QS-Berbequim-com-Percussao-500W.jpg",800,800,false],"thumbnail":["https:\/\/maqtool.pt\/wp-content\/uploads\/2022\/10\/MAQ-BEG200-QS-Berbequim-com-Percussao-500W-150x150.jpg",150,150,true],"medium":["https:\/\/maqtool.pt\/wp-content\/uploads\/2022\/10\/MAQ-BEG200-QS-Berbequim-com-Percussao-500W-300x300.jpg",300,300,true],"medium_large":["https:\/\/maqtool.pt\/wp-content\/uploads\/2022\/10\/MAQ-BEG200-QS-Berbequim-com-Percussao-500W-768x768.jpg",768,768,true],"large":["https:\/\/maqtool.pt\/wp-content\/uploads\/2022\/10\/MAQ-BEG200-QS-Berbequim-com-Percussao-500W.jpg",800,800,false],"1536x1536":["https:\/\/maqtool.pt\/wp-content\/uploads\/2022\/10\/MAQ-BEG200-QS-Berbequim-com-Percussao-500W.jpg",800,800,false],"2048x2048":["https:\/\/maqtool.pt\/wp-content\/uploads\/2022\/10\/MAQ-BEG200-QS-Berbequim-com-Percussao-500W.jpg",800,800,false],"woocommerce_thumbnail":["https:\/\/maqtool.pt\/wp-content\/uploads\/2022\/10\/MAQ-BEG200-QS-Berbequim-com-Percussao-500W-400x400.jpg",400,400,true],"woocommerce_single":["https:\/\/maqtool.pt\/wp-content\/uploads\/2022\/10\/MAQ-BEG200-QS-Berbequim-com-Percussao-500W-600x600.jpg",600,600,true],"woocommerce_gallery_thumbnail":["https:\/\/maqtool.pt\/wp-content\/uploads\/2022\/10\/MAQ-BEG200-QS-Berbequim-com-Percussao-500W-100x100.jpg",100,100,true]},"uagb_author_info":{"display_name":"Jo\u00e3o Santos","author_link":"https:\/\/maqtool.pt\/fr\/author\/"},"uagb_comment_info":0,"uagb_excerpt":"La perceuse \u00e0 percussion 500W de BLACK+DECKER est l'outil id\u00e9al pour compl\u00e9ter votre bo\u00eete \u00e0 outils et donner vie \u00e0 tous vos projets. Son action de marteau jusqu'\u00e0 49 300 ipm est parfaite pour effectuer les travaux de forage les plus exigeants dans la ma\u00e7onnerie. Il est \u00e9quip\u00e9 d'un moteur \u00e0 vitesse variable jusqu'\u00e0 2\u2026","_links":{"self":[{"href":"https:\/\/maqtool.pt\/fr\/wp-json\/wp\/v2\/product\/29819","targetHints":{"allow":["GET"]}}],"collection":[{"href":"https:\/\/maqtool.pt\/fr\/wp-json\/wp\/v2\/product"}],"about":[{"href":"https:\/\/maqtool.pt\/fr\/wp-json\/wp\/v2\/types\/product"}],"wp:featuredmedia":[{"embeddable":true,"href":"https:\/\/maqtool.pt\/fr\/wp-json\/wp\/v2\/media\/26673"}],"wp:attachment":[{"href":"https:\/\/maqtool.pt\/fr\/wp-json\/wp\/v2\/media?parent=29819"}],"wp:term":[{"taxonomy":"product_brand","embeddable":true,"href":"https:\/\/maqtool.pt\/fr\/wp-json\/wp\/v2\/product_brand?post=29819"},{"taxonomy":"product_cat","embeddable":true,"href":"https:\/\/maqtool.pt\/fr\/wp-json\/wp\/v2\/product_cat?post=29819"},{"taxonomy":"product_tag","embeddable":true,"href":"https:\/\/maqtool.pt\/fr\/wp-json\/wp\/v2\/product_tag?post=29819"}],"curies":[{"name":"wp","href":"https:\/\/api.w.org\/{rel}","templated":true}]}}