{"id":29822,"date":"2022-10-24T17:22:13","date_gmt":"2022-10-24T17:22:13","guid":{"rendered":"https:\/\/maqtool.pt\/produto\/ponceuse-vibrante-150-w-1-3-feuille\/"},"modified":"2023-11-02T15:38:20","modified_gmt":"2023-11-02T15:38:20","slug":"ponceuse-vibrante-150w-1-3-feuilles","status":"publish","type":"product","link":"https:\/\/maqtool.pt\/fr\/produto\/ponceuse-vibrante-150w-1-3-feuilles\/","title":{"rendered":"Ponceuse vibrante 150 W 1\/3 feuille"},"content":{"rendered":"<h6 class=\"subtitle\">Caract\u00e9ristiques + Avantages<\/h6>\n<ul>\n<li>Ponceuse compacte et l\u00e9g\u00e8re au design ergonomique pour plus de confort et de contr\u00f4le.<\/li>\n<li>Surface de base 1\/3 feuille, id\u00e9ale pour une utilisation sur des surfaces verticales telles que des portes et des murs.<\/li>\n<li>La poign\u00e9e avant recouverte de caoutchouc offre un meilleur contr\u00f4le et r\u00e9duit la fatigue.<\/li>\n<li>Syst\u00e8me de fixation des vantaux par clip, facile \u00e0 monter, pour encore mieux retenir les vantaux.<\/li>\n<\/ul>\n<p><strong>Sp\u00e9cifications du produit<\/strong><\/p>\n<table class=\"specs\">\n<tbody>\n<tr>\n<th class=\"specification\" style=\"text-align: left;\" scope=\"row\">TYPE DE PRODUIT<\/th>\n<td class=\"spec-value\" style=\"text-align: left;\">Ponceuse de pr\u00e9cision<\/td>\n<\/tr>\n<tr>\n<th class=\"specification\" style=\"text-align: left;\" scope=\"row\">NIVEAUX DE PUISSANCE<\/th>\n<td class=\"spec-value\">150 W<\/td>\n<\/tr>\n<tr>\n<th class=\"specification\" style=\"text-align: left;\" scope=\"row\">TENSION<\/th>\n<td class=\"spec-value\">230 Volts<\/td>\n<\/tr>\n<tr>\n<th class=\"specification\" style=\"text-align: left;\" scope=\"row\">RAPIDIT\u00c9<\/th>\n<td class=\"spec-value\">Seul<\/td>\n<\/tr>\n<tr>\n<th class=\"specification\" style=\"text-align: left;\" scope=\"row\">RALENTI<\/th>\n<td class=\"spec-value\">0-14000 rpm<\/td>\n<\/tr>\n<tr>\n<th class=\"specification\" style=\"text-align: left;\" scope=\"row\">TYPE D&rsquo;ACTION<\/th>\n<td class=\"spec-value\">Orbital<\/td>\n<\/tr>\n<tr>\n<th class=\"specification\" style=\"text-align: left;\" scope=\"row\">DIAM\u00c8TRE ORBITAL (MM)<\/th>\n<td class=\"spec-value\">2 mm<\/td>\n<\/tr>\n<tr>\n<th class=\"specification\" style=\"text-align: left;\" scope=\"row\">DIMENSION DU PAPIER DE VERRE<\/th>\n<td class=\"spec-value\">92&#215;230 mm<\/td>\n<\/tr>\n<tr>\n<th class=\"specification\" style=\"text-align: left;\" scope=\"row\">PAPIER DE VERRE DE FIXATION<\/th>\n<td class=\"spec-value\">Clip<\/td>\n<\/tr>\n<tr>\n<th class=\"specification\" style=\"text-align: left;\" scope=\"row\">DIMENSIONS DE BASE<\/th>\n<td class=\"spec-value\">91&#215;189 mm<\/td>\n<\/tr>\n<tr>\n<th class=\"specification\" style=\"text-align: left;\" scope=\"row\">EXCENTRICIT\u00c9 (MM)<\/th>\n<td class=\"spec-value\">1 mm<\/td>\n<\/tr>\n<tr>\n<th class=\"specification\" style=\"text-align: left;\" scope=\"row\">LONGUEUR DE C\u00c2BLE<\/th>\n<td class=\"spec-value\">2 m<\/td>\n<\/tr>\n<tr>\n<th class=\"specification\" style=\"text-align: left;\" scope=\"row\">EXTRACTION DE POUSSI\u00c8RE<\/th>\n<td class=\"spec-value\">Sac d&rsquo;aspirateur<\/td>\n<\/tr>\n<tr>\n<th class=\"specification\" style=\"text-align: left;\" scope=\"row\">MANCHE REV\u00caTU<\/th>\n<td class=\"spec-value\">Oui<\/td>\n<\/tr>\n<tr>\n<th class=\"specification\" style=\"text-align: left;\" scope=\"row\">FEUILLES DE PAPIER DE VERRE<\/th>\n<td class=\"spec-value\">1<\/td>\n<\/tr>\n<tr>\n<th class=\"specification\" style=\"text-align: left;\" scope=\"row\">VALISE<\/th>\n<td class=\"spec-value\">Non<\/td>\n<\/tr>\n<tr>\n<th class=\"specification\" style=\"text-align: left;\" scope=\"row\">VIBRATION<\/th>\n<td class=\"spec-value\">11.3 m\/s\u00b2<\/td>\n<\/tr>\n<tr>\n<th class=\"specification\" style=\"text-align: left;\" scope=\"row\">PRESSION SONORE<\/th>\n<td class=\"spec-value\">85 dB(A)<\/td>\n<\/tr>\n<tr>\n<th class=\"specification\" style=\"text-align: left;\" scope=\"row\">PRESSION ACOUSTIQUE<\/th>\n<td class=\"spec-value\" style=\"text-align: left;\">96 dB(A)<\/td>\n<\/tr>\n<\/tbody>\n<\/table>\n","protected":false},"excerpt":{"rendered":"<p>La ponceuse 1\/3 feuille est id\u00e9ale pour poncer sur de grandes surfaces. Son moteur puissant peut enlever la peinture ou d&rsquo;autres mat\u00e9riaux rapidement et efficacement. Cette ponceuse compacte est l\u00e9g\u00e8re et maniable gr\u00e2ce \u00e0 ses 2 positions de pr\u00e9hension avec un rev\u00eatement en caoutchouc qui offre plus de contr\u00f4le et de confort. De plus, cette ponceuse est \u00e9quip\u00e9e d&rsquo;un syst\u00e8me de d\u00e9poussi\u00e9rage \u00e0 l&rsquo;aide d&rsquo;un sac amovible pour aider \u00e0 garder la zone de travail propre.<\/p>\n","protected":false},"featured_media":26682,"template":"","meta":{"_eb_attr":"","_uag_custom_page_level_css":"","site-sidebar-layout":"default","site-content-layout":"default","ast-site-content-layout":"default","site-content-style":"default","site-sidebar-style":"default","ast-global-header-display":"","ast-banner-title-visibility":"","ast-main-header-display":"","ast-hfb-above-header-display":"","ast-hfb-below-header-display":"","ast-hfb-mobile-header-display":"","site-post-title":"","ast-breadcrumbs-content":"","ast-featured-img":"","footer-sml-layout":"","ast-disable-related-posts":"","theme-transparent-header-meta":"default","adv-header-id-meta":"","stick-header-meta":"default","header-above-stick-meta":"","header-main-stick-meta":"","header-below-stick-meta":"","astra-migrate-meta-layouts":"default","ast-page-background-enabled":"default","ast-page-background-meta":{"desktop":{"background-color":"","background-image":"","background-repeat":"repeat","background-position":"center center","background-size":"auto","background-attachment":"scroll","background-type":"","background-media":"","overlay-type":"","overlay-color":"","overlay-opacity":"","overlay-gradient":""},"tablet":{"background-color":"","background-image":"","background-repeat":"repeat","background-position":"center center","background-size":"auto","background-attachment":"scroll","background-type":"","background-media":"","overlay-type":"","overlay-color":"","overlay-opacity":"","overlay-gradient":""},"mobile":{"background-color":"","background-image":"","background-repeat":"repeat","background-position":"center center","background-size":"auto","background-attachment":"scroll","background-type":"","background-media":"","overlay-type":"","overlay-color":"","overlay-opacity":"","overlay-gradient":""}},"ast-content-background-meta":{"desktop":{"background-color":"var(--ast-global-color-5)","background-image":"","background-repeat":"repeat","background-position":"center center","background-size":"auto","background-attachment":"scroll","background-type":"","background-media":"","overlay-type":"","overlay-color":"","overlay-opacity":"","overlay-gradient":""},"tablet":{"background-color":"var(--ast-global-color-5)","background-image":"","background-repeat":"repeat","background-position":"center center","background-size":"auto","background-attachment":"scroll","background-type":"","background-media":"","overlay-type":"","overlay-color":"","overlay-opacity":"","overlay-gradient":""},"mobile":{"background-color":"var(--ast-global-color-5)","background-image":"","background-repeat":"repeat","background-position":"center center","background-size":"auto","background-attachment":"scroll","background-type":"","background-media":"","overlay-type":"","overlay-color":"","overlay-opacity":"","overlay-gradient":""}}},"product_brand":[],"product_cat":[5081,6777],"product_tag":[],"class_list":{"0":"post-29822","1":"product","2":"type-product","3":"status-publish","4":"has-post-thumbnail","6":"product_cat-outillage-et-accessoires","7":"product_cat-outils-electriques","8":"desktop-align-center","9":"tablet-align-center","10":"mobile-align-center","11":"ast-product-gallery-layout-horizontal","12":"ast-product-gallery-with-no-image","13":"ast-product-tabs-layout-horizontal","15":"first","16":"onbackorder","17":"taxable","18":"shipping-taxable","19":"product-type-simple"},"acf":[],"yoast_head":"<!-- This site is optimized with the Yoast SEO plugin v27.2 - https:\/\/yoast.com\/product\/yoast-seo-wordpress\/ -->\n<title>Ponceuse vibrante 150 W 1\/3 feuille - MAQTOOL<\/title>\n<meta name=\"robots\" content=\"index, follow, max-snippet:-1, max-image-preview:large, max-video-preview:-1\" \/>\n<link rel=\"canonical\" href=\"https:\/\/maqtool.pt\/fr\/produto\/ponceuse-vibrante-150w-1-3-feuilles\/\" \/>\n<meta property=\"og:locale\" content=\"fr_FR\" \/>\n<meta property=\"og:type\" content=\"article\" \/>\n<meta property=\"og:title\" content=\"Ponceuse vibrante 150 W 1\/3 feuille - MAQTOOL\" \/>\n<meta property=\"og:description\" content=\"La ponceuse 1\/3 feuille est id\u00e9ale pour poncer sur de grandes surfaces. Son moteur puissant peut enlever la peinture ou d&#039;autres mat\u00e9riaux rapidement et efficacement. Cette ponceuse compacte est l\u00e9g\u00e8re et maniable gr\u00e2ce \u00e0 ses 2 positions de pr\u00e9hension avec un rev\u00eatement en caoutchouc qui offre plus de contr\u00f4le et de confort. De plus, cette ponceuse est \u00e9quip\u00e9e d&#039;un syst\u00e8me de d\u00e9poussi\u00e9rage \u00e0 l&#039;aide d&#039;un sac amovible pour aider \u00e0 garder la zone de travail propre.\" \/>\n<meta property=\"og:url\" content=\"https:\/\/maqtool.pt\/fr\/produto\/ponceuse-vibrante-150w-1-3-feuilles\/\" \/>\n<meta property=\"og:site_name\" content=\"MAQTOOL\" \/>\n<meta property=\"article:publisher\" content=\"https:\/\/www.facebook.com\/cobermaster\" \/>\n<meta property=\"article:modified_time\" content=\"2023-11-02T15:38:20+00:00\" \/>\n<meta property=\"og:image\" content=\"https:\/\/maqtool.pt\/wp-content\/uploads\/2022\/10\/MAQ-BEW220-QS-Lixadora-Vibratoria-150W-.jpg\" \/>\n\t<meta property=\"og:image:width\" content=\"800\" \/>\n\t<meta property=\"og:image:height\" content=\"800\" \/>\n\t<meta property=\"og:image:type\" content=\"image\/jpeg\" \/>\n<meta name=\"twitter:card\" content=\"summary_large_image\" \/>\n<meta name=\"twitter:label1\" content=\"Dur\u00e9e de lecture estim\u00e9e\" \/>\n\t<meta name=\"twitter:data1\" content=\"1 minute\" \/>\n<script type=\"application\/ld+json\" class=\"yoast-schema-graph\">{\"@context\":\"https:\/\/schema.org\",\"@graph\":[{\"@type\":\"WebPage\",\"@id\":\"https:\/\/maqtool.pt\/fr\/produto\/ponceuse-vibrante-150w-1-3-feuilles\/\",\"url\":\"https:\/\/maqtool.pt\/fr\/produto\/ponceuse-vibrante-150w-1-3-feuilles\/\",\"name\":\"Ponceuse vibrante 150 W 1\/3 feuille - MAQTOOL\",\"isPartOf\":{\"@id\":\"https:\/\/maqtool.pt\/#website\"},\"primaryImageOfPage\":{\"@id\":\"https:\/\/maqtool.pt\/fr\/produto\/ponceuse-vibrante-150w-1-3-feuilles\/#primaryimage\"},\"image\":{\"@id\":\"https:\/\/maqtool.pt\/fr\/produto\/ponceuse-vibrante-150w-1-3-feuilles\/#primaryimage\"},\"thumbnailUrl\":\"https:\/\/maqtool.pt\/wp-content\/uploads\/2022\/10\/MAQ-BEW220-QS-Lixadora-Vibratoria-150W-.jpg\",\"datePublished\":\"2022-10-24T17:22:13+00:00\",\"dateModified\":\"2023-11-02T15:38:20+00:00\",\"breadcrumb\":{\"@id\":\"https:\/\/maqtool.pt\/fr\/produto\/ponceuse-vibrante-150w-1-3-feuilles\/#breadcrumb\"},\"inLanguage\":\"fr-FR\",\"potentialAction\":[{\"@type\":\"ReadAction\",\"target\":[\"https:\/\/maqtool.pt\/fr\/produto\/ponceuse-vibrante-150w-1-3-feuilles\/\"]}]},{\"@type\":\"ImageObject\",\"inLanguage\":\"fr-FR\",\"@id\":\"https:\/\/maqtool.pt\/fr\/produto\/ponceuse-vibrante-150w-1-3-feuilles\/#primaryimage\",\"url\":\"https:\/\/maqtool.pt\/wp-content\/uploads\/2022\/10\/MAQ-BEW220-QS-Lixadora-Vibratoria-150W-.jpg\",\"contentUrl\":\"https:\/\/maqtool.pt\/wp-content\/uploads\/2022\/10\/MAQ-BEW220-QS-Lixadora-Vibratoria-150W-.jpg\",\"width\":800,\"height\":800},{\"@type\":\"BreadcrumbList\",\"@id\":\"https:\/\/maqtool.pt\/fr\/produto\/ponceuse-vibrante-150w-1-3-feuilles\/#breadcrumb\",\"itemListElement\":[{\"@type\":\"ListItem\",\"position\":1,\"name\":\"In\u00edcio\",\"item\":\"https:\/\/maqtool.pt\/fr\/home\/\"},{\"@type\":\"ListItem\",\"position\":2,\"name\":\"Produtos\",\"item\":\"https:\/\/maqtool.pt\/produtos\/\"},{\"@type\":\"ListItem\",\"position\":3,\"name\":\"Ponceuse vibrante 150 W 1\/3 feuille\"}]},{\"@type\":\"WebSite\",\"@id\":\"https:\/\/maqtool.pt\/#website\",\"url\":\"https:\/\/maqtool.pt\/\",\"name\":\"Cobermaster Industry\",\"description\":\"\",\"publisher\":{\"@id\":\"https:\/\/maqtool.pt\/#organization\"},\"potentialAction\":[{\"@type\":\"SearchAction\",\"target\":{\"@type\":\"EntryPoint\",\"urlTemplate\":\"https:\/\/maqtool.pt\/?s={search_term_string}\"},\"query-input\":{\"@type\":\"PropertyValueSpecification\",\"valueRequired\":true,\"valueName\":\"search_term_string\"}}],\"inLanguage\":\"fr-FR\"},{\"@type\":\"Organization\",\"@id\":\"https:\/\/maqtool.pt\/#organization\",\"name\":\"MAQTOOL\",\"url\":\"https:\/\/maqtool.pt\/\",\"logo\":{\"@type\":\"ImageObject\",\"inLanguage\":\"fr-FR\",\"@id\":\"https:\/\/maqtool.pt\/#\/schema\/logo\/image\/\",\"url\":\"https:\/\/maqtool.pt\/wp-content\/uploads\/2022\/09\/MAQTOOL-LOGO.jpg\",\"contentUrl\":\"https:\/\/maqtool.pt\/wp-content\/uploads\/2022\/09\/MAQTOOL-LOGO.jpg\",\"width\":762,\"height\":228,\"caption\":\"MAQTOOL\"},\"image\":{\"@id\":\"https:\/\/maqtool.pt\/#\/schema\/logo\/image\/\"},\"sameAs\":[\"https:\/\/www.facebook.com\/cobermaster\"]}]}<\/script>\n<!-- \/ Yoast SEO plugin. -->","yoast_head_json":{"title":"Ponceuse vibrante 150 W 1\/3 feuille - MAQTOOL","robots":{"index":"index","follow":"follow","max-snippet":"max-snippet:-1","max-image-preview":"max-image-preview:large","max-video-preview":"max-video-preview:-1"},"canonical":"https:\/\/maqtool.pt\/fr\/produto\/ponceuse-vibrante-150w-1-3-feuilles\/","og_locale":"fr_FR","og_type":"article","og_title":"Ponceuse vibrante 150 W 1\/3 feuille - MAQTOOL","og_description":"La ponceuse 1\/3 feuille est id\u00e9ale pour poncer sur de grandes surfaces. Son moteur puissant peut enlever la peinture ou d'autres mat\u00e9riaux rapidement et efficacement. Cette ponceuse compacte est l\u00e9g\u00e8re et maniable gr\u00e2ce \u00e0 ses 2 positions de pr\u00e9hension avec un rev\u00eatement en caoutchouc qui offre plus de contr\u00f4le et de confort. De plus, cette ponceuse est \u00e9quip\u00e9e d'un syst\u00e8me de d\u00e9poussi\u00e9rage \u00e0 l'aide d'un sac amovible pour aider \u00e0 garder la zone de travail propre.","og_url":"https:\/\/maqtool.pt\/fr\/produto\/ponceuse-vibrante-150w-1-3-feuilles\/","og_site_name":"MAQTOOL","article_publisher":"https:\/\/www.facebook.com\/cobermaster","article_modified_time":"2023-11-02T15:38:20+00:00","og_image":[{"width":800,"height":800,"url":"https:\/\/maqtool.pt\/wp-content\/uploads\/2022\/10\/MAQ-BEW220-QS-Lixadora-Vibratoria-150W-.jpg","type":"image\/jpeg"}],"twitter_card":"summary_large_image","twitter_misc":{"Dur\u00e9e de lecture estim\u00e9e":"1 minute"},"schema":{"@context":"https:\/\/schema.org","@graph":[{"@type":"WebPage","@id":"https:\/\/maqtool.pt\/fr\/produto\/ponceuse-vibrante-150w-1-3-feuilles\/","url":"https:\/\/maqtool.pt\/fr\/produto\/ponceuse-vibrante-150w-1-3-feuilles\/","name":"Ponceuse vibrante 150 W 1\/3 feuille - MAQTOOL","isPartOf":{"@id":"https:\/\/maqtool.pt\/#website"},"primaryImageOfPage":{"@id":"https:\/\/maqtool.pt\/fr\/produto\/ponceuse-vibrante-150w-1-3-feuilles\/#primaryimage"},"image":{"@id":"https:\/\/maqtool.pt\/fr\/produto\/ponceuse-vibrante-150w-1-3-feuilles\/#primaryimage"},"thumbnailUrl":"https:\/\/maqtool.pt\/wp-content\/uploads\/2022\/10\/MAQ-BEW220-QS-Lixadora-Vibratoria-150W-.jpg","datePublished":"2022-10-24T17:22:13+00:00","dateModified":"2023-11-02T15:38:20+00:00","breadcrumb":{"@id":"https:\/\/maqtool.pt\/fr\/produto\/ponceuse-vibrante-150w-1-3-feuilles\/#breadcrumb"},"inLanguage":"fr-FR","potentialAction":[{"@type":"ReadAction","target":["https:\/\/maqtool.pt\/fr\/produto\/ponceuse-vibrante-150w-1-3-feuilles\/"]}]},{"@type":"ImageObject","inLanguage":"fr-FR","@id":"https:\/\/maqtool.pt\/fr\/produto\/ponceuse-vibrante-150w-1-3-feuilles\/#primaryimage","url":"https:\/\/maqtool.pt\/wp-content\/uploads\/2022\/10\/MAQ-BEW220-QS-Lixadora-Vibratoria-150W-.jpg","contentUrl":"https:\/\/maqtool.pt\/wp-content\/uploads\/2022\/10\/MAQ-BEW220-QS-Lixadora-Vibratoria-150W-.jpg","width":800,"height":800},{"@type":"BreadcrumbList","@id":"https:\/\/maqtool.pt\/fr\/produto\/ponceuse-vibrante-150w-1-3-feuilles\/#breadcrumb","itemListElement":[{"@type":"ListItem","position":1,"name":"In\u00edcio","item":"https:\/\/maqtool.pt\/fr\/home\/"},{"@type":"ListItem","position":2,"name":"Produtos","item":"https:\/\/maqtool.pt\/produtos\/"},{"@type":"ListItem","position":3,"name":"Ponceuse vibrante 150 W 1\/3 feuille"}]},{"@type":"WebSite","@id":"https:\/\/maqtool.pt\/#website","url":"https:\/\/maqtool.pt\/","name":"Cobermaster Industry","description":"","publisher":{"@id":"https:\/\/maqtool.pt\/#organization"},"potentialAction":[{"@type":"SearchAction","target":{"@type":"EntryPoint","urlTemplate":"https:\/\/maqtool.pt\/?s={search_term_string}"},"query-input":{"@type":"PropertyValueSpecification","valueRequired":true,"valueName":"search_term_string"}}],"inLanguage":"fr-FR"},{"@type":"Organization","@id":"https:\/\/maqtool.pt\/#organization","name":"MAQTOOL","url":"https:\/\/maqtool.pt\/","logo":{"@type":"ImageObject","inLanguage":"fr-FR","@id":"https:\/\/maqtool.pt\/#\/schema\/logo\/image\/","url":"https:\/\/maqtool.pt\/wp-content\/uploads\/2022\/09\/MAQTOOL-LOGO.jpg","contentUrl":"https:\/\/maqtool.pt\/wp-content\/uploads\/2022\/09\/MAQTOOL-LOGO.jpg","width":762,"height":228,"caption":"MAQTOOL"},"image":{"@id":"https:\/\/maqtool.pt\/#\/schema\/logo\/image\/"},"sameAs":["https:\/\/www.facebook.com\/cobermaster"]}]}},"uagb_featured_image_src":{"full":["https:\/\/maqtool.pt\/wp-content\/uploads\/2022\/10\/MAQ-BEW220-QS-Lixadora-Vibratoria-150W-.jpg",800,800,false],"thumbnail":["https:\/\/maqtool.pt\/wp-content\/uploads\/2022\/10\/MAQ-BEW220-QS-Lixadora-Vibratoria-150W--150x150.jpg",150,150,true],"medium":["https:\/\/maqtool.pt\/wp-content\/uploads\/2022\/10\/MAQ-BEW220-QS-Lixadora-Vibratoria-150W--300x300.jpg",300,300,true],"medium_large":["https:\/\/maqtool.pt\/wp-content\/uploads\/2022\/10\/MAQ-BEW220-QS-Lixadora-Vibratoria-150W--768x768.jpg",768,768,true],"large":["https:\/\/maqtool.pt\/wp-content\/uploads\/2022\/10\/MAQ-BEW220-QS-Lixadora-Vibratoria-150W-.jpg",800,800,false],"1536x1536":["https:\/\/maqtool.pt\/wp-content\/uploads\/2022\/10\/MAQ-BEW220-QS-Lixadora-Vibratoria-150W-.jpg",800,800,false],"2048x2048":["https:\/\/maqtool.pt\/wp-content\/uploads\/2022\/10\/MAQ-BEW220-QS-Lixadora-Vibratoria-150W-.jpg",800,800,false],"woocommerce_thumbnail":["https:\/\/maqtool.pt\/wp-content\/uploads\/2022\/10\/MAQ-BEW220-QS-Lixadora-Vibratoria-150W--400x400.jpg",400,400,true],"woocommerce_single":["https:\/\/maqtool.pt\/wp-content\/uploads\/2022\/10\/MAQ-BEW220-QS-Lixadora-Vibratoria-150W--600x600.jpg",600,600,true],"woocommerce_gallery_thumbnail":["https:\/\/maqtool.pt\/wp-content\/uploads\/2022\/10\/MAQ-BEW220-QS-Lixadora-Vibratoria-150W--100x100.jpg",100,100,true]},"uagb_author_info":{"display_name":"Jo\u00e3o Santos","author_link":"https:\/\/maqtool.pt\/fr\/author\/"},"uagb_comment_info":0,"uagb_excerpt":"La ponceuse 1\/3 feuille est id\u00e9ale pour poncer sur de grandes surfaces. Son moteur puissant peut enlever la peinture ou d'autres mat\u00e9riaux rapidement et efficacement. Cette ponceuse compacte est l\u00e9g\u00e8re et maniable gr\u00e2ce \u00e0 ses 2 positions de pr\u00e9hension avec un rev\u00eatement en caoutchouc qui offre plus de contr\u00f4le et de confort. De plus, cette\u2026","_links":{"self":[{"href":"https:\/\/maqtool.pt\/fr\/wp-json\/wp\/v2\/product\/29822","targetHints":{"allow":["GET"]}}],"collection":[{"href":"https:\/\/maqtool.pt\/fr\/wp-json\/wp\/v2\/product"}],"about":[{"href":"https:\/\/maqtool.pt\/fr\/wp-json\/wp\/v2\/types\/product"}],"wp:featuredmedia":[{"embeddable":true,"href":"https:\/\/maqtool.pt\/fr\/wp-json\/wp\/v2\/media\/26682"}],"wp:attachment":[{"href":"https:\/\/maqtool.pt\/fr\/wp-json\/wp\/v2\/media?parent=29822"}],"wp:term":[{"taxonomy":"product_brand","embeddable":true,"href":"https:\/\/maqtool.pt\/fr\/wp-json\/wp\/v2\/product_brand?post=29822"},{"taxonomy":"product_cat","embeddable":true,"href":"https:\/\/maqtool.pt\/fr\/wp-json\/wp\/v2\/product_cat?post=29822"},{"taxonomy":"product_tag","embeddable":true,"href":"https:\/\/maqtool.pt\/fr\/wp-json\/wp\/v2\/product_tag?post=29822"}],"curies":[{"name":"wp","href":"https:\/\/api.w.org\/{rel}","templated":true}]}}