{"id":29825,"date":"2022-10-25T09:39:45","date_gmt":"2022-10-25T09:39:45","guid":{"rendered":"https:\/\/maqtool.pt\/produto\/ponceuse-mouse-55w\/"},"modified":"2023-11-02T15:38:10","modified_gmt":"2023-11-02T15:38:10","slug":"ponceuse-mouse-55w","status":"publish","type":"product","link":"https:\/\/maqtool.pt\/fr\/produto\/ponceuse-mouse-55w\/","title":{"rendered":"Ponceuse Mouse 55W"},"content":{"rendered":"<ul>\n<li>Conception compacte et ergonomique qui offre un meilleur contr\u00f4le de l&rsquo;outil.<\/li>\n<li>Outil polyvalent, id\u00e9al pour poncer dans des espaces difficiles d&rsquo;acc\u00e8s, ainsi que pour enlever la peinture, le vernis et la rouille.<\/li>\n<li>Poign\u00e9e en caoutchouc qui offre un plus grand confort et r\u00e9duit la fatigue lors d&rsquo;un travail prolong\u00e9.<\/li>\n<li>Base con\u00e7ue pour acc\u00e9der aux coins ou aux zones difficiles d&rsquo;acc\u00e8s. Comprend un adaptateur de pointe pour un pon\u00e7age d\u00e9taill\u00e9.<\/li>\n<\/ul>\n<p><strong>Les caract\u00e9ristiques<\/strong><\/p>\n<table class=\"specs\">\n<tbody>\n<tr>\n<th class=\"specification\" style=\"text-align: left;\" scope=\"row\">TYPE DE PRODUIT<\/th>\n<td class=\"spec-value\">Ponceuse de pr\u00e9cision<\/td>\n<\/tr>\n<tr>\n<th class=\"specification\" style=\"text-align: left;\" scope=\"row\">TYPE DE NOURRITURE<\/th>\n<td class=\"spec-value\">Filaire<\/td>\n<\/tr>\n<tr>\n<th class=\"specification\" style=\"text-align: left;\" scope=\"row\">NIVEAUX DE PUISSANCE<\/th>\n<td class=\"spec-value\">55<\/td>\n<\/tr>\n<tr>\n<th class=\"specification\" style=\"text-align: left;\" scope=\"row\">TENSION<\/th>\n<td class=\"spec-value\">230 Volts<\/td>\n<\/tr>\n<tr>\n<th class=\"specification\" style=\"text-align: left;\" scope=\"row\">RAPIDIT\u00c9<\/th>\n<td class=\"spec-value\">Seul<\/td>\n<\/tr>\n<tr>\n<th class=\"specification\" style=\"text-align: left;\" scope=\"row\">RALENTI<\/th>\n<td class=\"spec-value\">11000 rpm<\/td>\n<\/tr>\n<tr>\n<th class=\"specification\" style=\"text-align: left;\" scope=\"row\">DIMENSION DU PAPIER DE VERRE<\/th>\n<td class=\"spec-value\">110 mm\/cm2<\/td>\n<\/tr>\n<tr>\n<th class=\"specification\" style=\"text-align: left;\" scope=\"row\">PAPIER DE VERRE DE FIXATION<\/th>\n<td class=\"spec-value\">Installation rapide<\/td>\n<\/tr>\n<tr>\n<th class=\"specification\" style=\"text-align: left;\" scope=\"row\">DIAM\u00c8TRE ORBITAL (MM)<\/th>\n<td class=\"spec-value\">1.5 mm<\/td>\n<\/tr>\n<tr>\n<th class=\"specification\" style=\"text-align: left;\" scope=\"row\">DIMENSIONS DE BASE<\/th>\n<td class=\"spec-value\">105 mm2<\/td>\n<\/tr>\n<tr>\n<th class=\"specification\" style=\"text-align: left;\" scope=\"row\">FORME DE BASE<\/th>\n<td class=\"spec-value\">Mouse<\/td>\n<\/tr>\n<tr>\n<th class=\"specification\" style=\"text-align: left;\" scope=\"row\">TYPE D&rsquo;ACTION<\/th>\n<td class=\"spec-value\">Orbital<\/td>\n<\/tr>\n<tr>\n<th class=\"specification\" style=\"text-align: left;\" scope=\"row\">EXCENTRICIT\u00c9 (MM)<\/th>\n<td class=\"spec-value\">0.75 mm<\/td>\n<\/tr>\n<tr>\n<th class=\"specification\" style=\"text-align: left;\" scope=\"row\">MANCHE REV\u00caTU<\/th>\n<td class=\"spec-value\">Non<\/td>\n<\/tr>\n<tr>\n<th class=\"specification\" style=\"text-align: left;\" scope=\"row\">VALISE<\/th>\n<td class=\"spec-value\">Non<\/td>\n<\/tr>\n<tr>\n<th class=\"specification\" style=\"text-align: left;\" scope=\"row\">VIBRATION<\/th>\n<td class=\"spec-value\">5.6 m\/s\u00b2<\/td>\n<\/tr>\n<tr>\n<th class=\"specification\" style=\"text-align: left;\" scope=\"row\">PRESSION SONORE<\/th>\n<td class=\"spec-value\">66 dB(A)<\/td>\n<\/tr>\n<tr>\n<th class=\"specification\" style=\"text-align: left;\" scope=\"row\">PRESSION ACOUSTIQUE<\/th>\n<td class=\"spec-value\">79 dB(A)<\/td>\n<\/tr>\n<\/tbody>\n<\/table>\n","protected":false},"excerpt":{"rendered":"<p>Depuis 1998, la ponceuse BLACK+DECKER Mouse\u00ae est devenue un outil indispensable dans toutes les bo\u00eetes \u00e0 outils de bricolage du monde entier. Sa conception l\u00e9g\u00e8re, compacte et ergonomique vous permet de poncer dans les espaces les plus petits et les plus difficiles d&rsquo;acc\u00e8s avec un meilleur contr\u00f4le. Cette ponceuse est id\u00e9ale pour enlever la peinture et la rouille, nettoyer le verre, poncer dans les espaces restreints et terminer facilement vos projets de bricolage. De plus, le velcro sur la base permet de fixer et de retirer facilement et simplement les feuilles abrasives.<\/p>\n","protected":false},"featured_media":26701,"template":"","meta":{"_eb_attr":"","_uag_custom_page_level_css":"","site-sidebar-layout":"default","site-content-layout":"default","ast-site-content-layout":"default","site-content-style":"default","site-sidebar-style":"default","ast-global-header-display":"","ast-banner-title-visibility":"","ast-main-header-display":"","ast-hfb-above-header-display":"","ast-hfb-below-header-display":"","ast-hfb-mobile-header-display":"","site-post-title":"","ast-breadcrumbs-content":"","ast-featured-img":"","footer-sml-layout":"","ast-disable-related-posts":"","theme-transparent-header-meta":"default","adv-header-id-meta":"","stick-header-meta":"default","header-above-stick-meta":"","header-main-stick-meta":"","header-below-stick-meta":"","astra-migrate-meta-layouts":"default","ast-page-background-enabled":"default","ast-page-background-meta":{"desktop":{"background-color":"","background-image":"","background-repeat":"repeat","background-position":"center center","background-size":"auto","background-attachment":"scroll","background-type":"","background-media":"","overlay-type":"","overlay-color":"","overlay-opacity":"","overlay-gradient":""},"tablet":{"background-color":"","background-image":"","background-repeat":"repeat","background-position":"center center","background-size":"auto","background-attachment":"scroll","background-type":"","background-media":"","overlay-type":"","overlay-color":"","overlay-opacity":"","overlay-gradient":""},"mobile":{"background-color":"","background-image":"","background-repeat":"repeat","background-position":"center center","background-size":"auto","background-attachment":"scroll","background-type":"","background-media":"","overlay-type":"","overlay-color":"","overlay-opacity":"","overlay-gradient":""}},"ast-content-background-meta":{"desktop":{"background-color":"var(--ast-global-color-5)","background-image":"","background-repeat":"repeat","background-position":"center center","background-size":"auto","background-attachment":"scroll","background-type":"","background-media":"","overlay-type":"","overlay-color":"","overlay-opacity":"","overlay-gradient":""},"tablet":{"background-color":"var(--ast-global-color-5)","background-image":"","background-repeat":"repeat","background-position":"center center","background-size":"auto","background-attachment":"scroll","background-type":"","background-media":"","overlay-type":"","overlay-color":"","overlay-opacity":"","overlay-gradient":""},"mobile":{"background-color":"var(--ast-global-color-5)","background-image":"","background-repeat":"repeat","background-position":"center center","background-size":"auto","background-attachment":"scroll","background-type":"","background-media":"","overlay-type":"","overlay-color":"","overlay-opacity":"","overlay-gradient":""}}},"product_brand":[],"product_cat":[5081,6777],"product_tag":[],"class_list":{"0":"post-29825","1":"product","2":"type-product","3":"status-publish","4":"has-post-thumbnail","6":"product_cat-outillage-et-accessoires","7":"product_cat-outils-electriques","8":"desktop-align-center","9":"tablet-align-center","10":"mobile-align-center","11":"ast-product-gallery-layout-horizontal","12":"ast-product-gallery-with-no-image","13":"ast-product-tabs-layout-horizontal","15":"first","16":"onbackorder","17":"taxable","18":"shipping-taxable","19":"product-type-simple"},"acf":[],"yoast_head":"<!-- This site is optimized with the Yoast SEO plugin v27.2 - https:\/\/yoast.com\/product\/yoast-seo-wordpress\/ -->\n<title>Ponceuse Mouse 55W - MAQTOOL<\/title>\n<meta name=\"robots\" content=\"index, follow, max-snippet:-1, max-image-preview:large, max-video-preview:-1\" \/>\n<link rel=\"canonical\" href=\"https:\/\/maqtool.pt\/fr\/produto\/ponceuse-mouse-55w\/\" \/>\n<meta property=\"og:locale\" content=\"fr_FR\" \/>\n<meta property=\"og:type\" content=\"article\" \/>\n<meta property=\"og:title\" content=\"Ponceuse Mouse 55W - MAQTOOL\" \/>\n<meta property=\"og:description\" content=\"Depuis 1998, la ponceuse BLACK+DECKER Mouse\u00ae est devenue un outil indispensable dans toutes les bo\u00eetes \u00e0 outils de bricolage du monde entier. Sa conception l\u00e9g\u00e8re, compacte et ergonomique vous permet de poncer dans les espaces les plus petits et les plus difficiles d&#039;acc\u00e8s avec un meilleur contr\u00f4le. Cette ponceuse est id\u00e9ale pour enlever la peinture et la rouille, nettoyer le verre, poncer dans les espaces restreints et terminer facilement vos projets de bricolage. De plus, le velcro sur la base permet de fixer et de retirer facilement et simplement les feuilles abrasives.\" \/>\n<meta property=\"og:url\" content=\"https:\/\/maqtool.pt\/fr\/produto\/ponceuse-mouse-55w\/\" \/>\n<meta property=\"og:site_name\" content=\"MAQTOOL\" \/>\n<meta property=\"article:publisher\" content=\"https:\/\/www.facebook.com\/cobermaster\" \/>\n<meta property=\"article:modified_time\" content=\"2023-11-02T15:38:10+00:00\" \/>\n<meta property=\"og:image\" content=\"https:\/\/maqtool.pt\/wp-content\/uploads\/2022\/10\/MAQ-BEW230BC-Lixadora-MOUSE-55W.jpg\" \/>\n\t<meta property=\"og:image:width\" content=\"800\" \/>\n\t<meta property=\"og:image:height\" content=\"800\" \/>\n\t<meta property=\"og:image:type\" content=\"image\/jpeg\" \/>\n<meta name=\"twitter:card\" content=\"summary_large_image\" \/>\n<meta name=\"twitter:label1\" content=\"Dur\u00e9e de lecture estim\u00e9e\" \/>\n\t<meta name=\"twitter:data1\" content=\"1 minute\" \/>\n<script type=\"application\/ld+json\" class=\"yoast-schema-graph\">{\"@context\":\"https:\/\/schema.org\",\"@graph\":[{\"@type\":\"WebPage\",\"@id\":\"https:\/\/maqtool.pt\/fr\/produto\/ponceuse-mouse-55w\/\",\"url\":\"https:\/\/maqtool.pt\/fr\/produto\/ponceuse-mouse-55w\/\",\"name\":\"Ponceuse Mouse 55W - MAQTOOL\",\"isPartOf\":{\"@id\":\"https:\/\/maqtool.pt\/#website\"},\"primaryImageOfPage\":{\"@id\":\"https:\/\/maqtool.pt\/fr\/produto\/ponceuse-mouse-55w\/#primaryimage\"},\"image\":{\"@id\":\"https:\/\/maqtool.pt\/fr\/produto\/ponceuse-mouse-55w\/#primaryimage\"},\"thumbnailUrl\":\"https:\/\/maqtool.pt\/wp-content\/uploads\/2022\/10\/MAQ-BEW230BC-Lixadora-MOUSE-55W.jpg\",\"datePublished\":\"2022-10-25T09:39:45+00:00\",\"dateModified\":\"2023-11-02T15:38:10+00:00\",\"breadcrumb\":{\"@id\":\"https:\/\/maqtool.pt\/fr\/produto\/ponceuse-mouse-55w\/#breadcrumb\"},\"inLanguage\":\"fr-FR\",\"potentialAction\":[{\"@type\":\"ReadAction\",\"target\":[\"https:\/\/maqtool.pt\/fr\/produto\/ponceuse-mouse-55w\/\"]}]},{\"@type\":\"ImageObject\",\"inLanguage\":\"fr-FR\",\"@id\":\"https:\/\/maqtool.pt\/fr\/produto\/ponceuse-mouse-55w\/#primaryimage\",\"url\":\"https:\/\/maqtool.pt\/wp-content\/uploads\/2022\/10\/MAQ-BEW230BC-Lixadora-MOUSE-55W.jpg\",\"contentUrl\":\"https:\/\/maqtool.pt\/wp-content\/uploads\/2022\/10\/MAQ-BEW230BC-Lixadora-MOUSE-55W.jpg\",\"width\":800,\"height\":800},{\"@type\":\"BreadcrumbList\",\"@id\":\"https:\/\/maqtool.pt\/fr\/produto\/ponceuse-mouse-55w\/#breadcrumb\",\"itemListElement\":[{\"@type\":\"ListItem\",\"position\":1,\"name\":\"In\u00edcio\",\"item\":\"https:\/\/maqtool.pt\/fr\/home\/\"},{\"@type\":\"ListItem\",\"position\":2,\"name\":\"Produtos\",\"item\":\"https:\/\/maqtool.pt\/produtos\/\"},{\"@type\":\"ListItem\",\"position\":3,\"name\":\"Ponceuse Mouse 55W\"}]},{\"@type\":\"WebSite\",\"@id\":\"https:\/\/maqtool.pt\/#website\",\"url\":\"https:\/\/maqtool.pt\/\",\"name\":\"Cobermaster Industry\",\"description\":\"\",\"publisher\":{\"@id\":\"https:\/\/maqtool.pt\/#organization\"},\"potentialAction\":[{\"@type\":\"SearchAction\",\"target\":{\"@type\":\"EntryPoint\",\"urlTemplate\":\"https:\/\/maqtool.pt\/?s={search_term_string}\"},\"query-input\":{\"@type\":\"PropertyValueSpecification\",\"valueRequired\":true,\"valueName\":\"search_term_string\"}}],\"inLanguage\":\"fr-FR\"},{\"@type\":\"Organization\",\"@id\":\"https:\/\/maqtool.pt\/#organization\",\"name\":\"MAQTOOL\",\"url\":\"https:\/\/maqtool.pt\/\",\"logo\":{\"@type\":\"ImageObject\",\"inLanguage\":\"fr-FR\",\"@id\":\"https:\/\/maqtool.pt\/#\/schema\/logo\/image\/\",\"url\":\"https:\/\/maqtool.pt\/wp-content\/uploads\/2022\/09\/MAQTOOL-LOGO.jpg\",\"contentUrl\":\"https:\/\/maqtool.pt\/wp-content\/uploads\/2022\/09\/MAQTOOL-LOGO.jpg\",\"width\":762,\"height\":228,\"caption\":\"MAQTOOL\"},\"image\":{\"@id\":\"https:\/\/maqtool.pt\/#\/schema\/logo\/image\/\"},\"sameAs\":[\"https:\/\/www.facebook.com\/cobermaster\"]}]}<\/script>\n<!-- \/ Yoast SEO plugin. -->","yoast_head_json":{"title":"Ponceuse Mouse 55W - MAQTOOL","robots":{"index":"index","follow":"follow","max-snippet":"max-snippet:-1","max-image-preview":"max-image-preview:large","max-video-preview":"max-video-preview:-1"},"canonical":"https:\/\/maqtool.pt\/fr\/produto\/ponceuse-mouse-55w\/","og_locale":"fr_FR","og_type":"article","og_title":"Ponceuse Mouse 55W - MAQTOOL","og_description":"Depuis 1998, la ponceuse BLACK+DECKER Mouse\u00ae est devenue un outil indispensable dans toutes les bo\u00eetes \u00e0 outils de bricolage du monde entier. Sa conception l\u00e9g\u00e8re, compacte et ergonomique vous permet de poncer dans les espaces les plus petits et les plus difficiles d'acc\u00e8s avec un meilleur contr\u00f4le. Cette ponceuse est id\u00e9ale pour enlever la peinture et la rouille, nettoyer le verre, poncer dans les espaces restreints et terminer facilement vos projets de bricolage. De plus, le velcro sur la base permet de fixer et de retirer facilement et simplement les feuilles abrasives.","og_url":"https:\/\/maqtool.pt\/fr\/produto\/ponceuse-mouse-55w\/","og_site_name":"MAQTOOL","article_publisher":"https:\/\/www.facebook.com\/cobermaster","article_modified_time":"2023-11-02T15:38:10+00:00","og_image":[{"width":800,"height":800,"url":"https:\/\/maqtool.pt\/wp-content\/uploads\/2022\/10\/MAQ-BEW230BC-Lixadora-MOUSE-55W.jpg","type":"image\/jpeg"}],"twitter_card":"summary_large_image","twitter_misc":{"Dur\u00e9e de lecture estim\u00e9e":"1 minute"},"schema":{"@context":"https:\/\/schema.org","@graph":[{"@type":"WebPage","@id":"https:\/\/maqtool.pt\/fr\/produto\/ponceuse-mouse-55w\/","url":"https:\/\/maqtool.pt\/fr\/produto\/ponceuse-mouse-55w\/","name":"Ponceuse Mouse 55W - MAQTOOL","isPartOf":{"@id":"https:\/\/maqtool.pt\/#website"},"primaryImageOfPage":{"@id":"https:\/\/maqtool.pt\/fr\/produto\/ponceuse-mouse-55w\/#primaryimage"},"image":{"@id":"https:\/\/maqtool.pt\/fr\/produto\/ponceuse-mouse-55w\/#primaryimage"},"thumbnailUrl":"https:\/\/maqtool.pt\/wp-content\/uploads\/2022\/10\/MAQ-BEW230BC-Lixadora-MOUSE-55W.jpg","datePublished":"2022-10-25T09:39:45+00:00","dateModified":"2023-11-02T15:38:10+00:00","breadcrumb":{"@id":"https:\/\/maqtool.pt\/fr\/produto\/ponceuse-mouse-55w\/#breadcrumb"},"inLanguage":"fr-FR","potentialAction":[{"@type":"ReadAction","target":["https:\/\/maqtool.pt\/fr\/produto\/ponceuse-mouse-55w\/"]}]},{"@type":"ImageObject","inLanguage":"fr-FR","@id":"https:\/\/maqtool.pt\/fr\/produto\/ponceuse-mouse-55w\/#primaryimage","url":"https:\/\/maqtool.pt\/wp-content\/uploads\/2022\/10\/MAQ-BEW230BC-Lixadora-MOUSE-55W.jpg","contentUrl":"https:\/\/maqtool.pt\/wp-content\/uploads\/2022\/10\/MAQ-BEW230BC-Lixadora-MOUSE-55W.jpg","width":800,"height":800},{"@type":"BreadcrumbList","@id":"https:\/\/maqtool.pt\/fr\/produto\/ponceuse-mouse-55w\/#breadcrumb","itemListElement":[{"@type":"ListItem","position":1,"name":"In\u00edcio","item":"https:\/\/maqtool.pt\/fr\/home\/"},{"@type":"ListItem","position":2,"name":"Produtos","item":"https:\/\/maqtool.pt\/produtos\/"},{"@type":"ListItem","position":3,"name":"Ponceuse Mouse 55W"}]},{"@type":"WebSite","@id":"https:\/\/maqtool.pt\/#website","url":"https:\/\/maqtool.pt\/","name":"Cobermaster Industry","description":"","publisher":{"@id":"https:\/\/maqtool.pt\/#organization"},"potentialAction":[{"@type":"SearchAction","target":{"@type":"EntryPoint","urlTemplate":"https:\/\/maqtool.pt\/?s={search_term_string}"},"query-input":{"@type":"PropertyValueSpecification","valueRequired":true,"valueName":"search_term_string"}}],"inLanguage":"fr-FR"},{"@type":"Organization","@id":"https:\/\/maqtool.pt\/#organization","name":"MAQTOOL","url":"https:\/\/maqtool.pt\/","logo":{"@type":"ImageObject","inLanguage":"fr-FR","@id":"https:\/\/maqtool.pt\/#\/schema\/logo\/image\/","url":"https:\/\/maqtool.pt\/wp-content\/uploads\/2022\/09\/MAQTOOL-LOGO.jpg","contentUrl":"https:\/\/maqtool.pt\/wp-content\/uploads\/2022\/09\/MAQTOOL-LOGO.jpg","width":762,"height":228,"caption":"MAQTOOL"},"image":{"@id":"https:\/\/maqtool.pt\/#\/schema\/logo\/image\/"},"sameAs":["https:\/\/www.facebook.com\/cobermaster"]}]}},"uagb_featured_image_src":{"full":["https:\/\/maqtool.pt\/wp-content\/uploads\/2022\/10\/MAQ-BEW230BC-Lixadora-MOUSE-55W.jpg",800,800,false],"thumbnail":["https:\/\/maqtool.pt\/wp-content\/uploads\/2022\/10\/MAQ-BEW230BC-Lixadora-MOUSE-55W-150x150.jpg",150,150,true],"medium":["https:\/\/maqtool.pt\/wp-content\/uploads\/2022\/10\/MAQ-BEW230BC-Lixadora-MOUSE-55W-300x300.jpg",300,300,true],"medium_large":["https:\/\/maqtool.pt\/wp-content\/uploads\/2022\/10\/MAQ-BEW230BC-Lixadora-MOUSE-55W-768x768.jpg",768,768,true],"large":["https:\/\/maqtool.pt\/wp-content\/uploads\/2022\/10\/MAQ-BEW230BC-Lixadora-MOUSE-55W.jpg",800,800,false],"1536x1536":["https:\/\/maqtool.pt\/wp-content\/uploads\/2022\/10\/MAQ-BEW230BC-Lixadora-MOUSE-55W.jpg",800,800,false],"2048x2048":["https:\/\/maqtool.pt\/wp-content\/uploads\/2022\/10\/MAQ-BEW230BC-Lixadora-MOUSE-55W.jpg",800,800,false],"woocommerce_thumbnail":["https:\/\/maqtool.pt\/wp-content\/uploads\/2022\/10\/MAQ-BEW230BC-Lixadora-MOUSE-55W-400x400.jpg",400,400,true],"woocommerce_single":["https:\/\/maqtool.pt\/wp-content\/uploads\/2022\/10\/MAQ-BEW230BC-Lixadora-MOUSE-55W-600x600.jpg",600,600,true],"woocommerce_gallery_thumbnail":["https:\/\/maqtool.pt\/wp-content\/uploads\/2022\/10\/MAQ-BEW230BC-Lixadora-MOUSE-55W-100x100.jpg",100,100,true]},"uagb_author_info":{"display_name":"Jo\u00e3o Santos","author_link":"https:\/\/maqtool.pt\/fr\/author\/"},"uagb_comment_info":0,"uagb_excerpt":"Depuis 1998, la ponceuse BLACK+DECKER Mouse\u00ae est devenue un outil indispensable dans toutes les bo\u00eetes \u00e0 outils de bricolage du monde entier. Sa conception l\u00e9g\u00e8re, compacte et ergonomique vous permet de poncer dans les espaces les plus petits et les plus difficiles d'acc\u00e8s avec un meilleur contr\u00f4le. Cette ponceuse est id\u00e9ale pour enlever la peinture\u2026","_links":{"self":[{"href":"https:\/\/maqtool.pt\/fr\/wp-json\/wp\/v2\/product\/29825","targetHints":{"allow":["GET"]}}],"collection":[{"href":"https:\/\/maqtool.pt\/fr\/wp-json\/wp\/v2\/product"}],"about":[{"href":"https:\/\/maqtool.pt\/fr\/wp-json\/wp\/v2\/types\/product"}],"wp:featuredmedia":[{"embeddable":true,"href":"https:\/\/maqtool.pt\/fr\/wp-json\/wp\/v2\/media\/26701"}],"wp:attachment":[{"href":"https:\/\/maqtool.pt\/fr\/wp-json\/wp\/v2\/media?parent=29825"}],"wp:term":[{"taxonomy":"product_brand","embeddable":true,"href":"https:\/\/maqtool.pt\/fr\/wp-json\/wp\/v2\/product_brand?post=29825"},{"taxonomy":"product_cat","embeddable":true,"href":"https:\/\/maqtool.pt\/fr\/wp-json\/wp\/v2\/product_cat?post=29825"},{"taxonomy":"product_tag","embeddable":true,"href":"https:\/\/maqtool.pt\/fr\/wp-json\/wp\/v2\/product_tag?post=29825"}],"curies":[{"name":"wp","href":"https:\/\/api.w.org\/{rel}","templated":true}]}}