{"id":29916,"date":"2022-01-28T11:27:11","date_gmt":"2022-01-28T11:27:11","guid":{"rendered":"https:\/\/maqtool.pt\/produto\/chaussure-de-securite-rebel-s3-src-esd\/"},"modified":"2023-01-03T14:54:08","modified_gmt":"2023-01-03T14:54:08","slug":"chaussure-rebel-s3-src-esd","status":"publish","type":"product","link":"https:\/\/maqtool.pt\/fr\/produto\/chaussure-rebel-s3-src-esd\/","title":{"rendered":"Chaussure de s\u00e9curit\u00e9 REBEL | S3 | SRC | ESD"},"content":{"rendered":"<p>Microfibre noire, mat\u00e9riau innovant compos\u00e9 de fibres de polyester, r\u00e9sistant \u00e0 l&rsquo;eau et tr\u00e8s durable. Permet une respiration naturelle tout en \u00e9tant un mat\u00e9riau respectueux des animaux.<br \/>\n<strong>Doublure Poromax une technologie innovante qui, gr\u00e2ce \u00e0 une structure sp\u00e9ciale des chambres internes, \u00e9limine l&rsquo;air chaud et humide sur la partie sup\u00e9rieure de la chaussure et facilite la r\u00e9partition uniforme de la temp\u00e9rature.<\/strong><br \/>\n<strong>Aluminium, embout.<\/strong><br \/>\n<strong>Q-Flex, semelle int\u00e9rieure non m\u00e9tallique, flexible et antistatique, r\u00e9sistante \u00e0 la perforation.<\/strong> Isolant thermiquement.<br \/>\n<strong>BIORELAX : Plante sp\u00e9ciale aux caract\u00e9ristiques suivantes :<\/strong><br \/>\n<strong>100 % respirant, antibact\u00e9rien, charbon actif, excellent absorbeur de chocs, antistatique et respectueux de l&rsquo;environnement.<\/strong><br \/>\n<strong>Semelle en caoutchouc avec nouvelle technologie de confort, test\u00e9e biom\u00e9caniquement par INESCOP, permettant les b\u00e9n\u00e9fices suivants : 30% de r\u00e9duction de la pression plantaire, 24% de r\u00e9duction de l&rsquo;activit\u00e9 musculaire lombaire.<\/strong> Les forces d&rsquo;impact sont r\u00e9duites jusqu&rsquo;\u00e0 55 %. Isolation thermique am\u00e9lior\u00e9e entre 31% et 52%.<br \/>\n<strong>Largeur : 10<\/strong><\/p>\n<p><strong>Tailles : 36-47<\/strong><\/p>\n","protected":false},"excerpt":{"rendered":"<p>Microfibre noire, mat\u00e9riau innovant compos\u00e9 de fibres de polyester, r\u00e9sistant \u00e0 l&rsquo;eau et tr\u00e8s durable. Permet une respiration naturelle tout en \u00e9tant un mat\u00e9riau respectueux des animaux.<br \/>\n<strong>Doublure Poromax une technologie innovante qui, gr\u00e2ce \u00e0 une structure sp\u00e9ciale des chambres internes, \u00e9limine l&rsquo;air chaud et humide sur la partie sup\u00e9rieure de la chaussure et facilite la r\u00e9partition uniforme de la temp\u00e9rature.<\/strong><br \/>\n<strong>Aluminium, embout.<\/strong><\/p>\n","protected":false},"featured_media":23048,"template":"","meta":{"_eb_attr":"","_uag_custom_page_level_css":"","site-sidebar-layout":"default","site-content-layout":"default","ast-site-content-layout":"default","site-content-style":"default","site-sidebar-style":"default","ast-global-header-display":"","ast-banner-title-visibility":"","ast-main-header-display":"","ast-hfb-above-header-display":"","ast-hfb-below-header-display":"","ast-hfb-mobile-header-display":"","site-post-title":"","ast-breadcrumbs-content":"","ast-featured-img":"","footer-sml-layout":"","ast-disable-related-posts":"","theme-transparent-header-meta":"default","adv-header-id-meta":"","stick-header-meta":"default","header-above-stick-meta":"","header-main-stick-meta":"","header-below-stick-meta":"","astra-migrate-meta-layouts":"default","ast-page-background-enabled":"default","ast-page-background-meta":{"desktop":{"background-color":"","background-image":"","background-repeat":"repeat","background-position":"center center","background-size":"auto","background-attachment":"scroll","background-type":"","background-media":"","overlay-type":"","overlay-color":"","overlay-opacity":"","overlay-gradient":""},"tablet":{"background-color":"","background-image":"","background-repeat":"repeat","background-position":"center center","background-size":"auto","background-attachment":"scroll","background-type":"","background-media":"","overlay-type":"","overlay-color":"","overlay-opacity":"","overlay-gradient":""},"mobile":{"background-color":"","background-image":"","background-repeat":"repeat","background-position":"center center","background-size":"auto","background-attachment":"scroll","background-type":"","background-media":"","overlay-type":"","overlay-color":"","overlay-opacity":"","overlay-gradient":""}},"ast-content-background-meta":{"desktop":{"background-color":"var(--ast-global-color-5)","background-image":"","background-repeat":"repeat","background-position":"center center","background-size":"auto","background-attachment":"scroll","background-type":"","background-media":"","overlay-type":"","overlay-color":"","overlay-opacity":"","overlay-gradient":""},"tablet":{"background-color":"var(--ast-global-color-5)","background-image":"","background-repeat":"repeat","background-position":"center center","background-size":"auto","background-attachment":"scroll","background-type":"","background-media":"","overlay-type":"","overlay-color":"","overlay-opacity":"","overlay-gradient":""},"mobile":{"background-color":"var(--ast-global-color-5)","background-image":"","background-repeat":"repeat","background-position":"center center","background-size":"auto","background-attachment":"scroll","background-type":"","background-media":"","overlay-type":"","overlay-color":"","overlay-opacity":"","overlay-gradient":""}}},"product_brand":[],"product_cat":[5084,5121],"product_tag":[],"class_list":{"0":"post-29916","1":"product","2":"type-product","3":"status-publish","4":"has-post-thumbnail","6":"product_cat-equipement-de-protection","7":"product_cat-chaussures-de-securite","8":"desktop-align-center","9":"tablet-align-center","10":"mobile-align-center","11":"ast-product-gallery-layout-horizontal","12":"ast-product-gallery-with-no-image","13":"ast-product-single-variable","14":"ast-product-tabs-layout-horizontal","16":"first","17":"onbackorder","18":"taxable","19":"shipping-taxable","20":"product-type-variable"},"acf":[],"yoast_head":"<!-- This site is optimized with the Yoast SEO plugin v27.2 - https:\/\/yoast.com\/product\/yoast-seo-wordpress\/ -->\n<title>Chaussure de s\u00e9curit\u00e9 REBEL | S3 | SRC | ESD - MAQTOOL<\/title>\n<meta name=\"robots\" content=\"index, follow, max-snippet:-1, max-image-preview:large, max-video-preview:-1\" \/>\n<link rel=\"canonical\" href=\"https:\/\/maqtool.pt\/fr\/produto\/chaussure-rebel-s3-src-esd\/\" \/>\n<meta property=\"og:locale\" content=\"fr_FR\" \/>\n<meta property=\"og:type\" content=\"article\" \/>\n<meta property=\"og:title\" content=\"Chaussure de s\u00e9curit\u00e9 REBEL | S3 | SRC | ESD - MAQTOOL\" \/>\n<meta property=\"og:description\" content=\"Microfibre noire, mat\u00e9riau innovant compos\u00e9 de fibres de polyester, r\u00e9sistant \u00e0 l&#039;eau et tr\u00e8s durable. Permet une respiration naturelle tout en \u00e9tant un mat\u00e9riau respectueux des animaux. Doublure Poromax une technologie innovante qui, gr\u00e2ce \u00e0 une structure sp\u00e9ciale des chambres internes, \u00e9limine l&#039;air chaud et humide sur la partie sup\u00e9rieure de la chaussure et facilite la r\u00e9partition uniforme de la temp\u00e9rature. Aluminium, embout.\" \/>\n<meta property=\"og:url\" content=\"https:\/\/maqtool.pt\/fr\/produto\/chaussure-rebel-s3-src-esd\/\" \/>\n<meta property=\"og:site_name\" content=\"MAQTOOL\" \/>\n<meta property=\"article:publisher\" content=\"https:\/\/www.facebook.com\/cobermaster\" \/>\n<meta property=\"article:modified_time\" content=\"2023-01-03T14:54:08+00:00\" \/>\n<meta property=\"og:image\" content=\"https:\/\/maqtool.pt\/wp-content\/uploads\/2022\/01\/CBM8B8607-Bota-Rebel.jpg\" \/>\n\t<meta property=\"og:image:width\" content=\"800\" \/>\n\t<meta property=\"og:image:height\" content=\"800\" \/>\n\t<meta property=\"og:image:type\" content=\"image\/jpeg\" \/>\n<meta name=\"twitter:card\" content=\"summary_large_image\" \/>\n<meta name=\"twitter:label1\" content=\"Dur\u00e9e de lecture estim\u00e9e\" \/>\n\t<meta name=\"twitter:data1\" content=\"1 minute\" \/>\n<script type=\"application\/ld+json\" class=\"yoast-schema-graph\">{\"@context\":\"https:\/\/schema.org\",\"@graph\":[{\"@type\":\"WebPage\",\"@id\":\"https:\/\/maqtool.pt\/fr\/produto\/chaussure-rebel-s3-src-esd\/\",\"url\":\"https:\/\/maqtool.pt\/fr\/produto\/chaussure-rebel-s3-src-esd\/\",\"name\":\"Chaussure de s\u00e9curit\u00e9 REBEL | S3 | SRC | ESD - MAQTOOL\",\"isPartOf\":{\"@id\":\"https:\/\/maqtool.pt\/#website\"},\"primaryImageOfPage\":{\"@id\":\"https:\/\/maqtool.pt\/fr\/produto\/chaussure-rebel-s3-src-esd\/#primaryimage\"},\"image\":{\"@id\":\"https:\/\/maqtool.pt\/fr\/produto\/chaussure-rebel-s3-src-esd\/#primaryimage\"},\"thumbnailUrl\":\"https:\/\/maqtool.pt\/wp-content\/uploads\/2022\/01\/CBM8B8607-Bota-Rebel.jpg\",\"datePublished\":\"2022-01-28T11:27:11+00:00\",\"dateModified\":\"2023-01-03T14:54:08+00:00\",\"breadcrumb\":{\"@id\":\"https:\/\/maqtool.pt\/fr\/produto\/chaussure-rebel-s3-src-esd\/#breadcrumb\"},\"inLanguage\":\"fr-FR\",\"potentialAction\":[{\"@type\":\"ReadAction\",\"target\":[\"https:\/\/maqtool.pt\/fr\/produto\/chaussure-rebel-s3-src-esd\/\"]}]},{\"@type\":\"ImageObject\",\"inLanguage\":\"fr-FR\",\"@id\":\"https:\/\/maqtool.pt\/fr\/produto\/chaussure-rebel-s3-src-esd\/#primaryimage\",\"url\":\"https:\/\/maqtool.pt\/wp-content\/uploads\/2022\/01\/CBM8B8607-Bota-Rebel.jpg\",\"contentUrl\":\"https:\/\/maqtool.pt\/wp-content\/uploads\/2022\/01\/CBM8B8607-Bota-Rebel.jpg\",\"width\":800,\"height\":800},{\"@type\":\"BreadcrumbList\",\"@id\":\"https:\/\/maqtool.pt\/fr\/produto\/chaussure-rebel-s3-src-esd\/#breadcrumb\",\"itemListElement\":[{\"@type\":\"ListItem\",\"position\":1,\"name\":\"In\u00edcio\",\"item\":\"https:\/\/maqtool.pt\/fr\/home\/\"},{\"@type\":\"ListItem\",\"position\":2,\"name\":\"Produtos\",\"item\":\"https:\/\/maqtool.pt\/produtos\/\"},{\"@type\":\"ListItem\",\"position\":3,\"name\":\"Chaussure de s\u00e9curit\u00e9 REBEL | S3 | SRC | ESD\"}]},{\"@type\":\"WebSite\",\"@id\":\"https:\/\/maqtool.pt\/#website\",\"url\":\"https:\/\/maqtool.pt\/\",\"name\":\"Cobermaster Industry\",\"description\":\"\",\"publisher\":{\"@id\":\"https:\/\/maqtool.pt\/#organization\"},\"potentialAction\":[{\"@type\":\"SearchAction\",\"target\":{\"@type\":\"EntryPoint\",\"urlTemplate\":\"https:\/\/maqtool.pt\/?s={search_term_string}\"},\"query-input\":{\"@type\":\"PropertyValueSpecification\",\"valueRequired\":true,\"valueName\":\"search_term_string\"}}],\"inLanguage\":\"fr-FR\"},{\"@type\":\"Organization\",\"@id\":\"https:\/\/maqtool.pt\/#organization\",\"name\":\"MAQTOOL\",\"url\":\"https:\/\/maqtool.pt\/\",\"logo\":{\"@type\":\"ImageObject\",\"inLanguage\":\"fr-FR\",\"@id\":\"https:\/\/maqtool.pt\/#\/schema\/logo\/image\/\",\"url\":\"https:\/\/maqtool.pt\/wp-content\/uploads\/2022\/09\/MAQTOOL-LOGO.jpg\",\"contentUrl\":\"https:\/\/maqtool.pt\/wp-content\/uploads\/2022\/09\/MAQTOOL-LOGO.jpg\",\"width\":762,\"height\":228,\"caption\":\"MAQTOOL\"},\"image\":{\"@id\":\"https:\/\/maqtool.pt\/#\/schema\/logo\/image\/\"},\"sameAs\":[\"https:\/\/www.facebook.com\/cobermaster\"]}]}<\/script>\n<!-- \/ Yoast SEO plugin. -->","yoast_head_json":{"title":"Chaussure de s\u00e9curit\u00e9 REBEL | S3 | SRC | ESD - MAQTOOL","robots":{"index":"index","follow":"follow","max-snippet":"max-snippet:-1","max-image-preview":"max-image-preview:large","max-video-preview":"max-video-preview:-1"},"canonical":"https:\/\/maqtool.pt\/fr\/produto\/chaussure-rebel-s3-src-esd\/","og_locale":"fr_FR","og_type":"article","og_title":"Chaussure de s\u00e9curit\u00e9 REBEL | S3 | SRC | ESD - MAQTOOL","og_description":"Microfibre noire, mat\u00e9riau innovant compos\u00e9 de fibres de polyester, r\u00e9sistant \u00e0 l'eau et tr\u00e8s durable. Permet une respiration naturelle tout en \u00e9tant un mat\u00e9riau respectueux des animaux. Doublure Poromax une technologie innovante qui, gr\u00e2ce \u00e0 une structure sp\u00e9ciale des chambres internes, \u00e9limine l'air chaud et humide sur la partie sup\u00e9rieure de la chaussure et facilite la r\u00e9partition uniforme de la temp\u00e9rature. Aluminium, embout.","og_url":"https:\/\/maqtool.pt\/fr\/produto\/chaussure-rebel-s3-src-esd\/","og_site_name":"MAQTOOL","article_publisher":"https:\/\/www.facebook.com\/cobermaster","article_modified_time":"2023-01-03T14:54:08+00:00","og_image":[{"width":800,"height":800,"url":"https:\/\/maqtool.pt\/wp-content\/uploads\/2022\/01\/CBM8B8607-Bota-Rebel.jpg","type":"image\/jpeg"}],"twitter_card":"summary_large_image","twitter_misc":{"Dur\u00e9e de lecture estim\u00e9e":"1 minute"},"schema":{"@context":"https:\/\/schema.org","@graph":[{"@type":"WebPage","@id":"https:\/\/maqtool.pt\/fr\/produto\/chaussure-rebel-s3-src-esd\/","url":"https:\/\/maqtool.pt\/fr\/produto\/chaussure-rebel-s3-src-esd\/","name":"Chaussure de s\u00e9curit\u00e9 REBEL | S3 | SRC | ESD - MAQTOOL","isPartOf":{"@id":"https:\/\/maqtool.pt\/#website"},"primaryImageOfPage":{"@id":"https:\/\/maqtool.pt\/fr\/produto\/chaussure-rebel-s3-src-esd\/#primaryimage"},"image":{"@id":"https:\/\/maqtool.pt\/fr\/produto\/chaussure-rebel-s3-src-esd\/#primaryimage"},"thumbnailUrl":"https:\/\/maqtool.pt\/wp-content\/uploads\/2022\/01\/CBM8B8607-Bota-Rebel.jpg","datePublished":"2022-01-28T11:27:11+00:00","dateModified":"2023-01-03T14:54:08+00:00","breadcrumb":{"@id":"https:\/\/maqtool.pt\/fr\/produto\/chaussure-rebel-s3-src-esd\/#breadcrumb"},"inLanguage":"fr-FR","potentialAction":[{"@type":"ReadAction","target":["https:\/\/maqtool.pt\/fr\/produto\/chaussure-rebel-s3-src-esd\/"]}]},{"@type":"ImageObject","inLanguage":"fr-FR","@id":"https:\/\/maqtool.pt\/fr\/produto\/chaussure-rebel-s3-src-esd\/#primaryimage","url":"https:\/\/maqtool.pt\/wp-content\/uploads\/2022\/01\/CBM8B8607-Bota-Rebel.jpg","contentUrl":"https:\/\/maqtool.pt\/wp-content\/uploads\/2022\/01\/CBM8B8607-Bota-Rebel.jpg","width":800,"height":800},{"@type":"BreadcrumbList","@id":"https:\/\/maqtool.pt\/fr\/produto\/chaussure-rebel-s3-src-esd\/#breadcrumb","itemListElement":[{"@type":"ListItem","position":1,"name":"In\u00edcio","item":"https:\/\/maqtool.pt\/fr\/home\/"},{"@type":"ListItem","position":2,"name":"Produtos","item":"https:\/\/maqtool.pt\/produtos\/"},{"@type":"ListItem","position":3,"name":"Chaussure de s\u00e9curit\u00e9 REBEL | S3 | SRC | ESD"}]},{"@type":"WebSite","@id":"https:\/\/maqtool.pt\/#website","url":"https:\/\/maqtool.pt\/","name":"Cobermaster Industry","description":"","publisher":{"@id":"https:\/\/maqtool.pt\/#organization"},"potentialAction":[{"@type":"SearchAction","target":{"@type":"EntryPoint","urlTemplate":"https:\/\/maqtool.pt\/?s={search_term_string}"},"query-input":{"@type":"PropertyValueSpecification","valueRequired":true,"valueName":"search_term_string"}}],"inLanguage":"fr-FR"},{"@type":"Organization","@id":"https:\/\/maqtool.pt\/#organization","name":"MAQTOOL","url":"https:\/\/maqtool.pt\/","logo":{"@type":"ImageObject","inLanguage":"fr-FR","@id":"https:\/\/maqtool.pt\/#\/schema\/logo\/image\/","url":"https:\/\/maqtool.pt\/wp-content\/uploads\/2022\/09\/MAQTOOL-LOGO.jpg","contentUrl":"https:\/\/maqtool.pt\/wp-content\/uploads\/2022\/09\/MAQTOOL-LOGO.jpg","width":762,"height":228,"caption":"MAQTOOL"},"image":{"@id":"https:\/\/maqtool.pt\/#\/schema\/logo\/image\/"},"sameAs":["https:\/\/www.facebook.com\/cobermaster"]}]}},"uagb_featured_image_src":{"full":["https:\/\/maqtool.pt\/wp-content\/uploads\/2022\/01\/CBM8B8607-Bota-Rebel.jpg",800,800,false],"thumbnail":["https:\/\/maqtool.pt\/wp-content\/uploads\/2022\/01\/CBM8B8607-Bota-Rebel-150x150.jpg",150,150,true],"medium":["https:\/\/maqtool.pt\/wp-content\/uploads\/2022\/01\/CBM8B8607-Bota-Rebel-300x300.jpg",300,300,true],"medium_large":["https:\/\/maqtool.pt\/wp-content\/uploads\/2022\/01\/CBM8B8607-Bota-Rebel-768x768.jpg",768,768,true],"large":["https:\/\/maqtool.pt\/wp-content\/uploads\/2022\/01\/CBM8B8607-Bota-Rebel.jpg",800,800,false],"1536x1536":["https:\/\/maqtool.pt\/wp-content\/uploads\/2022\/01\/CBM8B8607-Bota-Rebel.jpg",800,800,false],"2048x2048":["https:\/\/maqtool.pt\/wp-content\/uploads\/2022\/01\/CBM8B8607-Bota-Rebel.jpg",800,800,false],"woocommerce_thumbnail":["https:\/\/maqtool.pt\/wp-content\/uploads\/2022\/01\/CBM8B8607-Bota-Rebel-400x400.jpg",400,400,true],"woocommerce_single":["https:\/\/maqtool.pt\/wp-content\/uploads\/2022\/01\/CBM8B8607-Bota-Rebel-600x600.jpg",600,600,true],"woocommerce_gallery_thumbnail":["https:\/\/maqtool.pt\/wp-content\/uploads\/2022\/01\/CBM8B8607-Bota-Rebel-100x100.jpg",100,100,true]},"uagb_author_info":{"display_name":"Jo\u00e3o Santos","author_link":"https:\/\/maqtool.pt\/fr\/author\/"},"uagb_comment_info":0,"uagb_excerpt":"Microfibre noire, mat\u00e9riau innovant compos\u00e9 de fibres de polyester, r\u00e9sistant \u00e0 l'eau et tr\u00e8s durable. Permet une respiration naturelle tout en \u00e9tant un mat\u00e9riau respectueux des animaux. Doublure Poromax une technologie innovante qui, gr\u00e2ce \u00e0 une structure sp\u00e9ciale des chambres internes, \u00e9limine l'air chaud et humide sur la partie sup\u00e9rieure de la chaussure et facilite\u2026","_links":{"self":[{"href":"https:\/\/maqtool.pt\/fr\/wp-json\/wp\/v2\/product\/29916","targetHints":{"allow":["GET"]}}],"collection":[{"href":"https:\/\/maqtool.pt\/fr\/wp-json\/wp\/v2\/product"}],"about":[{"href":"https:\/\/maqtool.pt\/fr\/wp-json\/wp\/v2\/types\/product"}],"wp:featuredmedia":[{"embeddable":true,"href":"https:\/\/maqtool.pt\/fr\/wp-json\/wp\/v2\/media\/23048"}],"wp:attachment":[{"href":"https:\/\/maqtool.pt\/fr\/wp-json\/wp\/v2\/media?parent=29916"}],"wp:term":[{"taxonomy":"product_brand","embeddable":true,"href":"https:\/\/maqtool.pt\/fr\/wp-json\/wp\/v2\/product_brand?post=29916"},{"taxonomy":"product_cat","embeddable":true,"href":"https:\/\/maqtool.pt\/fr\/wp-json\/wp\/v2\/product_cat?post=29916"},{"taxonomy":"product_tag","embeddable":true,"href":"https:\/\/maqtool.pt\/fr\/wp-json\/wp\/v2\/product_tag?post=29916"}],"curies":[{"name":"wp","href":"https:\/\/api.w.org\/{rel}","templated":true}]}}