{"id":31039,"date":"2022-01-28T16:26:11","date_gmt":"2022-01-28T16:26:11","guid":{"rendered":"https:\/\/maqtool.pt\/produto\/chaussure-de-securite-leaf-s1p-src-esd\/"},"modified":"2023-01-04T17:46:46","modified_gmt":"2023-01-04T17:46:46","slug":"chaussure-de-securite-leaf-s1p-src-esd","status":"publish","type":"product","link":"https:\/\/maqtool.pt\/fr\/produto\/chaussure-de-securite-leaf-s1p-src-esd\/","title":{"rendered":"Chaussure de s\u00e9curit\u00e9 LEAF | S1P | SRC | ESD"},"content":{"rendered":"<p><strong>MESH 3D AIR BAMBOO<\/strong> \u2013 Une maille avec d&rsquo;excellentes caract\u00e9ristiques de respirabilit\u00e9 fabriqu\u00e9e \u00e0 partir de polyamide recycl\u00e9 et de fibres naturelles de bambou.<br \/>\n<strong>CORDONS RECYCL\u00c9S<\/strong> &#8211; fabriqu\u00e9s \u00e0 partir de coton biologique.<br \/>\n<strong>SUEDE<\/strong> \u2013 Avec d&rsquo;excellentes caract\u00e9ristiques de respirabilit\u00e9 et de flexibilit\u00e9. Avec le sceau du Leather Working Group.<br \/>\n<strong>PLANTAR BIORELAX ECO<\/strong> &#8211; R\u00e9cup\u00e9ration maximale avec des filtres \u00e0 charbon actif pour r\u00e9duire les odeurs avec des d\u00e9chets de mousse de polyur\u00e9thane recycl\u00e9s et du PET recycl\u00e9.<br \/>\n<strong>Semelle int\u00e9rieure Q-FLEX<\/strong> \u2013 Anti-perforation, non m\u00e9tallique et antistatique.<br \/>\n<strong>POCHES D&rsquo;AIR<\/strong> \u2013 Grille interne qui garantit plus de stabilit\u00e9 et de confort.<br \/>\n<strong>PITTONS<\/strong> &#8211; Pitons avec une adh\u00e9rence maximale et une adaptabilit\u00e9 aux diff\u00e9rents sols int\u00e9rieurs.<br \/>\n<strong>Embout en acier<\/strong> \u2013 R\u00e9sistant \u00e0 des pressions jusqu&rsquo;\u00e0 200 joules.<br \/>\n<strong>ECO BASKET SOLE<\/strong> \u2013 Semelle biod\u00e9gradable fabriqu\u00e9e \u00e0 partir de d\u00e9chets de caoutchouc et de cuir.<\/p>\n<p><strong>Taille<\/strong> : 35-42<\/p>\n","protected":false},"excerpt":{"rendered":"<p><strong>MESH 3D AIR BAMBOO<\/strong> \u2013 Une maille avec d&rsquo;excellentes caract\u00e9ristiques de respirabilit\u00e9 fabriqu\u00e9e \u00e0 partir de polyamide recycl\u00e9 et de fibres naturelles de bambou.<br \/>\n<strong>PLANTAR BIORELAX ECO<\/strong> &#8211; R\u00e9cup\u00e9ration maximale avec des filtres \u00e0 charbon actif pour r\u00e9duire les odeurs avec des d\u00e9chets de mousse de polyur\u00e9thane recycl\u00e9s et du PET recycl\u00e9.<br \/>\n<strong>Embout en acier<\/strong> \u2013 R\u00e9sistant \u00e0 des pressions jusqu&rsquo;\u00e0 200 joules.<\/p>\n","protected":false},"featured_media":23222,"template":"","meta":{"_eb_attr":"","_uag_custom_page_level_css":"","site-sidebar-layout":"default","site-content-layout":"default","ast-site-content-layout":"default","site-content-style":"default","site-sidebar-style":"default","ast-global-header-display":"","ast-banner-title-visibility":"","ast-main-header-display":"","ast-hfb-above-header-display":"","ast-hfb-below-header-display":"","ast-hfb-mobile-header-display":"","site-post-title":"","ast-breadcrumbs-content":"","ast-featured-img":"","footer-sml-layout":"","ast-disable-related-posts":"","theme-transparent-header-meta":"default","adv-header-id-meta":"","stick-header-meta":"default","header-above-stick-meta":"","header-main-stick-meta":"","header-below-stick-meta":"","astra-migrate-meta-layouts":"default","ast-page-background-enabled":"default","ast-page-background-meta":{"desktop":{"background-color":"","background-image":"","background-repeat":"repeat","background-position":"center center","background-size":"auto","background-attachment":"scroll","background-type":"","background-media":"","overlay-type":"","overlay-color":"","overlay-opacity":"","overlay-gradient":""},"tablet":{"background-color":"","background-image":"","background-repeat":"repeat","background-position":"center center","background-size":"auto","background-attachment":"scroll","background-type":"","background-media":"","overlay-type":"","overlay-color":"","overlay-opacity":"","overlay-gradient":""},"mobile":{"background-color":"","background-image":"","background-repeat":"repeat","background-position":"center center","background-size":"auto","background-attachment":"scroll","background-type":"","background-media":"","overlay-type":"","overlay-color":"","overlay-opacity":"","overlay-gradient":""}},"ast-content-background-meta":{"desktop":{"background-color":"var(--ast-global-color-5)","background-image":"","background-repeat":"repeat","background-position":"center center","background-size":"auto","background-attachment":"scroll","background-type":"","background-media":"","overlay-type":"","overlay-color":"","overlay-opacity":"","overlay-gradient":""},"tablet":{"background-color":"var(--ast-global-color-5)","background-image":"","background-repeat":"repeat","background-position":"center center","background-size":"auto","background-attachment":"scroll","background-type":"","background-media":"","overlay-type":"","overlay-color":"","overlay-opacity":"","overlay-gradient":""},"mobile":{"background-color":"var(--ast-global-color-5)","background-image":"","background-repeat":"repeat","background-position":"center center","background-size":"auto","background-attachment":"scroll","background-type":"","background-media":"","overlay-type":"","overlay-color":"","overlay-opacity":"","overlay-gradient":""}}},"product_brand":[],"product_cat":[5084,5121],"product_tag":[],"class_list":{"0":"post-31039","1":"product","2":"type-product","3":"status-publish","4":"has-post-thumbnail","6":"product_cat-equipement-de-protection","7":"product_cat-chaussures-de-securite","8":"desktop-align-center","9":"tablet-align-center","10":"mobile-align-center","11":"ast-product-gallery-layout-horizontal","12":"ast-product-gallery-with-no-image","13":"ast-product-single-variable","14":"ast-product-tabs-layout-horizontal","16":"first","17":"onbackorder","18":"taxable","19":"shipping-taxable","20":"product-type-variable"},"acf":[],"yoast_head":"<!-- This site is optimized with the Yoast SEO plugin v27.3 - https:\/\/yoast.com\/product\/yoast-seo-wordpress\/ -->\n<title>Chaussure de s\u00e9curit\u00e9 LEAF | S1P | SRC | ESD - MAQTOOL<\/title>\n<meta name=\"robots\" content=\"index, follow, max-snippet:-1, max-image-preview:large, max-video-preview:-1\" \/>\n<link rel=\"canonical\" href=\"https:\/\/maqtool.pt\/fr\/produto\/chaussure-de-securite-leaf-s1p-src-esd\/\" \/>\n<meta property=\"og:locale\" content=\"fr_FR\" \/>\n<meta property=\"og:type\" content=\"article\" \/>\n<meta property=\"og:title\" content=\"Chaussure de s\u00e9curit\u00e9 LEAF | S1P | SRC | ESD - MAQTOOL\" \/>\n<meta property=\"og:description\" content=\"MESH 3D AIR BAMBOO \u2013 Une maille avec d&#039;excellentes caract\u00e9ristiques de respirabilit\u00e9 fabriqu\u00e9e \u00e0 partir de polyamide recycl\u00e9 et de fibres naturelles de bambou. PLANTAR BIORELAX ECO - R\u00e9cup\u00e9ration maximale avec des filtres \u00e0 charbon actif pour r\u00e9duire les odeurs avec des d\u00e9chets de mousse de polyur\u00e9thane recycl\u00e9s et du PET recycl\u00e9. Embout en acier \u2013 R\u00e9sistant \u00e0 des pressions jusqu&#039;\u00e0 200 joules.\" \/>\n<meta property=\"og:url\" content=\"https:\/\/maqtool.pt\/fr\/produto\/chaussure-de-securite-leaf-s1p-src-esd\/\" \/>\n<meta property=\"og:site_name\" content=\"MAQTOOL\" \/>\n<meta property=\"article:publisher\" content=\"https:\/\/www.facebook.com\/cobermaster\" \/>\n<meta property=\"article:modified_time\" content=\"2023-01-04T17:46:46+00:00\" \/>\n<meta property=\"og:image\" content=\"https:\/\/maqtool.pt\/wp-content\/uploads\/2022\/01\/CBM8A18.10-Sapato-Leaf.jpg\" \/>\n\t<meta property=\"og:image:width\" content=\"800\" \/>\n\t<meta property=\"og:image:height\" content=\"800\" \/>\n\t<meta property=\"og:image:type\" content=\"image\/jpeg\" \/>\n<meta name=\"twitter:card\" content=\"summary_large_image\" \/>\n<meta name=\"twitter:label1\" content=\"Dur\u00e9e de lecture estim\u00e9e\" \/>\n\t<meta name=\"twitter:data1\" content=\"1 minute\" \/>\n<script type=\"application\/ld+json\" class=\"yoast-schema-graph\">{\"@context\":\"https:\\\/\\\/schema.org\",\"@graph\":[{\"@type\":\"WebPage\",\"@id\":\"https:\\\/\\\/maqtool.pt\\\/fr\\\/produto\\\/chaussure-de-securite-leaf-s1p-src-esd\\\/\",\"url\":\"https:\\\/\\\/maqtool.pt\\\/fr\\\/produto\\\/chaussure-de-securite-leaf-s1p-src-esd\\\/\",\"name\":\"Chaussure de s\u00e9curit\u00e9 LEAF | S1P | SRC | ESD - MAQTOOL\",\"isPartOf\":{\"@id\":\"https:\\\/\\\/maqtool.pt\\\/#website\"},\"primaryImageOfPage\":{\"@id\":\"https:\\\/\\\/maqtool.pt\\\/fr\\\/produto\\\/chaussure-de-securite-leaf-s1p-src-esd\\\/#primaryimage\"},\"image\":{\"@id\":\"https:\\\/\\\/maqtool.pt\\\/fr\\\/produto\\\/chaussure-de-securite-leaf-s1p-src-esd\\\/#primaryimage\"},\"thumbnailUrl\":\"https:\\\/\\\/maqtool.pt\\\/wp-content\\\/uploads\\\/2022\\\/01\\\/CBM8A18.10-Sapato-Leaf.jpg\",\"datePublished\":\"2022-01-28T16:26:11+00:00\",\"dateModified\":\"2023-01-04T17:46:46+00:00\",\"breadcrumb\":{\"@id\":\"https:\\\/\\\/maqtool.pt\\\/fr\\\/produto\\\/chaussure-de-securite-leaf-s1p-src-esd\\\/#breadcrumb\"},\"inLanguage\":\"fr-FR\",\"potentialAction\":[{\"@type\":\"ReadAction\",\"target\":[\"https:\\\/\\\/maqtool.pt\\\/fr\\\/produto\\\/chaussure-de-securite-leaf-s1p-src-esd\\\/\"]}]},{\"@type\":\"ImageObject\",\"inLanguage\":\"fr-FR\",\"@id\":\"https:\\\/\\\/maqtool.pt\\\/fr\\\/produto\\\/chaussure-de-securite-leaf-s1p-src-esd\\\/#primaryimage\",\"url\":\"https:\\\/\\\/maqtool.pt\\\/wp-content\\\/uploads\\\/2022\\\/01\\\/CBM8A18.10-Sapato-Leaf.jpg\",\"contentUrl\":\"https:\\\/\\\/maqtool.pt\\\/wp-content\\\/uploads\\\/2022\\\/01\\\/CBM8A18.10-Sapato-Leaf.jpg\",\"width\":800,\"height\":800},{\"@type\":\"BreadcrumbList\",\"@id\":\"https:\\\/\\\/maqtool.pt\\\/fr\\\/produto\\\/chaussure-de-securite-leaf-s1p-src-esd\\\/#breadcrumb\",\"itemListElement\":[{\"@type\":\"ListItem\",\"position\":1,\"name\":\"In\u00edcio\",\"item\":\"https:\\\/\\\/maqtool.pt\\\/fr\\\/home\\\/\"},{\"@type\":\"ListItem\",\"position\":2,\"name\":\"Produtos\",\"item\":\"https:\\\/\\\/maqtool.pt\\\/produtos\\\/\"},{\"@type\":\"ListItem\",\"position\":3,\"name\":\"Chaussure de s\u00e9curit\u00e9 LEAF | S1P | SRC | ESD\"}]},{\"@type\":\"WebSite\",\"@id\":\"https:\\\/\\\/maqtool.pt\\\/#website\",\"url\":\"https:\\\/\\\/maqtool.pt\\\/\",\"name\":\"Cobermaster Industry\",\"description\":\"\",\"publisher\":{\"@id\":\"https:\\\/\\\/maqtool.pt\\\/#organization\"},\"potentialAction\":[{\"@type\":\"SearchAction\",\"target\":{\"@type\":\"EntryPoint\",\"urlTemplate\":\"https:\\\/\\\/maqtool.pt\\\/?s={search_term_string}\"},\"query-input\":{\"@type\":\"PropertyValueSpecification\",\"valueRequired\":true,\"valueName\":\"search_term_string\"}}],\"inLanguage\":\"fr-FR\"},{\"@type\":\"Organization\",\"@id\":\"https:\\\/\\\/maqtool.pt\\\/#organization\",\"name\":\"MAQTOOL\",\"url\":\"https:\\\/\\\/maqtool.pt\\\/\",\"logo\":{\"@type\":\"ImageObject\",\"inLanguage\":\"fr-FR\",\"@id\":\"https:\\\/\\\/maqtool.pt\\\/#\\\/schema\\\/logo\\\/image\\\/\",\"url\":\"https:\\\/\\\/maqtool.pt\\\/wp-content\\\/uploads\\\/2022\\\/09\\\/MAQTOOL-LOGO.jpg\",\"contentUrl\":\"https:\\\/\\\/maqtool.pt\\\/wp-content\\\/uploads\\\/2022\\\/09\\\/MAQTOOL-LOGO.jpg\",\"width\":762,\"height\":228,\"caption\":\"MAQTOOL\"},\"image\":{\"@id\":\"https:\\\/\\\/maqtool.pt\\\/#\\\/schema\\\/logo\\\/image\\\/\"},\"sameAs\":[\"https:\\\/\\\/www.facebook.com\\\/cobermaster\"]}]}<\/script>\n<!-- \/ Yoast SEO plugin. -->","yoast_head_json":{"title":"Chaussure de s\u00e9curit\u00e9 LEAF | S1P | SRC | ESD - MAQTOOL","robots":{"index":"index","follow":"follow","max-snippet":"max-snippet:-1","max-image-preview":"max-image-preview:large","max-video-preview":"max-video-preview:-1"},"canonical":"https:\/\/maqtool.pt\/fr\/produto\/chaussure-de-securite-leaf-s1p-src-esd\/","og_locale":"fr_FR","og_type":"article","og_title":"Chaussure de s\u00e9curit\u00e9 LEAF | S1P | SRC | ESD - MAQTOOL","og_description":"MESH 3D AIR BAMBOO \u2013 Une maille avec d'excellentes caract\u00e9ristiques de respirabilit\u00e9 fabriqu\u00e9e \u00e0 partir de polyamide recycl\u00e9 et de fibres naturelles de bambou. PLANTAR BIORELAX ECO - R\u00e9cup\u00e9ration maximale avec des filtres \u00e0 charbon actif pour r\u00e9duire les odeurs avec des d\u00e9chets de mousse de polyur\u00e9thane recycl\u00e9s et du PET recycl\u00e9. Embout en acier \u2013 R\u00e9sistant \u00e0 des pressions jusqu'\u00e0 200 joules.","og_url":"https:\/\/maqtool.pt\/fr\/produto\/chaussure-de-securite-leaf-s1p-src-esd\/","og_site_name":"MAQTOOL","article_publisher":"https:\/\/www.facebook.com\/cobermaster","article_modified_time":"2023-01-04T17:46:46+00:00","og_image":[{"width":800,"height":800,"url":"https:\/\/maqtool.pt\/wp-content\/uploads\/2022\/01\/CBM8A18.10-Sapato-Leaf.jpg","type":"image\/jpeg"}],"twitter_card":"summary_large_image","twitter_misc":{"Dur\u00e9e de lecture estim\u00e9e":"1 minute"},"schema":{"@context":"https:\/\/schema.org","@graph":[{"@type":"WebPage","@id":"https:\/\/maqtool.pt\/fr\/produto\/chaussure-de-securite-leaf-s1p-src-esd\/","url":"https:\/\/maqtool.pt\/fr\/produto\/chaussure-de-securite-leaf-s1p-src-esd\/","name":"Chaussure de s\u00e9curit\u00e9 LEAF | S1P | SRC | ESD - MAQTOOL","isPartOf":{"@id":"https:\/\/maqtool.pt\/#website"},"primaryImageOfPage":{"@id":"https:\/\/maqtool.pt\/fr\/produto\/chaussure-de-securite-leaf-s1p-src-esd\/#primaryimage"},"image":{"@id":"https:\/\/maqtool.pt\/fr\/produto\/chaussure-de-securite-leaf-s1p-src-esd\/#primaryimage"},"thumbnailUrl":"https:\/\/maqtool.pt\/wp-content\/uploads\/2022\/01\/CBM8A18.10-Sapato-Leaf.jpg","datePublished":"2022-01-28T16:26:11+00:00","dateModified":"2023-01-04T17:46:46+00:00","breadcrumb":{"@id":"https:\/\/maqtool.pt\/fr\/produto\/chaussure-de-securite-leaf-s1p-src-esd\/#breadcrumb"},"inLanguage":"fr-FR","potentialAction":[{"@type":"ReadAction","target":["https:\/\/maqtool.pt\/fr\/produto\/chaussure-de-securite-leaf-s1p-src-esd\/"]}]},{"@type":"ImageObject","inLanguage":"fr-FR","@id":"https:\/\/maqtool.pt\/fr\/produto\/chaussure-de-securite-leaf-s1p-src-esd\/#primaryimage","url":"https:\/\/maqtool.pt\/wp-content\/uploads\/2022\/01\/CBM8A18.10-Sapato-Leaf.jpg","contentUrl":"https:\/\/maqtool.pt\/wp-content\/uploads\/2022\/01\/CBM8A18.10-Sapato-Leaf.jpg","width":800,"height":800},{"@type":"BreadcrumbList","@id":"https:\/\/maqtool.pt\/fr\/produto\/chaussure-de-securite-leaf-s1p-src-esd\/#breadcrumb","itemListElement":[{"@type":"ListItem","position":1,"name":"In\u00edcio","item":"https:\/\/maqtool.pt\/fr\/home\/"},{"@type":"ListItem","position":2,"name":"Produtos","item":"https:\/\/maqtool.pt\/produtos\/"},{"@type":"ListItem","position":3,"name":"Chaussure de s\u00e9curit\u00e9 LEAF | S1P | SRC | ESD"}]},{"@type":"WebSite","@id":"https:\/\/maqtool.pt\/#website","url":"https:\/\/maqtool.pt\/","name":"Cobermaster Industry","description":"","publisher":{"@id":"https:\/\/maqtool.pt\/#organization"},"potentialAction":[{"@type":"SearchAction","target":{"@type":"EntryPoint","urlTemplate":"https:\/\/maqtool.pt\/?s={search_term_string}"},"query-input":{"@type":"PropertyValueSpecification","valueRequired":true,"valueName":"search_term_string"}}],"inLanguage":"fr-FR"},{"@type":"Organization","@id":"https:\/\/maqtool.pt\/#organization","name":"MAQTOOL","url":"https:\/\/maqtool.pt\/","logo":{"@type":"ImageObject","inLanguage":"fr-FR","@id":"https:\/\/maqtool.pt\/#\/schema\/logo\/image\/","url":"https:\/\/maqtool.pt\/wp-content\/uploads\/2022\/09\/MAQTOOL-LOGO.jpg","contentUrl":"https:\/\/maqtool.pt\/wp-content\/uploads\/2022\/09\/MAQTOOL-LOGO.jpg","width":762,"height":228,"caption":"MAQTOOL"},"image":{"@id":"https:\/\/maqtool.pt\/#\/schema\/logo\/image\/"},"sameAs":["https:\/\/www.facebook.com\/cobermaster"]}]}},"uagb_featured_image_src":{"full":["https:\/\/maqtool.pt\/wp-content\/uploads\/2022\/01\/CBM8A18.10-Sapato-Leaf.jpg",800,800,false],"thumbnail":["https:\/\/maqtool.pt\/wp-content\/uploads\/2022\/01\/CBM8A18.10-Sapato-Leaf-150x150.jpg",150,150,true],"medium":["https:\/\/maqtool.pt\/wp-content\/uploads\/2022\/01\/CBM8A18.10-Sapato-Leaf-300x300.jpg",300,300,true],"medium_large":["https:\/\/maqtool.pt\/wp-content\/uploads\/2022\/01\/CBM8A18.10-Sapato-Leaf-768x768.jpg",768,768,true],"large":["https:\/\/maqtool.pt\/wp-content\/uploads\/2022\/01\/CBM8A18.10-Sapato-Leaf.jpg",800,800,false],"1536x1536":["https:\/\/maqtool.pt\/wp-content\/uploads\/2022\/01\/CBM8A18.10-Sapato-Leaf.jpg",800,800,false],"2048x2048":["https:\/\/maqtool.pt\/wp-content\/uploads\/2022\/01\/CBM8A18.10-Sapato-Leaf.jpg",800,800,false],"woocommerce_thumbnail":["https:\/\/maqtool.pt\/wp-content\/uploads\/2022\/01\/CBM8A18.10-Sapato-Leaf-400x400.jpg",400,400,true],"woocommerce_single":["https:\/\/maqtool.pt\/wp-content\/uploads\/2022\/01\/CBM8A18.10-Sapato-Leaf-600x600.jpg",600,600,true],"woocommerce_gallery_thumbnail":["https:\/\/maqtool.pt\/wp-content\/uploads\/2022\/01\/CBM8A18.10-Sapato-Leaf-100x100.jpg",100,100,true]},"uagb_author_info":{"display_name":"Jo\u00e3o Santos","author_link":"https:\/\/maqtool.pt\/fr\/author\/"},"uagb_comment_info":0,"uagb_excerpt":"MESH 3D AIR BAMBOO \u2013 Une maille avec d'excellentes caract\u00e9ristiques de respirabilit\u00e9 fabriqu\u00e9e \u00e0 partir de polyamide recycl\u00e9 et de fibres naturelles de bambou. PLANTAR BIORELAX ECO - R\u00e9cup\u00e9ration maximale avec des filtres \u00e0 charbon actif pour r\u00e9duire les odeurs avec des d\u00e9chets de mousse de polyur\u00e9thane recycl\u00e9s et du PET recycl\u00e9. Embout en acier\u2026","_links":{"self":[{"href":"https:\/\/maqtool.pt\/fr\/wp-json\/wp\/v2\/product\/31039","targetHints":{"allow":["GET"]}}],"collection":[{"href":"https:\/\/maqtool.pt\/fr\/wp-json\/wp\/v2\/product"}],"about":[{"href":"https:\/\/maqtool.pt\/fr\/wp-json\/wp\/v2\/types\/product"}],"wp:featuredmedia":[{"embeddable":true,"href":"https:\/\/maqtool.pt\/fr\/wp-json\/wp\/v2\/media\/23222"}],"wp:attachment":[{"href":"https:\/\/maqtool.pt\/fr\/wp-json\/wp\/v2\/media?parent=31039"}],"wp:term":[{"taxonomy":"product_brand","embeddable":true,"href":"https:\/\/maqtool.pt\/fr\/wp-json\/wp\/v2\/product_brand?post=31039"},{"taxonomy":"product_cat","embeddable":true,"href":"https:\/\/maqtool.pt\/fr\/wp-json\/wp\/v2\/product_cat?post=31039"},{"taxonomy":"product_tag","embeddable":true,"href":"https:\/\/maqtool.pt\/fr\/wp-json\/wp\/v2\/product_tag?post=31039"}],"curies":[{"name":"wp","href":"https:\/\/api.w.org\/{rel}","templated":true}]}}